{"id":14,"date":"2020-03-29T19:15:26","date_gmt":"2020-03-29T17:15:26","guid":{"rendered":"https:\/\/pans.krosno.pl\/instytut-politechniczny\/?page_id=14"},"modified":"2025-06-26T09:19:26","modified_gmt":"2025-06-26T07:19:26","slug":"dyrektor-i-kierownicy-zakladow","status":"publish","type":"page","link":"https:\/\/pans.krosno.pl\/instytut-politechniczny\/dyrektor-i-kierownicy-zakladow\/","title":{"rendered":"W\u0142adze oraz Konsultacje"},"content":{"rendered":"\n<ul class=\"wp-block-list\">\n<li><a href=\"https:\/\/pans.krosno.pl\/pracownicy\/piotr-wais\/\" target=\"_blank\" rel=\"noreferrer noopener\">dr in\u017c. Piotr Wais<\/a>\n<ul class=\"wp-block-list\">\n<li><strong><mark class=\"has-inline-color has-vivid-red-color\">Dyrektor<\/mark>&nbsp;<a href=\"https:\/\/pans.krosno.pl\/instytut-politechniczny\/\" target=\"_blank\" rel=\"noreferrer noopener\">Instytutu Politechnicznego<\/a><\/strong><\/li>\n\n\n\n<li><a href=\"mailto:piotr.wais@pans.krosno.pl\">piotr.wais@pans.krosno.pl<\/a><\/li>\n<\/ul>\n<\/li>\n\n\n\n<li><a href=\"https:\/\/pans.krosno.pl\/pracownicy\/radoslaw-kruk\/\">mgr in\u017c. Rados\u0142aw Kruk<\/a>\n<ul class=\"wp-block-list\">\n<li><strong>Kierownik&nbsp;<a href=\"https:\/\/pans.krosno.pl\/air\/\">Zak\u0142adu Automatyki i Robotyki<\/a><\/strong><\/li>\n\n\n\n<li><a href=\"mailto:radoslaw.kruk@pans.krosno.pl\">radoslaw.kruk@pans.krosno.pl<\/a><\/li>\n<\/ul>\n<\/li>\n\n\n\n<li><a href=\"https:\/\/pans.krosno.pl\/pracownicy\/tomasz-pytlowany\/\" target=\"_blank\" rel=\"noreferrer noopener\">dr in\u017c. Tomasz Pytlowany<\/a>\n<ul class=\"wp-block-list\">\n<li><strong>Kierownik&nbsp;<a href=\"https:\/\/pans.krosno.pl\/b\/\" target=\"_blank\" rel=\"noreferrer noopener\">Zak\u0142adu Budownictwa<\/a><\/strong><\/li>\n\n\n\n<li><a href=\"mailto:tomasz.pytlowany@pans.krosno.pl\">tomasz.pytlowany@pans.krosno.pl<\/a><\/li>\n<\/ul>\n<\/li>\n\n\n\n<li><a href=\"https:\/\/pans.krosno.pl\/pracownicy\/agnieszka-kubacka\/\">dr in\u017c. Agnieszka Kubacka<\/a>\n<ul class=\"wp-block-list\">\n<li><strong>Kierownik&nbsp;<a href=\"https:\/\/pans.krosno.pl\/informatyka\/\" target=\"_blank\" rel=\"noreferrer noopener\">Zak\u0142adu Informatyki<\/a><\/strong><\/li>\n\n\n\n<li><a href=\"mailto:agnieszka.kubacka@pans.krosno.pl\">agnieszka.kubacka@pans.krosno.pl<\/a><\/li>\n<\/ul>\n<\/li>\n\n\n\n<li><a href=\"https:\/\/pans.krosno.pl\/pracownicy\/bernadeta-rajchel\/\" target=\"_blank\" rel=\"noreferrer noopener\">dr in\u017c. Bernadeta Rajchel<\/a>\n<ul class=\"wp-block-list\">\n<li><strong>Kierownik&nbsp;<a href=\"https:\/\/pans.krosno.pl\/is\/\" target=\"_blank\" rel=\"noreferrer noopener\">Zak\u0142adu In\u017cynierii Produkcji i \u015arodowiska<\/a><\/strong><\/li>\n\n\n\n<li><a href=\"mailto:bernadeta.rajchel@pans.krosno.pl\">bernadeta.rajchel@pans.krosno.pl<\/a><\/li>\n<\/ul>\n<\/li>\n\n\n\n<li><a href=\"https:\/\/pans.krosno.pl\/pracownicy\/damian-dubis\/\">dr in\u017c. Damian Dubis<\/a>\n<ul class=\"wp-block-list\">\n<li><strong>Kierownik\u00a0<a href=\"https:\/\/pans.krosno.pl\/inzynieriajakosci\/\" target=\"_blank\" rel=\"noreferrer noopener\">Zak\u0142adu In\u017cynierii Jako\u015bci<\/a><\/strong><\/li>\n\n\n\n<li><a href=\"mailto:damian.dubis@pans.krosno.pl\">damian.dubis@pans.krosno.pl<\/a><\/li>\n<\/ul>\n<\/li>\n\n\n\n<li><a href=\"https:\/\/pans.krosno.pl\/pracownicy\/dorota-chodorowska\/\">dr in\u017c. Dorota Chodorowska<\/a>\n<ul class=\"wp-block-list\">\n<li><strong>Kierownik&nbsp;<a href=\"https:\/\/pans.krosno.pl\/mibm\/\" target=\"_blank\" rel=\"noreferrer noopener\">Zak\u0142adu Mechaniki i Budowy Maszyn<\/a><\/strong><\/li>\n\n\n\n<li><a href=\"mailto:dorota.chodorowska@pans.krosno.pl\">dorota.chodorowska@pans.krosno.pl<\/a><\/li>\n<\/ul>\n<\/li>\n<\/ul>\n\n\n\n<hr class=\"wp-block-separator has-css-opacity\" \/>\n\n\n<h1 style=\"text-align: center\">Konsultacje<\/h1>\n\n\n<figure class=\"wp-block-table is-style-stripes\"><table><thead><tr><th>Imi\u0119 i Nazwisko<\/th><th>Zak\u0142ad<\/th><th>Godziny<\/th><th>Miejsce<\/th><\/tr><\/thead><tbody><tr><td><strong><a href=\"https:\/\/pans.krosno.pl\/pracownicy\/piotr-wais\/\">dr in\u017c. Piotr Wais<\/a><\/strong><\/td><td>Dyrektor Instytutu Politechnicznego<br><\/td><td><br>wtorek: 8.30 &#8211; 10.00<br>wtorek: 14.30 &#8211; 16.00<br><\/td><td>ul. Dmochowskiego 12<br>ul. Wyspia\u0144skiego 20<br>ul. Dmochowskiego 12<br> <\/td><\/tr><tr><td><a href=\"https:\/\/pans.krosno.pl\/pracownicy\/tomasz-pytlowany\/\" target=\"_blank\" rel=\"noreferrer noopener\"><strong>dr in\u017c. Tomasz Pytlowany<\/strong><\/a><\/td><td>Zak\u0142ad Budownictwa<\/td><td>wtorek 9.00-10.30<\/td><td>ul. Kazimierza Wielkiego <br>6 sala 12<\/td><\/tr><tr><td><strong><a href=\"https:\/\/pans.krosno.pl\/pracownicy\/agnieszka-kubacka\/\">dr in\u017c. Agnieszka Kubacka<\/a><\/strong><br><\/td><td>Zak\u0142ad Informatyki<\/td><td>czwartki 10.00-12.00<\/td><td>ul. Wyspia\u0144skiego 20<\/td><\/tr><tr><td><a href=\"https:\/\/pans.krosno.pl\/pracownicy\/bernadeta-rajchel\/\" target=\"_blank\" rel=\"noreferrer noopener\"><strong>dr in\u017c. Bernadeta Rajchel<\/strong><\/a><\/td><td>Kierownik Zak\u0142adu<br>In\u017cynierii Produkcji i \u015arodowiska<br><\/td><td>\u015broda 13.00-14.00 (tyg. B)<br>sobota 11.30-12.30 (tyg. A)<\/td><td>ul. Dmochowskiego 12, bud. B<br>p. 13\/14<\/td><\/tr><tr><td><strong><a href=\"https:\/\/pans.krosno.pl\/pracownicy\/dorota-chodorowska\/\">dr in\u017c. Dorota Chodorowska<\/a> <\/strong><\/td><td>Zak\u0142ad Mechaniki<br>i Budowy Maszyn<\/td><td><a href=\"https:\/\/pans.krosno.pl\/pracownicy\/dr-inz-dorota-chodorowska\/\" target=\"_blank\" rel=\"noreferrer noopener\"><\/a><br>poniedzia\u0142ki (tyg. A) 11:00-12:45<br>poniedzia\u0142ki (tyg. B) 14:00-16:00<br>niedziele (tyg. A) 15:00-15:30<br><\/td><td>ul. \u017bwirki Wigury 9A<\/td><\/tr><tr><td><strong><a href=\"https:\/\/pans.krosno.pl\/pracownicy\/radoslaw-kruk\/\">mgr Rados\u0142aw Kruk<\/a><\/strong><\/td><td>Zak\u0142ad Automatyki i Robotyki<\/td><td>pi\u0105tki<br>11:00-12:30<\/td><td>ul. \u017bwirki i Wigury 9A, sala 28A<\/td><\/tr><\/tbody><\/table><\/figure>\n","protected":false},"excerpt":{"rendered":"<p>Konsultacje Imi\u0119 i Nazwisko Zak\u0142ad Godziny Miejsce dr in\u017c. Piotr Wais Dyrektor Instytutu Politechnicznego wtorek: 8.30 &#8211; 10.00wtorek: 14.30 &#8211; 16.00 ul. Dmochowskiego 12ul. Wyspia\u0144skiego 20ul. Dmochowskiego 12 dr in\u017c. Tomasz Pytlowany Zak\u0142ad Budownictwa wtorek 9.00-10.30 ul. Kazimierza Wielkiego 6 sala 12 dr in\u017c. Agnieszka Kubacka Zak\u0142ad Informatyki czwartki 10.00-12.00 [\u2026] <\/p>\n<div class=\"clear\"><\/div>\n<p><a class=\"more_link clearfix\" href=\"https:\/\/pans.krosno.pl\/instytut-politechniczny\/dyrektor-i-kierownicy-zakladow\/\" rel=\"nofollow\">Read More<\/a><\/p>\n","protected":false},"author":1,"featured_media":0,"parent":0,"menu_order":0,"comment_status":"closed","ping_status":"closed","template":"page-templates\/template-full-width.php","meta":{"ngg_post_thumbnail":0,"footnotes":""},"class_list":["post-14","page","type-page","status-publish","hentry"],"yoast_head":"<!-- This site is optimized with the Yoast SEO Premium plugin v27.4 (Yoast SEO v27.4) - https:\/\/yoast.com\/product\/yoast-seo-premium-wordpress\/ -->\n<title>W\u0142adze oraz Konsultacje - Instytut Politechniczny PANS w Kro\u015bnie<\/title>\n<meta name=\"robots\" content=\"index, follow, max-snippet:-1, max-image-preview:large, max-video-preview:-1\" \/>\n<link rel=\"canonical\" href=\"https:\/\/pans.krosno.pl\/instytut-politechniczny\/dyrektor-i-kierownicy-zakladow\/\" \/>\n<meta property=\"og:locale\" content=\"pl_PL\" \/>\n<meta property=\"og:type\" content=\"article\" \/>\n<meta property=\"og:title\" content=\"W\u0142adze oraz Konsultacje\" \/>\n<meta property=\"og:description\" content=\"Konsultacje Imi\u0119 i Nazwisko Zak\u0142ad Godziny Miejsce dr in\u017c. Piotr Wais Dyrektor Instytutu Politechnicznego wtorek: 8.30 &#8211; 10.00wtorek: 14.30 &#8211; 16.00 ul. Dmochowskiego 12ul. Wyspia\u0144skiego 20ul. Dmochowskiego 12 dr in\u017c. Tomasz Pytlowany Zak\u0142ad Budownictwa wtorek 9.00-10.30 ul. Kazimierza Wielkiego 6 sala 12 dr in\u017c. Agnieszka Kubacka Zak\u0142ad Informatyki czwartki 10.00-12.00 [\u2026] Read More\" \/>\n<meta property=\"og:url\" content=\"https:\/\/pans.krosno.pl\/instytut-politechniczny\/dyrektor-i-kierownicy-zakladow\/\" \/>\n<meta property=\"og:site_name\" content=\"Instytut Politechniczny PANS w Kro\u015bnie\" \/>\n<meta property=\"article:modified_time\" content=\"2025-06-26T07:19:26+00:00\" \/>\n<meta name=\"twitter:card\" content=\"summary_large_image\" \/>\n<meta name=\"twitter:label1\" content=\"Szacowany czas czytania\" \/>\n\t<meta name=\"twitter:data1\" content=\"2 minuty\" \/>\n<script type=\"application\/ld+json\" class=\"yoast-schema-graph\">{\"@context\":\"https:\\\/\\\/schema.org\",\"@graph\":[{\"@type\":\"WebPage\",\"@id\":\"https:\\\/\\\/pans.krosno.pl\\\/instytut-politechniczny\\\/dyrektor-i-kierownicy-zakladow\\\/\",\"url\":\"https:\\\/\\\/pans.krosno.pl\\\/instytut-politechniczny\\\/dyrektor-i-kierownicy-zakladow\\\/\",\"name\":\"W\u0142adze oraz Konsultacje - Instytut Politechniczny PANS w Kro\u015bnie\",\"isPartOf\":{\"@id\":\"https:\\\/\\\/pans.krosno.pl\\\/instytut-politechniczny\\\/#website\"},\"datePublished\":\"2020-03-29T17:15:26+00:00\",\"dateModified\":\"2025-06-26T07:19:26+00:00\",\"breadcrumb\":{\"@id\":\"https:\\\/\\\/pans.krosno.pl\\\/instytut-politechniczny\\\/dyrektor-i-kierownicy-zakladow\\\/#breadcrumb\"},\"inLanguage\":\"pl-PL\",\"potentialAction\":[{\"@type\":\"ReadAction\",\"target\":[\"https:\\\/\\\/pans.krosno.pl\\\/instytut-politechniczny\\\/dyrektor-i-kierownicy-zakladow\\\/\"]}]},{\"@type\":\"BreadcrumbList\",\"@id\":\"https:\\\/\\\/pans.krosno.pl\\\/instytut-politechniczny\\\/dyrektor-i-kierownicy-zakladow\\\/#breadcrumb\",\"itemListElement\":[{\"@type\":\"ListItem\",\"position\":1,\"name\":\"Strona g\u0142\u00f3wna\",\"item\":\"https:\\\/\\\/pans.krosno.pl\\\/instytut-politechniczny\\\/\"},{\"@type\":\"ListItem\",\"position\":2,\"name\":\"W\u0142adze oraz Konsultacje\"}]},{\"@type\":\"WebSite\",\"@id\":\"https:\\\/\\\/pans.krosno.pl\\\/instytut-politechniczny\\\/#website\",\"url\":\"https:\\\/\\\/pans.krosno.pl\\\/instytut-politechniczny\\\/\",\"name\":\"Instytut Politechniczny PANS w Kro\u015bnie\",\"description\":\"Instytut Politechniczny - Pa\u0144stwowa Akademia Nauk Stosowanych\",\"publisher\":{\"@id\":\"https:\\\/\\\/pans.krosno.pl\\\/instytut-politechniczny\\\/#organization\"},\"potentialAction\":[{\"@type\":\"SearchAction\",\"target\":{\"@type\":\"EntryPoint\",\"urlTemplate\":\"https:\\\/\\\/pans.krosno.pl\\\/instytut-politechniczny\\\/?s={search_term_string}\"},\"query-input\":{\"@type\":\"PropertyValueSpecification\",\"valueRequired\":true,\"valueName\":\"search_term_string\"}}],\"inLanguage\":\"pl-PL\"},{\"@type\":\"Organization\",\"@id\":\"https:\\\/\\\/pans.krosno.pl\\\/instytut-politechniczny\\\/#organization\",\"name\":\"Instytut Politechniczny PANS w Kro\u015bnie\",\"url\":\"https:\\\/\\\/pans.krosno.pl\\\/instytut-politechniczny\\\/\",\"logo\":{\"@type\":\"ImageObject\",\"inLanguage\":\"pl-PL\",\"@id\":\"https:\\\/\\\/pans.krosno.pl\\\/instytut-politechniczny\\\/#\\\/schema\\\/logo\\\/image\\\/\",\"url\":\"https:\\\/\\\/pans.krosno.pl\\\/instytut-politechniczny\\\/wp-content\\\/uploads\\\/sites\\\/44\\\/2023\\\/01\\\/Logo-PANS-2022-pelne.png\",\"contentUrl\":\"https:\\\/\\\/pans.krosno.pl\\\/instytut-politechniczny\\\/wp-content\\\/uploads\\\/sites\\\/44\\\/2023\\\/01\\\/Logo-PANS-2022-pelne.png\",\"width\":3096,\"height\":696,\"caption\":\"Instytut Politechniczny PANS w Kro\u015bnie\"},\"image\":{\"@id\":\"https:\\\/\\\/pans.krosno.pl\\\/instytut-politechniczny\\\/#\\\/schema\\\/logo\\\/image\\\/\"}}]}<\/script>\n<!-- \/ Yoast SEO Premium plugin. -->","yoast_head_json":{"title":"W\u0142adze oraz Konsultacje - Instytut Politechniczny PANS w Kro\u015bnie","robots":{"index":"index","follow":"follow","max-snippet":"max-snippet:-1","max-image-preview":"max-image-preview:large","max-video-preview":"max-video-preview:-1"},"canonical":"https:\/\/pans.krosno.pl\/instytut-politechniczny\/dyrektor-i-kierownicy-zakladow\/","og_locale":"pl_PL","og_type":"article","og_title":"W\u0142adze oraz Konsultacje","og_description":"Konsultacje Imi\u0119 i Nazwisko Zak\u0142ad Godziny Miejsce dr in\u017c. Piotr Wais Dyrektor Instytutu Politechnicznego wtorek: 8.30 &#8211; 10.00wtorek: 14.30 &#8211; 16.00 ul. Dmochowskiego 12ul. Wyspia\u0144skiego 20ul. Dmochowskiego 12 dr in\u017c. Tomasz Pytlowany Zak\u0142ad Budownictwa wtorek 9.00-10.30 ul. Kazimierza Wielkiego 6 sala 12 dr in\u017c. Agnieszka Kubacka Zak\u0142ad Informatyki czwartki 10.00-12.00 [\u2026] Read More","og_url":"https:\/\/pans.krosno.pl\/instytut-politechniczny\/dyrektor-i-kierownicy-zakladow\/","og_site_name":"Instytut Politechniczny PANS w Kro\u015bnie","article_modified_time":"2025-06-26T07:19:26+00:00","twitter_card":"summary_large_image","twitter_misc":{"Szacowany czas czytania":"2 minuty"},"schema":{"@context":"https:\/\/schema.org","@graph":[{"@type":"WebPage","@id":"https:\/\/pans.krosno.pl\/instytut-politechniczny\/dyrektor-i-kierownicy-zakladow\/","url":"https:\/\/pans.krosno.pl\/instytut-politechniczny\/dyrektor-i-kierownicy-zakladow\/","name":"W\u0142adze oraz Konsultacje - Instytut Politechniczny PANS w Kro\u015bnie","isPartOf":{"@id":"https:\/\/pans.krosno.pl\/instytut-politechniczny\/#website"},"datePublished":"2020-03-29T17:15:26+00:00","dateModified":"2025-06-26T07:19:26+00:00","breadcrumb":{"@id":"https:\/\/pans.krosno.pl\/instytut-politechniczny\/dyrektor-i-kierownicy-zakladow\/#breadcrumb"},"inLanguage":"pl-PL","potentialAction":[{"@type":"ReadAction","target":["https:\/\/pans.krosno.pl\/instytut-politechniczny\/dyrektor-i-kierownicy-zakladow\/"]}]},{"@type":"BreadcrumbList","@id":"https:\/\/pans.krosno.pl\/instytut-politechniczny\/dyrektor-i-kierownicy-zakladow\/#breadcrumb","itemListElement":[{"@type":"ListItem","position":1,"name":"Strona g\u0142\u00f3wna","item":"https:\/\/pans.krosno.pl\/instytut-politechniczny\/"},{"@type":"ListItem","position":2,"name":"W\u0142adze oraz Konsultacje"}]},{"@type":"WebSite","@id":"https:\/\/pans.krosno.pl\/instytut-politechniczny\/#website","url":"https:\/\/pans.krosno.pl\/instytut-politechniczny\/","name":"Instytut Politechniczny PANS w Kro\u015bnie","description":"Instytut Politechniczny - Pa\u0144stwowa Akademia Nauk Stosowanych","publisher":{"@id":"https:\/\/pans.krosno.pl\/instytut-politechniczny\/#organization"},"potentialAction":[{"@type":"SearchAction","target":{"@type":"EntryPoint","urlTemplate":"https:\/\/pans.krosno.pl\/instytut-politechniczny\/?s={search_term_string}"},"query-input":{"@type":"PropertyValueSpecification","valueRequired":true,"valueName":"search_term_string"}}],"inLanguage":"pl-PL"},{"@type":"Organization","@id":"https:\/\/pans.krosno.pl\/instytut-politechniczny\/#organization","name":"Instytut Politechniczny PANS w Kro\u015bnie","url":"https:\/\/pans.krosno.pl\/instytut-politechniczny\/","logo":{"@type":"ImageObject","inLanguage":"pl-PL","@id":"https:\/\/pans.krosno.pl\/instytut-politechniczny\/#\/schema\/logo\/image\/","url":"https:\/\/pans.krosno.pl\/instytut-politechniczny\/wp-content\/uploads\/sites\/44\/2023\/01\/Logo-PANS-2022-pelne.png","contentUrl":"https:\/\/pans.krosno.pl\/instytut-politechniczny\/wp-content\/uploads\/sites\/44\/2023\/01\/Logo-PANS-2022-pelne.png","width":3096,"height":696,"caption":"Instytut Politechniczny PANS w Kro\u015bnie"},"image":{"@id":"https:\/\/pans.krosno.pl\/instytut-politechniczny\/#\/schema\/logo\/image\/"}}]}},"_links":{"self":[{"href":"https:\/\/pans.krosno.pl\/instytut-politechniczny\/wp-json\/wp\/v2\/pages\/14","targetHints":{"allow":["GET"]}}],"collection":[{"href":"https:\/\/pans.krosno.pl\/instytut-politechniczny\/wp-json\/wp\/v2\/pages"}],"about":[{"href":"https:\/\/pans.krosno.pl\/instytut-politechniczny\/wp-json\/wp\/v2\/types\/page"}],"author":[{"embeddable":true,"href":"https:\/\/pans.krosno.pl\/instytut-politechniczny\/wp-json\/wp\/v2\/users\/1"}],"replies":[{"embeddable":true,"href":"https:\/\/pans.krosno.pl\/instytut-politechniczny\/wp-json\/wp\/v2\/comments?post=14"}],"version-history":[{"count":70,"href":"https:\/\/pans.krosno.pl\/instytut-politechniczny\/wp-json\/wp\/v2\/pages\/14\/revisions"}],"predecessor-version":[{"id":544,"href":"https:\/\/pans.krosno.pl\/instytut-politechniczny\/wp-json\/wp\/v2\/pages\/14\/revisions\/544"}],"wp:attachment":[{"href":"https:\/\/pans.krosno.pl\/instytut-politechniczny\/wp-json\/wp\/v2\/media?parent=14"}],"curies":[{"name":"wp","href":"https:\/\/api.w.org\/{rel}","templated":true}]}}