{"id":482,"date":"2020-07-03T15:36:09","date_gmt":"2020-07-03T13:36:09","guid":{"rendered":"https:\/\/pans.krosno.pl\/instytut-humanistyczny\/?page_id=482"},"modified":"2021-02-10T14:33:32","modified_gmt":"2021-02-10T13:33:32","slug":"ochrona-wlasnosci-intelektualnej","status":"publish","type":"page","link":"https:\/\/pans.krosno.pl\/instytut-humanistyczny\/ochrona-wlasnosci-intelektualnej\/","title":{"rendered":"Ochrona w\u0142asno\u015bci intelektualnej"},"content":{"rendered":"\n<h3 class=\"wp-block-heading\">Odpowiedzialno\u015b\u0107 za plagiat<\/h3>\n\n\n\n<p>W trosce o wysokie standardy etyczne oraz staranno\u015b\u0107 w kwestii ochrony w\u0142asno\u015bci intelektualnej w kontek\u015bcie przygotowania prac pisemnych w Instytucie Humanistycznym z dniem 1 VI 2017 wprowadza si\u0119 <\/p>\n\n\n\n<div class=\"wp-block-file\"><a href=\"https:\/\/pans.krosno.pl\/instytut-humanistyczny\/wp-content\/uploads\/sites\/9\/2021\/02\/Procedura-oceny-samodzielnosci-prac-pisemnych-2020-1.pdf\"><strong>Procedur\u0119 oceny samodzielno\u015bci wykonania prac pisemnych <\/strong><\/a><a href=\"https:\/\/pans.krosno.pl\/instytut-humanistyczny\/wp-content\/uploads\/sites\/9\/2021\/02\/Procedura-oceny-samodzielnosci-prac-pisemnych-2020-1.pdf\" class=\"wp-block-file__button\" download>Pobierz<\/a><\/div>\n\n\n\n<h6 class=\"wp-block-heading\"><strong>Wyci\u0105g z podr\u0119cznika pt.&nbsp;<\/strong> <\/h6>\n\n\n\n<div class=\"wp-block-file\"><a href=\"https:\/\/pans.krosno.pl\/instytut-humanistyczny\/wp-content\/uploads\/sites\/9\/2021\/02\/krotki-kurs-wlasnosci-intelektualnej-podrecznik-1.pdf\">Kr\u00f3tki kurs w\u0142asno\u015bci intelektualnej<\/a><a href=\"https:\/\/pans.krosno.pl\/instytut-humanistyczny\/wp-content\/uploads\/sites\/9\/2021\/02\/krotki-kurs-wlasnosci-intelektualnej-podrecznik-1.pdf\" class=\"wp-block-file__button\" download>Pobierz<\/a><\/div>\n\n\n\n<ul class=\"wp-block-list\"><li><a href=\"https:\/\/prawokultury.pl\/kurs\/okres-ochrony-utworu\">Okres ochrony utworu<\/a>&nbsp;<\/li><li><a href=\"https:\/\/prawokultury.pl\/kurs\/\"><\/a><a href=\"https:\/\/prawokultury.pl\/kurs\/domena-publiczna\">Domena publiczna<\/a><\/li><li><a href=\"https:\/\/prawokultury.pl\/kurs\/dozwolony-uzytek-prywatny\">Dozwolony u\u017cytek prywatny<\/a><\/li><li><a href=\"https:\/\/prawokultury.pl\/kurs\/dozwolony-uzytek-publiczny\">Dozwolony u\u017cytek publiczny<\/a><\/li><li><a href=\"https:\/\/prawokultury.pl\/kurs\/prawo-cytatu\">Prawo cytatu<\/a><\/li><li><a href=\"https:\/\/prawokultury.pl\/kurs\/plagiat\">Plagiat<\/a><\/li><li><a href=\"https:\/\/prawokultury.pl\/kurs\/odpowiedzialnosc-za-naruszenie-praw-autorskich\">Odpowiedzialno\u015b\u0107 za naruszenie praw autorskich<\/a><\/li><li><\/li><\/ul>\n\n\n\n<p>\u0179r\u00f3d\u0142o:&nbsp;<a href=\"https:\/\/prawokultury.pl\/kurs\/\">https:\/\/prawokultury.pl\/kurs\/<\/a><\/p>\n","protected":false},"excerpt":{"rendered":"<p>Odpowiedzialno\u015b\u0107 za plagiat W trosce o wysokie standardy etyczne oraz staranno\u015b\u0107 w kwestii ochrony w\u0142asno\u015bci intelektualnej w kontek\u015bcie przygotowania prac pisemnych w Instytucie Humanistycznym z dniem 1 VI 2017 wprowadza si\u0119 Wyci\u0105g z podr\u0119cznika pt.&nbsp; Okres ochrony utworu&nbsp; Domena publiczna Dozwolony u\u017cytek prywatny Dozwolony u\u017cytek publiczny Prawo cytatu Plagiat Odpowiedzialno\u015b\u0107 [\u2026] <\/p>\n<div class=\"clear\"><\/div>\n<p><a class=\"more_link clearfix\" href=\"https:\/\/pans.krosno.pl\/instytut-humanistyczny\/ochrona-wlasnosci-intelektualnej\/\" rel=\"nofollow\">Read More<\/a><\/p>\n","protected":false},"author":27,"featured_media":0,"parent":0,"menu_order":0,"comment_status":"closed","ping_status":"closed","template":"","meta":{"ngg_post_thumbnail":0,"footnotes":""},"class_list":["post-482","page","type-page","status-publish","hentry"],"yoast_head":"<!-- This site is optimized with the Yoast SEO Premium plugin v27.4 (Yoast SEO v27.4) - https:\/\/yoast.com\/product\/yoast-seo-premium-wordpress\/ -->\n<title>Ochrona w\u0142asno\u015bci intelektualnej - Instytut Humanistyczny PANS w Kro\u015bnie<\/title>\n<meta name=\"robots\" content=\"index, follow, max-snippet:-1, max-image-preview:large, max-video-preview:-1\" \/>\n<link rel=\"canonical\" href=\"https:\/\/pans.krosno.pl\/instytut-humanistyczny\/ochrona-wlasnosci-intelektualnej\/\" \/>\n<meta property=\"og:locale\" content=\"pl_PL\" \/>\n<meta property=\"og:type\" content=\"article\" \/>\n<meta property=\"og:title\" content=\"Ochrona w\u0142asno\u015bci intelektualnej\" \/>\n<meta property=\"og:description\" content=\"Odpowiedzialno\u015b\u0107 za plagiat W trosce o wysokie standardy etyczne oraz staranno\u015b\u0107 w kwestii ochrony w\u0142asno\u015bci intelektualnej w kontek\u015bcie przygotowania prac pisemnych w Instytucie Humanistycznym z dniem 1 VI 2017 wprowadza si\u0119 Wyci\u0105g z podr\u0119cznika pt.&nbsp; Okres ochrony utworu&nbsp; Domena publiczna Dozwolony u\u017cytek prywatny Dozwolony u\u017cytek publiczny Prawo cytatu Plagiat Odpowiedzialno\u015b\u0107 [\u2026] Read More\" \/>\n<meta property=\"og:url\" content=\"https:\/\/pans.krosno.pl\/instytut-humanistyczny\/ochrona-wlasnosci-intelektualnej\/\" \/>\n<meta property=\"og:site_name\" content=\"Instytut Humanistyczny PANS w Kro\u015bnie\" \/>\n<meta property=\"article:modified_time\" content=\"2021-02-10T13:33:32+00:00\" \/>\n<meta name=\"twitter:card\" content=\"summary_large_image\" \/>\n<script type=\"application\/ld+json\" class=\"yoast-schema-graph\">{\"@context\":\"https:\\\/\\\/schema.org\",\"@graph\":[{\"@type\":\"WebPage\",\"@id\":\"https:\\\/\\\/pans.krosno.pl\\\/instytut-humanistyczny\\\/ochrona-wlasnosci-intelektualnej\\\/\",\"url\":\"https:\\\/\\\/pans.krosno.pl\\\/instytut-humanistyczny\\\/ochrona-wlasnosci-intelektualnej\\\/\",\"name\":\"Ochrona w\u0142asno\u015bci intelektualnej - Instytut Humanistyczny PANS w Kro\u015bnie\",\"isPartOf\":{\"@id\":\"https:\\\/\\\/pans.krosno.pl\\\/instytut-humanistyczny\\\/#website\"},\"datePublished\":\"2020-07-03T13:36:09+00:00\",\"dateModified\":\"2021-02-10T13:33:32+00:00\",\"breadcrumb\":{\"@id\":\"https:\\\/\\\/pans.krosno.pl\\\/instytut-humanistyczny\\\/ochrona-wlasnosci-intelektualnej\\\/#breadcrumb\"},\"inLanguage\":\"pl-PL\",\"potentialAction\":[{\"@type\":\"ReadAction\",\"target\":[\"https:\\\/\\\/pans.krosno.pl\\\/instytut-humanistyczny\\\/ochrona-wlasnosci-intelektualnej\\\/\"]}]},{\"@type\":\"BreadcrumbList\",\"@id\":\"https:\\\/\\\/pans.krosno.pl\\\/instytut-humanistyczny\\\/ochrona-wlasnosci-intelektualnej\\\/#breadcrumb\",\"itemListElement\":[{\"@type\":\"ListItem\",\"position\":1,\"name\":\"Strona g\u0142\u00f3wna\",\"item\":\"https:\\\/\\\/pans.krosno.pl\\\/instytut-humanistyczny\\\/\"},{\"@type\":\"ListItem\",\"position\":2,\"name\":\"Ochrona w\u0142asno\u015bci intelektualnej\"}]},{\"@type\":\"WebSite\",\"@id\":\"https:\\\/\\\/pans.krosno.pl\\\/instytut-humanistyczny\\\/#website\",\"url\":\"https:\\\/\\\/pans.krosno.pl\\\/instytut-humanistyczny\\\/\",\"name\":\"Instytut Humanistyczny PANS w Kro\u015bnie\",\"description\":\"Instytut Humanistyczny - Pa\u0144stwowa Akademia Nauk Stosowanych\",\"publisher\":{\"@id\":\"https:\\\/\\\/pans.krosno.pl\\\/instytut-humanistyczny\\\/#organization\"},\"potentialAction\":[{\"@type\":\"SearchAction\",\"target\":{\"@type\":\"EntryPoint\",\"urlTemplate\":\"https:\\\/\\\/pans.krosno.pl\\\/instytut-humanistyczny\\\/?s={search_term_string}\"},\"query-input\":{\"@type\":\"PropertyValueSpecification\",\"valueRequired\":true,\"valueName\":\"search_term_string\"}}],\"inLanguage\":\"pl-PL\"},{\"@type\":\"Organization\",\"@id\":\"https:\\\/\\\/pans.krosno.pl\\\/instytut-humanistyczny\\\/#organization\",\"name\":\"Instytut Humanistyczny PANS w Kro\u015bnie\",\"url\":\"https:\\\/\\\/pans.krosno.pl\\\/instytut-humanistyczny\\\/\",\"logo\":{\"@type\":\"ImageObject\",\"inLanguage\":\"pl-PL\",\"@id\":\"https:\\\/\\\/pans.krosno.pl\\\/instytut-humanistyczny\\\/#\\\/schema\\\/logo\\\/image\\\/\",\"url\":\"https:\\\/\\\/pans.krosno.pl\\\/instytut-humanistyczny\\\/wp-content\\\/uploads\\\/sites\\\/9\\\/2023\\\/01\\\/Logo-PANS-2022-pelne.png\",\"contentUrl\":\"https:\\\/\\\/pans.krosno.pl\\\/instytut-humanistyczny\\\/wp-content\\\/uploads\\\/sites\\\/9\\\/2023\\\/01\\\/Logo-PANS-2022-pelne.png\",\"width\":3096,\"height\":696,\"caption\":\"Instytut Humanistyczny PANS w Kro\u015bnie\"},\"image\":{\"@id\":\"https:\\\/\\\/pans.krosno.pl\\\/instytut-humanistyczny\\\/#\\\/schema\\\/logo\\\/image\\\/\"}}]}<\/script>\n<!-- \/ Yoast SEO Premium plugin. -->","yoast_head_json":{"title":"Ochrona w\u0142asno\u015bci intelektualnej - Instytut Humanistyczny PANS w Kro\u015bnie","robots":{"index":"index","follow":"follow","max-snippet":"max-snippet:-1","max-image-preview":"max-image-preview:large","max-video-preview":"max-video-preview:-1"},"canonical":"https:\/\/pans.krosno.pl\/instytut-humanistyczny\/ochrona-wlasnosci-intelektualnej\/","og_locale":"pl_PL","og_type":"article","og_title":"Ochrona w\u0142asno\u015bci intelektualnej","og_description":"Odpowiedzialno\u015b\u0107 za plagiat W trosce o wysokie standardy etyczne oraz staranno\u015b\u0107 w kwestii ochrony w\u0142asno\u015bci intelektualnej w kontek\u015bcie przygotowania prac pisemnych w Instytucie Humanistycznym z dniem 1 VI 2017 wprowadza si\u0119 Wyci\u0105g z podr\u0119cznika pt.&nbsp; Okres ochrony utworu&nbsp; Domena publiczna Dozwolony u\u017cytek prywatny Dozwolony u\u017cytek publiczny Prawo cytatu Plagiat Odpowiedzialno\u015b\u0107 [\u2026] Read More","og_url":"https:\/\/pans.krosno.pl\/instytut-humanistyczny\/ochrona-wlasnosci-intelektualnej\/","og_site_name":"Instytut Humanistyczny PANS w Kro\u015bnie","article_modified_time":"2021-02-10T13:33:32+00:00","twitter_card":"summary_large_image","schema":{"@context":"https:\/\/schema.org","@graph":[{"@type":"WebPage","@id":"https:\/\/pans.krosno.pl\/instytut-humanistyczny\/ochrona-wlasnosci-intelektualnej\/","url":"https:\/\/pans.krosno.pl\/instytut-humanistyczny\/ochrona-wlasnosci-intelektualnej\/","name":"Ochrona w\u0142asno\u015bci intelektualnej - Instytut Humanistyczny PANS w Kro\u015bnie","isPartOf":{"@id":"https:\/\/pans.krosno.pl\/instytut-humanistyczny\/#website"},"datePublished":"2020-07-03T13:36:09+00:00","dateModified":"2021-02-10T13:33:32+00:00","breadcrumb":{"@id":"https:\/\/pans.krosno.pl\/instytut-humanistyczny\/ochrona-wlasnosci-intelektualnej\/#breadcrumb"},"inLanguage":"pl-PL","potentialAction":[{"@type":"ReadAction","target":["https:\/\/pans.krosno.pl\/instytut-humanistyczny\/ochrona-wlasnosci-intelektualnej\/"]}]},{"@type":"BreadcrumbList","@id":"https:\/\/pans.krosno.pl\/instytut-humanistyczny\/ochrona-wlasnosci-intelektualnej\/#breadcrumb","itemListElement":[{"@type":"ListItem","position":1,"name":"Strona g\u0142\u00f3wna","item":"https:\/\/pans.krosno.pl\/instytut-humanistyczny\/"},{"@type":"ListItem","position":2,"name":"Ochrona w\u0142asno\u015bci intelektualnej"}]},{"@type":"WebSite","@id":"https:\/\/pans.krosno.pl\/instytut-humanistyczny\/#website","url":"https:\/\/pans.krosno.pl\/instytut-humanistyczny\/","name":"Instytut Humanistyczny PANS w Kro\u015bnie","description":"Instytut Humanistyczny - Pa\u0144stwowa Akademia Nauk Stosowanych","publisher":{"@id":"https:\/\/pans.krosno.pl\/instytut-humanistyczny\/#organization"},"potentialAction":[{"@type":"SearchAction","target":{"@type":"EntryPoint","urlTemplate":"https:\/\/pans.krosno.pl\/instytut-humanistyczny\/?s={search_term_string}"},"query-input":{"@type":"PropertyValueSpecification","valueRequired":true,"valueName":"search_term_string"}}],"inLanguage":"pl-PL"},{"@type":"Organization","@id":"https:\/\/pans.krosno.pl\/instytut-humanistyczny\/#organization","name":"Instytut Humanistyczny PANS w Kro\u015bnie","url":"https:\/\/pans.krosno.pl\/instytut-humanistyczny\/","logo":{"@type":"ImageObject","inLanguage":"pl-PL","@id":"https:\/\/pans.krosno.pl\/instytut-humanistyczny\/#\/schema\/logo\/image\/","url":"https:\/\/pans.krosno.pl\/instytut-humanistyczny\/wp-content\/uploads\/sites\/9\/2023\/01\/Logo-PANS-2022-pelne.png","contentUrl":"https:\/\/pans.krosno.pl\/instytut-humanistyczny\/wp-content\/uploads\/sites\/9\/2023\/01\/Logo-PANS-2022-pelne.png","width":3096,"height":696,"caption":"Instytut Humanistyczny PANS w Kro\u015bnie"},"image":{"@id":"https:\/\/pans.krosno.pl\/instytut-humanistyczny\/#\/schema\/logo\/image\/"}}]}},"_links":{"self":[{"href":"https:\/\/pans.krosno.pl\/instytut-humanistyczny\/wp-json\/wp\/v2\/pages\/482","targetHints":{"allow":["GET"]}}],"collection":[{"href":"https:\/\/pans.krosno.pl\/instytut-humanistyczny\/wp-json\/wp\/v2\/pages"}],"about":[{"href":"https:\/\/pans.krosno.pl\/instytut-humanistyczny\/wp-json\/wp\/v2\/types\/page"}],"author":[{"embeddable":true,"href":"https:\/\/pans.krosno.pl\/instytut-humanistyczny\/wp-json\/wp\/v2\/users\/27"}],"replies":[{"embeddable":true,"href":"https:\/\/pans.krosno.pl\/instytut-humanistyczny\/wp-json\/wp\/v2\/comments?post=482"}],"version-history":[{"count":6,"href":"https:\/\/pans.krosno.pl\/instytut-humanistyczny\/wp-json\/wp\/v2\/pages\/482\/revisions"}],"predecessor-version":[{"id":856,"href":"https:\/\/pans.krosno.pl\/instytut-humanistyczny\/wp-json\/wp\/v2\/pages\/482\/revisions\/856"}],"wp:attachment":[{"href":"https:\/\/pans.krosno.pl\/instytut-humanistyczny\/wp-json\/wp\/v2\/media?parent=482"}],"curies":[{"name":"wp","href":"https:\/\/api.w.org\/{rel}","templated":true}]}}