{"id":481,"date":"2020-07-03T15:36:09","date_gmt":"2020-07-03T13:36:09","guid":{"rendered":"https:\/\/pans.krosno.pl\/instytut-humanistyczny\/?page_id=481"},"modified":"2025-06-06T12:26:56","modified_gmt":"2025-06-06T10:26:56","slug":"egzaminy-dyplomowe","status":"publish","type":"page","link":"https:\/\/pans.krosno.pl\/instytut-humanistyczny\/egzaminy-dyplomowe\/","title":{"rendered":"Egzaminy dyplomowe"},"content":{"rendered":"\n<p>Student zobowi\u0105zany jest&nbsp; z\u0142o\u017cy\u0107 prac\u0119 dyplomow\u0105 wraz z podpisanymi o\u015bwiadczeniami do&nbsp;<strong>25 czerwca <\/strong>br.<\/p>\n\n\n\n<p>Pierwsza strona egzemplarza sk\u0142adanego do sekretariatu musi by\u0107 opatrzona dat\u0105 i pisemn\u0105 akceptacj\u0105 opiekuna pracy.<\/p>\n\n\n\n<p>Student zobowi\u0105zany jest tydzie\u0144 przed obron\u0105 z\u0142o\u017cy\u0107 do sekretariatu Instytutu Humanistycznego:<\/p>\n\n\n\n<p><\/p>\n\n\n\n<p>1 prac\u0119 dyplomow\u0105 w mi\u0119kkiej&nbsp;oprawie, drukowan\u0105 obustronnie) + wersja elektroniczna (p\u0142ytka CD \u2013 1 szt.),<\/p>\n\n\n\n<p>Na dw\u00f3ch ostatnich stronach pracy nale\u017cy zamie\u015bci\u0107:<\/p>\n\n\n\n<p>&#8211;&nbsp;&nbsp;&nbsp;&nbsp;&nbsp;&nbsp;&nbsp;&nbsp;&nbsp;streszczenie pracy \u2013 dotyczy pracy napisanej w j\u0119zyku obcym (1 strona)<\/p>\n\n\n\n<p>&#8211;&nbsp;&nbsp;&nbsp;&nbsp;&nbsp;&nbsp;&nbsp;&nbsp;&nbsp;o\u015bwiadczenia wg zamieszczonego poni\u017cej wzoru&nbsp;<\/p>\n\n\n\n<div class=\"wp-block-file\"><a id=\"wp-block-file--media-4d69f525-3125-4fa0-9a80-f68a69059ddd\" href=\"https:\/\/pans.krosno.pl\/instytut-humanistyczny\/wp-content\/uploads\/sites\/9\/2024\/06\/oswiadczenia_do__pracy_dyplomowej1.docx\">o\u015bwiadczenia_do__pracy_dyplomowej<\/a><a href=\"https:\/\/pans.krosno.pl\/instytut-humanistyczny\/wp-content\/uploads\/sites\/9\/2024\/06\/oswiadczenia_do__pracy_dyplomowej1.docx\" class=\"wp-block-file__button wp-element-button\" download aria-describedby=\"wp-block-file--media-4d69f525-3125-4fa0-9a80-f68a69059ddd\">Pobierz<\/a><\/div>\n\n\n\n<div class=\"wp-block-file\"><a id=\"wp-block-file--media-8701c5fd-e651-4404-aebe-4f346bfd1e0a\" href=\"https:\/\/pans.krosno.pl\/instytut-humanistyczny\/wp-content\/uploads\/sites\/9\/2020\/07\/wymagania_edytorskie.pdf\">Wymagania edytorskie <\/a><a href=\"https:\/\/pans.krosno.pl\/instytut-humanistyczny\/wp-content\/uploads\/sites\/9\/2020\/07\/wymagania_edytorskie.pdf\" class=\"wp-block-file__button wp-element-button\" download aria-describedby=\"wp-block-file--media-8701c5fd-e651-4404-aebe-4f346bfd1e0a\">Pobierz<\/a><\/div>\n\n\n\n<div class=\"wp-block-file\"><a id=\"wp-block-file--media-69b9008e-a785-4f64-89f1-b893d24cdeb4\" href=\"https:\/\/pans.krosno.pl\/instytut-humanistyczny\/wp-content\/uploads\/sites\/9\/2025\/06\/Wzor-strony-tytulowej-PANS-1-231.doc\">Wzor-strony-tytulowej-PANS-1-23(1)<\/a><a href=\"https:\/\/pans.krosno.pl\/instytut-humanistyczny\/wp-content\/uploads\/sites\/9\/2025\/06\/Wzor-strony-tytulowej-PANS-1-231.doc\" class=\"wp-block-file__button wp-element-button\" download aria-describedby=\"wp-block-file--media-69b9008e-a785-4f64-89f1-b893d24cdeb4\">Pobierz<\/a><\/div>\n\n\n\n<div class=\"wp-block-file\"><a id=\"wp-block-file--media-42dfd473-5192-4aa8-96b3-4b47a9029c15\" href=\"https:\/\/pans.krosno.pl\/instytut-humanistyczny\/wp-content\/uploads\/sites\/9\/2020\/07\/regulamin_dyplomowania.pdf\">Regulamin dyplomowania<\/a><a href=\"https:\/\/pans.krosno.pl\/instytut-humanistyczny\/wp-content\/uploads\/sites\/9\/2020\/07\/regulamin_dyplomowania.pdf\" class=\"wp-block-file__button wp-element-button\" download aria-describedby=\"wp-block-file--media-42dfd473-5192-4aa8-96b3-4b47a9029c15\">Pobierz<\/a><\/div>\n","protected":false},"excerpt":{"rendered":"<p>Student zobowi\u0105zany jest&nbsp; z\u0142o\u017cy\u0107 prac\u0119 dyplomow\u0105 wraz z podpisanymi o\u015bwiadczeniami do&nbsp;25 czerwca br. Pierwsza strona egzemplarza sk\u0142adanego do sekretariatu musi by\u0107 opatrzona dat\u0105 i pisemn\u0105 akceptacj\u0105 opiekuna pracy. Student zobowi\u0105zany jest tydzie\u0144 przed obron\u0105 z\u0142o\u017cy\u0107 do sekretariatu Instytutu Humanistycznego: 1 prac\u0119 dyplomow\u0105 w mi\u0119kkiej&nbsp;oprawie, drukowan\u0105 obustronnie) + wersja elektroniczna (p\u0142ytka [\u2026] <\/p>\n<div class=\"clear\"><\/div>\n<p><a class=\"more_link clearfix\" href=\"https:\/\/pans.krosno.pl\/instytut-humanistyczny\/egzaminy-dyplomowe\/\" rel=\"nofollow\">Read More<\/a><\/p>\n","protected":false},"author":27,"featured_media":0,"parent":0,"menu_order":0,"comment_status":"closed","ping_status":"closed","template":"","meta":{"ngg_post_thumbnail":0,"footnotes":""},"class_list":["post-481","page","type-page","status-publish","hentry"],"yoast_head":"<!-- This site is optimized with the Yoast SEO Premium plugin v27.3 (Yoast SEO v27.3) - https:\/\/yoast.com\/product\/yoast-seo-premium-wordpress\/ -->\n<title>Egzaminy dyplomowe - Instytut Humanistyczny PANS w Kro\u015bnie<\/title>\n<meta name=\"robots\" content=\"index, follow, max-snippet:-1, max-image-preview:large, max-video-preview:-1\" \/>\n<link rel=\"canonical\" href=\"https:\/\/pans.krosno.pl\/instytut-humanistyczny\/egzaminy-dyplomowe\/\" \/>\n<meta property=\"og:locale\" content=\"pl_PL\" \/>\n<meta property=\"og:type\" content=\"article\" \/>\n<meta property=\"og:title\" content=\"Egzaminy dyplomowe\" \/>\n<meta property=\"og:description\" content=\"Student zobowi\u0105zany jest&nbsp; z\u0142o\u017cy\u0107 prac\u0119 dyplomow\u0105 wraz z podpisanymi o\u015bwiadczeniami do&nbsp;25 czerwca br. Pierwsza strona egzemplarza sk\u0142adanego do sekretariatu musi by\u0107 opatrzona dat\u0105 i pisemn\u0105 akceptacj\u0105 opiekuna pracy. Student zobowi\u0105zany jest tydzie\u0144 przed obron\u0105 z\u0142o\u017cy\u0107 do sekretariatu Instytutu Humanistycznego: 1 prac\u0119 dyplomow\u0105 w mi\u0119kkiej&nbsp;oprawie, drukowan\u0105 obustronnie) + wersja elektroniczna (p\u0142ytka [\u2026] Read More\" \/>\n<meta property=\"og:url\" content=\"https:\/\/pans.krosno.pl\/instytut-humanistyczny\/egzaminy-dyplomowe\/\" \/>\n<meta property=\"og:site_name\" content=\"Instytut Humanistyczny PANS w Kro\u015bnie\" \/>\n<meta property=\"article:modified_time\" content=\"2025-06-06T10:26:56+00:00\" \/>\n<meta name=\"twitter:card\" content=\"summary_large_image\" \/>\n<meta name=\"twitter:label1\" content=\"Szacowany czas czytania\" \/>\n\t<meta name=\"twitter:data1\" content=\"1 minuta\" \/>\n<script type=\"application\/ld+json\" class=\"yoast-schema-graph\">{\"@context\":\"https:\\\/\\\/schema.org\",\"@graph\":[{\"@type\":\"WebPage\",\"@id\":\"https:\\\/\\\/pans.krosno.pl\\\/instytut-humanistyczny\\\/egzaminy-dyplomowe\\\/\",\"url\":\"https:\\\/\\\/pans.krosno.pl\\\/instytut-humanistyczny\\\/egzaminy-dyplomowe\\\/\",\"name\":\"Egzaminy dyplomowe - Instytut Humanistyczny PANS w Kro\u015bnie\",\"isPartOf\":{\"@id\":\"https:\\\/\\\/pans.krosno.pl\\\/instytut-humanistyczny\\\/#website\"},\"datePublished\":\"2020-07-03T13:36:09+00:00\",\"dateModified\":\"2025-06-06T10:26:56+00:00\",\"breadcrumb\":{\"@id\":\"https:\\\/\\\/pans.krosno.pl\\\/instytut-humanistyczny\\\/egzaminy-dyplomowe\\\/#breadcrumb\"},\"inLanguage\":\"pl-PL\",\"potentialAction\":[{\"@type\":\"ReadAction\",\"target\":[\"https:\\\/\\\/pans.krosno.pl\\\/instytut-humanistyczny\\\/egzaminy-dyplomowe\\\/\"]}]},{\"@type\":\"BreadcrumbList\",\"@id\":\"https:\\\/\\\/pans.krosno.pl\\\/instytut-humanistyczny\\\/egzaminy-dyplomowe\\\/#breadcrumb\",\"itemListElement\":[{\"@type\":\"ListItem\",\"position\":1,\"name\":\"Strona g\u0142\u00f3wna\",\"item\":\"https:\\\/\\\/pans.krosno.pl\\\/instytut-humanistyczny\\\/\"},{\"@type\":\"ListItem\",\"position\":2,\"name\":\"Egzaminy dyplomowe\"}]},{\"@type\":\"WebSite\",\"@id\":\"https:\\\/\\\/pans.krosno.pl\\\/instytut-humanistyczny\\\/#website\",\"url\":\"https:\\\/\\\/pans.krosno.pl\\\/instytut-humanistyczny\\\/\",\"name\":\"Instytut Humanistyczny PANS w Kro\u015bnie\",\"description\":\"Instytut Humanistyczny - Pa\u0144stwowa Akademia Nauk Stosowanych\",\"publisher\":{\"@id\":\"https:\\\/\\\/pans.krosno.pl\\\/instytut-humanistyczny\\\/#organization\"},\"potentialAction\":[{\"@type\":\"SearchAction\",\"target\":{\"@type\":\"EntryPoint\",\"urlTemplate\":\"https:\\\/\\\/pans.krosno.pl\\\/instytut-humanistyczny\\\/?s={search_term_string}\"},\"query-input\":{\"@type\":\"PropertyValueSpecification\",\"valueRequired\":true,\"valueName\":\"search_term_string\"}}],\"inLanguage\":\"pl-PL\"},{\"@type\":\"Organization\",\"@id\":\"https:\\\/\\\/pans.krosno.pl\\\/instytut-humanistyczny\\\/#organization\",\"name\":\"Instytut Humanistyczny PANS w Kro\u015bnie\",\"url\":\"https:\\\/\\\/pans.krosno.pl\\\/instytut-humanistyczny\\\/\",\"logo\":{\"@type\":\"ImageObject\",\"inLanguage\":\"pl-PL\",\"@id\":\"https:\\\/\\\/pans.krosno.pl\\\/instytut-humanistyczny\\\/#\\\/schema\\\/logo\\\/image\\\/\",\"url\":\"https:\\\/\\\/pans.krosno.pl\\\/instytut-humanistyczny\\\/wp-content\\\/uploads\\\/sites\\\/9\\\/2023\\\/01\\\/Logo-PANS-2022-pelne.png\",\"contentUrl\":\"https:\\\/\\\/pans.krosno.pl\\\/instytut-humanistyczny\\\/wp-content\\\/uploads\\\/sites\\\/9\\\/2023\\\/01\\\/Logo-PANS-2022-pelne.png\",\"width\":3096,\"height\":696,\"caption\":\"Instytut Humanistyczny PANS w Kro\u015bnie\"},\"image\":{\"@id\":\"https:\\\/\\\/pans.krosno.pl\\\/instytut-humanistyczny\\\/#\\\/schema\\\/logo\\\/image\\\/\"}}]}<\/script>\n<!-- \/ Yoast SEO Premium plugin. -->","yoast_head_json":{"title":"Egzaminy dyplomowe - Instytut Humanistyczny PANS w Kro\u015bnie","robots":{"index":"index","follow":"follow","max-snippet":"max-snippet:-1","max-image-preview":"max-image-preview:large","max-video-preview":"max-video-preview:-1"},"canonical":"https:\/\/pans.krosno.pl\/instytut-humanistyczny\/egzaminy-dyplomowe\/","og_locale":"pl_PL","og_type":"article","og_title":"Egzaminy dyplomowe","og_description":"Student zobowi\u0105zany jest&nbsp; z\u0142o\u017cy\u0107 prac\u0119 dyplomow\u0105 wraz z podpisanymi o\u015bwiadczeniami do&nbsp;25 czerwca br. Pierwsza strona egzemplarza sk\u0142adanego do sekretariatu musi by\u0107 opatrzona dat\u0105 i pisemn\u0105 akceptacj\u0105 opiekuna pracy. Student zobowi\u0105zany jest tydzie\u0144 przed obron\u0105 z\u0142o\u017cy\u0107 do sekretariatu Instytutu Humanistycznego: 1 prac\u0119 dyplomow\u0105 w mi\u0119kkiej&nbsp;oprawie, drukowan\u0105 obustronnie) + wersja elektroniczna (p\u0142ytka [\u2026] Read More","og_url":"https:\/\/pans.krosno.pl\/instytut-humanistyczny\/egzaminy-dyplomowe\/","og_site_name":"Instytut Humanistyczny PANS w Kro\u015bnie","article_modified_time":"2025-06-06T10:26:56+00:00","twitter_card":"summary_large_image","twitter_misc":{"Szacowany czas czytania":"1 minuta"},"schema":{"@context":"https:\/\/schema.org","@graph":[{"@type":"WebPage","@id":"https:\/\/pans.krosno.pl\/instytut-humanistyczny\/egzaminy-dyplomowe\/","url":"https:\/\/pans.krosno.pl\/instytut-humanistyczny\/egzaminy-dyplomowe\/","name":"Egzaminy dyplomowe - Instytut Humanistyczny PANS w Kro\u015bnie","isPartOf":{"@id":"https:\/\/pans.krosno.pl\/instytut-humanistyczny\/#website"},"datePublished":"2020-07-03T13:36:09+00:00","dateModified":"2025-06-06T10:26:56+00:00","breadcrumb":{"@id":"https:\/\/pans.krosno.pl\/instytut-humanistyczny\/egzaminy-dyplomowe\/#breadcrumb"},"inLanguage":"pl-PL","potentialAction":[{"@type":"ReadAction","target":["https:\/\/pans.krosno.pl\/instytut-humanistyczny\/egzaminy-dyplomowe\/"]}]},{"@type":"BreadcrumbList","@id":"https:\/\/pans.krosno.pl\/instytut-humanistyczny\/egzaminy-dyplomowe\/#breadcrumb","itemListElement":[{"@type":"ListItem","position":1,"name":"Strona g\u0142\u00f3wna","item":"https:\/\/pans.krosno.pl\/instytut-humanistyczny\/"},{"@type":"ListItem","position":2,"name":"Egzaminy dyplomowe"}]},{"@type":"WebSite","@id":"https:\/\/pans.krosno.pl\/instytut-humanistyczny\/#website","url":"https:\/\/pans.krosno.pl\/instytut-humanistyczny\/","name":"Instytut Humanistyczny PANS w Kro\u015bnie","description":"Instytut Humanistyczny - Pa\u0144stwowa Akademia Nauk Stosowanych","publisher":{"@id":"https:\/\/pans.krosno.pl\/instytut-humanistyczny\/#organization"},"potentialAction":[{"@type":"SearchAction","target":{"@type":"EntryPoint","urlTemplate":"https:\/\/pans.krosno.pl\/instytut-humanistyczny\/?s={search_term_string}"},"query-input":{"@type":"PropertyValueSpecification","valueRequired":true,"valueName":"search_term_string"}}],"inLanguage":"pl-PL"},{"@type":"Organization","@id":"https:\/\/pans.krosno.pl\/instytut-humanistyczny\/#organization","name":"Instytut Humanistyczny PANS w Kro\u015bnie","url":"https:\/\/pans.krosno.pl\/instytut-humanistyczny\/","logo":{"@type":"ImageObject","inLanguage":"pl-PL","@id":"https:\/\/pans.krosno.pl\/instytut-humanistyczny\/#\/schema\/logo\/image\/","url":"https:\/\/pans.krosno.pl\/instytut-humanistyczny\/wp-content\/uploads\/sites\/9\/2023\/01\/Logo-PANS-2022-pelne.png","contentUrl":"https:\/\/pans.krosno.pl\/instytut-humanistyczny\/wp-content\/uploads\/sites\/9\/2023\/01\/Logo-PANS-2022-pelne.png","width":3096,"height":696,"caption":"Instytut Humanistyczny PANS w Kro\u015bnie"},"image":{"@id":"https:\/\/pans.krosno.pl\/instytut-humanistyczny\/#\/schema\/logo\/image\/"}}]}},"_links":{"self":[{"href":"https:\/\/pans.krosno.pl\/instytut-humanistyczny\/wp-json\/wp\/v2\/pages\/481","targetHints":{"allow":["GET"]}}],"collection":[{"href":"https:\/\/pans.krosno.pl\/instytut-humanistyczny\/wp-json\/wp\/v2\/pages"}],"about":[{"href":"https:\/\/pans.krosno.pl\/instytut-humanistyczny\/wp-json\/wp\/v2\/types\/page"}],"author":[{"embeddable":true,"href":"https:\/\/pans.krosno.pl\/instytut-humanistyczny\/wp-json\/wp\/v2\/users\/27"}],"replies":[{"embeddable":true,"href":"https:\/\/pans.krosno.pl\/instytut-humanistyczny\/wp-json\/wp\/v2\/comments?post=481"}],"version-history":[{"count":19,"href":"https:\/\/pans.krosno.pl\/instytut-humanistyczny\/wp-json\/wp\/v2\/pages\/481\/revisions"}],"predecessor-version":[{"id":1827,"href":"https:\/\/pans.krosno.pl\/instytut-humanistyczny\/wp-json\/wp\/v2\/pages\/481\/revisions\/1827"}],"wp:attachment":[{"href":"https:\/\/pans.krosno.pl\/instytut-humanistyczny\/wp-json\/wp\/v2\/media?parent=481"}],"curies":[{"name":"wp","href":"https:\/\/api.w.org\/{rel}","templated":true}]}}