{"id":480,"date":"2020-07-03T15:36:09","date_gmt":"2020-07-03T13:36:09","guid":{"rendered":"https:\/\/pans.krosno.pl\/instytut-humanistyczny\/?page_id=480"},"modified":"2023-05-15T09:56:54","modified_gmt":"2023-05-15T07:56:54","slug":"jakosc-ksztalcenia","status":"publish","type":"page","link":"https:\/\/pans.krosno.pl\/instytut-humanistyczny\/jakosc-ksztalcenia\/","title":{"rendered":"Jako\u015b\u0107 kszta\u0142cenia"},"content":{"rendered":"\n<p>W Pa\u0144stwowej Akademii Nauk Stosowanych w Kro\u015bnie obowi\u0105zuje&nbsp;&nbsp;<a href=\"https:\/\/pans.krosno.pl\/polityka-jakosci-ksztalcenia\/\">Wewn\u0119trzny System Zapewnienia Jako\u015bci Kszta\u0142cenia<\/a>, nad kt\u00f3rym piecz\u0119 sprawuje&nbsp;Uczelniana Komisja ds. Zapewnienia Jako\u015bci Kszta\u0142cenia. Ka\u017cda jednostka uczelni zobowi\u0105zana jest do wdra\u017cania odpowiednich dzia\u0142a\u0144 i regulacji maj\u0105cych na celu jak najwy\u017csz\u0105 jako\u015b\u0107 kszta\u0142cenia opart\u0105 o przejrzyste procedury zawarte w&nbsp;<a href=\"https:\/\/pans.krosno.pl\/polityka-jakosci-ksztalcenia\/polityka-jakosci-wykaz-obowiazujacych-procedur\/\">Uczelnianej Ksi\u0119dze Procedur<\/a>.<\/p>\n\n\n\n<p><strong>Sk\u0142ad Instytutowej Komisji ds. Zapewnienia Jako\u015bci Kszta\u0142cenia (2<\/strong><strong>022\/2023<\/strong><strong>):<\/strong><\/p>\n\n\n\n<ul class=\"wp-block-list\">\n<li>dr Beata Piechota&nbsp;&nbsp;<em>\u2013&nbsp;<\/em>Przewodnicz\u0105ca komisji instytutowej, przedstawiciel Instytutu w Uczelnianej Komisji ds. Zapewnienia Jako\u015bci Kszta\u0142cenia<\/li>\n\n\n\n<li>dr Ma\u0142gorzata W\u00f3jcik \u2013 przedstawicielka Zak\u0142adu Pedagogiki,<\/li>\n\n\n\n<li>dr Ewa Rusek \u2013 przedstawicielka Zak\u0142adu Filologii Angielskiej,<\/li>\n\n\n\n<li>mgr Katarzyna Dziemian \u2013 przedstawicielka Zak\u0142adu Studi\u00f3w Dwuj\u0119zykowych,<\/li>\n\n\n\n<li>Agnieszka Kilar \u2013 przedstawicielka student\u00f3w studentka 1 roku PSOzTP<\/li>\n<\/ul>\n","protected":false},"excerpt":{"rendered":"<p>W Pa\u0144stwowej Akademii Nauk Stosowanych w Kro\u015bnie obowi\u0105zuje&nbsp;&nbsp;Wewn\u0119trzny System Zapewnienia Jako\u015bci Kszta\u0142cenia, nad kt\u00f3rym piecz\u0119 sprawuje&nbsp;Uczelniana Komisja ds. Zapewnienia Jako\u015bci Kszta\u0142cenia. Ka\u017cda jednostka uczelni zobowi\u0105zana jest do wdra\u017cania odpowiednich dzia\u0142a\u0144 i regulacji maj\u0105cych na celu jak najwy\u017csz\u0105 jako\u015b\u0107 kszta\u0142cenia opart\u0105 o przejrzyste procedury zawarte w&nbsp;Uczelnianej Ksi\u0119dze Procedur. Sk\u0142ad Instytutowej Komisji [\u2026] <\/p>\n<div class=\"clear\"><\/div>\n<p><a class=\"more_link clearfix\" href=\"https:\/\/pans.krosno.pl\/instytut-humanistyczny\/jakosc-ksztalcenia\/\" rel=\"nofollow\">Read More<\/a><\/p>\n","protected":false},"author":27,"featured_media":0,"parent":0,"menu_order":0,"comment_status":"closed","ping_status":"closed","template":"","meta":{"ngg_post_thumbnail":0,"footnotes":""},"class_list":["post-480","page","type-page","status-publish","hentry"],"yoast_head":"<!-- This site is optimized with the Yoast SEO Premium plugin v27.4 (Yoast SEO v27.4) - https:\/\/yoast.com\/product\/yoast-seo-premium-wordpress\/ -->\n<title>Jako\u015b\u0107 kszta\u0142cenia - Instytut Humanistyczny PANS w Kro\u015bnie<\/title>\n<meta name=\"robots\" content=\"index, follow, max-snippet:-1, max-image-preview:large, max-video-preview:-1\" \/>\n<link rel=\"canonical\" href=\"https:\/\/pans.krosno.pl\/instytut-humanistyczny\/jakosc-ksztalcenia\/\" \/>\n<meta property=\"og:locale\" content=\"pl_PL\" \/>\n<meta property=\"og:type\" content=\"article\" \/>\n<meta property=\"og:title\" content=\"Jako\u015b\u0107 kszta\u0142cenia\" \/>\n<meta property=\"og:description\" content=\"W Pa\u0144stwowej Akademii Nauk Stosowanych w Kro\u015bnie obowi\u0105zuje&nbsp;&nbsp;Wewn\u0119trzny System Zapewnienia Jako\u015bci Kszta\u0142cenia, nad kt\u00f3rym piecz\u0119 sprawuje&nbsp;Uczelniana Komisja ds. Zapewnienia Jako\u015bci Kszta\u0142cenia. Ka\u017cda jednostka uczelni zobowi\u0105zana jest do wdra\u017cania odpowiednich dzia\u0142a\u0144 i regulacji maj\u0105cych na celu jak najwy\u017csz\u0105 jako\u015b\u0107 kszta\u0142cenia opart\u0105 o przejrzyste procedury zawarte w&nbsp;Uczelnianej Ksi\u0119dze Procedur. Sk\u0142ad Instytutowej Komisji [\u2026] Read More\" \/>\n<meta property=\"og:url\" content=\"https:\/\/pans.krosno.pl\/instytut-humanistyczny\/jakosc-ksztalcenia\/\" \/>\n<meta property=\"og:site_name\" content=\"Instytut Humanistyczny PANS w Kro\u015bnie\" \/>\n<meta property=\"article:modified_time\" content=\"2023-05-15T07:56:54+00:00\" \/>\n<meta name=\"twitter:card\" content=\"summary_large_image\" \/>\n<meta name=\"twitter:label1\" content=\"Szacowany czas czytania\" \/>\n\t<meta name=\"twitter:data1\" content=\"1 minuta\" \/>\n<script type=\"application\/ld+json\" class=\"yoast-schema-graph\">{\"@context\":\"https:\\\/\\\/schema.org\",\"@graph\":[{\"@type\":\"WebPage\",\"@id\":\"https:\\\/\\\/pans.krosno.pl\\\/instytut-humanistyczny\\\/jakosc-ksztalcenia\\\/\",\"url\":\"https:\\\/\\\/pans.krosno.pl\\\/instytut-humanistyczny\\\/jakosc-ksztalcenia\\\/\",\"name\":\"Jako\u015b\u0107 kszta\u0142cenia - Instytut Humanistyczny PANS w Kro\u015bnie\",\"isPartOf\":{\"@id\":\"https:\\\/\\\/pans.krosno.pl\\\/instytut-humanistyczny\\\/#website\"},\"datePublished\":\"2020-07-03T13:36:09+00:00\",\"dateModified\":\"2023-05-15T07:56:54+00:00\",\"breadcrumb\":{\"@id\":\"https:\\\/\\\/pans.krosno.pl\\\/instytut-humanistyczny\\\/jakosc-ksztalcenia\\\/#breadcrumb\"},\"inLanguage\":\"pl-PL\",\"potentialAction\":[{\"@type\":\"ReadAction\",\"target\":[\"https:\\\/\\\/pans.krosno.pl\\\/instytut-humanistyczny\\\/jakosc-ksztalcenia\\\/\"]}]},{\"@type\":\"BreadcrumbList\",\"@id\":\"https:\\\/\\\/pans.krosno.pl\\\/instytut-humanistyczny\\\/jakosc-ksztalcenia\\\/#breadcrumb\",\"itemListElement\":[{\"@type\":\"ListItem\",\"position\":1,\"name\":\"Strona g\u0142\u00f3wna\",\"item\":\"https:\\\/\\\/pans.krosno.pl\\\/instytut-humanistyczny\\\/\"},{\"@type\":\"ListItem\",\"position\":2,\"name\":\"Jako\u015b\u0107 kszta\u0142cenia\"}]},{\"@type\":\"WebSite\",\"@id\":\"https:\\\/\\\/pans.krosno.pl\\\/instytut-humanistyczny\\\/#website\",\"url\":\"https:\\\/\\\/pans.krosno.pl\\\/instytut-humanistyczny\\\/\",\"name\":\"Instytut Humanistyczny PANS w Kro\u015bnie\",\"description\":\"Instytut Humanistyczny - Pa\u0144stwowa Akademia Nauk Stosowanych\",\"publisher\":{\"@id\":\"https:\\\/\\\/pans.krosno.pl\\\/instytut-humanistyczny\\\/#organization\"},\"potentialAction\":[{\"@type\":\"SearchAction\",\"target\":{\"@type\":\"EntryPoint\",\"urlTemplate\":\"https:\\\/\\\/pans.krosno.pl\\\/instytut-humanistyczny\\\/?s={search_term_string}\"},\"query-input\":{\"@type\":\"PropertyValueSpecification\",\"valueRequired\":true,\"valueName\":\"search_term_string\"}}],\"inLanguage\":\"pl-PL\"},{\"@type\":\"Organization\",\"@id\":\"https:\\\/\\\/pans.krosno.pl\\\/instytut-humanistyczny\\\/#organization\",\"name\":\"Instytut Humanistyczny PANS w Kro\u015bnie\",\"url\":\"https:\\\/\\\/pans.krosno.pl\\\/instytut-humanistyczny\\\/\",\"logo\":{\"@type\":\"ImageObject\",\"inLanguage\":\"pl-PL\",\"@id\":\"https:\\\/\\\/pans.krosno.pl\\\/instytut-humanistyczny\\\/#\\\/schema\\\/logo\\\/image\\\/\",\"url\":\"https:\\\/\\\/pans.krosno.pl\\\/instytut-humanistyczny\\\/wp-content\\\/uploads\\\/sites\\\/9\\\/2023\\\/01\\\/Logo-PANS-2022-pelne.png\",\"contentUrl\":\"https:\\\/\\\/pans.krosno.pl\\\/instytut-humanistyczny\\\/wp-content\\\/uploads\\\/sites\\\/9\\\/2023\\\/01\\\/Logo-PANS-2022-pelne.png\",\"width\":3096,\"height\":696,\"caption\":\"Instytut Humanistyczny PANS w Kro\u015bnie\"},\"image\":{\"@id\":\"https:\\\/\\\/pans.krosno.pl\\\/instytut-humanistyczny\\\/#\\\/schema\\\/logo\\\/image\\\/\"}}]}<\/script>\n<!-- \/ Yoast SEO Premium plugin. -->","yoast_head_json":{"title":"Jako\u015b\u0107 kszta\u0142cenia - Instytut Humanistyczny PANS w Kro\u015bnie","robots":{"index":"index","follow":"follow","max-snippet":"max-snippet:-1","max-image-preview":"max-image-preview:large","max-video-preview":"max-video-preview:-1"},"canonical":"https:\/\/pans.krosno.pl\/instytut-humanistyczny\/jakosc-ksztalcenia\/","og_locale":"pl_PL","og_type":"article","og_title":"Jako\u015b\u0107 kszta\u0142cenia","og_description":"W Pa\u0144stwowej Akademii Nauk Stosowanych w Kro\u015bnie obowi\u0105zuje&nbsp;&nbsp;Wewn\u0119trzny System Zapewnienia Jako\u015bci Kszta\u0142cenia, nad kt\u00f3rym piecz\u0119 sprawuje&nbsp;Uczelniana Komisja ds. Zapewnienia Jako\u015bci Kszta\u0142cenia. Ka\u017cda jednostka uczelni zobowi\u0105zana jest do wdra\u017cania odpowiednich dzia\u0142a\u0144 i regulacji maj\u0105cych na celu jak najwy\u017csz\u0105 jako\u015b\u0107 kszta\u0142cenia opart\u0105 o przejrzyste procedury zawarte w&nbsp;Uczelnianej Ksi\u0119dze Procedur. Sk\u0142ad Instytutowej Komisji [\u2026] Read More","og_url":"https:\/\/pans.krosno.pl\/instytut-humanistyczny\/jakosc-ksztalcenia\/","og_site_name":"Instytut Humanistyczny PANS w Kro\u015bnie","article_modified_time":"2023-05-15T07:56:54+00:00","twitter_card":"summary_large_image","twitter_misc":{"Szacowany czas czytania":"1 minuta"},"schema":{"@context":"https:\/\/schema.org","@graph":[{"@type":"WebPage","@id":"https:\/\/pans.krosno.pl\/instytut-humanistyczny\/jakosc-ksztalcenia\/","url":"https:\/\/pans.krosno.pl\/instytut-humanistyczny\/jakosc-ksztalcenia\/","name":"Jako\u015b\u0107 kszta\u0142cenia - Instytut Humanistyczny PANS w Kro\u015bnie","isPartOf":{"@id":"https:\/\/pans.krosno.pl\/instytut-humanistyczny\/#website"},"datePublished":"2020-07-03T13:36:09+00:00","dateModified":"2023-05-15T07:56:54+00:00","breadcrumb":{"@id":"https:\/\/pans.krosno.pl\/instytut-humanistyczny\/jakosc-ksztalcenia\/#breadcrumb"},"inLanguage":"pl-PL","potentialAction":[{"@type":"ReadAction","target":["https:\/\/pans.krosno.pl\/instytut-humanistyczny\/jakosc-ksztalcenia\/"]}]},{"@type":"BreadcrumbList","@id":"https:\/\/pans.krosno.pl\/instytut-humanistyczny\/jakosc-ksztalcenia\/#breadcrumb","itemListElement":[{"@type":"ListItem","position":1,"name":"Strona g\u0142\u00f3wna","item":"https:\/\/pans.krosno.pl\/instytut-humanistyczny\/"},{"@type":"ListItem","position":2,"name":"Jako\u015b\u0107 kszta\u0142cenia"}]},{"@type":"WebSite","@id":"https:\/\/pans.krosno.pl\/instytut-humanistyczny\/#website","url":"https:\/\/pans.krosno.pl\/instytut-humanistyczny\/","name":"Instytut Humanistyczny PANS w Kro\u015bnie","description":"Instytut Humanistyczny - Pa\u0144stwowa Akademia Nauk Stosowanych","publisher":{"@id":"https:\/\/pans.krosno.pl\/instytut-humanistyczny\/#organization"},"potentialAction":[{"@type":"SearchAction","target":{"@type":"EntryPoint","urlTemplate":"https:\/\/pans.krosno.pl\/instytut-humanistyczny\/?s={search_term_string}"},"query-input":{"@type":"PropertyValueSpecification","valueRequired":true,"valueName":"search_term_string"}}],"inLanguage":"pl-PL"},{"@type":"Organization","@id":"https:\/\/pans.krosno.pl\/instytut-humanistyczny\/#organization","name":"Instytut Humanistyczny PANS w Kro\u015bnie","url":"https:\/\/pans.krosno.pl\/instytut-humanistyczny\/","logo":{"@type":"ImageObject","inLanguage":"pl-PL","@id":"https:\/\/pans.krosno.pl\/instytut-humanistyczny\/#\/schema\/logo\/image\/","url":"https:\/\/pans.krosno.pl\/instytut-humanistyczny\/wp-content\/uploads\/sites\/9\/2023\/01\/Logo-PANS-2022-pelne.png","contentUrl":"https:\/\/pans.krosno.pl\/instytut-humanistyczny\/wp-content\/uploads\/sites\/9\/2023\/01\/Logo-PANS-2022-pelne.png","width":3096,"height":696,"caption":"Instytut Humanistyczny PANS w Kro\u015bnie"},"image":{"@id":"https:\/\/pans.krosno.pl\/instytut-humanistyczny\/#\/schema\/logo\/image\/"}}]}},"_links":{"self":[{"href":"https:\/\/pans.krosno.pl\/instytut-humanistyczny\/wp-json\/wp\/v2\/pages\/480","targetHints":{"allow":["GET"]}}],"collection":[{"href":"https:\/\/pans.krosno.pl\/instytut-humanistyczny\/wp-json\/wp\/v2\/pages"}],"about":[{"href":"https:\/\/pans.krosno.pl\/instytut-humanistyczny\/wp-json\/wp\/v2\/types\/page"}],"author":[{"embeddable":true,"href":"https:\/\/pans.krosno.pl\/instytut-humanistyczny\/wp-json\/wp\/v2\/users\/27"}],"replies":[{"embeddable":true,"href":"https:\/\/pans.krosno.pl\/instytut-humanistyczny\/wp-json\/wp\/v2\/comments?post=480"}],"version-history":[{"count":4,"href":"https:\/\/pans.krosno.pl\/instytut-humanistyczny\/wp-json\/wp\/v2\/pages\/480\/revisions"}],"predecessor-version":[{"id":1671,"href":"https:\/\/pans.krosno.pl\/instytut-humanistyczny\/wp-json\/wp\/v2\/pages\/480\/revisions\/1671"}],"wp:attachment":[{"href":"https:\/\/pans.krosno.pl\/instytut-humanistyczny\/wp-json\/wp\/v2\/media?parent=480"}],"curies":[{"name":"wp","href":"https:\/\/api.w.org\/{rel}","templated":true}]}}