{"id":469,"date":"2020-07-03T15:34:30","date_gmt":"2020-07-03T13:34:30","guid":{"rendered":"https:\/\/pans.krosno.pl\/instytut-humanistyczny\/?page_id=469"},"modified":"2024-01-30T12:04:12","modified_gmt":"2024-01-30T11:04:12","slug":"historia","status":"publish","type":"page","link":"https:\/\/pans.krosno.pl\/instytut-humanistyczny\/historia\/","title":{"rendered":"Historia"},"content":{"rendered":"\n<p>Instytut Humanistyczny PWSZ im. Stanis\u0142awa Pigonia w Kro\u015bnie mie\u015bci si\u0119 w budynku<em>&nbsp;Collegium Pigonianum&nbsp;<\/em>przy ulicy Kazimierza Wielkiego 4-8 w Kro\u015bnie. To najstarszy budynek uczelni z tradycj\u0105 si\u0119gaj\u0105c\u0105 XVII stulecia, w kt\u00f3rym sw\u0105 siedzib\u0119 mia\u0142o niegdy\u015b Kolegium jezuickie. Mie\u015bci\u0142y si\u0119 tu tak\u017ce Krajowa Szko\u0142a Tkacka oraz Szko\u0142a Podstawowa nr 1. Po przej\u0119ciu budynk\u00f3w przez PWSZ, w latach 2003-2005, z inicjatywy w\u0142adz uczelni i dzi\u0119ki pozyskaniu \u015brodk\u00f3w europejskich obiekt zosta\u0142 poddany kapitalnemu remontowi. Dzi\u015b studenci i wyk\u0142adowcy korzystaj\u0105cy z nowoczesnej infrastruktury&nbsp;<em>Collegium Pigonianum&nbsp;<\/em>szczeg\u00f3lnie ceni\u0105 sobie atmosfer\u0119, swoisty&nbsp;<em>genius loci<\/em>, kt\u00f3rej \u017ar\u00f3d\u0142em jest bogata przesz\u0142o\u015b\u0107 tego wyj\u0105tkowego miejsca.<\/p>\n\n\n\n<p>9 pa\u017adziernika 2006 roku na budynku Instytutu&nbsp;&nbsp;zosta\u0142a ods\u0142oni\u0119ta tablica pami\u0105tkowa po\u015bwi\u0119cona patronowi tego korpusu, Stanis\u0142awowi Pigoniowi &#8211; wybitnemu poloni\u015bcie, cz\u0142owiekowi zwi\u0105zanemu z kro\u015bnie\u0144sk\u0105 ziemi\u0105. W uroczysto\u015bci przy ulicy Kazimierza Wielkiego 8, udzia\u0142 wzi\u0119li mi\u0119dzy innymi prezydent miasta Krosna Piotr Przytocki oraz \u00f3wcze\u015bni w\u0142odarze uczelni &#8211; rektor PWSZ prof. Janusz Grucha\u0142a oraz prorektorzy profesor Maria Ruda oraz dr W\u0142adys\u0142aw Witalisz. Wydarzenie u\u015bwietni\u0142 sw\u0105 obecno\u015bci\u0105 r\u00f3wnie\u017c&nbsp; profesor Franciszek Ziejka, rektor Uniwersytetu Jagiello\u0144skiego w latach 1999-2005.<\/p>\n\n\n\n<p>Sze\u015b\u0107 lat p\u00f3\u017aniej, na wniosek Senatu uczelni, Stanis\u0142aw Pigo\u0144 decyzj\u0105 Ministra Nauki i Szkolnictwa Wy\u017cszego zosta\u0142 patronem uczelni, kt\u00f3ra od 2012 roku nosi jego imi\u0119. Cz\u0142onkowie Senatu wybrali uczonego, cz\u0142owieka pracowitego, rzetelnego i prawego, profesora uniwersytet\u00f3w w Poznaniu, Wilnie, Krakowie, nauczyciela, ale i \u017co\u0142nierza, nak\u0142adaj\u0105cego mundur oficerski i w wojennej potrzebie s\u0142u\u017c\u0105cego Ojczy\u017anie.<\/p>\n\n\n\n<p>W pocz\u0105tkowej fazie istnienie przysz\u0142ego Instytutu Humanistycznego zwi\u0105zane by\u0142o z realizacj\u0105 idei kolegium nauczycielskiego zorganizowanego wok\u00f3\u0142 studi\u00f3w pedagogicznych i polonistycznych, a nast\u0119pnie tak\u017ce filologii obcych. Na tym etapie rozwoju kro\u015bnie\u0144skiej humanistyki istotn\u0105 rol\u0119 odegra\u0142a prof. dr hab. Halina Kurek, opiekun naukowy Kolegium J\u0119zyka Polskiego im. Stanis\u0142awa Pigonia w Kro\u015bnie (1992 \u2013 2000), Dziekan Wydzia\u0142u Filologicznego UJ w latach 1999-2005. Niebagateln\u0105 rol\u0119 odegra\u0142 w rozwoju tej instytucji r\u00f3wnie\u017c polonista, spo\u0142ecznik i organizator o\u015bwiaty mgr Franciszek Tereszkiewicz, pe\u0142ni\u0105cy od&nbsp;sierpnia 1992 roku do lipca 1999 funkcj\u0119 dyrektora&nbsp; w Kolegium Nauczycielskim w Kro\u015bnie.<\/p>\n\n\n\n<p>W 1999 roku powsta\u0142a w Kro\u015bnie Pa\u0144stwowa Wy\u017csza Szko\u0142a Zawodowa (na podstawie Rozporz\u0105dzenia Rady Ministr\u00f3w z dnia 15. czerwca 1999 r. Dz. U. Nr 55, poz. 575), kt\u00f3ra prowadz\u0105c 3-letnie i 3,5-letnie studia umo\u017cliwia absolwentom uzyskanie tytu\u0142u zawodowego licencjata lub in\u017cyniera.<\/p>\n\n\n\n<p>W strukturze uczelni od samego pocz\u0105tku istnia\u0142 Instytut Humanistyczny. Obok pierwotnie dw\u00f3ch podstawowych struktur organizacyjnych Instytutu &#8211; Zak\u0142adu Filologii Polskiej oraz Zak\u0142adu Pedagogiki, kolejno w jego ramach powsta\u0142y tak\u017ce&nbsp;zak\u0142ady:<a href=\"http:\/\/www.pwsz.krosno.pl\/aktualnosci-zfa\/\">&nbsp;Filologii Angielskiej<\/a>,&nbsp;<a href=\"http:\/\/www.pwsz.krosno.pl\/historia-zakladu-filologii-germaskiej\/\">Filologii Germa\u0144skiej<\/a>,&nbsp;<a href=\"http:\/\/www.pwsz.krosno.pl\/aktualnosci-zfr\/\">Filologii Rosyjskiej<\/a>&nbsp;oraz&nbsp;<a href=\"http:\/\/www.pwsz.krosno.pl\/translatoryka\">Translatoryki<\/a>. Dynamicznie zmieniaj\u0105ce si\u0119 otoczenie, wyzwania spo\u0142eczne i dydaktyczne&nbsp; oraz potrzeby organizacyjne uczelni spowodowa\u0142y,&nbsp; i\u017c obecnie w Instytucie funkcjonuj\u0105 trzy Zak\u0142ady &#8211; Filologii Angielskiej, Pedagogiki oraz Komunikacji Mi\u0119dzykulturowej.<\/p>\n\n\n\n<p>Instytutem Humanistycznym kierowali kolejno: polonista dr Janusz Grucha\u0142a prof. PWSZ (nast\u0119pnie rektor PWSZ w latach 2004-2012, aktualnie kierownik Katedry Edytorstwa i Nauk Pomocniczych na Uniwersytecie Jagiello\u0144skim), anglista dr W\u0142adys\u0142aw Witalisz prof. PWSZ (p\u00f3\u017aniejszy prorektor ds. rozwoju PWSZ w latach 2004-2012, obecnie prodziekan Wydzia\u0142u Filologicznego UJ), polonista dr hab. Kazimierz Sikora (dyrektor w latach 2004-2012), i anglista doktor W\u0142adys\u0142aw Ch\u0142opicki (dyrektor w kadencji 2012-2016). W 2016 roku stanowisko dyrektora Instytutu obj\u0105\u0142 rusycysta dr Bartosz Go\u0142\u0105bek, kt\u00f3ry jest zwi\u0105zany z uczelni\u0105 od 2007 roku.&nbsp; Ze \u015brodowiska Instytutu wywodzi si\u0119 tak\u017ce obecny rektor uczelni, rusycysta, profesor Grzegorz Przebinda.<\/p>\n\n\n\n<p>Do najwa\u017cniejszych osi\u0105gni\u0119\u0107 w dzia\u0142alno\u015bci Instytutu, obok pracy dydaktycznej i naukowej, nale\u017cy zaliczy\u0107 wiele inicjatyw popularyzatorskich zwi\u0105zanych z szeroko rozumian\u0105 pedagogik\u0105, kultur\u0105 i tradycj\u0105 ojczystego s\u0142owa oraz j\u0119zyk\u00f3w obcych (<a href=\"http:\/\/www.pwsz.krosno.pl\/misja-instytutu-humanistycznego\/\">Misja Instytutu<\/a>).<\/p>\n\n\n\n<p>Wa\u017cnym wydarzeniem dla kro\u015bnie\u0144skiej uczelni by\u0142 zorganizowany przez Instytut Humanistyczny&nbsp;<a href=\"https:\/\/humanistykakrosno.wordpress.com\/\">Og\u00f3lnopolski Kongres Nowoczesna Humanistyka w Pa\u0144stwowych Wy\u017cszych Szko\u0142ach Zawodowych (13-14 maja 2015 roku)<\/a>. W trakcie Kongresu w Bibliotece PWSZ im. Stanis\u0142awa Pigonia w Kro\u015bnie zosta\u0142 otwarty&nbsp;<a href=\"http:\/\/www.pwsz.krosno.pl\/biblioteka\/czytelnia-im-pika-mirandoli\/\">salonik-czytelnia<\/a>&nbsp;nosz\u0105cy imi\u0119&nbsp;<a href=\"https:\/\/archiwum.pans.krosno.pl\/gfx\/pwszkrosno\/userfiles\/golabek.bartosz\/ih\/franciszek_pik.pdf\">Pika Mirandoli<\/a>, kro\u015bnie\u0144skiego literata, t\u0142umacza i&nbsp; wybitnego humanisty.<\/p>\n\n\n\n<p>opracowa\u0142 Bartosz&nbsp;Go\u0142\u0105bek<\/p>\n","protected":false},"excerpt":{"rendered":"<p>Instytut Humanistyczny PWSZ im. Stanis\u0142awa Pigonia w Kro\u015bnie mie\u015bci si\u0119 w budynku&nbsp;Collegium Pigonianum&nbsp;przy ulicy Kazimierza Wielkiego 4-8 w Kro\u015bnie. To najstarszy budynek uczelni z tradycj\u0105 si\u0119gaj\u0105c\u0105 XVII stulecia, w kt\u00f3rym sw\u0105 siedzib\u0119 mia\u0142o niegdy\u015b Kolegium jezuickie. Mie\u015bci\u0142y si\u0119 tu tak\u017ce Krajowa Szko\u0142a Tkacka oraz Szko\u0142a Podstawowa nr 1. Po przej\u0119ciu [\u2026] <\/p>\n<div class=\"clear\"><\/div>\n<p><a class=\"more_link clearfix\" href=\"https:\/\/pans.krosno.pl\/instytut-humanistyczny\/historia\/\" rel=\"nofollow\">Read More<\/a><\/p>\n","protected":false},"author":27,"featured_media":0,"parent":0,"menu_order":0,"comment_status":"closed","ping_status":"closed","template":"page-templates\/template-full-width.php","meta":{"ngg_post_thumbnail":0,"footnotes":""},"class_list":["post-469","page","type-page","status-publish","hentry"],"yoast_head":"<!-- This site is optimized with the Yoast SEO Premium plugin v27.4 (Yoast SEO v27.4) - https:\/\/yoast.com\/product\/yoast-seo-premium-wordpress\/ -->\n<title>Historia - Instytut Humanistyczny PANS w Kro\u015bnie<\/title>\n<meta name=\"robots\" content=\"index, follow, max-snippet:-1, max-image-preview:large, max-video-preview:-1\" \/>\n<link rel=\"canonical\" href=\"https:\/\/pans.krosno.pl\/instytut-humanistyczny\/historia\/\" \/>\n<meta property=\"og:locale\" content=\"pl_PL\" \/>\n<meta property=\"og:type\" content=\"article\" \/>\n<meta property=\"og:title\" content=\"Historia\" \/>\n<meta property=\"og:description\" content=\"Instytut Humanistyczny PWSZ im. Stanis\u0142awa Pigonia w Kro\u015bnie mie\u015bci si\u0119 w budynku&nbsp;Collegium Pigonianum&nbsp;przy ulicy Kazimierza Wielkiego 4-8 w Kro\u015bnie. To najstarszy budynek uczelni z tradycj\u0105 si\u0119gaj\u0105c\u0105 XVII stulecia, w kt\u00f3rym sw\u0105 siedzib\u0119 mia\u0142o niegdy\u015b Kolegium jezuickie. Mie\u015bci\u0142y si\u0119 tu tak\u017ce Krajowa Szko\u0142a Tkacka oraz Szko\u0142a Podstawowa nr 1. Po przej\u0119ciu [\u2026] Read More\" \/>\n<meta property=\"og:url\" content=\"https:\/\/pans.krosno.pl\/instytut-humanistyczny\/historia\/\" \/>\n<meta property=\"og:site_name\" content=\"Instytut Humanistyczny PANS w Kro\u015bnie\" \/>\n<meta property=\"article:modified_time\" content=\"2024-01-30T11:04:12+00:00\" \/>\n<meta name=\"twitter:card\" content=\"summary_large_image\" \/>\n<meta name=\"twitter:label1\" content=\"Szacowany czas czytania\" \/>\n\t<meta name=\"twitter:data1\" content=\"4 minuty\" \/>\n<script type=\"application\/ld+json\" class=\"yoast-schema-graph\">{\"@context\":\"https:\\\/\\\/schema.org\",\"@graph\":[{\"@type\":\"WebPage\",\"@id\":\"https:\\\/\\\/pans.krosno.pl\\\/instytut-humanistyczny\\\/historia\\\/\",\"url\":\"https:\\\/\\\/pans.krosno.pl\\\/instytut-humanistyczny\\\/historia\\\/\",\"name\":\"Historia - Instytut Humanistyczny PANS w Kro\u015bnie\",\"isPartOf\":{\"@id\":\"https:\\\/\\\/pans.krosno.pl\\\/instytut-humanistyczny\\\/#website\"},\"datePublished\":\"2020-07-03T13:34:30+00:00\",\"dateModified\":\"2024-01-30T11:04:12+00:00\",\"breadcrumb\":{\"@id\":\"https:\\\/\\\/pans.krosno.pl\\\/instytut-humanistyczny\\\/historia\\\/#breadcrumb\"},\"inLanguage\":\"pl-PL\",\"potentialAction\":[{\"@type\":\"ReadAction\",\"target\":[\"https:\\\/\\\/pans.krosno.pl\\\/instytut-humanistyczny\\\/historia\\\/\"]}]},{\"@type\":\"BreadcrumbList\",\"@id\":\"https:\\\/\\\/pans.krosno.pl\\\/instytut-humanistyczny\\\/historia\\\/#breadcrumb\",\"itemListElement\":[{\"@type\":\"ListItem\",\"position\":1,\"name\":\"Strona g\u0142\u00f3wna\",\"item\":\"https:\\\/\\\/pans.krosno.pl\\\/instytut-humanistyczny\\\/\"},{\"@type\":\"ListItem\",\"position\":2,\"name\":\"Historia\"}]},{\"@type\":\"WebSite\",\"@id\":\"https:\\\/\\\/pans.krosno.pl\\\/instytut-humanistyczny\\\/#website\",\"url\":\"https:\\\/\\\/pans.krosno.pl\\\/instytut-humanistyczny\\\/\",\"name\":\"Instytut Humanistyczny PANS w Kro\u015bnie\",\"description\":\"Instytut Humanistyczny - Pa\u0144stwowa Akademia Nauk Stosowanych\",\"publisher\":{\"@id\":\"https:\\\/\\\/pans.krosno.pl\\\/instytut-humanistyczny\\\/#organization\"},\"potentialAction\":[{\"@type\":\"SearchAction\",\"target\":{\"@type\":\"EntryPoint\",\"urlTemplate\":\"https:\\\/\\\/pans.krosno.pl\\\/instytut-humanistyczny\\\/?s={search_term_string}\"},\"query-input\":{\"@type\":\"PropertyValueSpecification\",\"valueRequired\":true,\"valueName\":\"search_term_string\"}}],\"inLanguage\":\"pl-PL\"},{\"@type\":\"Organization\",\"@id\":\"https:\\\/\\\/pans.krosno.pl\\\/instytut-humanistyczny\\\/#organization\",\"name\":\"Instytut Humanistyczny PANS w Kro\u015bnie\",\"url\":\"https:\\\/\\\/pans.krosno.pl\\\/instytut-humanistyczny\\\/\",\"logo\":{\"@type\":\"ImageObject\",\"inLanguage\":\"pl-PL\",\"@id\":\"https:\\\/\\\/pans.krosno.pl\\\/instytut-humanistyczny\\\/#\\\/schema\\\/logo\\\/image\\\/\",\"url\":\"https:\\\/\\\/pans.krosno.pl\\\/instytut-humanistyczny\\\/wp-content\\\/uploads\\\/sites\\\/9\\\/2023\\\/01\\\/Logo-PANS-2022-pelne.png\",\"contentUrl\":\"https:\\\/\\\/pans.krosno.pl\\\/instytut-humanistyczny\\\/wp-content\\\/uploads\\\/sites\\\/9\\\/2023\\\/01\\\/Logo-PANS-2022-pelne.png\",\"width\":3096,\"height\":696,\"caption\":\"Instytut Humanistyczny PANS w Kro\u015bnie\"},\"image\":{\"@id\":\"https:\\\/\\\/pans.krosno.pl\\\/instytut-humanistyczny\\\/#\\\/schema\\\/logo\\\/image\\\/\"}}]}<\/script>\n<!-- \/ Yoast SEO Premium plugin. -->","yoast_head_json":{"title":"Historia - Instytut Humanistyczny PANS w Kro\u015bnie","robots":{"index":"index","follow":"follow","max-snippet":"max-snippet:-1","max-image-preview":"max-image-preview:large","max-video-preview":"max-video-preview:-1"},"canonical":"https:\/\/pans.krosno.pl\/instytut-humanistyczny\/historia\/","og_locale":"pl_PL","og_type":"article","og_title":"Historia","og_description":"Instytut Humanistyczny PWSZ im. Stanis\u0142awa Pigonia w Kro\u015bnie mie\u015bci si\u0119 w budynku&nbsp;Collegium Pigonianum&nbsp;przy ulicy Kazimierza Wielkiego 4-8 w Kro\u015bnie. To najstarszy budynek uczelni z tradycj\u0105 si\u0119gaj\u0105c\u0105 XVII stulecia, w kt\u00f3rym sw\u0105 siedzib\u0119 mia\u0142o niegdy\u015b Kolegium jezuickie. Mie\u015bci\u0142y si\u0119 tu tak\u017ce Krajowa Szko\u0142a Tkacka oraz Szko\u0142a Podstawowa nr 1. Po przej\u0119ciu [\u2026] Read More","og_url":"https:\/\/pans.krosno.pl\/instytut-humanistyczny\/historia\/","og_site_name":"Instytut Humanistyczny PANS w Kro\u015bnie","article_modified_time":"2024-01-30T11:04:12+00:00","twitter_card":"summary_large_image","twitter_misc":{"Szacowany czas czytania":"4 minuty"},"schema":{"@context":"https:\/\/schema.org","@graph":[{"@type":"WebPage","@id":"https:\/\/pans.krosno.pl\/instytut-humanistyczny\/historia\/","url":"https:\/\/pans.krosno.pl\/instytut-humanistyczny\/historia\/","name":"Historia - Instytut Humanistyczny PANS w Kro\u015bnie","isPartOf":{"@id":"https:\/\/pans.krosno.pl\/instytut-humanistyczny\/#website"},"datePublished":"2020-07-03T13:34:30+00:00","dateModified":"2024-01-30T11:04:12+00:00","breadcrumb":{"@id":"https:\/\/pans.krosno.pl\/instytut-humanistyczny\/historia\/#breadcrumb"},"inLanguage":"pl-PL","potentialAction":[{"@type":"ReadAction","target":["https:\/\/pans.krosno.pl\/instytut-humanistyczny\/historia\/"]}]},{"@type":"BreadcrumbList","@id":"https:\/\/pans.krosno.pl\/instytut-humanistyczny\/historia\/#breadcrumb","itemListElement":[{"@type":"ListItem","position":1,"name":"Strona g\u0142\u00f3wna","item":"https:\/\/pans.krosno.pl\/instytut-humanistyczny\/"},{"@type":"ListItem","position":2,"name":"Historia"}]},{"@type":"WebSite","@id":"https:\/\/pans.krosno.pl\/instytut-humanistyczny\/#website","url":"https:\/\/pans.krosno.pl\/instytut-humanistyczny\/","name":"Instytut Humanistyczny PANS w Kro\u015bnie","description":"Instytut Humanistyczny - Pa\u0144stwowa Akademia Nauk Stosowanych","publisher":{"@id":"https:\/\/pans.krosno.pl\/instytut-humanistyczny\/#organization"},"potentialAction":[{"@type":"SearchAction","target":{"@type":"EntryPoint","urlTemplate":"https:\/\/pans.krosno.pl\/instytut-humanistyczny\/?s={search_term_string}"},"query-input":{"@type":"PropertyValueSpecification","valueRequired":true,"valueName":"search_term_string"}}],"inLanguage":"pl-PL"},{"@type":"Organization","@id":"https:\/\/pans.krosno.pl\/instytut-humanistyczny\/#organization","name":"Instytut Humanistyczny PANS w Kro\u015bnie","url":"https:\/\/pans.krosno.pl\/instytut-humanistyczny\/","logo":{"@type":"ImageObject","inLanguage":"pl-PL","@id":"https:\/\/pans.krosno.pl\/instytut-humanistyczny\/#\/schema\/logo\/image\/","url":"https:\/\/pans.krosno.pl\/instytut-humanistyczny\/wp-content\/uploads\/sites\/9\/2023\/01\/Logo-PANS-2022-pelne.png","contentUrl":"https:\/\/pans.krosno.pl\/instytut-humanistyczny\/wp-content\/uploads\/sites\/9\/2023\/01\/Logo-PANS-2022-pelne.png","width":3096,"height":696,"caption":"Instytut Humanistyczny PANS w Kro\u015bnie"},"image":{"@id":"https:\/\/pans.krosno.pl\/instytut-humanistyczny\/#\/schema\/logo\/image\/"}}]}},"_links":{"self":[{"href":"https:\/\/pans.krosno.pl\/instytut-humanistyczny\/wp-json\/wp\/v2\/pages\/469","targetHints":{"allow":["GET"]}}],"collection":[{"href":"https:\/\/pans.krosno.pl\/instytut-humanistyczny\/wp-json\/wp\/v2\/pages"}],"about":[{"href":"https:\/\/pans.krosno.pl\/instytut-humanistyczny\/wp-json\/wp\/v2\/types\/page"}],"author":[{"embeddable":true,"href":"https:\/\/pans.krosno.pl\/instytut-humanistyczny\/wp-json\/wp\/v2\/users\/27"}],"replies":[{"embeddable":true,"href":"https:\/\/pans.krosno.pl\/instytut-humanistyczny\/wp-json\/wp\/v2\/comments?post=469"}],"version-history":[{"count":5,"href":"https:\/\/pans.krosno.pl\/instytut-humanistyczny\/wp-json\/wp\/v2\/pages\/469\/revisions"}],"predecessor-version":[{"id":1745,"href":"https:\/\/pans.krosno.pl\/instytut-humanistyczny\/wp-json\/wp\/v2\/pages\/469\/revisions\/1745"}],"wp:attachment":[{"href":"https:\/\/pans.krosno.pl\/instytut-humanistyczny\/wp-json\/wp\/v2\/media?parent=469"}],"curies":[{"name":"wp","href":"https:\/\/api.w.org\/{rel}","templated":true}]}}