{"id":51,"date":"2024-09-06T13:33:18","date_gmt":"2024-09-06T11:33:18","guid":{"rendered":"https:\/\/pans.krosno.pl\/instytut-gospodarki\/?page_id=51"},"modified":"2025-03-07T11:10:03","modified_gmt":"2025-03-07T10:10:03","slug":"kontakt","status":"publish","type":"page","link":"https:\/\/pans.krosno.pl\/instytut-gospodarki\/kontakt\/","title":{"rendered":"Kontakt"},"content":{"rendered":"\n<hr class=\"wp-block-separator has-alpha-channel-opacity\"\/>\n\n\n\n<p class=\"has-text-align-center has-medium-font-size\"><strong>Sekretariat Instytutu Gospodarki pe\u0142ni dy\u017cur dla student\u00f3w w nast\u0119puj\u0105cych dniach:<\/strong><\/p>\n\n\n\n<div class=\"wp-block-columns is-layout-flex wp-container-core-columns-is-layout-28f84493 wp-block-columns-is-layout-flex\">\n<div class=\"wp-block-column is-layout-flow wp-block-column-is-layout-flow\">\n<p class=\"has-text-align-center\"><strong>Kierunki sekretariatu:<\/strong><\/p>\n\n\n\n<ul class=\"wp-block-list\">\n<li><a href=\"https:\/\/pans.krosno.pl\/pibz\/\">Produkcja i bezpiecze\u0144stwo \u017cywno\u015bci<\/a>&nbsp;(in\u017cynierskie)<\/li>\n\n\n\n<li><a href=\"https:\/\/pans.krosno.pl\/zielarstwo\/\">Zielarstwo<\/a>&nbsp;(in\u017cynierskie)<\/li>\n<\/ul>\n\n\n\n<hr class=\"wp-block-separator has-alpha-channel-opacity\"\/>\n\n\n\n<ul class=\"wp-block-list\">\n<li>Krosno, ul. Dmochowskiego 12, budynek A, pok\u00f3j 7<\/li>\n\n\n\n<li>mgr Iwona Wajs<\/li>\n\n\n\n<li>tel.&nbsp;13 43 755 80<\/li>\n\n\n\n<li>e-mail:&nbsp;<a href=\"mailto:ig@pans.krosno.pl\">ig@pans.krosno.pl<\/a><\/li>\n<\/ul>\n\n\n\n<h4 class=\"wp-block-heading has-text-align-center\" id=\"h-godziny-otwarcia-sekretariatu-dla-studentow\">Godziny otwarcia sekretariatu dla student\u00f3w:<\/h4>\n\n\n\n<ul class=\"wp-block-list\">\n<li>Poniedzia\u0142ek &#8211; sekretariat&nbsp;nieczynny<\/li>\n\n\n\n<li>Wtorek &#8211; 10.00&nbsp;\u2013&nbsp;14.00<\/li>\n\n\n\n<li>\u015aroda &#8211; 10.00&nbsp;\u2013&nbsp;14.00<\/li>\n\n\n\n<li>Czwartek &#8211; 10.00&nbsp;\u2013&nbsp;14.00<\/li>\n\n\n\n<li>Pi\u0105tek &#8211; 10.00&nbsp;\u2013&nbsp;13.00<\/li>\n\n\n\n<li>Sobota &#8211; 8.00&nbsp;\u2013&nbsp;12.00&nbsp;(w&nbsp;terminach&nbsp;zjazd\u00f3w)<\/li>\n<\/ul>\n<\/div>\n\n\n\n<div class=\"wp-block-column is-layout-flow wp-block-column-is-layout-flow\">\n<p class=\"has-text-align-center\"><strong>Kierunki sekretariatu:<\/strong><\/p>\n\n\n\n<ul class=\"wp-block-list\">\n<li><a href=\"https:\/\/pans.krosno.pl\/bezpieczenstwo-wewnetrzne\/\">Bezpiecze\u0144stwo wewn\u0119trzne<\/a>&nbsp;(licencjackie)<\/li>\n\n\n\n<li><a href=\"https:\/\/pans.krosno.pl\/tir\/\">Turystyka i rekreacja<\/a>&nbsp;(licencjackie)<\/li>\n\n\n\n<li><a href=\"https:\/\/pans.krosno.pl\/zarzadzanie\/\">Zarz\u0105dzanie I stopnia<\/a>&nbsp;(licencjackie)<\/li>\n\n\n\n<li><a href=\"https:\/\/pans.krosno.pl\/zarzadzanie-magisterskie\/\">Zarz\u0105dzanie II stopnia<\/a>&nbsp;<strong>(magisterskie)<\/strong><\/li>\n<\/ul>\n\n\n\n<hr class=\"wp-block-separator has-alpha-channel-opacity\"\/>\n\n\n\n<ul class=\"wp-block-list\">\n<li>Krosno, ul. Wyspia\u0144skiego 20, pok\u00f3j 8 B<\/li>\n\n\n\n<li>in\u017c. Wanda Dura\u0142<\/li>\n\n\n\n<li>tel.&nbsp;13 43 755 60<\/li>\n\n\n\n<li>e-mail:&nbsp;<a href=\"mailto:ik@pans.krosno.pl\">ik@pans.krosno.pl<\/a><\/li>\n<\/ul>\n\n\n\n<h4 class=\"wp-block-heading\">Godziny otwarcia sekretariatu dla student\u00f3w:<\/h4>\n\n\n\n<ul class=\"wp-block-list\">\n<li>Poniedzia\u0142ek \u2013 nieczynne<\/li>\n\n\n\n<li>Wtorek \u2013 10.00 \u2013 13.00<\/li>\n\n\n\n<li>\u015aroda \u2013 10.00 \u2013 13.00<\/li>\n\n\n\n<li>Czwartek -10.00 \u2013 13.00<\/li>\n\n\n\n<li>Pi\u0105tek -10.00 \u2013 13.00<\/li>\n<\/ul>\n<\/div>\n<\/div>\n\n\n\n<hr class=\"wp-block-separator has-alpha-channel-opacity\"\/>\n\n\n\n<p class=\"has-medium-font-size\"><strong>Dyrektor Instytutu&nbsp;Gospodarki:<\/strong><\/p>\n\n\n\n<ul class=\"wp-block-list\">\n<li><a href=\"https:\/\/pans.krosno.pl\/pracownicy\/dr-piotr-lopatkiewicz\/\"><strong>dr&nbsp;hab.&nbsp;Piotr&nbsp;\u0141opatkiewicz,&nbsp;prof.&nbsp;PANS<\/strong><\/a><\/li>\n<\/ul>\n\n\n\n<p>Dy\u017cur&nbsp;dla&nbsp;student\u00f3w&nbsp;w&nbsp;semestrze&nbsp;zimowym roku&nbsp;akad.&nbsp;2024\/2025:<\/p>\n\n\n\n<ul class=\"wp-block-list\">\n<li>czwartek &#8211; 9.45-11.15 &#8211; ul. Wyspia\u0144skiego 20, Sekretariat Instytutu Gospodarki, pok\u00f3j nr 8 w bud. A<\/li>\n\n\n\n<li>czwartek &#8211; 12.15-13.45 &#8211; ul. Dmochowskiego 12, Sekretariat Instytutu Gospodarki, pok\u00f3j nr 9<\/li>\n<\/ul>\n","protected":false},"excerpt":{"rendered":"<p>Sekretariat Instytutu Gospodarki pe\u0142ni dy\u017cur dla student\u00f3w w nast\u0119puj\u0105cych dniach: Kierunki sekretariatu: Godziny otwarcia sekretariatu dla student\u00f3w: Kierunki sekretariatu: Godziny otwarcia sekretariatu dla student\u00f3w: Dyrektor Instytutu&nbsp;Gospodarki: Dy\u017cur&nbsp;dla&nbsp;student\u00f3w&nbsp;w&nbsp;semestrze&nbsp;zimowym roku&nbsp;akad.&nbsp;2024\/2025:<\/p>\n","protected":false},"author":27,"featured_media":0,"parent":0,"menu_order":0,"comment_status":"closed","ping_status":"closed","template":"page-templates\/template-full-width.php","meta":{"ngg_post_thumbnail":0,"footnotes":""},"class_list":["post-51","page","type-page","status-publish","hentry"],"yoast_head":"<!-- This site is optimized with the Yoast SEO Premium plugin v27.3 (Yoast SEO v27.3) - https:\/\/yoast.com\/product\/yoast-seo-premium-wordpress\/ -->\n<title>Kontakt - Instytut Gospodarki PANS w Kro\u015bnie<\/title>\n<meta name=\"robots\" content=\"index, follow, max-snippet:-1, max-image-preview:large, max-video-preview:-1\" \/>\n<link rel=\"canonical\" href=\"https:\/\/pans.krosno.pl\/instytut-gospodarki\/kontakt\/\" \/>\n<meta property=\"og:locale\" content=\"pl_PL\" \/>\n<meta property=\"og:type\" content=\"article\" \/>\n<meta property=\"og:title\" content=\"Kontakt\" \/>\n<meta property=\"og:description\" content=\"Sekretariat Instytutu Gospodarki pe\u0142ni dy\u017cur dla student\u00f3w w nast\u0119puj\u0105cych dniach: Kierunki sekretariatu: Godziny otwarcia sekretariatu dla student\u00f3w: Kierunki sekretariatu: Godziny otwarcia sekretariatu dla student\u00f3w: Dyrektor Instytutu&nbsp;Gospodarki: Dy\u017cur&nbsp;dla&nbsp;student\u00f3w&nbsp;w&nbsp;semestrze&nbsp;zimowym roku&nbsp;akad.&nbsp;2024\/2025:\" \/>\n<meta property=\"og:url\" content=\"https:\/\/pans.krosno.pl\/instytut-gospodarki\/kontakt\/\" \/>\n<meta property=\"og:site_name\" content=\"Instytut Gospodarki PANS w Kro\u015bnie\" \/>\n<meta property=\"article:publisher\" content=\"https:\/\/www.facebook.com\/StudiaKrosno\/\" \/>\n<meta property=\"article:modified_time\" content=\"2025-03-07T10:10:03+00:00\" \/>\n<meta name=\"twitter:card\" content=\"summary_large_image\" \/>\n<meta name=\"twitter:label1\" content=\"Szacowany czas czytania\" \/>\n\t<meta name=\"twitter:data1\" content=\"1 minuta\" \/>\n<script type=\"application\/ld+json\" class=\"yoast-schema-graph\">{\"@context\":\"https:\\\/\\\/schema.org\",\"@graph\":[{\"@type\":\"WebPage\",\"@id\":\"https:\\\/\\\/pans.krosno.pl\\\/instytut-gospodarki\\\/kontakt\\\/\",\"url\":\"https:\\\/\\\/pans.krosno.pl\\\/instytut-gospodarki\\\/kontakt\\\/\",\"name\":\"Kontakt - Instytut Gospodarki PANS w Kro\u015bnie\",\"isPartOf\":{\"@id\":\"https:\\\/\\\/pans.krosno.pl\\\/instytut-gospodarki\\\/#website\"},\"datePublished\":\"2024-09-06T11:33:18+00:00\",\"dateModified\":\"2025-03-07T10:10:03+00:00\",\"breadcrumb\":{\"@id\":\"https:\\\/\\\/pans.krosno.pl\\\/instytut-gospodarki\\\/kontakt\\\/#breadcrumb\"},\"inLanguage\":\"pl-PL\",\"potentialAction\":[{\"@type\":\"ReadAction\",\"target\":[\"https:\\\/\\\/pans.krosno.pl\\\/instytut-gospodarki\\\/kontakt\\\/\"]}]},{\"@type\":\"BreadcrumbList\",\"@id\":\"https:\\\/\\\/pans.krosno.pl\\\/instytut-gospodarki\\\/kontakt\\\/#breadcrumb\",\"itemListElement\":[{\"@type\":\"ListItem\",\"position\":1,\"name\":\"Strona g\u0142\u00f3wna\",\"item\":\"https:\\\/\\\/pans.krosno.pl\\\/instytut-gospodarki\\\/\"},{\"@type\":\"ListItem\",\"position\":2,\"name\":\"Kontakt\"}]},{\"@type\":\"WebSite\",\"@id\":\"https:\\\/\\\/pans.krosno.pl\\\/instytut-gospodarki\\\/#website\",\"url\":\"https:\\\/\\\/pans.krosno.pl\\\/instytut-gospodarki\\\/\",\"name\":\"PANS w Kro\u015bnie\",\"description\":\"\",\"publisher\":{\"@id\":\"https:\\\/\\\/pans.krosno.pl\\\/instytut-gospodarki\\\/#organization\"},\"alternateName\":\"PANS Krosno\",\"potentialAction\":[{\"@type\":\"SearchAction\",\"target\":{\"@type\":\"EntryPoint\",\"urlTemplate\":\"https:\\\/\\\/pans.krosno.pl\\\/instytut-gospodarki\\\/?s={search_term_string}\"},\"query-input\":{\"@type\":\"PropertyValueSpecification\",\"valueRequired\":true,\"valueName\":\"search_term_string\"}}],\"inLanguage\":\"pl-PL\"},{\"@type\":\"Organization\",\"@id\":\"https:\\\/\\\/pans.krosno.pl\\\/instytut-gospodarki\\\/#organization\",\"name\":\"Pa\u0144stwowa Akademia Nauk Stosowanych w Kro\u015bnie\",\"alternateName\":\"PANS Krosno\",\"url\":\"https:\\\/\\\/pans.krosno.pl\\\/instytut-gospodarki\\\/\",\"logo\":{\"@type\":\"ImageObject\",\"inLanguage\":\"pl-PL\",\"@id\":\"https:\\\/\\\/pans.krosno.pl\\\/instytut-gospodarki\\\/#\\\/schema\\\/logo\\\/image\\\/\",\"url\":\"https:\\\/\\\/pans.krosno.pl\\\/wp-content\\\/uploads\\\/2023\\\/01\\\/Logo-PANS-2022-pelne-2-scaled.jpg\",\"contentUrl\":\"https:\\\/\\\/pans.krosno.pl\\\/wp-content\\\/uploads\\\/2023\\\/01\\\/Logo-PANS-2022-pelne-2-scaled.jpg\",\"width\":2560,\"height\":576,\"caption\":\"Pa\u0144stwowa Akademia Nauk Stosowanych w Kro\u015bnie\"},\"image\":{\"@id\":\"https:\\\/\\\/pans.krosno.pl\\\/instytut-gospodarki\\\/#\\\/schema\\\/logo\\\/image\\\/\"},\"sameAs\":[\"https:\\\/\\\/www.facebook.com\\\/StudiaKrosno\\\/\",\"https:\\\/\\\/www.instagram.com\\\/pans.krosno\\\/\",\"https:\\\/\\\/pl.linkedin.com\\\/company\\\/pwsz-krosno\",\"https:\\\/\\\/www.youtube.com\\\/user\\\/pwszkrosno\\\/\",\"https:\\\/\\\/pl.wikipedia.org\\\/wiki\\\/Pa\u0144stwowa_Wy\u017csza_Szko\u0142a_Zawodowa_im._Stanis\u0142awa_Pigonia_w_Kro\u015bnie\"]}]}<\/script>\n<!-- \/ Yoast SEO Premium plugin. -->","yoast_head_json":{"title":"Kontakt - Instytut Gospodarki PANS w Kro\u015bnie","robots":{"index":"index","follow":"follow","max-snippet":"max-snippet:-1","max-image-preview":"max-image-preview:large","max-video-preview":"max-video-preview:-1"},"canonical":"https:\/\/pans.krosno.pl\/instytut-gospodarki\/kontakt\/","og_locale":"pl_PL","og_type":"article","og_title":"Kontakt","og_description":"Sekretariat Instytutu Gospodarki pe\u0142ni dy\u017cur dla student\u00f3w w nast\u0119puj\u0105cych dniach: Kierunki sekretariatu: Godziny otwarcia sekretariatu dla student\u00f3w: Kierunki sekretariatu: Godziny otwarcia sekretariatu dla student\u00f3w: Dyrektor Instytutu&nbsp;Gospodarki: Dy\u017cur&nbsp;dla&nbsp;student\u00f3w&nbsp;w&nbsp;semestrze&nbsp;zimowym roku&nbsp;akad.&nbsp;2024\/2025:","og_url":"https:\/\/pans.krosno.pl\/instytut-gospodarki\/kontakt\/","og_site_name":"Instytut Gospodarki PANS w Kro\u015bnie","article_publisher":"https:\/\/www.facebook.com\/StudiaKrosno\/","article_modified_time":"2025-03-07T10:10:03+00:00","twitter_card":"summary_large_image","twitter_misc":{"Szacowany czas czytania":"1 minuta"},"schema":{"@context":"https:\/\/schema.org","@graph":[{"@type":"WebPage","@id":"https:\/\/pans.krosno.pl\/instytut-gospodarki\/kontakt\/","url":"https:\/\/pans.krosno.pl\/instytut-gospodarki\/kontakt\/","name":"Kontakt - Instytut Gospodarki PANS w Kro\u015bnie","isPartOf":{"@id":"https:\/\/pans.krosno.pl\/instytut-gospodarki\/#website"},"datePublished":"2024-09-06T11:33:18+00:00","dateModified":"2025-03-07T10:10:03+00:00","breadcrumb":{"@id":"https:\/\/pans.krosno.pl\/instytut-gospodarki\/kontakt\/#breadcrumb"},"inLanguage":"pl-PL","potentialAction":[{"@type":"ReadAction","target":["https:\/\/pans.krosno.pl\/instytut-gospodarki\/kontakt\/"]}]},{"@type":"BreadcrumbList","@id":"https:\/\/pans.krosno.pl\/instytut-gospodarki\/kontakt\/#breadcrumb","itemListElement":[{"@type":"ListItem","position":1,"name":"Strona g\u0142\u00f3wna","item":"https:\/\/pans.krosno.pl\/instytut-gospodarki\/"},{"@type":"ListItem","position":2,"name":"Kontakt"}]},{"@type":"WebSite","@id":"https:\/\/pans.krosno.pl\/instytut-gospodarki\/#website","url":"https:\/\/pans.krosno.pl\/instytut-gospodarki\/","name":"PANS w Kro\u015bnie","description":"","publisher":{"@id":"https:\/\/pans.krosno.pl\/instytut-gospodarki\/#organization"},"alternateName":"PANS Krosno","potentialAction":[{"@type":"SearchAction","target":{"@type":"EntryPoint","urlTemplate":"https:\/\/pans.krosno.pl\/instytut-gospodarki\/?s={search_term_string}"},"query-input":{"@type":"PropertyValueSpecification","valueRequired":true,"valueName":"search_term_string"}}],"inLanguage":"pl-PL"},{"@type":"Organization","@id":"https:\/\/pans.krosno.pl\/instytut-gospodarki\/#organization","name":"Pa\u0144stwowa Akademia Nauk Stosowanych w Kro\u015bnie","alternateName":"PANS Krosno","url":"https:\/\/pans.krosno.pl\/instytut-gospodarki\/","logo":{"@type":"ImageObject","inLanguage":"pl-PL","@id":"https:\/\/pans.krosno.pl\/instytut-gospodarki\/#\/schema\/logo\/image\/","url":"https:\/\/pans.krosno.pl\/wp-content\/uploads\/2023\/01\/Logo-PANS-2022-pelne-2-scaled.jpg","contentUrl":"https:\/\/pans.krosno.pl\/wp-content\/uploads\/2023\/01\/Logo-PANS-2022-pelne-2-scaled.jpg","width":2560,"height":576,"caption":"Pa\u0144stwowa Akademia Nauk Stosowanych w Kro\u015bnie"},"image":{"@id":"https:\/\/pans.krosno.pl\/instytut-gospodarki\/#\/schema\/logo\/image\/"},"sameAs":["https:\/\/www.facebook.com\/StudiaKrosno\/","https:\/\/www.instagram.com\/pans.krosno\/","https:\/\/pl.linkedin.com\/company\/pwsz-krosno","https:\/\/www.youtube.com\/user\/pwszkrosno\/","https:\/\/pl.wikipedia.org\/wiki\/Pa\u0144stwowa_Wy\u017csza_Szko\u0142a_Zawodowa_im._Stanis\u0142awa_Pigonia_w_Kro\u015bnie"]}]}},"_links":{"self":[{"href":"https:\/\/pans.krosno.pl\/instytut-gospodarki\/wp-json\/wp\/v2\/pages\/51","targetHints":{"allow":["GET"]}}],"collection":[{"href":"https:\/\/pans.krosno.pl\/instytut-gospodarki\/wp-json\/wp\/v2\/pages"}],"about":[{"href":"https:\/\/pans.krosno.pl\/instytut-gospodarki\/wp-json\/wp\/v2\/types\/page"}],"author":[{"embeddable":true,"href":"https:\/\/pans.krosno.pl\/instytut-gospodarki\/wp-json\/wp\/v2\/users\/27"}],"replies":[{"embeddable":true,"href":"https:\/\/pans.krosno.pl\/instytut-gospodarki\/wp-json\/wp\/v2\/comments?post=51"}],"version-history":[{"count":7,"href":"https:\/\/pans.krosno.pl\/instytut-gospodarki\/wp-json\/wp\/v2\/pages\/51\/revisions"}],"predecessor-version":[{"id":87,"href":"https:\/\/pans.krosno.pl\/instytut-gospodarki\/wp-json\/wp\/v2\/pages\/51\/revisions\/87"}],"wp:attachment":[{"href":"https:\/\/pans.krosno.pl\/instytut-gospodarki\/wp-json\/wp\/v2\/media?parent=51"}],"curies":[{"name":"wp","href":"https:\/\/api.w.org\/{rel}","templated":true}]}}