{"id":50,"date":"2024-09-06T13:33:17","date_gmt":"2024-09-06T11:33:17","guid":{"rendered":"https:\/\/pans.krosno.pl\/instytut-gospodarki\/?page_id=50"},"modified":"2026-03-24T11:49:39","modified_gmt":"2026-03-24T10:49:39","slug":"dyrektor-i-kierownicy-zakladow","status":"publish","type":"page","link":"https:\/\/pans.krosno.pl\/instytut-gospodarki\/dyrektor-i-kierownicy-zakladow\/","title":{"rendered":"Dyrektor i kierownicy zak\u0142ad\u00f3w"},"content":{"rendered":"\n<ul class=\"wp-block-list\">\n<li><a href=\"https:\/\/pans.krosno.pl\/pracownicy\/dr-piotr-lopatkiewicz\/\">dr hab. Piotr \u0141opatkiewicz, prof. PANS<\/a>\n<ul class=\"wp-block-list\">\n<li><strong><mark class=\"has-inline-color has-vivid-red-color\">Dyrektor<\/mark> <a href=\"https:\/\/pans.krosno.pl\/instytut-gospodarki\/\">Instytutu Gospodarki<\/a><\/strong><\/li>\n\n\n\n<li><a href=\"mailto:piotr.lopatkiewicz@pans.krosno.pl\">piotr.lopatkiewicz@pans.krosno.pl<\/a><\/li>\n<\/ul>\n<\/li>\n\n\n\n<li><a href=\"https:\/\/pans.krosno.pl\/pracownicy\/dr-jacek-kras\/\">dr Jacek Kra\u015b<\/a>\n<ul class=\"wp-block-list\">\n<li><strong>Kierownik<\/strong> <a href=\"https:\/\/pans.krosno.pl\/bezpieczenstwo-wewnetrzne\/\"><strong>Zak\u0142adu Bezpiecze\u0144stwa Wewn\u0119trznego<\/strong><\/a><\/li>\n\n\n\n<li><a href=\"mailto:jacek.kras@pans.krosno.pl\">jacek.kras@pans.krosno.pl<\/a><\/li>\n<\/ul>\n<\/li>\n\n\n\n<li><a href=\"https:\/\/pans.krosno.pl\/pracownicy\/dr-rafal-kapica\/\">dr Rafa\u0142 Kapica<\/a>\n<ul class=\"wp-block-list\">\n<li><strong>Kierownik <a href=\"https:\/\/pans.krosno.pl\/tir\/\" target=\"_blank\" rel=\"noreferrer noopener\">Zak\u0142adu Turystyki i Rekreacji<\/a><\/strong><\/li>\n\n\n\n<li><a href=\"mailto:rafal.kapica@pans.krosno.pl\">rafal.kapica@pans.krosno.pl<\/a><\/li>\n<\/ul>\n<\/li>\n\n\n\n<li><a href=\"https:\/\/pans.krosno.pl\/pracownicy\/dr-inz-barbara-krochmal-marczak\/\" target=\"_blank\" rel=\"noreferrer noopener\">dr hab. in\u017c. Barbara Krochmal-Marczak, prof. PANS<\/a>\n<ul class=\"wp-block-list\">\n<li><strong>Kierownik <a href=\"https:\/\/pans.krosno.pl\/pibz\/\" target=\"_blank\" rel=\"noreferrer noopener\">Zak\u0142adu Produkcji i Bezpiecze\u0144stwa \u017bywno\u015bci<\/a><\/strong><\/li>\n\n\n\n<li><a href=\"mailto:barbara.krochmal-marczak@pans.krosno.pl\">barbara.krochmal-marczak@pans.krosno.pl<\/a><\/li>\n<\/ul>\n<\/li>\n\n\n\n<li><a href=\"https:\/\/pans.krosno.pl\/pracownicy\/dr-inz-bernadeta-bienia\/\">dr in\u017c. Bernadetta Bienia<\/a>\n<ul class=\"wp-block-list\">\n<li><strong>Kierownik <a href=\"https:\/\/pans.krosno.pl\/zielarstwo\/\">Zak\u0142adu Zielarstwa<\/a><\/strong><\/li>\n\n\n\n<li><a href=\"mailto:bernadetta.bienia@pans.krosno.pl\">bernadetta.bienia@pans.krosno.pl<\/a><\/li>\n<\/ul>\n<\/li>\n\n\n\n<li><a href=\"https:\/\/pans.krosno.pl\/pracownicy\/malgorzata-szeliga\/\">dr in\u017c. Ma\u0142gorzata Szeliga<\/a>\n<ul class=\"wp-block-list\">\n<li><strong>p.o.<\/strong> <strong>Kierownik <a href=\"https:\/\/pans.krosno.pl\/zarzadzanie\/\" target=\"_blank\" rel=\"noreferrer noopener\">Zak\u0142adu Zarz\u0105dzania<\/a><\/strong><\/li>\n\n\n\n<li><a href=\"mailto:malgorzata.szeliga@pans.krosno.pl\">malgorzata.szeliga@pans.krosno.pl<\/a><\/li>\n<\/ul>\n<\/li>\n<\/ul>\n\n\n\n<hr class=\"wp-block-separator has-alpha-channel-opacity\"\/>\n\n\n\n<figure class=\"wp-block-table\"><table class=\"has-fixed-layout\"><thead><tr><th>Imi\u0119 i nazwisko<\/th><th>Zak\u0142ad<\/th><th>Godziny konsultacji<\/th><th>Miejsce konsultacji<\/th><\/tr><\/thead><tbody><tr><td><a href=\"https:\/\/pans.krosno.pl\/pracownicy\/dr-piotr-lopatkiewicz\/\">dr hab. Piotr \u0141opatkiewicz<\/a><\/td><td><strong>Dyrektor <a href=\"https:\/\/pans.krosno.pl\/instytut-gospodarki\/\">Instytutu Gospodarki<\/a><\/strong><\/td><td><\/td><td><\/td><\/tr><tr><td><a href=\"https:\/\/pans.krosno.pl\/pracownicy\/dr-jacek-kras\/\">dr Jacek Kra\u015b<\/a><\/td><td><strong>Kierownik<\/strong> <a href=\"https:\/\/pans.krosno.pl\/bezpieczenstwo-wewnetrzne\/\"><strong>Zak\u0142adu Bezpiecze\u0144stwa Wewn\u0119trznego<\/strong><\/a><\/td><td><\/td><td><\/td><\/tr><tr><td><a href=\"https:\/\/pans.krosno.pl\/pracownicy\/dr-rafal-kapica\/\">dr Rafa\u0142 Kapica<\/a><\/td><td><strong>Kierownik <a href=\"https:\/\/pans.krosno.pl\/tir\/\" target=\"_blank\" rel=\"noreferrer noopener\">Zak\u0142adu Turystyki i Rekreacji<\/a><\/strong><\/td><td><\/td><td><\/td><\/tr><tr><td><a href=\"https:\/\/pans.krosno.pl\/pracownicy\/dr-inz-barbara-krochmal-marczak\/\" target=\"_blank\" rel=\"noreferrer noopener\">dr hab. in\u017c. Barbara Krochmal-Marczak<\/a><\/td><td><strong>Kierownik <a href=\"https:\/\/pans.krosno.pl\/pibz\/\" target=\"_blank\" rel=\"noreferrer noopener\">Zak\u0142adu Produkcji i Bezpiecze\u0144stwa \u017bywno\u015bci<\/a><\/strong><\/td><td>pi\u0105tek, godz. 14.00-16.00<\/td><td>pok\u00f3j nr 7,<br>ul. Dmochowskiego 12,<br><\/td><\/tr><tr><td><a href=\"https:\/\/pans.krosno.pl\/pracownicy\/dr-inz-bernadeta-bienia\/\">dr in\u017c. Bernadetta Bienia<\/a><\/td><td><strong>Kierownik <a href=\"https:\/\/pans.krosno.pl\/zielarstwo\/\">Zak\u0142adu Zielarstwa<\/a><\/strong><\/td><td>\u015broda, godz.11.15-13.15<\/td><td>pok\u00f3j nr 25<br>ul. Dmochowskiego 12 <\/td><\/tr><tr><td><a href=\"https:\/\/pans.krosno.pl\/pracownicy\/malgorzata-szeliga\/\">dr in\u017c. Ma\u0142gorzata Szeliga<\/a><\/td><td><strong>Kierownik <a href=\"https:\/\/pans.krosno.pl\/zarzadzanie\/\" target=\"_blank\" rel=\"noreferrer noopener\">Zak\u0142adu Zarz\u0105dzania<\/a><\/strong><\/td><td>czwartek A 14:30-16:30 <br>sobota B 11:30-13:30 <\/td><td>Sala&nbsp;nr&nbsp;4B, ul.&nbsp;Wyspia\u0144skiego&nbsp;20<\/td><\/tr><\/tbody><\/table><\/figure>\n","protected":false},"excerpt":{"rendered":"<p>Imi\u0119 i nazwisko Zak\u0142ad Godziny konsultacji Miejsce konsultacji dr hab. Piotr \u0141opatkiewicz Dyrektor Instytutu Gospodarki dr Jacek Kra\u015b Kierownik Zak\u0142adu Bezpiecze\u0144stwa Wewn\u0119trznego dr Rafa\u0142 Kapica Kierownik Zak\u0142adu Turystyki i Rekreacji dr hab. in\u017c. Barbara Krochmal-Marczak Kierownik Zak\u0142adu Produkcji i Bezpiecze\u0144stwa \u017bywno\u015bci pi\u0105tek, godz. 14.00-16.00 pok\u00f3j nr 7,ul. Dmochowskiego 12, dr [\u2026] <\/p>\n<div class=\"clear\"><\/div>\n<p><a class=\"more_link clearfix\" href=\"https:\/\/pans.krosno.pl\/instytut-gospodarki\/dyrektor-i-kierownicy-zakladow\/\" rel=\"nofollow\">Read More<\/a><\/p>\n","protected":false},"author":27,"featured_media":0,"parent":0,"menu_order":0,"comment_status":"closed","ping_status":"closed","template":"page-templates\/template-full-width.php","meta":{"ngg_post_thumbnail":0,"footnotes":""},"class_list":["post-50","page","type-page","status-publish","hentry"],"yoast_head":"<!-- This site is optimized with the Yoast SEO Premium plugin v27.3 (Yoast SEO v27.3) - https:\/\/yoast.com\/product\/yoast-seo-premium-wordpress\/ -->\n<title>Dyrektor i kierownicy zak\u0142ad\u00f3w - Instytut Gospodarki PANS w Kro\u015bnie<\/title>\n<meta name=\"robots\" content=\"index, follow, max-snippet:-1, max-image-preview:large, max-video-preview:-1\" \/>\n<link rel=\"canonical\" href=\"https:\/\/pans.krosno.pl\/instytut-gospodarki\/dyrektor-i-kierownicy-zakladow\/\" \/>\n<meta property=\"og:locale\" content=\"pl_PL\" \/>\n<meta property=\"og:type\" content=\"article\" \/>\n<meta property=\"og:title\" content=\"Dyrektor i kierownicy zak\u0142ad\u00f3w\" \/>\n<meta property=\"og:description\" content=\"Imi\u0119 i nazwisko Zak\u0142ad Godziny konsultacji Miejsce konsultacji dr hab. Piotr \u0141opatkiewicz Dyrektor Instytutu Gospodarki dr Jacek Kra\u015b Kierownik Zak\u0142adu Bezpiecze\u0144stwa Wewn\u0119trznego dr Rafa\u0142 Kapica Kierownik Zak\u0142adu Turystyki i Rekreacji dr hab. in\u017c. Barbara Krochmal-Marczak Kierownik Zak\u0142adu Produkcji i Bezpiecze\u0144stwa \u017bywno\u015bci pi\u0105tek, godz. 14.00-16.00 pok\u00f3j nr 7,ul. Dmochowskiego 12, dr [\u2026] Read More\" \/>\n<meta property=\"og:url\" content=\"https:\/\/pans.krosno.pl\/instytut-gospodarki\/dyrektor-i-kierownicy-zakladow\/\" \/>\n<meta property=\"og:site_name\" content=\"Instytut Gospodarki PANS w Kro\u015bnie\" \/>\n<meta property=\"article:publisher\" content=\"https:\/\/www.facebook.com\/StudiaKrosno\/\" \/>\n<meta property=\"article:modified_time\" content=\"2026-03-24T10:49:39+00:00\" \/>\n<meta name=\"twitter:card\" content=\"summary_large_image\" \/>\n<meta name=\"twitter:label1\" content=\"Szacowany czas czytania\" \/>\n\t<meta name=\"twitter:data1\" content=\"1 minuta\" \/>\n<script type=\"application\/ld+json\" class=\"yoast-schema-graph\">{\"@context\":\"https:\\\/\\\/schema.org\",\"@graph\":[{\"@type\":\"WebPage\",\"@id\":\"https:\\\/\\\/pans.krosno.pl\\\/instytut-gospodarki\\\/dyrektor-i-kierownicy-zakladow\\\/\",\"url\":\"https:\\\/\\\/pans.krosno.pl\\\/instytut-gospodarki\\\/dyrektor-i-kierownicy-zakladow\\\/\",\"name\":\"Dyrektor i kierownicy zak\u0142ad\u00f3w - Instytut Gospodarki PANS w Kro\u015bnie\",\"isPartOf\":{\"@id\":\"https:\\\/\\\/pans.krosno.pl\\\/instytut-gospodarki\\\/#website\"},\"datePublished\":\"2024-09-06T11:33:17+00:00\",\"dateModified\":\"2026-03-24T10:49:39+00:00\",\"breadcrumb\":{\"@id\":\"https:\\\/\\\/pans.krosno.pl\\\/instytut-gospodarki\\\/dyrektor-i-kierownicy-zakladow\\\/#breadcrumb\"},\"inLanguage\":\"pl-PL\",\"potentialAction\":[{\"@type\":\"ReadAction\",\"target\":[\"https:\\\/\\\/pans.krosno.pl\\\/instytut-gospodarki\\\/dyrektor-i-kierownicy-zakladow\\\/\"]}]},{\"@type\":\"BreadcrumbList\",\"@id\":\"https:\\\/\\\/pans.krosno.pl\\\/instytut-gospodarki\\\/dyrektor-i-kierownicy-zakladow\\\/#breadcrumb\",\"itemListElement\":[{\"@type\":\"ListItem\",\"position\":1,\"name\":\"Strona g\u0142\u00f3wna\",\"item\":\"https:\\\/\\\/pans.krosno.pl\\\/instytut-gospodarki\\\/\"},{\"@type\":\"ListItem\",\"position\":2,\"name\":\"Dyrektor i kierownicy zak\u0142ad\u00f3w\"}]},{\"@type\":\"WebSite\",\"@id\":\"https:\\\/\\\/pans.krosno.pl\\\/instytut-gospodarki\\\/#website\",\"url\":\"https:\\\/\\\/pans.krosno.pl\\\/instytut-gospodarki\\\/\",\"name\":\"PANS w Kro\u015bnie\",\"description\":\"\",\"publisher\":{\"@id\":\"https:\\\/\\\/pans.krosno.pl\\\/instytut-gospodarki\\\/#organization\"},\"alternateName\":\"PANS Krosno\",\"potentialAction\":[{\"@type\":\"SearchAction\",\"target\":{\"@type\":\"EntryPoint\",\"urlTemplate\":\"https:\\\/\\\/pans.krosno.pl\\\/instytut-gospodarki\\\/?s={search_term_string}\"},\"query-input\":{\"@type\":\"PropertyValueSpecification\",\"valueRequired\":true,\"valueName\":\"search_term_string\"}}],\"inLanguage\":\"pl-PL\"},{\"@type\":\"Organization\",\"@id\":\"https:\\\/\\\/pans.krosno.pl\\\/instytut-gospodarki\\\/#organization\",\"name\":\"Pa\u0144stwowa Akademia Nauk Stosowanych w Kro\u015bnie\",\"alternateName\":\"PANS Krosno\",\"url\":\"https:\\\/\\\/pans.krosno.pl\\\/instytut-gospodarki\\\/\",\"logo\":{\"@type\":\"ImageObject\",\"inLanguage\":\"pl-PL\",\"@id\":\"https:\\\/\\\/pans.krosno.pl\\\/instytut-gospodarki\\\/#\\\/schema\\\/logo\\\/image\\\/\",\"url\":\"https:\\\/\\\/pans.krosno.pl\\\/wp-content\\\/uploads\\\/2023\\\/01\\\/Logo-PANS-2022-pelne-2-scaled.jpg\",\"contentUrl\":\"https:\\\/\\\/pans.krosno.pl\\\/wp-content\\\/uploads\\\/2023\\\/01\\\/Logo-PANS-2022-pelne-2-scaled.jpg\",\"width\":2560,\"height\":576,\"caption\":\"Pa\u0144stwowa Akademia Nauk Stosowanych w Kro\u015bnie\"},\"image\":{\"@id\":\"https:\\\/\\\/pans.krosno.pl\\\/instytut-gospodarki\\\/#\\\/schema\\\/logo\\\/image\\\/\"},\"sameAs\":[\"https:\\\/\\\/www.facebook.com\\\/StudiaKrosno\\\/\",\"https:\\\/\\\/www.instagram.com\\\/pans.krosno\\\/\",\"https:\\\/\\\/pl.linkedin.com\\\/company\\\/pwsz-krosno\",\"https:\\\/\\\/www.youtube.com\\\/user\\\/pwszkrosno\\\/\",\"https:\\\/\\\/pl.wikipedia.org\\\/wiki\\\/Pa\u0144stwowa_Wy\u017csza_Szko\u0142a_Zawodowa_im._Stanis\u0142awa_Pigonia_w_Kro\u015bnie\"]}]}<\/script>\n<!-- \/ Yoast SEO Premium plugin. -->","yoast_head_json":{"title":"Dyrektor i kierownicy zak\u0142ad\u00f3w - Instytut Gospodarki PANS w Kro\u015bnie","robots":{"index":"index","follow":"follow","max-snippet":"max-snippet:-1","max-image-preview":"max-image-preview:large","max-video-preview":"max-video-preview:-1"},"canonical":"https:\/\/pans.krosno.pl\/instytut-gospodarki\/dyrektor-i-kierownicy-zakladow\/","og_locale":"pl_PL","og_type":"article","og_title":"Dyrektor i kierownicy zak\u0142ad\u00f3w","og_description":"Imi\u0119 i nazwisko Zak\u0142ad Godziny konsultacji Miejsce konsultacji dr hab. Piotr \u0141opatkiewicz Dyrektor Instytutu Gospodarki dr Jacek Kra\u015b Kierownik Zak\u0142adu Bezpiecze\u0144stwa Wewn\u0119trznego dr Rafa\u0142 Kapica Kierownik Zak\u0142adu Turystyki i Rekreacji dr hab. in\u017c. Barbara Krochmal-Marczak Kierownik Zak\u0142adu Produkcji i Bezpiecze\u0144stwa \u017bywno\u015bci pi\u0105tek, godz. 14.00-16.00 pok\u00f3j nr 7,ul. Dmochowskiego 12, dr [\u2026] Read More","og_url":"https:\/\/pans.krosno.pl\/instytut-gospodarki\/dyrektor-i-kierownicy-zakladow\/","og_site_name":"Instytut Gospodarki PANS w Kro\u015bnie","article_publisher":"https:\/\/www.facebook.com\/StudiaKrosno\/","article_modified_time":"2026-03-24T10:49:39+00:00","twitter_card":"summary_large_image","twitter_misc":{"Szacowany czas czytania":"1 minuta"},"schema":{"@context":"https:\/\/schema.org","@graph":[{"@type":"WebPage","@id":"https:\/\/pans.krosno.pl\/instytut-gospodarki\/dyrektor-i-kierownicy-zakladow\/","url":"https:\/\/pans.krosno.pl\/instytut-gospodarki\/dyrektor-i-kierownicy-zakladow\/","name":"Dyrektor i kierownicy zak\u0142ad\u00f3w - Instytut Gospodarki PANS w Kro\u015bnie","isPartOf":{"@id":"https:\/\/pans.krosno.pl\/instytut-gospodarki\/#website"},"datePublished":"2024-09-06T11:33:17+00:00","dateModified":"2026-03-24T10:49:39+00:00","breadcrumb":{"@id":"https:\/\/pans.krosno.pl\/instytut-gospodarki\/dyrektor-i-kierownicy-zakladow\/#breadcrumb"},"inLanguage":"pl-PL","potentialAction":[{"@type":"ReadAction","target":["https:\/\/pans.krosno.pl\/instytut-gospodarki\/dyrektor-i-kierownicy-zakladow\/"]}]},{"@type":"BreadcrumbList","@id":"https:\/\/pans.krosno.pl\/instytut-gospodarki\/dyrektor-i-kierownicy-zakladow\/#breadcrumb","itemListElement":[{"@type":"ListItem","position":1,"name":"Strona g\u0142\u00f3wna","item":"https:\/\/pans.krosno.pl\/instytut-gospodarki\/"},{"@type":"ListItem","position":2,"name":"Dyrektor i kierownicy zak\u0142ad\u00f3w"}]},{"@type":"WebSite","@id":"https:\/\/pans.krosno.pl\/instytut-gospodarki\/#website","url":"https:\/\/pans.krosno.pl\/instytut-gospodarki\/","name":"PANS w Kro\u015bnie","description":"","publisher":{"@id":"https:\/\/pans.krosno.pl\/instytut-gospodarki\/#organization"},"alternateName":"PANS Krosno","potentialAction":[{"@type":"SearchAction","target":{"@type":"EntryPoint","urlTemplate":"https:\/\/pans.krosno.pl\/instytut-gospodarki\/?s={search_term_string}"},"query-input":{"@type":"PropertyValueSpecification","valueRequired":true,"valueName":"search_term_string"}}],"inLanguage":"pl-PL"},{"@type":"Organization","@id":"https:\/\/pans.krosno.pl\/instytut-gospodarki\/#organization","name":"Pa\u0144stwowa Akademia Nauk Stosowanych w Kro\u015bnie","alternateName":"PANS Krosno","url":"https:\/\/pans.krosno.pl\/instytut-gospodarki\/","logo":{"@type":"ImageObject","inLanguage":"pl-PL","@id":"https:\/\/pans.krosno.pl\/instytut-gospodarki\/#\/schema\/logo\/image\/","url":"https:\/\/pans.krosno.pl\/wp-content\/uploads\/2023\/01\/Logo-PANS-2022-pelne-2-scaled.jpg","contentUrl":"https:\/\/pans.krosno.pl\/wp-content\/uploads\/2023\/01\/Logo-PANS-2022-pelne-2-scaled.jpg","width":2560,"height":576,"caption":"Pa\u0144stwowa Akademia Nauk Stosowanych w Kro\u015bnie"},"image":{"@id":"https:\/\/pans.krosno.pl\/instytut-gospodarki\/#\/schema\/logo\/image\/"},"sameAs":["https:\/\/www.facebook.com\/StudiaKrosno\/","https:\/\/www.instagram.com\/pans.krosno\/","https:\/\/pl.linkedin.com\/company\/pwsz-krosno","https:\/\/www.youtube.com\/user\/pwszkrosno\/","https:\/\/pl.wikipedia.org\/wiki\/Pa\u0144stwowa_Wy\u017csza_Szko\u0142a_Zawodowa_im._Stanis\u0142awa_Pigonia_w_Kro\u015bnie"]}]}},"_links":{"self":[{"href":"https:\/\/pans.krosno.pl\/instytut-gospodarki\/wp-json\/wp\/v2\/pages\/50","targetHints":{"allow":["GET"]}}],"collection":[{"href":"https:\/\/pans.krosno.pl\/instytut-gospodarki\/wp-json\/wp\/v2\/pages"}],"about":[{"href":"https:\/\/pans.krosno.pl\/instytut-gospodarki\/wp-json\/wp\/v2\/types\/page"}],"author":[{"embeddable":true,"href":"https:\/\/pans.krosno.pl\/instytut-gospodarki\/wp-json\/wp\/v2\/users\/27"}],"replies":[{"embeddable":true,"href":"https:\/\/pans.krosno.pl\/instytut-gospodarki\/wp-json\/wp\/v2\/comments?post=50"}],"version-history":[{"count":12,"href":"https:\/\/pans.krosno.pl\/instytut-gospodarki\/wp-json\/wp\/v2\/pages\/50\/revisions"}],"predecessor-version":[{"id":114,"href":"https:\/\/pans.krosno.pl\/instytut-gospodarki\/wp-json\/wp\/v2\/pages\/50\/revisions\/114"}],"wp:attachment":[{"href":"https:\/\/pans.krosno.pl\/instytut-gospodarki\/wp-json\/wp\/v2\/media?parent=50"}],"curies":[{"name":"wp","href":"https:\/\/api.w.org\/{rel}","templated":true}]}}