{"id":49,"date":"2024-09-06T13:33:16","date_gmt":"2024-09-06T11:33:16","guid":{"rendered":"https:\/\/pans.krosno.pl\/instytut-gospodarki\/?page_id=49"},"modified":"2024-09-06T13:58:40","modified_gmt":"2024-09-06T11:58:40","slug":"aktualnosci","status":"publish","type":"page","link":"https:\/\/pans.krosno.pl\/instytut-gospodarki\/aktualnosci\/","title":{"rendered":"Aktualno\u015bci"},"content":{"rendered":"<ul class=\"wp-block-latest-posts__list has-dates wp-block-latest-posts\"><li><div class=\"wp-block-latest-posts__featured-image alignleft\"><img loading=\"lazy\" decoding=\"async\" width=\"80\" height=\"80\" src=\"https:\/\/pans.krosno.pl\/instytut-gospodarki\/wp-content\/uploads\/sites\/65\/2025\/11\/SCOPUS.jpg\" class=\"attachment-thumbnail size-thumbnail wp-post-image\" alt=\"\" style=\"\" \/><\/div><a class=\"wp-block-latest-posts__post-title\" href=\"https:\/\/pans.krosno.pl\/instytut-gospodarki\/2025\/11\/21\/scopus-ai-inteligentne-wsparcie-dla-naukowcow-i-studentow\/\">Scopus AI \u2013 inteligentne wsparcie dla naukowc\u00f3w i student\u00f3w<\/a><time datetime=\"2025-11-21T15:08:09+01:00\" class=\"wp-block-latest-posts__post-date\">2025-11-21<\/time><div class=\"wp-block-latest-posts__post-excerpt\">Biblioteka Pa\u0144stwowej Akademii Naukowej w Kro\u015bnie udost\u0119pnia Scopus AI \u2013 nowoczesne narz\u0119dzie oparte na sztucznej inteligencji, zintegrowane z baz\u0105 Scopus i stworzone z my\u015bl\u0105 o wsparciu bada\u0144 naukowych. Dzi\u0119ki&nbsp;Scopus&nbsp;AI&nbsp;u\u017cytkownicy&nbsp;mog\u0105:\u2013 generowa\u0107 przejrzyste, syntetyczne podsumowania publikacji wraz z ich najwa\u017cniejszymi kontekstami badawczymi,\u2013 korzysta\u0107 z interaktywnych map poj\u0119\u0107 oraz trend\u00f3w naukowych, aby odkrywa\u0107 nowe kierunki bada\u0144 i zale\u017cno\u015bci [\u2026] <div class=\"clear\"><\/div><a class=\"more_link clearfix\" href=\"https:\/\/pans.krosno.pl\/instytut-gospodarki\/2025\/11\/21\/scopus-ai-inteligentne-wsparcie-dla-naukowcow-i-studentow\/\" rel=\"nofollow\">Read More<\/a><\/div><\/li>\n<li><div class=\"wp-block-latest-posts__featured-image alignleft\"><img loading=\"lazy\" decoding=\"async\" width=\"150\" height=\"150\" src=\"https:\/\/pans.krosno.pl\/instytut-gospodarki\/wp-content\/uploads\/sites\/65\/2024\/09\/cropped-logo_miniatura-150x150.webp\" class=\"attachment-thumbnail size-thumbnail wp-post-image\" alt=\"\" style=\"\" srcset=\"https:\/\/pans.krosno.pl\/instytut-gospodarki\/wp-content\/uploads\/sites\/65\/2024\/09\/cropped-logo_miniatura-150x150.webp 150w, https:\/\/pans.krosno.pl\/instytut-gospodarki\/wp-content\/uploads\/sites\/65\/2024\/09\/cropped-logo_miniatura-300x300.webp 300w, https:\/\/pans.krosno.pl\/instytut-gospodarki\/wp-content\/uploads\/sites\/65\/2024\/09\/cropped-logo_miniatura-80x80.webp 80w, https:\/\/pans.krosno.pl\/instytut-gospodarki\/wp-content\/uploads\/sites\/65\/2024\/09\/cropped-logo_miniatura.webp 512w\" sizes=\"auto, (max-width: 150px) 100vw, 150px\" \/><\/div><a class=\"wp-block-latest-posts__post-title\" href=\"https:\/\/pans.krosno.pl\/instytut-gospodarki\/2025\/07\/28\/dyzur-sekretariatu-w-okresie-wakacji\/\">Dy\u017cur sekretariatu w okresie wakacji<\/a><time datetime=\"2025-07-28T10:05:42+02:00\" class=\"wp-block-latest-posts__post-date\">2025-07-28<\/time><div class=\"wp-block-latest-posts__post-excerpt\">Uprzejmie informujemy, \u017ce w miesi\u0105cu sierpniu 2025 r. Sekretariaty Instytut\u00f3w b\u0119d\u0105 wy\u0142\u0105czone z obs\u0142ugi administracyjnej student\u00f3w. Prosimy student\u00f3w aby niezb\u0119dne sprawy za\u0142atwia\u0107 w sekretariatach do ko\u0144ca lipca (np. za\u015bwiadczenie o posiadaniu statusu studenta, odbi\u00f3r dyplomu uko\u0144czenia studi\u00f3w, przed\u0142u\u017cenie wa\u017cno\u015bci legitymacji studenckiej). Archiwum dzia\u0142a do ko\u0144ca lipca 2025 r. W wyj\u0105tkowych sprawach b\u0119dzie uruchomiony dy\u017cur w [\u2026] <div class=\"clear\"><\/div><a class=\"more_link clearfix\" href=\"https:\/\/pans.krosno.pl\/instytut-gospodarki\/2025\/07\/28\/dyzur-sekretariatu-w-okresie-wakacji\/\" rel=\"nofollow\">Read More<\/a><\/div><\/li>\n<li><div class=\"wp-block-latest-posts__featured-image alignleft\"><img loading=\"lazy\" decoding=\"async\" width=\"150\" height=\"150\" src=\"https:\/\/pans.krosno.pl\/instytut-gospodarki\/wp-content\/uploads\/sites\/65\/2024\/09\/DSC0305-150x150.jpg\" class=\"attachment-thumbnail size-thumbnail wp-post-image\" alt=\"\" style=\"\" srcset=\"https:\/\/pans.krosno.pl\/instytut-gospodarki\/wp-content\/uploads\/sites\/65\/2024\/09\/DSC0305-150x150.jpg 150w, https:\/\/pans.krosno.pl\/instytut-gospodarki\/wp-content\/uploads\/sites\/65\/2024\/09\/DSC0305-scaled-80x80.jpg 80w\" sizes=\"auto, (max-width: 150px) 100vw, 150px\" \/><\/div><a class=\"wp-block-latest-posts__post-title\" href=\"https:\/\/pans.krosno.pl\/instytut-gospodarki\/2024\/09\/25\/xii-rajd-integracyjny-studentow-i-roku\/\">XII Rajd Integracyjny Student\u00f3w I Roku<\/a><time datetime=\"2024-09-25T15:09:22+02:00\" class=\"wp-block-latest-posts__post-date\">2024-09-25<\/time><div class=\"wp-block-latest-posts__post-excerpt\">Pa\u0144stwowej Akademii Nauk Stosowanych w Kro\u015bnie Wszystkich student\u00f3w pierwszych rocznik\u00f3w w Instytucie Gospodarki serdecznie zapraszamy do wzi\u0119cia udzia\u0142u w XII Rajdzie Integracyjnym Student\u00f3w I Roku Pa\u0144stwowej Akademii Nauk Stosowanych w Kro\u015bnie Termin: 23 pa\u017adziernika 2024 (\u015broda) Informacje organizacyjne Rajd b\u0119dzie mia\u0142 charakter gwia\u017adzisty, grupy student\u00f3w wyrusz\u0105 z kilku punkt\u00f3w by oko\u0142o godz. 12-tej spotka\u0107 si\u0119 [\u2026] <div class=\"clear\"><\/div><a class=\"more_link clearfix\" href=\"https:\/\/pans.krosno.pl\/instytut-gospodarki\/2024\/09\/25\/xii-rajd-integracyjny-studentow-i-roku\/\" rel=\"nofollow\">Read More<\/a><\/div><\/li>\n<li><div class=\"wp-block-latest-posts__featured-image alignleft\"><img loading=\"lazy\" decoding=\"async\" width=\"150\" height=\"150\" src=\"https:\/\/pans.krosno.pl\/instytut-gospodarki\/wp-content\/uploads\/sites\/65\/2024\/09\/cropped-logo_miniatura-150x150.webp\" class=\"attachment-thumbnail size-thumbnail wp-post-image\" alt=\"\" style=\"\" srcset=\"https:\/\/pans.krosno.pl\/instytut-gospodarki\/wp-content\/uploads\/sites\/65\/2024\/09\/cropped-logo_miniatura-150x150.webp 150w, https:\/\/pans.krosno.pl\/instytut-gospodarki\/wp-content\/uploads\/sites\/65\/2024\/09\/cropped-logo_miniatura-300x300.webp 300w, https:\/\/pans.krosno.pl\/instytut-gospodarki\/wp-content\/uploads\/sites\/65\/2024\/09\/cropped-logo_miniatura-80x80.webp 80w, https:\/\/pans.krosno.pl\/instytut-gospodarki\/wp-content\/uploads\/sites\/65\/2024\/09\/cropped-logo_miniatura.webp 512w\" sizes=\"auto, (max-width: 150px) 100vw, 150px\" \/><\/div><a class=\"wp-block-latest-posts__post-title\" href=\"https:\/\/pans.krosno.pl\/instytut-gospodarki\/2024\/09\/05\/witaj-swiecie\/\">Nowy Instytut Gospodarki!<\/a><time datetime=\"2024-09-05T14:40:40+02:00\" class=\"wp-block-latest-posts__post-date\">2024-09-05<\/time><div class=\"wp-block-latest-posts__post-excerpt\">Nowy Instytut Gospodarki! Instytut Gospodarki<\/div><\/li>\n<\/ul>","protected":false},"excerpt":{"rendered":"","protected":false},"author":27,"featured_media":0,"parent":0,"menu_order":0,"comment_status":"closed","ping_status":"closed","template":"page-templates\/template-full-width.php","meta":{"ngg_post_thumbnail":0,"footnotes":""},"class_list":["post-49","page","type-page","status-publish","hentry"],"yoast_head":"<!-- This site is optimized with the Yoast SEO Premium plugin v27.3 (Yoast SEO v27.3) - https:\/\/yoast.com\/product\/yoast-seo-premium-wordpress\/ -->\n<title>Aktualno\u015bci - Instytut Gospodarki PANS w Kro\u015bnie<\/title>\n<meta name=\"robots\" content=\"index, follow, max-snippet:-1, max-image-preview:large, max-video-preview:-1\" \/>\n<link rel=\"canonical\" href=\"https:\/\/pans.krosno.pl\/instytut-gospodarki\/aktualnosci\/\" \/>\n<meta property=\"og:locale\" content=\"pl_PL\" \/>\n<meta property=\"og:type\" content=\"article\" \/>\n<meta property=\"og:title\" content=\"Aktualno\u015bci\" \/>\n<meta property=\"og:url\" content=\"https:\/\/pans.krosno.pl\/instytut-gospodarki\/aktualnosci\/\" \/>\n<meta property=\"og:site_name\" content=\"Instytut Gospodarki PANS w Kro\u015bnie\" \/>\n<meta property=\"article:publisher\" content=\"https:\/\/www.facebook.com\/StudiaKrosno\/\" \/>\n<meta property=\"article:modified_time\" content=\"2024-09-06T11:58:40+00:00\" \/>\n<meta name=\"twitter:card\" content=\"summary_large_image\" \/>\n<script type=\"application\/ld+json\" class=\"yoast-schema-graph\">{\"@context\":\"https:\\\/\\\/schema.org\",\"@graph\":[{\"@type\":\"WebPage\",\"@id\":\"https:\\\/\\\/pans.krosno.pl\\\/instytut-gospodarki\\\/aktualnosci\\\/\",\"url\":\"https:\\\/\\\/pans.krosno.pl\\\/instytut-gospodarki\\\/aktualnosci\\\/\",\"name\":\"Aktualno\u015bci - Instytut Gospodarki PANS w Kro\u015bnie\",\"isPartOf\":{\"@id\":\"https:\\\/\\\/pans.krosno.pl\\\/instytut-gospodarki\\\/#website\"},\"datePublished\":\"2024-09-06T11:33:16+00:00\",\"dateModified\":\"2024-09-06T11:58:40+00:00\",\"breadcrumb\":{\"@id\":\"https:\\\/\\\/pans.krosno.pl\\\/instytut-gospodarki\\\/aktualnosci\\\/#breadcrumb\"},\"inLanguage\":\"pl-PL\",\"potentialAction\":[{\"@type\":\"ReadAction\",\"target\":[\"https:\\\/\\\/pans.krosno.pl\\\/instytut-gospodarki\\\/aktualnosci\\\/\"]}]},{\"@type\":\"BreadcrumbList\",\"@id\":\"https:\\\/\\\/pans.krosno.pl\\\/instytut-gospodarki\\\/aktualnosci\\\/#breadcrumb\",\"itemListElement\":[{\"@type\":\"ListItem\",\"position\":1,\"name\":\"Strona g\u0142\u00f3wna\",\"item\":\"https:\\\/\\\/pans.krosno.pl\\\/instytut-gospodarki\\\/\"},{\"@type\":\"ListItem\",\"position\":2,\"name\":\"Aktualno\u015bci\"}]},{\"@type\":\"WebSite\",\"@id\":\"https:\\\/\\\/pans.krosno.pl\\\/instytut-gospodarki\\\/#website\",\"url\":\"https:\\\/\\\/pans.krosno.pl\\\/instytut-gospodarki\\\/\",\"name\":\"PANS w Kro\u015bnie\",\"description\":\"\",\"publisher\":{\"@id\":\"https:\\\/\\\/pans.krosno.pl\\\/instytut-gospodarki\\\/#organization\"},\"alternateName\":\"PANS Krosno\",\"potentialAction\":[{\"@type\":\"SearchAction\",\"target\":{\"@type\":\"EntryPoint\",\"urlTemplate\":\"https:\\\/\\\/pans.krosno.pl\\\/instytut-gospodarki\\\/?s={search_term_string}\"},\"query-input\":{\"@type\":\"PropertyValueSpecification\",\"valueRequired\":true,\"valueName\":\"search_term_string\"}}],\"inLanguage\":\"pl-PL\"},{\"@type\":\"Organization\",\"@id\":\"https:\\\/\\\/pans.krosno.pl\\\/instytut-gospodarki\\\/#organization\",\"name\":\"Pa\u0144stwowa Akademia Nauk Stosowanych w Kro\u015bnie\",\"alternateName\":\"PANS Krosno\",\"url\":\"https:\\\/\\\/pans.krosno.pl\\\/instytut-gospodarki\\\/\",\"logo\":{\"@type\":\"ImageObject\",\"inLanguage\":\"pl-PL\",\"@id\":\"https:\\\/\\\/pans.krosno.pl\\\/instytut-gospodarki\\\/#\\\/schema\\\/logo\\\/image\\\/\",\"url\":\"https:\\\/\\\/pans.krosno.pl\\\/wp-content\\\/uploads\\\/2023\\\/01\\\/Logo-PANS-2022-pelne-2-scaled.jpg\",\"contentUrl\":\"https:\\\/\\\/pans.krosno.pl\\\/wp-content\\\/uploads\\\/2023\\\/01\\\/Logo-PANS-2022-pelne-2-scaled.jpg\",\"width\":2560,\"height\":576,\"caption\":\"Pa\u0144stwowa Akademia Nauk Stosowanych w Kro\u015bnie\"},\"image\":{\"@id\":\"https:\\\/\\\/pans.krosno.pl\\\/instytut-gospodarki\\\/#\\\/schema\\\/logo\\\/image\\\/\"},\"sameAs\":[\"https:\\\/\\\/www.facebook.com\\\/StudiaKrosno\\\/\",\"https:\\\/\\\/www.instagram.com\\\/pans.krosno\\\/\",\"https:\\\/\\\/pl.linkedin.com\\\/company\\\/pwsz-krosno\",\"https:\\\/\\\/www.youtube.com\\\/user\\\/pwszkrosno\\\/\",\"https:\\\/\\\/pl.wikipedia.org\\\/wiki\\\/Pa\u0144stwowa_Wy\u017csza_Szko\u0142a_Zawodowa_im._Stanis\u0142awa_Pigonia_w_Kro\u015bnie\"]}]}<\/script>\n<!-- \/ Yoast SEO Premium plugin. -->","yoast_head_json":{"title":"Aktualno\u015bci - Instytut Gospodarki PANS w Kro\u015bnie","robots":{"index":"index","follow":"follow","max-snippet":"max-snippet:-1","max-image-preview":"max-image-preview:large","max-video-preview":"max-video-preview:-1"},"canonical":"https:\/\/pans.krosno.pl\/instytut-gospodarki\/aktualnosci\/","og_locale":"pl_PL","og_type":"article","og_title":"Aktualno\u015bci","og_url":"https:\/\/pans.krosno.pl\/instytut-gospodarki\/aktualnosci\/","og_site_name":"Instytut Gospodarki PANS w Kro\u015bnie","article_publisher":"https:\/\/www.facebook.com\/StudiaKrosno\/","article_modified_time":"2024-09-06T11:58:40+00:00","twitter_card":"summary_large_image","schema":{"@context":"https:\/\/schema.org","@graph":[{"@type":"WebPage","@id":"https:\/\/pans.krosno.pl\/instytut-gospodarki\/aktualnosci\/","url":"https:\/\/pans.krosno.pl\/instytut-gospodarki\/aktualnosci\/","name":"Aktualno\u015bci - Instytut Gospodarki PANS w Kro\u015bnie","isPartOf":{"@id":"https:\/\/pans.krosno.pl\/instytut-gospodarki\/#website"},"datePublished":"2024-09-06T11:33:16+00:00","dateModified":"2024-09-06T11:58:40+00:00","breadcrumb":{"@id":"https:\/\/pans.krosno.pl\/instytut-gospodarki\/aktualnosci\/#breadcrumb"},"inLanguage":"pl-PL","potentialAction":[{"@type":"ReadAction","target":["https:\/\/pans.krosno.pl\/instytut-gospodarki\/aktualnosci\/"]}]},{"@type":"BreadcrumbList","@id":"https:\/\/pans.krosno.pl\/instytut-gospodarki\/aktualnosci\/#breadcrumb","itemListElement":[{"@type":"ListItem","position":1,"name":"Strona g\u0142\u00f3wna","item":"https:\/\/pans.krosno.pl\/instytut-gospodarki\/"},{"@type":"ListItem","position":2,"name":"Aktualno\u015bci"}]},{"@type":"WebSite","@id":"https:\/\/pans.krosno.pl\/instytut-gospodarki\/#website","url":"https:\/\/pans.krosno.pl\/instytut-gospodarki\/","name":"PANS w Kro\u015bnie","description":"","publisher":{"@id":"https:\/\/pans.krosno.pl\/instytut-gospodarki\/#organization"},"alternateName":"PANS Krosno","potentialAction":[{"@type":"SearchAction","target":{"@type":"EntryPoint","urlTemplate":"https:\/\/pans.krosno.pl\/instytut-gospodarki\/?s={search_term_string}"},"query-input":{"@type":"PropertyValueSpecification","valueRequired":true,"valueName":"search_term_string"}}],"inLanguage":"pl-PL"},{"@type":"Organization","@id":"https:\/\/pans.krosno.pl\/instytut-gospodarki\/#organization","name":"Pa\u0144stwowa Akademia Nauk Stosowanych w Kro\u015bnie","alternateName":"PANS Krosno","url":"https:\/\/pans.krosno.pl\/instytut-gospodarki\/","logo":{"@type":"ImageObject","inLanguage":"pl-PL","@id":"https:\/\/pans.krosno.pl\/instytut-gospodarki\/#\/schema\/logo\/image\/","url":"https:\/\/pans.krosno.pl\/wp-content\/uploads\/2023\/01\/Logo-PANS-2022-pelne-2-scaled.jpg","contentUrl":"https:\/\/pans.krosno.pl\/wp-content\/uploads\/2023\/01\/Logo-PANS-2022-pelne-2-scaled.jpg","width":2560,"height":576,"caption":"Pa\u0144stwowa Akademia Nauk Stosowanych w Kro\u015bnie"},"image":{"@id":"https:\/\/pans.krosno.pl\/instytut-gospodarki\/#\/schema\/logo\/image\/"},"sameAs":["https:\/\/www.facebook.com\/StudiaKrosno\/","https:\/\/www.instagram.com\/pans.krosno\/","https:\/\/pl.linkedin.com\/company\/pwsz-krosno","https:\/\/www.youtube.com\/user\/pwszkrosno\/","https:\/\/pl.wikipedia.org\/wiki\/Pa\u0144stwowa_Wy\u017csza_Szko\u0142a_Zawodowa_im._Stanis\u0142awa_Pigonia_w_Kro\u015bnie"]}]}},"_links":{"self":[{"href":"https:\/\/pans.krosno.pl\/instytut-gospodarki\/wp-json\/wp\/v2\/pages\/49","targetHints":{"allow":["GET"]}}],"collection":[{"href":"https:\/\/pans.krosno.pl\/instytut-gospodarki\/wp-json\/wp\/v2\/pages"}],"about":[{"href":"https:\/\/pans.krosno.pl\/instytut-gospodarki\/wp-json\/wp\/v2\/types\/page"}],"author":[{"embeddable":true,"href":"https:\/\/pans.krosno.pl\/instytut-gospodarki\/wp-json\/wp\/v2\/users\/27"}],"replies":[{"embeddable":true,"href":"https:\/\/pans.krosno.pl\/instytut-gospodarki\/wp-json\/wp\/v2\/comments?post=49"}],"version-history":[{"count":2,"href":"https:\/\/pans.krosno.pl\/instytut-gospodarki\/wp-json\/wp\/v2\/pages\/49\/revisions"}],"predecessor-version":[{"id":64,"href":"https:\/\/pans.krosno.pl\/instytut-gospodarki\/wp-json\/wp\/v2\/pages\/49\/revisions\/64"}],"wp:attachment":[{"href":"https:\/\/pans.krosno.pl\/instytut-gospodarki\/wp-json\/wp\/v2\/media?parent=49"}],"curies":[{"name":"wp","href":"https:\/\/api.w.org\/{rel}","templated":true}]}}