{"id":44,"date":"2024-09-06T13:29:09","date_gmt":"2024-09-06T11:29:09","guid":{"rendered":"https:\/\/pans.krosno.pl\/instytut-gospodarki\/?page_id=44"},"modified":"2025-07-09T09:11:40","modified_gmt":"2025-07-09T07:11:40","slug":"o-instytucie-gospodarki","status":"publish","type":"page","link":"https:\/\/pans.krosno.pl\/instytut-gospodarki\/o-instytucie-gospodarki\/","title":{"rendered":"O Instytucie Gospodarki"},"content":{"rendered":"\n<p><strong>Instytut Gospodarki Pa\u0144stwowej Akademii Nauk Stosowanej w Kro\u015bnie<\/strong> powsta\u0142 z dniem 1 wrze\u015bnia 2024 roku, decyzj\u0105 JM Rektora dra hab. Zbigniewa Barabasza, prof. PANS, jako konsekwencja podzia\u0142u dawnego Instytutu Zdrowia i Gospodarki i wy\u0142\u0105czenia (wchodz\u0105cych wcze\u015bniej w jego sk\u0142ad) pi\u0119ciu Zak\u0142ad\u00f3w prowadz\u0105cych kszta\u0142cenie na studiach pierwszego stopnia (trzech kierunkach licencjackich: Bezpiecze\u0144stwo wewn\u0119trzne, Turystyka i rekreacja oraz Zarz\u0105dzanie, dw\u00f3ch in\u017cynierskich: Produkcja i bezpiecze\u0144stwo \u017cywno\u015bci oraz Zielarstwo oraz jednym kierunku kszta\u0142c\u0105cym na studiach drugiego stopnia: Zarz\u0105dzanie). Instytut Gospodarki skupia obecnie kierunki studi\u00f3w zorientowane wok\u00f3\u0142 nast\u0119puj\u0105cych dziedzin i dyscyplin nauki: nauki spo\u0142eczne, nauki medyczne i nauki o zdrowiu, nauki rolnicze, nauki in\u017cynieryjno-techniczne, nauki \u015bcis\u0142e i przyrodnicze oraz nauki humanistyczne. <strong>Czytaj wi\u0119cej<\/strong><\/p>\n\n\n\n<hr class=\"wp-block-separator has-alpha-channel-opacity\" \/>\n\n\n\n<p><strong>Kontakt do zak\u0142ad\u00f3w<\/strong><\/p>\n\n\n\n<ul class=\"wp-block-list\">\n<li><a href=\"https:\/\/pans.krosno.pl\/bezpieczenstwo-wewnetrzne\/\">Bezpiecze\u0144stwo wewn\u0119trzne<\/a>&nbsp;(licencjackie)<\/li>\n\n\n\n<li><a href=\"https:\/\/pans.krosno.pl\/pibz\/\">Produkcja i bezpiecze\u0144stwo \u017cywno\u015bci<\/a>&nbsp;(in\u017cynierskie)<\/li>\n\n\n\n<li><a href=\"https:\/\/pans.krosno.pl\/tir\/\">Turystyka i rekreacja<\/a>&nbsp;(licencjackie)<\/li>\n\n\n\n<li><a href=\"https:\/\/pans.krosno.pl\/zarzadzanie\/\">Zarz\u0105dzanie I stopnia<\/a>&nbsp;(licencjackie)<\/li>\n\n\n\n<li><a href=\"https:\/\/pans.krosno.pl\/zarzadzanie-magisterskie\/\">Zarz\u0105dzanie II stopnia<\/a>&nbsp;<strong>(magisterskie)<\/strong><\/li>\n\n\n\n<li><a href=\"https:\/\/pans.krosno.pl\/zielarstwo\/\">Zielarstwo<\/a>&nbsp;(in\u017cynierskie)<\/li>\n<\/ul>\n\n\n\n<p><a href=\"https:\/\/pans.krosno.pl\/instytut-zdrowia\/e-skrzynka-postulatow-i-wnioskow-instytutu-zdrowia-i-gospodarki\/\">E-skrzynka postulat\u00f3w i wniosk\u00f3w<\/a><\/p>\n\n\n\n<!--more-->\n\n\n\n<p>Instytut Gospodarki skupia kierunki studi\u00f3w zorientowane wok\u00f3\u0142 nast\u0119puj\u0105cych dziedzin nauki: nauki spo\u0142eczne, nauki medyczne i nauki o zdrowiu, nauki rolnicze, nauki in\u017cynieryjno \u2013 techniczne, nauki \u015bcis\u0142e i przyrodnicze, nauki humanistyczne.<\/p>\n","protected":false},"excerpt":{"rendered":"<p>Instytut Gospodarki Pa\u0144stwowej Akademii Nauk Stosowanej w Kro\u015bnie powsta\u0142 z dniem 1 wrze\u015bnia 2024 roku, decyzj\u0105 JM Rektora dra hab. Zbigniewa Barabasza, prof. PANS, jako konsekwencja podzia\u0142u dawnego Instytutu Zdrowia i Gospodarki i wy\u0142\u0105czenia (wchodz\u0105cych wcze\u015bniej w jego sk\u0142ad) pi\u0119ciu Zak\u0142ad\u00f3w prowadz\u0105cych kszta\u0142cenie na studiach pierwszego stopnia (trzech kierunkach licencjackich: [\u2026] <\/p>\n<div class=\"clear\"><\/div>\n<p><a class=\"more_link clearfix\" href=\"https:\/\/pans.krosno.pl\/instytut-gospodarki\/o-instytucie-gospodarki\/\" rel=\"nofollow\">Read More<\/a><\/p>\n","protected":false},"author":27,"featured_media":45,"parent":0,"menu_order":0,"comment_status":"closed","ping_status":"closed","template":"page-templates\/template-full-width.php","meta":{"ngg_post_thumbnail":0,"footnotes":""},"class_list":["post-44","page","type-page","status-publish","has-post-thumbnail","hentry"],"yoast_head":"<!-- This site is optimized with the Yoast SEO Premium plugin v27.3 (Yoast SEO v27.3) - https:\/\/yoast.com\/product\/yoast-seo-premium-wordpress\/ -->\n<title>O Instytucie Gospodarki - Instytut Gospodarki PANS w Kro\u015bnie<\/title>\n<meta name=\"robots\" content=\"index, follow, max-snippet:-1, max-image-preview:large, max-video-preview:-1\" \/>\n<link rel=\"canonical\" href=\"https:\/\/pans.krosno.pl\/instytut-gospodarki\/o-instytucie-gospodarki\/\" \/>\n<meta property=\"og:locale\" content=\"pl_PL\" \/>\n<meta property=\"og:type\" content=\"article\" \/>\n<meta property=\"og:title\" content=\"O Instytucie Gospodarki\" \/>\n<meta property=\"og:description\" content=\"Instytut Gospodarki Pa\u0144stwowej Akademii Nauk Stosowanej w Kro\u015bnie powsta\u0142 z dniem 1 wrze\u015bnia 2024 roku, decyzj\u0105 JM Rektora dra hab. Zbigniewa Barabasza, prof. PANS, jako konsekwencja podzia\u0142u dawnego Instytutu Zdrowia i Gospodarki i wy\u0142\u0105czenia (wchodz\u0105cych wcze\u015bniej w jego sk\u0142ad) pi\u0119ciu Zak\u0142ad\u00f3w prowadz\u0105cych kszta\u0142cenie na studiach pierwszego stopnia (trzech kierunkach licencjackich: [\u2026] Read More\" \/>\n<meta property=\"og:url\" content=\"https:\/\/pans.krosno.pl\/instytut-gospodarki\/o-instytucie-gospodarki\/\" \/>\n<meta property=\"og:site_name\" content=\"Instytut Gospodarki PANS w Kro\u015bnie\" \/>\n<meta property=\"article:publisher\" content=\"https:\/\/www.facebook.com\/StudiaKrosno\/\" \/>\n<meta property=\"article:modified_time\" content=\"2025-07-09T07:11:40+00:00\" \/>\n<meta property=\"og:image\" content=\"https:\/\/pans.krosno.pl\/instytut-gospodarki\/wp-content\/uploads\/sites\/65\/2024\/09\/image.png\" \/>\n\t<meta property=\"og:image:width\" content=\"960\" \/>\n\t<meta property=\"og:image:height\" content=\"640\" \/>\n\t<meta property=\"og:image:type\" content=\"image\/png\" \/>\n<meta name=\"twitter:card\" content=\"summary_large_image\" \/>\n<meta name=\"twitter:label1\" content=\"Szacowany czas czytania\" \/>\n\t<meta name=\"twitter:data1\" content=\"2 minuty\" \/>\n<script type=\"application\/ld+json\" class=\"yoast-schema-graph\">{\"@context\":\"https:\\\/\\\/schema.org\",\"@graph\":[{\"@type\":\"WebPage\",\"@id\":\"https:\\\/\\\/pans.krosno.pl\\\/instytut-gospodarki\\\/o-instytucie-gospodarki\\\/\",\"url\":\"https:\\\/\\\/pans.krosno.pl\\\/instytut-gospodarki\\\/o-instytucie-gospodarki\\\/\",\"name\":\"O Instytucie Gospodarki - Instytut Gospodarki PANS w Kro\u015bnie\",\"isPartOf\":{\"@id\":\"https:\\\/\\\/pans.krosno.pl\\\/instytut-gospodarki\\\/#website\"},\"primaryImageOfPage\":{\"@id\":\"https:\\\/\\\/pans.krosno.pl\\\/instytut-gospodarki\\\/o-instytucie-gospodarki\\\/#primaryimage\"},\"image\":{\"@id\":\"https:\\\/\\\/pans.krosno.pl\\\/instytut-gospodarki\\\/o-instytucie-gospodarki\\\/#primaryimage\"},\"thumbnailUrl\":\"https:\\\/\\\/pans.krosno.pl\\\/instytut-gospodarki\\\/wp-content\\\/uploads\\\/sites\\\/65\\\/2024\\\/09\\\/image.png\",\"datePublished\":\"2024-09-06T11:29:09+00:00\",\"dateModified\":\"2025-07-09T07:11:40+00:00\",\"breadcrumb\":{\"@id\":\"https:\\\/\\\/pans.krosno.pl\\\/instytut-gospodarki\\\/o-instytucie-gospodarki\\\/#breadcrumb\"},\"inLanguage\":\"pl-PL\",\"potentialAction\":[{\"@type\":\"ReadAction\",\"target\":[\"https:\\\/\\\/pans.krosno.pl\\\/instytut-gospodarki\\\/o-instytucie-gospodarki\\\/\"]}]},{\"@type\":\"ImageObject\",\"inLanguage\":\"pl-PL\",\"@id\":\"https:\\\/\\\/pans.krosno.pl\\\/instytut-gospodarki\\\/o-instytucie-gospodarki\\\/#primaryimage\",\"url\":\"https:\\\/\\\/pans.krosno.pl\\\/instytut-gospodarki\\\/wp-content\\\/uploads\\\/sites\\\/65\\\/2024\\\/09\\\/image.png\",\"contentUrl\":\"https:\\\/\\\/pans.krosno.pl\\\/instytut-gospodarki\\\/wp-content\\\/uploads\\\/sites\\\/65\\\/2024\\\/09\\\/image.png\",\"width\":960,\"height\":640},{\"@type\":\"BreadcrumbList\",\"@id\":\"https:\\\/\\\/pans.krosno.pl\\\/instytut-gospodarki\\\/o-instytucie-gospodarki\\\/#breadcrumb\",\"itemListElement\":[{\"@type\":\"ListItem\",\"position\":1,\"name\":\"Strona g\u0142\u00f3wna\",\"item\":\"https:\\\/\\\/pans.krosno.pl\\\/instytut-gospodarki\\\/\"},{\"@type\":\"ListItem\",\"position\":2,\"name\":\"O Instytucie Gospodarki\"}]},{\"@type\":\"WebSite\",\"@id\":\"https:\\\/\\\/pans.krosno.pl\\\/instytut-gospodarki\\\/#website\",\"url\":\"https:\\\/\\\/pans.krosno.pl\\\/instytut-gospodarki\\\/\",\"name\":\"PANS w Kro\u015bnie\",\"description\":\"\",\"publisher\":{\"@id\":\"https:\\\/\\\/pans.krosno.pl\\\/instytut-gospodarki\\\/#organization\"},\"alternateName\":\"PANS Krosno\",\"potentialAction\":[{\"@type\":\"SearchAction\",\"target\":{\"@type\":\"EntryPoint\",\"urlTemplate\":\"https:\\\/\\\/pans.krosno.pl\\\/instytut-gospodarki\\\/?s={search_term_string}\"},\"query-input\":{\"@type\":\"PropertyValueSpecification\",\"valueRequired\":true,\"valueName\":\"search_term_string\"}}],\"inLanguage\":\"pl-PL\"},{\"@type\":\"Organization\",\"@id\":\"https:\\\/\\\/pans.krosno.pl\\\/instytut-gospodarki\\\/#organization\",\"name\":\"Pa\u0144stwowa Akademia Nauk Stosowanych w Kro\u015bnie\",\"alternateName\":\"PANS Krosno\",\"url\":\"https:\\\/\\\/pans.krosno.pl\\\/instytut-gospodarki\\\/\",\"logo\":{\"@type\":\"ImageObject\",\"inLanguage\":\"pl-PL\",\"@id\":\"https:\\\/\\\/pans.krosno.pl\\\/instytut-gospodarki\\\/#\\\/schema\\\/logo\\\/image\\\/\",\"url\":\"https:\\\/\\\/pans.krosno.pl\\\/wp-content\\\/uploads\\\/2023\\\/01\\\/Logo-PANS-2022-pelne-2-scaled.jpg\",\"contentUrl\":\"https:\\\/\\\/pans.krosno.pl\\\/wp-content\\\/uploads\\\/2023\\\/01\\\/Logo-PANS-2022-pelne-2-scaled.jpg\",\"width\":2560,\"height\":576,\"caption\":\"Pa\u0144stwowa Akademia Nauk Stosowanych w Kro\u015bnie\"},\"image\":{\"@id\":\"https:\\\/\\\/pans.krosno.pl\\\/instytut-gospodarki\\\/#\\\/schema\\\/logo\\\/image\\\/\"},\"sameAs\":[\"https:\\\/\\\/www.facebook.com\\\/StudiaKrosno\\\/\",\"https:\\\/\\\/www.instagram.com\\\/pans.krosno\\\/\",\"https:\\\/\\\/pl.linkedin.com\\\/company\\\/pwsz-krosno\",\"https:\\\/\\\/www.youtube.com\\\/user\\\/pwszkrosno\\\/\",\"https:\\\/\\\/pl.wikipedia.org\\\/wiki\\\/Pa\u0144stwowa_Wy\u017csza_Szko\u0142a_Zawodowa_im._Stanis\u0142awa_Pigonia_w_Kro\u015bnie\"]}]}<\/script>\n<!-- \/ Yoast SEO Premium plugin. -->","yoast_head_json":{"title":"O Instytucie Gospodarki - Instytut Gospodarki PANS w Kro\u015bnie","robots":{"index":"index","follow":"follow","max-snippet":"max-snippet:-1","max-image-preview":"max-image-preview:large","max-video-preview":"max-video-preview:-1"},"canonical":"https:\/\/pans.krosno.pl\/instytut-gospodarki\/o-instytucie-gospodarki\/","og_locale":"pl_PL","og_type":"article","og_title":"O Instytucie Gospodarki","og_description":"Instytut Gospodarki Pa\u0144stwowej Akademii Nauk Stosowanej w Kro\u015bnie powsta\u0142 z dniem 1 wrze\u015bnia 2024 roku, decyzj\u0105 JM Rektora dra hab. Zbigniewa Barabasza, prof. PANS, jako konsekwencja podzia\u0142u dawnego Instytutu Zdrowia i Gospodarki i wy\u0142\u0105czenia (wchodz\u0105cych wcze\u015bniej w jego sk\u0142ad) pi\u0119ciu Zak\u0142ad\u00f3w prowadz\u0105cych kszta\u0142cenie na studiach pierwszego stopnia (trzech kierunkach licencjackich: [\u2026] Read More","og_url":"https:\/\/pans.krosno.pl\/instytut-gospodarki\/o-instytucie-gospodarki\/","og_site_name":"Instytut Gospodarki PANS w Kro\u015bnie","article_publisher":"https:\/\/www.facebook.com\/StudiaKrosno\/","article_modified_time":"2025-07-09T07:11:40+00:00","og_image":[{"width":960,"height":640,"url":"https:\/\/pans.krosno.pl\/instytut-gospodarki\/wp-content\/uploads\/sites\/65\/2024\/09\/image.png","type":"image\/png"}],"twitter_card":"summary_large_image","twitter_misc":{"Szacowany czas czytania":"2 minuty"},"schema":{"@context":"https:\/\/schema.org","@graph":[{"@type":"WebPage","@id":"https:\/\/pans.krosno.pl\/instytut-gospodarki\/o-instytucie-gospodarki\/","url":"https:\/\/pans.krosno.pl\/instytut-gospodarki\/o-instytucie-gospodarki\/","name":"O Instytucie Gospodarki - Instytut Gospodarki PANS w Kro\u015bnie","isPartOf":{"@id":"https:\/\/pans.krosno.pl\/instytut-gospodarki\/#website"},"primaryImageOfPage":{"@id":"https:\/\/pans.krosno.pl\/instytut-gospodarki\/o-instytucie-gospodarki\/#primaryimage"},"image":{"@id":"https:\/\/pans.krosno.pl\/instytut-gospodarki\/o-instytucie-gospodarki\/#primaryimage"},"thumbnailUrl":"https:\/\/pans.krosno.pl\/instytut-gospodarki\/wp-content\/uploads\/sites\/65\/2024\/09\/image.png","datePublished":"2024-09-06T11:29:09+00:00","dateModified":"2025-07-09T07:11:40+00:00","breadcrumb":{"@id":"https:\/\/pans.krosno.pl\/instytut-gospodarki\/o-instytucie-gospodarki\/#breadcrumb"},"inLanguage":"pl-PL","potentialAction":[{"@type":"ReadAction","target":["https:\/\/pans.krosno.pl\/instytut-gospodarki\/o-instytucie-gospodarki\/"]}]},{"@type":"ImageObject","inLanguage":"pl-PL","@id":"https:\/\/pans.krosno.pl\/instytut-gospodarki\/o-instytucie-gospodarki\/#primaryimage","url":"https:\/\/pans.krosno.pl\/instytut-gospodarki\/wp-content\/uploads\/sites\/65\/2024\/09\/image.png","contentUrl":"https:\/\/pans.krosno.pl\/instytut-gospodarki\/wp-content\/uploads\/sites\/65\/2024\/09\/image.png","width":960,"height":640},{"@type":"BreadcrumbList","@id":"https:\/\/pans.krosno.pl\/instytut-gospodarki\/o-instytucie-gospodarki\/#breadcrumb","itemListElement":[{"@type":"ListItem","position":1,"name":"Strona g\u0142\u00f3wna","item":"https:\/\/pans.krosno.pl\/instytut-gospodarki\/"},{"@type":"ListItem","position":2,"name":"O Instytucie Gospodarki"}]},{"@type":"WebSite","@id":"https:\/\/pans.krosno.pl\/instytut-gospodarki\/#website","url":"https:\/\/pans.krosno.pl\/instytut-gospodarki\/","name":"PANS w Kro\u015bnie","description":"","publisher":{"@id":"https:\/\/pans.krosno.pl\/instytut-gospodarki\/#organization"},"alternateName":"PANS Krosno","potentialAction":[{"@type":"SearchAction","target":{"@type":"EntryPoint","urlTemplate":"https:\/\/pans.krosno.pl\/instytut-gospodarki\/?s={search_term_string}"},"query-input":{"@type":"PropertyValueSpecification","valueRequired":true,"valueName":"search_term_string"}}],"inLanguage":"pl-PL"},{"@type":"Organization","@id":"https:\/\/pans.krosno.pl\/instytut-gospodarki\/#organization","name":"Pa\u0144stwowa Akademia Nauk Stosowanych w Kro\u015bnie","alternateName":"PANS Krosno","url":"https:\/\/pans.krosno.pl\/instytut-gospodarki\/","logo":{"@type":"ImageObject","inLanguage":"pl-PL","@id":"https:\/\/pans.krosno.pl\/instytut-gospodarki\/#\/schema\/logo\/image\/","url":"https:\/\/pans.krosno.pl\/wp-content\/uploads\/2023\/01\/Logo-PANS-2022-pelne-2-scaled.jpg","contentUrl":"https:\/\/pans.krosno.pl\/wp-content\/uploads\/2023\/01\/Logo-PANS-2022-pelne-2-scaled.jpg","width":2560,"height":576,"caption":"Pa\u0144stwowa Akademia Nauk Stosowanych w Kro\u015bnie"},"image":{"@id":"https:\/\/pans.krosno.pl\/instytut-gospodarki\/#\/schema\/logo\/image\/"},"sameAs":["https:\/\/www.facebook.com\/StudiaKrosno\/","https:\/\/www.instagram.com\/pans.krosno\/","https:\/\/pl.linkedin.com\/company\/pwsz-krosno","https:\/\/www.youtube.com\/user\/pwszkrosno\/","https:\/\/pl.wikipedia.org\/wiki\/Pa\u0144stwowa_Wy\u017csza_Szko\u0142a_Zawodowa_im._Stanis\u0142awa_Pigonia_w_Kro\u015bnie"]}]}},"_links":{"self":[{"href":"https:\/\/pans.krosno.pl\/instytut-gospodarki\/wp-json\/wp\/v2\/pages\/44","targetHints":{"allow":["GET"]}}],"collection":[{"href":"https:\/\/pans.krosno.pl\/instytut-gospodarki\/wp-json\/wp\/v2\/pages"}],"about":[{"href":"https:\/\/pans.krosno.pl\/instytut-gospodarki\/wp-json\/wp\/v2\/types\/page"}],"author":[{"embeddable":true,"href":"https:\/\/pans.krosno.pl\/instytut-gospodarki\/wp-json\/wp\/v2\/users\/27"}],"replies":[{"embeddable":true,"href":"https:\/\/pans.krosno.pl\/instytut-gospodarki\/wp-json\/wp\/v2\/comments?post=44"}],"version-history":[{"count":3,"href":"https:\/\/pans.krosno.pl\/instytut-gospodarki\/wp-json\/wp\/v2\/pages\/44\/revisions"}],"predecessor-version":[{"id":89,"href":"https:\/\/pans.krosno.pl\/instytut-gospodarki\/wp-json\/wp\/v2\/pages\/44\/revisions\/89"}],"wp:featuredmedia":[{"embeddable":true,"href":"https:\/\/pans.krosno.pl\/instytut-gospodarki\/wp-json\/wp\/v2\/media\/45"}],"wp:attachment":[{"href":"https:\/\/pans.krosno.pl\/instytut-gospodarki\/wp-json\/wp\/v2\/media?parent=44"}],"curies":[{"name":"wp","href":"https:\/\/api.w.org\/{rel}","templated":true}]}}