{"id":82,"date":"2019-11-06T13:37:56","date_gmt":"2019-11-06T12:37:56","guid":{"rendered":"https:\/\/pans.krosno.pl\/informatyka\/?page_id=82"},"modified":"2023-10-26T13:48:48","modified_gmt":"2023-10-26T11:48:48","slug":"praktyki-zawodowe","status":"publish","type":"page","link":"https:\/\/pans.krosno.pl\/informatyka\/praktyki-zawodowe\/","title":{"rendered":"Praktyki zawodowe"},"content":{"rendered":"\n<p>Podstaw\u0105 realizacji praktyki jest\nporozumienie zawarte pomi\u0119dzy uczelni\u0105 a przedsi\u0119biorstwami, organami\nadministracji samorz\u0105dowej i innymi podmiotami zwi\u0105zanym tematycznie z\ninformatyk\u0105, w kt\u00f3rych mo\u017cna\nzrealizowa\u0107 za\u0142o\u017cenia programowe praktyki. <\/p>\n\n\n\n<p>Studenci odbywaj\u0105 praktyk\u0119\nzawodow\u0105 sk\u0142adaj\u0105c\u0105 si\u0119 z trzech cz\u0119\u015bci, odpowiednio na II, III i IV roku\nstudi\u00f3w. Kontynuacja praktyki mo\u017ce odbywa\u0107 si\u0119 w tym samym przedsi\u0119biorstwie\nlub pokrewnym. <\/p>\n\n\n\n<p>Szczeg\u00f3\u0142owe cele i zadania praktyk oraz sposoby ich realizacji zawarto w regulaminie praktyk oraz kierunkowym programie praktyk. <\/p>\n\n\n\n<p>Praktyk\u0105 studenta w zak\u0142adzie pracy kieruje\nopiekun, kt\u00f3ry tak\u017ce ocenia post\u0119py studenta na zako\u0144czenie praktyki. Zadania\nwykonywane podczas praktyki, student dokumentuje w dzienniku praktyk. Praktyka\njest zaliczana na podstawie oceny wystawionej przez zak\u0142adowego opiekuna\npraktyk na karcie weryfikacji efekt\u00f3w uczenia si\u0119, a jej przebieg i zaliczenie\njest potwierdzone w Dzienniku praktyki. Ze strony uczelni nadz\u00f3r nad praktyk\u0105\nsprawuje opiekun praktyki, kt\u00f3ry ostatecznie dokonuje zaliczenia praktyk. <\/p>\n\n\n\n<div class=\"wp-block-file\"><a id=\"wp-block-file--media-8547f2c4-923a-495b-a927-cf0ada327b21\" href=\"https:\/\/pans.krosno.pl\/informatyka\/wp-content\/uploads\/sites\/6\/2023\/04\/Zalacznik-zarzadzenie-19_23-regulamin-praktyk.pdf\">Regulamin praktyk studenckich<\/a><a href=\"https:\/\/pans.krosno.pl\/informatyka\/wp-content\/uploads\/sites\/6\/2023\/04\/Zalacznik-zarzadzenie-19_23-regulamin-praktyk.pdf\" class=\"wp-block-file__button wp-element-button\" download aria-describedby=\"wp-block-file--media-8547f2c4-923a-495b-a927-cf0ada327b21\">Pobierz<\/a><\/div>\n\n\n\n<div class=\"wp-block-file\"><a id=\"wp-block-file--media-c427bd71-7baa-4e99-8906-ad8a0060ad45\" href=\"https:\/\/pans.krosno.pl\/informatyka\/wp-content\/uploads\/sites\/6\/2023\/04\/KIERUNKOWY-PROGRAM-PRAKTYK-ZAWODOWYCH-DLA-STUDENTOW-KIERUNKU-INFORMATYKA-KARPACKIEJ-PANSTWOWEJ-UCZELNI-W-KROSNIE-2023.pdf\">Kierunkowy program praktyk<\/a><a href=\"https:\/\/pans.krosno.pl\/informatyka\/wp-content\/uploads\/sites\/6\/2023\/04\/KIERUNKOWY-PROGRAM-PRAKTYK-ZAWODOWYCH-DLA-STUDENTOW-KIERUNKU-INFORMATYKA-KARPACKIEJ-PANSTWOWEJ-UCZELNI-W-KROSNIE-2023.pdf\" class=\"wp-block-file__button wp-element-button\" download aria-describedby=\"wp-block-file--media-c427bd71-7baa-4e99-8906-ad8a0060ad45\">Pobierz<\/a><\/div>\n\n\n\n<p>Dokumenty potrzebne do zaliczenia praktyk w ramach zatrudnienia:<\/p>\n\n\n\n<p><\/p>\n\n\n\n<div class=\"wp-block-file\"><a id=\"wp-block-file--media-eaf867de-f048-4692-ac56-a629455f49a3\" href=\"https:\/\/pans.krosno.pl\/informatyka\/wp-content\/uploads\/sites\/6\/2023\/04\/podanie-studenta-o-zaliczenie-praktyk-w-ramach-zatrudnienia.docx\">podanie-studenta-o-zaliczenie-praktyk-w-ramach-zatrudnienia<\/a><a href=\"https:\/\/pans.krosno.pl\/informatyka\/wp-content\/uploads\/sites\/6\/2023\/04\/podanie-studenta-o-zaliczenie-praktyk-w-ramach-zatrudnienia.docx\" class=\"wp-block-file__button wp-element-button\" download aria-describedby=\"wp-block-file--media-eaf867de-f048-4692-ac56-a629455f49a3\">Pobierz<\/a><\/div>\n\n\n\n<div class=\"wp-block-file\"><a id=\"wp-block-file--media-4a5006d2-f109-4dee-a00a-f3b25d174eaf\" href=\"https:\/\/pans.krosno.pl\/informatyka\/wp-content\/uploads\/sites\/6\/2023\/04\/zaswiadczenie-o-zatrudnieniu-od-pracodawcy.docx\">zaswiadczenie-o-zatrudnieniu-od-pracodawcy<\/a><a href=\"https:\/\/pans.krosno.pl\/informatyka\/wp-content\/uploads\/sites\/6\/2023\/04\/zaswiadczenie-o-zatrudnieniu-od-pracodawcy.docx\" class=\"wp-block-file__button wp-element-button\" download aria-describedby=\"wp-block-file--media-4a5006d2-f109-4dee-a00a-f3b25d174eaf\">Pobierz<\/a><\/div>\n\n\n\n<div class=\"wp-block-file\"><a id=\"wp-block-file--media-633f997a-aa98-41cf-a5d9-54673cccc9f1\" href=\"https:\/\/pans.krosno.pl\/informatyka\/wp-content\/uploads\/sites\/6\/2023\/04\/oswiadczenie-o-wykonywanych-czynnosciach.docx\">oswiadczenie-o-wykonywanych-czynnosciach<\/a><a href=\"https:\/\/pans.krosno.pl\/informatyka\/wp-content\/uploads\/sites\/6\/2023\/04\/oswiadczenie-o-wykonywanych-czynnosciach.docx\" class=\"wp-block-file__button wp-element-button\" download aria-describedby=\"wp-block-file--media-633f997a-aa98-41cf-a5d9-54673cccc9f1\">Pobierz<\/a><\/div>\n\n\n\n<div class=\"wp-block-file\"><a id=\"wp-block-file--media-7c7095a1-aca2-471c-a285-95743e3a9f03\" href=\"https:\/\/pans.krosno.pl\/informatyka\/wp-content\/uploads\/sites\/6\/2023\/10\/karta-weryfikacji-efektow-.pdf\">karta-weryfikacji-efektow-<\/a><a href=\"https:\/\/pans.krosno.pl\/informatyka\/wp-content\/uploads\/sites\/6\/2023\/10\/karta-weryfikacji-efektow-.pdf\" class=\"wp-block-file__button wp-element-button\" download aria-describedby=\"wp-block-file--media-7c7095a1-aca2-471c-a285-95743e3a9f03\">Pobierz<\/a><\/div>\n","protected":false},"excerpt":{"rendered":"<p>Podstaw\u0105 realizacji praktyki jest porozumienie zawarte pomi\u0119dzy uczelni\u0105 a przedsi\u0119biorstwami, organami administracji samorz\u0105dowej i innymi podmiotami zwi\u0105zanym tematycznie z informatyk\u0105, w kt\u00f3rych mo\u017cna zrealizowa\u0107 za\u0142o\u017cenia programowe praktyki. Studenci odbywaj\u0105 praktyk\u0119 zawodow\u0105 sk\u0142adaj\u0105c\u0105 si\u0119 z trzech cz\u0119\u015bci, odpowiednio na II, III i IV roku studi\u00f3w. Kontynuacja praktyki mo\u017ce odbywa\u0107 si\u0119 w [\u2026] <\/p>\n<div class=\"clear\"><\/div>\n<p><a class=\"more_link clearfix\" href=\"https:\/\/pans.krosno.pl\/informatyka\/praktyki-zawodowe\/\" rel=\"nofollow\">Read More<\/a><\/p>\n","protected":false},"author":27,"featured_media":0,"parent":0,"menu_order":0,"comment_status":"closed","ping_status":"closed","template":"page-templates\/template-full-width.php","meta":{"ngg_post_thumbnail":0,"footnotes":""},"class_list":["post-82","page","type-page","status-publish","hentry"],"yoast_head":"<!-- This site is optimized with the Yoast SEO Premium plugin v27.4 (Yoast SEO v27.4) - https:\/\/yoast.com\/product\/yoast-seo-premium-wordpress\/ -->\n<title>Praktyki zawodowe - Informatyka PANS w Kro\u015bnie<\/title>\n<meta name=\"description\" content=\"Podstaw\u0105 realizacji praktyki jest porozumienie zawarte pomi\u0119dzy uczelni\u0105 a przedsi\u0119biorstwami, organami administracji samorz\u0105dowej i innymi podmiotami zwi\u0105zanym tematycznie z informatyk\u0105, w kt\u00f3rych mo\u017cna zrealizowa\u0107 za\u0142o\u017cenia programowe praktyki. Informatyka PANS w Kro\u015bnie\" \/>\n<meta name=\"robots\" content=\"index, follow, max-snippet:-1, max-image-preview:large, max-video-preview:-1\" \/>\n<link rel=\"canonical\" href=\"https:\/\/pans.krosno.pl\/informatyka\/praktyki-zawodowe\/\" \/>\n<meta property=\"og:locale\" content=\"pl_PL\" \/>\n<meta property=\"og:type\" content=\"article\" \/>\n<meta property=\"og:title\" content=\"Praktyki zawodowe\" \/>\n<meta property=\"og:description\" content=\"Podstaw\u0105 realizacji praktyki jest porozumienie zawarte pomi\u0119dzy uczelni\u0105 a przedsi\u0119biorstwami, organami administracji samorz\u0105dowej i innymi podmiotami zwi\u0105zanym tematycznie z informatyk\u0105, w kt\u00f3rych mo\u017cna zrealizowa\u0107 za\u0142o\u017cenia programowe praktyki. Informatyka PANS w Kro\u015bnie\" \/>\n<meta property=\"og:url\" content=\"https:\/\/pans.krosno.pl\/informatyka\/praktyki-zawodowe\/\" \/>\n<meta property=\"og:site_name\" content=\"Informatyka PANS w Kro\u015bnie\" \/>\n<meta property=\"article:publisher\" content=\"https:\/\/www.facebook.com\/INF.PWSZ.Krosno\/\" \/>\n<meta property=\"article:modified_time\" content=\"2023-10-26T11:48:48+00:00\" \/>\n<meta name=\"twitter:card\" content=\"summary_large_image\" \/>\n<meta name=\"twitter:label1\" content=\"Szacowany czas czytania\" \/>\n\t<meta name=\"twitter:data1\" content=\"1 minuta\" \/>\n<script type=\"application\/ld+json\" class=\"yoast-schema-graph\">{\"@context\":\"https:\\\/\\\/schema.org\",\"@graph\":[{\"@type\":\"WebPage\",\"@id\":\"https:\\\/\\\/pans.krosno.pl\\\/informatyka\\\/praktyki-zawodowe\\\/\",\"url\":\"https:\\\/\\\/pans.krosno.pl\\\/informatyka\\\/praktyki-zawodowe\\\/\",\"name\":\"Praktyki zawodowe - Informatyka PANS w Kro\u015bnie\",\"isPartOf\":{\"@id\":\"https:\\\/\\\/pans.krosno.pl\\\/informatyka\\\/#website\"},\"datePublished\":\"2019-11-06T12:37:56+00:00\",\"dateModified\":\"2023-10-26T11:48:48+00:00\",\"description\":\"Podstaw\u0105 realizacji praktyki jest porozumienie zawarte pomi\u0119dzy uczelni\u0105 a przedsi\u0119biorstwami, organami administracji samorz\u0105dowej i innymi podmiotami zwi\u0105zanym tematycznie z informatyk\u0105, w kt\u00f3rych mo\u017cna zrealizowa\u0107 za\u0142o\u017cenia programowe praktyki. Informatyka PANS w Kro\u015bnie\",\"breadcrumb\":{\"@id\":\"https:\\\/\\\/pans.krosno.pl\\\/informatyka\\\/praktyki-zawodowe\\\/#breadcrumb\"},\"inLanguage\":\"pl-PL\",\"potentialAction\":[{\"@type\":\"ReadAction\",\"target\":[\"https:\\\/\\\/pans.krosno.pl\\\/informatyka\\\/praktyki-zawodowe\\\/\"]}]},{\"@type\":\"BreadcrumbList\",\"@id\":\"https:\\\/\\\/pans.krosno.pl\\\/informatyka\\\/praktyki-zawodowe\\\/#breadcrumb\",\"itemListElement\":[{\"@type\":\"ListItem\",\"position\":1,\"name\":\"Strona g\u0142\u00f3wna\",\"item\":\"https:\\\/\\\/pans.krosno.pl\\\/informatyka\\\/\"},{\"@type\":\"ListItem\",\"position\":2,\"name\":\"Praktyki zawodowe\"}]},{\"@type\":\"WebSite\",\"@id\":\"https:\\\/\\\/pans.krosno.pl\\\/informatyka\\\/#website\",\"url\":\"https:\\\/\\\/pans.krosno.pl\\\/informatyka\\\/\",\"name\":\"Kierunek Informatyka\",\"description\":\"Informatyka - Pa\u0144stwowa Akademia Nauk Stosowanych\",\"publisher\":{\"@id\":\"https:\\\/\\\/pans.krosno.pl\\\/informatyka\\\/#organization\"},\"potentialAction\":[{\"@type\":\"SearchAction\",\"target\":{\"@type\":\"EntryPoint\",\"urlTemplate\":\"https:\\\/\\\/pans.krosno.pl\\\/informatyka\\\/?s={search_term_string}\"},\"query-input\":{\"@type\":\"PropertyValueSpecification\",\"valueRequired\":true,\"valueName\":\"search_term_string\"}}],\"inLanguage\":\"pl-PL\"},{\"@type\":\"Organization\",\"@id\":\"https:\\\/\\\/pans.krosno.pl\\\/informatyka\\\/#organization\",\"name\":\"Informatyka KPU w Kro\u015bnie\",\"url\":\"https:\\\/\\\/pans.krosno.pl\\\/informatyka\\\/\",\"logo\":{\"@type\":\"ImageObject\",\"inLanguage\":\"pl-PL\",\"@id\":\"https:\\\/\\\/pans.krosno.pl\\\/informatyka\\\/#\\\/schema\\\/logo\\\/image\\\/\",\"url\":\"https:\\\/\\\/pans.krosno.pl\\\/informatyka\\\/wp-content\\\/uploads\\\/sites\\\/6\\\/2020\\\/05\\\/96735643_906333539807912_5732186373989859328_n-1.gif\",\"contentUrl\":\"https:\\\/\\\/pans.krosno.pl\\\/informatyka\\\/wp-content\\\/uploads\\\/sites\\\/6\\\/2020\\\/05\\\/96735643_906333539807912_5732186373989859328_n-1.gif\",\"width\":762,\"height\":137,\"caption\":\"Informatyka KPU w Kro\u015bnie\"},\"image\":{\"@id\":\"https:\\\/\\\/pans.krosno.pl\\\/informatyka\\\/#\\\/schema\\\/logo\\\/image\\\/\"},\"sameAs\":[\"https:\\\/\\\/www.facebook.com\\\/INF.PWSZ.Krosno\\\/\"]}]}<\/script>\n<!-- \/ Yoast SEO Premium plugin. -->","yoast_head_json":{"title":"Praktyki zawodowe - Informatyka PANS w Kro\u015bnie","description":"Podstaw\u0105 realizacji praktyki jest porozumienie zawarte pomi\u0119dzy uczelni\u0105 a przedsi\u0119biorstwami, organami administracji samorz\u0105dowej i innymi podmiotami zwi\u0105zanym tematycznie z informatyk\u0105, w kt\u00f3rych mo\u017cna zrealizowa\u0107 za\u0142o\u017cenia programowe praktyki. Informatyka PANS w Kro\u015bnie","robots":{"index":"index","follow":"follow","max-snippet":"max-snippet:-1","max-image-preview":"max-image-preview:large","max-video-preview":"max-video-preview:-1"},"canonical":"https:\/\/pans.krosno.pl\/informatyka\/praktyki-zawodowe\/","og_locale":"pl_PL","og_type":"article","og_title":"Praktyki zawodowe","og_description":"Podstaw\u0105 realizacji praktyki jest porozumienie zawarte pomi\u0119dzy uczelni\u0105 a przedsi\u0119biorstwami, organami administracji samorz\u0105dowej i innymi podmiotami zwi\u0105zanym tematycznie z informatyk\u0105, w kt\u00f3rych mo\u017cna zrealizowa\u0107 za\u0142o\u017cenia programowe praktyki. Informatyka PANS w Kro\u015bnie","og_url":"https:\/\/pans.krosno.pl\/informatyka\/praktyki-zawodowe\/","og_site_name":"Informatyka PANS w Kro\u015bnie","article_publisher":"https:\/\/www.facebook.com\/INF.PWSZ.Krosno\/","article_modified_time":"2023-10-26T11:48:48+00:00","twitter_card":"summary_large_image","twitter_misc":{"Szacowany czas czytania":"1 minuta"},"schema":{"@context":"https:\/\/schema.org","@graph":[{"@type":"WebPage","@id":"https:\/\/pans.krosno.pl\/informatyka\/praktyki-zawodowe\/","url":"https:\/\/pans.krosno.pl\/informatyka\/praktyki-zawodowe\/","name":"Praktyki zawodowe - Informatyka PANS w Kro\u015bnie","isPartOf":{"@id":"https:\/\/pans.krosno.pl\/informatyka\/#website"},"datePublished":"2019-11-06T12:37:56+00:00","dateModified":"2023-10-26T11:48:48+00:00","description":"Podstaw\u0105 realizacji praktyki jest porozumienie zawarte pomi\u0119dzy uczelni\u0105 a przedsi\u0119biorstwami, organami administracji samorz\u0105dowej i innymi podmiotami zwi\u0105zanym tematycznie z informatyk\u0105, w kt\u00f3rych mo\u017cna zrealizowa\u0107 za\u0142o\u017cenia programowe praktyki. Informatyka PANS w Kro\u015bnie","breadcrumb":{"@id":"https:\/\/pans.krosno.pl\/informatyka\/praktyki-zawodowe\/#breadcrumb"},"inLanguage":"pl-PL","potentialAction":[{"@type":"ReadAction","target":["https:\/\/pans.krosno.pl\/informatyka\/praktyki-zawodowe\/"]}]},{"@type":"BreadcrumbList","@id":"https:\/\/pans.krosno.pl\/informatyka\/praktyki-zawodowe\/#breadcrumb","itemListElement":[{"@type":"ListItem","position":1,"name":"Strona g\u0142\u00f3wna","item":"https:\/\/pans.krosno.pl\/informatyka\/"},{"@type":"ListItem","position":2,"name":"Praktyki zawodowe"}]},{"@type":"WebSite","@id":"https:\/\/pans.krosno.pl\/informatyka\/#website","url":"https:\/\/pans.krosno.pl\/informatyka\/","name":"Kierunek Informatyka","description":"Informatyka - Pa\u0144stwowa Akademia Nauk Stosowanych","publisher":{"@id":"https:\/\/pans.krosno.pl\/informatyka\/#organization"},"potentialAction":[{"@type":"SearchAction","target":{"@type":"EntryPoint","urlTemplate":"https:\/\/pans.krosno.pl\/informatyka\/?s={search_term_string}"},"query-input":{"@type":"PropertyValueSpecification","valueRequired":true,"valueName":"search_term_string"}}],"inLanguage":"pl-PL"},{"@type":"Organization","@id":"https:\/\/pans.krosno.pl\/informatyka\/#organization","name":"Informatyka KPU w Kro\u015bnie","url":"https:\/\/pans.krosno.pl\/informatyka\/","logo":{"@type":"ImageObject","inLanguage":"pl-PL","@id":"https:\/\/pans.krosno.pl\/informatyka\/#\/schema\/logo\/image\/","url":"https:\/\/pans.krosno.pl\/informatyka\/wp-content\/uploads\/sites\/6\/2020\/05\/96735643_906333539807912_5732186373989859328_n-1.gif","contentUrl":"https:\/\/pans.krosno.pl\/informatyka\/wp-content\/uploads\/sites\/6\/2020\/05\/96735643_906333539807912_5732186373989859328_n-1.gif","width":762,"height":137,"caption":"Informatyka KPU w Kro\u015bnie"},"image":{"@id":"https:\/\/pans.krosno.pl\/informatyka\/#\/schema\/logo\/image\/"},"sameAs":["https:\/\/www.facebook.com\/INF.PWSZ.Krosno\/"]}]}},"_links":{"self":[{"href":"https:\/\/pans.krosno.pl\/informatyka\/wp-json\/wp\/v2\/pages\/82","targetHints":{"allow":["GET"]}}],"collection":[{"href":"https:\/\/pans.krosno.pl\/informatyka\/wp-json\/wp\/v2\/pages"}],"about":[{"href":"https:\/\/pans.krosno.pl\/informatyka\/wp-json\/wp\/v2\/types\/page"}],"author":[{"embeddable":true,"href":"https:\/\/pans.krosno.pl\/informatyka\/wp-json\/wp\/v2\/users\/27"}],"replies":[{"embeddable":true,"href":"https:\/\/pans.krosno.pl\/informatyka\/wp-json\/wp\/v2\/comments?post=82"}],"version-history":[{"count":21,"href":"https:\/\/pans.krosno.pl\/informatyka\/wp-json\/wp\/v2\/pages\/82\/revisions"}],"predecessor-version":[{"id":3431,"href":"https:\/\/pans.krosno.pl\/informatyka\/wp-json\/wp\/v2\/pages\/82\/revisions\/3431"}],"wp:attachment":[{"href":"https:\/\/pans.krosno.pl\/informatyka\/wp-json\/wp\/v2\/media?parent=82"}],"curies":[{"name":"wp","href":"https:\/\/api.w.org\/{rel}","templated":true}]}}