{"id":81,"date":"2019-11-06T13:37:56","date_gmt":"2019-11-06T12:37:56","guid":{"rendered":"https:\/\/pans.krosno.pl\/informatyka\/?page_id=81"},"modified":"2025-10-23T10:35:31","modified_gmt":"2025-10-23T08:35:31","slug":"dyzury-pracownikow","status":"publish","type":"page","link":"https:\/\/pans.krosno.pl\/informatyka\/dyzury-pracownikow\/","title":{"rendered":"Dy\u017cury pracownik\u00f3w"},"content":{"rendered":"\n<p><strong>Dy\u017cury pracownik\u00f3w kierunku Informatyka w roku akademickim 2025\/2026, semestr zimowy<\/strong><\/p>\n\n\n\n<p><\/p>\n\n\n\n<p><\/p>\n\n\n\n<div class=\"wp-block-columns is-layout-flex wp-container-core-columns-is-layout-28f84493 wp-block-columns-is-layout-flex\">\n<div class=\"wp-block-column is-layout-flow wp-block-column-is-layout-flow\" style=\"flex-basis:100%\">\n<figure class=\"wp-block-table is-style-stripes has-medium-font-size\"><table class=\"has-black-color has-text-color has-fixed-layout\"><thead><tr><th>Imi\u0119 i nazwisko<\/th><th class=\"has-text-align-center\" data-align=\"center\">Dzie\u0144<\/th><th>G<strong>odzina  <\/strong>      <\/th><th>Miejsce<\/th><th>Konsultacje zdalne<\/th><\/tr><\/thead><tbody><tr><td><a href=\"https:\/\/pans.krosno.pl\/pracownicy\/agnieszka-kubacka\/\">Dr in\u017c. Agnieszka Kubacka<\/a><\/td><td class=\"has-text-align-center\" data-align=\"center\">czwartek<\/td><td>8:00-9:00<\/td><td>ul. Wyspia\u0144skiego 20 <br>pok\u00f3j 9B<\/td><td>MS Teams: AGNIESZKA.KUBACKA<br>(prosz\u0119 o wcze\u015bniejsz\u0105 wiadomo\u015b\u0107<br>celem otwarcia spotkania)<\/td><\/tr><tr><td><a href=\"https:\/\/pans.krosno.pl\/pracownicy\/piotr-wais\/\" target=\"_blank\" rel=\"noreferrer noopener\">Dr in\u017c. Piotr Wais <\/a><\/td><td class=\"has-text-align-center\" data-align=\"center\"><br>wtorek<br><br><br>sobota <br><\/td><td>8:00-9:30<br>14:30-16:00<br>11:15-12:15 tydz. A<\/td><td>ul. Dmochowskiego 12<br>ul. Wyspia\u0144skiego 20<br><br>ul. Wyspia\u0144skiego 20<br><\/td><td>MS Teams: PIOTR.WAIS<br>(prosz\u0119 o wcze\u015bniejsz\u0105 wiadomo\u015b\u0107 na<br><a href=\"mailto:piotr.wais@pans.krosno.pl\">piotr.wais@pans.krosno.pl<\/a>&nbsp;celem otwarcia spotkania)<\/td><\/tr><tr><td><a href=\"https:\/\/pans.krosno.pl\/pracownicy\/bartosz-trybus\/\" target=\"_blank\" rel=\"noreferrer noopener\">Dr in\u017c. Bartosz Trybus<\/a><\/td><td class=\"has-text-align-center\" data-align=\"center\">czwartek <br>pi\u0105tek<\/td><td>18.30 &#8211; 19.00<br>14.15 &#8211; 15.15<\/td><td>ul. Wyspia\u0144skiego 20 <br>sala 201A<br><\/td><td>MS Teams: BARTOSZ.TRYBUS,<br><\/td><\/tr><tr><td><a href=\"https:\/\/pans.krosno.pl\/pracownicy\/jan-g-bazan\/\">Dr hab. in\u017c. Jan Bazan,<br> prof. PANS<\/a><\/td><td class=\"has-text-align-center\" data-align=\"center\">\u015broda&nbsp;<br><\/td><td>13:00-14:30<\/td><td>ul.&nbsp;Wyspia\u0144skiego&nbsp;20&nbsp;<br>sala&nbsp;201A<\/td><td>MS Teams, zesp\u00f3\u0142: JanBazan <br>(prosz\u0119 o wcze\u015bniejsz\u0105 wiadomo\u015b\u0107 na<br>jan.bazan@pans.krosno.pl celem otwarcia spotkania)<\/td><\/tr><tr><td><a href=\"https:\/\/pans.krosno.pl\/pracownicy\/adrian-horzyk\/\">Dr hab. Adrian Horzyk <br>prof. PANS<\/a><\/td><td class=\"has-text-align-center\" data-align=\"center\">wtorek<\/td><td>13:45 &#8211; 15:15<\/td><td> ul. Wyspia\u0144skiego 20<br>sala 205A<\/td><td>MS Teams: ADRIAN.HORZYK<br><a href=\"https:\/\/teams.microsoft.com\/l\/team\/19%3a02f2e386d125407d8b615b36649bd837%40thread.tacv2\/conversations?groupId=271661af-cba9-4a80-8cc0-709113088735&amp;tenantId=96d73bb3-f85d-42bd-90bb-d291863d303b\" target=\"_blank\" rel=\"noreferrer noopener\">https:\/\/teams.microsoft.com\/l\/team\/19%<\/a><br>KOD: tjg6lgb<\/td><\/tr><tr><td><a href=\"https:\/\/pans.krosno.pl\/pracownicy\/boguslaw-wisniewski\/\" target=\"_blank\" rel=\"noreferrer noopener\">Dr in\u017c. Bogus\u0142aw Wi\u015bniewski <\/a><\/td><td class=\"has-text-align-center\" data-align=\"center\"><\/td><td><\/td><td>ul. Wyspia\u0144skiego 20<br>sala 208A<br><\/td><td>MS Teams<\/td><\/tr><tr><td><a href=\"https:\/\/pans.krosno.pl\/pracownicy\/marcin-skuba\/\" target=\"_blank\" rel=\"noreferrer noopener\">Dr Marcin Skuba<\/a><\/td><td class=\"has-text-align-center\" data-align=\"center\">czwartek B<\/td><td>15.00 &#8211; 16.30<\/td><td>ul. Wyspia\u0144skiego 20<br>sala 205A<\/td><td><\/td><\/tr><tr><td><a href=\"https:\/\/pans.krosno.pl\/pracownicy\/miroslaw-rymar\/\">Dr Miros\u0142aw Rymar<\/a><\/td><td class=\"has-text-align-center\" data-align=\"center\"><\/td><td><\/td><td>ul. Wyspia\u0144skiego 20<\/td><td>MS TEAMS: Miros\u0142aw Rymar; <br><\/td><\/tr><tr><td><a href=\"https:\/\/pans.krosno.pl\/pracownicy\/hubert-wojtowicz\/\" target=\"_blank\" rel=\"noreferrer noopener\">Dr in\u017c. Hubert Wojtowicz<\/a><\/td><td class=\"has-text-align-center\" data-align=\"center\"><\/td><td><\/td><td>ul. Wyspia\u0144skiego 20<\/td><td><\/td><\/tr><tr><td><a href=\"https:\/\/pans.krosno.pl\/pracownicy\/jolanta-wojtowicz\/\">Dr Jolanta Wojtowicz<\/a><\/td><td class=\"has-text-align-center\" data-align=\"center\">wtorek\u00a0<br>sobota\u00a0B\u00a0<\/td><td><br>13.00\u00a0&#8211;\u00a013.45<br>14.45\u00a0&#8211;\u00a016.15<br><\/td><td>ul. Wyspia\u0144skiego 20<br><\/td><td><\/td><\/tr><tr><td><a href=\"https:\/\/pans.krosno.pl\/pracownicy\/radoslaw-golab\/\" target=\"_blank\" rel=\"noreferrer noopener\">Mgr Rados\u0142aw Go\u0142\u0105b<\/a><\/td><td class=\"has-text-align-center\" data-align=\"center\">sobota<\/td><td>13:00-14:30<\/td><td>ul. Wyspia\u0144skiego 20<br>sala 101A<\/td><td>MS Teams: RADOSLAW.GOLAB<br>(prosz\u0119 o wcze\u015bniejsz\u0105 wiadomo\u015b\u0107 na<a href=\"mailto:radoslaw.golab@pans.krosno.pl\"> radoslaw.golab@pans.krosno.pl<\/a>&nbsp;celem otwarcia spotkania)<\/td><\/tr><tr><td><a href=\"https:\/\/pans.krosno.pl\/pracownicy\/daniel-bialy\/\">Mgr in\u017c. Daniel Bia\u0142y<\/a><\/td><td class=\"has-text-align-center\" data-align=\"center\">wtorek<\/td><td>17:30&nbsp;do&nbsp;19:00<\/td><td>ul. Wyspia\u0144skiego 20<br>sala 101A<\/td><td>MS Teams: DANIEL.BIALY<\/td><\/tr><tr><td><\/td><td class=\"has-text-align-center\" data-align=\"center\"><\/td><td><\/td><td><\/td><td><\/td><\/tr><tr><td><\/td><td class=\"has-text-align-center\" data-align=\"center\"><\/td><td>   <span style=\"color: white\"> ___________<\/span> <\/td><td><\/td><td><\/td><\/tr><\/tbody><\/table><\/figure>\n<\/div>\n<\/div>\n","protected":false},"excerpt":{"rendered":"<p>Dy\u017cury pracownik\u00f3w kierunku Informatyka w roku akademickim 2025\/2026, semestr zimowy Imi\u0119 i nazwisko Dzie\u0144 Godzina Miejsce Konsultacje zdalne Dr in\u017c. Agnieszka Kubacka czwartek 8:00-9:00 ul. Wyspia\u0144skiego 20 pok\u00f3j 9B MS Teams: AGNIESZKA.KUBACKA(prosz\u0119 o wcze\u015bniejsz\u0105 wiadomo\u015b\u0107celem otwarcia spotkania) Dr in\u017c. Piotr Wais wtorek sobota 8:00-9:3014:30-16:0011:15-12:15 tydz. A ul. Dmochowskiego 12ul. Wyspia\u0144skiego [\u2026] <\/p>\n<div class=\"clear\"><\/div>\n<p><a class=\"more_link clearfix\" href=\"https:\/\/pans.krosno.pl\/informatyka\/dyzury-pracownikow\/\" rel=\"nofollow\">Read More<\/a><\/p>\n","protected":false},"author":27,"featured_media":0,"parent":0,"menu_order":0,"comment_status":"closed","ping_status":"closed","template":"page-templates\/template-full-width.php","meta":{"ngg_post_thumbnail":0,"footnotes":""},"class_list":["post-81","page","type-page","status-publish","hentry"],"yoast_head":"<!-- This site is optimized with the Yoast SEO Premium plugin v27.4 (Yoast SEO v27.4) - https:\/\/yoast.com\/product\/yoast-seo-premium-wordpress\/ -->\n<title>Dy\u017cury pracownik\u00f3w - Informatyka PANS w Kro\u015bnie<\/title>\n<meta name=\"robots\" content=\"index, follow, max-snippet:-1, max-image-preview:large, max-video-preview:-1\" \/>\n<link rel=\"canonical\" href=\"https:\/\/pans.krosno.pl\/informatyka\/dyzury-pracownikow\/\" \/>\n<meta property=\"og:locale\" content=\"pl_PL\" \/>\n<meta property=\"og:type\" content=\"article\" \/>\n<meta property=\"og:title\" content=\"Dy\u017cury pracownik\u00f3w\" \/>\n<meta property=\"og:description\" content=\"Dy\u017cury pracownik\u00f3w kierunku Informatyka w roku akademickim 2025\/2026, semestr zimowy Imi\u0119 i nazwisko Dzie\u0144 Godzina Miejsce Konsultacje zdalne Dr in\u017c. Agnieszka Kubacka czwartek 8:00-9:00 ul. Wyspia\u0144skiego 20 pok\u00f3j 9B MS Teams: AGNIESZKA.KUBACKA(prosz\u0119 o wcze\u015bniejsz\u0105 wiadomo\u015b\u0107celem otwarcia spotkania) Dr in\u017c. Piotr Wais wtorek sobota 8:00-9:3014:30-16:0011:15-12:15 tydz. A ul. Dmochowskiego 12ul. Wyspia\u0144skiego [\u2026] Read More\" \/>\n<meta property=\"og:url\" content=\"https:\/\/pans.krosno.pl\/informatyka\/dyzury-pracownikow\/\" \/>\n<meta property=\"og:site_name\" content=\"Informatyka PANS w Kro\u015bnie\" \/>\n<meta property=\"article:publisher\" content=\"https:\/\/www.facebook.com\/INF.PWSZ.Krosno\/\" \/>\n<meta property=\"article:modified_time\" content=\"2025-10-23T08:35:31+00:00\" \/>\n<meta name=\"twitter:card\" content=\"summary_large_image\" \/>\n<meta name=\"twitter:label1\" content=\"Szacowany czas czytania\" \/>\n\t<meta name=\"twitter:data1\" content=\"2 minuty\" \/>\n<script type=\"application\/ld+json\" class=\"yoast-schema-graph\">{\"@context\":\"https:\\\/\\\/schema.org\",\"@graph\":[{\"@type\":\"WebPage\",\"@id\":\"https:\\\/\\\/pans.krosno.pl\\\/informatyka\\\/dyzury-pracownikow\\\/\",\"url\":\"https:\\\/\\\/pans.krosno.pl\\\/informatyka\\\/dyzury-pracownikow\\\/\",\"name\":\"Dy\u017cury pracownik\u00f3w - Informatyka PANS w Kro\u015bnie\",\"isPartOf\":{\"@id\":\"https:\\\/\\\/pans.krosno.pl\\\/informatyka\\\/#website\"},\"datePublished\":\"2019-11-06T12:37:56+00:00\",\"dateModified\":\"2025-10-23T08:35:31+00:00\",\"breadcrumb\":{\"@id\":\"https:\\\/\\\/pans.krosno.pl\\\/informatyka\\\/dyzury-pracownikow\\\/#breadcrumb\"},\"inLanguage\":\"pl-PL\",\"potentialAction\":[{\"@type\":\"ReadAction\",\"target\":[\"https:\\\/\\\/pans.krosno.pl\\\/informatyka\\\/dyzury-pracownikow\\\/\"]}]},{\"@type\":\"BreadcrumbList\",\"@id\":\"https:\\\/\\\/pans.krosno.pl\\\/informatyka\\\/dyzury-pracownikow\\\/#breadcrumb\",\"itemListElement\":[{\"@type\":\"ListItem\",\"position\":1,\"name\":\"Strona g\u0142\u00f3wna\",\"item\":\"https:\\\/\\\/pans.krosno.pl\\\/informatyka\\\/\"},{\"@type\":\"ListItem\",\"position\":2,\"name\":\"Dy\u017cury pracownik\u00f3w\"}]},{\"@type\":\"WebSite\",\"@id\":\"https:\\\/\\\/pans.krosno.pl\\\/informatyka\\\/#website\",\"url\":\"https:\\\/\\\/pans.krosno.pl\\\/informatyka\\\/\",\"name\":\"Kierunek Informatyka\",\"description\":\"Informatyka - Pa\u0144stwowa Akademia Nauk Stosowanych\",\"publisher\":{\"@id\":\"https:\\\/\\\/pans.krosno.pl\\\/informatyka\\\/#organization\"},\"potentialAction\":[{\"@type\":\"SearchAction\",\"target\":{\"@type\":\"EntryPoint\",\"urlTemplate\":\"https:\\\/\\\/pans.krosno.pl\\\/informatyka\\\/?s={search_term_string}\"},\"query-input\":{\"@type\":\"PropertyValueSpecification\",\"valueRequired\":true,\"valueName\":\"search_term_string\"}}],\"inLanguage\":\"pl-PL\"},{\"@type\":\"Organization\",\"@id\":\"https:\\\/\\\/pans.krosno.pl\\\/informatyka\\\/#organization\",\"name\":\"Informatyka KPU w Kro\u015bnie\",\"url\":\"https:\\\/\\\/pans.krosno.pl\\\/informatyka\\\/\",\"logo\":{\"@type\":\"ImageObject\",\"inLanguage\":\"pl-PL\",\"@id\":\"https:\\\/\\\/pans.krosno.pl\\\/informatyka\\\/#\\\/schema\\\/logo\\\/image\\\/\",\"url\":\"https:\\\/\\\/pans.krosno.pl\\\/informatyka\\\/wp-content\\\/uploads\\\/sites\\\/6\\\/2020\\\/05\\\/96735643_906333539807912_5732186373989859328_n-1.gif\",\"contentUrl\":\"https:\\\/\\\/pans.krosno.pl\\\/informatyka\\\/wp-content\\\/uploads\\\/sites\\\/6\\\/2020\\\/05\\\/96735643_906333539807912_5732186373989859328_n-1.gif\",\"width\":762,\"height\":137,\"caption\":\"Informatyka KPU w Kro\u015bnie\"},\"image\":{\"@id\":\"https:\\\/\\\/pans.krosno.pl\\\/informatyka\\\/#\\\/schema\\\/logo\\\/image\\\/\"},\"sameAs\":[\"https:\\\/\\\/www.facebook.com\\\/INF.PWSZ.Krosno\\\/\"]}]}<\/script>\n<!-- \/ Yoast SEO Premium plugin. -->","yoast_head_json":{"title":"Dy\u017cury pracownik\u00f3w - Informatyka PANS w Kro\u015bnie","robots":{"index":"index","follow":"follow","max-snippet":"max-snippet:-1","max-image-preview":"max-image-preview:large","max-video-preview":"max-video-preview:-1"},"canonical":"https:\/\/pans.krosno.pl\/informatyka\/dyzury-pracownikow\/","og_locale":"pl_PL","og_type":"article","og_title":"Dy\u017cury pracownik\u00f3w","og_description":"Dy\u017cury pracownik\u00f3w kierunku Informatyka w roku akademickim 2025\/2026, semestr zimowy Imi\u0119 i nazwisko Dzie\u0144 Godzina Miejsce Konsultacje zdalne Dr in\u017c. Agnieszka Kubacka czwartek 8:00-9:00 ul. Wyspia\u0144skiego 20 pok\u00f3j 9B MS Teams: AGNIESZKA.KUBACKA(prosz\u0119 o wcze\u015bniejsz\u0105 wiadomo\u015b\u0107celem otwarcia spotkania) Dr in\u017c. Piotr Wais wtorek sobota 8:00-9:3014:30-16:0011:15-12:15 tydz. A ul. Dmochowskiego 12ul. Wyspia\u0144skiego [\u2026] Read More","og_url":"https:\/\/pans.krosno.pl\/informatyka\/dyzury-pracownikow\/","og_site_name":"Informatyka PANS w Kro\u015bnie","article_publisher":"https:\/\/www.facebook.com\/INF.PWSZ.Krosno\/","article_modified_time":"2025-10-23T08:35:31+00:00","twitter_card":"summary_large_image","twitter_misc":{"Szacowany czas czytania":"2 minuty"},"schema":{"@context":"https:\/\/schema.org","@graph":[{"@type":"WebPage","@id":"https:\/\/pans.krosno.pl\/informatyka\/dyzury-pracownikow\/","url":"https:\/\/pans.krosno.pl\/informatyka\/dyzury-pracownikow\/","name":"Dy\u017cury pracownik\u00f3w - Informatyka PANS w Kro\u015bnie","isPartOf":{"@id":"https:\/\/pans.krosno.pl\/informatyka\/#website"},"datePublished":"2019-11-06T12:37:56+00:00","dateModified":"2025-10-23T08:35:31+00:00","breadcrumb":{"@id":"https:\/\/pans.krosno.pl\/informatyka\/dyzury-pracownikow\/#breadcrumb"},"inLanguage":"pl-PL","potentialAction":[{"@type":"ReadAction","target":["https:\/\/pans.krosno.pl\/informatyka\/dyzury-pracownikow\/"]}]},{"@type":"BreadcrumbList","@id":"https:\/\/pans.krosno.pl\/informatyka\/dyzury-pracownikow\/#breadcrumb","itemListElement":[{"@type":"ListItem","position":1,"name":"Strona g\u0142\u00f3wna","item":"https:\/\/pans.krosno.pl\/informatyka\/"},{"@type":"ListItem","position":2,"name":"Dy\u017cury pracownik\u00f3w"}]},{"@type":"WebSite","@id":"https:\/\/pans.krosno.pl\/informatyka\/#website","url":"https:\/\/pans.krosno.pl\/informatyka\/","name":"Kierunek Informatyka","description":"Informatyka - Pa\u0144stwowa Akademia Nauk Stosowanych","publisher":{"@id":"https:\/\/pans.krosno.pl\/informatyka\/#organization"},"potentialAction":[{"@type":"SearchAction","target":{"@type":"EntryPoint","urlTemplate":"https:\/\/pans.krosno.pl\/informatyka\/?s={search_term_string}"},"query-input":{"@type":"PropertyValueSpecification","valueRequired":true,"valueName":"search_term_string"}}],"inLanguage":"pl-PL"},{"@type":"Organization","@id":"https:\/\/pans.krosno.pl\/informatyka\/#organization","name":"Informatyka KPU w Kro\u015bnie","url":"https:\/\/pans.krosno.pl\/informatyka\/","logo":{"@type":"ImageObject","inLanguage":"pl-PL","@id":"https:\/\/pans.krosno.pl\/informatyka\/#\/schema\/logo\/image\/","url":"https:\/\/pans.krosno.pl\/informatyka\/wp-content\/uploads\/sites\/6\/2020\/05\/96735643_906333539807912_5732186373989859328_n-1.gif","contentUrl":"https:\/\/pans.krosno.pl\/informatyka\/wp-content\/uploads\/sites\/6\/2020\/05\/96735643_906333539807912_5732186373989859328_n-1.gif","width":762,"height":137,"caption":"Informatyka KPU w Kro\u015bnie"},"image":{"@id":"https:\/\/pans.krosno.pl\/informatyka\/#\/schema\/logo\/image\/"},"sameAs":["https:\/\/www.facebook.com\/INF.PWSZ.Krosno\/"]}]}},"_links":{"self":[{"href":"https:\/\/pans.krosno.pl\/informatyka\/wp-json\/wp\/v2\/pages\/81","targetHints":{"allow":["GET"]}}],"collection":[{"href":"https:\/\/pans.krosno.pl\/informatyka\/wp-json\/wp\/v2\/pages"}],"about":[{"href":"https:\/\/pans.krosno.pl\/informatyka\/wp-json\/wp\/v2\/types\/page"}],"author":[{"embeddable":true,"href":"https:\/\/pans.krosno.pl\/informatyka\/wp-json\/wp\/v2\/users\/27"}],"replies":[{"embeddable":true,"href":"https:\/\/pans.krosno.pl\/informatyka\/wp-json\/wp\/v2\/comments?post=81"}],"version-history":[{"count":160,"href":"https:\/\/pans.krosno.pl\/informatyka\/wp-json\/wp\/v2\/pages\/81\/revisions"}],"predecessor-version":[{"id":3707,"href":"https:\/\/pans.krosno.pl\/informatyka\/wp-json\/wp\/v2\/pages\/81\/revisions\/3707"}],"wp:attachment":[{"href":"https:\/\/pans.krosno.pl\/informatyka\/wp-json\/wp\/v2\/media?parent=81"}],"curies":[{"name":"wp","href":"https:\/\/api.w.org\/{rel}","templated":true}]}}