{"id":3130,"date":"2023-03-15T15:12:34","date_gmt":"2023-03-15T14:12:34","guid":{"rendered":"https:\/\/pans.krosno.pl\/informatyka\/?page_id=3130"},"modified":"2023-03-15T15:58:26","modified_gmt":"2023-03-15T14:58:26","slug":"laboratorium-systemow-kontrolno-pomiarowych-204a","status":"publish","type":"page","link":"https:\/\/pans.krosno.pl\/informatyka\/sala-dydaktyczne-informatyka\/laboratorium-systemow-kontrolno-pomiarowych-204a\/","title":{"rendered":"Laboratorium system\u00f3w kontrolno pomiarowych (204A)"},"content":{"rendered":"\n<p>Laboratorium wyposa\u017cone w najnowszy sprz\u0119t umo\u017cliwiaj\u0105cy prototypowanie uk\u0142ad\u00f3w elektronicznych. Znajduje si\u0119 w nim m.in. automat do monta\u017cu element\u00f3w na p\u0142ytce uk\u0142adu elektronicznego, manualna drukarka pasty lutowniczej oraz piec lutowniczy.<\/p>\n\n\n\nngg_shortcode_0_placeholder\n","protected":false},"excerpt":{"rendered":"<p>Laboratorium wyposa\u017cone w najnowszy sprz\u0119t umo\u017cliwiaj\u0105cy prototypowanie uk\u0142ad\u00f3w elektronicznych. Znajduje si\u0119 w nim m.in. automat do monta\u017cu element\u00f3w na p\u0142ytce uk\u0142adu elektronicznego, manualna drukarka pasty lutowniczej oraz piec lutowniczy.<\/p>\n","protected":false},"author":27,"featured_media":0,"parent":3033,"menu_order":0,"comment_status":"closed","ping_status":"closed","template":"page-templates\/template-full-width.php","meta":{"ngg_post_thumbnail":0,"footnotes":""},"class_list":["post-3130","page","type-page","status-publish","hentry"],"yoast_head":"<!-- This site is optimized with the Yoast SEO Premium plugin v27.3 (Yoast SEO v27.3) - https:\/\/yoast.com\/product\/yoast-seo-premium-wordpress\/ -->\n<title>Laboratorium system\u00f3w kontrolno pomiarowych (204A) - Informatyka PANS w Kro\u015bnie<\/title>\n<meta name=\"robots\" content=\"index, follow, max-snippet:-1, max-image-preview:large, max-video-preview:-1\" \/>\n<link rel=\"canonical\" href=\"https:\/\/pans.krosno.pl\/informatyka\/sala-dydaktyczne-informatyka\/laboratorium-systemow-kontrolno-pomiarowych-204a\/\" \/>\n<meta property=\"og:locale\" content=\"pl_PL\" \/>\n<meta property=\"og:type\" content=\"article\" \/>\n<meta property=\"og:title\" content=\"Laboratorium system\u00f3w kontrolno pomiarowych (204A)\" \/>\n<meta property=\"og:description\" content=\"Laboratorium wyposa\u017cone w najnowszy sprz\u0119t umo\u017cliwiaj\u0105cy prototypowanie uk\u0142ad\u00f3w elektronicznych. Znajduje si\u0119 w nim m.in. automat do monta\u017cu element\u00f3w na p\u0142ytce uk\u0142adu elektronicznego, manualna drukarka pasty lutowniczej oraz piec lutowniczy.\" \/>\n<meta property=\"og:url\" content=\"https:\/\/pans.krosno.pl\/informatyka\/sala-dydaktyczne-informatyka\/laboratorium-systemow-kontrolno-pomiarowych-204a\/\" \/>\n<meta property=\"og:site_name\" content=\"Informatyka PANS w Kro\u015bnie\" \/>\n<meta property=\"article:publisher\" content=\"https:\/\/www.facebook.com\/INF.PWSZ.Krosno\/\" \/>\n<meta property=\"article:modified_time\" content=\"2023-03-15T14:58:26+00:00\" \/>\n<meta name=\"twitter:card\" content=\"summary_large_image\" \/>\n<meta name=\"twitter:label1\" content=\"Szacowany czas czytania\" \/>\n\t<meta name=\"twitter:data1\" content=\"1 minuta\" \/>\n<script type=\"application\/ld+json\" class=\"yoast-schema-graph\">{\"@context\":\"https:\\\/\\\/schema.org\",\"@graph\":[{\"@type\":\"WebPage\",\"@id\":\"https:\\\/\\\/pans.krosno.pl\\\/informatyka\\\/sala-dydaktyczne-informatyka\\\/laboratorium-systemow-kontrolno-pomiarowych-204a\\\/\",\"url\":\"https:\\\/\\\/pans.krosno.pl\\\/informatyka\\\/sala-dydaktyczne-informatyka\\\/laboratorium-systemow-kontrolno-pomiarowych-204a\\\/\",\"name\":\"Laboratorium system\u00f3w kontrolno pomiarowych (204A) - Informatyka PANS w Kro\u015bnie\",\"isPartOf\":{\"@id\":\"https:\\\/\\\/pans.krosno.pl\\\/informatyka\\\/#website\"},\"datePublished\":\"2023-03-15T14:12:34+00:00\",\"dateModified\":\"2023-03-15T14:58:26+00:00\",\"breadcrumb\":{\"@id\":\"https:\\\/\\\/pans.krosno.pl\\\/informatyka\\\/sala-dydaktyczne-informatyka\\\/laboratorium-systemow-kontrolno-pomiarowych-204a\\\/#breadcrumb\"},\"inLanguage\":\"pl-PL\",\"potentialAction\":[{\"@type\":\"ReadAction\",\"target\":[\"https:\\\/\\\/pans.krosno.pl\\\/informatyka\\\/sala-dydaktyczne-informatyka\\\/laboratorium-systemow-kontrolno-pomiarowych-204a\\\/\"]}]},{\"@type\":\"BreadcrumbList\",\"@id\":\"https:\\\/\\\/pans.krosno.pl\\\/informatyka\\\/sala-dydaktyczne-informatyka\\\/laboratorium-systemow-kontrolno-pomiarowych-204a\\\/#breadcrumb\",\"itemListElement\":[{\"@type\":\"ListItem\",\"position\":1,\"name\":\"Strona g\u0142\u00f3wna\",\"item\":\"https:\\\/\\\/pans.krosno.pl\\\/informatyka\\\/\"},{\"@type\":\"ListItem\",\"position\":2,\"name\":\"Sale dydaktyczne &#8211; Informatyka\",\"item\":\"https:\\\/\\\/pans.krosno.pl\\\/informatyka\\\/sala-dydaktyczne-informatyka\\\/\"},{\"@type\":\"ListItem\",\"position\":3,\"name\":\"Laboratorium system\u00f3w kontrolno pomiarowych (204A)\"}]},{\"@type\":\"WebSite\",\"@id\":\"https:\\\/\\\/pans.krosno.pl\\\/informatyka\\\/#website\",\"url\":\"https:\\\/\\\/pans.krosno.pl\\\/informatyka\\\/\",\"name\":\"Kierunek Informatyka\",\"description\":\"Informatyka - Pa\u0144stwowa Akademia Nauk Stosowanych\",\"publisher\":{\"@id\":\"https:\\\/\\\/pans.krosno.pl\\\/informatyka\\\/#organization\"},\"potentialAction\":[{\"@type\":\"SearchAction\",\"target\":{\"@type\":\"EntryPoint\",\"urlTemplate\":\"https:\\\/\\\/pans.krosno.pl\\\/informatyka\\\/?s={search_term_string}\"},\"query-input\":{\"@type\":\"PropertyValueSpecification\",\"valueRequired\":true,\"valueName\":\"search_term_string\"}}],\"inLanguage\":\"pl-PL\"},{\"@type\":\"Organization\",\"@id\":\"https:\\\/\\\/pans.krosno.pl\\\/informatyka\\\/#organization\",\"name\":\"Informatyka KPU w Kro\u015bnie\",\"url\":\"https:\\\/\\\/pans.krosno.pl\\\/informatyka\\\/\",\"logo\":{\"@type\":\"ImageObject\",\"inLanguage\":\"pl-PL\",\"@id\":\"https:\\\/\\\/pans.krosno.pl\\\/informatyka\\\/#\\\/schema\\\/logo\\\/image\\\/\",\"url\":\"https:\\\/\\\/pans.krosno.pl\\\/informatyka\\\/wp-content\\\/uploads\\\/sites\\\/6\\\/2020\\\/05\\\/96735643_906333539807912_5732186373989859328_n-1.gif\",\"contentUrl\":\"https:\\\/\\\/pans.krosno.pl\\\/informatyka\\\/wp-content\\\/uploads\\\/sites\\\/6\\\/2020\\\/05\\\/96735643_906333539807912_5732186373989859328_n-1.gif\",\"width\":762,\"height\":137,\"caption\":\"Informatyka KPU w Kro\u015bnie\"},\"image\":{\"@id\":\"https:\\\/\\\/pans.krosno.pl\\\/informatyka\\\/#\\\/schema\\\/logo\\\/image\\\/\"},\"sameAs\":[\"https:\\\/\\\/www.facebook.com\\\/INF.PWSZ.Krosno\\\/\"]}]}<\/script>\n<!-- \/ Yoast SEO Premium plugin. -->","yoast_head_json":{"title":"Laboratorium system\u00f3w kontrolno pomiarowych (204A) - Informatyka PANS w Kro\u015bnie","robots":{"index":"index","follow":"follow","max-snippet":"max-snippet:-1","max-image-preview":"max-image-preview:large","max-video-preview":"max-video-preview:-1"},"canonical":"https:\/\/pans.krosno.pl\/informatyka\/sala-dydaktyczne-informatyka\/laboratorium-systemow-kontrolno-pomiarowych-204a\/","og_locale":"pl_PL","og_type":"article","og_title":"Laboratorium system\u00f3w kontrolno pomiarowych (204A)","og_description":"Laboratorium wyposa\u017cone w najnowszy sprz\u0119t umo\u017cliwiaj\u0105cy prototypowanie uk\u0142ad\u00f3w elektronicznych. Znajduje si\u0119 w nim m.in. automat do monta\u017cu element\u00f3w na p\u0142ytce uk\u0142adu elektronicznego, manualna drukarka pasty lutowniczej oraz piec lutowniczy.","og_url":"https:\/\/pans.krosno.pl\/informatyka\/sala-dydaktyczne-informatyka\/laboratorium-systemow-kontrolno-pomiarowych-204a\/","og_site_name":"Informatyka PANS w Kro\u015bnie","article_publisher":"https:\/\/www.facebook.com\/INF.PWSZ.Krosno\/","article_modified_time":"2023-03-15T14:58:26+00:00","twitter_card":"summary_large_image","twitter_misc":{"Szacowany czas czytania":"1 minuta"},"schema":{"@context":"https:\/\/schema.org","@graph":[{"@type":"WebPage","@id":"https:\/\/pans.krosno.pl\/informatyka\/sala-dydaktyczne-informatyka\/laboratorium-systemow-kontrolno-pomiarowych-204a\/","url":"https:\/\/pans.krosno.pl\/informatyka\/sala-dydaktyczne-informatyka\/laboratorium-systemow-kontrolno-pomiarowych-204a\/","name":"Laboratorium system\u00f3w kontrolno pomiarowych (204A) - Informatyka PANS w Kro\u015bnie","isPartOf":{"@id":"https:\/\/pans.krosno.pl\/informatyka\/#website"},"datePublished":"2023-03-15T14:12:34+00:00","dateModified":"2023-03-15T14:58:26+00:00","breadcrumb":{"@id":"https:\/\/pans.krosno.pl\/informatyka\/sala-dydaktyczne-informatyka\/laboratorium-systemow-kontrolno-pomiarowych-204a\/#breadcrumb"},"inLanguage":"pl-PL","potentialAction":[{"@type":"ReadAction","target":["https:\/\/pans.krosno.pl\/informatyka\/sala-dydaktyczne-informatyka\/laboratorium-systemow-kontrolno-pomiarowych-204a\/"]}]},{"@type":"BreadcrumbList","@id":"https:\/\/pans.krosno.pl\/informatyka\/sala-dydaktyczne-informatyka\/laboratorium-systemow-kontrolno-pomiarowych-204a\/#breadcrumb","itemListElement":[{"@type":"ListItem","position":1,"name":"Strona g\u0142\u00f3wna","item":"https:\/\/pans.krosno.pl\/informatyka\/"},{"@type":"ListItem","position":2,"name":"Sale dydaktyczne &#8211; Informatyka","item":"https:\/\/pans.krosno.pl\/informatyka\/sala-dydaktyczne-informatyka\/"},{"@type":"ListItem","position":3,"name":"Laboratorium system\u00f3w kontrolno pomiarowych (204A)"}]},{"@type":"WebSite","@id":"https:\/\/pans.krosno.pl\/informatyka\/#website","url":"https:\/\/pans.krosno.pl\/informatyka\/","name":"Kierunek Informatyka","description":"Informatyka - Pa\u0144stwowa Akademia Nauk Stosowanych","publisher":{"@id":"https:\/\/pans.krosno.pl\/informatyka\/#organization"},"potentialAction":[{"@type":"SearchAction","target":{"@type":"EntryPoint","urlTemplate":"https:\/\/pans.krosno.pl\/informatyka\/?s={search_term_string}"},"query-input":{"@type":"PropertyValueSpecification","valueRequired":true,"valueName":"search_term_string"}}],"inLanguage":"pl-PL"},{"@type":"Organization","@id":"https:\/\/pans.krosno.pl\/informatyka\/#organization","name":"Informatyka KPU w Kro\u015bnie","url":"https:\/\/pans.krosno.pl\/informatyka\/","logo":{"@type":"ImageObject","inLanguage":"pl-PL","@id":"https:\/\/pans.krosno.pl\/informatyka\/#\/schema\/logo\/image\/","url":"https:\/\/pans.krosno.pl\/informatyka\/wp-content\/uploads\/sites\/6\/2020\/05\/96735643_906333539807912_5732186373989859328_n-1.gif","contentUrl":"https:\/\/pans.krosno.pl\/informatyka\/wp-content\/uploads\/sites\/6\/2020\/05\/96735643_906333539807912_5732186373989859328_n-1.gif","width":762,"height":137,"caption":"Informatyka KPU w Kro\u015bnie"},"image":{"@id":"https:\/\/pans.krosno.pl\/informatyka\/#\/schema\/logo\/image\/"},"sameAs":["https:\/\/www.facebook.com\/INF.PWSZ.Krosno\/"]}]}},"_links":{"self":[{"href":"https:\/\/pans.krosno.pl\/informatyka\/wp-json\/wp\/v2\/pages\/3130","targetHints":{"allow":["GET"]}}],"collection":[{"href":"https:\/\/pans.krosno.pl\/informatyka\/wp-json\/wp\/v2\/pages"}],"about":[{"href":"https:\/\/pans.krosno.pl\/informatyka\/wp-json\/wp\/v2\/types\/page"}],"author":[{"embeddable":true,"href":"https:\/\/pans.krosno.pl\/informatyka\/wp-json\/wp\/v2\/users\/27"}],"replies":[{"embeddable":true,"href":"https:\/\/pans.krosno.pl\/informatyka\/wp-json\/wp\/v2\/comments?post=3130"}],"version-history":[{"count":2,"href":"https:\/\/pans.krosno.pl\/informatyka\/wp-json\/wp\/v2\/pages\/3130\/revisions"}],"predecessor-version":[{"id":3212,"href":"https:\/\/pans.krosno.pl\/informatyka\/wp-json\/wp\/v2\/pages\/3130\/revisions\/3212"}],"up":[{"embeddable":true,"href":"https:\/\/pans.krosno.pl\/informatyka\/wp-json\/wp\/v2\/pages\/3033"}],"wp:attachment":[{"href":"https:\/\/pans.krosno.pl\/informatyka\/wp-json\/wp\/v2\/media?parent=3130"}],"curies":[{"name":"wp","href":"https:\/\/api.w.org\/{rel}","templated":true}]}}