{"id":3118,"date":"2023-03-15T15:09:06","date_gmt":"2023-03-15T14:09:06","guid":{"rendered":"https:\/\/pans.krosno.pl\/informatyka\/?page_id=3118"},"modified":"2023-03-15T15:58:32","modified_gmt":"2023-03-15T14:58:32","slug":"laboratorium-technologii-internetowych-i-baz-danych-201a","status":"publish","type":"page","link":"https:\/\/pans.krosno.pl\/informatyka\/sala-dydaktyczne-informatyka\/laboratorium-technologii-internetowych-i-baz-danych-201a\/","title":{"rendered":"Laboratorium technologii internetowych i baz danych (201A)"},"content":{"rendered":"\n<p>Laboratorium przeznaczone do projektowania i programowania aplikacji wykorzystuj\u0105cych nowoczesne rozwi\u0105zania bazodanowe.<br>Opr\u00f3cz laboratori\u00f3w przedmiotowych w sali odbywaj\u0105 si\u0119 zaj\u0119cia w ramach Microsoft IT Academy. Stanowiska komputerowe pe\u0142ni\u0105 dodatkow\u0105 rol\u0119 stacji klienckich dla oprogramowania serwerowego, w tym systemu Oracle Database. Dzia\u0142a ono w oparciu o platform\u0119 serwerow\u0105 HP oraz technologi\u0119 wirtualizacji.<\/p>\n\n\n\nngg_shortcode_0_placeholder\n","protected":false},"excerpt":{"rendered":"<p>Laboratorium przeznaczone do projektowania i programowania aplikacji wykorzystuj\u0105cych nowoczesne rozwi\u0105zania bazodanowe.Opr\u00f3cz laboratori\u00f3w przedmiotowych w sali odbywaj\u0105 si\u0119 zaj\u0119cia w ramach Microsoft IT Academy. Stanowiska komputerowe pe\u0142ni\u0105 dodatkow\u0105 rol\u0119 stacji klienckich dla oprogramowania serwerowego, w tym systemu Oracle Database. Dzia\u0142a ono w oparciu o platform\u0119 serwerow\u0105 HP oraz technologi\u0119 wirtualizacji.<\/p>\n","protected":false},"author":27,"featured_media":0,"parent":3033,"menu_order":0,"comment_status":"closed","ping_status":"closed","template":"page-templates\/template-full-width.php","meta":{"ngg_post_thumbnail":0,"footnotes":""},"class_list":["post-3118","page","type-page","status-publish","hentry"],"yoast_head":"<!-- This site is optimized with the Yoast SEO Premium plugin v27.4 (Yoast SEO v27.4) - https:\/\/yoast.com\/product\/yoast-seo-premium-wordpress\/ -->\n<title>Laboratorium technologii internetowych i baz danych (201A) - Informatyka PANS w Kro\u015bnie<\/title>\n<meta name=\"robots\" content=\"index, follow, max-snippet:-1, max-image-preview:large, max-video-preview:-1\" \/>\n<link rel=\"canonical\" href=\"https:\/\/pans.krosno.pl\/informatyka\/sala-dydaktyczne-informatyka\/laboratorium-technologii-internetowych-i-baz-danych-201a\/\" \/>\n<meta property=\"og:locale\" content=\"pl_PL\" \/>\n<meta property=\"og:type\" content=\"article\" \/>\n<meta property=\"og:title\" content=\"Laboratorium technologii internetowych i baz danych (201A)\" \/>\n<meta property=\"og:description\" content=\"Laboratorium przeznaczone do projektowania i programowania aplikacji wykorzystuj\u0105cych nowoczesne rozwi\u0105zania bazodanowe.Opr\u00f3cz laboratori\u00f3w przedmiotowych w sali odbywaj\u0105 si\u0119 zaj\u0119cia w ramach Microsoft IT Academy. Stanowiska komputerowe pe\u0142ni\u0105 dodatkow\u0105 rol\u0119 stacji klienckich dla oprogramowania serwerowego, w tym systemu Oracle Database. Dzia\u0142a ono w oparciu o platform\u0119 serwerow\u0105 HP oraz technologi\u0119 wirtualizacji.\" \/>\n<meta property=\"og:url\" content=\"https:\/\/pans.krosno.pl\/informatyka\/sala-dydaktyczne-informatyka\/laboratorium-technologii-internetowych-i-baz-danych-201a\/\" \/>\n<meta property=\"og:site_name\" content=\"Informatyka PANS w Kro\u015bnie\" \/>\n<meta property=\"article:publisher\" content=\"https:\/\/www.facebook.com\/INF.PWSZ.Krosno\/\" \/>\n<meta property=\"article:modified_time\" content=\"2023-03-15T14:58:32+00:00\" \/>\n<meta name=\"twitter:card\" content=\"summary_large_image\" \/>\n<meta name=\"twitter:label1\" content=\"Szacowany czas czytania\" \/>\n\t<meta name=\"twitter:data1\" content=\"1 minuta\" \/>\n<script type=\"application\/ld+json\" class=\"yoast-schema-graph\">{\"@context\":\"https:\\\/\\\/schema.org\",\"@graph\":[{\"@type\":\"WebPage\",\"@id\":\"https:\\\/\\\/pans.krosno.pl\\\/informatyka\\\/sala-dydaktyczne-informatyka\\\/laboratorium-technologii-internetowych-i-baz-danych-201a\\\/\",\"url\":\"https:\\\/\\\/pans.krosno.pl\\\/informatyka\\\/sala-dydaktyczne-informatyka\\\/laboratorium-technologii-internetowych-i-baz-danych-201a\\\/\",\"name\":\"Laboratorium technologii internetowych i baz danych (201A) - Informatyka PANS w Kro\u015bnie\",\"isPartOf\":{\"@id\":\"https:\\\/\\\/pans.krosno.pl\\\/informatyka\\\/#website\"},\"datePublished\":\"2023-03-15T14:09:06+00:00\",\"dateModified\":\"2023-03-15T14:58:32+00:00\",\"breadcrumb\":{\"@id\":\"https:\\\/\\\/pans.krosno.pl\\\/informatyka\\\/sala-dydaktyczne-informatyka\\\/laboratorium-technologii-internetowych-i-baz-danych-201a\\\/#breadcrumb\"},\"inLanguage\":\"pl-PL\",\"potentialAction\":[{\"@type\":\"ReadAction\",\"target\":[\"https:\\\/\\\/pans.krosno.pl\\\/informatyka\\\/sala-dydaktyczne-informatyka\\\/laboratorium-technologii-internetowych-i-baz-danych-201a\\\/\"]}]},{\"@type\":\"BreadcrumbList\",\"@id\":\"https:\\\/\\\/pans.krosno.pl\\\/informatyka\\\/sala-dydaktyczne-informatyka\\\/laboratorium-technologii-internetowych-i-baz-danych-201a\\\/#breadcrumb\",\"itemListElement\":[{\"@type\":\"ListItem\",\"position\":1,\"name\":\"Strona g\u0142\u00f3wna\",\"item\":\"https:\\\/\\\/pans.krosno.pl\\\/informatyka\\\/\"},{\"@type\":\"ListItem\",\"position\":2,\"name\":\"Sale dydaktyczne &#8211; Informatyka\",\"item\":\"https:\\\/\\\/pans.krosno.pl\\\/informatyka\\\/sala-dydaktyczne-informatyka\\\/\"},{\"@type\":\"ListItem\",\"position\":3,\"name\":\"Laboratorium technologii internetowych i baz danych (201A)\"}]},{\"@type\":\"WebSite\",\"@id\":\"https:\\\/\\\/pans.krosno.pl\\\/informatyka\\\/#website\",\"url\":\"https:\\\/\\\/pans.krosno.pl\\\/informatyka\\\/\",\"name\":\"Kierunek Informatyka\",\"description\":\"Informatyka - Pa\u0144stwowa Akademia Nauk Stosowanych\",\"publisher\":{\"@id\":\"https:\\\/\\\/pans.krosno.pl\\\/informatyka\\\/#organization\"},\"potentialAction\":[{\"@type\":\"SearchAction\",\"target\":{\"@type\":\"EntryPoint\",\"urlTemplate\":\"https:\\\/\\\/pans.krosno.pl\\\/informatyka\\\/?s={search_term_string}\"},\"query-input\":{\"@type\":\"PropertyValueSpecification\",\"valueRequired\":true,\"valueName\":\"search_term_string\"}}],\"inLanguage\":\"pl-PL\"},{\"@type\":\"Organization\",\"@id\":\"https:\\\/\\\/pans.krosno.pl\\\/informatyka\\\/#organization\",\"name\":\"Informatyka KPU w Kro\u015bnie\",\"url\":\"https:\\\/\\\/pans.krosno.pl\\\/informatyka\\\/\",\"logo\":{\"@type\":\"ImageObject\",\"inLanguage\":\"pl-PL\",\"@id\":\"https:\\\/\\\/pans.krosno.pl\\\/informatyka\\\/#\\\/schema\\\/logo\\\/image\\\/\",\"url\":\"https:\\\/\\\/pans.krosno.pl\\\/informatyka\\\/wp-content\\\/uploads\\\/sites\\\/6\\\/2020\\\/05\\\/96735643_906333539807912_5732186373989859328_n-1.gif\",\"contentUrl\":\"https:\\\/\\\/pans.krosno.pl\\\/informatyka\\\/wp-content\\\/uploads\\\/sites\\\/6\\\/2020\\\/05\\\/96735643_906333539807912_5732186373989859328_n-1.gif\",\"width\":762,\"height\":137,\"caption\":\"Informatyka KPU w Kro\u015bnie\"},\"image\":{\"@id\":\"https:\\\/\\\/pans.krosno.pl\\\/informatyka\\\/#\\\/schema\\\/logo\\\/image\\\/\"},\"sameAs\":[\"https:\\\/\\\/www.facebook.com\\\/INF.PWSZ.Krosno\\\/\"]}]}<\/script>\n<!-- \/ Yoast SEO Premium plugin. -->","yoast_head_json":{"title":"Laboratorium technologii internetowych i baz danych (201A) - Informatyka PANS w Kro\u015bnie","robots":{"index":"index","follow":"follow","max-snippet":"max-snippet:-1","max-image-preview":"max-image-preview:large","max-video-preview":"max-video-preview:-1"},"canonical":"https:\/\/pans.krosno.pl\/informatyka\/sala-dydaktyczne-informatyka\/laboratorium-technologii-internetowych-i-baz-danych-201a\/","og_locale":"pl_PL","og_type":"article","og_title":"Laboratorium technologii internetowych i baz danych (201A)","og_description":"Laboratorium przeznaczone do projektowania i programowania aplikacji wykorzystuj\u0105cych nowoczesne rozwi\u0105zania bazodanowe.Opr\u00f3cz laboratori\u00f3w przedmiotowych w sali odbywaj\u0105 si\u0119 zaj\u0119cia w ramach Microsoft IT Academy. Stanowiska komputerowe pe\u0142ni\u0105 dodatkow\u0105 rol\u0119 stacji klienckich dla oprogramowania serwerowego, w tym systemu Oracle Database. Dzia\u0142a ono w oparciu o platform\u0119 serwerow\u0105 HP oraz technologi\u0119 wirtualizacji.","og_url":"https:\/\/pans.krosno.pl\/informatyka\/sala-dydaktyczne-informatyka\/laboratorium-technologii-internetowych-i-baz-danych-201a\/","og_site_name":"Informatyka PANS w Kro\u015bnie","article_publisher":"https:\/\/www.facebook.com\/INF.PWSZ.Krosno\/","article_modified_time":"2023-03-15T14:58:32+00:00","twitter_card":"summary_large_image","twitter_misc":{"Szacowany czas czytania":"1 minuta"},"schema":{"@context":"https:\/\/schema.org","@graph":[{"@type":"WebPage","@id":"https:\/\/pans.krosno.pl\/informatyka\/sala-dydaktyczne-informatyka\/laboratorium-technologii-internetowych-i-baz-danych-201a\/","url":"https:\/\/pans.krosno.pl\/informatyka\/sala-dydaktyczne-informatyka\/laboratorium-technologii-internetowych-i-baz-danych-201a\/","name":"Laboratorium technologii internetowych i baz danych (201A) - Informatyka PANS w Kro\u015bnie","isPartOf":{"@id":"https:\/\/pans.krosno.pl\/informatyka\/#website"},"datePublished":"2023-03-15T14:09:06+00:00","dateModified":"2023-03-15T14:58:32+00:00","breadcrumb":{"@id":"https:\/\/pans.krosno.pl\/informatyka\/sala-dydaktyczne-informatyka\/laboratorium-technologii-internetowych-i-baz-danych-201a\/#breadcrumb"},"inLanguage":"pl-PL","potentialAction":[{"@type":"ReadAction","target":["https:\/\/pans.krosno.pl\/informatyka\/sala-dydaktyczne-informatyka\/laboratorium-technologii-internetowych-i-baz-danych-201a\/"]}]},{"@type":"BreadcrumbList","@id":"https:\/\/pans.krosno.pl\/informatyka\/sala-dydaktyczne-informatyka\/laboratorium-technologii-internetowych-i-baz-danych-201a\/#breadcrumb","itemListElement":[{"@type":"ListItem","position":1,"name":"Strona g\u0142\u00f3wna","item":"https:\/\/pans.krosno.pl\/informatyka\/"},{"@type":"ListItem","position":2,"name":"Sale dydaktyczne &#8211; Informatyka","item":"https:\/\/pans.krosno.pl\/informatyka\/sala-dydaktyczne-informatyka\/"},{"@type":"ListItem","position":3,"name":"Laboratorium technologii internetowych i baz danych (201A)"}]},{"@type":"WebSite","@id":"https:\/\/pans.krosno.pl\/informatyka\/#website","url":"https:\/\/pans.krosno.pl\/informatyka\/","name":"Kierunek Informatyka","description":"Informatyka - Pa\u0144stwowa Akademia Nauk Stosowanych","publisher":{"@id":"https:\/\/pans.krosno.pl\/informatyka\/#organization"},"potentialAction":[{"@type":"SearchAction","target":{"@type":"EntryPoint","urlTemplate":"https:\/\/pans.krosno.pl\/informatyka\/?s={search_term_string}"},"query-input":{"@type":"PropertyValueSpecification","valueRequired":true,"valueName":"search_term_string"}}],"inLanguage":"pl-PL"},{"@type":"Organization","@id":"https:\/\/pans.krosno.pl\/informatyka\/#organization","name":"Informatyka KPU w Kro\u015bnie","url":"https:\/\/pans.krosno.pl\/informatyka\/","logo":{"@type":"ImageObject","inLanguage":"pl-PL","@id":"https:\/\/pans.krosno.pl\/informatyka\/#\/schema\/logo\/image\/","url":"https:\/\/pans.krosno.pl\/informatyka\/wp-content\/uploads\/sites\/6\/2020\/05\/96735643_906333539807912_5732186373989859328_n-1.gif","contentUrl":"https:\/\/pans.krosno.pl\/informatyka\/wp-content\/uploads\/sites\/6\/2020\/05\/96735643_906333539807912_5732186373989859328_n-1.gif","width":762,"height":137,"caption":"Informatyka KPU w Kro\u015bnie"},"image":{"@id":"https:\/\/pans.krosno.pl\/informatyka\/#\/schema\/logo\/image\/"},"sameAs":["https:\/\/www.facebook.com\/INF.PWSZ.Krosno\/"]}]}},"_links":{"self":[{"href":"https:\/\/pans.krosno.pl\/informatyka\/wp-json\/wp\/v2\/pages\/3118","targetHints":{"allow":["GET"]}}],"collection":[{"href":"https:\/\/pans.krosno.pl\/informatyka\/wp-json\/wp\/v2\/pages"}],"about":[{"href":"https:\/\/pans.krosno.pl\/informatyka\/wp-json\/wp\/v2\/types\/page"}],"author":[{"embeddable":true,"href":"https:\/\/pans.krosno.pl\/informatyka\/wp-json\/wp\/v2\/users\/27"}],"replies":[{"embeddable":true,"href":"https:\/\/pans.krosno.pl\/informatyka\/wp-json\/wp\/v2\/comments?post=3118"}],"version-history":[{"count":2,"href":"https:\/\/pans.krosno.pl\/informatyka\/wp-json\/wp\/v2\/pages\/3118\/revisions"}],"predecessor-version":[{"id":3214,"href":"https:\/\/pans.krosno.pl\/informatyka\/wp-json\/wp\/v2\/pages\/3118\/revisions\/3214"}],"up":[{"embeddable":true,"href":"https:\/\/pans.krosno.pl\/informatyka\/wp-json\/wp\/v2\/pages\/3033"}],"wp:attachment":[{"href":"https:\/\/pans.krosno.pl\/informatyka\/wp-json\/wp\/v2\/media?parent=3118"}],"curies":[{"name":"wp","href":"https:\/\/api.w.org\/{rel}","templated":true}]}}