{"id":3033,"date":"2023-03-15T14:49:06","date_gmt":"2023-03-15T13:49:06","guid":{"rendered":"https:\/\/pans.krosno.pl\/informatyka\/?page_id=3033"},"modified":"2025-10-06T10:52:49","modified_gmt":"2025-10-06T08:52:49","slug":"sala-dydaktyczne-informatyka","status":"publish","type":"page","link":"https:\/\/pans.krosno.pl\/informatyka\/sala-dydaktyczne-informatyka\/","title":{"rendered":"Sale dydaktyczne &#8211; Informatyka"},"content":{"rendered":"\n<hr class=\"wp-block-separator has-alpha-channel-opacity\"\/>\n\n\n\n<div class=\"wp-block-columns is-layout-flex wp-container-core-columns-is-layout-28f84493 wp-block-columns-is-layout-flex\">\n<div class=\"wp-block-column is-layout-flow wp-block-column-is-layout-flow\">\n<figure class=\"wp-block-image size-full\"><a href=\"https:\/\/pans.krosno.pl\/informatyka\/sala-dydaktyczne-informatyka\/laboratorium-sieci-komputerowych-101a\/\"><img loading=\"lazy\" decoding=\"async\" width=\"400\" height=\"200\" src=\"https:\/\/pans.krosno.pl\/informatyka\/wp-content\/uploads\/sites\/6\/2023\/03\/101.png\" alt=\"\" class=\"wp-image-3036\" srcset=\"https:\/\/pans.krosno.pl\/informatyka\/wp-content\/uploads\/sites\/6\/2023\/03\/101.png 400w, https:\/\/pans.krosno.pl\/informatyka\/wp-content\/uploads\/sites\/6\/2023\/03\/101-300x150.png 300w\" sizes=\"auto, (max-width: 400px) 100vw, 400px\" \/><\/a><\/figure>\n\n\n\n<p class=\"has-text-align-center has-medium-font-size\"><strong><a href=\"https:\/\/pans.krosno.pl\/informatyka\/sala-dydaktyczne-informatyka\/laboratorium-sieci-komputerowych-101a\/\">Laboratorium sieci komputerowych (101A)<\/a><\/strong><\/p>\n<\/div>\n\n\n\n<div class=\"wp-block-column is-layout-flow wp-block-column-is-layout-flow\">\n<figure class=\"wp-block-image size-full\"><a href=\"https:\/\/pans.krosno.pl\/informatyka\/sala-dydaktyczne-informatyka\/laboratorium-systemow-operacyjnych-i-rozproszonych-103a\/\"><img loading=\"lazy\" decoding=\"async\" width=\"400\" height=\"200\" src=\"https:\/\/pans.krosno.pl\/informatyka\/wp-content\/uploads\/sites\/6\/2023\/03\/103.png\" alt=\"\" class=\"wp-image-3038\" srcset=\"https:\/\/pans.krosno.pl\/informatyka\/wp-content\/uploads\/sites\/6\/2023\/03\/103.png 400w, https:\/\/pans.krosno.pl\/informatyka\/wp-content\/uploads\/sites\/6\/2023\/03\/103-300x150.png 300w\" sizes=\"auto, (max-width: 400px) 100vw, 400px\" \/><\/a><\/figure>\n\n\n\n<p class=\"has-text-align-center has-medium-font-size\"><strong><a href=\"https:\/\/pans.krosno.pl\/informatyka\/sala-dydaktyczne-informatyka\/laboratorium-systemow-operacyjnych-i-rozproszonych-103a\/\">Laboratorium system\u00f3w operacyjnych i rozproszonych (103A)<\/a><\/strong><\/p>\n<\/div>\n\n\n\n<div class=\"wp-block-column is-layout-flow wp-block-column-is-layout-flow\">\n<figure class=\"wp-block-image size-full\"><a href=\"https:\/\/pans.krosno.pl\/informatyka\/sala-dydaktyczne-informatyka\/laboratorium-systemow-alarmowych-i-powiadamiania-satel-104a\/\"><img loading=\"lazy\" decoding=\"async\" width=\"400\" height=\"200\" src=\"https:\/\/pans.krosno.pl\/informatyka\/wp-content\/uploads\/sites\/6\/2023\/03\/104.png\" alt=\"\" class=\"wp-image-3040\" srcset=\"https:\/\/pans.krosno.pl\/informatyka\/wp-content\/uploads\/sites\/6\/2023\/03\/104.png 400w, https:\/\/pans.krosno.pl\/informatyka\/wp-content\/uploads\/sites\/6\/2023\/03\/104-300x150.png 300w\" sizes=\"auto, (max-width: 400px) 100vw, 400px\" \/><\/a><\/figure>\n\n\n\n<p class=\"has-text-align-center has-medium-font-size\"><strong><a href=\"https:\/\/pans.krosno.pl\/informatyka\/sala-dydaktyczne-informatyka\/laboratorium-systemow-alarmowych-i-powiadamiania-satel-104a\/\">Laboratorium system\u00f3w alarmowych i powiadamiania (Satel) (104A)<\/a><\/strong><\/p>\n<\/div>\n<\/div>\n\n\n\n<hr class=\"wp-block-separator has-alpha-channel-opacity\"\/>\n\n\n\n<div class=\"wp-block-columns is-layout-flex wp-container-core-columns-is-layout-28f84493 wp-block-columns-is-layout-flex\">\n<div class=\"wp-block-column is-layout-flow wp-block-column-is-layout-flow\">\n<figure class=\"wp-block-image size-full\"><a href=\"https:\/\/pans.krosno.pl\/informatyka\/sala-dydaktyczne-informatyka\/laboratorium-inteligentnych-systemow-budynkowych-105a\/\"><img loading=\"lazy\" decoding=\"async\" width=\"400\" height=\"200\" src=\"https:\/\/pans.krosno.pl\/informatyka\/wp-content\/uploads\/sites\/6\/2023\/03\/105.png\" alt=\"\" class=\"wp-image-3042\" srcset=\"https:\/\/pans.krosno.pl\/informatyka\/wp-content\/uploads\/sites\/6\/2023\/03\/105.png 400w, https:\/\/pans.krosno.pl\/informatyka\/wp-content\/uploads\/sites\/6\/2023\/03\/105-300x150.png 300w\" sizes=\"auto, (max-width: 400px) 100vw, 400px\" \/><\/a><\/figure>\n\n\n\n<p class=\"has-text-align-center has-medium-font-size\"><strong><a href=\"https:\/\/pans.krosno.pl\/informatyka\/sala-dydaktyczne-informatyka\/laboratorium-inteligentnych-systemow-budynkowych-105a\/\">Laboratorium inteligentnych system\u00f3w budynkowych (105A)<\/a><\/strong><\/p>\n<\/div>\n\n\n\n<div class=\"wp-block-column is-layout-flow wp-block-column-is-layout-flow\">\n<figure class=\"wp-block-image size-full\"><a href=\"https:\/\/pans.krosno.pl\/informatyka\/sala-dydaktyczne-informatyka\/laboratorium-technologii-internetowych-i-baz-danych-201a\/\"><img loading=\"lazy\" decoding=\"async\" width=\"400\" height=\"200\" src=\"https:\/\/pans.krosno.pl\/informatyka\/wp-content\/uploads\/sites\/6\/2023\/03\/201.png\" alt=\"\" class=\"wp-image-3044\" srcset=\"https:\/\/pans.krosno.pl\/informatyka\/wp-content\/uploads\/sites\/6\/2023\/03\/201.png 400w, https:\/\/pans.krosno.pl\/informatyka\/wp-content\/uploads\/sites\/6\/2023\/03\/201-300x150.png 300w\" sizes=\"auto, (max-width: 400px) 100vw, 400px\" \/><\/a><\/figure>\n\n\n\n<p class=\"has-text-align-center has-medium-font-size\"><strong><a href=\"https:\/\/pans.krosno.pl\/informatyka\/sala-dydaktyczne-informatyka\/laboratorium-technologii-internetowych-i-baz-danych-201a\/\">Laboratorium technologii internetowych i baz danych (201A)<\/a><\/strong><\/p>\n<\/div>\n\n\n\n<div class=\"wp-block-column is-layout-flow wp-block-column-is-layout-flow\">\n<figure class=\"wp-block-image size-full\"><a href=\"https:\/\/pans.krosno.pl\/informatyka\/sala-dydaktyczne-informatyka\/pracownia-dyplomowa-203a\/\"><img loading=\"lazy\" decoding=\"async\" width=\"400\" height=\"200\" src=\"https:\/\/pans.krosno.pl\/informatyka\/wp-content\/uploads\/sites\/6\/2023\/03\/203.png\" alt=\"\" class=\"wp-image-3046\" srcset=\"https:\/\/pans.krosno.pl\/informatyka\/wp-content\/uploads\/sites\/6\/2023\/03\/203.png 400w, https:\/\/pans.krosno.pl\/informatyka\/wp-content\/uploads\/sites\/6\/2023\/03\/203-300x150.png 300w\" sizes=\"auto, (max-width: 400px) 100vw, 400px\" \/><\/a><\/figure>\n\n\n\n<p class=\"has-text-align-center has-medium-font-size\"><strong><a href=\"https:\/\/pans.krosno.pl\/informatyka\/sala-dydaktyczne-informatyka\/pracownia-dyplomowa-203a\/\">Pracownia dyplomowa (203A)<\/a><\/strong><\/p>\n<\/div>\n<\/div>\n\n\n\n<hr class=\"wp-block-separator has-alpha-channel-opacity\"\/>\n\n\n\n<div class=\"wp-block-columns is-layout-flex wp-container-core-columns-is-layout-28f84493 wp-block-columns-is-layout-flex\">\n<div class=\"wp-block-column is-layout-flow wp-block-column-is-layout-flow\">\n<figure class=\"wp-block-image size-full\"><a href=\"https:\/\/pans.krosno.pl\/informatyka\/sala-dydaktyczne-informatyka\/laboratorium-systemow-kontrolno-pomiarowych-204a\/\"><img loading=\"lazy\" decoding=\"async\" width=\"400\" height=\"200\" src=\"https:\/\/pans.krosno.pl\/informatyka\/wp-content\/uploads\/sites\/6\/2023\/03\/204.png\" alt=\"\" class=\"wp-image-3048\" srcset=\"https:\/\/pans.krosno.pl\/informatyka\/wp-content\/uploads\/sites\/6\/2023\/03\/204.png 400w, https:\/\/pans.krosno.pl\/informatyka\/wp-content\/uploads\/sites\/6\/2023\/03\/204-300x150.png 300w\" sizes=\"auto, (max-width: 400px) 100vw, 400px\" \/><\/a><\/figure>\n\n\n\n<p class=\"has-text-align-center has-medium-font-size\"><strong><a href=\"https:\/\/pans.krosno.pl\/informatyka\/sala-dydaktyczne-informatyka\/laboratorium-systemow-kontrolno-pomiarowych-204a\/\">Laboratorium system\u00f3w kontrolno pomiarowych (204A)<\/a><\/strong><\/p>\n<\/div>\n\n\n\n<div class=\"wp-block-column is-layout-flow wp-block-column-is-layout-flow\">\n<figure class=\"wp-block-image size-full\"><a href=\"https:\/\/pans.krosno.pl\/informatyka\/sala-dydaktyczne-informatyka\/laboratorium-technik-swiatlowodowych-205a\/\"><img loading=\"lazy\" decoding=\"async\" width=\"400\" height=\"200\" src=\"https:\/\/pans.krosno.pl\/informatyka\/wp-content\/uploads\/sites\/6\/2023\/03\/205.png\" alt=\"\" class=\"wp-image-3050\" srcset=\"https:\/\/pans.krosno.pl\/informatyka\/wp-content\/uploads\/sites\/6\/2023\/03\/205.png 400w, https:\/\/pans.krosno.pl\/informatyka\/wp-content\/uploads\/sites\/6\/2023\/03\/205-300x150.png 300w\" sizes=\"auto, (max-width: 400px) 100vw, 400px\" \/><\/a><\/figure>\n\n\n\n<p class=\"has-text-align-center has-medium-font-size\"><strong><a href=\"https:\/\/pans.krosno.pl\/informatyka\/sala-dydaktyczne-informatyka\/laboratorium-technik-swiatlowodowych-205a\/\">Laboratorium technik \u015bwiat\u0142owodowych (205A)<\/a><\/strong><\/p>\n<\/div>\n\n\n\n<div class=\"wp-block-column is-layout-flow wp-block-column-is-layout-flow\">\n<figure class=\"wp-block-image size-full\"><a href=\"https:\/\/pans.krosno.pl\/informatyka\/sala-dydaktyczne-informatyka\/laboratorium-podstaw-elektroniki-208a\/\"><img loading=\"lazy\" decoding=\"async\" width=\"400\" height=\"200\" src=\"https:\/\/pans.krosno.pl\/informatyka\/wp-content\/uploads\/sites\/6\/2023\/03\/208.png\" alt=\"\" class=\"wp-image-3052\" srcset=\"https:\/\/pans.krosno.pl\/informatyka\/wp-content\/uploads\/sites\/6\/2023\/03\/208.png 400w, https:\/\/pans.krosno.pl\/informatyka\/wp-content\/uploads\/sites\/6\/2023\/03\/208-300x150.png 300w\" sizes=\"auto, (max-width: 400px) 100vw, 400px\" \/><\/a><\/figure>\n\n\n\n<p class=\"has-text-align-center has-medium-font-size\"><strong><a href=\"https:\/\/pans.krosno.pl\/informatyka\/sala-dydaktyczne-informatyka\/laboratorium-podstaw-elektroniki-208a\/\">Laboratorium podstaw elektroniki (208A)<\/a><\/strong><\/p>\n<\/div>\n<\/div>\n\n\n\n<hr class=\"wp-block-separator has-alpha-channel-opacity\"\/>\n\n\n\n<div class=\"wp-block-columns is-layout-flex wp-container-core-columns-is-layout-28f84493 wp-block-columns-is-layout-flex\">\n<div class=\"wp-block-column is-layout-flow wp-block-column-is-layout-flow\"><\/div>\n\n\n\n<div class=\"wp-block-column is-layout-flow wp-block-column-is-layout-flow\">\n<figure class=\"wp-block-image size-full\"><a href=\"https:\/\/pans.krosno.pl\/e-sport\/sala-e-sportowa-w-kampusie-pans-w-krosnie\/\" target=\"_blank\" rel=\"noreferrer noopener\"><img loading=\"lazy\" decoding=\"async\" width=\"960\" height=\"480\" src=\"https:\/\/pans.krosno.pl\/informatyka\/wp-content\/uploads\/sites\/6\/2023\/03\/image-1.png\" alt=\"\" class=\"wp-image-3203\" srcset=\"https:\/\/pans.krosno.pl\/informatyka\/wp-content\/uploads\/sites\/6\/2023\/03\/image-1.png 960w, https:\/\/pans.krosno.pl\/informatyka\/wp-content\/uploads\/sites\/6\/2023\/03\/image-1-300x150.png 300w, https:\/\/pans.krosno.pl\/informatyka\/wp-content\/uploads\/sites\/6\/2023\/03\/image-1-768x384.png 768w, https:\/\/pans.krosno.pl\/informatyka\/wp-content\/uploads\/sites\/6\/2023\/03\/image-1-800x400.png 800w, https:\/\/pans.krosno.pl\/informatyka\/wp-content\/uploads\/sites\/6\/2023\/03\/image-1-580x290.png 580w\" sizes=\"auto, (max-width: 960px) 100vw, 960px\" \/><\/a><\/figure>\n\n\n\n<p class=\"has-text-align-center has-medium-font-size\"><strong><a href=\"https:\/\/pans.krosno.pl\/e-sport\/sala-e-sportowa-w-kampusie-pans-w-krosnie\/\" target=\"_blank\" rel=\"noreferrer noopener\">Sala E-sportowa (09A)<\/a><\/strong><\/p>\n<\/div>\n\n\n\n<div class=\"wp-block-column is-layout-flow wp-block-column-is-layout-flow\"><\/div>\n<\/div>\n","protected":false},"excerpt":{"rendered":"<p>Laboratorium sieci komputerowych (101A) Laboratorium system\u00f3w operacyjnych i rozproszonych (103A) Laboratorium system\u00f3w alarmowych i powiadamiania (Satel) (104A) Laboratorium inteligentnych system\u00f3w budynkowych (105A) Laboratorium technologii internetowych i baz danych (201A) Pracownia dyplomowa (203A) Laboratorium system\u00f3w kontrolno pomiarowych (204A) Laboratorium technik \u015bwiat\u0142owodowych (205A) Laboratorium podstaw elektroniki (208A) Sala E-sportowa (09A)<\/p>\n","protected":false},"author":27,"featured_media":0,"parent":0,"menu_order":0,"comment_status":"closed","ping_status":"closed","template":"page-templates\/template-full-width.php","meta":{"ngg_post_thumbnail":0,"footnotes":""},"class_list":["post-3033","page","type-page","status-publish","hentry"],"yoast_head":"<!-- This site is optimized with the Yoast SEO Premium plugin v27.4 (Yoast SEO v27.4) - https:\/\/yoast.com\/product\/yoast-seo-premium-wordpress\/ -->\n<title>Sale dydaktyczne - Informatyka - Informatyka PANS w Kro\u015bnie<\/title>\n<meta name=\"robots\" content=\"index, follow, max-snippet:-1, max-image-preview:large, max-video-preview:-1\" \/>\n<link rel=\"canonical\" href=\"https:\/\/pans.krosno.pl\/informatyka\/sala-dydaktyczne-informatyka\/\" \/>\n<meta property=\"og:locale\" content=\"pl_PL\" \/>\n<meta property=\"og:type\" content=\"article\" \/>\n<meta property=\"og:title\" content=\"Sale dydaktyczne - Informatyka\" \/>\n<meta property=\"og:description\" content=\"Laboratorium sieci komputerowych (101A) Laboratorium system\u00f3w operacyjnych i rozproszonych (103A) Laboratorium system\u00f3w alarmowych i powiadamiania (Satel) (104A) Laboratorium inteligentnych system\u00f3w budynkowych (105A) Laboratorium technologii internetowych i baz danych (201A) Pracownia dyplomowa (203A) Laboratorium system\u00f3w kontrolno pomiarowych (204A) Laboratorium technik \u015bwiat\u0142owodowych (205A) Laboratorium podstaw elektroniki (208A) Sala E-sportowa (09A)\" \/>\n<meta property=\"og:url\" content=\"https:\/\/pans.krosno.pl\/informatyka\/sala-dydaktyczne-informatyka\/\" \/>\n<meta property=\"og:site_name\" content=\"Informatyka PANS w Kro\u015bnie\" \/>\n<meta property=\"article:publisher\" content=\"https:\/\/www.facebook.com\/INF.PWSZ.Krosno\/\" \/>\n<meta property=\"article:modified_time\" content=\"2025-10-06T08:52:49+00:00\" \/>\n<meta property=\"og:image\" content=\"https:\/\/pans.krosno.pl\/informatyka\/wp-content\/uploads\/sites\/6\/2023\/03\/101.png\" \/>\n\t<meta property=\"og:image:width\" content=\"400\" \/>\n\t<meta property=\"og:image:height\" content=\"200\" \/>\n\t<meta property=\"og:image:type\" content=\"image\/png\" \/>\n<meta name=\"twitter:card\" content=\"summary_large_image\" \/>\n<meta name=\"twitter:label1\" content=\"Szacowany czas czytania\" \/>\n\t<meta name=\"twitter:data1\" content=\"3 minuty\" \/>\n<script type=\"application\/ld+json\" class=\"yoast-schema-graph\">{\"@context\":\"https:\\\/\\\/schema.org\",\"@graph\":[{\"@type\":\"WebPage\",\"@id\":\"https:\\\/\\\/pans.krosno.pl\\\/informatyka\\\/sala-dydaktyczne-informatyka\\\/\",\"url\":\"https:\\\/\\\/pans.krosno.pl\\\/informatyka\\\/sala-dydaktyczne-informatyka\\\/\",\"name\":\"Sale dydaktyczne - Informatyka - Informatyka PANS w Kro\u015bnie\",\"isPartOf\":{\"@id\":\"https:\\\/\\\/pans.krosno.pl\\\/informatyka\\\/#website\"},\"primaryImageOfPage\":{\"@id\":\"https:\\\/\\\/pans.krosno.pl\\\/informatyka\\\/sala-dydaktyczne-informatyka\\\/#primaryimage\"},\"image\":{\"@id\":\"https:\\\/\\\/pans.krosno.pl\\\/informatyka\\\/sala-dydaktyczne-informatyka\\\/#primaryimage\"},\"thumbnailUrl\":\"https:\\\/\\\/pans.krosno.pl\\\/informatyka\\\/wp-content\\\/uploads\\\/sites\\\/6\\\/2023\\\/03\\\/101.png\",\"datePublished\":\"2023-03-15T13:49:06+00:00\",\"dateModified\":\"2025-10-06T08:52:49+00:00\",\"breadcrumb\":{\"@id\":\"https:\\\/\\\/pans.krosno.pl\\\/informatyka\\\/sala-dydaktyczne-informatyka\\\/#breadcrumb\"},\"inLanguage\":\"pl-PL\",\"potentialAction\":[{\"@type\":\"ReadAction\",\"target\":[\"https:\\\/\\\/pans.krosno.pl\\\/informatyka\\\/sala-dydaktyczne-informatyka\\\/\"]}]},{\"@type\":\"ImageObject\",\"inLanguage\":\"pl-PL\",\"@id\":\"https:\\\/\\\/pans.krosno.pl\\\/informatyka\\\/sala-dydaktyczne-informatyka\\\/#primaryimage\",\"url\":\"https:\\\/\\\/pans.krosno.pl\\\/informatyka\\\/wp-content\\\/uploads\\\/sites\\\/6\\\/2023\\\/03\\\/101.png\",\"contentUrl\":\"https:\\\/\\\/pans.krosno.pl\\\/informatyka\\\/wp-content\\\/uploads\\\/sites\\\/6\\\/2023\\\/03\\\/101.png\",\"width\":400,\"height\":200},{\"@type\":\"BreadcrumbList\",\"@id\":\"https:\\\/\\\/pans.krosno.pl\\\/informatyka\\\/sala-dydaktyczne-informatyka\\\/#breadcrumb\",\"itemListElement\":[{\"@type\":\"ListItem\",\"position\":1,\"name\":\"Strona g\u0142\u00f3wna\",\"item\":\"https:\\\/\\\/pans.krosno.pl\\\/informatyka\\\/\"},{\"@type\":\"ListItem\",\"position\":2,\"name\":\"Sale dydaktyczne &#8211; Informatyka\"}]},{\"@type\":\"WebSite\",\"@id\":\"https:\\\/\\\/pans.krosno.pl\\\/informatyka\\\/#website\",\"url\":\"https:\\\/\\\/pans.krosno.pl\\\/informatyka\\\/\",\"name\":\"Kierunek Informatyka\",\"description\":\"Informatyka - Pa\u0144stwowa Akademia Nauk Stosowanych\",\"publisher\":{\"@id\":\"https:\\\/\\\/pans.krosno.pl\\\/informatyka\\\/#organization\"},\"potentialAction\":[{\"@type\":\"SearchAction\",\"target\":{\"@type\":\"EntryPoint\",\"urlTemplate\":\"https:\\\/\\\/pans.krosno.pl\\\/informatyka\\\/?s={search_term_string}\"},\"query-input\":{\"@type\":\"PropertyValueSpecification\",\"valueRequired\":true,\"valueName\":\"search_term_string\"}}],\"inLanguage\":\"pl-PL\"},{\"@type\":\"Organization\",\"@id\":\"https:\\\/\\\/pans.krosno.pl\\\/informatyka\\\/#organization\",\"name\":\"Informatyka KPU w Kro\u015bnie\",\"url\":\"https:\\\/\\\/pans.krosno.pl\\\/informatyka\\\/\",\"logo\":{\"@type\":\"ImageObject\",\"inLanguage\":\"pl-PL\",\"@id\":\"https:\\\/\\\/pans.krosno.pl\\\/informatyka\\\/#\\\/schema\\\/logo\\\/image\\\/\",\"url\":\"https:\\\/\\\/pans.krosno.pl\\\/informatyka\\\/wp-content\\\/uploads\\\/sites\\\/6\\\/2020\\\/05\\\/96735643_906333539807912_5732186373989859328_n-1.gif\",\"contentUrl\":\"https:\\\/\\\/pans.krosno.pl\\\/informatyka\\\/wp-content\\\/uploads\\\/sites\\\/6\\\/2020\\\/05\\\/96735643_906333539807912_5732186373989859328_n-1.gif\",\"width\":762,\"height\":137,\"caption\":\"Informatyka KPU w Kro\u015bnie\"},\"image\":{\"@id\":\"https:\\\/\\\/pans.krosno.pl\\\/informatyka\\\/#\\\/schema\\\/logo\\\/image\\\/\"},\"sameAs\":[\"https:\\\/\\\/www.facebook.com\\\/INF.PWSZ.Krosno\\\/\"]}]}<\/script>\n<!-- \/ Yoast SEO Premium plugin. -->","yoast_head_json":{"title":"Sale dydaktyczne - Informatyka - Informatyka PANS w Kro\u015bnie","robots":{"index":"index","follow":"follow","max-snippet":"max-snippet:-1","max-image-preview":"max-image-preview:large","max-video-preview":"max-video-preview:-1"},"canonical":"https:\/\/pans.krosno.pl\/informatyka\/sala-dydaktyczne-informatyka\/","og_locale":"pl_PL","og_type":"article","og_title":"Sale dydaktyczne - Informatyka","og_description":"Laboratorium sieci komputerowych (101A) Laboratorium system\u00f3w operacyjnych i rozproszonych (103A) Laboratorium system\u00f3w alarmowych i powiadamiania (Satel) (104A) Laboratorium inteligentnych system\u00f3w budynkowych (105A) Laboratorium technologii internetowych i baz danych (201A) Pracownia dyplomowa (203A) Laboratorium system\u00f3w kontrolno pomiarowych (204A) Laboratorium technik \u015bwiat\u0142owodowych (205A) Laboratorium podstaw elektroniki (208A) Sala E-sportowa (09A)","og_url":"https:\/\/pans.krosno.pl\/informatyka\/sala-dydaktyczne-informatyka\/","og_site_name":"Informatyka PANS w Kro\u015bnie","article_publisher":"https:\/\/www.facebook.com\/INF.PWSZ.Krosno\/","article_modified_time":"2025-10-06T08:52:49+00:00","og_image":[{"width":400,"height":200,"url":"https:\/\/pans.krosno.pl\/informatyka\/wp-content\/uploads\/sites\/6\/2023\/03\/101.png","type":"image\/png"}],"twitter_card":"summary_large_image","twitter_misc":{"Szacowany czas czytania":"3 minuty"},"schema":{"@context":"https:\/\/schema.org","@graph":[{"@type":"WebPage","@id":"https:\/\/pans.krosno.pl\/informatyka\/sala-dydaktyczne-informatyka\/","url":"https:\/\/pans.krosno.pl\/informatyka\/sala-dydaktyczne-informatyka\/","name":"Sale dydaktyczne - Informatyka - Informatyka PANS w Kro\u015bnie","isPartOf":{"@id":"https:\/\/pans.krosno.pl\/informatyka\/#website"},"primaryImageOfPage":{"@id":"https:\/\/pans.krosno.pl\/informatyka\/sala-dydaktyczne-informatyka\/#primaryimage"},"image":{"@id":"https:\/\/pans.krosno.pl\/informatyka\/sala-dydaktyczne-informatyka\/#primaryimage"},"thumbnailUrl":"https:\/\/pans.krosno.pl\/informatyka\/wp-content\/uploads\/sites\/6\/2023\/03\/101.png","datePublished":"2023-03-15T13:49:06+00:00","dateModified":"2025-10-06T08:52:49+00:00","breadcrumb":{"@id":"https:\/\/pans.krosno.pl\/informatyka\/sala-dydaktyczne-informatyka\/#breadcrumb"},"inLanguage":"pl-PL","potentialAction":[{"@type":"ReadAction","target":["https:\/\/pans.krosno.pl\/informatyka\/sala-dydaktyczne-informatyka\/"]}]},{"@type":"ImageObject","inLanguage":"pl-PL","@id":"https:\/\/pans.krosno.pl\/informatyka\/sala-dydaktyczne-informatyka\/#primaryimage","url":"https:\/\/pans.krosno.pl\/informatyka\/wp-content\/uploads\/sites\/6\/2023\/03\/101.png","contentUrl":"https:\/\/pans.krosno.pl\/informatyka\/wp-content\/uploads\/sites\/6\/2023\/03\/101.png","width":400,"height":200},{"@type":"BreadcrumbList","@id":"https:\/\/pans.krosno.pl\/informatyka\/sala-dydaktyczne-informatyka\/#breadcrumb","itemListElement":[{"@type":"ListItem","position":1,"name":"Strona g\u0142\u00f3wna","item":"https:\/\/pans.krosno.pl\/informatyka\/"},{"@type":"ListItem","position":2,"name":"Sale dydaktyczne &#8211; Informatyka"}]},{"@type":"WebSite","@id":"https:\/\/pans.krosno.pl\/informatyka\/#website","url":"https:\/\/pans.krosno.pl\/informatyka\/","name":"Kierunek Informatyka","description":"Informatyka - Pa\u0144stwowa Akademia Nauk Stosowanych","publisher":{"@id":"https:\/\/pans.krosno.pl\/informatyka\/#organization"},"potentialAction":[{"@type":"SearchAction","target":{"@type":"EntryPoint","urlTemplate":"https:\/\/pans.krosno.pl\/informatyka\/?s={search_term_string}"},"query-input":{"@type":"PropertyValueSpecification","valueRequired":true,"valueName":"search_term_string"}}],"inLanguage":"pl-PL"},{"@type":"Organization","@id":"https:\/\/pans.krosno.pl\/informatyka\/#organization","name":"Informatyka KPU w Kro\u015bnie","url":"https:\/\/pans.krosno.pl\/informatyka\/","logo":{"@type":"ImageObject","inLanguage":"pl-PL","@id":"https:\/\/pans.krosno.pl\/informatyka\/#\/schema\/logo\/image\/","url":"https:\/\/pans.krosno.pl\/informatyka\/wp-content\/uploads\/sites\/6\/2020\/05\/96735643_906333539807912_5732186373989859328_n-1.gif","contentUrl":"https:\/\/pans.krosno.pl\/informatyka\/wp-content\/uploads\/sites\/6\/2020\/05\/96735643_906333539807912_5732186373989859328_n-1.gif","width":762,"height":137,"caption":"Informatyka KPU w Kro\u015bnie"},"image":{"@id":"https:\/\/pans.krosno.pl\/informatyka\/#\/schema\/logo\/image\/"},"sameAs":["https:\/\/www.facebook.com\/INF.PWSZ.Krosno\/"]}]}},"_links":{"self":[{"href":"https:\/\/pans.krosno.pl\/informatyka\/wp-json\/wp\/v2\/pages\/3033","targetHints":{"allow":["GET"]}}],"collection":[{"href":"https:\/\/pans.krosno.pl\/informatyka\/wp-json\/wp\/v2\/pages"}],"about":[{"href":"https:\/\/pans.krosno.pl\/informatyka\/wp-json\/wp\/v2\/types\/page"}],"author":[{"embeddable":true,"href":"https:\/\/pans.krosno.pl\/informatyka\/wp-json\/wp\/v2\/users\/27"}],"replies":[{"embeddable":true,"href":"https:\/\/pans.krosno.pl\/informatyka\/wp-json\/wp\/v2\/comments?post=3033"}],"version-history":[{"count":15,"href":"https:\/\/pans.krosno.pl\/informatyka\/wp-json\/wp\/v2\/pages\/3033\/revisions"}],"predecessor-version":[{"id":3689,"href":"https:\/\/pans.krosno.pl\/informatyka\/wp-json\/wp\/v2\/pages\/3033\/revisions\/3689"}],"wp:attachment":[{"href":"https:\/\/pans.krosno.pl\/informatyka\/wp-json\/wp\/v2\/media?parent=3033"}],"curies":[{"name":"wp","href":"https:\/\/api.w.org\/{rel}","templated":true}]}}