{"id":163,"date":"2019-12-13T11:30:50","date_gmt":"2019-12-13T10:30:50","guid":{"rendered":"https:\/\/pans.krosno.pl\/informatyka\/?page_id=163"},"modified":"2026-02-06T11:25:48","modified_gmt":"2026-02-06T10:25:48","slug":"harmonogram-zajec","status":"publish","type":"page","link":"https:\/\/pans.krosno.pl\/informatyka\/harmonogram-zajec\/","title":{"rendered":"Harmonogram zaj\u0119\u0107"},"content":{"rendered":"\n<p>Harmonogramy zaj\u0119\u0107 na semestr letni roku akad. 2025\/26.<\/p>\n\n\n\n<p><\/p>\n\n\n\n<p class=\"has-text-align-center has-large-font-size\"><strong><a href=\"https:\/\/usos.kpu.krosno.pl\/kontroler.php?_action=katalog2\/przedmioty\/pokazPlanGrupyPrzedmiotow&amp;grupa_kod=INF-S-25-S2&amp;cdyd_kod=2025L&amp;plan_format=html&amp;plan_showStartTime=1&amp;plan_showEndTime=1&amp;plan_showTypeShort=0&amp;plan_showTypeFull=1&amp;plan_showGroupNumber=1&amp;plan_showCourseName=1&amp;plan_showCourseCode=0&amp;plan_showRoom=1&amp;plan_showBuildingCode=1&amp;plan_showLecturers=1&amp;plan_overridePrintWidth=1&amp;plan_colorScheme=default\">I rok<\/a><\/strong><\/p>\n\n\n\n<p class=\"has-text-align-center has-large-font-size\"><strong><a href=\"https:\/\/usos.kpu.krosno.pl\/kontroler.php?_action=katalog2\/przedmioty\/pokazPlanGrupyPrzedmiotow&amp;grupa_kod=INF-S-25-S4&amp;cdyd_kod=2025L&amp;plan_format=html&amp;plan_showStartTime=1&amp;plan_showEndTime=1&amp;plan_showTypeShort=0&amp;plan_showTypeFull=1&amp;plan_showGroupNumber=1&amp;plan_showCourseName=1&amp;plan_showCourseCode=0&amp;plan_showRoom=1&amp;plan_showBuildingCode=1&amp;plan_showLecturers=1&amp;plan_overridePrintWidth=1&amp;plan_colorScheme=default\">II rok<\/a><\/strong><\/p>\n\n\n\n<p class=\"has-text-align-center has-large-font-size\"><strong><a href=\"https:\/\/usos.kpu.krosno.pl\/kontroler.php?_action=katalog2\/przedmioty\/pokazPlanGrupyPrzedmiotow&amp;grupa_kod=INF-S-25-S6&amp;cdyd_kod=2025L&amp;plan_format=html&amp;plan_showStartTime=1&amp;plan_showEndTime=1&amp;plan_showTypeShort=0&amp;plan_showTypeFull=1&amp;plan_showGroupNumber=1&amp;plan_showCourseName=1&amp;plan_showCourseCode=0&amp;plan_showRoom=1&amp;plan_showBuildingCode=1&amp;plan_showLecturers=1&amp;plan_overridePrintWidth=1&amp;plan_colorScheme=default\">III rok<\/a><\/strong><\/p>\n\n\n\n<p><\/p>\n\n\n\n<p><\/p>\n\n\n\n<p>Kalendarz semestru letniego, rok akad. 2025\/26:<\/p>\n\n\n\n<p>oznaczenia na harmonogramie w USOS: <\/p>\n\n\n\n<p>tydzie\u0144 A=tydzie\u0144 nieparzysty, tydzie\u0144 B = tydzie\u0144 parzysty<\/p>\n\n\n\n<figure class=\"wp-block-image size-full is-resized\"><img loading=\"lazy\" decoding=\"async\" width=\"695\" height=\"872\" src=\"https:\/\/pans.krosno.pl\/informatyka\/wp-content\/uploads\/sites\/6\/2026\/02\/image-1.png\" alt=\"\" class=\"wp-image-3719\" style=\"width:770px;height:auto\" srcset=\"https:\/\/pans.krosno.pl\/informatyka\/wp-content\/uploads\/sites\/6\/2026\/02\/image-1.png 695w, https:\/\/pans.krosno.pl\/informatyka\/wp-content\/uploads\/sites\/6\/2026\/02\/image-1-239x300.png 239w, https:\/\/pans.krosno.pl\/informatyka\/wp-content\/uploads\/sites\/6\/2026\/02\/image-1-580x728.png 580w\" sizes=\"auto, (max-width: 695px) 100vw, 695px\" \/><\/figure>\n\n\n\n<p><\/p>\n\n\n\n<p><\/p>\n\n\n\n<p><\/p>\n","protected":false},"excerpt":{"rendered":"<p>Harmonogramy zaj\u0119\u0107 na semestr letni roku akad. 2025\/26. I rok II rok III rok Kalendarz semestru letniego, rok akad. 2025\/26: oznaczenia na harmonogramie w USOS: tydzie\u0144 A=tydzie\u0144 nieparzysty, tydzie\u0144 B = tydzie\u0144 parzysty<\/p>\n","protected":false},"author":27,"featured_media":0,"parent":0,"menu_order":0,"comment_status":"closed","ping_status":"closed","template":"page-templates\/template-full-width.php","meta":{"ngg_post_thumbnail":0,"footnotes":""},"class_list":["post-163","page","type-page","status-publish","hentry"],"yoast_head":"<!-- This site is optimized with the Yoast SEO Premium plugin v27.4 (Yoast SEO v27.4) - https:\/\/yoast.com\/product\/yoast-seo-premium-wordpress\/ -->\n<title>Harmonogram zaj\u0119\u0107 - Informatyka PANS w Kro\u015bnie<\/title>\n<meta name=\"description\" content=\"Harmonogram Zima Stacjonarne\" \/>\n<meta name=\"robots\" content=\"index, follow, max-snippet:-1, max-image-preview:large, max-video-preview:-1\" \/>\n<link rel=\"canonical\" href=\"https:\/\/pans.krosno.pl\/informatyka\/harmonogram-zajec\/\" \/>\n<meta property=\"og:locale\" content=\"pl_PL\" \/>\n<meta property=\"og:type\" content=\"article\" \/>\n<meta property=\"og:title\" content=\"Harmonogram zaj\u0119\u0107\" \/>\n<meta property=\"og:description\" content=\"Harmonogram Zima Stacjonarne\" \/>\n<meta property=\"og:url\" content=\"https:\/\/pans.krosno.pl\/informatyka\/harmonogram-zajec\/\" \/>\n<meta property=\"og:site_name\" content=\"Informatyka PANS w Kro\u015bnie\" \/>\n<meta property=\"article:publisher\" content=\"https:\/\/www.facebook.com\/INF.PWSZ.Krosno\/\" \/>\n<meta property=\"article:modified_time\" content=\"2026-02-06T10:25:48+00:00\" \/>\n<meta property=\"og:image\" content=\"https:\/\/pans.krosno.pl\/informatyka\/wp-content\/uploads\/sites\/6\/2026\/02\/image-1.png\" \/>\n\t<meta property=\"og:image:width\" content=\"695\" \/>\n\t<meta property=\"og:image:height\" content=\"872\" \/>\n\t<meta property=\"og:image:type\" content=\"image\/png\" \/>\n<meta name=\"twitter:card\" content=\"summary_large_image\" \/>\n<meta name=\"twitter:label1\" content=\"Szacowany czas czytania\" \/>\n\t<meta name=\"twitter:data1\" content=\"1 minuta\" \/>\n<script type=\"application\/ld+json\" class=\"yoast-schema-graph\">{\"@context\":\"https:\\\/\\\/schema.org\",\"@graph\":[{\"@type\":\"WebPage\",\"@id\":\"https:\\\/\\\/pans.krosno.pl\\\/informatyka\\\/harmonogram-zajec\\\/\",\"url\":\"https:\\\/\\\/pans.krosno.pl\\\/informatyka\\\/harmonogram-zajec\\\/\",\"name\":\"Harmonogram zaj\u0119\u0107 - Informatyka PANS w Kro\u015bnie\",\"isPartOf\":{\"@id\":\"https:\\\/\\\/pans.krosno.pl\\\/informatyka\\\/#website\"},\"primaryImageOfPage\":{\"@id\":\"https:\\\/\\\/pans.krosno.pl\\\/informatyka\\\/harmonogram-zajec\\\/#primaryimage\"},\"image\":{\"@id\":\"https:\\\/\\\/pans.krosno.pl\\\/informatyka\\\/harmonogram-zajec\\\/#primaryimage\"},\"thumbnailUrl\":\"https:\\\/\\\/pans.krosno.pl\\\/informatyka\\\/wp-content\\\/uploads\\\/sites\\\/6\\\/2026\\\/02\\\/image-1.png\",\"datePublished\":\"2019-12-13T10:30:50+00:00\",\"dateModified\":\"2026-02-06T10:25:48+00:00\",\"description\":\"Harmonogram Zima Stacjonarne\",\"breadcrumb\":{\"@id\":\"https:\\\/\\\/pans.krosno.pl\\\/informatyka\\\/harmonogram-zajec\\\/#breadcrumb\"},\"inLanguage\":\"pl-PL\",\"potentialAction\":[{\"@type\":\"ReadAction\",\"target\":[\"https:\\\/\\\/pans.krosno.pl\\\/informatyka\\\/harmonogram-zajec\\\/\"]}]},{\"@type\":\"ImageObject\",\"inLanguage\":\"pl-PL\",\"@id\":\"https:\\\/\\\/pans.krosno.pl\\\/informatyka\\\/harmonogram-zajec\\\/#primaryimage\",\"url\":\"https:\\\/\\\/pans.krosno.pl\\\/informatyka\\\/wp-content\\\/uploads\\\/sites\\\/6\\\/2026\\\/02\\\/image-1.png\",\"contentUrl\":\"https:\\\/\\\/pans.krosno.pl\\\/informatyka\\\/wp-content\\\/uploads\\\/sites\\\/6\\\/2026\\\/02\\\/image-1.png\",\"width\":695,\"height\":872},{\"@type\":\"BreadcrumbList\",\"@id\":\"https:\\\/\\\/pans.krosno.pl\\\/informatyka\\\/harmonogram-zajec\\\/#breadcrumb\",\"itemListElement\":[{\"@type\":\"ListItem\",\"position\":1,\"name\":\"Strona g\u0142\u00f3wna\",\"item\":\"https:\\\/\\\/pans.krosno.pl\\\/informatyka\\\/\"},{\"@type\":\"ListItem\",\"position\":2,\"name\":\"Harmonogram zaj\u0119\u0107\"}]},{\"@type\":\"WebSite\",\"@id\":\"https:\\\/\\\/pans.krosno.pl\\\/informatyka\\\/#website\",\"url\":\"https:\\\/\\\/pans.krosno.pl\\\/informatyka\\\/\",\"name\":\"Kierunek Informatyka\",\"description\":\"Informatyka - Pa\u0144stwowa Akademia Nauk Stosowanych\",\"publisher\":{\"@id\":\"https:\\\/\\\/pans.krosno.pl\\\/informatyka\\\/#organization\"},\"potentialAction\":[{\"@type\":\"SearchAction\",\"target\":{\"@type\":\"EntryPoint\",\"urlTemplate\":\"https:\\\/\\\/pans.krosno.pl\\\/informatyka\\\/?s={search_term_string}\"},\"query-input\":{\"@type\":\"PropertyValueSpecification\",\"valueRequired\":true,\"valueName\":\"search_term_string\"}}],\"inLanguage\":\"pl-PL\"},{\"@type\":\"Organization\",\"@id\":\"https:\\\/\\\/pans.krosno.pl\\\/informatyka\\\/#organization\",\"name\":\"Informatyka KPU w Kro\u015bnie\",\"url\":\"https:\\\/\\\/pans.krosno.pl\\\/informatyka\\\/\",\"logo\":{\"@type\":\"ImageObject\",\"inLanguage\":\"pl-PL\",\"@id\":\"https:\\\/\\\/pans.krosno.pl\\\/informatyka\\\/#\\\/schema\\\/logo\\\/image\\\/\",\"url\":\"https:\\\/\\\/pans.krosno.pl\\\/informatyka\\\/wp-content\\\/uploads\\\/sites\\\/6\\\/2020\\\/05\\\/96735643_906333539807912_5732186373989859328_n-1.gif\",\"contentUrl\":\"https:\\\/\\\/pans.krosno.pl\\\/informatyka\\\/wp-content\\\/uploads\\\/sites\\\/6\\\/2020\\\/05\\\/96735643_906333539807912_5732186373989859328_n-1.gif\",\"width\":762,\"height\":137,\"caption\":\"Informatyka KPU w Kro\u015bnie\"},\"image\":{\"@id\":\"https:\\\/\\\/pans.krosno.pl\\\/informatyka\\\/#\\\/schema\\\/logo\\\/image\\\/\"},\"sameAs\":[\"https:\\\/\\\/www.facebook.com\\\/INF.PWSZ.Krosno\\\/\"]}]}<\/script>\n<!-- \/ Yoast SEO Premium plugin. -->","yoast_head_json":{"title":"Harmonogram zaj\u0119\u0107 - Informatyka PANS w Kro\u015bnie","description":"Harmonogram Zima Stacjonarne","robots":{"index":"index","follow":"follow","max-snippet":"max-snippet:-1","max-image-preview":"max-image-preview:large","max-video-preview":"max-video-preview:-1"},"canonical":"https:\/\/pans.krosno.pl\/informatyka\/harmonogram-zajec\/","og_locale":"pl_PL","og_type":"article","og_title":"Harmonogram zaj\u0119\u0107","og_description":"Harmonogram Zima Stacjonarne","og_url":"https:\/\/pans.krosno.pl\/informatyka\/harmonogram-zajec\/","og_site_name":"Informatyka PANS w Kro\u015bnie","article_publisher":"https:\/\/www.facebook.com\/INF.PWSZ.Krosno\/","article_modified_time":"2026-02-06T10:25:48+00:00","og_image":[{"width":695,"height":872,"url":"https:\/\/pans.krosno.pl\/informatyka\/wp-content\/uploads\/sites\/6\/2026\/02\/image-1.png","type":"image\/png"}],"twitter_card":"summary_large_image","twitter_misc":{"Szacowany czas czytania":"1 minuta"},"schema":{"@context":"https:\/\/schema.org","@graph":[{"@type":"WebPage","@id":"https:\/\/pans.krosno.pl\/informatyka\/harmonogram-zajec\/","url":"https:\/\/pans.krosno.pl\/informatyka\/harmonogram-zajec\/","name":"Harmonogram zaj\u0119\u0107 - Informatyka PANS w Kro\u015bnie","isPartOf":{"@id":"https:\/\/pans.krosno.pl\/informatyka\/#website"},"primaryImageOfPage":{"@id":"https:\/\/pans.krosno.pl\/informatyka\/harmonogram-zajec\/#primaryimage"},"image":{"@id":"https:\/\/pans.krosno.pl\/informatyka\/harmonogram-zajec\/#primaryimage"},"thumbnailUrl":"https:\/\/pans.krosno.pl\/informatyka\/wp-content\/uploads\/sites\/6\/2026\/02\/image-1.png","datePublished":"2019-12-13T10:30:50+00:00","dateModified":"2026-02-06T10:25:48+00:00","description":"Harmonogram Zima Stacjonarne","breadcrumb":{"@id":"https:\/\/pans.krosno.pl\/informatyka\/harmonogram-zajec\/#breadcrumb"},"inLanguage":"pl-PL","potentialAction":[{"@type":"ReadAction","target":["https:\/\/pans.krosno.pl\/informatyka\/harmonogram-zajec\/"]}]},{"@type":"ImageObject","inLanguage":"pl-PL","@id":"https:\/\/pans.krosno.pl\/informatyka\/harmonogram-zajec\/#primaryimage","url":"https:\/\/pans.krosno.pl\/informatyka\/wp-content\/uploads\/sites\/6\/2026\/02\/image-1.png","contentUrl":"https:\/\/pans.krosno.pl\/informatyka\/wp-content\/uploads\/sites\/6\/2026\/02\/image-1.png","width":695,"height":872},{"@type":"BreadcrumbList","@id":"https:\/\/pans.krosno.pl\/informatyka\/harmonogram-zajec\/#breadcrumb","itemListElement":[{"@type":"ListItem","position":1,"name":"Strona g\u0142\u00f3wna","item":"https:\/\/pans.krosno.pl\/informatyka\/"},{"@type":"ListItem","position":2,"name":"Harmonogram zaj\u0119\u0107"}]},{"@type":"WebSite","@id":"https:\/\/pans.krosno.pl\/informatyka\/#website","url":"https:\/\/pans.krosno.pl\/informatyka\/","name":"Kierunek Informatyka","description":"Informatyka - Pa\u0144stwowa Akademia Nauk Stosowanych","publisher":{"@id":"https:\/\/pans.krosno.pl\/informatyka\/#organization"},"potentialAction":[{"@type":"SearchAction","target":{"@type":"EntryPoint","urlTemplate":"https:\/\/pans.krosno.pl\/informatyka\/?s={search_term_string}"},"query-input":{"@type":"PropertyValueSpecification","valueRequired":true,"valueName":"search_term_string"}}],"inLanguage":"pl-PL"},{"@type":"Organization","@id":"https:\/\/pans.krosno.pl\/informatyka\/#organization","name":"Informatyka KPU w Kro\u015bnie","url":"https:\/\/pans.krosno.pl\/informatyka\/","logo":{"@type":"ImageObject","inLanguage":"pl-PL","@id":"https:\/\/pans.krosno.pl\/informatyka\/#\/schema\/logo\/image\/","url":"https:\/\/pans.krosno.pl\/informatyka\/wp-content\/uploads\/sites\/6\/2020\/05\/96735643_906333539807912_5732186373989859328_n-1.gif","contentUrl":"https:\/\/pans.krosno.pl\/informatyka\/wp-content\/uploads\/sites\/6\/2020\/05\/96735643_906333539807912_5732186373989859328_n-1.gif","width":762,"height":137,"caption":"Informatyka KPU w Kro\u015bnie"},"image":{"@id":"https:\/\/pans.krosno.pl\/informatyka\/#\/schema\/logo\/image\/"},"sameAs":["https:\/\/www.facebook.com\/INF.PWSZ.Krosno\/"]}]}},"_links":{"self":[{"href":"https:\/\/pans.krosno.pl\/informatyka\/wp-json\/wp\/v2\/pages\/163","targetHints":{"allow":["GET"]}}],"collection":[{"href":"https:\/\/pans.krosno.pl\/informatyka\/wp-json\/wp\/v2\/pages"}],"about":[{"href":"https:\/\/pans.krosno.pl\/informatyka\/wp-json\/wp\/v2\/types\/page"}],"author":[{"embeddable":true,"href":"https:\/\/pans.krosno.pl\/informatyka\/wp-json\/wp\/v2\/users\/27"}],"replies":[{"embeddable":true,"href":"https:\/\/pans.krosno.pl\/informatyka\/wp-json\/wp\/v2\/comments?post=163"}],"version-history":[{"count":117,"href":"https:\/\/pans.krosno.pl\/informatyka\/wp-json\/wp\/v2\/pages\/163\/revisions"}],"predecessor-version":[{"id":3720,"href":"https:\/\/pans.krosno.pl\/informatyka\/wp-json\/wp\/v2\/pages\/163\/revisions\/3720"}],"wp:attachment":[{"href":"https:\/\/pans.krosno.pl\/informatyka\/wp-json\/wp\/v2\/media?parent=163"}],"curies":[{"name":"wp","href":"https:\/\/api.w.org\/{rel}","templated":true}]}}