{"id":85,"date":"2020-06-01T17:29:22","date_gmt":"2020-06-01T15:29:22","guid":{"rendered":"https:\/\/pans.krosno.pl\/ic\/?page_id=85"},"modified":"2023-06-20T11:08:43","modified_gmt":"2023-06-20T09:08:43","slug":"internationalisation-2","status":"publish","type":"page","link":"https:\/\/pans.krosno.pl\/ic\/internationalisation-2\/","title":{"rendered":"Internationalisation"},"content":{"rendered":"\n<p>State University of Applied Sciences in Krosno is a Institution that cares about the high quality of practical education.<br>International cooperation, especially in the field of exchange of teaching staff, will lead to improving the skills of lecturers, both in the area of \u200b\u200bdissemination of technologically advanced methods of impact, including distance learning, and the development of soft skills.<br>It is extremely important to increase the number of students completing internships and internships. Increasing the number of foreign students coming to Krosno will require an increase in the number of compulsory and elective modules taught in foreign languages, especially in congress languages.<br>indicators:<br>\u2022 increasing the share of didactic employees in international exchange to 15% of the total employed (in full-time equivalent) in the following academic years,<br>\u2022 increasing to 2% of the total number of students the number of students undertaking internships and internships in subsequent academic years.<br><br>The University undertakes cooperation with scientific and didactic, socio-cultural and local government centers, both in Poland and abroad, to broaden the perspectives for further development of its students, graduates and employees, as well as to support the development of the region.<br>Cooperation with foreign entities in the field of teaching, research and development, and economic activity, including the exchange of students and scientific and didactic staff, will contribute to the dissemination of good economic practices, development of language skills and, thanks to acquired soft competences, increase the chances of finding employment in the country. The University will strive to broaden the spectrum of cooperation with foreign universities as part of international exchange programs for students and employees and based on bilateral partnership agreements with new centers, especially from countries not yet covered by such cooperation.<br>The University will continue to actively raise funds from European and national programs to finance international exchange.<br>The best mobility projects can receive support from a special international cooperation fund that can be established by the Rector.<br>indicators:<br>\u2022 participation in international exchange of employees from all factories,<br>\u2022 increasing to 2% of the total number of students the number of students undertaking studies in foreign universities in subsequent academic years,<br>\u2022 increasing the number of foreign students undertaking studies in Krosno in the field of international cooperation,<br>\u2022 conclusion of new international cooperation agreements and exchange of students and employees.<\/p>\n\n\n\n<p>Resolution No. 10\/21 of the Senate of the State University of Applied Sciences in Krosno of March 16, 2021 on the adoption of the &#8220;Internationalization Strategy of the State University of Applied Sciences in Krosno for the years 2021-2025&#8221;:<\/p>\n\n\n\n<p><a href=\"https:\/\/pans.krosno.pl\/ic\/wp-content\/uploads\/sites\/49\/2023\/04\/Uchwala-Senatu-10_21.pdf\" target=\"_blank\" rel=\"noreferrer noopener\">Resolution No. 10\/21<\/a><\/p>\n\n\n\n<p>Appendix No. 1 to Resolution 10\/21 of the Senate of KPU in Krosno of March 16, 2021. on the adoption of the &#8220;Internationalization Strategy of the State University of Applied Sciences in Krosno for the years 2021-2025&#8221;:<\/p>\n\n\n\n<p><a href=\"https:\/\/pans.krosno.pl\/ic\/wp-content\/uploads\/sites\/49\/2023\/04\/Zalacznik-do-Uchwaly-10_21.pdf\" target=\"_blank\" rel=\"noreferrer noopener\">Appendix No. 1 to Resolution 10\/21<\/a><\/p>\n\n\n\n<hr class=\"wp-block-separator has-css-opacity is-style-default\"\/>\n\n\n\n<h1 class=\"wp-block-heading\" id=\"h-strategia-umiedzynarodowienia\">Strategia umi\u0119dzynarodowienia<\/h1>\n\n\n\n<p>Uchwa\u0142a nr 10\/21 Senatu Karpackiej Pa\u0144stwowej Uczelni w Kro\u015bnie z dnia 16 marca 2021 roku w sprawie przyj\u0119cia ,,Strategii umi\u0119dzynarodowienia Karpackiej Pa\u0144stwowej Uczelni w Kro\u015bnie na lata 2021-2025&#8243;:<\/p>\n\n\n\n<p><a href=\"https:\/\/pans.krosno.pl\/ic\/wp-content\/uploads\/sites\/49\/2023\/04\/Uchwala-Senatu-10_21.pdf\" target=\"_blank\" rel=\"noreferrer noopener\">Uchwa\u0142a nr 10\/21<\/a><\/p>\n\n\n\n<p>Za\u0142\u0105cznik nr 1 do Uchwa\u0142y 10\/21 Senatu KPU w Kro\u015bnie z dnia 16 marca 2021r. w sprawie przyj\u0119cia ,,Strategii umi\u0119dzynarodowienia Karpackiej Pa\u0144stwowej Uczelni w Kro\u015bnie na lata 2021-2025&#8243;:<\/p>\n\n\n\n<p><a href=\"https:\/\/pans.krosno.pl\/ic\/wp-content\/uploads\/sites\/49\/2023\/04\/Zalacznik-do-Uchwaly-10_21.pdf\" target=\"_blank\" rel=\"noreferrer noopener\">Za\u0142\u0105cznik nr 1 do Uchwa\u0142y 10\/21<\/a><\/p>\n","protected":false},"excerpt":{"rendered":"<p>State University of Applied Sciences in Krosno is a Institution that cares about the high quality of practical education.International cooperation, especially in the field of exchange of teaching staff, will lead to improving the skills of lecturers, both in the area of \u200b\u200bdissemination of technologically advanced methods of impact, including [\u2026] <\/p>\n<div class=\"clear\"><\/div>\n<p><a class=\"more_link clearfix\" href=\"https:\/\/pans.krosno.pl\/ic\/internationalisation-2\/\" rel=\"nofollow\">Read More<\/a><\/p>\n","protected":false},"author":27,"featured_media":0,"parent":0,"menu_order":0,"comment_status":"closed","ping_status":"closed","template":"page-templates\/template-full-width.php","meta":{"ngg_post_thumbnail":0,"footnotes":""},"class_list":["post-85","page","type-page","status-publish","hentry"],"yoast_head":"<!-- This site is optimized with the Yoast SEO Premium plugin v27.3 (Yoast SEO v27.3) - https:\/\/yoast.com\/product\/yoast-seo-premium-wordpress\/ -->\n<title>Internationalisation - International Cooperation PANS w Kro\u015bnie<\/title>\n<meta name=\"robots\" content=\"index, follow, max-snippet:-1, max-image-preview:large, max-video-preview:-1\" \/>\n<link rel=\"canonical\" href=\"https:\/\/pans.krosno.pl\/ic\/internationalisation-2\/\" \/>\n<meta property=\"og:locale\" content=\"en_US\" \/>\n<meta property=\"og:type\" content=\"article\" \/>\n<meta property=\"og:title\" content=\"Internationalisation\" \/>\n<meta property=\"og:description\" content=\"State University of Applied Sciences in Krosno is a Institution that cares about the high quality of practical education.International cooperation, especially in the field of exchange of teaching staff, will lead to improving the skills of lecturers, both in the area of \u200b\u200bdissemination of technologically advanced methods of impact, including [\u2026] Read More\" \/>\n<meta property=\"og:url\" content=\"https:\/\/pans.krosno.pl\/ic\/internationalisation-2\/\" \/>\n<meta property=\"og:site_name\" content=\"International Cooperation PANS w Kro\u015bnie\" \/>\n<meta property=\"article:publisher\" content=\"https:\/\/www.facebook.com\/StudiaKrosno\/\" \/>\n<meta property=\"article:modified_time\" content=\"2023-06-20T09:08:43+00:00\" \/>\n<meta name=\"twitter:card\" content=\"summary_large_image\" \/>\n<meta name=\"twitter:label1\" content=\"Est. reading time\" \/>\n\t<meta name=\"twitter:data1\" content=\"4 minutes\" \/>\n<script type=\"application\/ld+json\" class=\"yoast-schema-graph\">{\"@context\":\"https:\\\/\\\/schema.org\",\"@graph\":[{\"@type\":\"WebPage\",\"@id\":\"https:\\\/\\\/pans.krosno.pl\\\/ic\\\/internationalisation-2\\\/\",\"url\":\"https:\\\/\\\/pans.krosno.pl\\\/ic\\\/internationalisation-2\\\/\",\"name\":\"Internationalisation - International Cooperation PANS w Kro\u015bnie\",\"isPartOf\":{\"@id\":\"https:\\\/\\\/pans.krosno.pl\\\/ic\\\/#website\"},\"datePublished\":\"2020-06-01T15:29:22+00:00\",\"dateModified\":\"2023-06-20T09:08:43+00:00\",\"breadcrumb\":{\"@id\":\"https:\\\/\\\/pans.krosno.pl\\\/ic\\\/internationalisation-2\\\/#breadcrumb\"},\"inLanguage\":\"en-US\",\"potentialAction\":[{\"@type\":\"ReadAction\",\"target\":[\"https:\\\/\\\/pans.krosno.pl\\\/ic\\\/internationalisation-2\\\/\"]}]},{\"@type\":\"BreadcrumbList\",\"@id\":\"https:\\\/\\\/pans.krosno.pl\\\/ic\\\/internationalisation-2\\\/#breadcrumb\",\"itemListElement\":[{\"@type\":\"ListItem\",\"position\":1,\"name\":\"Strona g\u0142\u00f3wna\",\"item\":\"https:\\\/\\\/pans.krosno.pl\\\/ic\\\/\"},{\"@type\":\"ListItem\",\"position\":2,\"name\":\"Internationalisation\"}]},{\"@type\":\"WebSite\",\"@id\":\"https:\\\/\\\/pans.krosno.pl\\\/ic\\\/#website\",\"url\":\"https:\\\/\\\/pans.krosno.pl\\\/ic\\\/\",\"name\":\"International Cooperation PANS w Kro\u015bnie\",\"description\":\"International Cooperation - Pa\u0144stwowa Akademia Nauk Stosowanych\",\"publisher\":{\"@id\":\"https:\\\/\\\/pans.krosno.pl\\\/ic\\\/#organization\"},\"potentialAction\":[{\"@type\":\"SearchAction\",\"target\":{\"@type\":\"EntryPoint\",\"urlTemplate\":\"https:\\\/\\\/pans.krosno.pl\\\/ic\\\/?s={search_term_string}\"},\"query-input\":{\"@type\":\"PropertyValueSpecification\",\"valueRequired\":true,\"valueName\":\"search_term_string\"}}],\"inLanguage\":\"en-US\"},{\"@type\":\"Organization\",\"@id\":\"https:\\\/\\\/pans.krosno.pl\\\/ic\\\/#organization\",\"name\":\"Karpacka Pa\u0144stwowa Uczelnia w Kro\u015bnie\",\"url\":\"https:\\\/\\\/pans.krosno.pl\\\/ic\\\/\",\"logo\":{\"@type\":\"ImageObject\",\"inLanguage\":\"en-US\",\"@id\":\"https:\\\/\\\/pans.krosno.pl\\\/ic\\\/#\\\/schema\\\/logo\\\/image\\\/\",\"url\":\"\",\"contentUrl\":\"\",\"caption\":\"Karpacka Pa\u0144stwowa Uczelnia w Kro\u015bnie\"},\"image\":{\"@id\":\"https:\\\/\\\/pans.krosno.pl\\\/ic\\\/#\\\/schema\\\/logo\\\/image\\\/\"},\"sameAs\":[\"https:\\\/\\\/www.facebook.com\\\/StudiaKrosno\\\/\",\"https:\\\/\\\/www.instagram.com\\\/studia.krosno\",\"https:\\\/\\\/pl.linkedin.com\\\/company\\\/pwsz-krosno\",\"https:\\\/\\\/www.youtube.com\\\/user\\\/pwszkrosno\\\/\",\"https:\\\/\\\/pl.wikipedia.org\\\/wiki\\\/Pa\u0144stwowa_Wy\u017csza_Szko\u0142a_Zawodowa_im._Stanis\u0142awa_Pigonia_w_Kro\u015bnie\"]}]}<\/script>\n<!-- \/ Yoast SEO Premium plugin. -->","yoast_head_json":{"title":"Internationalisation - International Cooperation PANS w Kro\u015bnie","robots":{"index":"index","follow":"follow","max-snippet":"max-snippet:-1","max-image-preview":"max-image-preview:large","max-video-preview":"max-video-preview:-1"},"canonical":"https:\/\/pans.krosno.pl\/ic\/internationalisation-2\/","og_locale":"en_US","og_type":"article","og_title":"Internationalisation","og_description":"State University of Applied Sciences in Krosno is a Institution that cares about the high quality of practical education.International cooperation, especially in the field of exchange of teaching staff, will lead to improving the skills of lecturers, both in the area of \u200b\u200bdissemination of technologically advanced methods of impact, including [\u2026] Read More","og_url":"https:\/\/pans.krosno.pl\/ic\/internationalisation-2\/","og_site_name":"International Cooperation PANS w Kro\u015bnie","article_publisher":"https:\/\/www.facebook.com\/StudiaKrosno\/","article_modified_time":"2023-06-20T09:08:43+00:00","twitter_card":"summary_large_image","twitter_misc":{"Est. reading time":"4 minutes"},"schema":{"@context":"https:\/\/schema.org","@graph":[{"@type":"WebPage","@id":"https:\/\/pans.krosno.pl\/ic\/internationalisation-2\/","url":"https:\/\/pans.krosno.pl\/ic\/internationalisation-2\/","name":"Internationalisation - International Cooperation PANS w Kro\u015bnie","isPartOf":{"@id":"https:\/\/pans.krosno.pl\/ic\/#website"},"datePublished":"2020-06-01T15:29:22+00:00","dateModified":"2023-06-20T09:08:43+00:00","breadcrumb":{"@id":"https:\/\/pans.krosno.pl\/ic\/internationalisation-2\/#breadcrumb"},"inLanguage":"en-US","potentialAction":[{"@type":"ReadAction","target":["https:\/\/pans.krosno.pl\/ic\/internationalisation-2\/"]}]},{"@type":"BreadcrumbList","@id":"https:\/\/pans.krosno.pl\/ic\/internationalisation-2\/#breadcrumb","itemListElement":[{"@type":"ListItem","position":1,"name":"Strona g\u0142\u00f3wna","item":"https:\/\/pans.krosno.pl\/ic\/"},{"@type":"ListItem","position":2,"name":"Internationalisation"}]},{"@type":"WebSite","@id":"https:\/\/pans.krosno.pl\/ic\/#website","url":"https:\/\/pans.krosno.pl\/ic\/","name":"International Cooperation PANS w Kro\u015bnie","description":"International Cooperation - Pa\u0144stwowa Akademia Nauk Stosowanych","publisher":{"@id":"https:\/\/pans.krosno.pl\/ic\/#organization"},"potentialAction":[{"@type":"SearchAction","target":{"@type":"EntryPoint","urlTemplate":"https:\/\/pans.krosno.pl\/ic\/?s={search_term_string}"},"query-input":{"@type":"PropertyValueSpecification","valueRequired":true,"valueName":"search_term_string"}}],"inLanguage":"en-US"},{"@type":"Organization","@id":"https:\/\/pans.krosno.pl\/ic\/#organization","name":"Karpacka Pa\u0144stwowa Uczelnia w Kro\u015bnie","url":"https:\/\/pans.krosno.pl\/ic\/","logo":{"@type":"ImageObject","inLanguage":"en-US","@id":"https:\/\/pans.krosno.pl\/ic\/#\/schema\/logo\/image\/","url":"","contentUrl":"","caption":"Karpacka Pa\u0144stwowa Uczelnia w Kro\u015bnie"},"image":{"@id":"https:\/\/pans.krosno.pl\/ic\/#\/schema\/logo\/image\/"},"sameAs":["https:\/\/www.facebook.com\/StudiaKrosno\/","https:\/\/www.instagram.com\/studia.krosno","https:\/\/pl.linkedin.com\/company\/pwsz-krosno","https:\/\/www.youtube.com\/user\/pwszkrosno\/","https:\/\/pl.wikipedia.org\/wiki\/Pa\u0144stwowa_Wy\u017csza_Szko\u0142a_Zawodowa_im._Stanis\u0142awa_Pigonia_w_Kro\u015bnie"]}]}},"_links":{"self":[{"href":"https:\/\/pans.krosno.pl\/ic\/wp-json\/wp\/v2\/pages\/85","targetHints":{"allow":["GET"]}}],"collection":[{"href":"https:\/\/pans.krosno.pl\/ic\/wp-json\/wp\/v2\/pages"}],"about":[{"href":"https:\/\/pans.krosno.pl\/ic\/wp-json\/wp\/v2\/types\/page"}],"author":[{"embeddable":true,"href":"https:\/\/pans.krosno.pl\/ic\/wp-json\/wp\/v2\/users\/27"}],"replies":[{"embeddable":true,"href":"https:\/\/pans.krosno.pl\/ic\/wp-json\/wp\/v2\/comments?post=85"}],"version-history":[{"count":13,"href":"https:\/\/pans.krosno.pl\/ic\/wp-json\/wp\/v2\/pages\/85\/revisions"}],"predecessor-version":[{"id":385,"href":"https:\/\/pans.krosno.pl\/ic\/wp-json\/wp\/v2\/pages\/85\/revisions\/385"}],"wp:attachment":[{"href":"https:\/\/pans.krosno.pl\/ic\/wp-json\/wp\/v2\/media?parent=85"}],"curies":[{"name":"wp","href":"https:\/\/api.w.org\/{rel}","templated":true}]}}