{"id":29,"date":"2020-05-20T11:30:53","date_gmt":"2020-05-20T09:30:53","guid":{"rendered":"https:\/\/pans.krosno.pl\/ic\/?page_id=29"},"modified":"2024-11-27T13:00:53","modified_gmt":"2024-11-27T12:00:53","slug":"contact","status":"publish","type":"page","link":"https:\/\/pans.krosno.pl\/ic\/contact\/","title":{"rendered":"Contact"},"content":{"rendered":"\n<p><a href=\"mailto:iro@pans.krosno.pl\">iro@pans.krosno.pl<\/a><\/p>\n\n\n\n<p><strong>Agnieszka Wo\u017aniak, PhD \u2013 ERASMUS+ Institutional Coordinator<\/strong><\/p>\n\n\n\n<p><strong>Patryk Soli\u0144ski<\/strong><\/p>\n\n\n\n<p><a href=\"mailto:adrianna.kandefer@pans.krosno.pl\">iro@pans.krosno.pl<\/a><\/p>\n\n\n\n<p>Rynek 1, room no. 9<\/p>\n\n\n\n<p>38-400 Krosno<\/p>\n\n\n\n<p>tel.: + 48 13 43 755 15<\/p>\n\n\n\n<p>fax: + 48 13 43 755 11<\/p>\n","protected":false},"excerpt":{"rendered":"<p>iro@pans.krosno.pl Agnieszka Wo\u017aniak, PhD \u2013 ERASMUS+ Institutional Coordinator Patryk Soli\u0144ski iro@pans.krosno.pl Rynek 1, room no. 9 38-400 Krosno tel.: + 48 13 43 755 15 fax: + 48 13 43 755 11<\/p>\n","protected":false},"author":27,"featured_media":0,"parent":0,"menu_order":0,"comment_status":"closed","ping_status":"closed","template":"page-templates\/template-full-width.php","meta":{"ngg_post_thumbnail":0,"footnotes":""},"class_list":["post-29","page","type-page","status-publish","hentry"],"yoast_head":"<!-- This site is optimized with the Yoast SEO Premium plugin v27.3 (Yoast SEO v27.3) - https:\/\/yoast.com\/product\/yoast-seo-premium-wordpress\/ -->\n<title>Contact - International Cooperation PANS w Kro\u015bnie<\/title>\n<meta name=\"robots\" content=\"index, follow, max-snippet:-1, max-image-preview:large, max-video-preview:-1\" \/>\n<link rel=\"canonical\" href=\"https:\/\/pans.krosno.pl\/ic\/contact\/\" \/>\n<meta property=\"og:locale\" content=\"en_US\" \/>\n<meta property=\"og:type\" content=\"article\" \/>\n<meta property=\"og:title\" content=\"Contact\" \/>\n<meta property=\"og:description\" content=\"iro@pans.krosno.pl Agnieszka Wo\u017aniak, PhD \u2013 ERASMUS+ Institutional Coordinator Patryk Soli\u0144ski iro@pans.krosno.pl Rynek 1, room no. 9 38-400 Krosno tel.: + 48 13 43 755 15 fax: + 48 13 43 755 11\" \/>\n<meta property=\"og:url\" content=\"https:\/\/pans.krosno.pl\/ic\/contact\/\" \/>\n<meta property=\"og:site_name\" content=\"International Cooperation PANS w Kro\u015bnie\" \/>\n<meta property=\"article:publisher\" content=\"https:\/\/www.facebook.com\/StudiaKrosno\/\" \/>\n<meta property=\"article:modified_time\" content=\"2024-11-27T12:00:53+00:00\" \/>\n<meta name=\"twitter:card\" content=\"summary_large_image\" \/>\n<meta name=\"twitter:label1\" content=\"Est. reading time\" \/>\n\t<meta name=\"twitter:data1\" content=\"1 minute\" \/>\n<script type=\"application\/ld+json\" class=\"yoast-schema-graph\">{\"@context\":\"https:\\\/\\\/schema.org\",\"@graph\":[{\"@type\":\"WebPage\",\"@id\":\"https:\\\/\\\/pans.krosno.pl\\\/ic\\\/contact\\\/\",\"url\":\"https:\\\/\\\/pans.krosno.pl\\\/ic\\\/contact\\\/\",\"name\":\"Contact - International Cooperation PANS w Kro\u015bnie\",\"isPartOf\":{\"@id\":\"https:\\\/\\\/pans.krosno.pl\\\/ic\\\/#website\"},\"datePublished\":\"2020-05-20T09:30:53+00:00\",\"dateModified\":\"2024-11-27T12:00:53+00:00\",\"breadcrumb\":{\"@id\":\"https:\\\/\\\/pans.krosno.pl\\\/ic\\\/contact\\\/#breadcrumb\"},\"inLanguage\":\"en-US\",\"potentialAction\":[{\"@type\":\"ReadAction\",\"target\":[\"https:\\\/\\\/pans.krosno.pl\\\/ic\\\/contact\\\/\"]}]},{\"@type\":\"BreadcrumbList\",\"@id\":\"https:\\\/\\\/pans.krosno.pl\\\/ic\\\/contact\\\/#breadcrumb\",\"itemListElement\":[{\"@type\":\"ListItem\",\"position\":1,\"name\":\"Strona g\u0142\u00f3wna\",\"item\":\"https:\\\/\\\/pans.krosno.pl\\\/ic\\\/\"},{\"@type\":\"ListItem\",\"position\":2,\"name\":\"Contact\"}]},{\"@type\":\"WebSite\",\"@id\":\"https:\\\/\\\/pans.krosno.pl\\\/ic\\\/#website\",\"url\":\"https:\\\/\\\/pans.krosno.pl\\\/ic\\\/\",\"name\":\"International Cooperation PANS w Kro\u015bnie\",\"description\":\"International Cooperation - Pa\u0144stwowa Akademia Nauk Stosowanych\",\"publisher\":{\"@id\":\"https:\\\/\\\/pans.krosno.pl\\\/ic\\\/#organization\"},\"potentialAction\":[{\"@type\":\"SearchAction\",\"target\":{\"@type\":\"EntryPoint\",\"urlTemplate\":\"https:\\\/\\\/pans.krosno.pl\\\/ic\\\/?s={search_term_string}\"},\"query-input\":{\"@type\":\"PropertyValueSpecification\",\"valueRequired\":true,\"valueName\":\"search_term_string\"}}],\"inLanguage\":\"en-US\"},{\"@type\":\"Organization\",\"@id\":\"https:\\\/\\\/pans.krosno.pl\\\/ic\\\/#organization\",\"name\":\"Karpacka Pa\u0144stwowa Uczelnia w Kro\u015bnie\",\"url\":\"https:\\\/\\\/pans.krosno.pl\\\/ic\\\/\",\"logo\":{\"@type\":\"ImageObject\",\"inLanguage\":\"en-US\",\"@id\":\"https:\\\/\\\/pans.krosno.pl\\\/ic\\\/#\\\/schema\\\/logo\\\/image\\\/\",\"url\":\"\",\"contentUrl\":\"\",\"caption\":\"Karpacka Pa\u0144stwowa Uczelnia w Kro\u015bnie\"},\"image\":{\"@id\":\"https:\\\/\\\/pans.krosno.pl\\\/ic\\\/#\\\/schema\\\/logo\\\/image\\\/\"},\"sameAs\":[\"https:\\\/\\\/www.facebook.com\\\/StudiaKrosno\\\/\",\"https:\\\/\\\/www.instagram.com\\\/studia.krosno\",\"https:\\\/\\\/pl.linkedin.com\\\/company\\\/pwsz-krosno\",\"https:\\\/\\\/www.youtube.com\\\/user\\\/pwszkrosno\\\/\",\"https:\\\/\\\/pl.wikipedia.org\\\/wiki\\\/Pa\u0144stwowa_Wy\u017csza_Szko\u0142a_Zawodowa_im._Stanis\u0142awa_Pigonia_w_Kro\u015bnie\"]}]}<\/script>\n<!-- \/ Yoast SEO Premium plugin. -->","yoast_head_json":{"title":"Contact - International Cooperation PANS w Kro\u015bnie","robots":{"index":"index","follow":"follow","max-snippet":"max-snippet:-1","max-image-preview":"max-image-preview:large","max-video-preview":"max-video-preview:-1"},"canonical":"https:\/\/pans.krosno.pl\/ic\/contact\/","og_locale":"en_US","og_type":"article","og_title":"Contact","og_description":"iro@pans.krosno.pl Agnieszka Wo\u017aniak, PhD \u2013 ERASMUS+ Institutional Coordinator Patryk Soli\u0144ski iro@pans.krosno.pl Rynek 1, room no. 9 38-400 Krosno tel.: + 48 13 43 755 15 fax: + 48 13 43 755 11","og_url":"https:\/\/pans.krosno.pl\/ic\/contact\/","og_site_name":"International Cooperation PANS w Kro\u015bnie","article_publisher":"https:\/\/www.facebook.com\/StudiaKrosno\/","article_modified_time":"2024-11-27T12:00:53+00:00","twitter_card":"summary_large_image","twitter_misc":{"Est. reading time":"1 minute"},"schema":{"@context":"https:\/\/schema.org","@graph":[{"@type":"WebPage","@id":"https:\/\/pans.krosno.pl\/ic\/contact\/","url":"https:\/\/pans.krosno.pl\/ic\/contact\/","name":"Contact - International Cooperation PANS w Kro\u015bnie","isPartOf":{"@id":"https:\/\/pans.krosno.pl\/ic\/#website"},"datePublished":"2020-05-20T09:30:53+00:00","dateModified":"2024-11-27T12:00:53+00:00","breadcrumb":{"@id":"https:\/\/pans.krosno.pl\/ic\/contact\/#breadcrumb"},"inLanguage":"en-US","potentialAction":[{"@type":"ReadAction","target":["https:\/\/pans.krosno.pl\/ic\/contact\/"]}]},{"@type":"BreadcrumbList","@id":"https:\/\/pans.krosno.pl\/ic\/contact\/#breadcrumb","itemListElement":[{"@type":"ListItem","position":1,"name":"Strona g\u0142\u00f3wna","item":"https:\/\/pans.krosno.pl\/ic\/"},{"@type":"ListItem","position":2,"name":"Contact"}]},{"@type":"WebSite","@id":"https:\/\/pans.krosno.pl\/ic\/#website","url":"https:\/\/pans.krosno.pl\/ic\/","name":"International Cooperation PANS w Kro\u015bnie","description":"International Cooperation - Pa\u0144stwowa Akademia Nauk Stosowanych","publisher":{"@id":"https:\/\/pans.krosno.pl\/ic\/#organization"},"potentialAction":[{"@type":"SearchAction","target":{"@type":"EntryPoint","urlTemplate":"https:\/\/pans.krosno.pl\/ic\/?s={search_term_string}"},"query-input":{"@type":"PropertyValueSpecification","valueRequired":true,"valueName":"search_term_string"}}],"inLanguage":"en-US"},{"@type":"Organization","@id":"https:\/\/pans.krosno.pl\/ic\/#organization","name":"Karpacka Pa\u0144stwowa Uczelnia w Kro\u015bnie","url":"https:\/\/pans.krosno.pl\/ic\/","logo":{"@type":"ImageObject","inLanguage":"en-US","@id":"https:\/\/pans.krosno.pl\/ic\/#\/schema\/logo\/image\/","url":"","contentUrl":"","caption":"Karpacka Pa\u0144stwowa Uczelnia w Kro\u015bnie"},"image":{"@id":"https:\/\/pans.krosno.pl\/ic\/#\/schema\/logo\/image\/"},"sameAs":["https:\/\/www.facebook.com\/StudiaKrosno\/","https:\/\/www.instagram.com\/studia.krosno","https:\/\/pl.linkedin.com\/company\/pwsz-krosno","https:\/\/www.youtube.com\/user\/pwszkrosno\/","https:\/\/pl.wikipedia.org\/wiki\/Pa\u0144stwowa_Wy\u017csza_Szko\u0142a_Zawodowa_im._Stanis\u0142awa_Pigonia_w_Kro\u015bnie"]}]}},"_links":{"self":[{"href":"https:\/\/pans.krosno.pl\/ic\/wp-json\/wp\/v2\/pages\/29","targetHints":{"allow":["GET"]}}],"collection":[{"href":"https:\/\/pans.krosno.pl\/ic\/wp-json\/wp\/v2\/pages"}],"about":[{"href":"https:\/\/pans.krosno.pl\/ic\/wp-json\/wp\/v2\/types\/page"}],"author":[{"embeddable":true,"href":"https:\/\/pans.krosno.pl\/ic\/wp-json\/wp\/v2\/users\/27"}],"replies":[{"embeddable":true,"href":"https:\/\/pans.krosno.pl\/ic\/wp-json\/wp\/v2\/comments?post=29"}],"version-history":[{"count":9,"href":"https:\/\/pans.krosno.pl\/ic\/wp-json\/wp\/v2\/pages\/29\/revisions"}],"predecessor-version":[{"id":527,"href":"https:\/\/pans.krosno.pl\/ic\/wp-json\/wp\/v2\/pages\/29\/revisions\/527"}],"wp:attachment":[{"href":"https:\/\/pans.krosno.pl\/ic\/wp-json\/wp\/v2\/media?parent=29"}],"curies":[{"name":"wp","href":"https:\/\/api.w.org\/{rel}","templated":true}]}}