{"id":27,"date":"2020-05-20T11:30:52","date_gmt":"2020-05-20T09:30:52","guid":{"rendered":"https:\/\/pans.krosno.pl\/ic\/?page_id=27"},"modified":"2023-06-20T11:08:53","modified_gmt":"2023-06-20T09:08:53","slug":"migration-and-narration","status":"publish","type":"page","link":"https:\/\/pans.krosno.pl\/ic\/migration-and-narration\/","title":{"rendered":"Migration and Narration"},"content":{"rendered":"\n<p>Migration and Narration programs were established in 2010, 2011 and 2012 by Krosno State College with foreign partners. KSC (now State University of Applied Sciences in Krosno) was the only Polish College that was a Coordinator of the Intensive Programme projects in frame of Erasmus Program. <\/p>\n\n\n\n<p><\/p>\n\n\n\n<div class=\"wp-block-file\"><a id=\"wp-block-file--media-c40c2294-bd12-4af3-9f0c-d8ea048cfa93\" href=\"https:\/\/pans.krosno.pl\/ic\/wp-content\/uploads\/sites\/49\/2020\/06\/Migration-and-Narration-LLP-Erasmus-Intensive-Programme-2011.pdf\">Migration-and-Narration-LLP-Erasmus-Intensive-Programme-2011<\/a><a href=\"https:\/\/pans.krosno.pl\/ic\/wp-content\/uploads\/sites\/49\/2020\/06\/Migration-and-Narration-LLP-Erasmus-Intensive-Programme-2011.pdf\" class=\"wp-block-file__button wp-element-button\" download aria-describedby=\"wp-block-file--media-c40c2294-bd12-4af3-9f0c-d8ea048cfa93\">Pobierz<\/a><\/div>\n\n\n\n<div class=\"wp-block-file\"><a id=\"wp-block-file--media-768e1995-4e7a-46b7-887b-e02a58c02e4d\" href=\"https:\/\/pans.krosno.pl\/ic\/wp-content\/uploads\/sites\/49\/2020\/06\/Migration-and-Narration-LLP-Erasmus-Intensive-Programme-2012.pdf\">Migration-and-Narration-LLP-Erasmus-Intensive-Programme-2012<\/a><a href=\"https:\/\/pans.krosno.pl\/ic\/wp-content\/uploads\/sites\/49\/2020\/06\/Migration-and-Narration-LLP-Erasmus-Intensive-Programme-2012.pdf\" class=\"wp-block-file__button wp-element-button\" download aria-describedby=\"wp-block-file--media-768e1995-4e7a-46b7-887b-e02a58c02e4d\">Pobierz<\/a><\/div>\n","protected":false},"excerpt":{"rendered":"<p>Migration and Narration programs were established in 2010, 2011 and 2012 by Krosno State College with foreign partners. KSC (now State University of Applied Sciences in Krosno) was the only Polish College that was a Coordinator of the Intensive Programme projects in frame of Erasmus Program.<\/p>\n","protected":false},"author":27,"featured_media":0,"parent":0,"menu_order":0,"comment_status":"closed","ping_status":"closed","template":"page-templates\/template-full-width.php","meta":{"ngg_post_thumbnail":0,"footnotes":""},"class_list":["post-27","page","type-page","status-publish","hentry"],"yoast_head":"<!-- This site is optimized with the Yoast SEO Premium plugin v27.3 (Yoast SEO v27.3) - https:\/\/yoast.com\/product\/yoast-seo-premium-wordpress\/ -->\n<title>Migration and Narration - International Cooperation PANS w Kro\u015bnie<\/title>\n<meta name=\"robots\" content=\"index, follow, max-snippet:-1, max-image-preview:large, max-video-preview:-1\" \/>\n<link rel=\"canonical\" href=\"https:\/\/pans.krosno.pl\/ic\/migration-and-narration\/\" \/>\n<meta property=\"og:locale\" content=\"en_US\" \/>\n<meta property=\"og:type\" content=\"article\" \/>\n<meta property=\"og:title\" content=\"Migration and Narration\" \/>\n<meta property=\"og:description\" content=\"Migration and Narration programs were established in 2010, 2011 and 2012 by Krosno State College with foreign partners. KSC (now State University of Applied Sciences in Krosno) was the only Polish College that was a Coordinator of the Intensive Programme projects in frame of Erasmus Program.\" \/>\n<meta property=\"og:url\" content=\"https:\/\/pans.krosno.pl\/ic\/migration-and-narration\/\" \/>\n<meta property=\"og:site_name\" content=\"International Cooperation PANS w Kro\u015bnie\" \/>\n<meta property=\"article:publisher\" content=\"https:\/\/www.facebook.com\/StudiaKrosno\/\" \/>\n<meta property=\"article:modified_time\" content=\"2023-06-20T09:08:53+00:00\" \/>\n<meta name=\"twitter:card\" content=\"summary_large_image\" \/>\n<meta name=\"twitter:label1\" content=\"Est. reading time\" \/>\n\t<meta name=\"twitter:data1\" content=\"1 minute\" \/>\n<script type=\"application\/ld+json\" class=\"yoast-schema-graph\">{\"@context\":\"https:\\\/\\\/schema.org\",\"@graph\":[{\"@type\":\"WebPage\",\"@id\":\"https:\\\/\\\/pans.krosno.pl\\\/ic\\\/migration-and-narration\\\/\",\"url\":\"https:\\\/\\\/pans.krosno.pl\\\/ic\\\/migration-and-narration\\\/\",\"name\":\"Migration and Narration - International Cooperation PANS w Kro\u015bnie\",\"isPartOf\":{\"@id\":\"https:\\\/\\\/pans.krosno.pl\\\/ic\\\/#website\"},\"datePublished\":\"2020-05-20T09:30:52+00:00\",\"dateModified\":\"2023-06-20T09:08:53+00:00\",\"breadcrumb\":{\"@id\":\"https:\\\/\\\/pans.krosno.pl\\\/ic\\\/migration-and-narration\\\/#breadcrumb\"},\"inLanguage\":\"en-US\",\"potentialAction\":[{\"@type\":\"ReadAction\",\"target\":[\"https:\\\/\\\/pans.krosno.pl\\\/ic\\\/migration-and-narration\\\/\"]}]},{\"@type\":\"BreadcrumbList\",\"@id\":\"https:\\\/\\\/pans.krosno.pl\\\/ic\\\/migration-and-narration\\\/#breadcrumb\",\"itemListElement\":[{\"@type\":\"ListItem\",\"position\":1,\"name\":\"Strona g\u0142\u00f3wna\",\"item\":\"https:\\\/\\\/pans.krosno.pl\\\/ic\\\/\"},{\"@type\":\"ListItem\",\"position\":2,\"name\":\"Migration and Narration\"}]},{\"@type\":\"WebSite\",\"@id\":\"https:\\\/\\\/pans.krosno.pl\\\/ic\\\/#website\",\"url\":\"https:\\\/\\\/pans.krosno.pl\\\/ic\\\/\",\"name\":\"International Cooperation PANS w Kro\u015bnie\",\"description\":\"International Cooperation - Pa\u0144stwowa Akademia Nauk Stosowanych\",\"publisher\":{\"@id\":\"https:\\\/\\\/pans.krosno.pl\\\/ic\\\/#organization\"},\"potentialAction\":[{\"@type\":\"SearchAction\",\"target\":{\"@type\":\"EntryPoint\",\"urlTemplate\":\"https:\\\/\\\/pans.krosno.pl\\\/ic\\\/?s={search_term_string}\"},\"query-input\":{\"@type\":\"PropertyValueSpecification\",\"valueRequired\":true,\"valueName\":\"search_term_string\"}}],\"inLanguage\":\"en-US\"},{\"@type\":\"Organization\",\"@id\":\"https:\\\/\\\/pans.krosno.pl\\\/ic\\\/#organization\",\"name\":\"Karpacka Pa\u0144stwowa Uczelnia w Kro\u015bnie\",\"url\":\"https:\\\/\\\/pans.krosno.pl\\\/ic\\\/\",\"logo\":{\"@type\":\"ImageObject\",\"inLanguage\":\"en-US\",\"@id\":\"https:\\\/\\\/pans.krosno.pl\\\/ic\\\/#\\\/schema\\\/logo\\\/image\\\/\",\"url\":\"\",\"contentUrl\":\"\",\"caption\":\"Karpacka Pa\u0144stwowa Uczelnia w Kro\u015bnie\"},\"image\":{\"@id\":\"https:\\\/\\\/pans.krosno.pl\\\/ic\\\/#\\\/schema\\\/logo\\\/image\\\/\"},\"sameAs\":[\"https:\\\/\\\/www.facebook.com\\\/StudiaKrosno\\\/\",\"https:\\\/\\\/www.instagram.com\\\/studia.krosno\",\"https:\\\/\\\/pl.linkedin.com\\\/company\\\/pwsz-krosno\",\"https:\\\/\\\/www.youtube.com\\\/user\\\/pwszkrosno\\\/\",\"https:\\\/\\\/pl.wikipedia.org\\\/wiki\\\/Pa\u0144stwowa_Wy\u017csza_Szko\u0142a_Zawodowa_im._Stanis\u0142awa_Pigonia_w_Kro\u015bnie\"]}]}<\/script>\n<!-- \/ Yoast SEO Premium plugin. -->","yoast_head_json":{"title":"Migration and Narration - International Cooperation PANS w Kro\u015bnie","robots":{"index":"index","follow":"follow","max-snippet":"max-snippet:-1","max-image-preview":"max-image-preview:large","max-video-preview":"max-video-preview:-1"},"canonical":"https:\/\/pans.krosno.pl\/ic\/migration-and-narration\/","og_locale":"en_US","og_type":"article","og_title":"Migration and Narration","og_description":"Migration and Narration programs were established in 2010, 2011 and 2012 by Krosno State College with foreign partners. KSC (now State University of Applied Sciences in Krosno) was the only Polish College that was a Coordinator of the Intensive Programme projects in frame of Erasmus Program.","og_url":"https:\/\/pans.krosno.pl\/ic\/migration-and-narration\/","og_site_name":"International Cooperation PANS w Kro\u015bnie","article_publisher":"https:\/\/www.facebook.com\/StudiaKrosno\/","article_modified_time":"2023-06-20T09:08:53+00:00","twitter_card":"summary_large_image","twitter_misc":{"Est. reading time":"1 minute"},"schema":{"@context":"https:\/\/schema.org","@graph":[{"@type":"WebPage","@id":"https:\/\/pans.krosno.pl\/ic\/migration-and-narration\/","url":"https:\/\/pans.krosno.pl\/ic\/migration-and-narration\/","name":"Migration and Narration - International Cooperation PANS w Kro\u015bnie","isPartOf":{"@id":"https:\/\/pans.krosno.pl\/ic\/#website"},"datePublished":"2020-05-20T09:30:52+00:00","dateModified":"2023-06-20T09:08:53+00:00","breadcrumb":{"@id":"https:\/\/pans.krosno.pl\/ic\/migration-and-narration\/#breadcrumb"},"inLanguage":"en-US","potentialAction":[{"@type":"ReadAction","target":["https:\/\/pans.krosno.pl\/ic\/migration-and-narration\/"]}]},{"@type":"BreadcrumbList","@id":"https:\/\/pans.krosno.pl\/ic\/migration-and-narration\/#breadcrumb","itemListElement":[{"@type":"ListItem","position":1,"name":"Strona g\u0142\u00f3wna","item":"https:\/\/pans.krosno.pl\/ic\/"},{"@type":"ListItem","position":2,"name":"Migration and Narration"}]},{"@type":"WebSite","@id":"https:\/\/pans.krosno.pl\/ic\/#website","url":"https:\/\/pans.krosno.pl\/ic\/","name":"International Cooperation PANS w Kro\u015bnie","description":"International Cooperation - Pa\u0144stwowa Akademia Nauk Stosowanych","publisher":{"@id":"https:\/\/pans.krosno.pl\/ic\/#organization"},"potentialAction":[{"@type":"SearchAction","target":{"@type":"EntryPoint","urlTemplate":"https:\/\/pans.krosno.pl\/ic\/?s={search_term_string}"},"query-input":{"@type":"PropertyValueSpecification","valueRequired":true,"valueName":"search_term_string"}}],"inLanguage":"en-US"},{"@type":"Organization","@id":"https:\/\/pans.krosno.pl\/ic\/#organization","name":"Karpacka Pa\u0144stwowa Uczelnia w Kro\u015bnie","url":"https:\/\/pans.krosno.pl\/ic\/","logo":{"@type":"ImageObject","inLanguage":"en-US","@id":"https:\/\/pans.krosno.pl\/ic\/#\/schema\/logo\/image\/","url":"","contentUrl":"","caption":"Karpacka Pa\u0144stwowa Uczelnia w Kro\u015bnie"},"image":{"@id":"https:\/\/pans.krosno.pl\/ic\/#\/schema\/logo\/image\/"},"sameAs":["https:\/\/www.facebook.com\/StudiaKrosno\/","https:\/\/www.instagram.com\/studia.krosno","https:\/\/pl.linkedin.com\/company\/pwsz-krosno","https:\/\/www.youtube.com\/user\/pwszkrosno\/","https:\/\/pl.wikipedia.org\/wiki\/Pa\u0144stwowa_Wy\u017csza_Szko\u0142a_Zawodowa_im._Stanis\u0142awa_Pigonia_w_Kro\u015bnie"]}]}},"_links":{"self":[{"href":"https:\/\/pans.krosno.pl\/ic\/wp-json\/wp\/v2\/pages\/27","targetHints":{"allow":["GET"]}}],"collection":[{"href":"https:\/\/pans.krosno.pl\/ic\/wp-json\/wp\/v2\/pages"}],"about":[{"href":"https:\/\/pans.krosno.pl\/ic\/wp-json\/wp\/v2\/types\/page"}],"author":[{"embeddable":true,"href":"https:\/\/pans.krosno.pl\/ic\/wp-json\/wp\/v2\/users\/27"}],"replies":[{"embeddable":true,"href":"https:\/\/pans.krosno.pl\/ic\/wp-json\/wp\/v2\/comments?post=27"}],"version-history":[{"count":3,"href":"https:\/\/pans.krosno.pl\/ic\/wp-json\/wp\/v2\/pages\/27\/revisions"}],"predecessor-version":[{"id":386,"href":"https:\/\/pans.krosno.pl\/ic\/wp-json\/wp\/v2\/pages\/27\/revisions\/386"}],"wp:attachment":[{"href":"https:\/\/pans.krosno.pl\/ic\/wp-json\/wp\/v2\/media?parent=27"}],"curies":[{"name":"wp","href":"https:\/\/api.w.org\/{rel}","templated":true}]}}