{"id":26,"date":"2020-05-20T11:30:52","date_gmt":"2020-05-20T09:30:52","guid":{"rendered":"https:\/\/pans.krosno.pl\/ic\/?page_id=26"},"modified":"2020-07-07T17:48:11","modified_gmt":"2020-07-07T15:48:11","slug":"international-youth-festival","status":"publish","type":"page","link":"https:\/\/pans.krosno.pl\/ic\/international-youth-festival\/","title":{"rendered":"International Youth Festival"},"content":{"rendered":"\n<p>International Youth Festival is an annual event organized by Carptahian State College in Krosno to promote culture, customs and mutual understanding between different countries.<\/p>\n\n\n\n<p>So far, nine editions of Festival took place in Krosno and tenth edition was cancalled because of COVID-19 pandemy. College hopes that the event will return in May 2021 and guests and artists from our Partners will come to Krosno to present their culture and artistic programmes.<\/p>\n\n\n\n<p>In past editions wr hosted guests from Poland, Ukraine, Slovakia, Hungary, Belarus, Ukraine, Russia, Kazakstan, Armenia, Georgia, China, Spain, Scotland, Northern Ireland and United States. Artists presented culture and traditions of their countires.<\/p>\n\n\n\n<div class=\"wp-block-image\"><figure class=\"aligncenter size-large\"><img loading=\"lazy\" decoding=\"async\" width=\"960\" height=\"640\" src=\"https:\/\/pans.krosno.pl\/ic\/wp-content\/uploads\/sites\/49\/2020\/06\/dsc_9436.jpg\" alt=\"\" class=\"wp-image-130\" srcset=\"https:\/\/pans.krosno.pl\/ic\/wp-content\/uploads\/sites\/49\/2020\/06\/dsc_9436.jpg 960w, https:\/\/pans.krosno.pl\/ic\/wp-content\/uploads\/sites\/49\/2020\/06\/dsc_9436-300x200.jpg 300w, https:\/\/pans.krosno.pl\/ic\/wp-content\/uploads\/sites\/49\/2020\/06\/dsc_9436-768x512.jpg 768w, https:\/\/pans.krosno.pl\/ic\/wp-content\/uploads\/sites\/49\/2020\/06\/dsc_9436-800x533.jpg 800w, https:\/\/pans.krosno.pl\/ic\/wp-content\/uploads\/sites\/49\/2020\/06\/dsc_9436-580x387.jpg 580w\" sizes=\"auto, (max-width: 960px) 100vw, 960px\" \/><figcaption>International Youth Festival 2019<\/figcaption><\/figure><\/div>\n","protected":false},"excerpt":{"rendered":"<p>International Youth Festival is an annual event organized by Carptahian State College in Krosno to promote culture, customs and mutual understanding between different countries. So far, nine editions of Festival took place in Krosno and tenth edition was cancalled because of COVID-19 pandemy. College hopes that the event will return [\u2026] <\/p>\n<div class=\"clear\"><\/div>\n<p><a class=\"more_link clearfix\" href=\"https:\/\/pans.krosno.pl\/ic\/international-youth-festival\/\" rel=\"nofollow\">Read More<\/a><\/p>\n","protected":false},"author":27,"featured_media":0,"parent":0,"menu_order":0,"comment_status":"closed","ping_status":"closed","template":"page-templates\/template-full-width.php","meta":{"ngg_post_thumbnail":0,"footnotes":""},"class_list":["post-26","page","type-page","status-publish","hentry"],"yoast_head":"<!-- This site is optimized with the Yoast SEO Premium plugin v27.4 (Yoast SEO v27.4) - https:\/\/yoast.com\/product\/yoast-seo-premium-wordpress\/ -->\n<title>International Youth Festival - International Cooperation PANS w Kro\u015bnie<\/title>\n<meta name=\"robots\" content=\"index, follow, max-snippet:-1, max-image-preview:large, max-video-preview:-1\" \/>\n<link rel=\"canonical\" href=\"https:\/\/pans.krosno.pl\/ic\/international-youth-festival\/\" \/>\n<meta property=\"og:locale\" content=\"en_US\" \/>\n<meta property=\"og:type\" content=\"article\" \/>\n<meta property=\"og:title\" content=\"International Youth Festival\" \/>\n<meta property=\"og:description\" content=\"International Youth Festival is an annual event organized by Carptahian State College in Krosno to promote culture, customs and mutual understanding between different countries. So far, nine editions of Festival took place in Krosno and tenth edition was cancalled because of COVID-19 pandemy. College hopes that the event will return [\u2026] Read More\" \/>\n<meta property=\"og:url\" content=\"https:\/\/pans.krosno.pl\/ic\/international-youth-festival\/\" \/>\n<meta property=\"og:site_name\" content=\"International Cooperation PANS w Kro\u015bnie\" \/>\n<meta property=\"article:publisher\" content=\"https:\/\/www.facebook.com\/StudiaKrosno\/\" \/>\n<meta property=\"article:modified_time\" content=\"2020-07-07T15:48:11+00:00\" \/>\n<meta property=\"og:image\" content=\"https:\/\/pans.krosno.pl\/ic\/wp-content\/uploads\/sites\/49\/2020\/06\/dsc_9436.jpg\" \/>\n<meta name=\"twitter:card\" content=\"summary_large_image\" \/>\n<meta name=\"twitter:label1\" content=\"Est. reading time\" \/>\n\t<meta name=\"twitter:data1\" content=\"1 minute\" \/>\n<script type=\"application\/ld+json\" class=\"yoast-schema-graph\">{\"@context\":\"https:\\\/\\\/schema.org\",\"@graph\":[{\"@type\":\"WebPage\",\"@id\":\"https:\\\/\\\/pans.krosno.pl\\\/ic\\\/international-youth-festival\\\/\",\"url\":\"https:\\\/\\\/pans.krosno.pl\\\/ic\\\/international-youth-festival\\\/\",\"name\":\"International Youth Festival - International Cooperation PANS w Kro\u015bnie\",\"isPartOf\":{\"@id\":\"https:\\\/\\\/pans.krosno.pl\\\/ic\\\/#website\"},\"primaryImageOfPage\":{\"@id\":\"https:\\\/\\\/pans.krosno.pl\\\/ic\\\/international-youth-festival\\\/#primaryimage\"},\"image\":{\"@id\":\"https:\\\/\\\/pans.krosno.pl\\\/ic\\\/international-youth-festival\\\/#primaryimage\"},\"thumbnailUrl\":\"https:\\\/\\\/pans.krosno.pl\\\/ic\\\/wp-content\\\/uploads\\\/sites\\\/49\\\/2020\\\/06\\\/dsc_9436.jpg\",\"datePublished\":\"2020-05-20T09:30:52+00:00\",\"dateModified\":\"2020-07-07T15:48:11+00:00\",\"breadcrumb\":{\"@id\":\"https:\\\/\\\/pans.krosno.pl\\\/ic\\\/international-youth-festival\\\/#breadcrumb\"},\"inLanguage\":\"en-US\",\"potentialAction\":[{\"@type\":\"ReadAction\",\"target\":[\"https:\\\/\\\/pans.krosno.pl\\\/ic\\\/international-youth-festival\\\/\"]}]},{\"@type\":\"ImageObject\",\"inLanguage\":\"en-US\",\"@id\":\"https:\\\/\\\/pans.krosno.pl\\\/ic\\\/international-youth-festival\\\/#primaryimage\",\"url\":\"https:\\\/\\\/pans.krosno.pl\\\/ic\\\/wp-content\\\/uploads\\\/sites\\\/49\\\/2020\\\/06\\\/dsc_9436.jpg\",\"contentUrl\":\"https:\\\/\\\/pans.krosno.pl\\\/ic\\\/wp-content\\\/uploads\\\/sites\\\/49\\\/2020\\\/06\\\/dsc_9436.jpg\",\"width\":960,\"height\":640,\"caption\":\"International Youth Festival 2019\"},{\"@type\":\"BreadcrumbList\",\"@id\":\"https:\\\/\\\/pans.krosno.pl\\\/ic\\\/international-youth-festival\\\/#breadcrumb\",\"itemListElement\":[{\"@type\":\"ListItem\",\"position\":1,\"name\":\"Strona g\u0142\u00f3wna\",\"item\":\"https:\\\/\\\/pans.krosno.pl\\\/ic\\\/\"},{\"@type\":\"ListItem\",\"position\":2,\"name\":\"International Youth Festival\"}]},{\"@type\":\"WebSite\",\"@id\":\"https:\\\/\\\/pans.krosno.pl\\\/ic\\\/#website\",\"url\":\"https:\\\/\\\/pans.krosno.pl\\\/ic\\\/\",\"name\":\"International Cooperation PANS w Kro\u015bnie\",\"description\":\"International Cooperation - Pa\u0144stwowa Akademia Nauk Stosowanych\",\"publisher\":{\"@id\":\"https:\\\/\\\/pans.krosno.pl\\\/ic\\\/#organization\"},\"potentialAction\":[{\"@type\":\"SearchAction\",\"target\":{\"@type\":\"EntryPoint\",\"urlTemplate\":\"https:\\\/\\\/pans.krosno.pl\\\/ic\\\/?s={search_term_string}\"},\"query-input\":{\"@type\":\"PropertyValueSpecification\",\"valueRequired\":true,\"valueName\":\"search_term_string\"}}],\"inLanguage\":\"en-US\"},{\"@type\":\"Organization\",\"@id\":\"https:\\\/\\\/pans.krosno.pl\\\/ic\\\/#organization\",\"name\":\"Karpacka Pa\u0144stwowa Uczelnia w Kro\u015bnie\",\"url\":\"https:\\\/\\\/pans.krosno.pl\\\/ic\\\/\",\"logo\":{\"@type\":\"ImageObject\",\"inLanguage\":\"en-US\",\"@id\":\"https:\\\/\\\/pans.krosno.pl\\\/ic\\\/#\\\/schema\\\/logo\\\/image\\\/\",\"url\":\"\",\"contentUrl\":\"\",\"caption\":\"Karpacka Pa\u0144stwowa Uczelnia w Kro\u015bnie\"},\"image\":{\"@id\":\"https:\\\/\\\/pans.krosno.pl\\\/ic\\\/#\\\/schema\\\/logo\\\/image\\\/\"},\"sameAs\":[\"https:\\\/\\\/www.facebook.com\\\/StudiaKrosno\\\/\",\"https:\\\/\\\/www.instagram.com\\\/studia.krosno\",\"https:\\\/\\\/pl.linkedin.com\\\/company\\\/pwsz-krosno\",\"https:\\\/\\\/www.youtube.com\\\/user\\\/pwszkrosno\\\/\",\"https:\\\/\\\/pl.wikipedia.org\\\/wiki\\\/Pa\u0144stwowa_Wy\u017csza_Szko\u0142a_Zawodowa_im._Stanis\u0142awa_Pigonia_w_Kro\u015bnie\"]}]}<\/script>\n<!-- \/ Yoast SEO Premium plugin. -->","yoast_head_json":{"title":"International Youth Festival - International Cooperation PANS w Kro\u015bnie","robots":{"index":"index","follow":"follow","max-snippet":"max-snippet:-1","max-image-preview":"max-image-preview:large","max-video-preview":"max-video-preview:-1"},"canonical":"https:\/\/pans.krosno.pl\/ic\/international-youth-festival\/","og_locale":"en_US","og_type":"article","og_title":"International Youth Festival","og_description":"International Youth Festival is an annual event organized by Carptahian State College in Krosno to promote culture, customs and mutual understanding between different countries. So far, nine editions of Festival took place in Krosno and tenth edition was cancalled because of COVID-19 pandemy. College hopes that the event will return [\u2026] Read More","og_url":"https:\/\/pans.krosno.pl\/ic\/international-youth-festival\/","og_site_name":"International Cooperation PANS w Kro\u015bnie","article_publisher":"https:\/\/www.facebook.com\/StudiaKrosno\/","article_modified_time":"2020-07-07T15:48:11+00:00","og_image":[{"url":"https:\/\/pans.krosno.pl\/ic\/wp-content\/uploads\/sites\/49\/2020\/06\/dsc_9436.jpg","type":"","width":"","height":""}],"twitter_card":"summary_large_image","twitter_misc":{"Est. reading time":"1 minute"},"schema":{"@context":"https:\/\/schema.org","@graph":[{"@type":"WebPage","@id":"https:\/\/pans.krosno.pl\/ic\/international-youth-festival\/","url":"https:\/\/pans.krosno.pl\/ic\/international-youth-festival\/","name":"International Youth Festival - International Cooperation PANS w Kro\u015bnie","isPartOf":{"@id":"https:\/\/pans.krosno.pl\/ic\/#website"},"primaryImageOfPage":{"@id":"https:\/\/pans.krosno.pl\/ic\/international-youth-festival\/#primaryimage"},"image":{"@id":"https:\/\/pans.krosno.pl\/ic\/international-youth-festival\/#primaryimage"},"thumbnailUrl":"https:\/\/pans.krosno.pl\/ic\/wp-content\/uploads\/sites\/49\/2020\/06\/dsc_9436.jpg","datePublished":"2020-05-20T09:30:52+00:00","dateModified":"2020-07-07T15:48:11+00:00","breadcrumb":{"@id":"https:\/\/pans.krosno.pl\/ic\/international-youth-festival\/#breadcrumb"},"inLanguage":"en-US","potentialAction":[{"@type":"ReadAction","target":["https:\/\/pans.krosno.pl\/ic\/international-youth-festival\/"]}]},{"@type":"ImageObject","inLanguage":"en-US","@id":"https:\/\/pans.krosno.pl\/ic\/international-youth-festival\/#primaryimage","url":"https:\/\/pans.krosno.pl\/ic\/wp-content\/uploads\/sites\/49\/2020\/06\/dsc_9436.jpg","contentUrl":"https:\/\/pans.krosno.pl\/ic\/wp-content\/uploads\/sites\/49\/2020\/06\/dsc_9436.jpg","width":960,"height":640,"caption":"International Youth Festival 2019"},{"@type":"BreadcrumbList","@id":"https:\/\/pans.krosno.pl\/ic\/international-youth-festival\/#breadcrumb","itemListElement":[{"@type":"ListItem","position":1,"name":"Strona g\u0142\u00f3wna","item":"https:\/\/pans.krosno.pl\/ic\/"},{"@type":"ListItem","position":2,"name":"International Youth Festival"}]},{"@type":"WebSite","@id":"https:\/\/pans.krosno.pl\/ic\/#website","url":"https:\/\/pans.krosno.pl\/ic\/","name":"International Cooperation PANS w Kro\u015bnie","description":"International Cooperation - Pa\u0144stwowa Akademia Nauk Stosowanych","publisher":{"@id":"https:\/\/pans.krosno.pl\/ic\/#organization"},"potentialAction":[{"@type":"SearchAction","target":{"@type":"EntryPoint","urlTemplate":"https:\/\/pans.krosno.pl\/ic\/?s={search_term_string}"},"query-input":{"@type":"PropertyValueSpecification","valueRequired":true,"valueName":"search_term_string"}}],"inLanguage":"en-US"},{"@type":"Organization","@id":"https:\/\/pans.krosno.pl\/ic\/#organization","name":"Karpacka Pa\u0144stwowa Uczelnia w Kro\u015bnie","url":"https:\/\/pans.krosno.pl\/ic\/","logo":{"@type":"ImageObject","inLanguage":"en-US","@id":"https:\/\/pans.krosno.pl\/ic\/#\/schema\/logo\/image\/","url":"","contentUrl":"","caption":"Karpacka Pa\u0144stwowa Uczelnia w Kro\u015bnie"},"image":{"@id":"https:\/\/pans.krosno.pl\/ic\/#\/schema\/logo\/image\/"},"sameAs":["https:\/\/www.facebook.com\/StudiaKrosno\/","https:\/\/www.instagram.com\/studia.krosno","https:\/\/pl.linkedin.com\/company\/pwsz-krosno","https:\/\/www.youtube.com\/user\/pwszkrosno\/","https:\/\/pl.wikipedia.org\/wiki\/Pa\u0144stwowa_Wy\u017csza_Szko\u0142a_Zawodowa_im._Stanis\u0142awa_Pigonia_w_Kro\u015bnie"]}]}},"_links":{"self":[{"href":"https:\/\/pans.krosno.pl\/ic\/wp-json\/wp\/v2\/pages\/26","targetHints":{"allow":["GET"]}}],"collection":[{"href":"https:\/\/pans.krosno.pl\/ic\/wp-json\/wp\/v2\/pages"}],"about":[{"href":"https:\/\/pans.krosno.pl\/ic\/wp-json\/wp\/v2\/types\/page"}],"author":[{"embeddable":true,"href":"https:\/\/pans.krosno.pl\/ic\/wp-json\/wp\/v2\/users\/27"}],"replies":[{"embeddable":true,"href":"https:\/\/pans.krosno.pl\/ic\/wp-json\/wp\/v2\/comments?post=26"}],"version-history":[{"count":3,"href":"https:\/\/pans.krosno.pl\/ic\/wp-json\/wp\/v2\/pages\/26\/revisions"}],"predecessor-version":[{"id":141,"href":"https:\/\/pans.krosno.pl\/ic\/wp-json\/wp\/v2\/pages\/26\/revisions\/141"}],"wp:attachment":[{"href":"https:\/\/pans.krosno.pl\/ic\/wp-json\/wp\/v2\/media?parent=26"}],"curies":[{"name":"wp","href":"https:\/\/api.w.org\/{rel}","templated":true}]}}