{"id":25,"date":"2020-05-20T11:30:52","date_gmt":"2020-05-20T09:30:52","guid":{"rendered":"https:\/\/pans.krosno.pl\/ic\/?page_id=25"},"modified":"2023-06-20T11:08:16","modified_gmt":"2023-06-20T09:08:16","slug":"global-partners-in-education","status":"publish","type":"page","link":"https:\/\/pans.krosno.pl\/ic\/global-partners-in-education\/","title":{"rendered":"Global Partners in Education"},"content":{"rendered":"\n<p><a href=\"https:\/\/thegpe.org\/\">Global Partners in Education<\/a> is forward looking and innovative as it builds a global community that promotes intercultural skill building. GPE member institutions around the world are committed to using Global Virtual Exchange to give their students meaningful global experiences so they can thrive in today&#8217;s interconnected world. All partners commit to offering at least one GPE course per year, but most do more.<\/p>\n\n\n\n<ul class=\"wp-block-list\">\n<li>47 Partners Institutions<\/li>\n\n\n\n<li>29 Countries<\/li>\n\n\n\n<li>More than 23,000 students have participated in GPE programming over the last 15 years of programming.<\/li>\n<\/ul>\n\n\n\n<p>State University of Applied Sciences in Krosno is a part of GPE network and in 2015 it was awarded with the title of Partner of Excellence<\/p>\n\n\n\n<figure class=\"wp-block-image size-large\"><img loading=\"lazy\" decoding=\"async\" width=\"720\" height=\"364\" src=\"https:\/\/pans.krosno.pl\/ic\/wp-content\/uploads\/sites\/49\/2020\/06\/Partner-of-Excellence.jpg\" alt=\"\" class=\"wp-image-121\" srcset=\"https:\/\/pans.krosno.pl\/ic\/wp-content\/uploads\/sites\/49\/2020\/06\/Partner-of-Excellence.jpg 720w, https:\/\/pans.krosno.pl\/ic\/wp-content\/uploads\/sites\/49\/2020\/06\/Partner-of-Excellence-300x152.jpg 300w, https:\/\/pans.krosno.pl\/ic\/wp-content\/uploads\/sites\/49\/2020\/06\/Partner-of-Excellence-580x293.jpg 580w\" sizes=\"auto, (max-width: 720px) 100vw, 720px\" \/><\/figure>\n","protected":false},"excerpt":{"rendered":"<p>Global Partners in Education is forward looking and innovative as it builds a global community that promotes intercultural skill building. GPE member institutions around the world are committed to using Global Virtual Exchange to give their students meaningful global experiences so they can thrive in today&#8217;s interconnected world. All partners [\u2026] <\/p>\n<div class=\"clear\"><\/div>\n<p><a class=\"more_link clearfix\" href=\"https:\/\/pans.krosno.pl\/ic\/global-partners-in-education\/\" rel=\"nofollow\">Read More<\/a><\/p>\n","protected":false},"author":27,"featured_media":0,"parent":0,"menu_order":0,"comment_status":"closed","ping_status":"closed","template":"page-templates\/template-full-width.php","meta":{"ngg_post_thumbnail":0,"footnotes":""},"class_list":["post-25","page","type-page","status-publish","hentry"],"yoast_head":"<!-- This site is optimized with the Yoast SEO Premium plugin v27.4 (Yoast SEO v27.4) - https:\/\/yoast.com\/product\/yoast-seo-premium-wordpress\/ -->\n<title>Global Partners in Education - International Cooperation PANS w Kro\u015bnie<\/title>\n<meta name=\"robots\" content=\"index, follow, max-snippet:-1, max-image-preview:large, max-video-preview:-1\" \/>\n<link rel=\"canonical\" href=\"https:\/\/pans.krosno.pl\/ic\/global-partners-in-education\/\" \/>\n<meta property=\"og:locale\" content=\"en_US\" \/>\n<meta property=\"og:type\" content=\"article\" \/>\n<meta property=\"og:title\" content=\"Global Partners in Education\" \/>\n<meta property=\"og:description\" content=\"Global Partners in Education is forward looking and innovative as it builds a global community that promotes intercultural skill building. GPE member institutions around the world are committed to using Global Virtual Exchange to give their students meaningful global experiences so they can thrive in today&#8217;s interconnected world. All partners [\u2026] Read More\" \/>\n<meta property=\"og:url\" content=\"https:\/\/pans.krosno.pl\/ic\/global-partners-in-education\/\" \/>\n<meta property=\"og:site_name\" content=\"International Cooperation PANS w Kro\u015bnie\" \/>\n<meta property=\"article:publisher\" content=\"https:\/\/www.facebook.com\/StudiaKrosno\/\" \/>\n<meta property=\"article:modified_time\" content=\"2023-06-20T09:08:16+00:00\" \/>\n<meta property=\"og:image\" content=\"https:\/\/pans.krosno.pl\/ic\/wp-content\/uploads\/sites\/49\/2020\/06\/Partner-of-Excellence.jpg\" \/>\n<meta name=\"twitter:card\" content=\"summary_large_image\" \/>\n<meta name=\"twitter:label1\" content=\"Est. reading time\" \/>\n\t<meta name=\"twitter:data1\" content=\"1 minute\" \/>\n<script type=\"application\/ld+json\" class=\"yoast-schema-graph\">{\"@context\":\"https:\\\/\\\/schema.org\",\"@graph\":[{\"@type\":\"WebPage\",\"@id\":\"https:\\\/\\\/pans.krosno.pl\\\/ic\\\/global-partners-in-education\\\/\",\"url\":\"https:\\\/\\\/pans.krosno.pl\\\/ic\\\/global-partners-in-education\\\/\",\"name\":\"Global Partners in Education - International Cooperation PANS w Kro\u015bnie\",\"isPartOf\":{\"@id\":\"https:\\\/\\\/pans.krosno.pl\\\/ic\\\/#website\"},\"primaryImageOfPage\":{\"@id\":\"https:\\\/\\\/pans.krosno.pl\\\/ic\\\/global-partners-in-education\\\/#primaryimage\"},\"image\":{\"@id\":\"https:\\\/\\\/pans.krosno.pl\\\/ic\\\/global-partners-in-education\\\/#primaryimage\"},\"thumbnailUrl\":\"https:\\\/\\\/pans.krosno.pl\\\/ic\\\/wp-content\\\/uploads\\\/sites\\\/49\\\/2020\\\/06\\\/Partner-of-Excellence.jpg\",\"datePublished\":\"2020-05-20T09:30:52+00:00\",\"dateModified\":\"2023-06-20T09:08:16+00:00\",\"breadcrumb\":{\"@id\":\"https:\\\/\\\/pans.krosno.pl\\\/ic\\\/global-partners-in-education\\\/#breadcrumb\"},\"inLanguage\":\"en-US\",\"potentialAction\":[{\"@type\":\"ReadAction\",\"target\":[\"https:\\\/\\\/pans.krosno.pl\\\/ic\\\/global-partners-in-education\\\/\"]}]},{\"@type\":\"ImageObject\",\"inLanguage\":\"en-US\",\"@id\":\"https:\\\/\\\/pans.krosno.pl\\\/ic\\\/global-partners-in-education\\\/#primaryimage\",\"url\":\"https:\\\/\\\/pans.krosno.pl\\\/ic\\\/wp-content\\\/uploads\\\/sites\\\/49\\\/2020\\\/06\\\/Partner-of-Excellence.jpg\",\"contentUrl\":\"https:\\\/\\\/pans.krosno.pl\\\/ic\\\/wp-content\\\/uploads\\\/sites\\\/49\\\/2020\\\/06\\\/Partner-of-Excellence.jpg\",\"width\":720,\"height\":364},{\"@type\":\"BreadcrumbList\",\"@id\":\"https:\\\/\\\/pans.krosno.pl\\\/ic\\\/global-partners-in-education\\\/#breadcrumb\",\"itemListElement\":[{\"@type\":\"ListItem\",\"position\":1,\"name\":\"Strona g\u0142\u00f3wna\",\"item\":\"https:\\\/\\\/pans.krosno.pl\\\/ic\\\/\"},{\"@type\":\"ListItem\",\"position\":2,\"name\":\"Global Partners in Education\"}]},{\"@type\":\"WebSite\",\"@id\":\"https:\\\/\\\/pans.krosno.pl\\\/ic\\\/#website\",\"url\":\"https:\\\/\\\/pans.krosno.pl\\\/ic\\\/\",\"name\":\"International Cooperation PANS w Kro\u015bnie\",\"description\":\"International Cooperation - Pa\u0144stwowa Akademia Nauk Stosowanych\",\"publisher\":{\"@id\":\"https:\\\/\\\/pans.krosno.pl\\\/ic\\\/#organization\"},\"potentialAction\":[{\"@type\":\"SearchAction\",\"target\":{\"@type\":\"EntryPoint\",\"urlTemplate\":\"https:\\\/\\\/pans.krosno.pl\\\/ic\\\/?s={search_term_string}\"},\"query-input\":{\"@type\":\"PropertyValueSpecification\",\"valueRequired\":true,\"valueName\":\"search_term_string\"}}],\"inLanguage\":\"en-US\"},{\"@type\":\"Organization\",\"@id\":\"https:\\\/\\\/pans.krosno.pl\\\/ic\\\/#organization\",\"name\":\"Karpacka Pa\u0144stwowa Uczelnia w Kro\u015bnie\",\"url\":\"https:\\\/\\\/pans.krosno.pl\\\/ic\\\/\",\"logo\":{\"@type\":\"ImageObject\",\"inLanguage\":\"en-US\",\"@id\":\"https:\\\/\\\/pans.krosno.pl\\\/ic\\\/#\\\/schema\\\/logo\\\/image\\\/\",\"url\":\"\",\"contentUrl\":\"\",\"caption\":\"Karpacka Pa\u0144stwowa Uczelnia w Kro\u015bnie\"},\"image\":{\"@id\":\"https:\\\/\\\/pans.krosno.pl\\\/ic\\\/#\\\/schema\\\/logo\\\/image\\\/\"},\"sameAs\":[\"https:\\\/\\\/www.facebook.com\\\/StudiaKrosno\\\/\",\"https:\\\/\\\/www.instagram.com\\\/studia.krosno\",\"https:\\\/\\\/pl.linkedin.com\\\/company\\\/pwsz-krosno\",\"https:\\\/\\\/www.youtube.com\\\/user\\\/pwszkrosno\\\/\",\"https:\\\/\\\/pl.wikipedia.org\\\/wiki\\\/Pa\u0144stwowa_Wy\u017csza_Szko\u0142a_Zawodowa_im._Stanis\u0142awa_Pigonia_w_Kro\u015bnie\"]}]}<\/script>\n<!-- \/ Yoast SEO Premium plugin. -->","yoast_head_json":{"title":"Global Partners in Education - International Cooperation PANS w Kro\u015bnie","robots":{"index":"index","follow":"follow","max-snippet":"max-snippet:-1","max-image-preview":"max-image-preview:large","max-video-preview":"max-video-preview:-1"},"canonical":"https:\/\/pans.krosno.pl\/ic\/global-partners-in-education\/","og_locale":"en_US","og_type":"article","og_title":"Global Partners in Education","og_description":"Global Partners in Education is forward looking and innovative as it builds a global community that promotes intercultural skill building. GPE member institutions around the world are committed to using Global Virtual Exchange to give their students meaningful global experiences so they can thrive in today&#8217;s interconnected world. All partners [\u2026] Read More","og_url":"https:\/\/pans.krosno.pl\/ic\/global-partners-in-education\/","og_site_name":"International Cooperation PANS w Kro\u015bnie","article_publisher":"https:\/\/www.facebook.com\/StudiaKrosno\/","article_modified_time":"2023-06-20T09:08:16+00:00","og_image":[{"url":"https:\/\/pans.krosno.pl\/ic\/wp-content\/uploads\/sites\/49\/2020\/06\/Partner-of-Excellence.jpg","type":"","width":"","height":""}],"twitter_card":"summary_large_image","twitter_misc":{"Est. reading time":"1 minute"},"schema":{"@context":"https:\/\/schema.org","@graph":[{"@type":"WebPage","@id":"https:\/\/pans.krosno.pl\/ic\/global-partners-in-education\/","url":"https:\/\/pans.krosno.pl\/ic\/global-partners-in-education\/","name":"Global Partners in Education - International Cooperation PANS w Kro\u015bnie","isPartOf":{"@id":"https:\/\/pans.krosno.pl\/ic\/#website"},"primaryImageOfPage":{"@id":"https:\/\/pans.krosno.pl\/ic\/global-partners-in-education\/#primaryimage"},"image":{"@id":"https:\/\/pans.krosno.pl\/ic\/global-partners-in-education\/#primaryimage"},"thumbnailUrl":"https:\/\/pans.krosno.pl\/ic\/wp-content\/uploads\/sites\/49\/2020\/06\/Partner-of-Excellence.jpg","datePublished":"2020-05-20T09:30:52+00:00","dateModified":"2023-06-20T09:08:16+00:00","breadcrumb":{"@id":"https:\/\/pans.krosno.pl\/ic\/global-partners-in-education\/#breadcrumb"},"inLanguage":"en-US","potentialAction":[{"@type":"ReadAction","target":["https:\/\/pans.krosno.pl\/ic\/global-partners-in-education\/"]}]},{"@type":"ImageObject","inLanguage":"en-US","@id":"https:\/\/pans.krosno.pl\/ic\/global-partners-in-education\/#primaryimage","url":"https:\/\/pans.krosno.pl\/ic\/wp-content\/uploads\/sites\/49\/2020\/06\/Partner-of-Excellence.jpg","contentUrl":"https:\/\/pans.krosno.pl\/ic\/wp-content\/uploads\/sites\/49\/2020\/06\/Partner-of-Excellence.jpg","width":720,"height":364},{"@type":"BreadcrumbList","@id":"https:\/\/pans.krosno.pl\/ic\/global-partners-in-education\/#breadcrumb","itemListElement":[{"@type":"ListItem","position":1,"name":"Strona g\u0142\u00f3wna","item":"https:\/\/pans.krosno.pl\/ic\/"},{"@type":"ListItem","position":2,"name":"Global Partners in Education"}]},{"@type":"WebSite","@id":"https:\/\/pans.krosno.pl\/ic\/#website","url":"https:\/\/pans.krosno.pl\/ic\/","name":"International Cooperation PANS w Kro\u015bnie","description":"International Cooperation - Pa\u0144stwowa Akademia Nauk Stosowanych","publisher":{"@id":"https:\/\/pans.krosno.pl\/ic\/#organization"},"potentialAction":[{"@type":"SearchAction","target":{"@type":"EntryPoint","urlTemplate":"https:\/\/pans.krosno.pl\/ic\/?s={search_term_string}"},"query-input":{"@type":"PropertyValueSpecification","valueRequired":true,"valueName":"search_term_string"}}],"inLanguage":"en-US"},{"@type":"Organization","@id":"https:\/\/pans.krosno.pl\/ic\/#organization","name":"Karpacka Pa\u0144stwowa Uczelnia w Kro\u015bnie","url":"https:\/\/pans.krosno.pl\/ic\/","logo":{"@type":"ImageObject","inLanguage":"en-US","@id":"https:\/\/pans.krosno.pl\/ic\/#\/schema\/logo\/image\/","url":"","contentUrl":"","caption":"Karpacka Pa\u0144stwowa Uczelnia w Kro\u015bnie"},"image":{"@id":"https:\/\/pans.krosno.pl\/ic\/#\/schema\/logo\/image\/"},"sameAs":["https:\/\/www.facebook.com\/StudiaKrosno\/","https:\/\/www.instagram.com\/studia.krosno","https:\/\/pl.linkedin.com\/company\/pwsz-krosno","https:\/\/www.youtube.com\/user\/pwszkrosno\/","https:\/\/pl.wikipedia.org\/wiki\/Pa\u0144stwowa_Wy\u017csza_Szko\u0142a_Zawodowa_im._Stanis\u0142awa_Pigonia_w_Kro\u015bnie"]}]}},"_links":{"self":[{"href":"https:\/\/pans.krosno.pl\/ic\/wp-json\/wp\/v2\/pages\/25","targetHints":{"allow":["GET"]}}],"collection":[{"href":"https:\/\/pans.krosno.pl\/ic\/wp-json\/wp\/v2\/pages"}],"about":[{"href":"https:\/\/pans.krosno.pl\/ic\/wp-json\/wp\/v2\/types\/page"}],"author":[{"embeddable":true,"href":"https:\/\/pans.krosno.pl\/ic\/wp-json\/wp\/v2\/users\/27"}],"replies":[{"embeddable":true,"href":"https:\/\/pans.krosno.pl\/ic\/wp-json\/wp\/v2\/comments?post=25"}],"version-history":[{"count":4,"href":"https:\/\/pans.krosno.pl\/ic\/wp-json\/wp\/v2\/pages\/25\/revisions"}],"predecessor-version":[{"id":384,"href":"https:\/\/pans.krosno.pl\/ic\/wp-json\/wp\/v2\/pages\/25\/revisions\/384"}],"wp:attachment":[{"href":"https:\/\/pans.krosno.pl\/ic\/wp-json\/wp\/v2\/media?parent=25"}],"curies":[{"name":"wp","href":"https:\/\/api.w.org\/{rel}","templated":true}]}}