{"id":20,"date":"2020-05-20T11:30:52","date_gmt":"2020-05-20T09:30:52","guid":{"rendered":"https:\/\/pans.krosno.pl\/ic\/?page_id=20"},"modified":"2023-06-20T11:07:02","modified_gmt":"2023-06-20T09:07:02","slug":"international-cooperation","status":"publish","type":"page","link":"https:\/\/pans.krosno.pl\/ic\/international-cooperation\/","title":{"rendered":"International Cooperation"},"content":{"rendered":"\n<p>State University of Applied Sciences in Krosno runs extensive international cooperation with various partners. We host guests and visiting teachers from partner universities from whole world for short and long-term teaching periods. <a href=\"https:\/\/pans.krosno.pl\/ic\/international-cooperation\/\" target=\"_blank\" rel=\"noreferrer noopener\">Read more<\/a><\/p>\n\n\n\n<hr class=\"wp-block-separator has-css-opacity is-style-default\"\/>\n\n\n<p>Contact&nbsp;<br>Mail: iro@pans.krosno.pl<br>tel.: + 48 13 43 755 15<br>Address: Rynek 1, room no. 4, 38-400 Krosno<\/p>\n\n\n<p><\/p>\n\n\n\n<!--more-->\n<!--noteaser-->\n\n\n\n<p>State University of Applied Sciences in Krosno enjoys extensive international cooperation with partners all over the world. Apart from numerous Erasmus agreements which allow student and staff mobility with partners from the EU as well as other countries, we have active non-Erasmus links with partner universities in the Great Britain, the United States, China and Kazakhstan. Visiting professors from partner universities come to teach in Krosno on a regular basis and Krosno teachers travel abroad to teach foreign students.<\/p>\n\n\n\n<p>For a number of years the College has successfully organised intensive spring\/summer programmes on themes of migration, cultural identity and history for students from partner universities &#8211;&nbsp; St Mary\u2019s University College (Northern Ireland, United Kingdom), East Carolina University (United States of America), HAN University (Netherlands). Krosno students have taken part in similar summer programmes organised for them at East Carolina University.&nbsp;<\/p>\n\n\n\n<p>State University of Applied Sciences in Krosno is an active member of the international consortium Global Partners in Education, which promotes and facilitates international online education. Thanks to this programme, Krosno students attending the course of Global Understanding sit in a virtual classroom with students from several continents.<\/p>\n\n\n\n<figure class=\"wp-block-image aligncenter size-large is-resized is-style-default\"><img loading=\"lazy\" decoding=\"async\" src=\"https:\/\/pans.krosno.pl\/ic\/wp-content\/uploads\/sites\/49\/2020\/06\/dsc_9436.jpg\" alt=\"\" class=\"wp-image-130\" width=\"592\" height=\"394\" srcset=\"https:\/\/pans.krosno.pl\/ic\/wp-content\/uploads\/sites\/49\/2020\/06\/dsc_9436.jpg 960w, https:\/\/pans.krosno.pl\/ic\/wp-content\/uploads\/sites\/49\/2020\/06\/dsc_9436-300x200.jpg 300w, https:\/\/pans.krosno.pl\/ic\/wp-content\/uploads\/sites\/49\/2020\/06\/dsc_9436-768x512.jpg 768w, https:\/\/pans.krosno.pl\/ic\/wp-content\/uploads\/sites\/49\/2020\/06\/dsc_9436-800x533.jpg 800w, https:\/\/pans.krosno.pl\/ic\/wp-content\/uploads\/sites\/49\/2020\/06\/dsc_9436-580x387.jpg 580w\" sizes=\"auto, (max-width: 592px) 100vw, 592px\" \/><figcaption class=\"wp-element-caption\">International Youth Festival 2019<\/figcaption><\/figure>\n","protected":false},"excerpt":{"rendered":"<p>State University of Applied Sciences in Krosno runs extensive international cooperation with various partners. We host guests and visiting teachers from partner universities from whole world for short and long-term teaching periods. Read more Contact&nbsp;Mail: iro@pans.krosno.pltel.: + 48 13 43 755 15Address: Rynek 1, room no. 4, 38-400 Krosno<\/p>\n","protected":false},"author":27,"featured_media":0,"parent":0,"menu_order":0,"comment_status":"closed","ping_status":"closed","template":"page-templates\/template-full-width.php","meta":{"ngg_post_thumbnail":0,"footnotes":""},"class_list":["post-20","page","type-page","status-publish","hentry"],"yoast_head":"<!-- This site is optimized with the Yoast SEO Premium plugin v27.3 (Yoast SEO v27.3) - https:\/\/yoast.com\/product\/yoast-seo-premium-wordpress\/ -->\n<title>International Cooperation - International Cooperation PANS w Kro\u015bnie<\/title>\n<meta name=\"robots\" content=\"index, follow, max-snippet:-1, max-image-preview:large, max-video-preview:-1\" \/>\n<link rel=\"canonical\" href=\"https:\/\/pans.krosno.pl\/ic\/international-cooperation\/\" \/>\n<meta property=\"og:locale\" content=\"en_US\" \/>\n<meta property=\"og:type\" content=\"article\" \/>\n<meta property=\"og:title\" content=\"International Cooperation\" \/>\n<meta property=\"og:description\" content=\"State University of Applied Sciences in Krosno runs extensive international cooperation with various partners. We host guests and visiting teachers from partner universities from whole world for short and long-term teaching periods. Read more Contact&nbsp;Mail: iro@pans.krosno.pltel.: + 48 13 43 755 15Address: Rynek 1, room no. 4, 38-400 Krosno\" \/>\n<meta property=\"og:url\" content=\"https:\/\/pans.krosno.pl\/ic\/international-cooperation\/\" \/>\n<meta property=\"og:site_name\" content=\"International Cooperation PANS w Kro\u015bnie\" \/>\n<meta property=\"article:publisher\" content=\"https:\/\/www.facebook.com\/StudiaKrosno\/\" \/>\n<meta property=\"article:modified_time\" content=\"2023-06-20T09:07:02+00:00\" \/>\n<meta property=\"og:image\" content=\"https:\/\/pans.krosno.pl\/ic\/wp-content\/uploads\/sites\/49\/2020\/06\/dsc_9436.jpg\" \/>\n<meta name=\"twitter:card\" content=\"summary_large_image\" \/>\n<meta name=\"twitter:label1\" content=\"Est. reading time\" \/>\n\t<meta name=\"twitter:data1\" content=\"2 minutes\" \/>\n<script type=\"application\/ld+json\" class=\"yoast-schema-graph\">{\"@context\":\"https:\\\/\\\/schema.org\",\"@graph\":[{\"@type\":\"WebPage\",\"@id\":\"https:\\\/\\\/pans.krosno.pl\\\/ic\\\/international-cooperation\\\/\",\"url\":\"https:\\\/\\\/pans.krosno.pl\\\/ic\\\/international-cooperation\\\/\",\"name\":\"International Cooperation - International Cooperation PANS w Kro\u015bnie\",\"isPartOf\":{\"@id\":\"https:\\\/\\\/pans.krosno.pl\\\/ic\\\/#website\"},\"primaryImageOfPage\":{\"@id\":\"https:\\\/\\\/pans.krosno.pl\\\/ic\\\/international-cooperation\\\/#primaryimage\"},\"image\":{\"@id\":\"https:\\\/\\\/pans.krosno.pl\\\/ic\\\/international-cooperation\\\/#primaryimage\"},\"thumbnailUrl\":\"https:\\\/\\\/pans.krosno.pl\\\/ic\\\/wp-content\\\/uploads\\\/sites\\\/49\\\/2020\\\/06\\\/dsc_9436.jpg\",\"datePublished\":\"2020-05-20T09:30:52+00:00\",\"dateModified\":\"2023-06-20T09:07:02+00:00\",\"breadcrumb\":{\"@id\":\"https:\\\/\\\/pans.krosno.pl\\\/ic\\\/international-cooperation\\\/#breadcrumb\"},\"inLanguage\":\"en-US\",\"potentialAction\":[{\"@type\":\"ReadAction\",\"target\":[\"https:\\\/\\\/pans.krosno.pl\\\/ic\\\/international-cooperation\\\/\"]}]},{\"@type\":\"ImageObject\",\"inLanguage\":\"en-US\",\"@id\":\"https:\\\/\\\/pans.krosno.pl\\\/ic\\\/international-cooperation\\\/#primaryimage\",\"url\":\"https:\\\/\\\/pans.krosno.pl\\\/ic\\\/wp-content\\\/uploads\\\/sites\\\/49\\\/2020\\\/06\\\/dsc_9436.jpg\",\"contentUrl\":\"https:\\\/\\\/pans.krosno.pl\\\/ic\\\/wp-content\\\/uploads\\\/sites\\\/49\\\/2020\\\/06\\\/dsc_9436.jpg\",\"width\":960,\"height\":640,\"caption\":\"International Youth Festival 2019\"},{\"@type\":\"BreadcrumbList\",\"@id\":\"https:\\\/\\\/pans.krosno.pl\\\/ic\\\/international-cooperation\\\/#breadcrumb\",\"itemListElement\":[{\"@type\":\"ListItem\",\"position\":1,\"name\":\"Strona g\u0142\u00f3wna\",\"item\":\"https:\\\/\\\/pans.krosno.pl\\\/ic\\\/\"},{\"@type\":\"ListItem\",\"position\":2,\"name\":\"International Cooperation\"}]},{\"@type\":\"WebSite\",\"@id\":\"https:\\\/\\\/pans.krosno.pl\\\/ic\\\/#website\",\"url\":\"https:\\\/\\\/pans.krosno.pl\\\/ic\\\/\",\"name\":\"International Cooperation PANS w Kro\u015bnie\",\"description\":\"International Cooperation - Pa\u0144stwowa Akademia Nauk Stosowanych\",\"publisher\":{\"@id\":\"https:\\\/\\\/pans.krosno.pl\\\/ic\\\/#organization\"},\"potentialAction\":[{\"@type\":\"SearchAction\",\"target\":{\"@type\":\"EntryPoint\",\"urlTemplate\":\"https:\\\/\\\/pans.krosno.pl\\\/ic\\\/?s={search_term_string}\"},\"query-input\":{\"@type\":\"PropertyValueSpecification\",\"valueRequired\":true,\"valueName\":\"search_term_string\"}}],\"inLanguage\":\"en-US\"},{\"@type\":\"Organization\",\"@id\":\"https:\\\/\\\/pans.krosno.pl\\\/ic\\\/#organization\",\"name\":\"Karpacka Pa\u0144stwowa Uczelnia w Kro\u015bnie\",\"url\":\"https:\\\/\\\/pans.krosno.pl\\\/ic\\\/\",\"logo\":{\"@type\":\"ImageObject\",\"inLanguage\":\"en-US\",\"@id\":\"https:\\\/\\\/pans.krosno.pl\\\/ic\\\/#\\\/schema\\\/logo\\\/image\\\/\",\"url\":\"\",\"contentUrl\":\"\",\"caption\":\"Karpacka Pa\u0144stwowa Uczelnia w Kro\u015bnie\"},\"image\":{\"@id\":\"https:\\\/\\\/pans.krosno.pl\\\/ic\\\/#\\\/schema\\\/logo\\\/image\\\/\"},\"sameAs\":[\"https:\\\/\\\/www.facebook.com\\\/StudiaKrosno\\\/\",\"https:\\\/\\\/www.instagram.com\\\/studia.krosno\",\"https:\\\/\\\/pl.linkedin.com\\\/company\\\/pwsz-krosno\",\"https:\\\/\\\/www.youtube.com\\\/user\\\/pwszkrosno\\\/\",\"https:\\\/\\\/pl.wikipedia.org\\\/wiki\\\/Pa\u0144stwowa_Wy\u017csza_Szko\u0142a_Zawodowa_im._Stanis\u0142awa_Pigonia_w_Kro\u015bnie\"]}]}<\/script>\n<!-- \/ Yoast SEO Premium plugin. -->","yoast_head_json":{"title":"International Cooperation - International Cooperation PANS w Kro\u015bnie","robots":{"index":"index","follow":"follow","max-snippet":"max-snippet:-1","max-image-preview":"max-image-preview:large","max-video-preview":"max-video-preview:-1"},"canonical":"https:\/\/pans.krosno.pl\/ic\/international-cooperation\/","og_locale":"en_US","og_type":"article","og_title":"International Cooperation","og_description":"State University of Applied Sciences in Krosno runs extensive international cooperation with various partners. We host guests and visiting teachers from partner universities from whole world for short and long-term teaching periods. Read more Contact&nbsp;Mail: iro@pans.krosno.pltel.: + 48 13 43 755 15Address: Rynek 1, room no. 4, 38-400 Krosno","og_url":"https:\/\/pans.krosno.pl\/ic\/international-cooperation\/","og_site_name":"International Cooperation PANS w Kro\u015bnie","article_publisher":"https:\/\/www.facebook.com\/StudiaKrosno\/","article_modified_time":"2023-06-20T09:07:02+00:00","og_image":[{"url":"https:\/\/pans.krosno.pl\/ic\/wp-content\/uploads\/sites\/49\/2020\/06\/dsc_9436.jpg","type":"","width":"","height":""}],"twitter_card":"summary_large_image","twitter_misc":{"Est. reading time":"2 minutes"},"schema":{"@context":"https:\/\/schema.org","@graph":[{"@type":"WebPage","@id":"https:\/\/pans.krosno.pl\/ic\/international-cooperation\/","url":"https:\/\/pans.krosno.pl\/ic\/international-cooperation\/","name":"International Cooperation - International Cooperation PANS w Kro\u015bnie","isPartOf":{"@id":"https:\/\/pans.krosno.pl\/ic\/#website"},"primaryImageOfPage":{"@id":"https:\/\/pans.krosno.pl\/ic\/international-cooperation\/#primaryimage"},"image":{"@id":"https:\/\/pans.krosno.pl\/ic\/international-cooperation\/#primaryimage"},"thumbnailUrl":"https:\/\/pans.krosno.pl\/ic\/wp-content\/uploads\/sites\/49\/2020\/06\/dsc_9436.jpg","datePublished":"2020-05-20T09:30:52+00:00","dateModified":"2023-06-20T09:07:02+00:00","breadcrumb":{"@id":"https:\/\/pans.krosno.pl\/ic\/international-cooperation\/#breadcrumb"},"inLanguage":"en-US","potentialAction":[{"@type":"ReadAction","target":["https:\/\/pans.krosno.pl\/ic\/international-cooperation\/"]}]},{"@type":"ImageObject","inLanguage":"en-US","@id":"https:\/\/pans.krosno.pl\/ic\/international-cooperation\/#primaryimage","url":"https:\/\/pans.krosno.pl\/ic\/wp-content\/uploads\/sites\/49\/2020\/06\/dsc_9436.jpg","contentUrl":"https:\/\/pans.krosno.pl\/ic\/wp-content\/uploads\/sites\/49\/2020\/06\/dsc_9436.jpg","width":960,"height":640,"caption":"International Youth Festival 2019"},{"@type":"BreadcrumbList","@id":"https:\/\/pans.krosno.pl\/ic\/international-cooperation\/#breadcrumb","itemListElement":[{"@type":"ListItem","position":1,"name":"Strona g\u0142\u00f3wna","item":"https:\/\/pans.krosno.pl\/ic\/"},{"@type":"ListItem","position":2,"name":"International Cooperation"}]},{"@type":"WebSite","@id":"https:\/\/pans.krosno.pl\/ic\/#website","url":"https:\/\/pans.krosno.pl\/ic\/","name":"International Cooperation PANS w Kro\u015bnie","description":"International Cooperation - Pa\u0144stwowa Akademia Nauk Stosowanych","publisher":{"@id":"https:\/\/pans.krosno.pl\/ic\/#organization"},"potentialAction":[{"@type":"SearchAction","target":{"@type":"EntryPoint","urlTemplate":"https:\/\/pans.krosno.pl\/ic\/?s={search_term_string}"},"query-input":{"@type":"PropertyValueSpecification","valueRequired":true,"valueName":"search_term_string"}}],"inLanguage":"en-US"},{"@type":"Organization","@id":"https:\/\/pans.krosno.pl\/ic\/#organization","name":"Karpacka Pa\u0144stwowa Uczelnia w Kro\u015bnie","url":"https:\/\/pans.krosno.pl\/ic\/","logo":{"@type":"ImageObject","inLanguage":"en-US","@id":"https:\/\/pans.krosno.pl\/ic\/#\/schema\/logo\/image\/","url":"","contentUrl":"","caption":"Karpacka Pa\u0144stwowa Uczelnia w Kro\u015bnie"},"image":{"@id":"https:\/\/pans.krosno.pl\/ic\/#\/schema\/logo\/image\/"},"sameAs":["https:\/\/www.facebook.com\/StudiaKrosno\/","https:\/\/www.instagram.com\/studia.krosno","https:\/\/pl.linkedin.com\/company\/pwsz-krosno","https:\/\/www.youtube.com\/user\/pwszkrosno\/","https:\/\/pl.wikipedia.org\/wiki\/Pa\u0144stwowa_Wy\u017csza_Szko\u0142a_Zawodowa_im._Stanis\u0142awa_Pigonia_w_Kro\u015bnie"]}]}},"_links":{"self":[{"href":"https:\/\/pans.krosno.pl\/ic\/wp-json\/wp\/v2\/pages\/20","targetHints":{"allow":["GET"]}}],"collection":[{"href":"https:\/\/pans.krosno.pl\/ic\/wp-json\/wp\/v2\/pages"}],"about":[{"href":"https:\/\/pans.krosno.pl\/ic\/wp-json\/wp\/v2\/types\/page"}],"author":[{"embeddable":true,"href":"https:\/\/pans.krosno.pl\/ic\/wp-json\/wp\/v2\/users\/27"}],"replies":[{"embeddable":true,"href":"https:\/\/pans.krosno.pl\/ic\/wp-json\/wp\/v2\/comments?post=20"}],"version-history":[{"count":14,"href":"https:\/\/pans.krosno.pl\/ic\/wp-json\/wp\/v2\/pages\/20\/revisions"}],"predecessor-version":[{"id":381,"href":"https:\/\/pans.krosno.pl\/ic\/wp-json\/wp\/v2\/pages\/20\/revisions\/381"}],"wp:attachment":[{"href":"https:\/\/pans.krosno.pl\/ic\/wp-json\/wp\/v2\/media?parent=20"}],"curies":[{"name":"wp","href":"https:\/\/api.w.org\/{rel}","templated":true}]}}