{"id":26,"date":"2021-03-22T08:50:29","date_gmt":"2021-03-22T07:50:29","guid":{"rendered":"https:\/\/pans.krosno.pl\/herbalism\/?page_id=26"},"modified":"2026-03-13T16:48:18","modified_gmt":"2026-03-13T15:48:18","slug":"oswiadczenia","status":"publish","type":"page","link":"https:\/\/pans.krosno.pl\/herbalism\/oswiadczenia\/","title":{"rendered":"O\u015bwiadczenia"},"content":{"rendered":"\n<h3 class=\"wp-block-heading has-medium-font-size\" id=\"h-oswiadczenie-dla-autorow-pdf\"><strong><a href=\"https:\/\/pans.krosno.pl\/herbalism\/wp-content\/uploads\/sites\/55\/2026\/03\/oswiadczenie-herbalism.pdf\">O\u015bwiadczenie dla autor\u00f3w- pdf<\/a><\/strong><\/h3>\n\n\n\n<p class=\"has-medium-font-size\" id=\"h-oswiadczenie-dla-auto-r-ow-pdf-https-pans-krosno-pl-herbalism-wp-content-uploads-sites-55-2026-03-oswiadczenie-herbalism-pdf\"><a href=\"https:\/\/pans.krosno.pl\/herbalism\/wp-content\/uploads\/sites\/55\/2026\/03\/oswiadczenie-j.-angielsk.pdf\"><strong>Author\u2019s Declaration &#8211; pdf<\/strong><\/a><\/p>\n\n\n\n<div class=\"wp-block-file\"><a id=\"wp-block-file--media-9f959a99-1467-4f78-a587-cc289d4e21d3\" href=\"https:\/\/pans.krosno.pl\/herbalism\/wp-content\/uploads\/sites\/55\/2026\/03\/oswiadczenie-herbalism-1.docx\">O\u015bwiadczenie dla autor\u00f3w &#8211; word<\/a><a href=\"https:\/\/pans.krosno.pl\/herbalism\/wp-content\/uploads\/sites\/55\/2026\/03\/oswiadczenie-herbalism-1.docx\" class=\"wp-block-file__button wp-element-button\" download aria-describedby=\"wp-block-file--media-9f959a99-1467-4f78-a587-cc289d4e21d3\">Pobierz<\/a><\/div>\n\n\n\n<p class=\"has-medium-font-size\"><\/p>\n\n\n\n<hr class=\"wp-block-separator has-css-opacity\" \/>\n\n\n\n<h3 class=\"wp-block-heading has-medium-font-size\" id=\"h-deklaracja-wkladu-autorskiego-pdf\"><a href=\"https:\/\/pans.krosno.pl\/herbalism\/wp-content\/uploads\/sites\/55\/2023\/01\/deklaracja-wkladu-autorskiego-1.pdf\">Deklaracja wk\u0142adu autorskiego-pdf<\/a><\/h3>\n\n\n\n<div class=\"wp-block-file\"><a id=\"wp-block-file--media-07bb2178-1f0f-4b26-bd03-39d8c8f54dc4\" href=\"https:\/\/pans.krosno.pl\/herbalism\/wp-content\/uploads\/sites\/55\/2023\/01\/deklaracja-wkladu-autorskiego-1-1.docx\">Deklaracja wk\u0142adu autorskiego &#8211; word<\/a><a href=\"https:\/\/pans.krosno.pl\/herbalism\/wp-content\/uploads\/sites\/55\/2023\/01\/deklaracja-wkladu-autorskiego-1-1.docx\" class=\"wp-block-file__button wp-element-button\" download aria-describedby=\"wp-block-file--media-07bb2178-1f0f-4b26-bd03-39d8c8f54dc4\">Pobierz<\/a><\/div>\n\n\n\n<p><\/p>\n\n\n\n<p><\/p>\n\n\n\n<p>Teksty publikowane w czasopi\u015bmie naukowym HERBALISM opieraj\u0105 si\u0119 na licencji niewy\u0142\u0105cznej udzielonej przez Autora  Pa\u0144stwowej Akademii Nauk Stosowanych w Kro\u015bnie. Oznacza to, i\u017c nie nast\u0119puje przeniesienie praw autorskich do publikowanego tekstu i tym samym Autor (Autorzy) zachowuj\u0105 prawo do dysponowania tekstem, z zachowaniem postanowie\u0144 udzielonej licencji.<\/p>\n\n\n\n<p>Na podstawie umowy zawartej mi\u0119dzy Pa\u0144stwow\u0105 Akademi\u0105 Nauk Stosowanych w Kro\u015bnie a Uniwersytetem Miko\u0142aja Kopernika w Toruniu, artyku\u0142y zostan\u0105 opublikowane na <a href=\"https:\/\/apcz.umk.pl\" target=\"_blank\" rel=\"noreferrer noopener\">Akademickiej Platformie Czasopism<\/a>, zgodnie z postanowieniami licencji <a href=\"https:\/\/creativecommons.org\/licenses\/by-nd\/4.0\/\">Creative Commons Uznanie autorstwa \u2013 Bez utwor\u00f3w zale\u017cnych 4.0 Mi\u0119dzynarodowe<\/a> (CC BY-ND 4.0).<\/p>\n\n\n\n<div class=\"wp-block-group is-layout-constrained wp-block-group-is-layout-constrained\">\n<figure class=\"wp-block-image size-full is-resized\"><img loading=\"lazy\" decoding=\"async\" width=\"366\" height=\"138\" src=\"https:\/\/pans.krosno.pl\/herbalism\/wp-content\/uploads\/sites\/55\/2026\/03\/cc-oa.png\" alt=\"\" class=\"wp-image-1505\" style=\"width:180px;height:auto\" srcset=\"https:\/\/pans.krosno.pl\/herbalism\/wp-content\/uploads\/sites\/55\/2026\/03\/cc-oa.png 366w, https:\/\/pans.krosno.pl\/herbalism\/wp-content\/uploads\/sites\/55\/2026\/03\/cc-oa-300x113.png 300w\" sizes=\"auto, (max-width: 366px) 100vw, 366px\" \/><\/figure>\n\n\n\n<figure class=\"wp-block-image size-full is-resized\"><a href=\"https:\/\/creativecommons.pl\/poznaj-licencje-creative-commons\/\"><img loading=\"lazy\" decoding=\"async\" width=\"380\" height=\"133\" src=\"https:\/\/pans.krosno.pl\/herbalism\/wp-content\/uploads\/sites\/55\/2026\/03\/cc-by-nd.png\" alt=\"\" class=\"wp-image-1502\" style=\"width:186px;height:auto\" srcset=\"https:\/\/pans.krosno.pl\/herbalism\/wp-content\/uploads\/sites\/55\/2026\/03\/cc-by-nd.png 380w, https:\/\/pans.krosno.pl\/herbalism\/wp-content\/uploads\/sites\/55\/2026\/03\/cc-by-nd-300x105.png 300w\" sizes=\"auto, (max-width: 380px) 100vw, 380px\" \/><\/a><\/figure>\n<\/div>\n\n\n\n<div class=\"wp-block-columns is-layout-flex wp-container-core-columns-is-layout-28f84493 wp-block-columns-is-layout-flex\">\n<div class=\"wp-block-column is-layout-flow wp-block-column-is-layout-flow\" style=\"flex-basis:100%\"><\/div>\n<\/div>\n\n\n\n<p><strong>Redakcja czasopisma HERBALISM nie pobiera od Autor\u00f3w \u017cadnych op\u0142at na jakimkolwiek etapie procesu wydawniczego. Autorzy nie otrzymuj\u0105 honorari\u00f3w w zwi\u0105zku z opublikowaniem artyku\u0142\u00f3w.<\/strong><\/p>\n\n\n\n<p><\/p>\n","protected":false},"excerpt":{"rendered":"<p>O\u015bwiadczenie dla autor\u00f3w- pdf Author\u2019s Declaration &#8211; pdf Deklaracja wk\u0142adu autorskiego-pdf Teksty publikowane w czasopi\u015bmie naukowym HERBALISM opieraj\u0105 si\u0119 na licencji niewy\u0142\u0105cznej udzielonej przez Autora Pa\u0144stwowej Akademii Nauk Stosowanych w Kro\u015bnie. Oznacza to, i\u017c nie nast\u0119puje przeniesienie praw autorskich do publikowanego tekstu i tym samym Autor (Autorzy) zachowuj\u0105 prawo do [\u2026] <\/p>\n<div class=\"clear\"><\/div>\n<p><a class=\"more_link clearfix\" href=\"https:\/\/pans.krosno.pl\/herbalism\/oswiadczenia\/\" rel=\"nofollow\">Read More<\/a><\/p>\n","protected":false},"author":27,"featured_media":0,"parent":0,"menu_order":0,"comment_status":"closed","ping_status":"closed","template":"","meta":{"ngg_post_thumbnail":0,"footnotes":""},"class_list":["post-26","page","type-page","status-publish","hentry"],"yoast_head":"<!-- This site is optimized with the Yoast SEO Premium plugin v27.4 (Yoast SEO v27.4) - https:\/\/yoast.com\/product\/yoast-seo-premium-wordpress\/ -->\n<title>O\u015bwiadczenia - Herbalism PANS w Kro\u015bnie<\/title>\n<meta name=\"robots\" content=\"index, follow, max-snippet:-1, max-image-preview:large, max-video-preview:-1\" \/>\n<link rel=\"canonical\" href=\"https:\/\/pans.krosno.pl\/herbalism\/oswiadczenia\/\" \/>\n<meta property=\"og:locale\" content=\"pl_PL\" \/>\n<meta property=\"og:type\" content=\"article\" \/>\n<meta property=\"og:title\" content=\"O\u015bwiadczenia\" \/>\n<meta property=\"og:description\" content=\"O\u015bwiadczenie dla autor\u00f3w- pdf Author\u2019s Declaration &#8211; pdf Deklaracja wk\u0142adu autorskiego-pdf Teksty publikowane w czasopi\u015bmie naukowym HERBALISM opieraj\u0105 si\u0119 na licencji niewy\u0142\u0105cznej udzielonej przez Autora Pa\u0144stwowej Akademii Nauk Stosowanych w Kro\u015bnie. Oznacza to, i\u017c nie nast\u0119puje przeniesienie praw autorskich do publikowanego tekstu i tym samym Autor (Autorzy) zachowuj\u0105 prawo do [\u2026] Read More\" \/>\n<meta property=\"og:url\" content=\"https:\/\/pans.krosno.pl\/herbalism\/oswiadczenia\/\" \/>\n<meta property=\"og:site_name\" content=\"Herbalism PANS w Kro\u015bnie\" \/>\n<meta property=\"article:modified_time\" content=\"2026-03-13T15:48:18+00:00\" \/>\n<meta property=\"og:image\" content=\"https:\/\/pans.krosno.pl\/herbalism\/wp-content\/uploads\/sites\/55\/2026\/03\/cc-oa.png\" \/>\n\t<meta property=\"og:image:width\" content=\"366\" \/>\n\t<meta property=\"og:image:height\" content=\"138\" \/>\n\t<meta property=\"og:image:type\" content=\"image\/png\" \/>\n<meta name=\"twitter:card\" content=\"summary_large_image\" \/>\n<meta name=\"twitter:label1\" content=\"Szacowany czas czytania\" \/>\n\t<meta name=\"twitter:data1\" content=\"2 minuty\" \/>\n<script type=\"application\/ld+json\" class=\"yoast-schema-graph\">{\"@context\":\"https:\\\/\\\/schema.org\",\"@graph\":[{\"@type\":\"WebPage\",\"@id\":\"https:\\\/\\\/pans.krosno.pl\\\/herbalism\\\/oswiadczenia\\\/\",\"url\":\"https:\\\/\\\/pans.krosno.pl\\\/herbalism\\\/oswiadczenia\\\/\",\"name\":\"O\u015bwiadczenia - Herbalism PANS w Kro\u015bnie\",\"isPartOf\":{\"@id\":\"https:\\\/\\\/pans.krosno.pl\\\/herbalism\\\/#website\"},\"primaryImageOfPage\":{\"@id\":\"https:\\\/\\\/pans.krosno.pl\\\/herbalism\\\/oswiadczenia\\\/#primaryimage\"},\"image\":{\"@id\":\"https:\\\/\\\/pans.krosno.pl\\\/herbalism\\\/oswiadczenia\\\/#primaryimage\"},\"thumbnailUrl\":\"https:\\\/\\\/pans.krosno.pl\\\/herbalism\\\/wp-content\\\/uploads\\\/sites\\\/55\\\/2026\\\/03\\\/cc-oa.png\",\"datePublished\":\"2021-03-22T07:50:29+00:00\",\"dateModified\":\"2026-03-13T15:48:18+00:00\",\"breadcrumb\":{\"@id\":\"https:\\\/\\\/pans.krosno.pl\\\/herbalism\\\/oswiadczenia\\\/#breadcrumb\"},\"inLanguage\":\"pl-PL\",\"potentialAction\":[{\"@type\":\"ReadAction\",\"target\":[\"https:\\\/\\\/pans.krosno.pl\\\/herbalism\\\/oswiadczenia\\\/\"]}]},{\"@type\":\"ImageObject\",\"inLanguage\":\"pl-PL\",\"@id\":\"https:\\\/\\\/pans.krosno.pl\\\/herbalism\\\/oswiadczenia\\\/#primaryimage\",\"url\":\"https:\\\/\\\/pans.krosno.pl\\\/herbalism\\\/wp-content\\\/uploads\\\/sites\\\/55\\\/2026\\\/03\\\/cc-oa.png\",\"contentUrl\":\"https:\\\/\\\/pans.krosno.pl\\\/herbalism\\\/wp-content\\\/uploads\\\/sites\\\/55\\\/2026\\\/03\\\/cc-oa.png\",\"width\":366,\"height\":138},{\"@type\":\"BreadcrumbList\",\"@id\":\"https:\\\/\\\/pans.krosno.pl\\\/herbalism\\\/oswiadczenia\\\/#breadcrumb\",\"itemListElement\":[{\"@type\":\"ListItem\",\"position\":1,\"name\":\"Strona g\u0142\u00f3wna\",\"item\":\"https:\\\/\\\/pans.krosno.pl\\\/herbalism\\\/\"},{\"@type\":\"ListItem\",\"position\":2,\"name\":\"O\u015bwiadczenia\"}]},{\"@type\":\"WebSite\",\"@id\":\"https:\\\/\\\/pans.krosno.pl\\\/herbalism\\\/#website\",\"url\":\"https:\\\/\\\/pans.krosno.pl\\\/herbalism\\\/\",\"name\":\"Herbalism\",\"description\":\"Herbalism PANS w Kro\u015bnie\",\"publisher\":{\"@id\":\"https:\\\/\\\/pans.krosno.pl\\\/herbalism\\\/#organization\"},\"potentialAction\":[{\"@type\":\"SearchAction\",\"target\":{\"@type\":\"EntryPoint\",\"urlTemplate\":\"https:\\\/\\\/pans.krosno.pl\\\/herbalism\\\/?s={search_term_string}\"},\"query-input\":{\"@type\":\"PropertyValueSpecification\",\"valueRequired\":true,\"valueName\":\"search_term_string\"}}],\"inLanguage\":\"pl-PL\"},{\"@type\":\"Organization\",\"@id\":\"https:\\\/\\\/pans.krosno.pl\\\/herbalism\\\/#organization\",\"name\":\"Herbalism\",\"url\":\"https:\\\/\\\/pans.krosno.pl\\\/herbalism\\\/\",\"logo\":{\"@type\":\"ImageObject\",\"inLanguage\":\"pl-PL\",\"@id\":\"https:\\\/\\\/pans.krosno.pl\\\/herbalism\\\/#\\\/schema\\\/logo\\\/image\\\/\",\"url\":\"\",\"contentUrl\":\"\",\"caption\":\"Herbalism\"},\"image\":{\"@id\":\"https:\\\/\\\/pans.krosno.pl\\\/herbalism\\\/#\\\/schema\\\/logo\\\/image\\\/\"}}]}<\/script>\n<!-- \/ Yoast SEO Premium plugin. -->","yoast_head_json":{"title":"O\u015bwiadczenia - Herbalism PANS w Kro\u015bnie","robots":{"index":"index","follow":"follow","max-snippet":"max-snippet:-1","max-image-preview":"max-image-preview:large","max-video-preview":"max-video-preview:-1"},"canonical":"https:\/\/pans.krosno.pl\/herbalism\/oswiadczenia\/","og_locale":"pl_PL","og_type":"article","og_title":"O\u015bwiadczenia","og_description":"O\u015bwiadczenie dla autor\u00f3w- pdf Author\u2019s Declaration &#8211; pdf Deklaracja wk\u0142adu autorskiego-pdf Teksty publikowane w czasopi\u015bmie naukowym HERBALISM opieraj\u0105 si\u0119 na licencji niewy\u0142\u0105cznej udzielonej przez Autora Pa\u0144stwowej Akademii Nauk Stosowanych w Kro\u015bnie. Oznacza to, i\u017c nie nast\u0119puje przeniesienie praw autorskich do publikowanego tekstu i tym samym Autor (Autorzy) zachowuj\u0105 prawo do [\u2026] Read More","og_url":"https:\/\/pans.krosno.pl\/herbalism\/oswiadczenia\/","og_site_name":"Herbalism PANS w Kro\u015bnie","article_modified_time":"2026-03-13T15:48:18+00:00","og_image":[{"width":366,"height":138,"url":"https:\/\/pans.krosno.pl\/herbalism\/wp-content\/uploads\/sites\/55\/2026\/03\/cc-oa.png","type":"image\/png"}],"twitter_card":"summary_large_image","twitter_misc":{"Szacowany czas czytania":"2 minuty"},"schema":{"@context":"https:\/\/schema.org","@graph":[{"@type":"WebPage","@id":"https:\/\/pans.krosno.pl\/herbalism\/oswiadczenia\/","url":"https:\/\/pans.krosno.pl\/herbalism\/oswiadczenia\/","name":"O\u015bwiadczenia - Herbalism PANS w Kro\u015bnie","isPartOf":{"@id":"https:\/\/pans.krosno.pl\/herbalism\/#website"},"primaryImageOfPage":{"@id":"https:\/\/pans.krosno.pl\/herbalism\/oswiadczenia\/#primaryimage"},"image":{"@id":"https:\/\/pans.krosno.pl\/herbalism\/oswiadczenia\/#primaryimage"},"thumbnailUrl":"https:\/\/pans.krosno.pl\/herbalism\/wp-content\/uploads\/sites\/55\/2026\/03\/cc-oa.png","datePublished":"2021-03-22T07:50:29+00:00","dateModified":"2026-03-13T15:48:18+00:00","breadcrumb":{"@id":"https:\/\/pans.krosno.pl\/herbalism\/oswiadczenia\/#breadcrumb"},"inLanguage":"pl-PL","potentialAction":[{"@type":"ReadAction","target":["https:\/\/pans.krosno.pl\/herbalism\/oswiadczenia\/"]}]},{"@type":"ImageObject","inLanguage":"pl-PL","@id":"https:\/\/pans.krosno.pl\/herbalism\/oswiadczenia\/#primaryimage","url":"https:\/\/pans.krosno.pl\/herbalism\/wp-content\/uploads\/sites\/55\/2026\/03\/cc-oa.png","contentUrl":"https:\/\/pans.krosno.pl\/herbalism\/wp-content\/uploads\/sites\/55\/2026\/03\/cc-oa.png","width":366,"height":138},{"@type":"BreadcrumbList","@id":"https:\/\/pans.krosno.pl\/herbalism\/oswiadczenia\/#breadcrumb","itemListElement":[{"@type":"ListItem","position":1,"name":"Strona g\u0142\u00f3wna","item":"https:\/\/pans.krosno.pl\/herbalism\/"},{"@type":"ListItem","position":2,"name":"O\u015bwiadczenia"}]},{"@type":"WebSite","@id":"https:\/\/pans.krosno.pl\/herbalism\/#website","url":"https:\/\/pans.krosno.pl\/herbalism\/","name":"Herbalism","description":"Herbalism PANS w Kro\u015bnie","publisher":{"@id":"https:\/\/pans.krosno.pl\/herbalism\/#organization"},"potentialAction":[{"@type":"SearchAction","target":{"@type":"EntryPoint","urlTemplate":"https:\/\/pans.krosno.pl\/herbalism\/?s={search_term_string}"},"query-input":{"@type":"PropertyValueSpecification","valueRequired":true,"valueName":"search_term_string"}}],"inLanguage":"pl-PL"},{"@type":"Organization","@id":"https:\/\/pans.krosno.pl\/herbalism\/#organization","name":"Herbalism","url":"https:\/\/pans.krosno.pl\/herbalism\/","logo":{"@type":"ImageObject","inLanguage":"pl-PL","@id":"https:\/\/pans.krosno.pl\/herbalism\/#\/schema\/logo\/image\/","url":"","contentUrl":"","caption":"Herbalism"},"image":{"@id":"https:\/\/pans.krosno.pl\/herbalism\/#\/schema\/logo\/image\/"}}]}},"_links":{"self":[{"href":"https:\/\/pans.krosno.pl\/herbalism\/wp-json\/wp\/v2\/pages\/26","targetHints":{"allow":["GET"]}}],"collection":[{"href":"https:\/\/pans.krosno.pl\/herbalism\/wp-json\/wp\/v2\/pages"}],"about":[{"href":"https:\/\/pans.krosno.pl\/herbalism\/wp-json\/wp\/v2\/types\/page"}],"author":[{"embeddable":true,"href":"https:\/\/pans.krosno.pl\/herbalism\/wp-json\/wp\/v2\/users\/27"}],"replies":[{"embeddable":true,"href":"https:\/\/pans.krosno.pl\/herbalism\/wp-json\/wp\/v2\/comments?post=26"}],"version-history":[{"count":23,"href":"https:\/\/pans.krosno.pl\/herbalism\/wp-json\/wp\/v2\/pages\/26\/revisions"}],"predecessor-version":[{"id":1507,"href":"https:\/\/pans.krosno.pl\/herbalism\/wp-json\/wp\/v2\/pages\/26\/revisions\/1507"}],"wp:attachment":[{"href":"https:\/\/pans.krosno.pl\/herbalism\/wp-json\/wp\/v2\/media?parent=26"}],"curies":[{"name":"wp","href":"https:\/\/api.w.org\/{rel}","templated":true}]}}