{"id":25,"date":"2021-03-22T08:50:28","date_gmt":"2021-03-22T07:50:28","guid":{"rendered":"https:\/\/pans.krosno.pl\/herbalism\/?page_id=25"},"modified":"2023-01-24T11:47:11","modified_gmt":"2023-01-24T10:47:11","slug":"procedura-recenzowania","status":"publish","type":"page","link":"https:\/\/pans.krosno.pl\/herbalism\/procedura-recenzowania\/","title":{"rendered":"Procedura recenzowania"},"content":{"rendered":"\n<h3 class=\"wp-block-heading\">Procedura recenzowania<\/h3>\n\n\n\n<p>Procedura recenzowania artyku\u0142\u00f3w do czasopisma&nbsp;<strong>HERBALISM&nbsp;<\/strong>jest zgodna z zaleceniami Ministerstwa Nauki i Szkolnictwa Wy\u017cszego opisanymi w broszurze \u201eDobre praktyki w procedurach recenzyjnych w nauce\u201d<\/p>\n\n\n\n<hr class=\"wp-block-separator has-css-opacity\" \/>\n\n\n\n<ol class=\"wp-block-list\">\n<li>Redakcja pisma wymaga, by ka\u017cdy artyku\u0142 by\u0142 przekazany w wersji elektronicznej.<\/li>\n\n\n\n<li>Przekazuj\u0105c artyku\u0142, jego autor (autorzy) sk\u0142ada o\u015bwiadczenie o samodzielnym sporz\u0105dzeniu artyku\u0142u oraz zobowi\u0105zanie, i\u017c nie zosta\u0142 on przekazany innej redakcji ani opublikowany w inny spos\u00f3b.<\/li>\n\n\n\n<li>Wszystkie nades\u0142ane teksty poddawane s\u0105 wst\u0119pnej kwalifikacji pod k\u0105tem zgodno\u015bci z profilem czasopisma, przeprowadzana jest ocena redakcyjna (wst\u0119pna ocena merytoryczna i korekta tekstu &#8211; w razie potrzeby dokonania zmian redakcja prosi autora artyku\u0142u o naniesienie poprawek).<\/li>\n\n\n\n<li>Ka\u017cdy artyku\u0142 jest dwukrotnie recenzowany przez osoby spoza jednostki naukowej, w kt\u00f3rej afiliowany jest autor (autorzy) artyku\u0142u, a tak\u017ce spoza cz\u0142onk\u00f3w Rady Naukowej. Recenzenci s\u0105 wybierani przez redakcj\u0119 pisma spo\u015br\u00f3d os\u00f3b posiadaj\u0105cych uznany dorobek naukowy w tematyce artyku\u0142u oraz gwarantuj\u0105cych rzetelne sporz\u0105dzenie recenzji.<\/li>\n\n\n\n<li>Autor (autorzy) artyku\u0142u otrzymuje obie recenzje do wgl\u0105du oraz jest zobligowany do ustosunkowania si\u0119 do nich. W przypadku akceptacji uwag recenzenta autor (autorzy) dokonuje niezb\u0119dnych poprawek i uzupe\u0142nie\u0144 artyku\u0142u.<\/li>\n\n\n\n<li>Recenzentowi nie ujawnia si\u0119 autora (autor\u00f3w) ani afiliacji recenzowanej publikacji&nbsp; (double-blind review proces) lub recenzent jest zobowi\u0105zany do z\u0142o\u017cenia deklaracji o niewyst\u0119powaniu konfliktu interes\u00f3w, za kt\u00f3ry uznaje si\u0119 zachodz\u0105ce mi\u0119dzy recenzentem a autorem: bezpo\u015brednie relacje osobiste (pokrewie\u0144stwo, zwi\u0105zki prawne, konflikt), relacje podleg\u0142o\u015bci zawodowej, bezpo\u015bredni\u0105 wsp\u00f3\u0142prac\u0119 naukow\u0105 w ci\u0105gu ostatnich dw\u00f3ch lat poprzedzaj\u0105cych przygotowanie recenzji.<\/li>\n\n\n\n<li>Recenzje s\u0105 sporz\u0105dzane na formularzu przygotowanym przez redakcj\u0119 pisma.<\/li>\n\n\n\n<li>W przypadku, gdy recenzje artyku\u0142u nie s\u0105 jednomy\u015blne, tekst jest przekazywany do trzeciego recenzenta, kt\u00f3rego g\u0142os jest decyduj\u0105cy.<\/li>\n\n\n\n<li>Redakcja pisma zastrzega sobie prawo dopuszczenia albo niedopuszczenia artyku\u0142u do druku.<\/li>\n\n\n\n<li>Lista recenzent\u00f3w wsp\u00f3\u0142pracuj\u0105cych z czasopismem jest dost\u0119pna na stronie internetowej czasopisma.<\/li>\n\n\n\n<li>Redakcja o\u015bwiadcza, \u017ce wersja papierowa czasopisma HERBALISM jest wersj\u0105 pierwotn\u0105.<\/li>\n<\/ol>\n\n\n\n<p><a href=\"https:\/\/pans.krosno.pl\/herbalism\/wp-content\/uploads\/sites\/55\/2023\/01\/Procedura-recenzowania.pdf\">PROCEDURA RECENZOWANIA<\/a><\/p>\n\n\n\n<p><\/p>\n","protected":false},"excerpt":{"rendered":"<p>Procedura recenzowania Procedura recenzowania artyku\u0142\u00f3w do czasopisma&nbsp;HERBALISM&nbsp;jest zgodna z zaleceniami Ministerstwa Nauki i Szkolnictwa Wy\u017cszego opisanymi w broszurze \u201eDobre praktyki w procedurach recenzyjnych w nauce\u201d PROCEDURA RECENZOWANIA<\/p>\n","protected":false},"author":27,"featured_media":0,"parent":0,"menu_order":0,"comment_status":"closed","ping_status":"closed","template":"","meta":{"ngg_post_thumbnail":0,"footnotes":""},"class_list":["post-25","page","type-page","status-publish","hentry"],"yoast_head":"<!-- This site is optimized with the Yoast SEO Premium plugin v27.4 (Yoast SEO v27.4) - https:\/\/yoast.com\/product\/yoast-seo-premium-wordpress\/ -->\n<title>Procedura recenzowania - Herbalism PANS w Kro\u015bnie<\/title>\n<meta name=\"robots\" content=\"index, follow, max-snippet:-1, max-image-preview:large, max-video-preview:-1\" \/>\n<link rel=\"canonical\" href=\"https:\/\/pans.krosno.pl\/herbalism\/procedura-recenzowania\/\" \/>\n<meta property=\"og:locale\" content=\"pl_PL\" \/>\n<meta property=\"og:type\" content=\"article\" \/>\n<meta property=\"og:title\" content=\"Procedura recenzowania\" \/>\n<meta property=\"og:description\" content=\"Procedura recenzowania Procedura recenzowania artyku\u0142\u00f3w do czasopisma&nbsp;HERBALISM&nbsp;jest zgodna z zaleceniami Ministerstwa Nauki i Szkolnictwa Wy\u017cszego opisanymi w broszurze \u201eDobre praktyki w procedurach recenzyjnych w nauce\u201d PROCEDURA RECENZOWANIA\" \/>\n<meta property=\"og:url\" content=\"https:\/\/pans.krosno.pl\/herbalism\/procedura-recenzowania\/\" \/>\n<meta property=\"og:site_name\" content=\"Herbalism PANS w Kro\u015bnie\" \/>\n<meta property=\"article:modified_time\" content=\"2023-01-24T10:47:11+00:00\" \/>\n<meta name=\"twitter:card\" content=\"summary_large_image\" \/>\n<meta name=\"twitter:label1\" content=\"Szacowany czas czytania\" \/>\n\t<meta name=\"twitter:data1\" content=\"2 minuty\" \/>\n<script type=\"application\/ld+json\" class=\"yoast-schema-graph\">{\"@context\":\"https:\\\/\\\/schema.org\",\"@graph\":[{\"@type\":\"WebPage\",\"@id\":\"https:\\\/\\\/pans.krosno.pl\\\/herbalism\\\/procedura-recenzowania\\\/\",\"url\":\"https:\\\/\\\/pans.krosno.pl\\\/herbalism\\\/procedura-recenzowania\\\/\",\"name\":\"Procedura recenzowania - Herbalism PANS w Kro\u015bnie\",\"isPartOf\":{\"@id\":\"https:\\\/\\\/pans.krosno.pl\\\/herbalism\\\/#website\"},\"datePublished\":\"2021-03-22T07:50:28+00:00\",\"dateModified\":\"2023-01-24T10:47:11+00:00\",\"breadcrumb\":{\"@id\":\"https:\\\/\\\/pans.krosno.pl\\\/herbalism\\\/procedura-recenzowania\\\/#breadcrumb\"},\"inLanguage\":\"pl-PL\",\"potentialAction\":[{\"@type\":\"ReadAction\",\"target\":[\"https:\\\/\\\/pans.krosno.pl\\\/herbalism\\\/procedura-recenzowania\\\/\"]}]},{\"@type\":\"BreadcrumbList\",\"@id\":\"https:\\\/\\\/pans.krosno.pl\\\/herbalism\\\/procedura-recenzowania\\\/#breadcrumb\",\"itemListElement\":[{\"@type\":\"ListItem\",\"position\":1,\"name\":\"Strona g\u0142\u00f3wna\",\"item\":\"https:\\\/\\\/pans.krosno.pl\\\/herbalism\\\/\"},{\"@type\":\"ListItem\",\"position\":2,\"name\":\"Procedura recenzowania\"}]},{\"@type\":\"WebSite\",\"@id\":\"https:\\\/\\\/pans.krosno.pl\\\/herbalism\\\/#website\",\"url\":\"https:\\\/\\\/pans.krosno.pl\\\/herbalism\\\/\",\"name\":\"Herbalism\",\"description\":\"Herbalism PANS w Kro\u015bnie\",\"publisher\":{\"@id\":\"https:\\\/\\\/pans.krosno.pl\\\/herbalism\\\/#organization\"},\"potentialAction\":[{\"@type\":\"SearchAction\",\"target\":{\"@type\":\"EntryPoint\",\"urlTemplate\":\"https:\\\/\\\/pans.krosno.pl\\\/herbalism\\\/?s={search_term_string}\"},\"query-input\":{\"@type\":\"PropertyValueSpecification\",\"valueRequired\":true,\"valueName\":\"search_term_string\"}}],\"inLanguage\":\"pl-PL\"},{\"@type\":\"Organization\",\"@id\":\"https:\\\/\\\/pans.krosno.pl\\\/herbalism\\\/#organization\",\"name\":\"Herbalism\",\"url\":\"https:\\\/\\\/pans.krosno.pl\\\/herbalism\\\/\",\"logo\":{\"@type\":\"ImageObject\",\"inLanguage\":\"pl-PL\",\"@id\":\"https:\\\/\\\/pans.krosno.pl\\\/herbalism\\\/#\\\/schema\\\/logo\\\/image\\\/\",\"url\":\"\",\"contentUrl\":\"\",\"caption\":\"Herbalism\"},\"image\":{\"@id\":\"https:\\\/\\\/pans.krosno.pl\\\/herbalism\\\/#\\\/schema\\\/logo\\\/image\\\/\"}}]}<\/script>\n<!-- \/ Yoast SEO Premium plugin. -->","yoast_head_json":{"title":"Procedura recenzowania - Herbalism PANS w Kro\u015bnie","robots":{"index":"index","follow":"follow","max-snippet":"max-snippet:-1","max-image-preview":"max-image-preview:large","max-video-preview":"max-video-preview:-1"},"canonical":"https:\/\/pans.krosno.pl\/herbalism\/procedura-recenzowania\/","og_locale":"pl_PL","og_type":"article","og_title":"Procedura recenzowania","og_description":"Procedura recenzowania Procedura recenzowania artyku\u0142\u00f3w do czasopisma&nbsp;HERBALISM&nbsp;jest zgodna z zaleceniami Ministerstwa Nauki i Szkolnictwa Wy\u017cszego opisanymi w broszurze \u201eDobre praktyki w procedurach recenzyjnych w nauce\u201d PROCEDURA RECENZOWANIA","og_url":"https:\/\/pans.krosno.pl\/herbalism\/procedura-recenzowania\/","og_site_name":"Herbalism PANS w Kro\u015bnie","article_modified_time":"2023-01-24T10:47:11+00:00","twitter_card":"summary_large_image","twitter_misc":{"Szacowany czas czytania":"2 minuty"},"schema":{"@context":"https:\/\/schema.org","@graph":[{"@type":"WebPage","@id":"https:\/\/pans.krosno.pl\/herbalism\/procedura-recenzowania\/","url":"https:\/\/pans.krosno.pl\/herbalism\/procedura-recenzowania\/","name":"Procedura recenzowania - Herbalism PANS w Kro\u015bnie","isPartOf":{"@id":"https:\/\/pans.krosno.pl\/herbalism\/#website"},"datePublished":"2021-03-22T07:50:28+00:00","dateModified":"2023-01-24T10:47:11+00:00","breadcrumb":{"@id":"https:\/\/pans.krosno.pl\/herbalism\/procedura-recenzowania\/#breadcrumb"},"inLanguage":"pl-PL","potentialAction":[{"@type":"ReadAction","target":["https:\/\/pans.krosno.pl\/herbalism\/procedura-recenzowania\/"]}]},{"@type":"BreadcrumbList","@id":"https:\/\/pans.krosno.pl\/herbalism\/procedura-recenzowania\/#breadcrumb","itemListElement":[{"@type":"ListItem","position":1,"name":"Strona g\u0142\u00f3wna","item":"https:\/\/pans.krosno.pl\/herbalism\/"},{"@type":"ListItem","position":2,"name":"Procedura recenzowania"}]},{"@type":"WebSite","@id":"https:\/\/pans.krosno.pl\/herbalism\/#website","url":"https:\/\/pans.krosno.pl\/herbalism\/","name":"Herbalism","description":"Herbalism PANS w Kro\u015bnie","publisher":{"@id":"https:\/\/pans.krosno.pl\/herbalism\/#organization"},"potentialAction":[{"@type":"SearchAction","target":{"@type":"EntryPoint","urlTemplate":"https:\/\/pans.krosno.pl\/herbalism\/?s={search_term_string}"},"query-input":{"@type":"PropertyValueSpecification","valueRequired":true,"valueName":"search_term_string"}}],"inLanguage":"pl-PL"},{"@type":"Organization","@id":"https:\/\/pans.krosno.pl\/herbalism\/#organization","name":"Herbalism","url":"https:\/\/pans.krosno.pl\/herbalism\/","logo":{"@type":"ImageObject","inLanguage":"pl-PL","@id":"https:\/\/pans.krosno.pl\/herbalism\/#\/schema\/logo\/image\/","url":"","contentUrl":"","caption":"Herbalism"},"image":{"@id":"https:\/\/pans.krosno.pl\/herbalism\/#\/schema\/logo\/image\/"}}]}},"_links":{"self":[{"href":"https:\/\/pans.krosno.pl\/herbalism\/wp-json\/wp\/v2\/pages\/25","targetHints":{"allow":["GET"]}}],"collection":[{"href":"https:\/\/pans.krosno.pl\/herbalism\/wp-json\/wp\/v2\/pages"}],"about":[{"href":"https:\/\/pans.krosno.pl\/herbalism\/wp-json\/wp\/v2\/types\/page"}],"author":[{"embeddable":true,"href":"https:\/\/pans.krosno.pl\/herbalism\/wp-json\/wp\/v2\/users\/27"}],"replies":[{"embeddable":true,"href":"https:\/\/pans.krosno.pl\/herbalism\/wp-json\/wp\/v2\/comments?post=25"}],"version-history":[{"count":5,"href":"https:\/\/pans.krosno.pl\/herbalism\/wp-json\/wp\/v2\/pages\/25\/revisions"}],"predecessor-version":[{"id":685,"href":"https:\/\/pans.krosno.pl\/herbalism\/wp-json\/wp\/v2\/pages\/25\/revisions\/685"}],"wp:attachment":[{"href":"https:\/\/pans.krosno.pl\/herbalism\/wp-json\/wp\/v2\/media?parent=25"}],"curies":[{"name":"wp","href":"https:\/\/api.w.org\/{rel}","templated":true}]}}