{"id":24,"date":"2021-03-22T08:50:28","date_gmt":"2021-03-22T07:50:28","guid":{"rendered":"https:\/\/pans.krosno.pl\/herbalism\/?page_id=24"},"modified":"2023-01-24T12:05:17","modified_gmt":"2023-01-24T11:05:17","slug":"instrukcje-dla-autorow","status":"publish","type":"page","link":"https:\/\/pans.krosno.pl\/herbalism\/instrukcje-dla-autorow\/","title":{"rendered":"Instrukcje dla autor\u00f3w"},"content":{"rendered":"\n<p>Przes\u0142ane teksty podlegaj\u0105 recenzjom naukowym. Ocena recenzenta stanowi podstaw\u0119 decyzji o przyj\u0119ciu tekstu do publikacji. W zwi\u0105zku z tym, prace musz\u0105 spe\u0142nia\u0107 wymogi stawiane pracom nowym Redaktor zastrzega sobie prawo dokonania poprawek i odes\u0142ania ich do akceptacji autorom. Artyku\u0142y nale\u017cy przes\u0142a\u0107 elektronicznie na adres redakcji <strong>herbalism@pans.krosno.pl<\/strong><\/p>\n\n\n\n<p>Tekst artyku\u0142u (do 12 stron wraz z rysunkami i tabelami) powinien by\u0107 napisany czcionk\u0105 Times New Roman, 12, odst\u0119p 1,5 z zachowaniem opcji odst\u0119p przed i po 0. Kolejne akapity nale\u017cy rozpoczyna\u0107 wci\u0119ciem szeroko\u015bci 1,25 lub odst\u0119pem (jedn\u0105 pust\u0105 lini\u0105). Wszystkie marginesy standardowe -2,5 cm.<\/p>\n\n\n\n<p>Streszczenie w j\u0119zyku angielskim powinno zawiera\u0107 tytu\u0142, cel pracy, g\u0142\u00f3wne jej tezy, stosowane metody. Czcionka streszczenia: Times New Roman, 10, wyr\u00f3wnanie dwustronne, odst\u0119p 1,5.<\/p>\n\n\n\n<p>Odwo\u0142ania do literatury powinny by\u0107 zgodne ze wzorem zamieszczonym w punkcie dotycz\u0105cym przypis\u00f3w.<\/p>\n\n\n\n<p>Tabele wraz z tytu\u0142em, ryciny wraz z podpisem powinny zosta\u0107 przekazane w oddzielnym pliku, mo\u017cna je umie\u015bci\u0107 dodatkowo tek\u015bcie artyku\u0142u lub oznaczy\u0107 jedynie sugerowane miejsce ich umieszczenia.<\/p>\n\n\n\n<p><strong>Struktura artyku\u0142u<\/strong><\/p>\n\n\n\n<p><strong>Tytu\u0142<\/strong>: w j\u0119zyku polskim, ni\u017cej w j\u0119zyku angielskim (Times New Roman, 14, pogrubiony wy\u015brodkowany)<\/p>\n\n\n\n<p>Imi\u0119 i nazwisko autora\/autor\u00f3w (Times New Roman, 12, wy\u015brodkowane).<\/p>\n\n\n\n<p>Afiliacja z adresem pocztowym, pe\u0142n\u0105 nazw\u0105 instytucji, adresem elektronicznym. (Times New Roman, 12, wyjustowana do lewego marginesu)<\/p>\n\n\n\n<p><strong>Streszczenie<\/strong>&nbsp;po polsku i po angielsku (100-200 wyraz\u00f3w), s\u0142owa kluczowe po polsku i po angielsku (3-8); (Times New Roman, 10, wyjustowane).<\/p>\n\n\n\n<p><strong>Wprowadzenie (Wst\u0119p)<\/strong>&nbsp;(Times New Roman, 12, wyjustowany do lewego marginesu).<\/p>\n\n\n\n<p><strong>Materia\u0142 i metody, Wyniki, Dyskusja, Podsumowanie\/Wnioski, Literatura<\/strong>&nbsp;(wy\u015brodkowane)<\/p>\n\n\n\n<p>Klasyczny podzia\u0142 artyku\u0142u naukowego mo\u017ce by\u0107 pomini\u0119ty w przypadku publikacji przegl\u0105dowej.<\/p>\n\n\n\n<p><strong>Przypisy<\/strong><\/p>\n\n\n\n<p>Powo\u0142anie w tek\u015bcie na literatur\u0119 niezb\u0119dne w przypadku odwo\u0142ywania si\u0119 do informacji pochodz\u0105cych z obcych \u017ar\u00f3de\u0142, realizuje si\u0119 podaj\u0105c numer pozycji bibliografii w&nbsp;nawiasach kwadratowych, np. [1].<\/p>\n\n\n\n<p><strong>Wymogi dotycz\u0105ce formatowania tablic, rysunk\u00f3w i wykres\u00f3w<\/strong><\/p>\n\n\n\n<p>Numeracja arabska, np. Tabela 1, Wykres 1, Rysunek 1. Opis tablic powinien si\u0119 znajdowa\u0107 powy\u017cej, za\u015b rysunk\u00f3w i wykres\u00f3w poni\u017cej obiektu. Tytu\u0142y Tabel, Wykres\u00f3w i Rysunk\u00f3w nale\u017cy poda\u0107 w j\u0119zyku polskim i angielskim. Czcionka Times New Roman 11, wyr\u00f3wnanie do lewej kraw\u0119dzi. Zawarto\u015b\u0107 Tabel, Wykres\u00f3w i Rysunk\u00f3w czcionka Times New Roman 10.<\/p>\n\n\n\n<p><strong>Wymogi dotycz\u0105ce bibliografii<\/strong><\/p>\n\n\n\n<p>Spis pozycji literaturowych powinien by\u0107 wykonany czcionk\u0105 Times New Roman, 11, wyr\u00f3wnanie do obu kraw\u0119dzi. Ka\u017cda pozycja powinna zawiera\u0107 nazwiska autor\u00f3w, tytu\u0142, wydawnictwo, miejsce i rok wydania lub nazw\u0119 czasopisma, rocznik, numer oraz numery stron.<br>W przypadku kilku pozycji tego samego autorstwa wydanych w tym samym roku, cyfry nale\u017cy uzupe\u0142nia\u0107 kolejnymi literami alfabetu. W razie trzech lub wi\u0119kszej liczby nazwisk autor\u00f3w publikacji nale\u017cy wymieni\u0107 pierwszego autora z dopiskiem \u201ei wsp.\u201d. Gdy autor\u00f3w jest dw\u00f3ch wymienia si\u0119 oba nazwiska po\u0142\u0105czone sp\u00f3jnikiem \u201ei\u201d.<\/p>\n\n\n\n<p>Literatura powinna by\u0107 podawana zgodnie z uk\u0142adem:<\/p>\n\n\n\n<ol class=\"wp-block-list\">\n<li>Pozycje ksi\u0105\u017ckowe \u2013 nazwisko i inicja\u0142y imion autora, tytu\u0142 pracy, wydawnictwo, miejsce<br>i rok wydania, np.:<\/li>\n<\/ol>\n\n\n\n<p>Pi\u0142atowska M., Modelowanie niestacjonarnych proces\u00f3w ekonomicznych. Studium metodologiczne, Wydawnictwo UMK, Toru\u0144 2002.<\/p>\n\n\n\n<ol class=\"wp-block-list\" start=\"2\">\n<li>Rozdzia\u0142y ksi\u0105\u017cek \u2013 nazwisko i inicja\u0142y imion autora, tytu\u0142 rozdzia\u0142u, [w:] tytu\u0142 pracy, (red.)inicja\u0142y imion i nazwisko redaktora naukowego, wydawnictwo, miejsce i rok wydania, np.:<\/li>\n<\/ol>\n\n\n\n<p>Mizon G.E., Progressive Modelling of Macroeconomic Time series: the LSE Methodology, [w:] Macroeconomics: Developments, Tensions and Prospects, (red.)&nbsp;K.D. Hoover, Kluver Academic Press, Dordrecht 2006.<\/p>\n\n\n\n<ol class=\"wp-block-list\" start=\"3\">\n<li>Artyku\u0142y w czasopismach \u2013 nazwisko i inicja\u0142y imion autora., tytu\u0142 artyku\u0142u, tytu\u0142 czasopisma, rok publikacji, tom i pe\u0142ny zakres stron, np.:<\/li>\n<\/ol>\n\n\n\n<p>Wiktorowska-Owczarek A., Przeciwutleniaj\u0105ce w\u0142a\u015bciwo\u015bci pomidora (Lycopersicum esculentum L.), Post\u0119py Fitoterapii, 2013, 3, s. 195-199.<\/p>\n\n\n\n<ol class=\"wp-block-list\" start=\"4\">\n<li>Strony internetowe \u2013 nazwisko i inicja\u0142y imion autora, tytu\u0142 pracy, rok wydania, np:<\/li>\n<\/ol>\n\n\n\n<p>R\u00f3\u017ca\u0144ski H., Taraxacum \u2013 mniszek w fitoterapii w \u015bwietle wsp\u00f3\u0142czesnych bada\u0144; mniszek a nowotwory i wirusy \u2013 czy\u017cby sprzyja\u0142?!, 2009,&nbsp;<a href=\"http:\/\/rozanski.li\/?p=385\">http:\/\/rozanski.li\/?p=3<\/a><a href=\"http:\/\/rozanski.li\/?p=385\">85<\/a>&nbsp;(stan na dzie\u0144 6 marca)<\/p>\n\n\n\n<p>Pozycje zawarte w wykazie literatury powinny by\u0107 uporz\u0105dkowane wed\u0142ug kolejno\u015bci powo\u0142a\u0144 w tek\u015bcie.<\/p>\n\n\n\n<p><strong>U<\/strong><strong>wagi dodatkowe !<\/strong><\/p>\n\n\n\n<p>Symbole matematyczne, litery greckie i znaki obcoj\u0119zyczne nale\u017cy wstawia\u0107 wy\u0142\u0105cznie w zgodzie z tablic\u0105 font\u00f3w Unicode.<\/p>\n\n\n\n<p>W przypadku konieczno\u015bci umieszczenia tekstu pisanego alfabetami innymi od \u0142aci\u0144skiego (cyrylica, arabski, hebrajski) nale\u017cy u\u017cywa\u0107 font\u00f3w Unicode.<\/p>\n\n\n\n<p>Skr\u00f3ty nale\u017cy zawsze obja\u015bni\u0107 przy pierwszym wyst\u0105pieniu terminu skracanego w tek\u015bcie (dotyczy to r\u00f3wnie\u017c streszczenia). Poza wyj\u0105tkowymi sytuacjami nie nale\u017cy u\u017cywa\u0107 skr\u00f3t\u00f3w w tytule pracy.<\/p>\n\n\n\n<p>Indeksy g\u00f3rne i dolne powinny by\u0107 tak sformatowane, aby by\u0142y poprawnie widoczne (m<sup>2<\/sup>&nbsp;, H<sub>2<\/sub>SO<sub>4<\/sub>).<\/p>\n\n\n\n<p>Nie nale\u017cy stosowa\u0107 algorytmu dzielenia wyraz\u00f3w (wskazanie wy\u0142\u0105czenie tej funkcji).<\/p>\n\n\n\n<p>Nale\u017cy stosowa\u0107 jednolity spos\u00f3b zapisu dat, np. 17.01.2010, lub 17 stycznia 2010 r.<\/p>\n\n\n\n<p>Znaki interpunkcyjne nale\u017cy stawia\u0107 bezpo\u015brednio po ostatniej literze\/cyfrze; po znaku interpunkcyjnym nale\u017cy zastosowa\u0107 spacj\u0119 (prawid\u0142owo: abc, bca).<\/p>\n\n\n\n<p>Nale\u017cy stosowa\u0107 cudzys\u0142owy apostrofowe: dolny-g\u00f3rny, bez spacji miedzy cudzys\u0142owem a tekstem (prawid\u0142owo: \u201eabc\u201d).<\/p>\n\n\n\n<p><strong>P<\/strong><strong>rawa autorskie<\/strong><\/p>\n\n\n\n<p>Warunkiem opublikowania artyku\u0142u jest przekazanie redakcji pisemnego o\u015bwiadczenia (O\u015bwiadczenie o Przekazaniu Praw Autorskich) o posiadaniu przez autora\/autor\u00f3w pe\u0142ni praw autorskich do tekstu, tabel oraz rysunk\u00f3w zawartych w artykule. Autorzy s\u0105 zobowi\u0105zani do wcze\u015bniejszego uzyskania pisemnego zezwolenia na wykorzystanie w artykule wszelkich materia\u0142\u00f3w chronionych prawem autorskim. Maj\u0105c na uwadze prawdziwo\u015b\u0107 publikowanych danych o wk\u0142adzie autorskim w powstanie artyku\u0142\u00f3w oraz by unikn\u0105\u0107 zjawisk ghostwriting i guest autorirship autorzy s\u0105 zobowi\u0105zani, zgodnie z wytycznymi MNiSW do wykazywania os\u00f3b trzecich w procesie powstania artyku\u0142u oraz ujawnienia wk\u0142adu poszczeg\u00f3lnych os\u00f3b przez podawanie procentowego udzia\u0142u. W przypadku stwierdzenia zjawisk ghostwriting i guest autorship Redakcja b\u0119dzie informowa\u0142a o tym fakcie jednostk\u0119 naukow\u0105 zatrudniaj\u0105c\u0105 autora, stowarzyszenia, kt\u00f3rych jest cz\u0142onkiem oraz inne o\u015brodki naukowe i redakcje czasopism.<\/p>\n\n\n\n<p>1) Ghostwriting ma miejsce wtedy, gdy wk\u0142ad w powstanie artyku\u0142u wnios\u0142a osoba niewymieniona w wykazie autor\u00f3w lub w podzi\u0119kowaniach.<\/p>\n\n\n\n<p>2) Guest autorship zachodzi wtedy, gdy artyku\u0142 powsta\u0142 bez udzia\u0142u osoby wymienionej w wykazie autor\u00f3w lub wnios\u0142a ona znikomy wk\u0142ad w powstanie danej publikacji.<\/p>\n","protected":false},"excerpt":{"rendered":"<p>Przes\u0142ane teksty podlegaj\u0105 recenzjom naukowym. Ocena recenzenta stanowi podstaw\u0119 decyzji o przyj\u0119ciu tekstu do publikacji. W zwi\u0105zku z tym, prace musz\u0105 spe\u0142nia\u0107 wymogi stawiane pracom nowym Redaktor zastrzega sobie prawo dokonania poprawek i odes\u0142ania ich do akceptacji autorom. Artyku\u0142y nale\u017cy przes\u0142a\u0107 elektronicznie na adres redakcji herbalism@pans.krosno.pl Tekst artyku\u0142u (do 12 [\u2026] <\/p>\n<div class=\"clear\"><\/div>\n<p><a class=\"more_link clearfix\" href=\"https:\/\/pans.krosno.pl\/herbalism\/instrukcje-dla-autorow\/\" rel=\"nofollow\">Read More<\/a><\/p>\n","protected":false},"author":27,"featured_media":0,"parent":0,"menu_order":0,"comment_status":"closed","ping_status":"closed","template":"","meta":{"ngg_post_thumbnail":0,"footnotes":""},"class_list":["post-24","page","type-page","status-publish","hentry"],"yoast_head":"<!-- This site is optimized with the Yoast SEO Premium plugin v27.4 (Yoast SEO v27.4) - https:\/\/yoast.com\/product\/yoast-seo-premium-wordpress\/ -->\n<title>Instrukcje dla autor\u00f3w - Herbalism PANS w Kro\u015bnie<\/title>\n<meta name=\"robots\" content=\"index, follow, max-snippet:-1, max-image-preview:large, max-video-preview:-1\" \/>\n<link rel=\"canonical\" href=\"https:\/\/pans.krosno.pl\/herbalism\/instrukcje-dla-autorow\/\" \/>\n<meta property=\"og:locale\" content=\"pl_PL\" \/>\n<meta property=\"og:type\" content=\"article\" \/>\n<meta property=\"og:title\" content=\"Instrukcje dla autor\u00f3w\" \/>\n<meta property=\"og:description\" content=\"Przes\u0142ane teksty podlegaj\u0105 recenzjom naukowym. Ocena recenzenta stanowi podstaw\u0119 decyzji o przyj\u0119ciu tekstu do publikacji. W zwi\u0105zku z tym, prace musz\u0105 spe\u0142nia\u0107 wymogi stawiane pracom nowym Redaktor zastrzega sobie prawo dokonania poprawek i odes\u0142ania ich do akceptacji autorom. Artyku\u0142y nale\u017cy przes\u0142a\u0107 elektronicznie na adres redakcji herbalism@pans.krosno.pl Tekst artyku\u0142u (do 12 [\u2026] Read More\" \/>\n<meta property=\"og:url\" content=\"https:\/\/pans.krosno.pl\/herbalism\/instrukcje-dla-autorow\/\" \/>\n<meta property=\"og:site_name\" content=\"Herbalism PANS w Kro\u015bnie\" \/>\n<meta property=\"article:modified_time\" content=\"2023-01-24T11:05:17+00:00\" \/>\n<meta name=\"twitter:card\" content=\"summary_large_image\" \/>\n<meta name=\"twitter:label1\" content=\"Szacowany czas czytania\" \/>\n\t<meta name=\"twitter:data1\" content=\"6 minut\" \/>\n<script type=\"application\/ld+json\" class=\"yoast-schema-graph\">{\"@context\":\"https:\\\/\\\/schema.org\",\"@graph\":[{\"@type\":\"WebPage\",\"@id\":\"https:\\\/\\\/pans.krosno.pl\\\/herbalism\\\/instrukcje-dla-autorow\\\/\",\"url\":\"https:\\\/\\\/pans.krosno.pl\\\/herbalism\\\/instrukcje-dla-autorow\\\/\",\"name\":\"Instrukcje dla autor\u00f3w - Herbalism PANS w Kro\u015bnie\",\"isPartOf\":{\"@id\":\"https:\\\/\\\/pans.krosno.pl\\\/herbalism\\\/#website\"},\"datePublished\":\"2021-03-22T07:50:28+00:00\",\"dateModified\":\"2023-01-24T11:05:17+00:00\",\"breadcrumb\":{\"@id\":\"https:\\\/\\\/pans.krosno.pl\\\/herbalism\\\/instrukcje-dla-autorow\\\/#breadcrumb\"},\"inLanguage\":\"pl-PL\",\"potentialAction\":[{\"@type\":\"ReadAction\",\"target\":[\"https:\\\/\\\/pans.krosno.pl\\\/herbalism\\\/instrukcje-dla-autorow\\\/\"]}]},{\"@type\":\"BreadcrumbList\",\"@id\":\"https:\\\/\\\/pans.krosno.pl\\\/herbalism\\\/instrukcje-dla-autorow\\\/#breadcrumb\",\"itemListElement\":[{\"@type\":\"ListItem\",\"position\":1,\"name\":\"Strona g\u0142\u00f3wna\",\"item\":\"https:\\\/\\\/pans.krosno.pl\\\/herbalism\\\/\"},{\"@type\":\"ListItem\",\"position\":2,\"name\":\"Instrukcje dla autor\u00f3w\"}]},{\"@type\":\"WebSite\",\"@id\":\"https:\\\/\\\/pans.krosno.pl\\\/herbalism\\\/#website\",\"url\":\"https:\\\/\\\/pans.krosno.pl\\\/herbalism\\\/\",\"name\":\"Herbalism\",\"description\":\"Herbalism PANS w Kro\u015bnie\",\"publisher\":{\"@id\":\"https:\\\/\\\/pans.krosno.pl\\\/herbalism\\\/#organization\"},\"potentialAction\":[{\"@type\":\"SearchAction\",\"target\":{\"@type\":\"EntryPoint\",\"urlTemplate\":\"https:\\\/\\\/pans.krosno.pl\\\/herbalism\\\/?s={search_term_string}\"},\"query-input\":{\"@type\":\"PropertyValueSpecification\",\"valueRequired\":true,\"valueName\":\"search_term_string\"}}],\"inLanguage\":\"pl-PL\"},{\"@type\":\"Organization\",\"@id\":\"https:\\\/\\\/pans.krosno.pl\\\/herbalism\\\/#organization\",\"name\":\"Herbalism\",\"url\":\"https:\\\/\\\/pans.krosno.pl\\\/herbalism\\\/\",\"logo\":{\"@type\":\"ImageObject\",\"inLanguage\":\"pl-PL\",\"@id\":\"https:\\\/\\\/pans.krosno.pl\\\/herbalism\\\/#\\\/schema\\\/logo\\\/image\\\/\",\"url\":\"\",\"contentUrl\":\"\",\"caption\":\"Herbalism\"},\"image\":{\"@id\":\"https:\\\/\\\/pans.krosno.pl\\\/herbalism\\\/#\\\/schema\\\/logo\\\/image\\\/\"}}]}<\/script>\n<!-- \/ Yoast SEO Premium plugin. -->","yoast_head_json":{"title":"Instrukcje dla autor\u00f3w - Herbalism PANS w Kro\u015bnie","robots":{"index":"index","follow":"follow","max-snippet":"max-snippet:-1","max-image-preview":"max-image-preview:large","max-video-preview":"max-video-preview:-1"},"canonical":"https:\/\/pans.krosno.pl\/herbalism\/instrukcje-dla-autorow\/","og_locale":"pl_PL","og_type":"article","og_title":"Instrukcje dla autor\u00f3w","og_description":"Przes\u0142ane teksty podlegaj\u0105 recenzjom naukowym. Ocena recenzenta stanowi podstaw\u0119 decyzji o przyj\u0119ciu tekstu do publikacji. W zwi\u0105zku z tym, prace musz\u0105 spe\u0142nia\u0107 wymogi stawiane pracom nowym Redaktor zastrzega sobie prawo dokonania poprawek i odes\u0142ania ich do akceptacji autorom. Artyku\u0142y nale\u017cy przes\u0142a\u0107 elektronicznie na adres redakcji herbalism@pans.krosno.pl Tekst artyku\u0142u (do 12 [\u2026] Read More","og_url":"https:\/\/pans.krosno.pl\/herbalism\/instrukcje-dla-autorow\/","og_site_name":"Herbalism PANS w Kro\u015bnie","article_modified_time":"2023-01-24T11:05:17+00:00","twitter_card":"summary_large_image","twitter_misc":{"Szacowany czas czytania":"6 minut"},"schema":{"@context":"https:\/\/schema.org","@graph":[{"@type":"WebPage","@id":"https:\/\/pans.krosno.pl\/herbalism\/instrukcje-dla-autorow\/","url":"https:\/\/pans.krosno.pl\/herbalism\/instrukcje-dla-autorow\/","name":"Instrukcje dla autor\u00f3w - Herbalism PANS w Kro\u015bnie","isPartOf":{"@id":"https:\/\/pans.krosno.pl\/herbalism\/#website"},"datePublished":"2021-03-22T07:50:28+00:00","dateModified":"2023-01-24T11:05:17+00:00","breadcrumb":{"@id":"https:\/\/pans.krosno.pl\/herbalism\/instrukcje-dla-autorow\/#breadcrumb"},"inLanguage":"pl-PL","potentialAction":[{"@type":"ReadAction","target":["https:\/\/pans.krosno.pl\/herbalism\/instrukcje-dla-autorow\/"]}]},{"@type":"BreadcrumbList","@id":"https:\/\/pans.krosno.pl\/herbalism\/instrukcje-dla-autorow\/#breadcrumb","itemListElement":[{"@type":"ListItem","position":1,"name":"Strona g\u0142\u00f3wna","item":"https:\/\/pans.krosno.pl\/herbalism\/"},{"@type":"ListItem","position":2,"name":"Instrukcje dla autor\u00f3w"}]},{"@type":"WebSite","@id":"https:\/\/pans.krosno.pl\/herbalism\/#website","url":"https:\/\/pans.krosno.pl\/herbalism\/","name":"Herbalism","description":"Herbalism PANS w Kro\u015bnie","publisher":{"@id":"https:\/\/pans.krosno.pl\/herbalism\/#organization"},"potentialAction":[{"@type":"SearchAction","target":{"@type":"EntryPoint","urlTemplate":"https:\/\/pans.krosno.pl\/herbalism\/?s={search_term_string}"},"query-input":{"@type":"PropertyValueSpecification","valueRequired":true,"valueName":"search_term_string"}}],"inLanguage":"pl-PL"},{"@type":"Organization","@id":"https:\/\/pans.krosno.pl\/herbalism\/#organization","name":"Herbalism","url":"https:\/\/pans.krosno.pl\/herbalism\/","logo":{"@type":"ImageObject","inLanguage":"pl-PL","@id":"https:\/\/pans.krosno.pl\/herbalism\/#\/schema\/logo\/image\/","url":"","contentUrl":"","caption":"Herbalism"},"image":{"@id":"https:\/\/pans.krosno.pl\/herbalism\/#\/schema\/logo\/image\/"}}]}},"_links":{"self":[{"href":"https:\/\/pans.krosno.pl\/herbalism\/wp-json\/wp\/v2\/pages\/24","targetHints":{"allow":["GET"]}}],"collection":[{"href":"https:\/\/pans.krosno.pl\/herbalism\/wp-json\/wp\/v2\/pages"}],"about":[{"href":"https:\/\/pans.krosno.pl\/herbalism\/wp-json\/wp\/v2\/types\/page"}],"author":[{"embeddable":true,"href":"https:\/\/pans.krosno.pl\/herbalism\/wp-json\/wp\/v2\/users\/27"}],"replies":[{"embeddable":true,"href":"https:\/\/pans.krosno.pl\/herbalism\/wp-json\/wp\/v2\/comments?post=24"}],"version-history":[{"count":3,"href":"https:\/\/pans.krosno.pl\/herbalism\/wp-json\/wp\/v2\/pages\/24\/revisions"}],"predecessor-version":[{"id":700,"href":"https:\/\/pans.krosno.pl\/herbalism\/wp-json\/wp\/v2\/pages\/24\/revisions\/700"}],"wp:attachment":[{"href":"https:\/\/pans.krosno.pl\/herbalism\/wp-json\/wp\/v2\/media?parent=24"}],"curies":[{"name":"wp","href":"https:\/\/api.w.org\/{rel}","templated":true}]}}