{"id":23,"date":"2021-03-22T08:50:28","date_gmt":"2021-03-22T07:50:28","guid":{"rendered":"https:\/\/pans.krosno.pl\/herbalism\/?page_id=23"},"modified":"2025-05-06T12:29:35","modified_gmt":"2025-05-06T10:29:35","slug":"recenzenci","status":"publish","type":"page","link":"https:\/\/pans.krosno.pl\/herbalism\/recenzenci\/","title":{"rendered":"Recenzenci"},"content":{"rendered":"\n<p class=\"has-small-font-size\"><strong>Recenzenci 2025<\/strong><br>Prof. dr hab. Honorata Danilcenko (Vytautas Magnus University Academy, Lithuania)<br>Prof. dr hab. Ilona Kaczmarczyk-\u017bebrowska (\u015al\u0105ski Uniwersytet Medyczny w Katowicach)<br>Dr hab. Ireneusz Kapusta (Uniwersytet Rzeszowski)<br>Dr hab. El\u017cbieta Sikora (Politechnika Krakowska)<br>Dr hab. Gra\u017cyna Zawi\u015blak (Uniwersytet Przyrodniczy w Lublinie)<br>Dr hab. in\u017c. Katarzyna Dere\u0144 (Uniwersytet Rzeszowski)<br>Dr hab. in\u017c. Anna Kie\u0142tyka-Dadasiewicz (Uniwersytet Przyrodniczy w Lublinie)<br>Dr hab. in\u017c. Jacek S\u0142upski (Uniwersytet Rolniczy w Krakowie)<br>Dr hab. in\u017c. Renata Tobiasz-Salach (Uniwersytet Rzeszowski)<br>Dr Aneta Bobryk-Mamczarz (PZZ LUBELLA GMW Sp. z o.o., Sp.k.)<br>Dr Natalia Dobros (Warszawski Uniwersytet Medyczny)<br>Dr Pawe\u0142 Siudem (Warszawski Uniwersytet Medyczny)<br>Dr Katarzyna Zawada (Warszawski Uniwersytet Medyczny)<br>Dr Agnieszka Zieli\u0144ska (Warszawski Uniwersytet Medyczny)<br>Dr in\u017c. Tomasz Cebulak (Uniwersytet Rzeszowski)<br>Dr in\u017c. Joanna Kaszuba (Uniwersytet Rzeszowski)<br>Dr in\u017c. Ma\u0142gorzata Stryjecka (Pa\u0144stwowa Akademia Nauk Stosowanych w Che\u0142mie)<\/p>\n\n\n\n<p class=\"has-small-font-size\"><strong>Recenzenci 2024<\/strong><br>Prof. dr hab. Jadwiga Anio\u0142-Kwiatkowska, Uniwersytet Przyrodniczy we Wroc\u0142awiu<br>Prof. dr hab. Honorata Danilcenko, Vytautas Magnus University Academy (Litwa)<br>Prof. dr hab. Ilona Kaczmarczyk-\u017bebrowska, \u015al\u0105ski Uniwersytet Medyczny w Katowicach<br>Prof. dr hab. Anna Kocira, Pa\u0144stwowa Akademia Nauk Stosowanych w Che\u0142mie<br>Prof. dr hab. in\u017c. Antoni Szumny, Uniwersytet Przyrodniczy we Wroc\u0142awiu<br>Dr hab. Ireneusz Kapusta, Uniwersytet Rzeszowski<br>Dr in\u017c. Joanna Kaszuba, Uniwersytet Rzeszowski<br>Dr hab. in\u017c. Anna Kie\u0142tyka-Dadasiewicz, Uniwersytet Przyrodniczy w Lublinie<br>Dr hab. Beata Kr\u00f3l, Uniwersytet Przyrodniczy w Lublinie<br>Dr hab. Danuta Leszczy\u0144ska, Instytut Uprawy Nawo\u017cenia i Gleboznawstwa \u2013 Pa\u0144stwowy Instytut Badawczy w Pu\u0142awach<br>Dr hab. Maciej Oziemb\u0142owski, Uniwersytet Przyrodniczy we Wroc\u0142awiu<br>Dr hab. El\u017cbieta Sikora, Politechnika Krakowska<br>Dr hab. Gra\u017cyna Zawi\u015blak, Uniwersytet Przyrodniczy w Lublinie<br>Dr Pawe\u0142 Siudem, Warszawski Uniwersytet Medyczny<br>Dr hab. in\u017c. Jacek S\u0142upski, Uniwersytet Rolniczy w Krakowie<br>Dr in\u017c. Ma\u0142gorzata Stryjecka, Pa\u0144stwowa Akademia Nauk Stosowanych w Che\u0142mie<br>Dr n. wet. Miros\u0142aw Welz, Wojew\u00f3dzki Inspektorat Weterynarii w Kro\u015bnie<br>Dr\u00a0in\u017c.\u00a0Anna\u00a0Augusty\u0144ska\u00a0&#8211;\u00a0Prajsnar,\u00a0\u00a0Uniwersytet\u00a0Rzeszowski<br>Dr Aneta Bobryk-Mamczarz, PZZ LUBELLA GMW sp. z o.o., Sp.k.<br>Dr\u00a0Katarzyna\u00a0Zawada, Warszawski\u00a0Uniwersytet\u00a0Medyczny<br>Dr\u00a0Agnieszka\u00a0Zieli\u0144ska, Warszawski\u00a0Uniwersytet\u00a0Medyczny<\/p>\n\n\n\n<p class=\"has-small-font-size\"><strong>Recenzenci 2023<\/strong><br>Prof. dr hab. Jadwiga Anio\u0142-Kwiatkowska, Uniwersytet Przyrodniczy we Wroc\u0142awiu<br>Dr in\u017c. Tomasz Cebulak \u2013 Uniwersytet Rzeszowski<br>Prof. dr hab. Honorata Danilcenko \u2013 Vytautas Magnus University Academy (Litwa)<br>Prof. dr hab. Ilona Kaczmarczyk-\u017bebrowska \u2013 \u015al\u0105ski Uniwersytet Medyczny w Katowicach<br>Dr hab. Ireneusz Kapusta \u2013 Uniwersytet Rzeszowski<br>Dr in\u017c. Joanna Kaszuba \u2013 Uniwersytet Rzeszowski<br>Dr in\u017c. Anna Kie\u0142tyka-Dadasiewicz \u2013 Uniwersytet Przyrodniczy w Lublinie<br>Dr hab. El\u017cbieta Kondratowicz-Pietruszka, Uniwersytet Ekonomiczny w Krakowie<br>Dr hab. Beata Kr\u00f3l \u2013 Uniwersytet Przyrodniczy w Lublinie<br>Dr hab. Maciej Oziemb\u0142owski, Uniwersytet Przyrodniczy we Wroc\u0142awiu<br>Dr Pawe\u0142 Siudem, Warszawski Uniwersytet Medyczny<br>Dr hab. in\u017c. Jacek S\u0142upski \u2013 Uniwersytet Rolniczy w Krakowie<br>Dr in\u017c. Ma\u0142gorzata Stryjecka \u2013 Pa\u0144stwowa Akademia Nauk Stosowanych w Che\u0142mie<br>Prof. dr hab. in\u017c. Antoni Szumny \u2013 Uniwersytet Przyrodniczy we Wroc\u0142awiu<br>Dr n. wet. Miros\u0142aw Welz, Wojew\u00f3dzki Inspektorat Weterynarii w Kro\u015bnie<br>Dr hab. Gra\u017cyna Zawi\u015blak, Uniwersytet Przyrodniczy w Lublinie<br>Dr hab.  Anna Kociara (Pa\u0144stwowa Akademia Nauk Stosowanych w Che\u0142mie)<br>Dr hab. Aneta Bobryk-Mamczarz, PZZ LUBELLA GMW sp. z o.o., Sp.k.<br>Dr hab. El\u017cbieta Sikora (Politechnika Krakowska)<\/p>\n\n\n\n<p class=\"has-small-font-size\"><strong>Recenzenci 2022<\/strong><br>Prof. dr hab. Jadwiga Anio\u0142-Kwiatkowska, Uniwersytet Przyrodniczy we Wroc\u0142awiu<br>Dr in\u017c. Tomasz Cebulak \u2013 Uniwersytet Rzeszowski<br>Prof. dr hab. Honorata Danilcenko \u2013 Vytautas Magnus University Academy (Litwa)<br>Prof. dr hab. Ilona Kaczmarczyk-\u017bebrowska \u2013 \u015al\u0105ski Uniwersytet Medyczny w Katowicach<br>Dr hab. Ireneusz Kapusta \u2013 Uniwersytet Rzeszowski<br>Dr in\u017c. Joanna Kaszuba \u2013 Uniwersytet Rzeszowski<br>Dr in\u017c. Anna Kie\u0142tyka-Dadasiewicz \u2013 Uniwersytet Przyrodniczy w Lublinie<br>Dr hab. El\u017cbieta Kondratowicz-Pietruszka, Uniwersytet Ekonomiczny w Krakowie<br>Dr hab. Beata Kr\u00f3l \u2013 Uniwersytet Przyrodniczy w Lublinie<br>Dr hab. Maciej Oziemb\u0142owski, Uniwersytet Przyrodniczy we Wroc\u0142awiu<br>Dr Pawe\u0142 Siudem, Warszawski Uniwersytet Medyczny<br>Dr hab. in\u017c. Jacek S\u0142upski \u2013 Uniwersytet Rolniczy w Krakowie<br>Dr in\u017c. Ma\u0142gorzata Stryjecka \u2013 Pa\u0144stwowa Akademia Nauk Stosowanych w Che\u0142mie<br>Prof. dr hab. in\u017c. Antoni Szumny \u2013 Uniwersytet Przyrodniczy we Wroc\u0142awiu<br>Dr hab. Piotr Walig\u00f3rski, Instytut Fizjologii Ro\u015blin im. Franciszka G\u00f3rskiego, Polska Akademia Nauk w Krakowie<br>Dr n. wet. Miros\u0142aw Welz, Wojew\u00f3dzki Inspektorat Weterynarii w Kro\u015bnie<br>Dr hab. Gra\u017cyna Zawi\u015blak, Uniwersytet Przyrodniczy w Lublinie<\/p>\n\n\n\n<p class=\"has-small-font-size\"><strong>Recenzenci 2021<\/strong><br>Dr in\u017c. Tomasz Cebulak &#8211; Uniwersytet Rzeszowski<br>Prof. dr hab. Honorata Danilcenko \u2013 Vytautas Magnus University Academy (Litwa)<br>Dr Renata Dziubaszewska &#8211; Karpacka Pa\u0144stwowa Uczelnia w Kro\u015bnie<br>Dr in\u017c. Ma\u0142gorzata A. Jarossova &#8211; University of Economics in Bratislava (S\u0142owacja)<br>Prof. dr hab. Ilona Kaczmarczyk-Sedlak &#8211; \u015al\u0105ski Uniwersytet Medyczny w Katowicach<br>Dr hab. Ireneusz Kapusta, Uniwersytet Rzeszowski<br>Dr in\u017c. Joanna Kaszuba, Uniwersytet Rzeszowski<br>Dr in\u017c. Anna Kie\u0142tyka-Dadasiewicz \u2013 Uniwersytet Przyrodniczy w Lublinie<br>Dr hab. Beata Kr\u00f3l &#8211; Uniwersytet Przyrodniczy w Lublinie<br>Dr hab. Iwona Mystkowska &#8211; Pa\u0144stwowa Wy\u017csza Szko\u0142a im. Jana Paw\u0142a II w Bia\u0142ej Podlaskiej<br>Dr hab. Sylwia Nowak &#8211; Uniwersytet Opolski <br>Dr hab. El\u017cbieta Sikora &#8211; Politechnika Krakowska<br>Dr hab. in\u017c. Jacek S\u0142upski &#8211; Uniwersytet Rolniczy w Krakowie <br>Dr in\u017c. Ma\u0142gorzata Stryjecka \u2013 Pa\u0144stwowa Wy\u017csza Szko\u0142a Zawodowa w Che\u0142mie<br>Prof. dr hab. in\u017c. Antoni Szumny &#8211; Uniwersytet Przyrodniczy we Wroc\u0142awiu <br>Dr hab. Stanis\u0142aw Witkowski &#8211; Uniwersytet w Bia\u0142ymstoku <br>Doc. Motuzka Yuliya &#8211; Kijowski Narodowy Uniwersytet Handlu i Ekonomii (Ukraina)<\/p>\n\n\n\n<p class=\"has-small-font-size\"><strong>Recenzenci 2020<\/strong><br>Dr hab. in\u017c. Emilia Berna\u015b &#8211; Uniwersytet Rolniczy w Krakowie <br>Dr in\u017c. Anna Kie\u0142tyka-Dadasiewicz \u2013 Uniwersytet Przyrodniczy w Lublinie<br>Prof. dr hab. Honorata Danilcenko \u2013 Vytautas Magnus University Academy (Litwa)<br>Prof. dr hab. Wolodymyr Lychoczwor \u2013&nbsp;&nbsp;Lwowski Pa\u0144stwowy Uniwersytet Rolniczy (Ukraina) <br>Dr hab.  Magdalena Makarska-Bia\u0142okoz &#8211; Wy\u017csza Szko\u0142a Spo\u0142eczno-Przyrodnicza im. W. Pola w Lublinie<br>Dr hab. Sylwia Nowak &#8211; Uniwersytet Opolski <br>Dr hab. in\u017c. Jacek S\u0142upski &#8211; Uniwersytet Rolniczy w Krakowie <br>Prof. ndzw. dr hab. in\u017c. Antoni Szumny &#8211; Uniwersytet Przyrodniczy we Wroc\u0142awiu <br>Dr hab. Stanis\u0142aw Witkowski &#8211; Uniwersytet w Bia\u0142ymstoku <br>Dr Krzysztof Spa\u0142ek &#8211; Uniwersytet Opolski <br>Dr hab. S\u0142awomir Sok\u00f3\u0142 &#8211; Uniwersytet Opolski <br>Dr in\u017c. Ma\u0142gorzata Stryjecka \u2013 Pa\u0144stwowa Wy\u017csza Szko\u0142a Zawodowa w Che\u0142mie<br>Doc. Motuzka Yuliya &#8211; Kijowski Narodowy Uniwersytet Handlu i Ekonomii (Ukraina) <br>Dr Katarzyna Zawada &#8211; Uniwersytet Medyczny w Warszawie<br>Dr Agnieszka Zieli\u0144ska &#8211;  Uniwersytet Medyczny w Warszawie <\/p>\n\n\n\n<p class=\"has-small-font-size\"><strong>Recenzenci 2019<\/strong><\/p>\n\n\n\n<p class=\"has-small-font-size\">Prof. dr hab. Honorata Danilcenko \u2013 Litewski Uniwersytet Rolniczy w Kownie (Litwa)<br>Prof. dr hab. Wolodymyr Lychoczwor \u2013&nbsp;&nbsp;Lwowski Pa\u0144stwowy Uniwersytet Rolniczy (Ukraina)<br>Dr hab. in\u017c. Emilia Berna\u015b &#8211; Uniwersytet Rolniczy w Krakowie<br>Dr hab. Sylwia Nowak &#8211; Uniwersytet Opolski<br>Dr hab. in\u017c. Jacek S\u0142upski &#8211; Uniwersytet Rolniczy w Krakowie<br>Dr Krzysztof Spa\u0142ek &#8211; Uniwersytet Opolski<br>Dr hab. S\u0142awomir Sok\u00f3\u0142 &#8211; Uniwersytet Opolski<br>Dr hab. Adam Stebel \u2013 \u015al\u0105ski Uniwersytet Medyczny w Katowicach<br>Prof. ndzw. dr hab. in\u017c. Antoni Szumny &#8211; Uniwersytet Przyrodniczy we Wroc\u0142awiu<br>Dr hab. Stanis\u0142aw Witkowski &#8211; Uniwersytet w Bia\u0142ymstoku<br>Doc. Motuzka Yuliya &#8211; Kijowski Narodowy Uniwersytet Handlu i Ekonomii (Ukraina)<\/p>\n\n\n\n<h3 class=\"wp-block-heading has-small-font-size\" id=\"h-recenzenci-2018\">Recenzenci 2018<\/h3>\n\n\n\n<p class=\"has-small-font-size\">Prof. dr hab. Honorata Danilcenko \u2013 Litewski Uniwersytet Rolniczy w Kownie (Litwa)<br>Prof. dr hab. Wolodymyr Lychoczwor \u2013&nbsp;&nbsp;Lwowski Pa\u0144stwowy Uniwersytet Rolniczy (Ukraina)<br>Dr hab. Sylwia Nowak &#8211; Uniwersytet Opolski<br>Dr hab. in\u017c. Jacek S\u0142upski &#8211; Uniwersytet Rolniczy w Krakowie<br>Dr Krzysztof Spa\u0142ek &#8211; Uniwersytet Opolski<br>Dr hab. S\u0142awomir Sok\u00f3\u0142 &#8211; Uniwersytet Opolski<br>Dr hab. Adam Stebel \u2013 \u015al\u0105ski Uniwersytet Medyczny w Katowicach<br>Prof. ndzw. dr hab. in\u017c. Antoni Szumny &#8211; Uniwersytet Przyrodniczy we Wroc\u0142awiu<br>Dr hab. Stanis\u0142aw Witkowski &#8211; Uniwersytet w Bia\u0142ymstoku<br>Doc. Motuzka Yuliya &#8211; Kijowski Narodowy Uniwersytet Handlu i Ekonomii (Ukraina)<\/p>\n\n\n\n<h3 class=\"wp-block-heading has-small-font-size\" id=\"h-recenzenci-2017-prof-dr-hab-honorata-danilcenko-litewski-uniwersytet-rolniczy-w-kownie-litwa-prof-dr-hab-wolodymyr-lychoczwor-nbsp-nbsp-lwowski-panstwowy-uniwersytet-rolniczy-ukraina-dr-hab-sylwia-nowak-uniwersytet-opolski-dr-hab-inz-jacek-slupski-uniwersytet-rolniczy-w-krakowie-dr-hab-adam-stebel-slaski-uniwersytet-medyczny-w-katowicach-prof-ndzw-dr-hab-inz-antoni-szumny-uniwersytet-przyrodniczy-we-wroclawiu-dr-hab-stanislaw-witkowski-uniwersytet-w-bialymstoku\">Recenzenci 2017<br><strong>Prof. dr hab. Honorata Danilcenko \u2013 Litewski Uniwersytet Rolniczy w Kownie (Litwa)<br>Prof. dr hab. Wolodymyr Lychoczwor \u2013&nbsp;&nbsp;Lwowski Pa\u0144stwowy Uniwersytet Rolniczy (Ukraina)<br>Dr hab. Sylwia Nowak &#8211; Uniwersytet Opolski<br>Dr hab. in\u017c. Jacek S\u0142upski &#8211; Uniwersytet Rolniczy w Krakowie<br>Dr hab. Adam Stebel \u2013 \u015al\u0105ski Uniwersytet Medyczny w Katowicach<br>Prof. ndzw. dr hab. in\u017c. Antoni Szumny &#8211; Uniwersytet Przyrodniczy we Wroc\u0142awiu<br>Dr hab. Stanis\u0142aw Witkowski &#8211; Uniwersytet w Bia\u0142ymstoku<\/strong><\/h3>\n\n\n\n<h3 class=\"wp-block-heading has-small-font-size\" id=\"h-recenzenci-2016-prof-dr-hab-honorata-danilcenko-litewski-uniwersytet-rolniczy-w-kownie-litwa-prof-ndzw-dr-hab-elzbieta-kondratowicz-pietruszka-uniwersytet-ekonomiczny-w-krakowie-prof-dr-hab-wolodymyr-lychoczwor-nbsp-nbsp-lwowski-panstwowy-uniwersytet-rolniczy-ukraina-dr-hab-n-biol-adam-stebel-slaski-uniwersytet-medyczny-w-katowicach-prof-ndzw-dr-hab-inz-antoni-szumny-uniwersytet-przyrodniczy-we-wroclawiu-prof-dr-hab-iwona-wawer-warszawski-uniwersytet-medyczny\">Recenzenci 2016<br><strong>Prof. dr hab. Honorata Danilcenko \u2013 Litewski Uniwersytet Rolniczy w Kownie (Litwa)<br>Prof. ndzw.dr hab. El\u017cbieta Kondratowicz-Pietruszka &#8211; Uniwersytet Ekonomiczny w Krakowie<br>Prof. dr hab. Wolodymyr Lychoczwor \u2013&nbsp;&nbsp;Lwowski Pa\u0144stwowy Uniwersytet Rolniczy (Ukraina)<br>Dr hab. n. biol. Adam Stebel \u2013 \u015al\u0105ski Uniwersytet Medyczny w Katowicach<br>Prof. ndzw. dr hab. in\u017c. Antoni Szumny &#8211; Uniwersytet Przyrodniczy we Wroc\u0142awiu<br>Prof. dr hab. Iwona Wawer &#8211; Warszawski Uniwersytet Medyczny<\/strong><\/h3>\n\n\n\n<h3 class=\"wp-block-heading has-small-font-size\" id=\"h-recenzenci-2015-prof-dr-hab-iwona-wawer-warszawski-uniwersytet-medyczny-dr-hab-n-biol-adam-stebel-slaski-uniwersytet-medyczny-w-katowicach-prof-ndzw-dr-hab-inz-antoni-szumny-uniwersytet-przyrodniczy-we-wroclawiu\">Recenzenci 2015<br><strong>Prof. dr hab. Iwona Wawer &#8211; Warszawski Uniwersytet Medyczny<br>Dr hab. n. biol. Adam Stebel \u2013 \u015al\u0105ski Uniwersytet Medyczny w Katowicach<br>Prof. ndzw. dr hab. in\u017c. Antoni Szumny &#8211; Uniwersytet Przyrodniczy we Wroc\u0142awiu<\/strong><\/h3>\n","protected":false},"excerpt":{"rendered":"<p>Recenzenci 2025Prof. dr hab. Honorata Danilcenko (Vytautas Magnus University Academy, Lithuania)Prof. dr hab. Ilona Kaczmarczyk-\u017bebrowska (\u015al\u0105ski Uniwersytet Medyczny w Katowicach)Dr hab. Ireneusz Kapusta (Uniwersytet Rzeszowski)Dr hab. El\u017cbieta Sikora (Politechnika Krakowska)Dr hab. Gra\u017cyna Zawi\u015blak (Uniwersytet Przyrodniczy w Lublinie)Dr hab. in\u017c. Katarzyna Dere\u0144 (Uniwersytet Rzeszowski)Dr hab. in\u017c. Anna Kie\u0142tyka-Dadasiewicz (Uniwersytet Przyrodniczy w [\u2026] <\/p>\n<div class=\"clear\"><\/div>\n<p><a class=\"more_link clearfix\" href=\"https:\/\/pans.krosno.pl\/herbalism\/recenzenci\/\" rel=\"nofollow\">Read More<\/a><\/p>\n","protected":false},"author":27,"featured_media":0,"parent":0,"menu_order":0,"comment_status":"closed","ping_status":"closed","template":"","meta":{"ngg_post_thumbnail":0,"footnotes":""},"class_list":["post-23","page","type-page","status-publish","hentry"],"yoast_head":"<!-- This site is optimized with the Yoast SEO Premium plugin v27.4 (Yoast SEO v27.4) - https:\/\/yoast.com\/product\/yoast-seo-premium-wordpress\/ -->\n<title>Recenzenci - Herbalism PANS w Kro\u015bnie<\/title>\n<meta name=\"robots\" content=\"index, follow, max-snippet:-1, max-image-preview:large, max-video-preview:-1\" \/>\n<link rel=\"canonical\" href=\"https:\/\/pans.krosno.pl\/herbalism\/recenzenci\/\" \/>\n<meta property=\"og:locale\" content=\"pl_PL\" \/>\n<meta property=\"og:type\" content=\"article\" \/>\n<meta property=\"og:title\" content=\"Recenzenci\" \/>\n<meta property=\"og:description\" content=\"Recenzenci 2025Prof. dr hab. Honorata Danilcenko (Vytautas Magnus University Academy, Lithuania)Prof. dr hab. Ilona Kaczmarczyk-\u017bebrowska (\u015al\u0105ski Uniwersytet Medyczny w Katowicach)Dr hab. Ireneusz Kapusta (Uniwersytet Rzeszowski)Dr hab. El\u017cbieta Sikora (Politechnika Krakowska)Dr hab. Gra\u017cyna Zawi\u015blak (Uniwersytet Przyrodniczy w Lublinie)Dr hab. in\u017c. Katarzyna Dere\u0144 (Uniwersytet Rzeszowski)Dr hab. in\u017c. Anna Kie\u0142tyka-Dadasiewicz (Uniwersytet Przyrodniczy w [\u2026] Read More\" \/>\n<meta property=\"og:url\" content=\"https:\/\/pans.krosno.pl\/herbalism\/recenzenci\/\" \/>\n<meta property=\"og:site_name\" content=\"Herbalism PANS w Kro\u015bnie\" \/>\n<meta property=\"article:modified_time\" content=\"2025-05-06T10:29:35+00:00\" \/>\n<meta name=\"twitter:card\" content=\"summary_large_image\" \/>\n<meta name=\"twitter:label1\" content=\"Szacowany czas czytania\" \/>\n\t<meta name=\"twitter:data1\" content=\"8 minut\" \/>\n<script type=\"application\/ld+json\" class=\"yoast-schema-graph\">{\"@context\":\"https:\\\/\\\/schema.org\",\"@graph\":[{\"@type\":\"WebPage\",\"@id\":\"https:\\\/\\\/pans.krosno.pl\\\/herbalism\\\/recenzenci\\\/\",\"url\":\"https:\\\/\\\/pans.krosno.pl\\\/herbalism\\\/recenzenci\\\/\",\"name\":\"Recenzenci - Herbalism PANS w Kro\u015bnie\",\"isPartOf\":{\"@id\":\"https:\\\/\\\/pans.krosno.pl\\\/herbalism\\\/#website\"},\"datePublished\":\"2021-03-22T07:50:28+00:00\",\"dateModified\":\"2025-05-06T10:29:35+00:00\",\"breadcrumb\":{\"@id\":\"https:\\\/\\\/pans.krosno.pl\\\/herbalism\\\/recenzenci\\\/#breadcrumb\"},\"inLanguage\":\"pl-PL\",\"potentialAction\":[{\"@type\":\"ReadAction\",\"target\":[\"https:\\\/\\\/pans.krosno.pl\\\/herbalism\\\/recenzenci\\\/\"]}]},{\"@type\":\"BreadcrumbList\",\"@id\":\"https:\\\/\\\/pans.krosno.pl\\\/herbalism\\\/recenzenci\\\/#breadcrumb\",\"itemListElement\":[{\"@type\":\"ListItem\",\"position\":1,\"name\":\"Strona g\u0142\u00f3wna\",\"item\":\"https:\\\/\\\/pans.krosno.pl\\\/herbalism\\\/\"},{\"@type\":\"ListItem\",\"position\":2,\"name\":\"Recenzenci\"}]},{\"@type\":\"WebSite\",\"@id\":\"https:\\\/\\\/pans.krosno.pl\\\/herbalism\\\/#website\",\"url\":\"https:\\\/\\\/pans.krosno.pl\\\/herbalism\\\/\",\"name\":\"Herbalism\",\"description\":\"Herbalism PANS w Kro\u015bnie\",\"publisher\":{\"@id\":\"https:\\\/\\\/pans.krosno.pl\\\/herbalism\\\/#organization\"},\"potentialAction\":[{\"@type\":\"SearchAction\",\"target\":{\"@type\":\"EntryPoint\",\"urlTemplate\":\"https:\\\/\\\/pans.krosno.pl\\\/herbalism\\\/?s={search_term_string}\"},\"query-input\":{\"@type\":\"PropertyValueSpecification\",\"valueRequired\":true,\"valueName\":\"search_term_string\"}}],\"inLanguage\":\"pl-PL\"},{\"@type\":\"Organization\",\"@id\":\"https:\\\/\\\/pans.krosno.pl\\\/herbalism\\\/#organization\",\"name\":\"Herbalism\",\"url\":\"https:\\\/\\\/pans.krosno.pl\\\/herbalism\\\/\",\"logo\":{\"@type\":\"ImageObject\",\"inLanguage\":\"pl-PL\",\"@id\":\"https:\\\/\\\/pans.krosno.pl\\\/herbalism\\\/#\\\/schema\\\/logo\\\/image\\\/\",\"url\":\"\",\"contentUrl\":\"\",\"caption\":\"Herbalism\"},\"image\":{\"@id\":\"https:\\\/\\\/pans.krosno.pl\\\/herbalism\\\/#\\\/schema\\\/logo\\\/image\\\/\"}}]}<\/script>\n<!-- \/ Yoast SEO Premium plugin. -->","yoast_head_json":{"title":"Recenzenci - Herbalism PANS w Kro\u015bnie","robots":{"index":"index","follow":"follow","max-snippet":"max-snippet:-1","max-image-preview":"max-image-preview:large","max-video-preview":"max-video-preview:-1"},"canonical":"https:\/\/pans.krosno.pl\/herbalism\/recenzenci\/","og_locale":"pl_PL","og_type":"article","og_title":"Recenzenci","og_description":"Recenzenci 2025Prof. dr hab. Honorata Danilcenko (Vytautas Magnus University Academy, Lithuania)Prof. dr hab. Ilona Kaczmarczyk-\u017bebrowska (\u015al\u0105ski Uniwersytet Medyczny w Katowicach)Dr hab. Ireneusz Kapusta (Uniwersytet Rzeszowski)Dr hab. El\u017cbieta Sikora (Politechnika Krakowska)Dr hab. Gra\u017cyna Zawi\u015blak (Uniwersytet Przyrodniczy w Lublinie)Dr hab. in\u017c. Katarzyna Dere\u0144 (Uniwersytet Rzeszowski)Dr hab. in\u017c. Anna Kie\u0142tyka-Dadasiewicz (Uniwersytet Przyrodniczy w [\u2026] Read More","og_url":"https:\/\/pans.krosno.pl\/herbalism\/recenzenci\/","og_site_name":"Herbalism PANS w Kro\u015bnie","article_modified_time":"2025-05-06T10:29:35+00:00","twitter_card":"summary_large_image","twitter_misc":{"Szacowany czas czytania":"8 minut"},"schema":{"@context":"https:\/\/schema.org","@graph":[{"@type":"WebPage","@id":"https:\/\/pans.krosno.pl\/herbalism\/recenzenci\/","url":"https:\/\/pans.krosno.pl\/herbalism\/recenzenci\/","name":"Recenzenci - Herbalism PANS w Kro\u015bnie","isPartOf":{"@id":"https:\/\/pans.krosno.pl\/herbalism\/#website"},"datePublished":"2021-03-22T07:50:28+00:00","dateModified":"2025-05-06T10:29:35+00:00","breadcrumb":{"@id":"https:\/\/pans.krosno.pl\/herbalism\/recenzenci\/#breadcrumb"},"inLanguage":"pl-PL","potentialAction":[{"@type":"ReadAction","target":["https:\/\/pans.krosno.pl\/herbalism\/recenzenci\/"]}]},{"@type":"BreadcrumbList","@id":"https:\/\/pans.krosno.pl\/herbalism\/recenzenci\/#breadcrumb","itemListElement":[{"@type":"ListItem","position":1,"name":"Strona g\u0142\u00f3wna","item":"https:\/\/pans.krosno.pl\/herbalism\/"},{"@type":"ListItem","position":2,"name":"Recenzenci"}]},{"@type":"WebSite","@id":"https:\/\/pans.krosno.pl\/herbalism\/#website","url":"https:\/\/pans.krosno.pl\/herbalism\/","name":"Herbalism","description":"Herbalism PANS w Kro\u015bnie","publisher":{"@id":"https:\/\/pans.krosno.pl\/herbalism\/#organization"},"potentialAction":[{"@type":"SearchAction","target":{"@type":"EntryPoint","urlTemplate":"https:\/\/pans.krosno.pl\/herbalism\/?s={search_term_string}"},"query-input":{"@type":"PropertyValueSpecification","valueRequired":true,"valueName":"search_term_string"}}],"inLanguage":"pl-PL"},{"@type":"Organization","@id":"https:\/\/pans.krosno.pl\/herbalism\/#organization","name":"Herbalism","url":"https:\/\/pans.krosno.pl\/herbalism\/","logo":{"@type":"ImageObject","inLanguage":"pl-PL","@id":"https:\/\/pans.krosno.pl\/herbalism\/#\/schema\/logo\/image\/","url":"","contentUrl":"","caption":"Herbalism"},"image":{"@id":"https:\/\/pans.krosno.pl\/herbalism\/#\/schema\/logo\/image\/"}}]}},"_links":{"self":[{"href":"https:\/\/pans.krosno.pl\/herbalism\/wp-json\/wp\/v2\/pages\/23","targetHints":{"allow":["GET"]}}],"collection":[{"href":"https:\/\/pans.krosno.pl\/herbalism\/wp-json\/wp\/v2\/pages"}],"about":[{"href":"https:\/\/pans.krosno.pl\/herbalism\/wp-json\/wp\/v2\/types\/page"}],"author":[{"embeddable":true,"href":"https:\/\/pans.krosno.pl\/herbalism\/wp-json\/wp\/v2\/users\/27"}],"replies":[{"embeddable":true,"href":"https:\/\/pans.krosno.pl\/herbalism\/wp-json\/wp\/v2\/comments?post=23"}],"version-history":[{"count":13,"href":"https:\/\/pans.krosno.pl\/herbalism\/wp-json\/wp\/v2\/pages\/23\/revisions"}],"predecessor-version":[{"id":1407,"href":"https:\/\/pans.krosno.pl\/herbalism\/wp-json\/wp\/v2\/pages\/23\/revisions\/1407"}],"wp:attachment":[{"href":"https:\/\/pans.krosno.pl\/herbalism\/wp-json\/wp\/v2\/media?parent=23"}],"curies":[{"name":"wp","href":"https:\/\/api.w.org\/{rel}","templated":true}]}}