{"id":17,"date":"2021-03-22T08:50:28","date_gmt":"2021-03-22T07:50:28","guid":{"rendered":"https:\/\/pans.krosno.pl\/herbalism\/?page_id=17"},"modified":"2023-01-03T13:48:42","modified_gmt":"2023-01-03T12:48:42","slug":"o-czasopismie","status":"publish","type":"page","link":"https:\/\/pans.krosno.pl\/herbalism\/o-czasopismie\/","title":{"rendered":"O czasopi\u015bmie"},"content":{"rendered":"\n<p><strong>Szanowni Pa\u0144stwo!<\/strong><\/p>\n\n\n\n<p>Wprowadzaj\u0105c na polski rynek czytelniczy nowe czasopismo po\u015bwi\u0119cone zielarstwu \u2013 Herbalism, wyra\u017camy nadziej\u0119, \u017ce zaproponowana przez Redakcj\u0119 tematyka oka\u017ce si\u0119 dla Pa\u0144stwa interesuj\u0105ca i spotka si\u0119 z \u017cyczliwym przyj\u0119ciem. Wiemy, \u017ce wiele os\u00f3b z zainteresowaniem \u015bledzi badania naukowe i technologiczne z zakresu zielarstwa i fitoterapii. Cz\u0142owiek \u017cywi\u0142 si\u0119 i leczy\u0142 ro\u015blinami od pocz\u0105tku swojej historii. Rozw\u00f3j nauk chemicznych, farmaceutycznych i medycznych spowodowa\u0142, i\u017c sama informacja, \u017ce co\u015b dzia\u0142a, przesta\u0142a wystarcza\u0107. Naukowcy poznaj\u0105 i wyja\u015bniaj\u0105 mechanizm tego dzia\u0142ania. Jeste\u015bmy \u015bwiadkami rozkwitu fitochemii, biochemii i biologii molekularnej. Zainteresowanie surowcami ro\u015blinnymi wpisuje si\u0119 tak\u017ce w tendencj\u0119 powrotu do natury i wyboru rozwi\u0105za\u0144 ekologicznych. Zainteresowania te dotycz\u0105 fitoterapii i fitokosmetologii, a tak\u017ce wykorzystywania zi\u00f3\u0142 w \u017cyciu codziennym, np. w kuchni. Wzrastaj\u0105ca \u015bwiadomo\u015b\u0107 spo\u0142ecze\u0144stwa o leczniczych w\u0142a\u015bciwo\u015bciach ro\u015blin i popyt na leki ro\u015blinne wp\u0142ywaj\u0105 na rozw\u00f3j przemys\u0142u zielarskiego, a to z kolei jest szans\u0105 na zmniejszenie bezrobocia w rolnictwie, a tak\u017ce na zatrudnienie absolwent\u00f3w wy\u017cszych uczelni. Wed\u0142ug ekspert\u00f3w mi\u0119dzynarodowych, Polska uwa\u017cana jest za kraj o du\u017cych mo\u017cliwo\u015bciach produkcji zar\u00f3wno surowc\u00f3w zielarskich wysokiej jako\u015bci, jak i przetw\u00f3rstwa zielarskiego. Plantacje ro\u015blin leczniczych w Polsce zajmuj\u0105 powierzchni\u0119 ponad 30 tys. hektar\u00f3w, a prawie 70% skupowanych surowc\u00f3w zielarskich trafia na rynek krajowy do dalszego przetw\u00f3rstwa, g\u0142\u00f3wnie na leki ro\u015blinne i produkty spo\u017cywcze. Zainteresowanie spo\u0142ecze\u0144stwa ro\u015blinami nie ogranicza si\u0119 tylko do tych z obszaru Polski, coraz cz\u0119\u015bciej si\u0119gamy do ro\u015blin z odleg\u0142ych kraj\u00f3w. Istnieje wi\u0119c konieczno\u015b\u0107 popularyzacji wiedzy o w\u0142a\u015bciwo\u015bciach i zastosowaniu tamtejszych zi\u00f3\u0142.<\/p>\n\n\n\n<p>Czasopismo Herbalism mo\u017ce spe\u0142nia\u0107 wa\u017cn\u0105 rol\u0119 w transferze wiedzy mi\u0119dzy o\u015brodkami akademickimi i przemys\u0142em oraz w jej upowszechnianiu. B\u0119dziemy zamieszcza\u0107 artyku\u0142y dotycz\u0105ce bada\u0144 nad w\u0142a\u015bciwo\u015bciami surowc\u00f3w ro\u015blinnych z r\u00f3\u017cnych kontynent\u00f3w, ich sk\u0142adu, mechanizmu dzia\u0142ania, a tak\u017ce informacje o technologii upraw zielarskich. Warto pokaza\u0107 praktyczne zastosowanie zi\u00f3\u0142 w medycynie naturalnej, kosmetologii czy sztuce kulinarnej. Chcemy tak\u017ce zamieszcza\u0107 artyku\u0142y o historii zio\u0142olecznictwa i sylwetkach znanych postaci, kt\u00f3re j\u0105 tworzy\u0142y, w tym numerze informacje o O. Andrzeju Klimuszce. Niniejszemu wydawnictwu o charakterze popularno-naukowy, patronuje Polskie Towarzystwo Zielarzy i Fitoterapeut\u00f3w, kt\u00f3re b\u0119dzie dba\u0142o o wysoki poziom merytoryczny i aktualno\u015b\u0107 publikowanych doniesie\u0144. Mam nadziej\u0119 \u017ce Herbalism umo\u017cliwi Pa\u0144stwu zdobywanie potrzebnych informacji, kt\u00f3re s\u0105 przygotowane przez fachowc\u00f3w z my\u015bl\u0105 o szerokim gronie czytelnik\u00f3w.<\/p>\n\n\n\n<p><strong>Redaktor Naczelna<\/strong><\/p>\n\n\n\n<p><strong>dr hab. in\u017c. Barbara Krochmal-Marczak<\/strong><\/p>\n","protected":false},"excerpt":{"rendered":"<p>Szanowni Pa\u0144stwo! Wprowadzaj\u0105c na polski rynek czytelniczy nowe czasopismo po\u015bwi\u0119cone zielarstwu \u2013 Herbalism, wyra\u017camy nadziej\u0119, \u017ce zaproponowana przez Redakcj\u0119 tematyka oka\u017ce si\u0119 dla Pa\u0144stwa interesuj\u0105ca i spotka si\u0119 z \u017cyczliwym przyj\u0119ciem. Wiemy, \u017ce wiele os\u00f3b z zainteresowaniem \u015bledzi badania naukowe i technologiczne z zakresu zielarstwa i fitoterapii. Cz\u0142owiek \u017cywi\u0142 si\u0119 [\u2026] <\/p>\n<div class=\"clear\"><\/div>\n<p><a class=\"more_link clearfix\" href=\"https:\/\/pans.krosno.pl\/herbalism\/o-czasopismie\/\" rel=\"nofollow\">Read More<\/a><\/p>\n","protected":false},"author":27,"featured_media":0,"parent":0,"menu_order":0,"comment_status":"closed","ping_status":"closed","template":"","meta":{"ngg_post_thumbnail":0,"footnotes":""},"class_list":["post-17","page","type-page","status-publish","hentry"],"yoast_head":"<!-- This site is optimized with the Yoast SEO Premium plugin v27.4 (Yoast SEO v27.4) - https:\/\/yoast.com\/product\/yoast-seo-premium-wordpress\/ -->\n<title>O czasopi\u015bmie - Herbalism PANS w Kro\u015bnie<\/title>\n<meta name=\"robots\" content=\"index, follow, max-snippet:-1, max-image-preview:large, max-video-preview:-1\" \/>\n<link rel=\"canonical\" href=\"https:\/\/pans.krosno.pl\/herbalism\/o-czasopismie\/\" \/>\n<meta property=\"og:locale\" content=\"pl_PL\" \/>\n<meta property=\"og:type\" content=\"article\" \/>\n<meta property=\"og:title\" content=\"O czasopi\u015bmie\" \/>\n<meta property=\"og:description\" content=\"Szanowni Pa\u0144stwo! Wprowadzaj\u0105c na polski rynek czytelniczy nowe czasopismo po\u015bwi\u0119cone zielarstwu \u2013 Herbalism, wyra\u017camy nadziej\u0119, \u017ce zaproponowana przez Redakcj\u0119 tematyka oka\u017ce si\u0119 dla Pa\u0144stwa interesuj\u0105ca i spotka si\u0119 z \u017cyczliwym przyj\u0119ciem. Wiemy, \u017ce wiele os\u00f3b z zainteresowaniem \u015bledzi badania naukowe i technologiczne z zakresu zielarstwa i fitoterapii. Cz\u0142owiek \u017cywi\u0142 si\u0119 [\u2026] Read More\" \/>\n<meta property=\"og:url\" content=\"https:\/\/pans.krosno.pl\/herbalism\/o-czasopismie\/\" \/>\n<meta property=\"og:site_name\" content=\"Herbalism PANS w Kro\u015bnie\" \/>\n<meta property=\"article:modified_time\" content=\"2023-01-03T12:48:42+00:00\" \/>\n<meta name=\"twitter:card\" content=\"summary_large_image\" \/>\n<meta name=\"twitter:label1\" content=\"Szacowany czas czytania\" \/>\n\t<meta name=\"twitter:data1\" content=\"3 minuty\" \/>\n<script type=\"application\/ld+json\" class=\"yoast-schema-graph\">{\"@context\":\"https:\\\/\\\/schema.org\",\"@graph\":[{\"@type\":\"WebPage\",\"@id\":\"https:\\\/\\\/pans.krosno.pl\\\/herbalism\\\/o-czasopismie\\\/\",\"url\":\"https:\\\/\\\/pans.krosno.pl\\\/herbalism\\\/o-czasopismie\\\/\",\"name\":\"O czasopi\u015bmie - Herbalism PANS w Kro\u015bnie\",\"isPartOf\":{\"@id\":\"https:\\\/\\\/pans.krosno.pl\\\/herbalism\\\/#website\"},\"datePublished\":\"2021-03-22T07:50:28+00:00\",\"dateModified\":\"2023-01-03T12:48:42+00:00\",\"breadcrumb\":{\"@id\":\"https:\\\/\\\/pans.krosno.pl\\\/herbalism\\\/o-czasopismie\\\/#breadcrumb\"},\"inLanguage\":\"pl-PL\",\"potentialAction\":[{\"@type\":\"ReadAction\",\"target\":[\"https:\\\/\\\/pans.krosno.pl\\\/herbalism\\\/o-czasopismie\\\/\"]}]},{\"@type\":\"BreadcrumbList\",\"@id\":\"https:\\\/\\\/pans.krosno.pl\\\/herbalism\\\/o-czasopismie\\\/#breadcrumb\",\"itemListElement\":[{\"@type\":\"ListItem\",\"position\":1,\"name\":\"Strona g\u0142\u00f3wna\",\"item\":\"https:\\\/\\\/pans.krosno.pl\\\/herbalism\\\/\"},{\"@type\":\"ListItem\",\"position\":2,\"name\":\"O czasopi\u015bmie\"}]},{\"@type\":\"WebSite\",\"@id\":\"https:\\\/\\\/pans.krosno.pl\\\/herbalism\\\/#website\",\"url\":\"https:\\\/\\\/pans.krosno.pl\\\/herbalism\\\/\",\"name\":\"Herbalism\",\"description\":\"Herbalism PANS w Kro\u015bnie\",\"publisher\":{\"@id\":\"https:\\\/\\\/pans.krosno.pl\\\/herbalism\\\/#organization\"},\"potentialAction\":[{\"@type\":\"SearchAction\",\"target\":{\"@type\":\"EntryPoint\",\"urlTemplate\":\"https:\\\/\\\/pans.krosno.pl\\\/herbalism\\\/?s={search_term_string}\"},\"query-input\":{\"@type\":\"PropertyValueSpecification\",\"valueRequired\":true,\"valueName\":\"search_term_string\"}}],\"inLanguage\":\"pl-PL\"},{\"@type\":\"Organization\",\"@id\":\"https:\\\/\\\/pans.krosno.pl\\\/herbalism\\\/#organization\",\"name\":\"Herbalism\",\"url\":\"https:\\\/\\\/pans.krosno.pl\\\/herbalism\\\/\",\"logo\":{\"@type\":\"ImageObject\",\"inLanguage\":\"pl-PL\",\"@id\":\"https:\\\/\\\/pans.krosno.pl\\\/herbalism\\\/#\\\/schema\\\/logo\\\/image\\\/\",\"url\":\"\",\"contentUrl\":\"\",\"caption\":\"Herbalism\"},\"image\":{\"@id\":\"https:\\\/\\\/pans.krosno.pl\\\/herbalism\\\/#\\\/schema\\\/logo\\\/image\\\/\"}}]}<\/script>\n<!-- \/ Yoast SEO Premium plugin. -->","yoast_head_json":{"title":"O czasopi\u015bmie - Herbalism PANS w Kro\u015bnie","robots":{"index":"index","follow":"follow","max-snippet":"max-snippet:-1","max-image-preview":"max-image-preview:large","max-video-preview":"max-video-preview:-1"},"canonical":"https:\/\/pans.krosno.pl\/herbalism\/o-czasopismie\/","og_locale":"pl_PL","og_type":"article","og_title":"O czasopi\u015bmie","og_description":"Szanowni Pa\u0144stwo! Wprowadzaj\u0105c na polski rynek czytelniczy nowe czasopismo po\u015bwi\u0119cone zielarstwu \u2013 Herbalism, wyra\u017camy nadziej\u0119, \u017ce zaproponowana przez Redakcj\u0119 tematyka oka\u017ce si\u0119 dla Pa\u0144stwa interesuj\u0105ca i spotka si\u0119 z \u017cyczliwym przyj\u0119ciem. Wiemy, \u017ce wiele os\u00f3b z zainteresowaniem \u015bledzi badania naukowe i technologiczne z zakresu zielarstwa i fitoterapii. Cz\u0142owiek \u017cywi\u0142 si\u0119 [\u2026] Read More","og_url":"https:\/\/pans.krosno.pl\/herbalism\/o-czasopismie\/","og_site_name":"Herbalism PANS w Kro\u015bnie","article_modified_time":"2023-01-03T12:48:42+00:00","twitter_card":"summary_large_image","twitter_misc":{"Szacowany czas czytania":"3 minuty"},"schema":{"@context":"https:\/\/schema.org","@graph":[{"@type":"WebPage","@id":"https:\/\/pans.krosno.pl\/herbalism\/o-czasopismie\/","url":"https:\/\/pans.krosno.pl\/herbalism\/o-czasopismie\/","name":"O czasopi\u015bmie - Herbalism PANS w Kro\u015bnie","isPartOf":{"@id":"https:\/\/pans.krosno.pl\/herbalism\/#website"},"datePublished":"2021-03-22T07:50:28+00:00","dateModified":"2023-01-03T12:48:42+00:00","breadcrumb":{"@id":"https:\/\/pans.krosno.pl\/herbalism\/o-czasopismie\/#breadcrumb"},"inLanguage":"pl-PL","potentialAction":[{"@type":"ReadAction","target":["https:\/\/pans.krosno.pl\/herbalism\/o-czasopismie\/"]}]},{"@type":"BreadcrumbList","@id":"https:\/\/pans.krosno.pl\/herbalism\/o-czasopismie\/#breadcrumb","itemListElement":[{"@type":"ListItem","position":1,"name":"Strona g\u0142\u00f3wna","item":"https:\/\/pans.krosno.pl\/herbalism\/"},{"@type":"ListItem","position":2,"name":"O czasopi\u015bmie"}]},{"@type":"WebSite","@id":"https:\/\/pans.krosno.pl\/herbalism\/#website","url":"https:\/\/pans.krosno.pl\/herbalism\/","name":"Herbalism","description":"Herbalism PANS w Kro\u015bnie","publisher":{"@id":"https:\/\/pans.krosno.pl\/herbalism\/#organization"},"potentialAction":[{"@type":"SearchAction","target":{"@type":"EntryPoint","urlTemplate":"https:\/\/pans.krosno.pl\/herbalism\/?s={search_term_string}"},"query-input":{"@type":"PropertyValueSpecification","valueRequired":true,"valueName":"search_term_string"}}],"inLanguage":"pl-PL"},{"@type":"Organization","@id":"https:\/\/pans.krosno.pl\/herbalism\/#organization","name":"Herbalism","url":"https:\/\/pans.krosno.pl\/herbalism\/","logo":{"@type":"ImageObject","inLanguage":"pl-PL","@id":"https:\/\/pans.krosno.pl\/herbalism\/#\/schema\/logo\/image\/","url":"","contentUrl":"","caption":"Herbalism"},"image":{"@id":"https:\/\/pans.krosno.pl\/herbalism\/#\/schema\/logo\/image\/"}}]}},"_links":{"self":[{"href":"https:\/\/pans.krosno.pl\/herbalism\/wp-json\/wp\/v2\/pages\/17","targetHints":{"allow":["GET"]}}],"collection":[{"href":"https:\/\/pans.krosno.pl\/herbalism\/wp-json\/wp\/v2\/pages"}],"about":[{"href":"https:\/\/pans.krosno.pl\/herbalism\/wp-json\/wp\/v2\/types\/page"}],"author":[{"embeddable":true,"href":"https:\/\/pans.krosno.pl\/herbalism\/wp-json\/wp\/v2\/users\/27"}],"replies":[{"embeddable":true,"href":"https:\/\/pans.krosno.pl\/herbalism\/wp-json\/wp\/v2\/comments?post=17"}],"version-history":[{"count":5,"href":"https:\/\/pans.krosno.pl\/herbalism\/wp-json\/wp\/v2\/pages\/17\/revisions"}],"predecessor-version":[{"id":613,"href":"https:\/\/pans.krosno.pl\/herbalism\/wp-json\/wp\/v2\/pages\/17\/revisions\/613"}],"wp:attachment":[{"href":"https:\/\/pans.krosno.pl\/herbalism\/wp-json\/wp\/v2\/media?parent=17"}],"curies":[{"name":"wp","href":"https:\/\/api.w.org\/{rel}","templated":true}]}}