{"id":99,"date":"2020-05-13T11:36:09","date_gmt":"2020-05-13T09:36:09","guid":{"rendered":"https:\/\/pans.krosno.pl\/fundusze-europejskie-kursy\/?page_id=99"},"modified":"2022-05-25T09:24:28","modified_gmt":"2022-05-25T07:24:28","slug":"akademia-mlodego-odkrywcy-w-pwsz-w-krosnie-aktualnosci","status":"publish","type":"page","link":"https:\/\/pans.krosno.pl\/fundusze-zewnetrzne\/projekty-zrealizowane\/akademia-mlodego-odkrywcy-w-pwsz-w-krosnie\/akademia-mlodego-odkrywcy-w-pwsz-w-krosnie-aktualnosci\/","title":{"rendered":"Stawiam na nauk\u0119. Akademia m\u0142odego odkrywcy w PWSZ w Kro\u015bnie &#8211; Aktualno\u015bci"},"content":{"rendered":"<hr>\n<p><img loading=\"lazy\" decoding=\"async\" class=\"size-full wp-image-1164 aligncenter\" src=\"https:\/\/pans.krosno.pl\/fundusze-europejskie-kursy\/wp-content\/uploads\/sites\/14\/2020\/05\/LOGO-KOLOR-23.jpg\" alt=\"\" width=\"1988\" height=\"255\" srcset=\"https:\/\/pans.krosno.pl\/fundusze-zewnetrzne\/wp-content\/uploads\/sites\/14\/2020\/05\/LOGO-KOLOR-23.jpg 1988w, https:\/\/pans.krosno.pl\/fundusze-zewnetrzne\/wp-content\/uploads\/sites\/14\/2020\/05\/LOGO-KOLOR-23-300x38.jpg 300w, https:\/\/pans.krosno.pl\/fundusze-zewnetrzne\/wp-content\/uploads\/sites\/14\/2020\/05\/LOGO-KOLOR-23-1024x131.jpg 1024w, https:\/\/pans.krosno.pl\/fundusze-zewnetrzne\/wp-content\/uploads\/sites\/14\/2020\/05\/LOGO-KOLOR-23-768x99.jpg 768w, https:\/\/pans.krosno.pl\/fundusze-zewnetrzne\/wp-content\/uploads\/sites\/14\/2020\/05\/LOGO-KOLOR-23-1536x197.jpg 1536w, https:\/\/pans.krosno.pl\/fundusze-zewnetrzne\/wp-content\/uploads\/sites\/14\/2020\/05\/LOGO-KOLOR-23-800x103.jpg 800w, https:\/\/pans.krosno.pl\/fundusze-zewnetrzne\/wp-content\/uploads\/sites\/14\/2020\/05\/LOGO-KOLOR-23-580x74.jpg 580w\" sizes=\"auto, (max-width: 1988px) 100vw, 1988px\" \/><\/p>\n<h3>Informacja o zawieszeniu realizacji zaj\u0119\u0107 w projekcie<\/h3>\n<div class=\"aktualnosci\">\n<p>W zwi\u0105zku z sytuacj\u0105 panuj\u0105c\u0105 w kraju zwi\u0105zan\u0105 z zagro\u017ceniem SARS-CoV-2 i zwi\u0105zan\u0105 z tym decyzj\u0105 rz\u0105du o zamkni\u0119ciu na dwa tygodnie wszystkich plac\u00f3wek o\u015bwiatowych &#8211; \u017c\u0142obk\u00f3w, przedszkoli i szk\u00f3\u0142 (do dnia 25 marca 2020 r.) jeste\u015bmy zmuszeni zawiesi\u0107 realizacj\u0119 zaj\u0119\u0107 w projekcie &#8222;Stawiam na nauk\u0119. Akademia kreatywnego ucznia w PWSZ w Kro\u015bnie&#8221; do odwo\u0142ania.<\/p>\n<\/div>\n\n\n<hr class=\"wp-block-separator\"\/>\n\n\n<h3>Rekrutacja rodzic\u00f3w na zaj\u0119cia &#8222;Tw\u00f3rczy rodzice. O sposobach kreatywnego uczenia si\u0119&#8221;<\/h3>\n<p style=\"font-weight: 400\">W dniach&nbsp;<strong>2 &#8211; 27 wrze\u015bnia 2019 r.<\/strong>&nbsp;prowadzona b\u0119dzie rekrutacja na zaj\u0119cia dla rodzic\u00f3w s\u0142u\u017c\u0105ce rozwojowi kompetencji wychowawczych i spo\u0142ecznych realizowane w ramach projektu \u201eStawiam na nauk\u0119. Akademia m\u0142odego odrywcy w PWSZ w Kro\u015bnie\u201d&nbsp;wsp\u00f3\u0142finansowanego ze \u015brodk\u00f3w Unii Europejskiej w ramach Europejskiego Funduszu Spo\u0142ecznego.<\/p>\n<p style=\"font-weight: 400\">Do realizacji zosta\u0142o przewidzianych 10 godzin dydaktycznych (4-5 spotka\u0144 trwaj\u0105cych po 2-3 godziny dydaktyczne). Terminy zaj\u0119\u0107 b\u0119d\u0105 ustalane z grup\u0105 po zako\u0144czeniu rekrutacji.<\/p>\n<p style=\"font-weight: 400\">Do udzia\u0142u w zaj\u0119ciach przewidziana zosta\u0142a jedna 10-12 osobowa grupa rodzic\u00f3w dzieci ucz\u0119szczaj\u0105cych do klas I-III.<\/p>\n<p style=\"font-weight: 400\">Realizacja zaj\u0119\u0107 zaplanowana jest w terminie od pa\u017adziernika 2019 r. do stycznia 2020 r.<\/p>\n<p style=\"font-weight: 400\">Zaj\u0119cia b\u0119d\u0105 odbywa\u0142y si\u0119 w PWSZ w Kro\u015bnie przy ul. Kazimierza Wielkiego 8, Krosno (Rynek).<\/p>\n<p style=\"font-weight: 400\">Tematyka zaj\u0119\u0107 b\u0119dzie zwi\u0105zana ze sposobami kreatywnego uczenia si\u0119 np. model odwr\u00f3conego nauczania, kreatywno\u015b\u0107 w pracy rodzica z dzieckiem, rozwijanie kreatywno\u015bci u dzieci.<\/p>\n<p style=\"font-weight: 400\">Zaj\u0119cia s\u0105 bezp\u0142atne. Liczba miejsc ograniczona, decyduje kolejno\u015b\u0107 zg\u0142osze\u0144.<\/p>\n<p style=\"font-weight: 400\">Formularz zg\u0142oszeniowy zamieszczony poni\u017cej nale\u017cy sk\u0142ada\u0107 w Biurze projektu (ul. Rynek 1, Krosno \u2013 Rektorat PWSZ w Kro\u015bnie pok. 11) do 27 wrze\u015bnia 2019 r. do godz. 16.00.<\/p>\n\n\n<div class=\"wp-block-file\"><a id=\"wp-block-file--media-9fee3641-4c28-4a58-9b07-c5211ea3edfd\" href=\"https:\/\/pans.krosno.pl\/fundusze-europejskie-kursy\/wp-content\/uploads\/sites\/14\/2020\/05\/zalacznik_2__formularz_zgloszeniowy_rodzice.docx\">Za\u0142\u0105cznik 2 &#8211; Formularz zg\u0142oszeniowy &#8211; rodzice<\/a><a href=\"https:\/\/pans.krosno.pl\/fundusze-europejskie-kursy\/wp-content\/uploads\/sites\/14\/2020\/05\/zalacznik_2__formularz_zgloszeniowy_rodzice.docx\" class=\"wp-block-file__button\" download aria-describedby=\"wp-block-file--media-9fee3641-4c28-4a58-9b07-c5211ea3edfd\">Pobierz<\/a><\/div>\n\n\n\n<hr class=\"wp-block-separator\"\/>\n","protected":false},"excerpt":{"rendered":"<p>Informacja o zawieszeniu realizacji zaj\u0119\u0107 w projekcie W zwi\u0105zku z sytuacj\u0105 panuj\u0105c\u0105 w kraju zwi\u0105zan\u0105 z zagro\u017ceniem SARS-CoV-2 i zwi\u0105zan\u0105 z tym decyzj\u0105 rz\u0105du o zamkni\u0119ciu na dwa tygodnie wszystkich plac\u00f3wek o\u015bwiatowych &#8211; \u017c\u0142obk\u00f3w, przedszkoli i szk\u00f3\u0142 (do dnia 25 marca 2020 r.) jeste\u015bmy zmuszeni zawiesi\u0107 realizacj\u0119 zaj\u0119\u0107 w projekcie [\u2026] <\/p>\n<div class=\"clear\"><\/div>\n<p><a class=\"more_link clearfix\" href=\"https:\/\/pans.krosno.pl\/fundusze-zewnetrzne\/projekty-zrealizowane\/akademia-mlodego-odkrywcy-w-pwsz-w-krosnie\/akademia-mlodego-odkrywcy-w-pwsz-w-krosnie-aktualnosci\/\" rel=\"nofollow\">Read More<\/a><\/p>\n","protected":false},"author":27,"featured_media":0,"parent":92,"menu_order":0,"comment_status":"closed","ping_status":"closed","template":"page-templates\/template-full-width.php","meta":{"ngg_post_thumbnail":0,"footnotes":""},"class_list":["post-99","page","type-page","status-publish","hentry"],"yoast_head":"<!-- This site is optimized with the Yoast SEO Premium plugin v27.3 (Yoast SEO v27.3) - https:\/\/yoast.com\/product\/yoast-seo-premium-wordpress\/ -->\n<title>Stawiam na nauk\u0119. Akademia m\u0142odego odkrywcy w PWSZ w Kro\u015bnie - Aktualno\u015bci - Fundusze zewn\u0119trzne PANS w Kro\u015bnie<\/title>\n<meta name=\"robots\" content=\"index, follow, max-snippet:-1, max-image-preview:large, max-video-preview:-1\" \/>\n<link rel=\"canonical\" href=\"https:\/\/pans.krosno.pl\/fundusze-zewnetrzne\/projekty-zrealizowane\/akademia-mlodego-odkrywcy-w-pwsz-w-krosnie\/akademia-mlodego-odkrywcy-w-pwsz-w-krosnie-aktualnosci\/\" \/>\n<meta property=\"og:locale\" content=\"pl_PL\" \/>\n<meta property=\"og:type\" content=\"article\" \/>\n<meta property=\"og:title\" content=\"Stawiam na nauk\u0119. Akademia m\u0142odego odkrywcy w PWSZ w Kro\u015bnie - Aktualno\u015bci\" \/>\n<meta property=\"og:description\" content=\"Informacja o zawieszeniu realizacji zaj\u0119\u0107 w projekcie W zwi\u0105zku z sytuacj\u0105 panuj\u0105c\u0105 w kraju zwi\u0105zan\u0105 z zagro\u017ceniem SARS-CoV-2 i zwi\u0105zan\u0105 z tym decyzj\u0105 rz\u0105du o zamkni\u0119ciu na dwa tygodnie wszystkich plac\u00f3wek o\u015bwiatowych &#8211; \u017c\u0142obk\u00f3w, przedszkoli i szk\u00f3\u0142 (do dnia 25 marca 2020 r.) jeste\u015bmy zmuszeni zawiesi\u0107 realizacj\u0119 zaj\u0119\u0107 w projekcie [\u2026] Read More\" \/>\n<meta property=\"og:url\" content=\"https:\/\/pans.krosno.pl\/fundusze-zewnetrzne\/projekty-zrealizowane\/akademia-mlodego-odkrywcy-w-pwsz-w-krosnie\/akademia-mlodego-odkrywcy-w-pwsz-w-krosnie-aktualnosci\/\" \/>\n<meta property=\"og:site_name\" content=\"Fundusze zewn\u0119trzne PANS w Kro\u015bnie\" \/>\n<meta property=\"article:modified_time\" content=\"2022-05-25T07:24:28+00:00\" \/>\n<meta property=\"og:image\" content=\"https:\/\/pans.krosno.pl\/fundusze-europejskie-kursy\/wp-content\/uploads\/sites\/14\/2020\/05\/LOGO-KOLOR-23.jpg\" \/>\n<meta name=\"twitter:card\" content=\"summary_large_image\" \/>\n<meta name=\"twitter:label1\" content=\"Szacowany czas czytania\" \/>\n\t<meta name=\"twitter:data1\" content=\"2 minuty\" \/>\n<script type=\"application\/ld+json\" class=\"yoast-schema-graph\">{\"@context\":\"https:\\\/\\\/schema.org\",\"@graph\":[{\"@type\":\"WebPage\",\"@id\":\"https:\\\/\\\/pans.krosno.pl\\\/fundusze-zewnetrzne\\\/projekty-zrealizowane\\\/akademia-mlodego-odkrywcy-w-pwsz-w-krosnie\\\/akademia-mlodego-odkrywcy-w-pwsz-w-krosnie-aktualnosci\\\/\",\"url\":\"https:\\\/\\\/pans.krosno.pl\\\/fundusze-zewnetrzne\\\/projekty-zrealizowane\\\/akademia-mlodego-odkrywcy-w-pwsz-w-krosnie\\\/akademia-mlodego-odkrywcy-w-pwsz-w-krosnie-aktualnosci\\\/\",\"name\":\"Stawiam na nauk\u0119. Akademia m\u0142odego odkrywcy w PWSZ w Kro\u015bnie - Aktualno\u015bci - Fundusze zewn\u0119trzne PANS w Kro\u015bnie\",\"isPartOf\":{\"@id\":\"https:\\\/\\\/pans.krosno.pl\\\/fundusze-zewnetrzne\\\/#website\"},\"primaryImageOfPage\":{\"@id\":\"https:\\\/\\\/pans.krosno.pl\\\/fundusze-zewnetrzne\\\/projekty-zrealizowane\\\/akademia-mlodego-odkrywcy-w-pwsz-w-krosnie\\\/akademia-mlodego-odkrywcy-w-pwsz-w-krosnie-aktualnosci\\\/#primaryimage\"},\"image\":{\"@id\":\"https:\\\/\\\/pans.krosno.pl\\\/fundusze-zewnetrzne\\\/projekty-zrealizowane\\\/akademia-mlodego-odkrywcy-w-pwsz-w-krosnie\\\/akademia-mlodego-odkrywcy-w-pwsz-w-krosnie-aktualnosci\\\/#primaryimage\"},\"thumbnailUrl\":\"https:\\\/\\\/pans.krosno.pl\\\/fundusze-europejskie-kursy\\\/wp-content\\\/uploads\\\/sites\\\/14\\\/2020\\\/05\\\/LOGO-KOLOR-23.jpg\",\"datePublished\":\"2020-05-13T09:36:09+00:00\",\"dateModified\":\"2022-05-25T07:24:28+00:00\",\"breadcrumb\":{\"@id\":\"https:\\\/\\\/pans.krosno.pl\\\/fundusze-zewnetrzne\\\/projekty-zrealizowane\\\/akademia-mlodego-odkrywcy-w-pwsz-w-krosnie\\\/akademia-mlodego-odkrywcy-w-pwsz-w-krosnie-aktualnosci\\\/#breadcrumb\"},\"inLanguage\":\"pl-PL\",\"potentialAction\":[{\"@type\":\"ReadAction\",\"target\":[\"https:\\\/\\\/pans.krosno.pl\\\/fundusze-zewnetrzne\\\/projekty-zrealizowane\\\/akademia-mlodego-odkrywcy-w-pwsz-w-krosnie\\\/akademia-mlodego-odkrywcy-w-pwsz-w-krosnie-aktualnosci\\\/\"]}]},{\"@type\":\"ImageObject\",\"inLanguage\":\"pl-PL\",\"@id\":\"https:\\\/\\\/pans.krosno.pl\\\/fundusze-zewnetrzne\\\/projekty-zrealizowane\\\/akademia-mlodego-odkrywcy-w-pwsz-w-krosnie\\\/akademia-mlodego-odkrywcy-w-pwsz-w-krosnie-aktualnosci\\\/#primaryimage\",\"url\":\"https:\\\/\\\/pans.krosno.pl\\\/fundusze-europejskie-kursy\\\/wp-content\\\/uploads\\\/sites\\\/14\\\/2020\\\/05\\\/LOGO-KOLOR-23.jpg\",\"contentUrl\":\"https:\\\/\\\/pans.krosno.pl\\\/fundusze-europejskie-kursy\\\/wp-content\\\/uploads\\\/sites\\\/14\\\/2020\\\/05\\\/LOGO-KOLOR-23.jpg\"},{\"@type\":\"BreadcrumbList\",\"@id\":\"https:\\\/\\\/pans.krosno.pl\\\/fundusze-zewnetrzne\\\/projekty-zrealizowane\\\/akademia-mlodego-odkrywcy-w-pwsz-w-krosnie\\\/akademia-mlodego-odkrywcy-w-pwsz-w-krosnie-aktualnosci\\\/#breadcrumb\",\"itemListElement\":[{\"@type\":\"ListItem\",\"position\":1,\"name\":\"Strona g\u0142\u00f3wna\",\"item\":\"https:\\\/\\\/pans.krosno.pl\\\/fundusze-zewnetrzne\\\/\"},{\"@type\":\"ListItem\",\"position\":2,\"name\":\"Projekty zrealizowane\",\"item\":\"https:\\\/\\\/pans.krosno.pl\\\/fundusze-zewnetrzne\\\/projekty-zrealizowane\\\/\"},{\"@type\":\"ListItem\",\"position\":3,\"name\":\"Stawiam na nauk\u0119. Akademia m\u0142odego odkrywcy w PWSZ w Kro\u015bnie\",\"item\":\"https:\\\/\\\/pans.krosno.pl\\\/fundusze-zewnetrzne\\\/projekty-zrealizowane\\\/akademia-mlodego-odkrywcy-w-pwsz-w-krosnie\\\/\"},{\"@type\":\"ListItem\",\"position\":4,\"name\":\"Stawiam na nauk\u0119. Akademia m\u0142odego odkrywcy w PWSZ w Kro\u015bnie &#8211; Aktualno\u015bci\"}]},{\"@type\":\"WebSite\",\"@id\":\"https:\\\/\\\/pans.krosno.pl\\\/fundusze-zewnetrzne\\\/#website\",\"url\":\"https:\\\/\\\/pans.krosno.pl\\\/fundusze-zewnetrzne\\\/\",\"name\":\"Fundusze zewn\u0119trzne PANS w Kro\u015bnie\",\"description\":\"Fundusze zewn\u0119trzne  - Pa\u0144stwowa Akademia Nauk Stosowanych\",\"publisher\":{\"@id\":\"https:\\\/\\\/pans.krosno.pl\\\/fundusze-zewnetrzne\\\/#organization\"},\"potentialAction\":[{\"@type\":\"SearchAction\",\"target\":{\"@type\":\"EntryPoint\",\"urlTemplate\":\"https:\\\/\\\/pans.krosno.pl\\\/fundusze-zewnetrzne\\\/?s={search_term_string}\"},\"query-input\":{\"@type\":\"PropertyValueSpecification\",\"valueRequired\":true,\"valueName\":\"search_term_string\"}}],\"inLanguage\":\"pl-PL\"},{\"@type\":\"Organization\",\"@id\":\"https:\\\/\\\/pans.krosno.pl\\\/fundusze-zewnetrzne\\\/#organization\",\"name\":\"Fundusze zewn\u0119trzne PANS w Kro\u015bnie\",\"url\":\"https:\\\/\\\/pans.krosno.pl\\\/fundusze-zewnetrzne\\\/\",\"logo\":{\"@type\":\"ImageObject\",\"inLanguage\":\"pl-PL\",\"@id\":\"https:\\\/\\\/pans.krosno.pl\\\/fundusze-zewnetrzne\\\/#\\\/schema\\\/logo\\\/image\\\/\",\"url\":\"https:\\\/\\\/pans.krosno.pl\\\/fundusze-zewnetrzne\\\/wp-content\\\/uploads\\\/sites\\\/14\\\/2023\\\/01\\\/Logo-PANS-2022-pelne.png\",\"contentUrl\":\"https:\\\/\\\/pans.krosno.pl\\\/fundusze-zewnetrzne\\\/wp-content\\\/uploads\\\/sites\\\/14\\\/2023\\\/01\\\/Logo-PANS-2022-pelne.png\",\"width\":3096,\"height\":696,\"caption\":\"Fundusze zewn\u0119trzne PANS w Kro\u015bnie\"},\"image\":{\"@id\":\"https:\\\/\\\/pans.krosno.pl\\\/fundusze-zewnetrzne\\\/#\\\/schema\\\/logo\\\/image\\\/\"}}]}<\/script>\n<!-- \/ Yoast SEO Premium plugin. -->","yoast_head_json":{"title":"Stawiam na nauk\u0119. Akademia m\u0142odego odkrywcy w PWSZ w Kro\u015bnie - Aktualno\u015bci - Fundusze zewn\u0119trzne PANS w Kro\u015bnie","robots":{"index":"index","follow":"follow","max-snippet":"max-snippet:-1","max-image-preview":"max-image-preview:large","max-video-preview":"max-video-preview:-1"},"canonical":"https:\/\/pans.krosno.pl\/fundusze-zewnetrzne\/projekty-zrealizowane\/akademia-mlodego-odkrywcy-w-pwsz-w-krosnie\/akademia-mlodego-odkrywcy-w-pwsz-w-krosnie-aktualnosci\/","og_locale":"pl_PL","og_type":"article","og_title":"Stawiam na nauk\u0119. Akademia m\u0142odego odkrywcy w PWSZ w Kro\u015bnie - Aktualno\u015bci","og_description":"Informacja o zawieszeniu realizacji zaj\u0119\u0107 w projekcie W zwi\u0105zku z sytuacj\u0105 panuj\u0105c\u0105 w kraju zwi\u0105zan\u0105 z zagro\u017ceniem SARS-CoV-2 i zwi\u0105zan\u0105 z tym decyzj\u0105 rz\u0105du o zamkni\u0119ciu na dwa tygodnie wszystkich plac\u00f3wek o\u015bwiatowych &#8211; \u017c\u0142obk\u00f3w, przedszkoli i szk\u00f3\u0142 (do dnia 25 marca 2020 r.) jeste\u015bmy zmuszeni zawiesi\u0107 realizacj\u0119 zaj\u0119\u0107 w projekcie [\u2026] Read More","og_url":"https:\/\/pans.krosno.pl\/fundusze-zewnetrzne\/projekty-zrealizowane\/akademia-mlodego-odkrywcy-w-pwsz-w-krosnie\/akademia-mlodego-odkrywcy-w-pwsz-w-krosnie-aktualnosci\/","og_site_name":"Fundusze zewn\u0119trzne PANS w Kro\u015bnie","article_modified_time":"2022-05-25T07:24:28+00:00","og_image":[{"url":"https:\/\/pans.krosno.pl\/fundusze-europejskie-kursy\/wp-content\/uploads\/sites\/14\/2020\/05\/LOGO-KOLOR-23.jpg","type":"","width":"","height":""}],"twitter_card":"summary_large_image","twitter_misc":{"Szacowany czas czytania":"2 minuty"},"schema":{"@context":"https:\/\/schema.org","@graph":[{"@type":"WebPage","@id":"https:\/\/pans.krosno.pl\/fundusze-zewnetrzne\/projekty-zrealizowane\/akademia-mlodego-odkrywcy-w-pwsz-w-krosnie\/akademia-mlodego-odkrywcy-w-pwsz-w-krosnie-aktualnosci\/","url":"https:\/\/pans.krosno.pl\/fundusze-zewnetrzne\/projekty-zrealizowane\/akademia-mlodego-odkrywcy-w-pwsz-w-krosnie\/akademia-mlodego-odkrywcy-w-pwsz-w-krosnie-aktualnosci\/","name":"Stawiam na nauk\u0119. Akademia m\u0142odego odkrywcy w PWSZ w Kro\u015bnie - Aktualno\u015bci - Fundusze zewn\u0119trzne PANS w Kro\u015bnie","isPartOf":{"@id":"https:\/\/pans.krosno.pl\/fundusze-zewnetrzne\/#website"},"primaryImageOfPage":{"@id":"https:\/\/pans.krosno.pl\/fundusze-zewnetrzne\/projekty-zrealizowane\/akademia-mlodego-odkrywcy-w-pwsz-w-krosnie\/akademia-mlodego-odkrywcy-w-pwsz-w-krosnie-aktualnosci\/#primaryimage"},"image":{"@id":"https:\/\/pans.krosno.pl\/fundusze-zewnetrzne\/projekty-zrealizowane\/akademia-mlodego-odkrywcy-w-pwsz-w-krosnie\/akademia-mlodego-odkrywcy-w-pwsz-w-krosnie-aktualnosci\/#primaryimage"},"thumbnailUrl":"https:\/\/pans.krosno.pl\/fundusze-europejskie-kursy\/wp-content\/uploads\/sites\/14\/2020\/05\/LOGO-KOLOR-23.jpg","datePublished":"2020-05-13T09:36:09+00:00","dateModified":"2022-05-25T07:24:28+00:00","breadcrumb":{"@id":"https:\/\/pans.krosno.pl\/fundusze-zewnetrzne\/projekty-zrealizowane\/akademia-mlodego-odkrywcy-w-pwsz-w-krosnie\/akademia-mlodego-odkrywcy-w-pwsz-w-krosnie-aktualnosci\/#breadcrumb"},"inLanguage":"pl-PL","potentialAction":[{"@type":"ReadAction","target":["https:\/\/pans.krosno.pl\/fundusze-zewnetrzne\/projekty-zrealizowane\/akademia-mlodego-odkrywcy-w-pwsz-w-krosnie\/akademia-mlodego-odkrywcy-w-pwsz-w-krosnie-aktualnosci\/"]}]},{"@type":"ImageObject","inLanguage":"pl-PL","@id":"https:\/\/pans.krosno.pl\/fundusze-zewnetrzne\/projekty-zrealizowane\/akademia-mlodego-odkrywcy-w-pwsz-w-krosnie\/akademia-mlodego-odkrywcy-w-pwsz-w-krosnie-aktualnosci\/#primaryimage","url":"https:\/\/pans.krosno.pl\/fundusze-europejskie-kursy\/wp-content\/uploads\/sites\/14\/2020\/05\/LOGO-KOLOR-23.jpg","contentUrl":"https:\/\/pans.krosno.pl\/fundusze-europejskie-kursy\/wp-content\/uploads\/sites\/14\/2020\/05\/LOGO-KOLOR-23.jpg"},{"@type":"BreadcrumbList","@id":"https:\/\/pans.krosno.pl\/fundusze-zewnetrzne\/projekty-zrealizowane\/akademia-mlodego-odkrywcy-w-pwsz-w-krosnie\/akademia-mlodego-odkrywcy-w-pwsz-w-krosnie-aktualnosci\/#breadcrumb","itemListElement":[{"@type":"ListItem","position":1,"name":"Strona g\u0142\u00f3wna","item":"https:\/\/pans.krosno.pl\/fundusze-zewnetrzne\/"},{"@type":"ListItem","position":2,"name":"Projekty zrealizowane","item":"https:\/\/pans.krosno.pl\/fundusze-zewnetrzne\/projekty-zrealizowane\/"},{"@type":"ListItem","position":3,"name":"Stawiam na nauk\u0119. Akademia m\u0142odego odkrywcy w PWSZ w Kro\u015bnie","item":"https:\/\/pans.krosno.pl\/fundusze-zewnetrzne\/projekty-zrealizowane\/akademia-mlodego-odkrywcy-w-pwsz-w-krosnie\/"},{"@type":"ListItem","position":4,"name":"Stawiam na nauk\u0119. Akademia m\u0142odego odkrywcy w PWSZ w Kro\u015bnie &#8211; Aktualno\u015bci"}]},{"@type":"WebSite","@id":"https:\/\/pans.krosno.pl\/fundusze-zewnetrzne\/#website","url":"https:\/\/pans.krosno.pl\/fundusze-zewnetrzne\/","name":"Fundusze zewn\u0119trzne PANS w Kro\u015bnie","description":"Fundusze zewn\u0119trzne  - Pa\u0144stwowa Akademia Nauk Stosowanych","publisher":{"@id":"https:\/\/pans.krosno.pl\/fundusze-zewnetrzne\/#organization"},"potentialAction":[{"@type":"SearchAction","target":{"@type":"EntryPoint","urlTemplate":"https:\/\/pans.krosno.pl\/fundusze-zewnetrzne\/?s={search_term_string}"},"query-input":{"@type":"PropertyValueSpecification","valueRequired":true,"valueName":"search_term_string"}}],"inLanguage":"pl-PL"},{"@type":"Organization","@id":"https:\/\/pans.krosno.pl\/fundusze-zewnetrzne\/#organization","name":"Fundusze zewn\u0119trzne PANS w Kro\u015bnie","url":"https:\/\/pans.krosno.pl\/fundusze-zewnetrzne\/","logo":{"@type":"ImageObject","inLanguage":"pl-PL","@id":"https:\/\/pans.krosno.pl\/fundusze-zewnetrzne\/#\/schema\/logo\/image\/","url":"https:\/\/pans.krosno.pl\/fundusze-zewnetrzne\/wp-content\/uploads\/sites\/14\/2023\/01\/Logo-PANS-2022-pelne.png","contentUrl":"https:\/\/pans.krosno.pl\/fundusze-zewnetrzne\/wp-content\/uploads\/sites\/14\/2023\/01\/Logo-PANS-2022-pelne.png","width":3096,"height":696,"caption":"Fundusze zewn\u0119trzne PANS w Kro\u015bnie"},"image":{"@id":"https:\/\/pans.krosno.pl\/fundusze-zewnetrzne\/#\/schema\/logo\/image\/"}}]}},"_links":{"self":[{"href":"https:\/\/pans.krosno.pl\/fundusze-zewnetrzne\/wp-json\/wp\/v2\/pages\/99","targetHints":{"allow":["GET"]}}],"collection":[{"href":"https:\/\/pans.krosno.pl\/fundusze-zewnetrzne\/wp-json\/wp\/v2\/pages"}],"about":[{"href":"https:\/\/pans.krosno.pl\/fundusze-zewnetrzne\/wp-json\/wp\/v2\/types\/page"}],"author":[{"embeddable":true,"href":"https:\/\/pans.krosno.pl\/fundusze-zewnetrzne\/wp-json\/wp\/v2\/users\/27"}],"replies":[{"embeddable":true,"href":"https:\/\/pans.krosno.pl\/fundusze-zewnetrzne\/wp-json\/wp\/v2\/comments?post=99"}],"version-history":[{"count":10,"href":"https:\/\/pans.krosno.pl\/fundusze-zewnetrzne\/wp-json\/wp\/v2\/pages\/99\/revisions"}],"predecessor-version":[{"id":3236,"href":"https:\/\/pans.krosno.pl\/fundusze-zewnetrzne\/wp-json\/wp\/v2\/pages\/99\/revisions\/3236"}],"up":[{"embeddable":true,"href":"https:\/\/pans.krosno.pl\/fundusze-zewnetrzne\/wp-json\/wp\/v2\/pages\/92"}],"wp:attachment":[{"href":"https:\/\/pans.krosno.pl\/fundusze-zewnetrzne\/wp-json\/wp\/v2\/media?parent=99"}],"curies":[{"name":"wp","href":"https:\/\/api.w.org\/{rel}","templated":true}]}}