{"id":966,"date":"2020-05-13T20:09:56","date_gmt":"2020-05-13T18:09:56","guid":{"rendered":"https:\/\/pans.krosno.pl\/fundusze-europejskie-kursy\/?page_id=966"},"modified":"2022-05-25T09:46:02","modified_gmt":"2022-05-25T07:46:02","slug":"dobry-czas-na-rozwoj-szkolenia-dla-osob-po-45-roku-zycia-z-zakresu-programowania-i-obslugi-obrabiarek-sterowanych-numerycznie","status":"publish","type":"page","link":"https:\/\/pans.krosno.pl\/fundusze-zewnetrzne\/projekty-zrealizowane\/dobry-czas-na-rozwoj-szkolenia-dla-osob-po-45-roku-zycia-z-zakresu-programowania-i-obslugi-obrabiarek-sterowanych-numerycznie\/","title":{"rendered":"Dobry czas na rozw\u00f3j \u2013 szkolenia dla os\u00f3b po 45 roku \u017cycia z zakresu programowania i obs\u0142ugi obrabiarek sterowanych numerycznie"},"content":{"rendered":"\n<p>W ramach projektu przewidziano realizacj\u0119 bezp\u0142atnego szkolenia \u201eOperator Obrabiarek Sterowanych Numerycznie&#8221; dla 24 os\u00f3b w&nbsp;dw\u00f3ch cyklach szkoleniowych. Ka\u017cdy cykl szkoleniowy obejmowa\u0142 b\u0119dzie 210 godzin lekcyjnych (w tym 90% zaj\u0119\u0107 praktycznych i&nbsp;10% zaj\u0119\u0107 teoretycznych) i&nbsp;trwa\u0142 b\u0119dzie w&nbsp;okresie od kwietnia do pa\u017adziernika 2008 roku. Szkolenia poprowadz\u0105 do\u015bwiadczeni trenerzy Pa\u0144stwowej Wy\u017cszej Szko\u0142y Zawodowej. Zaj\u0119cia b\u0119d\u0105 przeprowadzone w&nbsp;dw\u00f3ch 12-sto osobowych grupach (grupa weekendowa i&nbsp;popo\u0142udniowa).<\/p>\n\n\n\n<p>Projekt wsp\u00f3\u0142finansowany przez Uni\u0119 Europejsk\u0105 ze \u015brodk\u00f3w Europejskiego Funduszu Spo\u0142ecznego w ramach Programu Operacyjnego Kapita\u0142 Ludzki.<\/p>\n\n\n\n<figure class=\"wp-block-image size-large\"><img loading=\"lazy\" decoding=\"async\" width=\"500\" height=\"95\" src=\"https:\/\/pans.krosno.pl\/fundusze-europejskie-kursy\/wp-content\/uploads\/sites\/14\/2020\/05\/1logo_ue_kl-2-2.jpg\" alt=\"\" class=\"wp-image-967\" srcset=\"https:\/\/pans.krosno.pl\/fundusze-zewnetrzne\/wp-content\/uploads\/sites\/14\/2020\/05\/1logo_ue_kl-2-2.jpg 500w, https:\/\/pans.krosno.pl\/fundusze-zewnetrzne\/wp-content\/uploads\/sites\/14\/2020\/05\/1logo_ue_kl-2-2-300x57.jpg 300w\" sizes=\"auto, (max-width: 500px) 100vw, 500px\" \/><\/figure>\n\n\n\n<p><\/p>\n","protected":false},"excerpt":{"rendered":"<p>W ramach projektu przewidziano realizacj\u0119 bezp\u0142atnego szkolenia \u201eOperator Obrabiarek Sterowanych Numerycznie&#8221; dla 24 os\u00f3b w&nbsp;dw\u00f3ch cyklach szkoleniowych. Ka\u017cdy cykl szkoleniowy obejmowa\u0142 b\u0119dzie 210 godzin lekcyjnych (w tym 90% zaj\u0119\u0107 praktycznych i&nbsp;10% zaj\u0119\u0107 teoretycznych) i&nbsp;trwa\u0142 b\u0119dzie w&nbsp;okresie od kwietnia do pa\u017adziernika 2008 roku. Szkolenia poprowadz\u0105 do\u015bwiadczeni trenerzy Pa\u0144stwowej Wy\u017cszej Szko\u0142y Zawodowej. [\u2026] <\/p>\n<div class=\"clear\"><\/div>\n<p><a class=\"more_link clearfix\" href=\"https:\/\/pans.krosno.pl\/fundusze-zewnetrzne\/projekty-zrealizowane\/dobry-czas-na-rozwoj-szkolenia-dla-osob-po-45-roku-zycia-z-zakresu-programowania-i-obslugi-obrabiarek-sterowanych-numerycznie\/\" rel=\"nofollow\">Read More<\/a><\/p>\n","protected":false},"author":27,"featured_media":0,"parent":13,"menu_order":0,"comment_status":"closed","ping_status":"closed","template":"page-templates\/template-full-width.php","meta":{"ngg_post_thumbnail":0,"footnotes":""},"class_list":["post-966","page","type-page","status-publish","hentry"],"yoast_head":"<!-- This site is optimized with the Yoast SEO Premium plugin v27.3 (Yoast SEO v27.3) - https:\/\/yoast.com\/product\/yoast-seo-premium-wordpress\/ -->\n<title>Dobry czas na rozw\u00f3j \u2013 szkolenia dla os\u00f3b po 45 roku \u017cycia z zakresu programowania i obs\u0142ugi obrabiarek sterowanych numerycznie - Fundusze zewn\u0119trzne PANS w Kro\u015bnie<\/title>\n<meta name=\"robots\" content=\"index, follow, max-snippet:-1, max-image-preview:large, max-video-preview:-1\" \/>\n<link rel=\"canonical\" href=\"https:\/\/pans.krosno.pl\/fundusze-zewnetrzne\/projekty-zrealizowane\/dobry-czas-na-rozwoj-szkolenia-dla-osob-po-45-roku-zycia-z-zakresu-programowania-i-obslugi-obrabiarek-sterowanych-numerycznie\/\" \/>\n<meta property=\"og:locale\" content=\"pl_PL\" \/>\n<meta property=\"og:type\" content=\"article\" \/>\n<meta property=\"og:title\" content=\"Dobry czas na rozw\u00f3j \u2013 szkolenia dla os\u00f3b po 45 roku \u017cycia z zakresu programowania i obs\u0142ugi obrabiarek sterowanych numerycznie\" \/>\n<meta property=\"og:description\" content=\"W ramach projektu przewidziano realizacj\u0119 bezp\u0142atnego szkolenia \u201eOperator Obrabiarek Sterowanych Numerycznie&#8221; dla 24 os\u00f3b w&nbsp;dw\u00f3ch cyklach szkoleniowych. Ka\u017cdy cykl szkoleniowy obejmowa\u0142 b\u0119dzie 210 godzin lekcyjnych (w tym 90% zaj\u0119\u0107 praktycznych i&nbsp;10% zaj\u0119\u0107 teoretycznych) i&nbsp;trwa\u0142 b\u0119dzie w&nbsp;okresie od kwietnia do pa\u017adziernika 2008 roku. Szkolenia poprowadz\u0105 do\u015bwiadczeni trenerzy Pa\u0144stwowej Wy\u017cszej Szko\u0142y Zawodowej. [\u2026] Read More\" \/>\n<meta property=\"og:url\" content=\"https:\/\/pans.krosno.pl\/fundusze-zewnetrzne\/projekty-zrealizowane\/dobry-czas-na-rozwoj-szkolenia-dla-osob-po-45-roku-zycia-z-zakresu-programowania-i-obslugi-obrabiarek-sterowanych-numerycznie\/\" \/>\n<meta property=\"og:site_name\" content=\"Fundusze zewn\u0119trzne PANS w Kro\u015bnie\" \/>\n<meta property=\"article:modified_time\" content=\"2022-05-25T07:46:02+00:00\" \/>\n<meta property=\"og:image\" content=\"https:\/\/pans.krosno.pl\/fundusze-europejskie-kursy\/wp-content\/uploads\/sites\/14\/2020\/05\/1logo_ue_kl-2-2.jpg\" \/>\n<meta name=\"twitter:card\" content=\"summary_large_image\" \/>\n<meta name=\"twitter:label1\" content=\"Szacowany czas czytania\" \/>\n\t<meta name=\"twitter:data1\" content=\"1 minuta\" \/>\n<script type=\"application\/ld+json\" class=\"yoast-schema-graph\">{\"@context\":\"https:\\\/\\\/schema.org\",\"@graph\":[{\"@type\":\"WebPage\",\"@id\":\"https:\\\/\\\/pans.krosno.pl\\\/fundusze-zewnetrzne\\\/projekty-zrealizowane\\\/dobry-czas-na-rozwoj-szkolenia-dla-osob-po-45-roku-zycia-z-zakresu-programowania-i-obslugi-obrabiarek-sterowanych-numerycznie\\\/\",\"url\":\"https:\\\/\\\/pans.krosno.pl\\\/fundusze-zewnetrzne\\\/projekty-zrealizowane\\\/dobry-czas-na-rozwoj-szkolenia-dla-osob-po-45-roku-zycia-z-zakresu-programowania-i-obslugi-obrabiarek-sterowanych-numerycznie\\\/\",\"name\":\"Dobry czas na rozw\u00f3j \u2013 szkolenia dla os\u00f3b po 45 roku \u017cycia z zakresu programowania i obs\u0142ugi obrabiarek sterowanych numerycznie - Fundusze zewn\u0119trzne PANS w Kro\u015bnie\",\"isPartOf\":{\"@id\":\"https:\\\/\\\/pans.krosno.pl\\\/fundusze-zewnetrzne\\\/#website\"},\"primaryImageOfPage\":{\"@id\":\"https:\\\/\\\/pans.krosno.pl\\\/fundusze-zewnetrzne\\\/projekty-zrealizowane\\\/dobry-czas-na-rozwoj-szkolenia-dla-osob-po-45-roku-zycia-z-zakresu-programowania-i-obslugi-obrabiarek-sterowanych-numerycznie\\\/#primaryimage\"},\"image\":{\"@id\":\"https:\\\/\\\/pans.krosno.pl\\\/fundusze-zewnetrzne\\\/projekty-zrealizowane\\\/dobry-czas-na-rozwoj-szkolenia-dla-osob-po-45-roku-zycia-z-zakresu-programowania-i-obslugi-obrabiarek-sterowanych-numerycznie\\\/#primaryimage\"},\"thumbnailUrl\":\"https:\\\/\\\/pans.krosno.pl\\\/fundusze-europejskie-kursy\\\/wp-content\\\/uploads\\\/sites\\\/14\\\/2020\\\/05\\\/1logo_ue_kl-2-2.jpg\",\"datePublished\":\"2020-05-13T18:09:56+00:00\",\"dateModified\":\"2022-05-25T07:46:02+00:00\",\"breadcrumb\":{\"@id\":\"https:\\\/\\\/pans.krosno.pl\\\/fundusze-zewnetrzne\\\/projekty-zrealizowane\\\/dobry-czas-na-rozwoj-szkolenia-dla-osob-po-45-roku-zycia-z-zakresu-programowania-i-obslugi-obrabiarek-sterowanych-numerycznie\\\/#breadcrumb\"},\"inLanguage\":\"pl-PL\",\"potentialAction\":[{\"@type\":\"ReadAction\",\"target\":[\"https:\\\/\\\/pans.krosno.pl\\\/fundusze-zewnetrzne\\\/projekty-zrealizowane\\\/dobry-czas-na-rozwoj-szkolenia-dla-osob-po-45-roku-zycia-z-zakresu-programowania-i-obslugi-obrabiarek-sterowanych-numerycznie\\\/\"]}]},{\"@type\":\"ImageObject\",\"inLanguage\":\"pl-PL\",\"@id\":\"https:\\\/\\\/pans.krosno.pl\\\/fundusze-zewnetrzne\\\/projekty-zrealizowane\\\/dobry-czas-na-rozwoj-szkolenia-dla-osob-po-45-roku-zycia-z-zakresu-programowania-i-obslugi-obrabiarek-sterowanych-numerycznie\\\/#primaryimage\",\"url\":\"https:\\\/\\\/pans.krosno.pl\\\/fundusze-europejskie-kursy\\\/wp-content\\\/uploads\\\/sites\\\/14\\\/2020\\\/05\\\/1logo_ue_kl-2-2.jpg\",\"contentUrl\":\"https:\\\/\\\/pans.krosno.pl\\\/fundusze-europejskie-kursy\\\/wp-content\\\/uploads\\\/sites\\\/14\\\/2020\\\/05\\\/1logo_ue_kl-2-2.jpg\"},{\"@type\":\"BreadcrumbList\",\"@id\":\"https:\\\/\\\/pans.krosno.pl\\\/fundusze-zewnetrzne\\\/projekty-zrealizowane\\\/dobry-czas-na-rozwoj-szkolenia-dla-osob-po-45-roku-zycia-z-zakresu-programowania-i-obslugi-obrabiarek-sterowanych-numerycznie\\\/#breadcrumb\",\"itemListElement\":[{\"@type\":\"ListItem\",\"position\":1,\"name\":\"Strona g\u0142\u00f3wna\",\"item\":\"https:\\\/\\\/pans.krosno.pl\\\/fundusze-zewnetrzne\\\/\"},{\"@type\":\"ListItem\",\"position\":2,\"name\":\"Projekty zrealizowane\",\"item\":\"https:\\\/\\\/pans.krosno.pl\\\/fundusze-zewnetrzne\\\/projekty-zrealizowane\\\/\"},{\"@type\":\"ListItem\",\"position\":3,\"name\":\"Dobry czas na rozw\u00f3j \u2013 szkolenia dla os\u00f3b po 45 roku \u017cycia z zakresu programowania i obs\u0142ugi obrabiarek sterowanych numerycznie\"}]},{\"@type\":\"WebSite\",\"@id\":\"https:\\\/\\\/pans.krosno.pl\\\/fundusze-zewnetrzne\\\/#website\",\"url\":\"https:\\\/\\\/pans.krosno.pl\\\/fundusze-zewnetrzne\\\/\",\"name\":\"Fundusze zewn\u0119trzne PANS w Kro\u015bnie\",\"description\":\"Fundusze zewn\u0119trzne  - Pa\u0144stwowa Akademia Nauk Stosowanych\",\"publisher\":{\"@id\":\"https:\\\/\\\/pans.krosno.pl\\\/fundusze-zewnetrzne\\\/#organization\"},\"potentialAction\":[{\"@type\":\"SearchAction\",\"target\":{\"@type\":\"EntryPoint\",\"urlTemplate\":\"https:\\\/\\\/pans.krosno.pl\\\/fundusze-zewnetrzne\\\/?s={search_term_string}\"},\"query-input\":{\"@type\":\"PropertyValueSpecification\",\"valueRequired\":true,\"valueName\":\"search_term_string\"}}],\"inLanguage\":\"pl-PL\"},{\"@type\":\"Organization\",\"@id\":\"https:\\\/\\\/pans.krosno.pl\\\/fundusze-zewnetrzne\\\/#organization\",\"name\":\"Fundusze zewn\u0119trzne PANS w Kro\u015bnie\",\"url\":\"https:\\\/\\\/pans.krosno.pl\\\/fundusze-zewnetrzne\\\/\",\"logo\":{\"@type\":\"ImageObject\",\"inLanguage\":\"pl-PL\",\"@id\":\"https:\\\/\\\/pans.krosno.pl\\\/fundusze-zewnetrzne\\\/#\\\/schema\\\/logo\\\/image\\\/\",\"url\":\"https:\\\/\\\/pans.krosno.pl\\\/fundusze-zewnetrzne\\\/wp-content\\\/uploads\\\/sites\\\/14\\\/2023\\\/01\\\/Logo-PANS-2022-pelne.png\",\"contentUrl\":\"https:\\\/\\\/pans.krosno.pl\\\/fundusze-zewnetrzne\\\/wp-content\\\/uploads\\\/sites\\\/14\\\/2023\\\/01\\\/Logo-PANS-2022-pelne.png\",\"width\":3096,\"height\":696,\"caption\":\"Fundusze zewn\u0119trzne PANS w Kro\u015bnie\"},\"image\":{\"@id\":\"https:\\\/\\\/pans.krosno.pl\\\/fundusze-zewnetrzne\\\/#\\\/schema\\\/logo\\\/image\\\/\"}}]}<\/script>\n<!-- \/ Yoast SEO Premium plugin. -->","yoast_head_json":{"title":"Dobry czas na rozw\u00f3j \u2013 szkolenia dla os\u00f3b po 45 roku \u017cycia z zakresu programowania i obs\u0142ugi obrabiarek sterowanych numerycznie - Fundusze zewn\u0119trzne PANS w Kro\u015bnie","robots":{"index":"index","follow":"follow","max-snippet":"max-snippet:-1","max-image-preview":"max-image-preview:large","max-video-preview":"max-video-preview:-1"},"canonical":"https:\/\/pans.krosno.pl\/fundusze-zewnetrzne\/projekty-zrealizowane\/dobry-czas-na-rozwoj-szkolenia-dla-osob-po-45-roku-zycia-z-zakresu-programowania-i-obslugi-obrabiarek-sterowanych-numerycznie\/","og_locale":"pl_PL","og_type":"article","og_title":"Dobry czas na rozw\u00f3j \u2013 szkolenia dla os\u00f3b po 45 roku \u017cycia z zakresu programowania i obs\u0142ugi obrabiarek sterowanych numerycznie","og_description":"W ramach projektu przewidziano realizacj\u0119 bezp\u0142atnego szkolenia \u201eOperator Obrabiarek Sterowanych Numerycznie&#8221; dla 24 os\u00f3b w&nbsp;dw\u00f3ch cyklach szkoleniowych. Ka\u017cdy cykl szkoleniowy obejmowa\u0142 b\u0119dzie 210 godzin lekcyjnych (w tym 90% zaj\u0119\u0107 praktycznych i&nbsp;10% zaj\u0119\u0107 teoretycznych) i&nbsp;trwa\u0142 b\u0119dzie w&nbsp;okresie od kwietnia do pa\u017adziernika 2008 roku. Szkolenia poprowadz\u0105 do\u015bwiadczeni trenerzy Pa\u0144stwowej Wy\u017cszej Szko\u0142y Zawodowej. [\u2026] Read More","og_url":"https:\/\/pans.krosno.pl\/fundusze-zewnetrzne\/projekty-zrealizowane\/dobry-czas-na-rozwoj-szkolenia-dla-osob-po-45-roku-zycia-z-zakresu-programowania-i-obslugi-obrabiarek-sterowanych-numerycznie\/","og_site_name":"Fundusze zewn\u0119trzne PANS w Kro\u015bnie","article_modified_time":"2022-05-25T07:46:02+00:00","og_image":[{"url":"https:\/\/pans.krosno.pl\/fundusze-europejskie-kursy\/wp-content\/uploads\/sites\/14\/2020\/05\/1logo_ue_kl-2-2.jpg","type":"","width":"","height":""}],"twitter_card":"summary_large_image","twitter_misc":{"Szacowany czas czytania":"1 minuta"},"schema":{"@context":"https:\/\/schema.org","@graph":[{"@type":"WebPage","@id":"https:\/\/pans.krosno.pl\/fundusze-zewnetrzne\/projekty-zrealizowane\/dobry-czas-na-rozwoj-szkolenia-dla-osob-po-45-roku-zycia-z-zakresu-programowania-i-obslugi-obrabiarek-sterowanych-numerycznie\/","url":"https:\/\/pans.krosno.pl\/fundusze-zewnetrzne\/projekty-zrealizowane\/dobry-czas-na-rozwoj-szkolenia-dla-osob-po-45-roku-zycia-z-zakresu-programowania-i-obslugi-obrabiarek-sterowanych-numerycznie\/","name":"Dobry czas na rozw\u00f3j \u2013 szkolenia dla os\u00f3b po 45 roku \u017cycia z zakresu programowania i obs\u0142ugi obrabiarek sterowanych numerycznie - Fundusze zewn\u0119trzne PANS w Kro\u015bnie","isPartOf":{"@id":"https:\/\/pans.krosno.pl\/fundusze-zewnetrzne\/#website"},"primaryImageOfPage":{"@id":"https:\/\/pans.krosno.pl\/fundusze-zewnetrzne\/projekty-zrealizowane\/dobry-czas-na-rozwoj-szkolenia-dla-osob-po-45-roku-zycia-z-zakresu-programowania-i-obslugi-obrabiarek-sterowanych-numerycznie\/#primaryimage"},"image":{"@id":"https:\/\/pans.krosno.pl\/fundusze-zewnetrzne\/projekty-zrealizowane\/dobry-czas-na-rozwoj-szkolenia-dla-osob-po-45-roku-zycia-z-zakresu-programowania-i-obslugi-obrabiarek-sterowanych-numerycznie\/#primaryimage"},"thumbnailUrl":"https:\/\/pans.krosno.pl\/fundusze-europejskie-kursy\/wp-content\/uploads\/sites\/14\/2020\/05\/1logo_ue_kl-2-2.jpg","datePublished":"2020-05-13T18:09:56+00:00","dateModified":"2022-05-25T07:46:02+00:00","breadcrumb":{"@id":"https:\/\/pans.krosno.pl\/fundusze-zewnetrzne\/projekty-zrealizowane\/dobry-czas-na-rozwoj-szkolenia-dla-osob-po-45-roku-zycia-z-zakresu-programowania-i-obslugi-obrabiarek-sterowanych-numerycznie\/#breadcrumb"},"inLanguage":"pl-PL","potentialAction":[{"@type":"ReadAction","target":["https:\/\/pans.krosno.pl\/fundusze-zewnetrzne\/projekty-zrealizowane\/dobry-czas-na-rozwoj-szkolenia-dla-osob-po-45-roku-zycia-z-zakresu-programowania-i-obslugi-obrabiarek-sterowanych-numerycznie\/"]}]},{"@type":"ImageObject","inLanguage":"pl-PL","@id":"https:\/\/pans.krosno.pl\/fundusze-zewnetrzne\/projekty-zrealizowane\/dobry-czas-na-rozwoj-szkolenia-dla-osob-po-45-roku-zycia-z-zakresu-programowania-i-obslugi-obrabiarek-sterowanych-numerycznie\/#primaryimage","url":"https:\/\/pans.krosno.pl\/fundusze-europejskie-kursy\/wp-content\/uploads\/sites\/14\/2020\/05\/1logo_ue_kl-2-2.jpg","contentUrl":"https:\/\/pans.krosno.pl\/fundusze-europejskie-kursy\/wp-content\/uploads\/sites\/14\/2020\/05\/1logo_ue_kl-2-2.jpg"},{"@type":"BreadcrumbList","@id":"https:\/\/pans.krosno.pl\/fundusze-zewnetrzne\/projekty-zrealizowane\/dobry-czas-na-rozwoj-szkolenia-dla-osob-po-45-roku-zycia-z-zakresu-programowania-i-obslugi-obrabiarek-sterowanych-numerycznie\/#breadcrumb","itemListElement":[{"@type":"ListItem","position":1,"name":"Strona g\u0142\u00f3wna","item":"https:\/\/pans.krosno.pl\/fundusze-zewnetrzne\/"},{"@type":"ListItem","position":2,"name":"Projekty zrealizowane","item":"https:\/\/pans.krosno.pl\/fundusze-zewnetrzne\/projekty-zrealizowane\/"},{"@type":"ListItem","position":3,"name":"Dobry czas na rozw\u00f3j \u2013 szkolenia dla os\u00f3b po 45 roku \u017cycia z zakresu programowania i obs\u0142ugi obrabiarek sterowanych numerycznie"}]},{"@type":"WebSite","@id":"https:\/\/pans.krosno.pl\/fundusze-zewnetrzne\/#website","url":"https:\/\/pans.krosno.pl\/fundusze-zewnetrzne\/","name":"Fundusze zewn\u0119trzne PANS w Kro\u015bnie","description":"Fundusze zewn\u0119trzne  - Pa\u0144stwowa Akademia Nauk Stosowanych","publisher":{"@id":"https:\/\/pans.krosno.pl\/fundusze-zewnetrzne\/#organization"},"potentialAction":[{"@type":"SearchAction","target":{"@type":"EntryPoint","urlTemplate":"https:\/\/pans.krosno.pl\/fundusze-zewnetrzne\/?s={search_term_string}"},"query-input":{"@type":"PropertyValueSpecification","valueRequired":true,"valueName":"search_term_string"}}],"inLanguage":"pl-PL"},{"@type":"Organization","@id":"https:\/\/pans.krosno.pl\/fundusze-zewnetrzne\/#organization","name":"Fundusze zewn\u0119trzne PANS w Kro\u015bnie","url":"https:\/\/pans.krosno.pl\/fundusze-zewnetrzne\/","logo":{"@type":"ImageObject","inLanguage":"pl-PL","@id":"https:\/\/pans.krosno.pl\/fundusze-zewnetrzne\/#\/schema\/logo\/image\/","url":"https:\/\/pans.krosno.pl\/fundusze-zewnetrzne\/wp-content\/uploads\/sites\/14\/2023\/01\/Logo-PANS-2022-pelne.png","contentUrl":"https:\/\/pans.krosno.pl\/fundusze-zewnetrzne\/wp-content\/uploads\/sites\/14\/2023\/01\/Logo-PANS-2022-pelne.png","width":3096,"height":696,"caption":"Fundusze zewn\u0119trzne PANS w Kro\u015bnie"},"image":{"@id":"https:\/\/pans.krosno.pl\/fundusze-zewnetrzne\/#\/schema\/logo\/image\/"}}]}},"_links":{"self":[{"href":"https:\/\/pans.krosno.pl\/fundusze-zewnetrzne\/wp-json\/wp\/v2\/pages\/966","targetHints":{"allow":["GET"]}}],"collection":[{"href":"https:\/\/pans.krosno.pl\/fundusze-zewnetrzne\/wp-json\/wp\/v2\/pages"}],"about":[{"href":"https:\/\/pans.krosno.pl\/fundusze-zewnetrzne\/wp-json\/wp\/v2\/types\/page"}],"author":[{"embeddable":true,"href":"https:\/\/pans.krosno.pl\/fundusze-zewnetrzne\/wp-json\/wp\/v2\/users\/27"}],"replies":[{"embeddable":true,"href":"https:\/\/pans.krosno.pl\/fundusze-zewnetrzne\/wp-json\/wp\/v2\/comments?post=966"}],"version-history":[{"count":2,"href":"https:\/\/pans.krosno.pl\/fundusze-zewnetrzne\/wp-json\/wp\/v2\/pages\/966\/revisions"}],"predecessor-version":[{"id":3265,"href":"https:\/\/pans.krosno.pl\/fundusze-zewnetrzne\/wp-json\/wp\/v2\/pages\/966\/revisions\/3265"}],"up":[{"embeddable":true,"href":"https:\/\/pans.krosno.pl\/fundusze-zewnetrzne\/wp-json\/wp\/v2\/pages\/13"}],"wp:attachment":[{"href":"https:\/\/pans.krosno.pl\/fundusze-zewnetrzne\/wp-json\/wp\/v2\/media?parent=966"}],"curies":[{"name":"wp","href":"https:\/\/api.w.org\/{rel}","templated":true}]}}