{"id":957,"date":"2020-05-13T20:08:05","date_gmt":"2020-05-13T18:08:05","guid":{"rendered":"https:\/\/pans.krosno.pl\/fundusze-europejskie-kursy\/?page_id=957"},"modified":"2022-05-25T09:44:45","modified_gmt":"2022-05-25T07:44:45","slug":"podnosze-swoje-kwalifikacje-i-wplywam-na-wzrost-poziomu-turystyki-na-podkarpaciu-organizacja-szkolen-zawodowych","status":"publish","type":"page","link":"https:\/\/pans.krosno.pl\/fundusze-zewnetrzne\/projekty-zrealizowane\/podnosze-swoje-kwalifikacje-i-wplywam-na-wzrost-poziomu-turystyki-na-podkarpaciu-organizacja-szkolen-zawodowych\/","title":{"rendered":"Podnosz\u0119 swoje kwalifikacje i wp\u0142ywam na wzrost poziomu turystyki na Podkarpaciu \u2013 organizacja szkole\u0144 zawodowych"},"content":{"rendered":"\n<p>Celem og\u00f3lnym projektu jest podniesienie kwalifikacji i&nbsp;umiej\u0119tno\u015bci zawodowych pracuj\u0105cych os\u00f3b doros\u0142ych, mieszka\u0144c\u00f3w wojew\u00f3dztwa podkarpackiego, do potrzeb sektora sportu, turystyki i rekreacji w naszym regionie.<\/p>\n\n\n\n<p>Czas trwania projektu<\/p>\n\n\n\n<p>01.01.2009 \u2013 31.07.2011<\/p>\n\n\n\n<p>Projekt wsp\u00f3\u0142finansowany przez Uni\u0119 Europejsk\u0105 ze \u015brodk\u00f3w Europejskiego Funduszu Spo\u0142ecznego w ramach Programu Operacyjnego Kapita\u0142 Ludzki.<\/p>\n\n\n\n<figure class=\"wp-block-image size-large\"><img loading=\"lazy\" decoding=\"async\" width=\"500\" height=\"95\" src=\"https:\/\/pans.krosno.pl\/fundusze-europejskie-kursy\/wp-content\/uploads\/sites\/14\/2020\/05\/1logo_ue_kl-1.jpg\" alt=\"\" class=\"wp-image-958\" srcset=\"https:\/\/pans.krosno.pl\/fundusze-zewnetrzne\/wp-content\/uploads\/sites\/14\/2020\/05\/1logo_ue_kl-1.jpg 500w, https:\/\/pans.krosno.pl\/fundusze-zewnetrzne\/wp-content\/uploads\/sites\/14\/2020\/05\/1logo_ue_kl-1-300x57.jpg 300w\" sizes=\"auto, (max-width: 500px) 100vw, 500px\" \/><\/figure>\n","protected":false},"excerpt":{"rendered":"<p>Celem og\u00f3lnym projektu jest podniesienie kwalifikacji i&nbsp;umiej\u0119tno\u015bci zawodowych pracuj\u0105cych os\u00f3b doros\u0142ych, mieszka\u0144c\u00f3w wojew\u00f3dztwa podkarpackiego, do potrzeb sektora sportu, turystyki i rekreacji w naszym regionie. Czas trwania projektu 01.01.2009 \u2013 31.07.2011 Projekt wsp\u00f3\u0142finansowany przez Uni\u0119 Europejsk\u0105 ze \u015brodk\u00f3w Europejskiego Funduszu Spo\u0142ecznego w ramach Programu Operacyjnego Kapita\u0142 Ludzki.<\/p>\n","protected":false},"author":27,"featured_media":0,"parent":13,"menu_order":0,"comment_status":"closed","ping_status":"closed","template":"page-templates\/template-full-width.php","meta":{"ngg_post_thumbnail":0,"footnotes":""},"class_list":["post-957","page","type-page","status-publish","hentry"],"yoast_head":"<!-- This site is optimized with the Yoast SEO Premium plugin v27.3 (Yoast SEO v27.3) - https:\/\/yoast.com\/product\/yoast-seo-premium-wordpress\/ -->\n<title>Podnosz\u0119 swoje kwalifikacje i wp\u0142ywam na wzrost poziomu turystyki na Podkarpaciu \u2013 organizacja szkole\u0144 zawodowych - Fundusze zewn\u0119trzne PANS w Kro\u015bnie<\/title>\n<meta name=\"robots\" content=\"index, follow, max-snippet:-1, max-image-preview:large, max-video-preview:-1\" \/>\n<link rel=\"canonical\" href=\"https:\/\/pans.krosno.pl\/fundusze-zewnetrzne\/projekty-zrealizowane\/podnosze-swoje-kwalifikacje-i-wplywam-na-wzrost-poziomu-turystyki-na-podkarpaciu-organizacja-szkolen-zawodowych\/\" \/>\n<meta property=\"og:locale\" content=\"pl_PL\" \/>\n<meta property=\"og:type\" content=\"article\" \/>\n<meta property=\"og:title\" content=\"Podnosz\u0119 swoje kwalifikacje i wp\u0142ywam na wzrost poziomu turystyki na Podkarpaciu \u2013 organizacja szkole\u0144 zawodowych\" \/>\n<meta property=\"og:description\" content=\"Celem og\u00f3lnym projektu jest podniesienie kwalifikacji i&nbsp;umiej\u0119tno\u015bci zawodowych pracuj\u0105cych os\u00f3b doros\u0142ych, mieszka\u0144c\u00f3w wojew\u00f3dztwa podkarpackiego, do potrzeb sektora sportu, turystyki i rekreacji w naszym regionie. Czas trwania projektu 01.01.2009 \u2013 31.07.2011 Projekt wsp\u00f3\u0142finansowany przez Uni\u0119 Europejsk\u0105 ze \u015brodk\u00f3w Europejskiego Funduszu Spo\u0142ecznego w ramach Programu Operacyjnego Kapita\u0142 Ludzki.\" \/>\n<meta property=\"og:url\" content=\"https:\/\/pans.krosno.pl\/fundusze-zewnetrzne\/projekty-zrealizowane\/podnosze-swoje-kwalifikacje-i-wplywam-na-wzrost-poziomu-turystyki-na-podkarpaciu-organizacja-szkolen-zawodowych\/\" \/>\n<meta property=\"og:site_name\" content=\"Fundusze zewn\u0119trzne PANS w Kro\u015bnie\" \/>\n<meta property=\"article:modified_time\" content=\"2022-05-25T07:44:45+00:00\" \/>\n<meta property=\"og:image\" content=\"https:\/\/pans.krosno.pl\/fundusze-europejskie-kursy\/wp-content\/uploads\/sites\/14\/2020\/05\/1logo_ue_kl-1.jpg\" \/>\n<meta name=\"twitter:card\" content=\"summary_large_image\" \/>\n<meta name=\"twitter:label1\" content=\"Szacowany czas czytania\" \/>\n\t<meta name=\"twitter:data1\" content=\"1 minuta\" \/>\n<script type=\"application\/ld+json\" class=\"yoast-schema-graph\">{\"@context\":\"https:\\\/\\\/schema.org\",\"@graph\":[{\"@type\":\"WebPage\",\"@id\":\"https:\\\/\\\/pans.krosno.pl\\\/fundusze-zewnetrzne\\\/projekty-zrealizowane\\\/podnosze-swoje-kwalifikacje-i-wplywam-na-wzrost-poziomu-turystyki-na-podkarpaciu-organizacja-szkolen-zawodowych\\\/\",\"url\":\"https:\\\/\\\/pans.krosno.pl\\\/fundusze-zewnetrzne\\\/projekty-zrealizowane\\\/podnosze-swoje-kwalifikacje-i-wplywam-na-wzrost-poziomu-turystyki-na-podkarpaciu-organizacja-szkolen-zawodowych\\\/\",\"name\":\"Podnosz\u0119 swoje kwalifikacje i wp\u0142ywam na wzrost poziomu turystyki na Podkarpaciu \u2013 organizacja szkole\u0144 zawodowych - Fundusze zewn\u0119trzne PANS w Kro\u015bnie\",\"isPartOf\":{\"@id\":\"https:\\\/\\\/pans.krosno.pl\\\/fundusze-zewnetrzne\\\/#website\"},\"primaryImageOfPage\":{\"@id\":\"https:\\\/\\\/pans.krosno.pl\\\/fundusze-zewnetrzne\\\/projekty-zrealizowane\\\/podnosze-swoje-kwalifikacje-i-wplywam-na-wzrost-poziomu-turystyki-na-podkarpaciu-organizacja-szkolen-zawodowych\\\/#primaryimage\"},\"image\":{\"@id\":\"https:\\\/\\\/pans.krosno.pl\\\/fundusze-zewnetrzne\\\/projekty-zrealizowane\\\/podnosze-swoje-kwalifikacje-i-wplywam-na-wzrost-poziomu-turystyki-na-podkarpaciu-organizacja-szkolen-zawodowych\\\/#primaryimage\"},\"thumbnailUrl\":\"https:\\\/\\\/pans.krosno.pl\\\/fundusze-europejskie-kursy\\\/wp-content\\\/uploads\\\/sites\\\/14\\\/2020\\\/05\\\/1logo_ue_kl-1.jpg\",\"datePublished\":\"2020-05-13T18:08:05+00:00\",\"dateModified\":\"2022-05-25T07:44:45+00:00\",\"breadcrumb\":{\"@id\":\"https:\\\/\\\/pans.krosno.pl\\\/fundusze-zewnetrzne\\\/projekty-zrealizowane\\\/podnosze-swoje-kwalifikacje-i-wplywam-na-wzrost-poziomu-turystyki-na-podkarpaciu-organizacja-szkolen-zawodowych\\\/#breadcrumb\"},\"inLanguage\":\"pl-PL\",\"potentialAction\":[{\"@type\":\"ReadAction\",\"target\":[\"https:\\\/\\\/pans.krosno.pl\\\/fundusze-zewnetrzne\\\/projekty-zrealizowane\\\/podnosze-swoje-kwalifikacje-i-wplywam-na-wzrost-poziomu-turystyki-na-podkarpaciu-organizacja-szkolen-zawodowych\\\/\"]}]},{\"@type\":\"ImageObject\",\"inLanguage\":\"pl-PL\",\"@id\":\"https:\\\/\\\/pans.krosno.pl\\\/fundusze-zewnetrzne\\\/projekty-zrealizowane\\\/podnosze-swoje-kwalifikacje-i-wplywam-na-wzrost-poziomu-turystyki-na-podkarpaciu-organizacja-szkolen-zawodowych\\\/#primaryimage\",\"url\":\"https:\\\/\\\/pans.krosno.pl\\\/fundusze-europejskie-kursy\\\/wp-content\\\/uploads\\\/sites\\\/14\\\/2020\\\/05\\\/1logo_ue_kl-1.jpg\",\"contentUrl\":\"https:\\\/\\\/pans.krosno.pl\\\/fundusze-europejskie-kursy\\\/wp-content\\\/uploads\\\/sites\\\/14\\\/2020\\\/05\\\/1logo_ue_kl-1.jpg\"},{\"@type\":\"BreadcrumbList\",\"@id\":\"https:\\\/\\\/pans.krosno.pl\\\/fundusze-zewnetrzne\\\/projekty-zrealizowane\\\/podnosze-swoje-kwalifikacje-i-wplywam-na-wzrost-poziomu-turystyki-na-podkarpaciu-organizacja-szkolen-zawodowych\\\/#breadcrumb\",\"itemListElement\":[{\"@type\":\"ListItem\",\"position\":1,\"name\":\"Strona g\u0142\u00f3wna\",\"item\":\"https:\\\/\\\/pans.krosno.pl\\\/fundusze-zewnetrzne\\\/\"},{\"@type\":\"ListItem\",\"position\":2,\"name\":\"Projekty zrealizowane\",\"item\":\"https:\\\/\\\/pans.krosno.pl\\\/fundusze-zewnetrzne\\\/projekty-zrealizowane\\\/\"},{\"@type\":\"ListItem\",\"position\":3,\"name\":\"Podnosz\u0119 swoje kwalifikacje i wp\u0142ywam na wzrost poziomu turystyki na Podkarpaciu \u2013 organizacja szkole\u0144 zawodowych\"}]},{\"@type\":\"WebSite\",\"@id\":\"https:\\\/\\\/pans.krosno.pl\\\/fundusze-zewnetrzne\\\/#website\",\"url\":\"https:\\\/\\\/pans.krosno.pl\\\/fundusze-zewnetrzne\\\/\",\"name\":\"Fundusze zewn\u0119trzne PANS w Kro\u015bnie\",\"description\":\"Fundusze zewn\u0119trzne  - Pa\u0144stwowa Akademia Nauk Stosowanych\",\"publisher\":{\"@id\":\"https:\\\/\\\/pans.krosno.pl\\\/fundusze-zewnetrzne\\\/#organization\"},\"potentialAction\":[{\"@type\":\"SearchAction\",\"target\":{\"@type\":\"EntryPoint\",\"urlTemplate\":\"https:\\\/\\\/pans.krosno.pl\\\/fundusze-zewnetrzne\\\/?s={search_term_string}\"},\"query-input\":{\"@type\":\"PropertyValueSpecification\",\"valueRequired\":true,\"valueName\":\"search_term_string\"}}],\"inLanguage\":\"pl-PL\"},{\"@type\":\"Organization\",\"@id\":\"https:\\\/\\\/pans.krosno.pl\\\/fundusze-zewnetrzne\\\/#organization\",\"name\":\"Fundusze zewn\u0119trzne PANS w Kro\u015bnie\",\"url\":\"https:\\\/\\\/pans.krosno.pl\\\/fundusze-zewnetrzne\\\/\",\"logo\":{\"@type\":\"ImageObject\",\"inLanguage\":\"pl-PL\",\"@id\":\"https:\\\/\\\/pans.krosno.pl\\\/fundusze-zewnetrzne\\\/#\\\/schema\\\/logo\\\/image\\\/\",\"url\":\"https:\\\/\\\/pans.krosno.pl\\\/fundusze-zewnetrzne\\\/wp-content\\\/uploads\\\/sites\\\/14\\\/2023\\\/01\\\/Logo-PANS-2022-pelne.png\",\"contentUrl\":\"https:\\\/\\\/pans.krosno.pl\\\/fundusze-zewnetrzne\\\/wp-content\\\/uploads\\\/sites\\\/14\\\/2023\\\/01\\\/Logo-PANS-2022-pelne.png\",\"width\":3096,\"height\":696,\"caption\":\"Fundusze zewn\u0119trzne PANS w Kro\u015bnie\"},\"image\":{\"@id\":\"https:\\\/\\\/pans.krosno.pl\\\/fundusze-zewnetrzne\\\/#\\\/schema\\\/logo\\\/image\\\/\"}}]}<\/script>\n<!-- \/ Yoast SEO Premium plugin. -->","yoast_head_json":{"title":"Podnosz\u0119 swoje kwalifikacje i wp\u0142ywam na wzrost poziomu turystyki na Podkarpaciu \u2013 organizacja szkole\u0144 zawodowych - Fundusze zewn\u0119trzne PANS w Kro\u015bnie","robots":{"index":"index","follow":"follow","max-snippet":"max-snippet:-1","max-image-preview":"max-image-preview:large","max-video-preview":"max-video-preview:-1"},"canonical":"https:\/\/pans.krosno.pl\/fundusze-zewnetrzne\/projekty-zrealizowane\/podnosze-swoje-kwalifikacje-i-wplywam-na-wzrost-poziomu-turystyki-na-podkarpaciu-organizacja-szkolen-zawodowych\/","og_locale":"pl_PL","og_type":"article","og_title":"Podnosz\u0119 swoje kwalifikacje i wp\u0142ywam na wzrost poziomu turystyki na Podkarpaciu \u2013 organizacja szkole\u0144 zawodowych","og_description":"Celem og\u00f3lnym projektu jest podniesienie kwalifikacji i&nbsp;umiej\u0119tno\u015bci zawodowych pracuj\u0105cych os\u00f3b doros\u0142ych, mieszka\u0144c\u00f3w wojew\u00f3dztwa podkarpackiego, do potrzeb sektora sportu, turystyki i rekreacji w naszym regionie. Czas trwania projektu 01.01.2009 \u2013 31.07.2011 Projekt wsp\u00f3\u0142finansowany przez Uni\u0119 Europejsk\u0105 ze \u015brodk\u00f3w Europejskiego Funduszu Spo\u0142ecznego w ramach Programu Operacyjnego Kapita\u0142 Ludzki.","og_url":"https:\/\/pans.krosno.pl\/fundusze-zewnetrzne\/projekty-zrealizowane\/podnosze-swoje-kwalifikacje-i-wplywam-na-wzrost-poziomu-turystyki-na-podkarpaciu-organizacja-szkolen-zawodowych\/","og_site_name":"Fundusze zewn\u0119trzne PANS w Kro\u015bnie","article_modified_time":"2022-05-25T07:44:45+00:00","og_image":[{"url":"https:\/\/pans.krosno.pl\/fundusze-europejskie-kursy\/wp-content\/uploads\/sites\/14\/2020\/05\/1logo_ue_kl-1.jpg","type":"","width":"","height":""}],"twitter_card":"summary_large_image","twitter_misc":{"Szacowany czas czytania":"1 minuta"},"schema":{"@context":"https:\/\/schema.org","@graph":[{"@type":"WebPage","@id":"https:\/\/pans.krosno.pl\/fundusze-zewnetrzne\/projekty-zrealizowane\/podnosze-swoje-kwalifikacje-i-wplywam-na-wzrost-poziomu-turystyki-na-podkarpaciu-organizacja-szkolen-zawodowych\/","url":"https:\/\/pans.krosno.pl\/fundusze-zewnetrzne\/projekty-zrealizowane\/podnosze-swoje-kwalifikacje-i-wplywam-na-wzrost-poziomu-turystyki-na-podkarpaciu-organizacja-szkolen-zawodowych\/","name":"Podnosz\u0119 swoje kwalifikacje i wp\u0142ywam na wzrost poziomu turystyki na Podkarpaciu \u2013 organizacja szkole\u0144 zawodowych - Fundusze zewn\u0119trzne PANS w Kro\u015bnie","isPartOf":{"@id":"https:\/\/pans.krosno.pl\/fundusze-zewnetrzne\/#website"},"primaryImageOfPage":{"@id":"https:\/\/pans.krosno.pl\/fundusze-zewnetrzne\/projekty-zrealizowane\/podnosze-swoje-kwalifikacje-i-wplywam-na-wzrost-poziomu-turystyki-na-podkarpaciu-organizacja-szkolen-zawodowych\/#primaryimage"},"image":{"@id":"https:\/\/pans.krosno.pl\/fundusze-zewnetrzne\/projekty-zrealizowane\/podnosze-swoje-kwalifikacje-i-wplywam-na-wzrost-poziomu-turystyki-na-podkarpaciu-organizacja-szkolen-zawodowych\/#primaryimage"},"thumbnailUrl":"https:\/\/pans.krosno.pl\/fundusze-europejskie-kursy\/wp-content\/uploads\/sites\/14\/2020\/05\/1logo_ue_kl-1.jpg","datePublished":"2020-05-13T18:08:05+00:00","dateModified":"2022-05-25T07:44:45+00:00","breadcrumb":{"@id":"https:\/\/pans.krosno.pl\/fundusze-zewnetrzne\/projekty-zrealizowane\/podnosze-swoje-kwalifikacje-i-wplywam-na-wzrost-poziomu-turystyki-na-podkarpaciu-organizacja-szkolen-zawodowych\/#breadcrumb"},"inLanguage":"pl-PL","potentialAction":[{"@type":"ReadAction","target":["https:\/\/pans.krosno.pl\/fundusze-zewnetrzne\/projekty-zrealizowane\/podnosze-swoje-kwalifikacje-i-wplywam-na-wzrost-poziomu-turystyki-na-podkarpaciu-organizacja-szkolen-zawodowych\/"]}]},{"@type":"ImageObject","inLanguage":"pl-PL","@id":"https:\/\/pans.krosno.pl\/fundusze-zewnetrzne\/projekty-zrealizowane\/podnosze-swoje-kwalifikacje-i-wplywam-na-wzrost-poziomu-turystyki-na-podkarpaciu-organizacja-szkolen-zawodowych\/#primaryimage","url":"https:\/\/pans.krosno.pl\/fundusze-europejskie-kursy\/wp-content\/uploads\/sites\/14\/2020\/05\/1logo_ue_kl-1.jpg","contentUrl":"https:\/\/pans.krosno.pl\/fundusze-europejskie-kursy\/wp-content\/uploads\/sites\/14\/2020\/05\/1logo_ue_kl-1.jpg"},{"@type":"BreadcrumbList","@id":"https:\/\/pans.krosno.pl\/fundusze-zewnetrzne\/projekty-zrealizowane\/podnosze-swoje-kwalifikacje-i-wplywam-na-wzrost-poziomu-turystyki-na-podkarpaciu-organizacja-szkolen-zawodowych\/#breadcrumb","itemListElement":[{"@type":"ListItem","position":1,"name":"Strona g\u0142\u00f3wna","item":"https:\/\/pans.krosno.pl\/fundusze-zewnetrzne\/"},{"@type":"ListItem","position":2,"name":"Projekty zrealizowane","item":"https:\/\/pans.krosno.pl\/fundusze-zewnetrzne\/projekty-zrealizowane\/"},{"@type":"ListItem","position":3,"name":"Podnosz\u0119 swoje kwalifikacje i wp\u0142ywam na wzrost poziomu turystyki na Podkarpaciu \u2013 organizacja szkole\u0144 zawodowych"}]},{"@type":"WebSite","@id":"https:\/\/pans.krosno.pl\/fundusze-zewnetrzne\/#website","url":"https:\/\/pans.krosno.pl\/fundusze-zewnetrzne\/","name":"Fundusze zewn\u0119trzne PANS w Kro\u015bnie","description":"Fundusze zewn\u0119trzne  - Pa\u0144stwowa Akademia Nauk Stosowanych","publisher":{"@id":"https:\/\/pans.krosno.pl\/fundusze-zewnetrzne\/#organization"},"potentialAction":[{"@type":"SearchAction","target":{"@type":"EntryPoint","urlTemplate":"https:\/\/pans.krosno.pl\/fundusze-zewnetrzne\/?s={search_term_string}"},"query-input":{"@type":"PropertyValueSpecification","valueRequired":true,"valueName":"search_term_string"}}],"inLanguage":"pl-PL"},{"@type":"Organization","@id":"https:\/\/pans.krosno.pl\/fundusze-zewnetrzne\/#organization","name":"Fundusze zewn\u0119trzne PANS w Kro\u015bnie","url":"https:\/\/pans.krosno.pl\/fundusze-zewnetrzne\/","logo":{"@type":"ImageObject","inLanguage":"pl-PL","@id":"https:\/\/pans.krosno.pl\/fundusze-zewnetrzne\/#\/schema\/logo\/image\/","url":"https:\/\/pans.krosno.pl\/fundusze-zewnetrzne\/wp-content\/uploads\/sites\/14\/2023\/01\/Logo-PANS-2022-pelne.png","contentUrl":"https:\/\/pans.krosno.pl\/fundusze-zewnetrzne\/wp-content\/uploads\/sites\/14\/2023\/01\/Logo-PANS-2022-pelne.png","width":3096,"height":696,"caption":"Fundusze zewn\u0119trzne PANS w Kro\u015bnie"},"image":{"@id":"https:\/\/pans.krosno.pl\/fundusze-zewnetrzne\/#\/schema\/logo\/image\/"}}]}},"_links":{"self":[{"href":"https:\/\/pans.krosno.pl\/fundusze-zewnetrzne\/wp-json\/wp\/v2\/pages\/957","targetHints":{"allow":["GET"]}}],"collection":[{"href":"https:\/\/pans.krosno.pl\/fundusze-zewnetrzne\/wp-json\/wp\/v2\/pages"}],"about":[{"href":"https:\/\/pans.krosno.pl\/fundusze-zewnetrzne\/wp-json\/wp\/v2\/types\/page"}],"author":[{"embeddable":true,"href":"https:\/\/pans.krosno.pl\/fundusze-zewnetrzne\/wp-json\/wp\/v2\/users\/27"}],"replies":[{"embeddable":true,"href":"https:\/\/pans.krosno.pl\/fundusze-zewnetrzne\/wp-json\/wp\/v2\/comments?post=957"}],"version-history":[{"count":2,"href":"https:\/\/pans.krosno.pl\/fundusze-zewnetrzne\/wp-json\/wp\/v2\/pages\/957\/revisions"}],"predecessor-version":[{"id":3262,"href":"https:\/\/pans.krosno.pl\/fundusze-zewnetrzne\/wp-json\/wp\/v2\/pages\/957\/revisions\/3262"}],"up":[{"embeddable":true,"href":"https:\/\/pans.krosno.pl\/fundusze-zewnetrzne\/wp-json\/wp\/v2\/pages\/13"}],"wp:attachment":[{"href":"https:\/\/pans.krosno.pl\/fundusze-zewnetrzne\/wp-json\/wp\/v2\/media?parent=957"}],"curies":[{"name":"wp","href":"https:\/\/api.w.org\/{rel}","templated":true}]}}