{"id":939,"date":"2020-05-13T20:06:12","date_gmt":"2020-05-13T18:06:12","guid":{"rendered":"https:\/\/pans.krosno.pl\/fundusze-europejskie-kursy\/?page_id=939"},"modified":"2022-05-25T09:43:39","modified_gmt":"2022-05-25T07:43:39","slug":"aktywnosc-na-cale-zycie-polsko-slowacka-platforma-kultury-fizycznej-i-promocji-zdrowia-studentow","status":"publish","type":"page","link":"https:\/\/pans.krosno.pl\/fundusze-zewnetrzne\/projekty-zrealizowane\/aktywnosc-na-cale-zycie-polsko-slowacka-platforma-kultury-fizycznej-i-promocji-zdrowia-studentow\/","title":{"rendered":"Aktywno\u015b\u0107 na ca\u0142e \u017cycie&#8221; Polsko-S\u0142owacka platforma kultury fizycznej i promocji zdrowia student\u00f3w"},"content":{"rendered":"\n<p>Projekt realizowany w okresie od 01.12.2009 r. do 30.11.2010 r.<\/p>\n\n\n\n<p>Celem projektu s\u0105 wielokierunkowe dzia\u0142ania skierowane do polsko-s\u0142owackiej spo\u0142eczno\u015bci studenckiej polegaj\u0105ce na stworzeniu systemu dba\u0142o\u015bci o zdrowie opartego o edukacj\u0119 zdrowotn\u0105 student\u00f3w, monitoring wybranych modyfikowalnych czynnik\u00f3w ryzyka choroby uk\u0142adu sercowo-naczyniowego oraz utworzenie platformy internetowej s\u0142u\u017c\u0105cej powy\u017cszym celom. Umo\u017cliwi ona kontrol\u0119 i ocen\u0119 sprawno\u015bci fizycznej oraz stylu \u017cycia student\u00f3w i pos\u0142u\u017cy do analizy wynik\u00f3w bada\u0144 i do\u015bwiadcze\u0144 oraz wymiany informacji.<\/p>\n\n\n\n<p>Cele<br>&#8211; Zwi\u0119kszenie \u015bwiadomo\u015bci znaczenia profilaktyki prozdrowotnej<br>&#8211; Zmniejszenia zachorowalno\u015bci z powodu modyfikowalnych czynnik\u00f3w choroby sercowo-naczyniowej<br>&#8211; Ograniczenie palenia papieros\u00f3w<br>&#8211; Wymiana sportowo-rekreacyjna<br>&#8211; Motywowanie student\u00f3w do zwi\u0119kszania swojej w\u0142asnej aktywno\u015bci fizycznej oraz kszta\u0142towanie nawyk\u00f3w jej utrzymania<br>&#8211; Inspirowanie w\u0142adz uczelni do wdra\u017cania program\u00f3w zwi\u0119kszania aktywno\u015bci fizycznej student\u00f3w<br>&#8211; Zacie\u015bnianie wsp\u00f3\u0142pracy naukowej i sportowej pomi\u0119dzy polsko-s\u0142owackimi regionami i instytucjami<br>&nbsp;<\/p>\n\n\n\n<p><strong>Zawody narciarskie w Ustrzykach Dolnych: 7-8.01.2010<\/strong><br>&nbsp;<\/p>\n\n\n\n<figure class=\"wp-block-image size-large\"><img loading=\"lazy\" decoding=\"async\" width=\"640\" height=\"480\" src=\"https:\/\/pans.krosno.pl\/fundusze-europejskie-kursy\/wp-content\/uploads\/sites\/14\/2020\/05\/p1081240.jpg\" alt=\"\" class=\"wp-image-940\" srcset=\"https:\/\/pans.krosno.pl\/fundusze-zewnetrzne\/wp-content\/uploads\/sites\/14\/2020\/05\/p1081240.jpg 640w, https:\/\/pans.krosno.pl\/fundusze-zewnetrzne\/wp-content\/uploads\/sites\/14\/2020\/05\/p1081240-300x225.jpg 300w, https:\/\/pans.krosno.pl\/fundusze-zewnetrzne\/wp-content\/uploads\/sites\/14\/2020\/05\/p1081240-580x435.jpg 580w\" sizes=\"auto, (max-width: 640px) 100vw, 640px\" \/><figcaption>OLYMPUS DIGITAL CAMERA<\/figcaption><\/figure>\n\n\n\n<figure class=\"wp-block-image size-large\"><img loading=\"lazy\" decoding=\"async\" width=\"640\" height=\"480\" src=\"https:\/\/pans.krosno.pl\/fundusze-europejskie-kursy\/wp-content\/uploads\/sites\/14\/2020\/05\/p1081251.jpg\" alt=\"\" class=\"wp-image-941\" srcset=\"https:\/\/pans.krosno.pl\/fundusze-zewnetrzne\/wp-content\/uploads\/sites\/14\/2020\/05\/p1081251.jpg 640w, https:\/\/pans.krosno.pl\/fundusze-zewnetrzne\/wp-content\/uploads\/sites\/14\/2020\/05\/p1081251-300x225.jpg 300w, https:\/\/pans.krosno.pl\/fundusze-zewnetrzne\/wp-content\/uploads\/sites\/14\/2020\/05\/p1081251-580x435.jpg 580w\" sizes=\"auto, (max-width: 640px) 100vw, 640px\" \/><figcaption>OLYMPUS DIGITAL CAMERA<\/figcaption><\/figure>\n\n\n\n<figure class=\"wp-block-image size-large\"><img loading=\"lazy\" decoding=\"async\" width=\"640\" height=\"480\" src=\"https:\/\/pans.krosno.pl\/fundusze-europejskie-kursy\/wp-content\/uploads\/sites\/14\/2020\/05\/p1081304.jpg\" alt=\"\" class=\"wp-image-942\" srcset=\"https:\/\/pans.krosno.pl\/fundusze-zewnetrzne\/wp-content\/uploads\/sites\/14\/2020\/05\/p1081304.jpg 640w, https:\/\/pans.krosno.pl\/fundusze-zewnetrzne\/wp-content\/uploads\/sites\/14\/2020\/05\/p1081304-300x225.jpg 300w, https:\/\/pans.krosno.pl\/fundusze-zewnetrzne\/wp-content\/uploads\/sites\/14\/2020\/05\/p1081304-580x435.jpg 580w\" sizes=\"auto, (max-width: 640px) 100vw, 640px\" \/><figcaption>OLYMPUS DIGITAL CAMERA<\/figcaption><\/figure>\n\n\n\n<figure class=\"wp-block-image size-large\"><img loading=\"lazy\" decoding=\"async\" width=\"640\" height=\"480\" src=\"https:\/\/pans.krosno.pl\/fundusze-europejskie-kursy\/wp-content\/uploads\/sites\/14\/2020\/05\/p1081321.jpg\" alt=\"\" class=\"wp-image-943\" srcset=\"https:\/\/pans.krosno.pl\/fundusze-zewnetrzne\/wp-content\/uploads\/sites\/14\/2020\/05\/p1081321.jpg 640w, https:\/\/pans.krosno.pl\/fundusze-zewnetrzne\/wp-content\/uploads\/sites\/14\/2020\/05\/p1081321-300x225.jpg 300w, https:\/\/pans.krosno.pl\/fundusze-zewnetrzne\/wp-content\/uploads\/sites\/14\/2020\/05\/p1081321-580x435.jpg 580w\" sizes=\"auto, (max-width: 640px) 100vw, 640px\" \/><figcaption>OLYMPUS DIGITAL CAMERA<\/figcaption><\/figure>\n\n\n\n<p><strong>Zawody futsalu w Presovie: 18.02.2010<\/strong><\/p>\n\n\n\n<figure class=\"wp-block-image size-large\"><img loading=\"lazy\" decoding=\"async\" width=\"640\" height=\"480\" src=\"https:\/\/pans.krosno.pl\/fundusze-europejskie-kursy\/wp-content\/uploads\/sites\/14\/2020\/05\/snmka0039.jpg\" alt=\"\" class=\"wp-image-944\" srcset=\"https:\/\/pans.krosno.pl\/fundusze-zewnetrzne\/wp-content\/uploads\/sites\/14\/2020\/05\/snmka0039.jpg 640w, https:\/\/pans.krosno.pl\/fundusze-zewnetrzne\/wp-content\/uploads\/sites\/14\/2020\/05\/snmka0039-300x225.jpg 300w, https:\/\/pans.krosno.pl\/fundusze-zewnetrzne\/wp-content\/uploads\/sites\/14\/2020\/05\/snmka0039-580x435.jpg 580w\" sizes=\"auto, (max-width: 640px) 100vw, 640px\" \/><\/figure>\n\n\n\n<figure class=\"wp-block-image size-large\"><img loading=\"lazy\" decoding=\"async\" width=\"640\" height=\"480\" src=\"https:\/\/pans.krosno.pl\/fundusze-europejskie-kursy\/wp-content\/uploads\/sites\/14\/2020\/05\/snmka0042.jpg\" alt=\"\" class=\"wp-image-945\" srcset=\"https:\/\/pans.krosno.pl\/fundusze-zewnetrzne\/wp-content\/uploads\/sites\/14\/2020\/05\/snmka0042.jpg 640w, https:\/\/pans.krosno.pl\/fundusze-zewnetrzne\/wp-content\/uploads\/sites\/14\/2020\/05\/snmka0042-300x225.jpg 300w, https:\/\/pans.krosno.pl\/fundusze-zewnetrzne\/wp-content\/uploads\/sites\/14\/2020\/05\/snmka0042-580x435.jpg 580w\" sizes=\"auto, (max-width: 640px) 100vw, 640px\" \/><\/figure>\n\n\n\n<figure class=\"wp-block-image size-large\"><img loading=\"lazy\" decoding=\"async\" width=\"640\" height=\"480\" src=\"https:\/\/pans.krosno.pl\/fundusze-europejskie-kursy\/wp-content\/uploads\/sites\/14\/2020\/05\/snmka0050.jpg\" alt=\"\" class=\"wp-image-946\" srcset=\"https:\/\/pans.krosno.pl\/fundusze-zewnetrzne\/wp-content\/uploads\/sites\/14\/2020\/05\/snmka0050.jpg 640w, https:\/\/pans.krosno.pl\/fundusze-zewnetrzne\/wp-content\/uploads\/sites\/14\/2020\/05\/snmka0050-300x225.jpg 300w, https:\/\/pans.krosno.pl\/fundusze-zewnetrzne\/wp-content\/uploads\/sites\/14\/2020\/05\/snmka0050-580x435.jpg 580w\" sizes=\"auto, (max-width: 640px) 100vw, 640px\" \/><\/figure>\n\n\n\n<figure class=\"wp-block-image size-large\"><img loading=\"lazy\" decoding=\"async\" width=\"640\" height=\"480\" src=\"https:\/\/pans.krosno.pl\/fundusze-europejskie-kursy\/wp-content\/uploads\/sites\/14\/2020\/05\/snmka0043.jpg\" alt=\"\" class=\"wp-image-947\" srcset=\"https:\/\/pans.krosno.pl\/fundusze-zewnetrzne\/wp-content\/uploads\/sites\/14\/2020\/05\/snmka0043.jpg 640w, https:\/\/pans.krosno.pl\/fundusze-zewnetrzne\/wp-content\/uploads\/sites\/14\/2020\/05\/snmka0043-300x225.jpg 300w, https:\/\/pans.krosno.pl\/fundusze-zewnetrzne\/wp-content\/uploads\/sites\/14\/2020\/05\/snmka0043-580x435.jpg 580w\" sizes=\"auto, (max-width: 640px) 100vw, 640px\" \/><\/figure>\n\n\n\n<figure class=\"wp-block-image size-large is-resized\"><img loading=\"lazy\" decoding=\"async\" src=\"https:\/\/pans.krosno.pl\/fundusze-europejskie-kursy\/wp-content\/uploads\/sites\/14\/2020\/05\/logo_plsk_ze_sloganem.gif\" alt=\"\" class=\"wp-image-948\" width=\"273\" height=\"192\"\/><\/figure>\n\n\n\n<figure class=\"wp-block-image size-large\"><img loading=\"lazy\" decoding=\"async\" width=\"1024\" height=\"350\" src=\"https:\/\/pans.krosno.pl\/fundusze-europejskie-kursy\/wp-content\/uploads\/sites\/14\/2020\/05\/ueefrr_l-kolor-1024x350.gif\" alt=\"\" class=\"wp-image-949\" srcset=\"https:\/\/pans.krosno.pl\/fundusze-zewnetrzne\/wp-content\/uploads\/sites\/14\/2020\/05\/ueefrr_l-kolor-1024x350.gif 1024w, https:\/\/pans.krosno.pl\/fundusze-zewnetrzne\/wp-content\/uploads\/sites\/14\/2020\/05\/ueefrr_l-kolor-300x102.gif 300w, https:\/\/pans.krosno.pl\/fundusze-zewnetrzne\/wp-content\/uploads\/sites\/14\/2020\/05\/ueefrr_l-kolor-768x262.gif 768w, https:\/\/pans.krosno.pl\/fundusze-zewnetrzne\/wp-content\/uploads\/sites\/14\/2020\/05\/ueefrr_l-kolor-800x273.gif 800w, https:\/\/pans.krosno.pl\/fundusze-zewnetrzne\/wp-content\/uploads\/sites\/14\/2020\/05\/ueefrr_l-kolor-580x198.gif 580w\" sizes=\"auto, (max-width: 1024px) 100vw, 1024px\" \/><\/figure>\n\n\n\n<p>Projekt wsp\u00f3\u0142finansowany przez Uni\u0119 Europejsk\u0105 z Europejskiego Funduszu Rozwoju Regionalnego oraz bud\u017cetu pa\u0144stwa za po\u015brednictwem Euroregionu<br>Karpackiego w ramach Programu Wsp\u00f3\u0142pracy Transgranicznej Rzeczpospolita Polska<\/p>\n","protected":false},"excerpt":{"rendered":"<p>Projekt realizowany w okresie od 01.12.2009 r. do 30.11.2010 r. Celem projektu s\u0105 wielokierunkowe dzia\u0142ania skierowane do polsko-s\u0142owackiej spo\u0142eczno\u015bci studenckiej polegaj\u0105ce na stworzeniu systemu dba\u0142o\u015bci o zdrowie opartego o edukacj\u0119 zdrowotn\u0105 student\u00f3w, monitoring wybranych modyfikowalnych czynnik\u00f3w ryzyka choroby uk\u0142adu sercowo-naczyniowego oraz utworzenie platformy internetowej s\u0142u\u017c\u0105cej powy\u017cszym celom. Umo\u017cliwi ona kontrol\u0119 [\u2026] <\/p>\n<div class=\"clear\"><\/div>\n<p><a class=\"more_link clearfix\" href=\"https:\/\/pans.krosno.pl\/fundusze-zewnetrzne\/projekty-zrealizowane\/aktywnosc-na-cale-zycie-polsko-slowacka-platforma-kultury-fizycznej-i-promocji-zdrowia-studentow\/\" rel=\"nofollow\">Read More<\/a><\/p>\n","protected":false},"author":27,"featured_media":0,"parent":13,"menu_order":0,"comment_status":"closed","ping_status":"closed","template":"page-templates\/template-full-width.php","meta":{"ngg_post_thumbnail":0,"footnotes":""},"class_list":["post-939","page","type-page","status-publish","hentry"],"yoast_head":"<!-- This site is optimized with the Yoast SEO Premium plugin v27.3 (Yoast SEO v27.3) - https:\/\/yoast.com\/product\/yoast-seo-premium-wordpress\/ -->\n<title>Aktywno\u015b\u0107 na ca\u0142e \u017cycie&quot; Polsko-S\u0142owacka platforma kultury fizycznej i promocji zdrowia student\u00f3w - Fundusze zewn\u0119trzne PANS w Kro\u015bnie<\/title>\n<meta name=\"robots\" content=\"index, follow, max-snippet:-1, max-image-preview:large, max-video-preview:-1\" \/>\n<link rel=\"canonical\" href=\"https:\/\/pans.krosno.pl\/fundusze-zewnetrzne\/projekty-zrealizowane\/aktywnosc-na-cale-zycie-polsko-slowacka-platforma-kultury-fizycznej-i-promocji-zdrowia-studentow\/\" \/>\n<meta property=\"og:locale\" content=\"pl_PL\" \/>\n<meta property=\"og:type\" content=\"article\" \/>\n<meta property=\"og:title\" content=\"Aktywno\u015b\u0107 na ca\u0142e \u017cycie&quot; Polsko-S\u0142owacka platforma kultury fizycznej i promocji zdrowia student\u00f3w\" \/>\n<meta property=\"og:description\" content=\"Projekt realizowany w okresie od 01.12.2009 r. do 30.11.2010 r. Celem projektu s\u0105 wielokierunkowe dzia\u0142ania skierowane do polsko-s\u0142owackiej spo\u0142eczno\u015bci studenckiej polegaj\u0105ce na stworzeniu systemu dba\u0142o\u015bci o zdrowie opartego o edukacj\u0119 zdrowotn\u0105 student\u00f3w, monitoring wybranych modyfikowalnych czynnik\u00f3w ryzyka choroby uk\u0142adu sercowo-naczyniowego oraz utworzenie platformy internetowej s\u0142u\u017c\u0105cej powy\u017cszym celom. Umo\u017cliwi ona kontrol\u0119 [\u2026] Read More\" \/>\n<meta property=\"og:url\" content=\"https:\/\/pans.krosno.pl\/fundusze-zewnetrzne\/projekty-zrealizowane\/aktywnosc-na-cale-zycie-polsko-slowacka-platforma-kultury-fizycznej-i-promocji-zdrowia-studentow\/\" \/>\n<meta property=\"og:site_name\" content=\"Fundusze zewn\u0119trzne PANS w Kro\u015bnie\" \/>\n<meta property=\"article:modified_time\" content=\"2022-05-25T07:43:39+00:00\" \/>\n<meta property=\"og:image\" content=\"https:\/\/pans.krosno.pl\/fundusze-europejskie-kursy\/wp-content\/uploads\/sites\/14\/2020\/05\/p1081240.jpg\" \/>\n<meta name=\"twitter:card\" content=\"summary_large_image\" \/>\n<meta name=\"twitter:label1\" content=\"Szacowany czas czytania\" \/>\n\t<meta name=\"twitter:data1\" content=\"4 minuty\" \/>\n<script type=\"application\/ld+json\" class=\"yoast-schema-graph\">{\"@context\":\"https:\\\/\\\/schema.org\",\"@graph\":[{\"@type\":\"WebPage\",\"@id\":\"https:\\\/\\\/pans.krosno.pl\\\/fundusze-zewnetrzne\\\/projekty-zrealizowane\\\/aktywnosc-na-cale-zycie-polsko-slowacka-platforma-kultury-fizycznej-i-promocji-zdrowia-studentow\\\/\",\"url\":\"https:\\\/\\\/pans.krosno.pl\\\/fundusze-zewnetrzne\\\/projekty-zrealizowane\\\/aktywnosc-na-cale-zycie-polsko-slowacka-platforma-kultury-fizycznej-i-promocji-zdrowia-studentow\\\/\",\"name\":\"Aktywno\u015b\u0107 na ca\u0142e \u017cycie\\\" Polsko-S\u0142owacka platforma kultury fizycznej i promocji zdrowia student\u00f3w - Fundusze zewn\u0119trzne PANS w Kro\u015bnie\",\"isPartOf\":{\"@id\":\"https:\\\/\\\/pans.krosno.pl\\\/fundusze-zewnetrzne\\\/#website\"},\"primaryImageOfPage\":{\"@id\":\"https:\\\/\\\/pans.krosno.pl\\\/fundusze-zewnetrzne\\\/projekty-zrealizowane\\\/aktywnosc-na-cale-zycie-polsko-slowacka-platforma-kultury-fizycznej-i-promocji-zdrowia-studentow\\\/#primaryimage\"},\"image\":{\"@id\":\"https:\\\/\\\/pans.krosno.pl\\\/fundusze-zewnetrzne\\\/projekty-zrealizowane\\\/aktywnosc-na-cale-zycie-polsko-slowacka-platforma-kultury-fizycznej-i-promocji-zdrowia-studentow\\\/#primaryimage\"},\"thumbnailUrl\":\"https:\\\/\\\/pans.krosno.pl\\\/fundusze-europejskie-kursy\\\/wp-content\\\/uploads\\\/sites\\\/14\\\/2020\\\/05\\\/p1081240.jpg\",\"datePublished\":\"2020-05-13T18:06:12+00:00\",\"dateModified\":\"2022-05-25T07:43:39+00:00\",\"breadcrumb\":{\"@id\":\"https:\\\/\\\/pans.krosno.pl\\\/fundusze-zewnetrzne\\\/projekty-zrealizowane\\\/aktywnosc-na-cale-zycie-polsko-slowacka-platforma-kultury-fizycznej-i-promocji-zdrowia-studentow\\\/#breadcrumb\"},\"inLanguage\":\"pl-PL\",\"potentialAction\":[{\"@type\":\"ReadAction\",\"target\":[\"https:\\\/\\\/pans.krosno.pl\\\/fundusze-zewnetrzne\\\/projekty-zrealizowane\\\/aktywnosc-na-cale-zycie-polsko-slowacka-platforma-kultury-fizycznej-i-promocji-zdrowia-studentow\\\/\"]}]},{\"@type\":\"ImageObject\",\"inLanguage\":\"pl-PL\",\"@id\":\"https:\\\/\\\/pans.krosno.pl\\\/fundusze-zewnetrzne\\\/projekty-zrealizowane\\\/aktywnosc-na-cale-zycie-polsko-slowacka-platforma-kultury-fizycznej-i-promocji-zdrowia-studentow\\\/#primaryimage\",\"url\":\"https:\\\/\\\/pans.krosno.pl\\\/fundusze-europejskie-kursy\\\/wp-content\\\/uploads\\\/sites\\\/14\\\/2020\\\/05\\\/p1081240.jpg\",\"contentUrl\":\"https:\\\/\\\/pans.krosno.pl\\\/fundusze-europejskie-kursy\\\/wp-content\\\/uploads\\\/sites\\\/14\\\/2020\\\/05\\\/p1081240.jpg\"},{\"@type\":\"BreadcrumbList\",\"@id\":\"https:\\\/\\\/pans.krosno.pl\\\/fundusze-zewnetrzne\\\/projekty-zrealizowane\\\/aktywnosc-na-cale-zycie-polsko-slowacka-platforma-kultury-fizycznej-i-promocji-zdrowia-studentow\\\/#breadcrumb\",\"itemListElement\":[{\"@type\":\"ListItem\",\"position\":1,\"name\":\"Strona g\u0142\u00f3wna\",\"item\":\"https:\\\/\\\/pans.krosno.pl\\\/fundusze-zewnetrzne\\\/\"},{\"@type\":\"ListItem\",\"position\":2,\"name\":\"Projekty zrealizowane\",\"item\":\"https:\\\/\\\/pans.krosno.pl\\\/fundusze-zewnetrzne\\\/projekty-zrealizowane\\\/\"},{\"@type\":\"ListItem\",\"position\":3,\"name\":\"Aktywno\u015b\u0107 na ca\u0142e \u017cycie&#8221; Polsko-S\u0142owacka platforma kultury fizycznej i promocji zdrowia student\u00f3w\"}]},{\"@type\":\"WebSite\",\"@id\":\"https:\\\/\\\/pans.krosno.pl\\\/fundusze-zewnetrzne\\\/#website\",\"url\":\"https:\\\/\\\/pans.krosno.pl\\\/fundusze-zewnetrzne\\\/\",\"name\":\"Fundusze zewn\u0119trzne PANS w Kro\u015bnie\",\"description\":\"Fundusze zewn\u0119trzne  - Pa\u0144stwowa Akademia Nauk Stosowanych\",\"publisher\":{\"@id\":\"https:\\\/\\\/pans.krosno.pl\\\/fundusze-zewnetrzne\\\/#organization\"},\"potentialAction\":[{\"@type\":\"SearchAction\",\"target\":{\"@type\":\"EntryPoint\",\"urlTemplate\":\"https:\\\/\\\/pans.krosno.pl\\\/fundusze-zewnetrzne\\\/?s={search_term_string}\"},\"query-input\":{\"@type\":\"PropertyValueSpecification\",\"valueRequired\":true,\"valueName\":\"search_term_string\"}}],\"inLanguage\":\"pl-PL\"},{\"@type\":\"Organization\",\"@id\":\"https:\\\/\\\/pans.krosno.pl\\\/fundusze-zewnetrzne\\\/#organization\",\"name\":\"Fundusze zewn\u0119trzne PANS w Kro\u015bnie\",\"url\":\"https:\\\/\\\/pans.krosno.pl\\\/fundusze-zewnetrzne\\\/\",\"logo\":{\"@type\":\"ImageObject\",\"inLanguage\":\"pl-PL\",\"@id\":\"https:\\\/\\\/pans.krosno.pl\\\/fundusze-zewnetrzne\\\/#\\\/schema\\\/logo\\\/image\\\/\",\"url\":\"https:\\\/\\\/pans.krosno.pl\\\/fundusze-zewnetrzne\\\/wp-content\\\/uploads\\\/sites\\\/14\\\/2023\\\/01\\\/Logo-PANS-2022-pelne.png\",\"contentUrl\":\"https:\\\/\\\/pans.krosno.pl\\\/fundusze-zewnetrzne\\\/wp-content\\\/uploads\\\/sites\\\/14\\\/2023\\\/01\\\/Logo-PANS-2022-pelne.png\",\"width\":3096,\"height\":696,\"caption\":\"Fundusze zewn\u0119trzne PANS w Kro\u015bnie\"},\"image\":{\"@id\":\"https:\\\/\\\/pans.krosno.pl\\\/fundusze-zewnetrzne\\\/#\\\/schema\\\/logo\\\/image\\\/\"}}]}<\/script>\n<!-- \/ Yoast SEO Premium plugin. -->","yoast_head_json":{"title":"Aktywno\u015b\u0107 na ca\u0142e \u017cycie\" Polsko-S\u0142owacka platforma kultury fizycznej i promocji zdrowia student\u00f3w - Fundusze zewn\u0119trzne PANS w Kro\u015bnie","robots":{"index":"index","follow":"follow","max-snippet":"max-snippet:-1","max-image-preview":"max-image-preview:large","max-video-preview":"max-video-preview:-1"},"canonical":"https:\/\/pans.krosno.pl\/fundusze-zewnetrzne\/projekty-zrealizowane\/aktywnosc-na-cale-zycie-polsko-slowacka-platforma-kultury-fizycznej-i-promocji-zdrowia-studentow\/","og_locale":"pl_PL","og_type":"article","og_title":"Aktywno\u015b\u0107 na ca\u0142e \u017cycie\" Polsko-S\u0142owacka platforma kultury fizycznej i promocji zdrowia student\u00f3w","og_description":"Projekt realizowany w okresie od 01.12.2009 r. do 30.11.2010 r. Celem projektu s\u0105 wielokierunkowe dzia\u0142ania skierowane do polsko-s\u0142owackiej spo\u0142eczno\u015bci studenckiej polegaj\u0105ce na stworzeniu systemu dba\u0142o\u015bci o zdrowie opartego o edukacj\u0119 zdrowotn\u0105 student\u00f3w, monitoring wybranych modyfikowalnych czynnik\u00f3w ryzyka choroby uk\u0142adu sercowo-naczyniowego oraz utworzenie platformy internetowej s\u0142u\u017c\u0105cej powy\u017cszym celom. Umo\u017cliwi ona kontrol\u0119 [\u2026] Read More","og_url":"https:\/\/pans.krosno.pl\/fundusze-zewnetrzne\/projekty-zrealizowane\/aktywnosc-na-cale-zycie-polsko-slowacka-platforma-kultury-fizycznej-i-promocji-zdrowia-studentow\/","og_site_name":"Fundusze zewn\u0119trzne PANS w Kro\u015bnie","article_modified_time":"2022-05-25T07:43:39+00:00","og_image":[{"url":"https:\/\/pans.krosno.pl\/fundusze-europejskie-kursy\/wp-content\/uploads\/sites\/14\/2020\/05\/p1081240.jpg","type":"","width":"","height":""}],"twitter_card":"summary_large_image","twitter_misc":{"Szacowany czas czytania":"4 minuty"},"schema":{"@context":"https:\/\/schema.org","@graph":[{"@type":"WebPage","@id":"https:\/\/pans.krosno.pl\/fundusze-zewnetrzne\/projekty-zrealizowane\/aktywnosc-na-cale-zycie-polsko-slowacka-platforma-kultury-fizycznej-i-promocji-zdrowia-studentow\/","url":"https:\/\/pans.krosno.pl\/fundusze-zewnetrzne\/projekty-zrealizowane\/aktywnosc-na-cale-zycie-polsko-slowacka-platforma-kultury-fizycznej-i-promocji-zdrowia-studentow\/","name":"Aktywno\u015b\u0107 na ca\u0142e \u017cycie\" Polsko-S\u0142owacka platforma kultury fizycznej i promocji zdrowia student\u00f3w - Fundusze zewn\u0119trzne PANS w Kro\u015bnie","isPartOf":{"@id":"https:\/\/pans.krosno.pl\/fundusze-zewnetrzne\/#website"},"primaryImageOfPage":{"@id":"https:\/\/pans.krosno.pl\/fundusze-zewnetrzne\/projekty-zrealizowane\/aktywnosc-na-cale-zycie-polsko-slowacka-platforma-kultury-fizycznej-i-promocji-zdrowia-studentow\/#primaryimage"},"image":{"@id":"https:\/\/pans.krosno.pl\/fundusze-zewnetrzne\/projekty-zrealizowane\/aktywnosc-na-cale-zycie-polsko-slowacka-platforma-kultury-fizycznej-i-promocji-zdrowia-studentow\/#primaryimage"},"thumbnailUrl":"https:\/\/pans.krosno.pl\/fundusze-europejskie-kursy\/wp-content\/uploads\/sites\/14\/2020\/05\/p1081240.jpg","datePublished":"2020-05-13T18:06:12+00:00","dateModified":"2022-05-25T07:43:39+00:00","breadcrumb":{"@id":"https:\/\/pans.krosno.pl\/fundusze-zewnetrzne\/projekty-zrealizowane\/aktywnosc-na-cale-zycie-polsko-slowacka-platforma-kultury-fizycznej-i-promocji-zdrowia-studentow\/#breadcrumb"},"inLanguage":"pl-PL","potentialAction":[{"@type":"ReadAction","target":["https:\/\/pans.krosno.pl\/fundusze-zewnetrzne\/projekty-zrealizowane\/aktywnosc-na-cale-zycie-polsko-slowacka-platforma-kultury-fizycznej-i-promocji-zdrowia-studentow\/"]}]},{"@type":"ImageObject","inLanguage":"pl-PL","@id":"https:\/\/pans.krosno.pl\/fundusze-zewnetrzne\/projekty-zrealizowane\/aktywnosc-na-cale-zycie-polsko-slowacka-platforma-kultury-fizycznej-i-promocji-zdrowia-studentow\/#primaryimage","url":"https:\/\/pans.krosno.pl\/fundusze-europejskie-kursy\/wp-content\/uploads\/sites\/14\/2020\/05\/p1081240.jpg","contentUrl":"https:\/\/pans.krosno.pl\/fundusze-europejskie-kursy\/wp-content\/uploads\/sites\/14\/2020\/05\/p1081240.jpg"},{"@type":"BreadcrumbList","@id":"https:\/\/pans.krosno.pl\/fundusze-zewnetrzne\/projekty-zrealizowane\/aktywnosc-na-cale-zycie-polsko-slowacka-platforma-kultury-fizycznej-i-promocji-zdrowia-studentow\/#breadcrumb","itemListElement":[{"@type":"ListItem","position":1,"name":"Strona g\u0142\u00f3wna","item":"https:\/\/pans.krosno.pl\/fundusze-zewnetrzne\/"},{"@type":"ListItem","position":2,"name":"Projekty zrealizowane","item":"https:\/\/pans.krosno.pl\/fundusze-zewnetrzne\/projekty-zrealizowane\/"},{"@type":"ListItem","position":3,"name":"Aktywno\u015b\u0107 na ca\u0142e \u017cycie&#8221; Polsko-S\u0142owacka platforma kultury fizycznej i promocji zdrowia student\u00f3w"}]},{"@type":"WebSite","@id":"https:\/\/pans.krosno.pl\/fundusze-zewnetrzne\/#website","url":"https:\/\/pans.krosno.pl\/fundusze-zewnetrzne\/","name":"Fundusze zewn\u0119trzne PANS w Kro\u015bnie","description":"Fundusze zewn\u0119trzne  - Pa\u0144stwowa Akademia Nauk Stosowanych","publisher":{"@id":"https:\/\/pans.krosno.pl\/fundusze-zewnetrzne\/#organization"},"potentialAction":[{"@type":"SearchAction","target":{"@type":"EntryPoint","urlTemplate":"https:\/\/pans.krosno.pl\/fundusze-zewnetrzne\/?s={search_term_string}"},"query-input":{"@type":"PropertyValueSpecification","valueRequired":true,"valueName":"search_term_string"}}],"inLanguage":"pl-PL"},{"@type":"Organization","@id":"https:\/\/pans.krosno.pl\/fundusze-zewnetrzne\/#organization","name":"Fundusze zewn\u0119trzne PANS w Kro\u015bnie","url":"https:\/\/pans.krosno.pl\/fundusze-zewnetrzne\/","logo":{"@type":"ImageObject","inLanguage":"pl-PL","@id":"https:\/\/pans.krosno.pl\/fundusze-zewnetrzne\/#\/schema\/logo\/image\/","url":"https:\/\/pans.krosno.pl\/fundusze-zewnetrzne\/wp-content\/uploads\/sites\/14\/2023\/01\/Logo-PANS-2022-pelne.png","contentUrl":"https:\/\/pans.krosno.pl\/fundusze-zewnetrzne\/wp-content\/uploads\/sites\/14\/2023\/01\/Logo-PANS-2022-pelne.png","width":3096,"height":696,"caption":"Fundusze zewn\u0119trzne PANS w Kro\u015bnie"},"image":{"@id":"https:\/\/pans.krosno.pl\/fundusze-zewnetrzne\/#\/schema\/logo\/image\/"}}]}},"_links":{"self":[{"href":"https:\/\/pans.krosno.pl\/fundusze-zewnetrzne\/wp-json\/wp\/v2\/pages\/939","targetHints":{"allow":["GET"]}}],"collection":[{"href":"https:\/\/pans.krosno.pl\/fundusze-zewnetrzne\/wp-json\/wp\/v2\/pages"}],"about":[{"href":"https:\/\/pans.krosno.pl\/fundusze-zewnetrzne\/wp-json\/wp\/v2\/types\/page"}],"author":[{"embeddable":true,"href":"https:\/\/pans.krosno.pl\/fundusze-zewnetrzne\/wp-json\/wp\/v2\/users\/27"}],"replies":[{"embeddable":true,"href":"https:\/\/pans.krosno.pl\/fundusze-zewnetrzne\/wp-json\/wp\/v2\/comments?post=939"}],"version-history":[{"count":2,"href":"https:\/\/pans.krosno.pl\/fundusze-zewnetrzne\/wp-json\/wp\/v2\/pages\/939\/revisions"}],"predecessor-version":[{"id":3260,"href":"https:\/\/pans.krosno.pl\/fundusze-zewnetrzne\/wp-json\/wp\/v2\/pages\/939\/revisions\/3260"}],"up":[{"embeddable":true,"href":"https:\/\/pans.krosno.pl\/fundusze-zewnetrzne\/wp-json\/wp\/v2\/pages\/13"}],"wp:attachment":[{"href":"https:\/\/pans.krosno.pl\/fundusze-zewnetrzne\/wp-json\/wp\/v2\/media?parent=939"}],"curies":[{"name":"wp","href":"https:\/\/api.w.org\/{rel}","templated":true}]}}