{"id":934,"date":"2020-05-13T20:02:56","date_gmt":"2020-05-13T18:02:56","guid":{"rendered":"https:\/\/pans.krosno.pl\/fundusze-europejskie-kursy\/?page_id=934"},"modified":"2022-05-25T09:42:45","modified_gmt":"2022-05-25T07:42:45","slug":"wielkie-granie-polsko-slowacka-wymiana-doswiadczen-w-dziedzinie-sportu-akademickiego-oraz-promocji-aktywnosci-fizycznej","status":"publish","type":"page","link":"https:\/\/pans.krosno.pl\/fundusze-zewnetrzne\/projekty-zrealizowane\/wielkie-granie-polsko-slowacka-wymiana-doswiadczen-w-dziedzinie-sportu-akademickiego-oraz-promocji-aktywnosci-fizycznej\/","title":{"rendered":"Wielkie Granie Polsko \u2013 S\u0142owacka wymiana do\u015bwiadcze\u0144 w dziedzinie sportu akademickiego oraz promocji aktywno\u015bci fizycznej"},"content":{"rendered":"\n<p>Celem projektu jest stworzenie platformy wsp\u00f3\u0142pracy na p\u0142aszczy\u017anie sportu akademickiego przez mieszka\u0144c\u00f3w obszar\u00f3w przygranicza polsko \u2013 s\u0142owackiego poprzez organizacj\u0119 wsp\u00f3lnych przedsi\u0119wzi\u0119\u0107 w postaci turniej\u00f3w sportowych oraz obozu sportowo turystycznego.&nbsp;<\/p>\n\n\n\n<p>Projekt realizowany jest od 1.07.2011 do 30.04.2012<\/p>\n\n\n\n<p>Warto\u015b\u0107 projektu: 58&nbsp;772,00 EUR<\/p>\n\n\n\n<p>Partnerzy projektu: PWSZ w Kro\u015bnie, Zarz\u0105d \u015arodowiskowy Akademickiego Zwi\u0105zku Sportowego w Rzeszowie, Stowarzyszenie na Rzecz Rozwoju i Promocji Podkarpacia \u201ePro Carpathia\u201d, TJ Sl\u00e1via &nbsp;Svidn\u00edk.<\/p>\n\n\n\n<figure class=\"wp-block-image size-large\"><img loading=\"lazy\" decoding=\"async\" width=\"666\" height=\"131\" src=\"https:\/\/pans.krosno.pl\/fundusze-europejskie-kursy\/wp-content\/uploads\/sites\/14\/2020\/05\/logo02-1.jpg\" alt=\"\" class=\"wp-image-935\" srcset=\"https:\/\/pans.krosno.pl\/fundusze-zewnetrzne\/wp-content\/uploads\/sites\/14\/2020\/05\/logo02-1.jpg 666w, https:\/\/pans.krosno.pl\/fundusze-zewnetrzne\/wp-content\/uploads\/sites\/14\/2020\/05\/logo02-1-300x59.jpg 300w, https:\/\/pans.krosno.pl\/fundusze-zewnetrzne\/wp-content\/uploads\/sites\/14\/2020\/05\/logo02-1-580x114.jpg 580w\" sizes=\"auto, (max-width: 666px) 100vw, 666px\" \/><\/figure>\n\n\n\n<p>Projekt wsp\u00f3\u0142finansowany przez Uni\u0119&nbsp;Europejsk\u0105&nbsp;z Europejskiego Funduszu&nbsp;Rozwoju Regionalnego oraz z bud\u017cetu pa\u0144stwa&nbsp;za po\u015brednictwem Euroregionu Karpackiego w ramach Programu Wsp\u00f3\u0142pracy&nbsp;Transgranicznej Rzeczpospolita Polska \u2013&nbsp;Republika S\u0142owacka 2007-2013<\/p>\n","protected":false},"excerpt":{"rendered":"<p>Celem projektu jest stworzenie platformy wsp\u00f3\u0142pracy na p\u0142aszczy\u017anie sportu akademickiego przez mieszka\u0144c\u00f3w obszar\u00f3w przygranicza polsko \u2013 s\u0142owackiego poprzez organizacj\u0119 wsp\u00f3lnych przedsi\u0119wzi\u0119\u0107 w postaci turniej\u00f3w sportowych oraz obozu sportowo turystycznego.&nbsp; Projekt realizowany jest od 1.07.2011 do 30.04.2012 Warto\u015b\u0107 projektu: 58&nbsp;772,00 EUR Partnerzy projektu: PWSZ w Kro\u015bnie, Zarz\u0105d \u015arodowiskowy Akademickiego Zwi\u0105zku Sportowego [\u2026] <\/p>\n<div class=\"clear\"><\/div>\n<p><a class=\"more_link clearfix\" href=\"https:\/\/pans.krosno.pl\/fundusze-zewnetrzne\/projekty-zrealizowane\/wielkie-granie-polsko-slowacka-wymiana-doswiadczen-w-dziedzinie-sportu-akademickiego-oraz-promocji-aktywnosci-fizycznej\/\" rel=\"nofollow\">Read More<\/a><\/p>\n","protected":false},"author":27,"featured_media":0,"parent":13,"menu_order":0,"comment_status":"closed","ping_status":"closed","template":"page-templates\/template-full-width.php","meta":{"ngg_post_thumbnail":0,"footnotes":""},"class_list":["post-934","page","type-page","status-publish","hentry"],"yoast_head":"<!-- This site is optimized with the Yoast SEO Premium plugin v27.3 (Yoast SEO v27.3) - https:\/\/yoast.com\/product\/yoast-seo-premium-wordpress\/ -->\n<title>Wielkie Granie Polsko \u2013 S\u0142owacka wymiana do\u015bwiadcze\u0144 w dziedzinie sportu akademickiego oraz promocji aktywno\u015bci fizycznej - Fundusze zewn\u0119trzne PANS w Kro\u015bnie<\/title>\n<meta name=\"robots\" content=\"index, follow, max-snippet:-1, max-image-preview:large, max-video-preview:-1\" \/>\n<link rel=\"canonical\" href=\"https:\/\/pans.krosno.pl\/fundusze-zewnetrzne\/projekty-zrealizowane\/wielkie-granie-polsko-slowacka-wymiana-doswiadczen-w-dziedzinie-sportu-akademickiego-oraz-promocji-aktywnosci-fizycznej\/\" \/>\n<meta property=\"og:locale\" content=\"pl_PL\" \/>\n<meta property=\"og:type\" content=\"article\" \/>\n<meta property=\"og:title\" content=\"Wielkie Granie Polsko \u2013 S\u0142owacka wymiana do\u015bwiadcze\u0144 w dziedzinie sportu akademickiego oraz promocji aktywno\u015bci fizycznej\" \/>\n<meta property=\"og:description\" content=\"Celem projektu jest stworzenie platformy wsp\u00f3\u0142pracy na p\u0142aszczy\u017anie sportu akademickiego przez mieszka\u0144c\u00f3w obszar\u00f3w przygranicza polsko \u2013 s\u0142owackiego poprzez organizacj\u0119 wsp\u00f3lnych przedsi\u0119wzi\u0119\u0107 w postaci turniej\u00f3w sportowych oraz obozu sportowo turystycznego.&nbsp; Projekt realizowany jest od 1.07.2011 do 30.04.2012 Warto\u015b\u0107 projektu: 58&nbsp;772,00 EUR Partnerzy projektu: PWSZ w Kro\u015bnie, Zarz\u0105d \u015arodowiskowy Akademickiego Zwi\u0105zku Sportowego [\u2026] Read More\" \/>\n<meta property=\"og:url\" content=\"https:\/\/pans.krosno.pl\/fundusze-zewnetrzne\/projekty-zrealizowane\/wielkie-granie-polsko-slowacka-wymiana-doswiadczen-w-dziedzinie-sportu-akademickiego-oraz-promocji-aktywnosci-fizycznej\/\" \/>\n<meta property=\"og:site_name\" content=\"Fundusze zewn\u0119trzne PANS w Kro\u015bnie\" \/>\n<meta property=\"article:modified_time\" content=\"2022-05-25T07:42:45+00:00\" \/>\n<meta property=\"og:image\" content=\"https:\/\/pans.krosno.pl\/fundusze-europejskie-kursy\/wp-content\/uploads\/sites\/14\/2020\/05\/logo02-1.jpg\" \/>\n<meta name=\"twitter:card\" content=\"summary_large_image\" \/>\n<meta name=\"twitter:label1\" content=\"Szacowany czas czytania\" \/>\n\t<meta name=\"twitter:data1\" content=\"1 minuta\" \/>\n<script type=\"application\/ld+json\" class=\"yoast-schema-graph\">{\"@context\":\"https:\\\/\\\/schema.org\",\"@graph\":[{\"@type\":\"WebPage\",\"@id\":\"https:\\\/\\\/pans.krosno.pl\\\/fundusze-zewnetrzne\\\/projekty-zrealizowane\\\/wielkie-granie-polsko-slowacka-wymiana-doswiadczen-w-dziedzinie-sportu-akademickiego-oraz-promocji-aktywnosci-fizycznej\\\/\",\"url\":\"https:\\\/\\\/pans.krosno.pl\\\/fundusze-zewnetrzne\\\/projekty-zrealizowane\\\/wielkie-granie-polsko-slowacka-wymiana-doswiadczen-w-dziedzinie-sportu-akademickiego-oraz-promocji-aktywnosci-fizycznej\\\/\",\"name\":\"Wielkie Granie Polsko \u2013 S\u0142owacka wymiana do\u015bwiadcze\u0144 w dziedzinie sportu akademickiego oraz promocji aktywno\u015bci fizycznej - Fundusze zewn\u0119trzne PANS w Kro\u015bnie\",\"isPartOf\":{\"@id\":\"https:\\\/\\\/pans.krosno.pl\\\/fundusze-zewnetrzne\\\/#website\"},\"primaryImageOfPage\":{\"@id\":\"https:\\\/\\\/pans.krosno.pl\\\/fundusze-zewnetrzne\\\/projekty-zrealizowane\\\/wielkie-granie-polsko-slowacka-wymiana-doswiadczen-w-dziedzinie-sportu-akademickiego-oraz-promocji-aktywnosci-fizycznej\\\/#primaryimage\"},\"image\":{\"@id\":\"https:\\\/\\\/pans.krosno.pl\\\/fundusze-zewnetrzne\\\/projekty-zrealizowane\\\/wielkie-granie-polsko-slowacka-wymiana-doswiadczen-w-dziedzinie-sportu-akademickiego-oraz-promocji-aktywnosci-fizycznej\\\/#primaryimage\"},\"thumbnailUrl\":\"https:\\\/\\\/pans.krosno.pl\\\/fundusze-europejskie-kursy\\\/wp-content\\\/uploads\\\/sites\\\/14\\\/2020\\\/05\\\/logo02-1.jpg\",\"datePublished\":\"2020-05-13T18:02:56+00:00\",\"dateModified\":\"2022-05-25T07:42:45+00:00\",\"breadcrumb\":{\"@id\":\"https:\\\/\\\/pans.krosno.pl\\\/fundusze-zewnetrzne\\\/projekty-zrealizowane\\\/wielkie-granie-polsko-slowacka-wymiana-doswiadczen-w-dziedzinie-sportu-akademickiego-oraz-promocji-aktywnosci-fizycznej\\\/#breadcrumb\"},\"inLanguage\":\"pl-PL\",\"potentialAction\":[{\"@type\":\"ReadAction\",\"target\":[\"https:\\\/\\\/pans.krosno.pl\\\/fundusze-zewnetrzne\\\/projekty-zrealizowane\\\/wielkie-granie-polsko-slowacka-wymiana-doswiadczen-w-dziedzinie-sportu-akademickiego-oraz-promocji-aktywnosci-fizycznej\\\/\"]}]},{\"@type\":\"ImageObject\",\"inLanguage\":\"pl-PL\",\"@id\":\"https:\\\/\\\/pans.krosno.pl\\\/fundusze-zewnetrzne\\\/projekty-zrealizowane\\\/wielkie-granie-polsko-slowacka-wymiana-doswiadczen-w-dziedzinie-sportu-akademickiego-oraz-promocji-aktywnosci-fizycznej\\\/#primaryimage\",\"url\":\"https:\\\/\\\/pans.krosno.pl\\\/fundusze-europejskie-kursy\\\/wp-content\\\/uploads\\\/sites\\\/14\\\/2020\\\/05\\\/logo02-1.jpg\",\"contentUrl\":\"https:\\\/\\\/pans.krosno.pl\\\/fundusze-europejskie-kursy\\\/wp-content\\\/uploads\\\/sites\\\/14\\\/2020\\\/05\\\/logo02-1.jpg\"},{\"@type\":\"BreadcrumbList\",\"@id\":\"https:\\\/\\\/pans.krosno.pl\\\/fundusze-zewnetrzne\\\/projekty-zrealizowane\\\/wielkie-granie-polsko-slowacka-wymiana-doswiadczen-w-dziedzinie-sportu-akademickiego-oraz-promocji-aktywnosci-fizycznej\\\/#breadcrumb\",\"itemListElement\":[{\"@type\":\"ListItem\",\"position\":1,\"name\":\"Strona g\u0142\u00f3wna\",\"item\":\"https:\\\/\\\/pans.krosno.pl\\\/fundusze-zewnetrzne\\\/\"},{\"@type\":\"ListItem\",\"position\":2,\"name\":\"Projekty zrealizowane\",\"item\":\"https:\\\/\\\/pans.krosno.pl\\\/fundusze-zewnetrzne\\\/projekty-zrealizowane\\\/\"},{\"@type\":\"ListItem\",\"position\":3,\"name\":\"Wielkie Granie Polsko \u2013 S\u0142owacka wymiana do\u015bwiadcze\u0144 w dziedzinie sportu akademickiego oraz promocji aktywno\u015bci fizycznej\"}]},{\"@type\":\"WebSite\",\"@id\":\"https:\\\/\\\/pans.krosno.pl\\\/fundusze-zewnetrzne\\\/#website\",\"url\":\"https:\\\/\\\/pans.krosno.pl\\\/fundusze-zewnetrzne\\\/\",\"name\":\"Fundusze zewn\u0119trzne PANS w Kro\u015bnie\",\"description\":\"Fundusze zewn\u0119trzne  - Pa\u0144stwowa Akademia Nauk Stosowanych\",\"publisher\":{\"@id\":\"https:\\\/\\\/pans.krosno.pl\\\/fundusze-zewnetrzne\\\/#organization\"},\"potentialAction\":[{\"@type\":\"SearchAction\",\"target\":{\"@type\":\"EntryPoint\",\"urlTemplate\":\"https:\\\/\\\/pans.krosno.pl\\\/fundusze-zewnetrzne\\\/?s={search_term_string}\"},\"query-input\":{\"@type\":\"PropertyValueSpecification\",\"valueRequired\":true,\"valueName\":\"search_term_string\"}}],\"inLanguage\":\"pl-PL\"},{\"@type\":\"Organization\",\"@id\":\"https:\\\/\\\/pans.krosno.pl\\\/fundusze-zewnetrzne\\\/#organization\",\"name\":\"Fundusze zewn\u0119trzne PANS w Kro\u015bnie\",\"url\":\"https:\\\/\\\/pans.krosno.pl\\\/fundusze-zewnetrzne\\\/\",\"logo\":{\"@type\":\"ImageObject\",\"inLanguage\":\"pl-PL\",\"@id\":\"https:\\\/\\\/pans.krosno.pl\\\/fundusze-zewnetrzne\\\/#\\\/schema\\\/logo\\\/image\\\/\",\"url\":\"https:\\\/\\\/pans.krosno.pl\\\/fundusze-zewnetrzne\\\/wp-content\\\/uploads\\\/sites\\\/14\\\/2023\\\/01\\\/Logo-PANS-2022-pelne.png\",\"contentUrl\":\"https:\\\/\\\/pans.krosno.pl\\\/fundusze-zewnetrzne\\\/wp-content\\\/uploads\\\/sites\\\/14\\\/2023\\\/01\\\/Logo-PANS-2022-pelne.png\",\"width\":3096,\"height\":696,\"caption\":\"Fundusze zewn\u0119trzne PANS w Kro\u015bnie\"},\"image\":{\"@id\":\"https:\\\/\\\/pans.krosno.pl\\\/fundusze-zewnetrzne\\\/#\\\/schema\\\/logo\\\/image\\\/\"}}]}<\/script>\n<!-- \/ Yoast SEO Premium plugin. -->","yoast_head_json":{"title":"Wielkie Granie Polsko \u2013 S\u0142owacka wymiana do\u015bwiadcze\u0144 w dziedzinie sportu akademickiego oraz promocji aktywno\u015bci fizycznej - Fundusze zewn\u0119trzne PANS w Kro\u015bnie","robots":{"index":"index","follow":"follow","max-snippet":"max-snippet:-1","max-image-preview":"max-image-preview:large","max-video-preview":"max-video-preview:-1"},"canonical":"https:\/\/pans.krosno.pl\/fundusze-zewnetrzne\/projekty-zrealizowane\/wielkie-granie-polsko-slowacka-wymiana-doswiadczen-w-dziedzinie-sportu-akademickiego-oraz-promocji-aktywnosci-fizycznej\/","og_locale":"pl_PL","og_type":"article","og_title":"Wielkie Granie Polsko \u2013 S\u0142owacka wymiana do\u015bwiadcze\u0144 w dziedzinie sportu akademickiego oraz promocji aktywno\u015bci fizycznej","og_description":"Celem projektu jest stworzenie platformy wsp\u00f3\u0142pracy na p\u0142aszczy\u017anie sportu akademickiego przez mieszka\u0144c\u00f3w obszar\u00f3w przygranicza polsko \u2013 s\u0142owackiego poprzez organizacj\u0119 wsp\u00f3lnych przedsi\u0119wzi\u0119\u0107 w postaci turniej\u00f3w sportowych oraz obozu sportowo turystycznego.&nbsp; Projekt realizowany jest od 1.07.2011 do 30.04.2012 Warto\u015b\u0107 projektu: 58&nbsp;772,00 EUR Partnerzy projektu: PWSZ w Kro\u015bnie, Zarz\u0105d \u015arodowiskowy Akademickiego Zwi\u0105zku Sportowego [\u2026] Read More","og_url":"https:\/\/pans.krosno.pl\/fundusze-zewnetrzne\/projekty-zrealizowane\/wielkie-granie-polsko-slowacka-wymiana-doswiadczen-w-dziedzinie-sportu-akademickiego-oraz-promocji-aktywnosci-fizycznej\/","og_site_name":"Fundusze zewn\u0119trzne PANS w Kro\u015bnie","article_modified_time":"2022-05-25T07:42:45+00:00","og_image":[{"url":"https:\/\/pans.krosno.pl\/fundusze-europejskie-kursy\/wp-content\/uploads\/sites\/14\/2020\/05\/logo02-1.jpg","type":"","width":"","height":""}],"twitter_card":"summary_large_image","twitter_misc":{"Szacowany czas czytania":"1 minuta"},"schema":{"@context":"https:\/\/schema.org","@graph":[{"@type":"WebPage","@id":"https:\/\/pans.krosno.pl\/fundusze-zewnetrzne\/projekty-zrealizowane\/wielkie-granie-polsko-slowacka-wymiana-doswiadczen-w-dziedzinie-sportu-akademickiego-oraz-promocji-aktywnosci-fizycznej\/","url":"https:\/\/pans.krosno.pl\/fundusze-zewnetrzne\/projekty-zrealizowane\/wielkie-granie-polsko-slowacka-wymiana-doswiadczen-w-dziedzinie-sportu-akademickiego-oraz-promocji-aktywnosci-fizycznej\/","name":"Wielkie Granie Polsko \u2013 S\u0142owacka wymiana do\u015bwiadcze\u0144 w dziedzinie sportu akademickiego oraz promocji aktywno\u015bci fizycznej - Fundusze zewn\u0119trzne PANS w Kro\u015bnie","isPartOf":{"@id":"https:\/\/pans.krosno.pl\/fundusze-zewnetrzne\/#website"},"primaryImageOfPage":{"@id":"https:\/\/pans.krosno.pl\/fundusze-zewnetrzne\/projekty-zrealizowane\/wielkie-granie-polsko-slowacka-wymiana-doswiadczen-w-dziedzinie-sportu-akademickiego-oraz-promocji-aktywnosci-fizycznej\/#primaryimage"},"image":{"@id":"https:\/\/pans.krosno.pl\/fundusze-zewnetrzne\/projekty-zrealizowane\/wielkie-granie-polsko-slowacka-wymiana-doswiadczen-w-dziedzinie-sportu-akademickiego-oraz-promocji-aktywnosci-fizycznej\/#primaryimage"},"thumbnailUrl":"https:\/\/pans.krosno.pl\/fundusze-europejskie-kursy\/wp-content\/uploads\/sites\/14\/2020\/05\/logo02-1.jpg","datePublished":"2020-05-13T18:02:56+00:00","dateModified":"2022-05-25T07:42:45+00:00","breadcrumb":{"@id":"https:\/\/pans.krosno.pl\/fundusze-zewnetrzne\/projekty-zrealizowane\/wielkie-granie-polsko-slowacka-wymiana-doswiadczen-w-dziedzinie-sportu-akademickiego-oraz-promocji-aktywnosci-fizycznej\/#breadcrumb"},"inLanguage":"pl-PL","potentialAction":[{"@type":"ReadAction","target":["https:\/\/pans.krosno.pl\/fundusze-zewnetrzne\/projekty-zrealizowane\/wielkie-granie-polsko-slowacka-wymiana-doswiadczen-w-dziedzinie-sportu-akademickiego-oraz-promocji-aktywnosci-fizycznej\/"]}]},{"@type":"ImageObject","inLanguage":"pl-PL","@id":"https:\/\/pans.krosno.pl\/fundusze-zewnetrzne\/projekty-zrealizowane\/wielkie-granie-polsko-slowacka-wymiana-doswiadczen-w-dziedzinie-sportu-akademickiego-oraz-promocji-aktywnosci-fizycznej\/#primaryimage","url":"https:\/\/pans.krosno.pl\/fundusze-europejskie-kursy\/wp-content\/uploads\/sites\/14\/2020\/05\/logo02-1.jpg","contentUrl":"https:\/\/pans.krosno.pl\/fundusze-europejskie-kursy\/wp-content\/uploads\/sites\/14\/2020\/05\/logo02-1.jpg"},{"@type":"BreadcrumbList","@id":"https:\/\/pans.krosno.pl\/fundusze-zewnetrzne\/projekty-zrealizowane\/wielkie-granie-polsko-slowacka-wymiana-doswiadczen-w-dziedzinie-sportu-akademickiego-oraz-promocji-aktywnosci-fizycznej\/#breadcrumb","itemListElement":[{"@type":"ListItem","position":1,"name":"Strona g\u0142\u00f3wna","item":"https:\/\/pans.krosno.pl\/fundusze-zewnetrzne\/"},{"@type":"ListItem","position":2,"name":"Projekty zrealizowane","item":"https:\/\/pans.krosno.pl\/fundusze-zewnetrzne\/projekty-zrealizowane\/"},{"@type":"ListItem","position":3,"name":"Wielkie Granie Polsko \u2013 S\u0142owacka wymiana do\u015bwiadcze\u0144 w dziedzinie sportu akademickiego oraz promocji aktywno\u015bci fizycznej"}]},{"@type":"WebSite","@id":"https:\/\/pans.krosno.pl\/fundusze-zewnetrzne\/#website","url":"https:\/\/pans.krosno.pl\/fundusze-zewnetrzne\/","name":"Fundusze zewn\u0119trzne PANS w Kro\u015bnie","description":"Fundusze zewn\u0119trzne  - Pa\u0144stwowa Akademia Nauk Stosowanych","publisher":{"@id":"https:\/\/pans.krosno.pl\/fundusze-zewnetrzne\/#organization"},"potentialAction":[{"@type":"SearchAction","target":{"@type":"EntryPoint","urlTemplate":"https:\/\/pans.krosno.pl\/fundusze-zewnetrzne\/?s={search_term_string}"},"query-input":{"@type":"PropertyValueSpecification","valueRequired":true,"valueName":"search_term_string"}}],"inLanguage":"pl-PL"},{"@type":"Organization","@id":"https:\/\/pans.krosno.pl\/fundusze-zewnetrzne\/#organization","name":"Fundusze zewn\u0119trzne PANS w Kro\u015bnie","url":"https:\/\/pans.krosno.pl\/fundusze-zewnetrzne\/","logo":{"@type":"ImageObject","inLanguage":"pl-PL","@id":"https:\/\/pans.krosno.pl\/fundusze-zewnetrzne\/#\/schema\/logo\/image\/","url":"https:\/\/pans.krosno.pl\/fundusze-zewnetrzne\/wp-content\/uploads\/sites\/14\/2023\/01\/Logo-PANS-2022-pelne.png","contentUrl":"https:\/\/pans.krosno.pl\/fundusze-zewnetrzne\/wp-content\/uploads\/sites\/14\/2023\/01\/Logo-PANS-2022-pelne.png","width":3096,"height":696,"caption":"Fundusze zewn\u0119trzne PANS w Kro\u015bnie"},"image":{"@id":"https:\/\/pans.krosno.pl\/fundusze-zewnetrzne\/#\/schema\/logo\/image\/"}}]}},"_links":{"self":[{"href":"https:\/\/pans.krosno.pl\/fundusze-zewnetrzne\/wp-json\/wp\/v2\/pages\/934","targetHints":{"allow":["GET"]}}],"collection":[{"href":"https:\/\/pans.krosno.pl\/fundusze-zewnetrzne\/wp-json\/wp\/v2\/pages"}],"about":[{"href":"https:\/\/pans.krosno.pl\/fundusze-zewnetrzne\/wp-json\/wp\/v2\/types\/page"}],"author":[{"embeddable":true,"href":"https:\/\/pans.krosno.pl\/fundusze-zewnetrzne\/wp-json\/wp\/v2\/users\/27"}],"replies":[{"embeddable":true,"href":"https:\/\/pans.krosno.pl\/fundusze-zewnetrzne\/wp-json\/wp\/v2\/comments?post=934"}],"version-history":[{"count":2,"href":"https:\/\/pans.krosno.pl\/fundusze-zewnetrzne\/wp-json\/wp\/v2\/pages\/934\/revisions"}],"predecessor-version":[{"id":3259,"href":"https:\/\/pans.krosno.pl\/fundusze-zewnetrzne\/wp-json\/wp\/v2\/pages\/934\/revisions\/3259"}],"up":[{"embeddable":true,"href":"https:\/\/pans.krosno.pl\/fundusze-zewnetrzne\/wp-json\/wp\/v2\/pages\/13"}],"wp:attachment":[{"href":"https:\/\/pans.krosno.pl\/fundusze-zewnetrzne\/wp-json\/wp\/v2\/media?parent=934"}],"curies":[{"name":"wp","href":"https:\/\/api.w.org\/{rel}","templated":true}]}}