{"id":929,"date":"2020-05-13T20:00:59","date_gmt":"2020-05-13T18:00:59","guid":{"rendered":"https:\/\/pans.krosno.pl\/fundusze-europejskie-kursy\/?page_id=929"},"modified":"2022-05-25T09:42:19","modified_gmt":"2022-05-25T07:42:19","slug":"ksztalcenie-zawodowe-pielegniarek-i-poloznych-w-ramach-studiow-pomostowych","status":"publish","type":"page","link":"https:\/\/pans.krosno.pl\/fundusze-zewnetrzne\/projekty-zrealizowane\/ksztalcenie-zawodowe-pielegniarek-i-poloznych-w-ramach-studiow-pomostowych\/","title":{"rendered":"Kszta\u0142cenie zawodowe piel\u0119gniarek i po\u0142o\u017cnych w ramach studi\u00f3w pomostowych"},"content":{"rendered":"\n<p><br>Pa\u0144stwowa Wy\u017csza Szko\u0142a Zawodowa w&nbsp;Kro\u015bnie realizuje studia pomostowe dla piel\u0119gniarek w&nbsp;ramach projektu<br><strong>\u201eKszta\u0142cenie zawodowe piel\u0119gniarek i&nbsp;po\u0142o\u017cnych w&nbsp;ramach studi\u00f3w pomostowych\u201d<\/strong>.<br>Projekt realizowany&nbsp; w ramach Programu Operacyjnego Kapita\u0142 Ludzki Poddzia\u0142anie 2.3.2 Dzia\u0142anie 2.3 Priorytet II<\/p>\n","protected":false},"excerpt":{"rendered":"<p>Pa\u0144stwowa Wy\u017csza Szko\u0142a Zawodowa w&nbsp;Kro\u015bnie realizuje studia pomostowe dla piel\u0119gniarek w&nbsp;ramach projektu\u201eKszta\u0142cenie zawodowe piel\u0119gniarek i&nbsp;po\u0142o\u017cnych w&nbsp;ramach studi\u00f3w pomostowych\u201d.Projekt realizowany&nbsp; w ramach Programu Operacyjnego Kapita\u0142 Ludzki Poddzia\u0142anie 2.3.2 Dzia\u0142anie 2.3 Priorytet II<\/p>\n","protected":false},"author":27,"featured_media":0,"parent":13,"menu_order":0,"comment_status":"closed","ping_status":"closed","template":"page-templates\/template-full-width.php","meta":{"ngg_post_thumbnail":0,"footnotes":""},"class_list":["post-929","page","type-page","status-publish","hentry"],"yoast_head":"<!-- This site is optimized with the Yoast SEO Premium plugin v27.3 (Yoast SEO v27.3) - https:\/\/yoast.com\/product\/yoast-seo-premium-wordpress\/ -->\n<title>Kszta\u0142cenie zawodowe piel\u0119gniarek i po\u0142o\u017cnych w ramach studi\u00f3w pomostowych - Fundusze zewn\u0119trzne PANS w Kro\u015bnie<\/title>\n<meta name=\"robots\" content=\"index, follow, max-snippet:-1, max-image-preview:large, max-video-preview:-1\" \/>\n<link rel=\"canonical\" href=\"https:\/\/pans.krosno.pl\/fundusze-zewnetrzne\/projekty-zrealizowane\/ksztalcenie-zawodowe-pielegniarek-i-poloznych-w-ramach-studiow-pomostowych\/\" \/>\n<meta property=\"og:locale\" content=\"pl_PL\" \/>\n<meta property=\"og:type\" content=\"article\" \/>\n<meta property=\"og:title\" content=\"Kszta\u0142cenie zawodowe piel\u0119gniarek i po\u0142o\u017cnych w ramach studi\u00f3w pomostowych\" \/>\n<meta property=\"og:description\" content=\"Pa\u0144stwowa Wy\u017csza Szko\u0142a Zawodowa w&nbsp;Kro\u015bnie realizuje studia pomostowe dla piel\u0119gniarek w&nbsp;ramach projektu\u201eKszta\u0142cenie zawodowe piel\u0119gniarek i&nbsp;po\u0142o\u017cnych w&nbsp;ramach studi\u00f3w pomostowych\u201d.Projekt realizowany&nbsp; w ramach Programu Operacyjnego Kapita\u0142 Ludzki Poddzia\u0142anie 2.3.2 Dzia\u0142anie 2.3 Priorytet II\" \/>\n<meta property=\"og:url\" content=\"https:\/\/pans.krosno.pl\/fundusze-zewnetrzne\/projekty-zrealizowane\/ksztalcenie-zawodowe-pielegniarek-i-poloznych-w-ramach-studiow-pomostowych\/\" \/>\n<meta property=\"og:site_name\" content=\"Fundusze zewn\u0119trzne PANS w Kro\u015bnie\" \/>\n<meta property=\"article:modified_time\" content=\"2022-05-25T07:42:19+00:00\" \/>\n<meta name=\"twitter:card\" content=\"summary_large_image\" \/>\n<meta name=\"twitter:label1\" content=\"Szacowany czas czytania\" \/>\n\t<meta name=\"twitter:data1\" content=\"1 minuta\" \/>\n<script type=\"application\/ld+json\" class=\"yoast-schema-graph\">{\"@context\":\"https:\\\/\\\/schema.org\",\"@graph\":[{\"@type\":\"WebPage\",\"@id\":\"https:\\\/\\\/pans.krosno.pl\\\/fundusze-zewnetrzne\\\/projekty-zrealizowane\\\/ksztalcenie-zawodowe-pielegniarek-i-poloznych-w-ramach-studiow-pomostowych\\\/\",\"url\":\"https:\\\/\\\/pans.krosno.pl\\\/fundusze-zewnetrzne\\\/projekty-zrealizowane\\\/ksztalcenie-zawodowe-pielegniarek-i-poloznych-w-ramach-studiow-pomostowych\\\/\",\"name\":\"Kszta\u0142cenie zawodowe piel\u0119gniarek i po\u0142o\u017cnych w ramach studi\u00f3w pomostowych - Fundusze zewn\u0119trzne PANS w Kro\u015bnie\",\"isPartOf\":{\"@id\":\"https:\\\/\\\/pans.krosno.pl\\\/fundusze-zewnetrzne\\\/#website\"},\"datePublished\":\"2020-05-13T18:00:59+00:00\",\"dateModified\":\"2022-05-25T07:42:19+00:00\",\"breadcrumb\":{\"@id\":\"https:\\\/\\\/pans.krosno.pl\\\/fundusze-zewnetrzne\\\/projekty-zrealizowane\\\/ksztalcenie-zawodowe-pielegniarek-i-poloznych-w-ramach-studiow-pomostowych\\\/#breadcrumb\"},\"inLanguage\":\"pl-PL\",\"potentialAction\":[{\"@type\":\"ReadAction\",\"target\":[\"https:\\\/\\\/pans.krosno.pl\\\/fundusze-zewnetrzne\\\/projekty-zrealizowane\\\/ksztalcenie-zawodowe-pielegniarek-i-poloznych-w-ramach-studiow-pomostowych\\\/\"]}]},{\"@type\":\"BreadcrumbList\",\"@id\":\"https:\\\/\\\/pans.krosno.pl\\\/fundusze-zewnetrzne\\\/projekty-zrealizowane\\\/ksztalcenie-zawodowe-pielegniarek-i-poloznych-w-ramach-studiow-pomostowych\\\/#breadcrumb\",\"itemListElement\":[{\"@type\":\"ListItem\",\"position\":1,\"name\":\"Strona g\u0142\u00f3wna\",\"item\":\"https:\\\/\\\/pans.krosno.pl\\\/fundusze-zewnetrzne\\\/\"},{\"@type\":\"ListItem\",\"position\":2,\"name\":\"Projekty zrealizowane\",\"item\":\"https:\\\/\\\/pans.krosno.pl\\\/fundusze-zewnetrzne\\\/projekty-zrealizowane\\\/\"},{\"@type\":\"ListItem\",\"position\":3,\"name\":\"Kszta\u0142cenie zawodowe piel\u0119gniarek i po\u0142o\u017cnych w ramach studi\u00f3w pomostowych\"}]},{\"@type\":\"WebSite\",\"@id\":\"https:\\\/\\\/pans.krosno.pl\\\/fundusze-zewnetrzne\\\/#website\",\"url\":\"https:\\\/\\\/pans.krosno.pl\\\/fundusze-zewnetrzne\\\/\",\"name\":\"Fundusze zewn\u0119trzne PANS w Kro\u015bnie\",\"description\":\"Fundusze zewn\u0119trzne  - Pa\u0144stwowa Akademia Nauk Stosowanych\",\"publisher\":{\"@id\":\"https:\\\/\\\/pans.krosno.pl\\\/fundusze-zewnetrzne\\\/#organization\"},\"potentialAction\":[{\"@type\":\"SearchAction\",\"target\":{\"@type\":\"EntryPoint\",\"urlTemplate\":\"https:\\\/\\\/pans.krosno.pl\\\/fundusze-zewnetrzne\\\/?s={search_term_string}\"},\"query-input\":{\"@type\":\"PropertyValueSpecification\",\"valueRequired\":true,\"valueName\":\"search_term_string\"}}],\"inLanguage\":\"pl-PL\"},{\"@type\":\"Organization\",\"@id\":\"https:\\\/\\\/pans.krosno.pl\\\/fundusze-zewnetrzne\\\/#organization\",\"name\":\"Fundusze zewn\u0119trzne PANS w Kro\u015bnie\",\"url\":\"https:\\\/\\\/pans.krosno.pl\\\/fundusze-zewnetrzne\\\/\",\"logo\":{\"@type\":\"ImageObject\",\"inLanguage\":\"pl-PL\",\"@id\":\"https:\\\/\\\/pans.krosno.pl\\\/fundusze-zewnetrzne\\\/#\\\/schema\\\/logo\\\/image\\\/\",\"url\":\"https:\\\/\\\/pans.krosno.pl\\\/fundusze-zewnetrzne\\\/wp-content\\\/uploads\\\/sites\\\/14\\\/2023\\\/01\\\/Logo-PANS-2022-pelne.png\",\"contentUrl\":\"https:\\\/\\\/pans.krosno.pl\\\/fundusze-zewnetrzne\\\/wp-content\\\/uploads\\\/sites\\\/14\\\/2023\\\/01\\\/Logo-PANS-2022-pelne.png\",\"width\":3096,\"height\":696,\"caption\":\"Fundusze zewn\u0119trzne PANS w Kro\u015bnie\"},\"image\":{\"@id\":\"https:\\\/\\\/pans.krosno.pl\\\/fundusze-zewnetrzne\\\/#\\\/schema\\\/logo\\\/image\\\/\"}}]}<\/script>\n<!-- \/ Yoast SEO Premium plugin. -->","yoast_head_json":{"title":"Kszta\u0142cenie zawodowe piel\u0119gniarek i po\u0142o\u017cnych w ramach studi\u00f3w pomostowych - Fundusze zewn\u0119trzne PANS w Kro\u015bnie","robots":{"index":"index","follow":"follow","max-snippet":"max-snippet:-1","max-image-preview":"max-image-preview:large","max-video-preview":"max-video-preview:-1"},"canonical":"https:\/\/pans.krosno.pl\/fundusze-zewnetrzne\/projekty-zrealizowane\/ksztalcenie-zawodowe-pielegniarek-i-poloznych-w-ramach-studiow-pomostowych\/","og_locale":"pl_PL","og_type":"article","og_title":"Kszta\u0142cenie zawodowe piel\u0119gniarek i po\u0142o\u017cnych w ramach studi\u00f3w pomostowych","og_description":"Pa\u0144stwowa Wy\u017csza Szko\u0142a Zawodowa w&nbsp;Kro\u015bnie realizuje studia pomostowe dla piel\u0119gniarek w&nbsp;ramach projektu\u201eKszta\u0142cenie zawodowe piel\u0119gniarek i&nbsp;po\u0142o\u017cnych w&nbsp;ramach studi\u00f3w pomostowych\u201d.Projekt realizowany&nbsp; w ramach Programu Operacyjnego Kapita\u0142 Ludzki Poddzia\u0142anie 2.3.2 Dzia\u0142anie 2.3 Priorytet II","og_url":"https:\/\/pans.krosno.pl\/fundusze-zewnetrzne\/projekty-zrealizowane\/ksztalcenie-zawodowe-pielegniarek-i-poloznych-w-ramach-studiow-pomostowych\/","og_site_name":"Fundusze zewn\u0119trzne PANS w Kro\u015bnie","article_modified_time":"2022-05-25T07:42:19+00:00","twitter_card":"summary_large_image","twitter_misc":{"Szacowany czas czytania":"1 minuta"},"schema":{"@context":"https:\/\/schema.org","@graph":[{"@type":"WebPage","@id":"https:\/\/pans.krosno.pl\/fundusze-zewnetrzne\/projekty-zrealizowane\/ksztalcenie-zawodowe-pielegniarek-i-poloznych-w-ramach-studiow-pomostowych\/","url":"https:\/\/pans.krosno.pl\/fundusze-zewnetrzne\/projekty-zrealizowane\/ksztalcenie-zawodowe-pielegniarek-i-poloznych-w-ramach-studiow-pomostowych\/","name":"Kszta\u0142cenie zawodowe piel\u0119gniarek i po\u0142o\u017cnych w ramach studi\u00f3w pomostowych - Fundusze zewn\u0119trzne PANS w Kro\u015bnie","isPartOf":{"@id":"https:\/\/pans.krosno.pl\/fundusze-zewnetrzne\/#website"},"datePublished":"2020-05-13T18:00:59+00:00","dateModified":"2022-05-25T07:42:19+00:00","breadcrumb":{"@id":"https:\/\/pans.krosno.pl\/fundusze-zewnetrzne\/projekty-zrealizowane\/ksztalcenie-zawodowe-pielegniarek-i-poloznych-w-ramach-studiow-pomostowych\/#breadcrumb"},"inLanguage":"pl-PL","potentialAction":[{"@type":"ReadAction","target":["https:\/\/pans.krosno.pl\/fundusze-zewnetrzne\/projekty-zrealizowane\/ksztalcenie-zawodowe-pielegniarek-i-poloznych-w-ramach-studiow-pomostowych\/"]}]},{"@type":"BreadcrumbList","@id":"https:\/\/pans.krosno.pl\/fundusze-zewnetrzne\/projekty-zrealizowane\/ksztalcenie-zawodowe-pielegniarek-i-poloznych-w-ramach-studiow-pomostowych\/#breadcrumb","itemListElement":[{"@type":"ListItem","position":1,"name":"Strona g\u0142\u00f3wna","item":"https:\/\/pans.krosno.pl\/fundusze-zewnetrzne\/"},{"@type":"ListItem","position":2,"name":"Projekty zrealizowane","item":"https:\/\/pans.krosno.pl\/fundusze-zewnetrzne\/projekty-zrealizowane\/"},{"@type":"ListItem","position":3,"name":"Kszta\u0142cenie zawodowe piel\u0119gniarek i po\u0142o\u017cnych w ramach studi\u00f3w pomostowych"}]},{"@type":"WebSite","@id":"https:\/\/pans.krosno.pl\/fundusze-zewnetrzne\/#website","url":"https:\/\/pans.krosno.pl\/fundusze-zewnetrzne\/","name":"Fundusze zewn\u0119trzne PANS w Kro\u015bnie","description":"Fundusze zewn\u0119trzne  - Pa\u0144stwowa Akademia Nauk Stosowanych","publisher":{"@id":"https:\/\/pans.krosno.pl\/fundusze-zewnetrzne\/#organization"},"potentialAction":[{"@type":"SearchAction","target":{"@type":"EntryPoint","urlTemplate":"https:\/\/pans.krosno.pl\/fundusze-zewnetrzne\/?s={search_term_string}"},"query-input":{"@type":"PropertyValueSpecification","valueRequired":true,"valueName":"search_term_string"}}],"inLanguage":"pl-PL"},{"@type":"Organization","@id":"https:\/\/pans.krosno.pl\/fundusze-zewnetrzne\/#organization","name":"Fundusze zewn\u0119trzne PANS w Kro\u015bnie","url":"https:\/\/pans.krosno.pl\/fundusze-zewnetrzne\/","logo":{"@type":"ImageObject","inLanguage":"pl-PL","@id":"https:\/\/pans.krosno.pl\/fundusze-zewnetrzne\/#\/schema\/logo\/image\/","url":"https:\/\/pans.krosno.pl\/fundusze-zewnetrzne\/wp-content\/uploads\/sites\/14\/2023\/01\/Logo-PANS-2022-pelne.png","contentUrl":"https:\/\/pans.krosno.pl\/fundusze-zewnetrzne\/wp-content\/uploads\/sites\/14\/2023\/01\/Logo-PANS-2022-pelne.png","width":3096,"height":696,"caption":"Fundusze zewn\u0119trzne PANS w Kro\u015bnie"},"image":{"@id":"https:\/\/pans.krosno.pl\/fundusze-zewnetrzne\/#\/schema\/logo\/image\/"}}]}},"_links":{"self":[{"href":"https:\/\/pans.krosno.pl\/fundusze-zewnetrzne\/wp-json\/wp\/v2\/pages\/929","targetHints":{"allow":["GET"]}}],"collection":[{"href":"https:\/\/pans.krosno.pl\/fundusze-zewnetrzne\/wp-json\/wp\/v2\/pages"}],"about":[{"href":"https:\/\/pans.krosno.pl\/fundusze-zewnetrzne\/wp-json\/wp\/v2\/types\/page"}],"author":[{"embeddable":true,"href":"https:\/\/pans.krosno.pl\/fundusze-zewnetrzne\/wp-json\/wp\/v2\/users\/27"}],"replies":[{"embeddable":true,"href":"https:\/\/pans.krosno.pl\/fundusze-zewnetrzne\/wp-json\/wp\/v2\/comments?post=929"}],"version-history":[{"count":2,"href":"https:\/\/pans.krosno.pl\/fundusze-zewnetrzne\/wp-json\/wp\/v2\/pages\/929\/revisions"}],"predecessor-version":[{"id":3258,"href":"https:\/\/pans.krosno.pl\/fundusze-zewnetrzne\/wp-json\/wp\/v2\/pages\/929\/revisions\/3258"}],"up":[{"embeddable":true,"href":"https:\/\/pans.krosno.pl\/fundusze-zewnetrzne\/wp-json\/wp\/v2\/pages\/13"}],"wp:attachment":[{"href":"https:\/\/pans.krosno.pl\/fundusze-zewnetrzne\/wp-json\/wp\/v2\/media?parent=929"}],"curies":[{"name":"wp","href":"https:\/\/api.w.org\/{rel}","templated":true}]}}