{"id":922,"date":"2020-05-13T19:58:39","date_gmt":"2020-05-13T17:58:39","guid":{"rendered":"https:\/\/pans.krosno.pl\/fundusze-europejskie-kursy\/?page_id=922"},"modified":"2022-05-25T09:41:13","modified_gmt":"2022-05-25T07:41:13","slug":"rozwoj-bazy-laboratoryjnej-dla-kierunkow-inzynierskich-w-ramach-kampusu-technicznego-pwsz-w-krosnie","status":"publish","type":"page","link":"https:\/\/pans.krosno.pl\/fundusze-zewnetrzne\/projekty-zrealizowane\/rozwoj-bazy-laboratoryjnej-dla-kierunkow-inzynierskich-w-ramach-kampusu-technicznego-pwsz-w-krosnie\/","title":{"rendered":"Rozw\u00f3j bazy laboratoryjnej dla kierunk\u00f3w in\u017cynierskich w ramach Kampusu Technicznego PWSZ w Kro\u015bnie"},"content":{"rendered":"\n<h5 class=\"wp-block-heading\">Projekt polega na utworzeniu 4 laboratori\u00f3w badawczych poprzez zakup nowoczesnego wyposa\u017cenia umo\u017cliwiaj\u0105cego prowadzenie zaj\u0119\u0107 dydaktycznych na kierunkach in\u017cynierskich.<\/h5>\n\n\n\n<p>Projekt jest przewidziany do realizacji w ramach jednego etapu i zawiera nast\u0119puj\u0105cy zakres planowanych dzia\u0142a\u0144:<\/p>\n\n\n\n<ul class=\"wp-block-list\"><li>zakup wyposa\u017cenia do laboratorium oceny jako\u015bci surowc\u00f3w i produkt\u00f3w pochodzenia ro\u015blinnego i zwierz\u0119cego;<\/li><li>zakup wyposa\u017cenia do laboratorium opakowalnictwa;<\/li><li>jedn\u0105 sal\u0119 komputerow\u0105,<\/li><li>zakup wyposa\u017cenia do laboratorium towaroznawstwa przemys\u0142owego;<\/li><li>zakup wyposa\u017cenia do laboratorium gleboznawstwa, in\u017cynierii \u015brodowiska i geotechniki.<\/li><\/ul>\n\n\n\n<p>W ramach projektu zostanie przygotowane studium wykonalno\u015bci oraz przeprowadzone dzia\u0142ania polegaj\u0105ce na koordynacji i promocji projektu.<\/p>\n\n\n\n<p>Cel projektu<\/p>\n\n\n\n<h5 class=\"wp-block-heading\">G\u0142\u00f3wnym celem projektu jest podniesienie jako\u015bci systemu szkolnictwa wy\u017cszego w regionie podkarpackim. Celami bezpo\u015brednimi s\u0105:<\/h5>\n\n\n\n<ul class=\"wp-block-list\"><li>Udoskonalenie poziomu kszta\u0142cenia poprzez wykorzystanie nowoczesnych laboratori\u00f3w w procesie dydaktycznym PWSZ w Kro\u015bnie;<\/li><li>Poprawa wielofunkcyjno\u015bci oraz wyposa\u017cenie pomieszcze\u0144 w pomoce naukowo-dydaktyczne i sprz\u0119t badawczy niezb\u0119dny do realizacji prac in\u017cynierskich w PWSZ w Kro\u015bnie.<\/li><\/ul>\n\n\n\n<p>Wsparcie przedmiotowego projektu b\u0119dzie mia\u0142o wp\u0142yw na rozszerzenie dzia\u0142a\u0144 realizowanych przez uczelni\u0119 w zakresie poprawy jako\u015bci kszta\u0142cenia. Przystosowanie sal dydaktycznych do potrzeb student\u00f3w poprzez zakup wyposa\u017cenia b\u0119dzie s\u0142u\u017cy\u0142o polepszeniu efektywno\u015bci i jako\u015bci zaj\u0119\u0107 dydaktycznych. Wsparcie PWSZ w Kro\u015bnie przyczyni si\u0119 do rozwoju spo\u0142eczno-gospodarczego regionu poprzez stworzenie warunk\u00f3w dla kszta\u0142cenia student\u00f3w studi\u00f3w in\u017cynierskich w oparciu o potrzeby sektora nowoczesnej gospodarki.<\/p>\n\n\n\n<p>Harmonogram, nak\u0142ady inwestycyjne i \u017ar\u00f3d\u0142a finansowaniaRealizacj\u0119 projektu zaplanowano na okres od 8.07.2011 r. do 30.09.2012 r. (z\u0142o\u017cenie ostatniego wniosku o p\u0142atno\u015b\u0107). Ca\u0142kowita warto\u015b\u0107 planowanej inwestycji \u2013 4 253 887,90 z\u0142, w tym warto\u015b\u0107 koszt\u00f3w kwalifikowanych wynosi 4 186 254,00 z\u0142. Pozosta\u0142a cz\u0119\u015b\u0107 stanowi\u0105 koszty niekwalifikowane w wysoko\u015bci 67 633,90 z\u0142.<\/p>\n\n\n\n<p>Projekt wsp\u00f3\u0142finansowany ze \u015brodk\u00f3w Unii Europejskiej z Europejskiego Funduszu Rozwoju Regionalnego w ramach Regionalnego Programu Operacyjnego Wojew\u00f3dztwa Podkarpackiego na lata 2007 \u2013 2013<img decoding=\"async\" src=\"http:\/\/laboratoria.pwsz.krosno.pl\/theme\/image\/program_regionalny.jpg\"><img decoding=\"async\" src=\"http:\/\/laboratoria.pwsz.krosno.pl\/theme\/image\/wojewodztwo_podkarpackie.jpg\"><\/p>\n","protected":false},"excerpt":{"rendered":"<p>Projekt polega na utworzeniu 4 laboratori\u00f3w badawczych poprzez zakup nowoczesnego wyposa\u017cenia umo\u017cliwiaj\u0105cego prowadzenie zaj\u0119\u0107 dydaktycznych na kierunkach in\u017cynierskich. Projekt jest przewidziany do realizacji w ramach jednego etapu i zawiera nast\u0119puj\u0105cy zakres planowanych dzia\u0142a\u0144: zakup wyposa\u017cenia do laboratorium oceny jako\u015bci surowc\u00f3w i produkt\u00f3w pochodzenia ro\u015blinnego i zwierz\u0119cego; zakup wyposa\u017cenia do laboratorium [\u2026] <\/p>\n<div class=\"clear\"><\/div>\n<p><a class=\"more_link clearfix\" href=\"https:\/\/pans.krosno.pl\/fundusze-zewnetrzne\/projekty-zrealizowane\/rozwoj-bazy-laboratoryjnej-dla-kierunkow-inzynierskich-w-ramach-kampusu-technicznego-pwsz-w-krosnie\/\" rel=\"nofollow\">Read More<\/a><\/p>\n","protected":false},"author":27,"featured_media":0,"parent":13,"menu_order":0,"comment_status":"closed","ping_status":"closed","template":"page-templates\/template-full-width.php","meta":{"ngg_post_thumbnail":0,"footnotes":""},"class_list":["post-922","page","type-page","status-publish","hentry"],"yoast_head":"<!-- This site is optimized with the Yoast SEO Premium plugin v27.3 (Yoast SEO v27.3) - https:\/\/yoast.com\/product\/yoast-seo-premium-wordpress\/ -->\n<title>Rozw\u00f3j bazy laboratoryjnej dla kierunk\u00f3w in\u017cynierskich w ramach Kampusu Technicznego PWSZ w Kro\u015bnie - Fundusze zewn\u0119trzne PANS w Kro\u015bnie<\/title>\n<meta name=\"robots\" content=\"index, follow, max-snippet:-1, max-image-preview:large, max-video-preview:-1\" \/>\n<link rel=\"canonical\" href=\"https:\/\/pans.krosno.pl\/fundusze-zewnetrzne\/projekty-zrealizowane\/rozwoj-bazy-laboratoryjnej-dla-kierunkow-inzynierskich-w-ramach-kampusu-technicznego-pwsz-w-krosnie\/\" \/>\n<meta property=\"og:locale\" content=\"pl_PL\" \/>\n<meta property=\"og:type\" content=\"article\" \/>\n<meta property=\"og:title\" content=\"Rozw\u00f3j bazy laboratoryjnej dla kierunk\u00f3w in\u017cynierskich w ramach Kampusu Technicznego PWSZ w Kro\u015bnie\" \/>\n<meta property=\"og:description\" content=\"Projekt polega na utworzeniu 4 laboratori\u00f3w badawczych poprzez zakup nowoczesnego wyposa\u017cenia umo\u017cliwiaj\u0105cego prowadzenie zaj\u0119\u0107 dydaktycznych na kierunkach in\u017cynierskich. Projekt jest przewidziany do realizacji w ramach jednego etapu i zawiera nast\u0119puj\u0105cy zakres planowanych dzia\u0142a\u0144: zakup wyposa\u017cenia do laboratorium oceny jako\u015bci surowc\u00f3w i produkt\u00f3w pochodzenia ro\u015blinnego i zwierz\u0119cego; zakup wyposa\u017cenia do laboratorium [\u2026] Read More\" \/>\n<meta property=\"og:url\" content=\"https:\/\/pans.krosno.pl\/fundusze-zewnetrzne\/projekty-zrealizowane\/rozwoj-bazy-laboratoryjnej-dla-kierunkow-inzynierskich-w-ramach-kampusu-technicznego-pwsz-w-krosnie\/\" \/>\n<meta property=\"og:site_name\" content=\"Fundusze zewn\u0119trzne PANS w Kro\u015bnie\" \/>\n<meta property=\"article:modified_time\" content=\"2022-05-25T07:41:13+00:00\" \/>\n<meta property=\"og:image\" content=\"http:\/\/laboratoria.pwsz.krosno.pl\/theme\/image\/program_regionalny.jpg\" \/>\n<meta name=\"twitter:card\" content=\"summary_large_image\" \/>\n<meta name=\"twitter:label1\" content=\"Szacowany czas czytania\" \/>\n\t<meta name=\"twitter:data1\" content=\"2 minuty\" \/>\n<script type=\"application\/ld+json\" class=\"yoast-schema-graph\">{\"@context\":\"https:\\\/\\\/schema.org\",\"@graph\":[{\"@type\":\"WebPage\",\"@id\":\"https:\\\/\\\/pans.krosno.pl\\\/fundusze-zewnetrzne\\\/projekty-zrealizowane\\\/rozwoj-bazy-laboratoryjnej-dla-kierunkow-inzynierskich-w-ramach-kampusu-technicznego-pwsz-w-krosnie\\\/\",\"url\":\"https:\\\/\\\/pans.krosno.pl\\\/fundusze-zewnetrzne\\\/projekty-zrealizowane\\\/rozwoj-bazy-laboratoryjnej-dla-kierunkow-inzynierskich-w-ramach-kampusu-technicznego-pwsz-w-krosnie\\\/\",\"name\":\"Rozw\u00f3j bazy laboratoryjnej dla kierunk\u00f3w in\u017cynierskich w ramach Kampusu Technicznego PWSZ w Kro\u015bnie - Fundusze zewn\u0119trzne PANS w Kro\u015bnie\",\"isPartOf\":{\"@id\":\"https:\\\/\\\/pans.krosno.pl\\\/fundusze-zewnetrzne\\\/#website\"},\"primaryImageOfPage\":{\"@id\":\"https:\\\/\\\/pans.krosno.pl\\\/fundusze-zewnetrzne\\\/projekty-zrealizowane\\\/rozwoj-bazy-laboratoryjnej-dla-kierunkow-inzynierskich-w-ramach-kampusu-technicznego-pwsz-w-krosnie\\\/#primaryimage\"},\"image\":{\"@id\":\"https:\\\/\\\/pans.krosno.pl\\\/fundusze-zewnetrzne\\\/projekty-zrealizowane\\\/rozwoj-bazy-laboratoryjnej-dla-kierunkow-inzynierskich-w-ramach-kampusu-technicznego-pwsz-w-krosnie\\\/#primaryimage\"},\"thumbnailUrl\":\"http:\\\/\\\/laboratoria.pwsz.krosno.pl\\\/theme\\\/image\\\/program_regionalny.jpg\",\"datePublished\":\"2020-05-13T17:58:39+00:00\",\"dateModified\":\"2022-05-25T07:41:13+00:00\",\"breadcrumb\":{\"@id\":\"https:\\\/\\\/pans.krosno.pl\\\/fundusze-zewnetrzne\\\/projekty-zrealizowane\\\/rozwoj-bazy-laboratoryjnej-dla-kierunkow-inzynierskich-w-ramach-kampusu-technicznego-pwsz-w-krosnie\\\/#breadcrumb\"},\"inLanguage\":\"pl-PL\",\"potentialAction\":[{\"@type\":\"ReadAction\",\"target\":[\"https:\\\/\\\/pans.krosno.pl\\\/fundusze-zewnetrzne\\\/projekty-zrealizowane\\\/rozwoj-bazy-laboratoryjnej-dla-kierunkow-inzynierskich-w-ramach-kampusu-technicznego-pwsz-w-krosnie\\\/\"]}]},{\"@type\":\"ImageObject\",\"inLanguage\":\"pl-PL\",\"@id\":\"https:\\\/\\\/pans.krosno.pl\\\/fundusze-zewnetrzne\\\/projekty-zrealizowane\\\/rozwoj-bazy-laboratoryjnej-dla-kierunkow-inzynierskich-w-ramach-kampusu-technicznego-pwsz-w-krosnie\\\/#primaryimage\",\"url\":\"http:\\\/\\\/laboratoria.pwsz.krosno.pl\\\/theme\\\/image\\\/program_regionalny.jpg\",\"contentUrl\":\"http:\\\/\\\/laboratoria.pwsz.krosno.pl\\\/theme\\\/image\\\/program_regionalny.jpg\"},{\"@type\":\"BreadcrumbList\",\"@id\":\"https:\\\/\\\/pans.krosno.pl\\\/fundusze-zewnetrzne\\\/projekty-zrealizowane\\\/rozwoj-bazy-laboratoryjnej-dla-kierunkow-inzynierskich-w-ramach-kampusu-technicznego-pwsz-w-krosnie\\\/#breadcrumb\",\"itemListElement\":[{\"@type\":\"ListItem\",\"position\":1,\"name\":\"Strona g\u0142\u00f3wna\",\"item\":\"https:\\\/\\\/pans.krosno.pl\\\/fundusze-zewnetrzne\\\/\"},{\"@type\":\"ListItem\",\"position\":2,\"name\":\"Projekty zrealizowane\",\"item\":\"https:\\\/\\\/pans.krosno.pl\\\/fundusze-zewnetrzne\\\/projekty-zrealizowane\\\/\"},{\"@type\":\"ListItem\",\"position\":3,\"name\":\"Rozw\u00f3j bazy laboratoryjnej dla kierunk\u00f3w in\u017cynierskich w ramach Kampusu Technicznego PWSZ w Kro\u015bnie\"}]},{\"@type\":\"WebSite\",\"@id\":\"https:\\\/\\\/pans.krosno.pl\\\/fundusze-zewnetrzne\\\/#website\",\"url\":\"https:\\\/\\\/pans.krosno.pl\\\/fundusze-zewnetrzne\\\/\",\"name\":\"Fundusze zewn\u0119trzne PANS w Kro\u015bnie\",\"description\":\"Fundusze zewn\u0119trzne  - Pa\u0144stwowa Akademia Nauk Stosowanych\",\"publisher\":{\"@id\":\"https:\\\/\\\/pans.krosno.pl\\\/fundusze-zewnetrzne\\\/#organization\"},\"potentialAction\":[{\"@type\":\"SearchAction\",\"target\":{\"@type\":\"EntryPoint\",\"urlTemplate\":\"https:\\\/\\\/pans.krosno.pl\\\/fundusze-zewnetrzne\\\/?s={search_term_string}\"},\"query-input\":{\"@type\":\"PropertyValueSpecification\",\"valueRequired\":true,\"valueName\":\"search_term_string\"}}],\"inLanguage\":\"pl-PL\"},{\"@type\":\"Organization\",\"@id\":\"https:\\\/\\\/pans.krosno.pl\\\/fundusze-zewnetrzne\\\/#organization\",\"name\":\"Fundusze zewn\u0119trzne PANS w Kro\u015bnie\",\"url\":\"https:\\\/\\\/pans.krosno.pl\\\/fundusze-zewnetrzne\\\/\",\"logo\":{\"@type\":\"ImageObject\",\"inLanguage\":\"pl-PL\",\"@id\":\"https:\\\/\\\/pans.krosno.pl\\\/fundusze-zewnetrzne\\\/#\\\/schema\\\/logo\\\/image\\\/\",\"url\":\"https:\\\/\\\/pans.krosno.pl\\\/fundusze-zewnetrzne\\\/wp-content\\\/uploads\\\/sites\\\/14\\\/2023\\\/01\\\/Logo-PANS-2022-pelne.png\",\"contentUrl\":\"https:\\\/\\\/pans.krosno.pl\\\/fundusze-zewnetrzne\\\/wp-content\\\/uploads\\\/sites\\\/14\\\/2023\\\/01\\\/Logo-PANS-2022-pelne.png\",\"width\":3096,\"height\":696,\"caption\":\"Fundusze zewn\u0119trzne PANS w Kro\u015bnie\"},\"image\":{\"@id\":\"https:\\\/\\\/pans.krosno.pl\\\/fundusze-zewnetrzne\\\/#\\\/schema\\\/logo\\\/image\\\/\"}}]}<\/script>\n<!-- \/ Yoast SEO Premium plugin. -->","yoast_head_json":{"title":"Rozw\u00f3j bazy laboratoryjnej dla kierunk\u00f3w in\u017cynierskich w ramach Kampusu Technicznego PWSZ w Kro\u015bnie - Fundusze zewn\u0119trzne PANS w Kro\u015bnie","robots":{"index":"index","follow":"follow","max-snippet":"max-snippet:-1","max-image-preview":"max-image-preview:large","max-video-preview":"max-video-preview:-1"},"canonical":"https:\/\/pans.krosno.pl\/fundusze-zewnetrzne\/projekty-zrealizowane\/rozwoj-bazy-laboratoryjnej-dla-kierunkow-inzynierskich-w-ramach-kampusu-technicznego-pwsz-w-krosnie\/","og_locale":"pl_PL","og_type":"article","og_title":"Rozw\u00f3j bazy laboratoryjnej dla kierunk\u00f3w in\u017cynierskich w ramach Kampusu Technicznego PWSZ w Kro\u015bnie","og_description":"Projekt polega na utworzeniu 4 laboratori\u00f3w badawczych poprzez zakup nowoczesnego wyposa\u017cenia umo\u017cliwiaj\u0105cego prowadzenie zaj\u0119\u0107 dydaktycznych na kierunkach in\u017cynierskich. Projekt jest przewidziany do realizacji w ramach jednego etapu i zawiera nast\u0119puj\u0105cy zakres planowanych dzia\u0142a\u0144: zakup wyposa\u017cenia do laboratorium oceny jako\u015bci surowc\u00f3w i produkt\u00f3w pochodzenia ro\u015blinnego i zwierz\u0119cego; zakup wyposa\u017cenia do laboratorium [\u2026] Read More","og_url":"https:\/\/pans.krosno.pl\/fundusze-zewnetrzne\/projekty-zrealizowane\/rozwoj-bazy-laboratoryjnej-dla-kierunkow-inzynierskich-w-ramach-kampusu-technicznego-pwsz-w-krosnie\/","og_site_name":"Fundusze zewn\u0119trzne PANS w Kro\u015bnie","article_modified_time":"2022-05-25T07:41:13+00:00","og_image":[{"url":"http:\/\/laboratoria.pwsz.krosno.pl\/theme\/image\/program_regionalny.jpg","type":"","width":"","height":""}],"twitter_card":"summary_large_image","twitter_misc":{"Szacowany czas czytania":"2 minuty"},"schema":{"@context":"https:\/\/schema.org","@graph":[{"@type":"WebPage","@id":"https:\/\/pans.krosno.pl\/fundusze-zewnetrzne\/projekty-zrealizowane\/rozwoj-bazy-laboratoryjnej-dla-kierunkow-inzynierskich-w-ramach-kampusu-technicznego-pwsz-w-krosnie\/","url":"https:\/\/pans.krosno.pl\/fundusze-zewnetrzne\/projekty-zrealizowane\/rozwoj-bazy-laboratoryjnej-dla-kierunkow-inzynierskich-w-ramach-kampusu-technicznego-pwsz-w-krosnie\/","name":"Rozw\u00f3j bazy laboratoryjnej dla kierunk\u00f3w in\u017cynierskich w ramach Kampusu Technicznego PWSZ w Kro\u015bnie - Fundusze zewn\u0119trzne PANS w Kro\u015bnie","isPartOf":{"@id":"https:\/\/pans.krosno.pl\/fundusze-zewnetrzne\/#website"},"primaryImageOfPage":{"@id":"https:\/\/pans.krosno.pl\/fundusze-zewnetrzne\/projekty-zrealizowane\/rozwoj-bazy-laboratoryjnej-dla-kierunkow-inzynierskich-w-ramach-kampusu-technicznego-pwsz-w-krosnie\/#primaryimage"},"image":{"@id":"https:\/\/pans.krosno.pl\/fundusze-zewnetrzne\/projekty-zrealizowane\/rozwoj-bazy-laboratoryjnej-dla-kierunkow-inzynierskich-w-ramach-kampusu-technicznego-pwsz-w-krosnie\/#primaryimage"},"thumbnailUrl":"http:\/\/laboratoria.pwsz.krosno.pl\/theme\/image\/program_regionalny.jpg","datePublished":"2020-05-13T17:58:39+00:00","dateModified":"2022-05-25T07:41:13+00:00","breadcrumb":{"@id":"https:\/\/pans.krosno.pl\/fundusze-zewnetrzne\/projekty-zrealizowane\/rozwoj-bazy-laboratoryjnej-dla-kierunkow-inzynierskich-w-ramach-kampusu-technicznego-pwsz-w-krosnie\/#breadcrumb"},"inLanguage":"pl-PL","potentialAction":[{"@type":"ReadAction","target":["https:\/\/pans.krosno.pl\/fundusze-zewnetrzne\/projekty-zrealizowane\/rozwoj-bazy-laboratoryjnej-dla-kierunkow-inzynierskich-w-ramach-kampusu-technicznego-pwsz-w-krosnie\/"]}]},{"@type":"ImageObject","inLanguage":"pl-PL","@id":"https:\/\/pans.krosno.pl\/fundusze-zewnetrzne\/projekty-zrealizowane\/rozwoj-bazy-laboratoryjnej-dla-kierunkow-inzynierskich-w-ramach-kampusu-technicznego-pwsz-w-krosnie\/#primaryimage","url":"http:\/\/laboratoria.pwsz.krosno.pl\/theme\/image\/program_regionalny.jpg","contentUrl":"http:\/\/laboratoria.pwsz.krosno.pl\/theme\/image\/program_regionalny.jpg"},{"@type":"BreadcrumbList","@id":"https:\/\/pans.krosno.pl\/fundusze-zewnetrzne\/projekty-zrealizowane\/rozwoj-bazy-laboratoryjnej-dla-kierunkow-inzynierskich-w-ramach-kampusu-technicznego-pwsz-w-krosnie\/#breadcrumb","itemListElement":[{"@type":"ListItem","position":1,"name":"Strona g\u0142\u00f3wna","item":"https:\/\/pans.krosno.pl\/fundusze-zewnetrzne\/"},{"@type":"ListItem","position":2,"name":"Projekty zrealizowane","item":"https:\/\/pans.krosno.pl\/fundusze-zewnetrzne\/projekty-zrealizowane\/"},{"@type":"ListItem","position":3,"name":"Rozw\u00f3j bazy laboratoryjnej dla kierunk\u00f3w in\u017cynierskich w ramach Kampusu Technicznego PWSZ w Kro\u015bnie"}]},{"@type":"WebSite","@id":"https:\/\/pans.krosno.pl\/fundusze-zewnetrzne\/#website","url":"https:\/\/pans.krosno.pl\/fundusze-zewnetrzne\/","name":"Fundusze zewn\u0119trzne PANS w Kro\u015bnie","description":"Fundusze zewn\u0119trzne  - Pa\u0144stwowa Akademia Nauk Stosowanych","publisher":{"@id":"https:\/\/pans.krosno.pl\/fundusze-zewnetrzne\/#organization"},"potentialAction":[{"@type":"SearchAction","target":{"@type":"EntryPoint","urlTemplate":"https:\/\/pans.krosno.pl\/fundusze-zewnetrzne\/?s={search_term_string}"},"query-input":{"@type":"PropertyValueSpecification","valueRequired":true,"valueName":"search_term_string"}}],"inLanguage":"pl-PL"},{"@type":"Organization","@id":"https:\/\/pans.krosno.pl\/fundusze-zewnetrzne\/#organization","name":"Fundusze zewn\u0119trzne PANS w Kro\u015bnie","url":"https:\/\/pans.krosno.pl\/fundusze-zewnetrzne\/","logo":{"@type":"ImageObject","inLanguage":"pl-PL","@id":"https:\/\/pans.krosno.pl\/fundusze-zewnetrzne\/#\/schema\/logo\/image\/","url":"https:\/\/pans.krosno.pl\/fundusze-zewnetrzne\/wp-content\/uploads\/sites\/14\/2023\/01\/Logo-PANS-2022-pelne.png","contentUrl":"https:\/\/pans.krosno.pl\/fundusze-zewnetrzne\/wp-content\/uploads\/sites\/14\/2023\/01\/Logo-PANS-2022-pelne.png","width":3096,"height":696,"caption":"Fundusze zewn\u0119trzne PANS w Kro\u015bnie"},"image":{"@id":"https:\/\/pans.krosno.pl\/fundusze-zewnetrzne\/#\/schema\/logo\/image\/"}}]}},"_links":{"self":[{"href":"https:\/\/pans.krosno.pl\/fundusze-zewnetrzne\/wp-json\/wp\/v2\/pages\/922","targetHints":{"allow":["GET"]}}],"collection":[{"href":"https:\/\/pans.krosno.pl\/fundusze-zewnetrzne\/wp-json\/wp\/v2\/pages"}],"about":[{"href":"https:\/\/pans.krosno.pl\/fundusze-zewnetrzne\/wp-json\/wp\/v2\/types\/page"}],"author":[{"embeddable":true,"href":"https:\/\/pans.krosno.pl\/fundusze-zewnetrzne\/wp-json\/wp\/v2\/users\/27"}],"replies":[{"embeddable":true,"href":"https:\/\/pans.krosno.pl\/fundusze-zewnetrzne\/wp-json\/wp\/v2\/comments?post=922"}],"version-history":[{"count":1,"href":"https:\/\/pans.krosno.pl\/fundusze-zewnetrzne\/wp-json\/wp\/v2\/pages\/922\/revisions"}],"predecessor-version":[{"id":923,"href":"https:\/\/pans.krosno.pl\/fundusze-zewnetrzne\/wp-json\/wp\/v2\/pages\/922\/revisions\/923"}],"up":[{"embeddable":true,"href":"https:\/\/pans.krosno.pl\/fundusze-zewnetrzne\/wp-json\/wp\/v2\/pages\/13"}],"wp:attachment":[{"href":"https:\/\/pans.krosno.pl\/fundusze-zewnetrzne\/wp-json\/wp\/v2\/media?parent=922"}],"curies":[{"name":"wp","href":"https:\/\/api.w.org\/{rel}","templated":true}]}}