{"id":918,"date":"2020-05-13T19:56:48","date_gmt":"2020-05-13T17:56:48","guid":{"rendered":"https:\/\/pans.krosno.pl\/fundusze-europejskie-kursy\/?page_id=918"},"modified":"2022-05-25T09:40:47","modified_gmt":"2022-05-25T07:40:47","slug":"studia-inzynierskie-na-kierunkach-zamawianych-w-panstwowej-wyzszej-szkole-zawodowej-w-krosnie","status":"publish","type":"page","link":"https:\/\/pans.krosno.pl\/fundusze-zewnetrzne\/projekty-zrealizowane\/studia-inzynierskie-na-kierunkach-zamawianych-w-panstwowej-wyzszej-szkole-zawodowej-w-krosnie\/","title":{"rendered":"Studia in\u017cynierskie na kierunkach zamawianych w Pa\u0144stwowej Wy\u017cszej Szkole Zawodowej w Kro\u015bnie"},"content":{"rendered":"\n<figure class=\"wp-block-image\"><img decoding=\"async\" src=\"http:\/\/www.pwsz.krosno.pl\/gfx\/pwszkrosno\/userfiles\/_public\/fundusze_europejskie\/1logo_ue_kl.jpg\" alt=\"\"\/><\/figure>\n\n\n\n<p>Realizacj\u0119 projektu zaplanowano na okres od 1 sierpnia 2012 r. do 31 grudnia 2015 r.<\/p>\n\n\n\n<p>W ramach projektu za\u0142o\u017cono realizacj\u0119 nast\u0119puj\u0105cych zada\u0144:<\/p>\n\n\n\n<p>&#8211;&nbsp;Utworzenie program\u00f3w stypendialnych na 5 kierunkach zamawianych tj. Budownictwo, Energetyka, Informatyka, In\u017cynieria \u015brodowiska, Mechanika i budowa maszyn. W ramach dzia\u0142ania stypendia w wysoko\u015bci 1000 z\u0142 miesi\u0119cznie b\u0119d\u0105 przyznawane najlepszym studentom przez okres 9 miesi\u0119cy w ci\u0105gu 3 lat studiowania.<\/p>\n\n\n\n<p>&#8211;&nbsp;Kursy z zakresu przedsi\u0119biorczo\u015bci i ochrony \u015brodowiska naturalnego. W ramach dzia\u0142ania zaplanowano kurs z&nbsp;zakresu Ochrony \u015brodowiska i rozwi\u0105za\u0144 proekologicznych w procesie produkcji dla wszystkich student\u00f3w kierunk\u00f3w zamawianych, a tak\u017ce kurs Ekonomia i prowadzenie malej firmy oraz Zmiany w \u015brodowisku naturalnym dla student\u00f3w kierunku In\u017cynieria \u015brodowiska.<\/p>\n\n\n\n<p>&#8211;&nbsp;Realizacja projekt\u00f3w zespo\u0142owych jako innowacyjnych form kszta\u0142cenia na kierunkach zamawianych. W ramach dzia\u0142ania zaplanowano realizacj\u0119 zaj\u0119\u0107 fakultatywnych w postaci opracowywania projekt\u00f3w zespo\u0142owych. Zaj\u0119cia b\u0119d\u0105 realizowano podczas II i III roku studiowania w wymiarze 30 godzin w semestrze dla poszczeg\u00f3lnych kierunk\u00f3w zamawianych.<\/p>\n\n\n\n<p>&#8211; Realizacja zaj\u0119\u0107 dodatkowych &#8211; techniczny j\u0119zyk angielski. W ramach dzia\u0142ania zaplanowano realizacj\u0119 60 godzin zaj\u0119\u0107 dla poszczeg\u00f3lnych kierunk\u00f3w zamawianych w ci\u0105gu dw\u00f3ch semestr\u00f3w na II roku studi\u00f3w.<\/p>\n\n\n\n<p>&#8211;&nbsp;Realizacja zaj\u0119\u0107 specjalistycznych na kierunku Budownictwo. W ramach dzia\u0142ania zaplanowano 6 kurs\u00f3w m.in.&nbsp;Grafika in\u017cynierska, Systemy jako\u015bci w budownictwie, Recykling materia\u0142\u00f3w budowlanych, Diagnostyka techniczna w&nbsp;budownictwie, Podstawy diagnostyki cieplnej budynk\u00f3w, Metody statystyczne w budownictwie.<\/p>\n\n\n\n<p>&#8211;&nbsp;Praktyczny kurs przedsi\u0119biorczo\u015bci. W ramach dzia\u0142ania zaplanowano wyk\u0142ady z zaproszonymi go\u015b\u0107mi &#8211; ekspertami na II i III roku studi\u00f3w.<\/p>\n\n\n\n<p>&#8211; Wsp\u00f3\u0142praca uczelni z pracodawcami w zakresie organizacji praktyk studenckich i sta\u017c\u00f3w zawodowych. W ramach dzia\u0142a\u0144 zaplanowano 150 praktyk miesi\u0119cznych po 30 na ka\u017cdym kierunku zamawianym oraz 25 program\u00f3w sta\u017cowych w przedsi\u0119biorstwach po 5 na ka\u017cdym kierunku zamawianym.<\/p>\n\n\n\n<p>&#8211;&nbsp;Wsp\u00f3\u0142praca z uczelniami i jednostkami naukowo &#8211; badawczymi zagranic\u0105 w zakresie organizacji sta\u017c\u00f3w zagranicznych. W ramach dzia\u0142ania zaplanowano 10 program\u00f3w sta\u017cowych w uczelniach zagranicznych po 2 na ka\u017cdym kierunku zamawianym.<\/p>\n","protected":false},"excerpt":{"rendered":"<p>Realizacj\u0119 projektu zaplanowano na okres od 1 sierpnia 2012 r. do 31 grudnia 2015 r. W ramach projektu za\u0142o\u017cono realizacj\u0119 nast\u0119puj\u0105cych zada\u0144: &#8211;&nbsp;Utworzenie program\u00f3w stypendialnych na 5 kierunkach zamawianych tj. Budownictwo, Energetyka, Informatyka, In\u017cynieria \u015brodowiska, Mechanika i budowa maszyn. W ramach dzia\u0142ania stypendia w wysoko\u015bci 1000 z\u0142 miesi\u0119cznie b\u0119d\u0105 przyznawane [\u2026] <\/p>\n<div class=\"clear\"><\/div>\n<p><a class=\"more_link clearfix\" href=\"https:\/\/pans.krosno.pl\/fundusze-zewnetrzne\/projekty-zrealizowane\/studia-inzynierskie-na-kierunkach-zamawianych-w-panstwowej-wyzszej-szkole-zawodowej-w-krosnie\/\" rel=\"nofollow\">Read More<\/a><\/p>\n","protected":false},"author":27,"featured_media":0,"parent":13,"menu_order":0,"comment_status":"closed","ping_status":"closed","template":"page-templates\/template-full-width.php","meta":{"ngg_post_thumbnail":0,"footnotes":""},"class_list":["post-918","page","type-page","status-publish","hentry"],"yoast_head":"<!-- This site is optimized with the Yoast SEO Premium plugin v27.3 (Yoast SEO v27.3) - https:\/\/yoast.com\/product\/yoast-seo-premium-wordpress\/ -->\n<title>Studia in\u017cynierskie na kierunkach zamawianych w Pa\u0144stwowej Wy\u017cszej Szkole Zawodowej w Kro\u015bnie - Fundusze zewn\u0119trzne PANS w Kro\u015bnie<\/title>\n<meta name=\"robots\" content=\"index, follow, max-snippet:-1, max-image-preview:large, max-video-preview:-1\" \/>\n<link rel=\"canonical\" href=\"https:\/\/pans.krosno.pl\/fundusze-zewnetrzne\/projekty-zrealizowane\/studia-inzynierskie-na-kierunkach-zamawianych-w-panstwowej-wyzszej-szkole-zawodowej-w-krosnie\/\" \/>\n<meta property=\"og:locale\" content=\"pl_PL\" \/>\n<meta property=\"og:type\" content=\"article\" \/>\n<meta property=\"og:title\" content=\"Studia in\u017cynierskie na kierunkach zamawianych w Pa\u0144stwowej Wy\u017cszej Szkole Zawodowej w Kro\u015bnie\" \/>\n<meta property=\"og:description\" content=\"Realizacj\u0119 projektu zaplanowano na okres od 1 sierpnia 2012 r. do 31 grudnia 2015 r. W ramach projektu za\u0142o\u017cono realizacj\u0119 nast\u0119puj\u0105cych zada\u0144: &#8211;&nbsp;Utworzenie program\u00f3w stypendialnych na 5 kierunkach zamawianych tj. Budownictwo, Energetyka, Informatyka, In\u017cynieria \u015brodowiska, Mechanika i budowa maszyn. W ramach dzia\u0142ania stypendia w wysoko\u015bci 1000 z\u0142 miesi\u0119cznie b\u0119d\u0105 przyznawane [\u2026] Read More\" \/>\n<meta property=\"og:url\" content=\"https:\/\/pans.krosno.pl\/fundusze-zewnetrzne\/projekty-zrealizowane\/studia-inzynierskie-na-kierunkach-zamawianych-w-panstwowej-wyzszej-szkole-zawodowej-w-krosnie\/\" \/>\n<meta property=\"og:site_name\" content=\"Fundusze zewn\u0119trzne PANS w Kro\u015bnie\" \/>\n<meta property=\"article:modified_time\" content=\"2022-05-25T07:40:47+00:00\" \/>\n<meta property=\"og:image\" content=\"http:\/\/www.pwsz.krosno.pl\/gfx\/pwszkrosno\/userfiles\/_public\/fundusze_europejskie\/1logo_ue_kl.jpg\" \/>\n<meta name=\"twitter:card\" content=\"summary_large_image\" \/>\n<meta name=\"twitter:label1\" content=\"Szacowany czas czytania\" \/>\n\t<meta name=\"twitter:data1\" content=\"2 minuty\" \/>\n<script type=\"application\/ld+json\" class=\"yoast-schema-graph\">{\"@context\":\"https:\\\/\\\/schema.org\",\"@graph\":[{\"@type\":\"WebPage\",\"@id\":\"https:\\\/\\\/pans.krosno.pl\\\/fundusze-zewnetrzne\\\/projekty-zrealizowane\\\/studia-inzynierskie-na-kierunkach-zamawianych-w-panstwowej-wyzszej-szkole-zawodowej-w-krosnie\\\/\",\"url\":\"https:\\\/\\\/pans.krosno.pl\\\/fundusze-zewnetrzne\\\/projekty-zrealizowane\\\/studia-inzynierskie-na-kierunkach-zamawianych-w-panstwowej-wyzszej-szkole-zawodowej-w-krosnie\\\/\",\"name\":\"Studia in\u017cynierskie na kierunkach zamawianych w Pa\u0144stwowej Wy\u017cszej Szkole Zawodowej w Kro\u015bnie - Fundusze zewn\u0119trzne PANS w Kro\u015bnie\",\"isPartOf\":{\"@id\":\"https:\\\/\\\/pans.krosno.pl\\\/fundusze-zewnetrzne\\\/#website\"},\"primaryImageOfPage\":{\"@id\":\"https:\\\/\\\/pans.krosno.pl\\\/fundusze-zewnetrzne\\\/projekty-zrealizowane\\\/studia-inzynierskie-na-kierunkach-zamawianych-w-panstwowej-wyzszej-szkole-zawodowej-w-krosnie\\\/#primaryimage\"},\"image\":{\"@id\":\"https:\\\/\\\/pans.krosno.pl\\\/fundusze-zewnetrzne\\\/projekty-zrealizowane\\\/studia-inzynierskie-na-kierunkach-zamawianych-w-panstwowej-wyzszej-szkole-zawodowej-w-krosnie\\\/#primaryimage\"},\"thumbnailUrl\":\"http:\\\/\\\/www.pwsz.krosno.pl\\\/gfx\\\/pwszkrosno\\\/userfiles\\\/_public\\\/fundusze_europejskie\\\/1logo_ue_kl.jpg\",\"datePublished\":\"2020-05-13T17:56:48+00:00\",\"dateModified\":\"2022-05-25T07:40:47+00:00\",\"breadcrumb\":{\"@id\":\"https:\\\/\\\/pans.krosno.pl\\\/fundusze-zewnetrzne\\\/projekty-zrealizowane\\\/studia-inzynierskie-na-kierunkach-zamawianych-w-panstwowej-wyzszej-szkole-zawodowej-w-krosnie\\\/#breadcrumb\"},\"inLanguage\":\"pl-PL\",\"potentialAction\":[{\"@type\":\"ReadAction\",\"target\":[\"https:\\\/\\\/pans.krosno.pl\\\/fundusze-zewnetrzne\\\/projekty-zrealizowane\\\/studia-inzynierskie-na-kierunkach-zamawianych-w-panstwowej-wyzszej-szkole-zawodowej-w-krosnie\\\/\"]}]},{\"@type\":\"ImageObject\",\"inLanguage\":\"pl-PL\",\"@id\":\"https:\\\/\\\/pans.krosno.pl\\\/fundusze-zewnetrzne\\\/projekty-zrealizowane\\\/studia-inzynierskie-na-kierunkach-zamawianych-w-panstwowej-wyzszej-szkole-zawodowej-w-krosnie\\\/#primaryimage\",\"url\":\"http:\\\/\\\/www.pwsz.krosno.pl\\\/gfx\\\/pwszkrosno\\\/userfiles\\\/_public\\\/fundusze_europejskie\\\/1logo_ue_kl.jpg\",\"contentUrl\":\"http:\\\/\\\/www.pwsz.krosno.pl\\\/gfx\\\/pwszkrosno\\\/userfiles\\\/_public\\\/fundusze_europejskie\\\/1logo_ue_kl.jpg\"},{\"@type\":\"BreadcrumbList\",\"@id\":\"https:\\\/\\\/pans.krosno.pl\\\/fundusze-zewnetrzne\\\/projekty-zrealizowane\\\/studia-inzynierskie-na-kierunkach-zamawianych-w-panstwowej-wyzszej-szkole-zawodowej-w-krosnie\\\/#breadcrumb\",\"itemListElement\":[{\"@type\":\"ListItem\",\"position\":1,\"name\":\"Strona g\u0142\u00f3wna\",\"item\":\"https:\\\/\\\/pans.krosno.pl\\\/fundusze-zewnetrzne\\\/\"},{\"@type\":\"ListItem\",\"position\":2,\"name\":\"Projekty zrealizowane\",\"item\":\"https:\\\/\\\/pans.krosno.pl\\\/fundusze-zewnetrzne\\\/projekty-zrealizowane\\\/\"},{\"@type\":\"ListItem\",\"position\":3,\"name\":\"Studia in\u017cynierskie na kierunkach zamawianych w Pa\u0144stwowej Wy\u017cszej Szkole Zawodowej w Kro\u015bnie\"}]},{\"@type\":\"WebSite\",\"@id\":\"https:\\\/\\\/pans.krosno.pl\\\/fundusze-zewnetrzne\\\/#website\",\"url\":\"https:\\\/\\\/pans.krosno.pl\\\/fundusze-zewnetrzne\\\/\",\"name\":\"Fundusze zewn\u0119trzne PANS w Kro\u015bnie\",\"description\":\"Fundusze zewn\u0119trzne  - Pa\u0144stwowa Akademia Nauk Stosowanych\",\"publisher\":{\"@id\":\"https:\\\/\\\/pans.krosno.pl\\\/fundusze-zewnetrzne\\\/#organization\"},\"potentialAction\":[{\"@type\":\"SearchAction\",\"target\":{\"@type\":\"EntryPoint\",\"urlTemplate\":\"https:\\\/\\\/pans.krosno.pl\\\/fundusze-zewnetrzne\\\/?s={search_term_string}\"},\"query-input\":{\"@type\":\"PropertyValueSpecification\",\"valueRequired\":true,\"valueName\":\"search_term_string\"}}],\"inLanguage\":\"pl-PL\"},{\"@type\":\"Organization\",\"@id\":\"https:\\\/\\\/pans.krosno.pl\\\/fundusze-zewnetrzne\\\/#organization\",\"name\":\"Fundusze zewn\u0119trzne PANS w Kro\u015bnie\",\"url\":\"https:\\\/\\\/pans.krosno.pl\\\/fundusze-zewnetrzne\\\/\",\"logo\":{\"@type\":\"ImageObject\",\"inLanguage\":\"pl-PL\",\"@id\":\"https:\\\/\\\/pans.krosno.pl\\\/fundusze-zewnetrzne\\\/#\\\/schema\\\/logo\\\/image\\\/\",\"url\":\"https:\\\/\\\/pans.krosno.pl\\\/fundusze-zewnetrzne\\\/wp-content\\\/uploads\\\/sites\\\/14\\\/2023\\\/01\\\/Logo-PANS-2022-pelne.png\",\"contentUrl\":\"https:\\\/\\\/pans.krosno.pl\\\/fundusze-zewnetrzne\\\/wp-content\\\/uploads\\\/sites\\\/14\\\/2023\\\/01\\\/Logo-PANS-2022-pelne.png\",\"width\":3096,\"height\":696,\"caption\":\"Fundusze zewn\u0119trzne PANS w Kro\u015bnie\"},\"image\":{\"@id\":\"https:\\\/\\\/pans.krosno.pl\\\/fundusze-zewnetrzne\\\/#\\\/schema\\\/logo\\\/image\\\/\"}}]}<\/script>\n<!-- \/ Yoast SEO Premium plugin. -->","yoast_head_json":{"title":"Studia in\u017cynierskie na kierunkach zamawianych w Pa\u0144stwowej Wy\u017cszej Szkole Zawodowej w Kro\u015bnie - Fundusze zewn\u0119trzne PANS w Kro\u015bnie","robots":{"index":"index","follow":"follow","max-snippet":"max-snippet:-1","max-image-preview":"max-image-preview:large","max-video-preview":"max-video-preview:-1"},"canonical":"https:\/\/pans.krosno.pl\/fundusze-zewnetrzne\/projekty-zrealizowane\/studia-inzynierskie-na-kierunkach-zamawianych-w-panstwowej-wyzszej-szkole-zawodowej-w-krosnie\/","og_locale":"pl_PL","og_type":"article","og_title":"Studia in\u017cynierskie na kierunkach zamawianych w Pa\u0144stwowej Wy\u017cszej Szkole Zawodowej w Kro\u015bnie","og_description":"Realizacj\u0119 projektu zaplanowano na okres od 1 sierpnia 2012 r. do 31 grudnia 2015 r. W ramach projektu za\u0142o\u017cono realizacj\u0119 nast\u0119puj\u0105cych zada\u0144: &#8211;&nbsp;Utworzenie program\u00f3w stypendialnych na 5 kierunkach zamawianych tj. Budownictwo, Energetyka, Informatyka, In\u017cynieria \u015brodowiska, Mechanika i budowa maszyn. W ramach dzia\u0142ania stypendia w wysoko\u015bci 1000 z\u0142 miesi\u0119cznie b\u0119d\u0105 przyznawane [\u2026] Read More","og_url":"https:\/\/pans.krosno.pl\/fundusze-zewnetrzne\/projekty-zrealizowane\/studia-inzynierskie-na-kierunkach-zamawianych-w-panstwowej-wyzszej-szkole-zawodowej-w-krosnie\/","og_site_name":"Fundusze zewn\u0119trzne PANS w Kro\u015bnie","article_modified_time":"2022-05-25T07:40:47+00:00","og_image":[{"url":"http:\/\/www.pwsz.krosno.pl\/gfx\/pwszkrosno\/userfiles\/_public\/fundusze_europejskie\/1logo_ue_kl.jpg","type":"","width":"","height":""}],"twitter_card":"summary_large_image","twitter_misc":{"Szacowany czas czytania":"2 minuty"},"schema":{"@context":"https:\/\/schema.org","@graph":[{"@type":"WebPage","@id":"https:\/\/pans.krosno.pl\/fundusze-zewnetrzne\/projekty-zrealizowane\/studia-inzynierskie-na-kierunkach-zamawianych-w-panstwowej-wyzszej-szkole-zawodowej-w-krosnie\/","url":"https:\/\/pans.krosno.pl\/fundusze-zewnetrzne\/projekty-zrealizowane\/studia-inzynierskie-na-kierunkach-zamawianych-w-panstwowej-wyzszej-szkole-zawodowej-w-krosnie\/","name":"Studia in\u017cynierskie na kierunkach zamawianych w Pa\u0144stwowej Wy\u017cszej Szkole Zawodowej w Kro\u015bnie - Fundusze zewn\u0119trzne PANS w Kro\u015bnie","isPartOf":{"@id":"https:\/\/pans.krosno.pl\/fundusze-zewnetrzne\/#website"},"primaryImageOfPage":{"@id":"https:\/\/pans.krosno.pl\/fundusze-zewnetrzne\/projekty-zrealizowane\/studia-inzynierskie-na-kierunkach-zamawianych-w-panstwowej-wyzszej-szkole-zawodowej-w-krosnie\/#primaryimage"},"image":{"@id":"https:\/\/pans.krosno.pl\/fundusze-zewnetrzne\/projekty-zrealizowane\/studia-inzynierskie-na-kierunkach-zamawianych-w-panstwowej-wyzszej-szkole-zawodowej-w-krosnie\/#primaryimage"},"thumbnailUrl":"http:\/\/www.pwsz.krosno.pl\/gfx\/pwszkrosno\/userfiles\/_public\/fundusze_europejskie\/1logo_ue_kl.jpg","datePublished":"2020-05-13T17:56:48+00:00","dateModified":"2022-05-25T07:40:47+00:00","breadcrumb":{"@id":"https:\/\/pans.krosno.pl\/fundusze-zewnetrzne\/projekty-zrealizowane\/studia-inzynierskie-na-kierunkach-zamawianych-w-panstwowej-wyzszej-szkole-zawodowej-w-krosnie\/#breadcrumb"},"inLanguage":"pl-PL","potentialAction":[{"@type":"ReadAction","target":["https:\/\/pans.krosno.pl\/fundusze-zewnetrzne\/projekty-zrealizowane\/studia-inzynierskie-na-kierunkach-zamawianych-w-panstwowej-wyzszej-szkole-zawodowej-w-krosnie\/"]}]},{"@type":"ImageObject","inLanguage":"pl-PL","@id":"https:\/\/pans.krosno.pl\/fundusze-zewnetrzne\/projekty-zrealizowane\/studia-inzynierskie-na-kierunkach-zamawianych-w-panstwowej-wyzszej-szkole-zawodowej-w-krosnie\/#primaryimage","url":"http:\/\/www.pwsz.krosno.pl\/gfx\/pwszkrosno\/userfiles\/_public\/fundusze_europejskie\/1logo_ue_kl.jpg","contentUrl":"http:\/\/www.pwsz.krosno.pl\/gfx\/pwszkrosno\/userfiles\/_public\/fundusze_europejskie\/1logo_ue_kl.jpg"},{"@type":"BreadcrumbList","@id":"https:\/\/pans.krosno.pl\/fundusze-zewnetrzne\/projekty-zrealizowane\/studia-inzynierskie-na-kierunkach-zamawianych-w-panstwowej-wyzszej-szkole-zawodowej-w-krosnie\/#breadcrumb","itemListElement":[{"@type":"ListItem","position":1,"name":"Strona g\u0142\u00f3wna","item":"https:\/\/pans.krosno.pl\/fundusze-zewnetrzne\/"},{"@type":"ListItem","position":2,"name":"Projekty zrealizowane","item":"https:\/\/pans.krosno.pl\/fundusze-zewnetrzne\/projekty-zrealizowane\/"},{"@type":"ListItem","position":3,"name":"Studia in\u017cynierskie na kierunkach zamawianych w Pa\u0144stwowej Wy\u017cszej Szkole Zawodowej w Kro\u015bnie"}]},{"@type":"WebSite","@id":"https:\/\/pans.krosno.pl\/fundusze-zewnetrzne\/#website","url":"https:\/\/pans.krosno.pl\/fundusze-zewnetrzne\/","name":"Fundusze zewn\u0119trzne PANS w Kro\u015bnie","description":"Fundusze zewn\u0119trzne  - Pa\u0144stwowa Akademia Nauk Stosowanych","publisher":{"@id":"https:\/\/pans.krosno.pl\/fundusze-zewnetrzne\/#organization"},"potentialAction":[{"@type":"SearchAction","target":{"@type":"EntryPoint","urlTemplate":"https:\/\/pans.krosno.pl\/fundusze-zewnetrzne\/?s={search_term_string}"},"query-input":{"@type":"PropertyValueSpecification","valueRequired":true,"valueName":"search_term_string"}}],"inLanguage":"pl-PL"},{"@type":"Organization","@id":"https:\/\/pans.krosno.pl\/fundusze-zewnetrzne\/#organization","name":"Fundusze zewn\u0119trzne PANS w Kro\u015bnie","url":"https:\/\/pans.krosno.pl\/fundusze-zewnetrzne\/","logo":{"@type":"ImageObject","inLanguage":"pl-PL","@id":"https:\/\/pans.krosno.pl\/fundusze-zewnetrzne\/#\/schema\/logo\/image\/","url":"https:\/\/pans.krosno.pl\/fundusze-zewnetrzne\/wp-content\/uploads\/sites\/14\/2023\/01\/Logo-PANS-2022-pelne.png","contentUrl":"https:\/\/pans.krosno.pl\/fundusze-zewnetrzne\/wp-content\/uploads\/sites\/14\/2023\/01\/Logo-PANS-2022-pelne.png","width":3096,"height":696,"caption":"Fundusze zewn\u0119trzne PANS w Kro\u015bnie"},"image":{"@id":"https:\/\/pans.krosno.pl\/fundusze-zewnetrzne\/#\/schema\/logo\/image\/"}}]}},"_links":{"self":[{"href":"https:\/\/pans.krosno.pl\/fundusze-zewnetrzne\/wp-json\/wp\/v2\/pages\/918","targetHints":{"allow":["GET"]}}],"collection":[{"href":"https:\/\/pans.krosno.pl\/fundusze-zewnetrzne\/wp-json\/wp\/v2\/pages"}],"about":[{"href":"https:\/\/pans.krosno.pl\/fundusze-zewnetrzne\/wp-json\/wp\/v2\/types\/page"}],"author":[{"embeddable":true,"href":"https:\/\/pans.krosno.pl\/fundusze-zewnetrzne\/wp-json\/wp\/v2\/users\/27"}],"replies":[{"embeddable":true,"href":"https:\/\/pans.krosno.pl\/fundusze-zewnetrzne\/wp-json\/wp\/v2\/comments?post=918"}],"version-history":[{"count":2,"href":"https:\/\/pans.krosno.pl\/fundusze-zewnetrzne\/wp-json\/wp\/v2\/pages\/918\/revisions"}],"predecessor-version":[{"id":3255,"href":"https:\/\/pans.krosno.pl\/fundusze-zewnetrzne\/wp-json\/wp\/v2\/pages\/918\/revisions\/3255"}],"up":[{"embeddable":true,"href":"https:\/\/pans.krosno.pl\/fundusze-zewnetrzne\/wp-json\/wp\/v2\/pages\/13"}],"wp:attachment":[{"href":"https:\/\/pans.krosno.pl\/fundusze-zewnetrzne\/wp-json\/wp\/v2\/media?parent=918"}],"curies":[{"name":"wp","href":"https:\/\/api.w.org\/{rel}","templated":true}]}}