{"id":911,"date":"2020-05-13T19:54:53","date_gmt":"2020-05-13T17:54:53","guid":{"rendered":"https:\/\/pans.krosno.pl\/fundusze-europejskie-kursy\/?page_id=911"},"modified":"2022-05-25T09:40:07","modified_gmt":"2022-05-25T07:40:07","slug":"geo-karpaty-utworzenie-polsko-ukrainskiego-szlaku-turystycznego","status":"publish","type":"page","link":"https:\/\/pans.krosno.pl\/fundusze-zewnetrzne\/projekty-zrealizowane\/geo-karpaty-utworzenie-polsko-ukrainskiego-szlaku-turystycznego\/","title":{"rendered":"Geo-Karpaty \u2013 utworzenie polsko-ukrai\u0144skiego szlaku turystycznego"},"content":{"rendered":"\n<p>&nbsp;<\/p>\n\n\n\n<figure class=\"wp-block-image size-large\"><img loading=\"lazy\" decoding=\"async\" width=\"960\" height=\"293\" src=\"https:\/\/pans.krosno.pl\/fundusze-europejskie-kursy\/wp-content\/uploads\/sites\/14\/2020\/05\/logo_plbyua.jpg\" alt=\"\" class=\"wp-image-912\" srcset=\"https:\/\/pans.krosno.pl\/fundusze-zewnetrzne\/wp-content\/uploads\/sites\/14\/2020\/05\/logo_plbyua.jpg 960w, https:\/\/pans.krosno.pl\/fundusze-zewnetrzne\/wp-content\/uploads\/sites\/14\/2020\/05\/logo_plbyua-300x92.jpg 300w, https:\/\/pans.krosno.pl\/fundusze-zewnetrzne\/wp-content\/uploads\/sites\/14\/2020\/05\/logo_plbyua-768x234.jpg 768w, https:\/\/pans.krosno.pl\/fundusze-zewnetrzne\/wp-content\/uploads\/sites\/14\/2020\/05\/logo_plbyua-800x244.jpg 800w, https:\/\/pans.krosno.pl\/fundusze-zewnetrzne\/wp-content\/uploads\/sites\/14\/2020\/05\/logo_plbyua-580x177.jpg 580w\" sizes=\"auto, (max-width: 960px) 100vw, 960px\" \/><\/figure>\n\n\n\n<p>Projekt pozwala na stworzenie innowacyjnego produktu turystycznego opartego na zasadach zr\u00f3wnowa\u017conej turystyki oraz zachowaniu dziedzictwa przyrodniczego region\u00f3w. Pomimo barier politycznych i administracyjnych pozwala na udost\u0119pnienie turystom teren\u00f3w ekologicznych czystych i nie zmienionych przez cz\u0142owieka. Projekt kreuje nowe warunki rozwoju przedsi\u0119biorczo\u015bci obszar\u00f3w zap\u00f3\u017anionych gospodarczo w oparciu o zasoby dost\u0119pne na miejscu.Projekt pozwala na integracj\u0119 spo\u0142ecze\u0144stw lokalnych po obu stronach granicy. Zaspokaja potrzeb\u0119 integracji \u015brodowisk akademickich Polski i Ukrainy. Z drugiej strony sprzyja rozwojowi dziedzin nauki takich jak: geologia i turystyka. Daje szanse rozwoju os\u00f3b trudni\u0105cych si\u0119 przewodnictwem turystycznym. Projekt stwarza mo\u017cliwo\u015bci bezp\u0142atnego promowania istniej\u0105cych oraz nowopowsta\u0142ych firm obs\u0142uguj\u0105cych ruch turystyczny.&nbsp;<\/p>\n\n\n\n<figure class=\"wp-block-image size-large\"><img loading=\"lazy\" decoding=\"async\" width=\"960\" height=\"195\" src=\"https:\/\/pans.krosno.pl\/fundusze-europejskie-kursy\/wp-content\/uploads\/sites\/14\/2020\/05\/dsc_0763.jpg\" alt=\"\" class=\"wp-image-913\" srcset=\"https:\/\/pans.krosno.pl\/fundusze-zewnetrzne\/wp-content\/uploads\/sites\/14\/2020\/05\/dsc_0763.jpg 960w, https:\/\/pans.krosno.pl\/fundusze-zewnetrzne\/wp-content\/uploads\/sites\/14\/2020\/05\/dsc_0763-300x61.jpg 300w, https:\/\/pans.krosno.pl\/fundusze-zewnetrzne\/wp-content\/uploads\/sites\/14\/2020\/05\/dsc_0763-768x156.jpg 768w, https:\/\/pans.krosno.pl\/fundusze-zewnetrzne\/wp-content\/uploads\/sites\/14\/2020\/05\/dsc_0763-800x163.jpg 800w, https:\/\/pans.krosno.pl\/fundusze-zewnetrzne\/wp-content\/uploads\/sites\/14\/2020\/05\/dsc_0763-580x118.jpg 580w\" sizes=\"auto, (max-width: 960px) 100vw, 960px\" \/><\/figure>\n\n\n\n<p>&nbsp;Podstaw\u0105 rozwoju wsp\u00f3\u0142pracy transgranicznej Polski i Ukrainy b\u0119dzie szlak \u201eGeo-Karpaty\u201d stanowi\u0105cy integraln\u0105 ca\u0142o\u015b\u0107 i przebiegaj\u0105cy przez terytorium obu kraj\u00f3w. Szlak stanie si\u0119 podstaw\u0105 do rozwoju turystyki transgranicznej. Realizacja projektu umo\u017cliwi wymian\u0119 wiedzy i do\u015bwiadcze\u0144 z zakresu turystyki i geologii pomi\u0119dzy studentami i pracownikami Uniwersytetu Lwowskiego i Pa\u0144stwowej Wy\u017cszej Szko\u0142y Zawodowej w Kro\u015bnie. Dzi\u0119ki zaanga\u017cowaniu przedstawicieli grup docelowych z Polski i Ukrainy stworzone b\u0119d\u0105 podstawy szerszej wsp\u00f3\u0142pracy transgranicznej.Partnerzy skorzystaj\u0105 z rezultat\u00f3w projektu po obu stronach granicy na r\u00f3wnych zasadach. Szlak wp\u0142ywa pozytywnie na popraw\u0119 atrakcyjno\u015bci turystycznej region\u00f3w Polsko-Ukrai\u0144skiego pogranicza i motywuje do wzajemnych odwiedzin po obu stronach granicy.&nbsp;<\/p>\n\n\n\n<figure class=\"wp-block-image size-large\"><img loading=\"lazy\" decoding=\"async\" width=\"960\" height=\"195\" src=\"https:\/\/pans.krosno.pl\/fundusze-europejskie-kursy\/wp-content\/uploads\/sites\/14\/2020\/05\/img_0147.jpg\" alt=\"\" class=\"wp-image-914\" srcset=\"https:\/\/pans.krosno.pl\/fundusze-zewnetrzne\/wp-content\/uploads\/sites\/14\/2020\/05\/img_0147.jpg 960w, https:\/\/pans.krosno.pl\/fundusze-zewnetrzne\/wp-content\/uploads\/sites\/14\/2020\/05\/img_0147-300x61.jpg 300w, https:\/\/pans.krosno.pl\/fundusze-zewnetrzne\/wp-content\/uploads\/sites\/14\/2020\/05\/img_0147-768x156.jpg 768w, https:\/\/pans.krosno.pl\/fundusze-zewnetrzne\/wp-content\/uploads\/sites\/14\/2020\/05\/img_0147-800x163.jpg 800w, https:\/\/pans.krosno.pl\/fundusze-zewnetrzne\/wp-content\/uploads\/sites\/14\/2020\/05\/img_0147-580x118.jpg 580w\" sizes=\"auto, (max-width: 960px) 100vw, 960px\" \/><\/figure>\n\n\n\n<p>&nbsp;Szlak, a zw\u0142aszcza o\u015brodki turystyczno &#8211; informacyjne stan\u0105 si\u0119 miejscem spotka\u0144 i wsp\u00f3\u0142pracy student\u00f3w Polski i Ukrainy. Podobne efekty mo\u017cna b\u0119dzie osi\u0105gn\u0105\u0107 w grupach os\u00f3b zainteresowanych geoturystyk\u0105. Pomy\u015blne zrealizowanie projektu mo\u017ce by\u0107 podstaw\u0105 do inicjowania wsp\u00f3lnych dzia\u0142a\u0144 transgranicznych w przysz\u0142o\u015bci.&nbsp;Oczekiwane rezultaty to:-&nbsp;&nbsp;&nbsp;&nbsp;&nbsp;&nbsp;&nbsp;&nbsp;&nbsp;&nbsp;Szlak geoturystyczny&nbsp;polsko \u2013 ukrai\u0144skiego pogranicza Karpat wraz ze strategi\u0105 jego rozwoju;-&nbsp;&nbsp;&nbsp;&nbsp;&nbsp;&nbsp;&nbsp;&nbsp;&nbsp;&nbsp;Dwa wyremontowane obiekty turystyczno &#8211; informacyjne (jeden w Polsce, drugi na Ukrainie);-&nbsp;&nbsp;&nbsp;&nbsp;&nbsp;&nbsp;&nbsp;&nbsp;&nbsp;&nbsp;Portal internetowy i Publikacje.<\/p>\n\n\n\n<figure class=\"wp-block-image size-large\"><img loading=\"lazy\" decoding=\"async\" width=\"960\" height=\"195\" src=\"https:\/\/pans.krosno.pl\/fundusze-europejskie-kursy\/wp-content\/uploads\/sites\/14\/2020\/05\/dscn6469.jpg\" alt=\"\" class=\"wp-image-915\" srcset=\"https:\/\/pans.krosno.pl\/fundusze-zewnetrzne\/wp-content\/uploads\/sites\/14\/2020\/05\/dscn6469.jpg 960w, https:\/\/pans.krosno.pl\/fundusze-zewnetrzne\/wp-content\/uploads\/sites\/14\/2020\/05\/dscn6469-300x61.jpg 300w, https:\/\/pans.krosno.pl\/fundusze-zewnetrzne\/wp-content\/uploads\/sites\/14\/2020\/05\/dscn6469-768x156.jpg 768w, https:\/\/pans.krosno.pl\/fundusze-zewnetrzne\/wp-content\/uploads\/sites\/14\/2020\/05\/dscn6469-800x163.jpg 800w, https:\/\/pans.krosno.pl\/fundusze-zewnetrzne\/wp-content\/uploads\/sites\/14\/2020\/05\/dscn6469-580x118.jpg 580w\" sizes=\"auto, (max-width: 960px) 100vw, 960px\" \/><\/figure>\n\n\n\n<p>Najwa\u017cniejsze dzia\u0142ania:<\/p>\n\n\n\n<ol class=\"wp-block-list\" type=\"1\"><li>Inwentaryzacja obiekt\u00f3w geoturystycznych<\/li><li>Okre\u015blenie przebiegu szlaku<\/li><li>Prace remontowe \u2013 przygotowanie obiekt\u00f3w szkoleniowo- informacyjnych w Kro\u015bnie i Verhne Synevydne<\/li><li>Oznakowanie szlaku<\/li><li>Szkolenie przewodnik\u00f3w<\/li><li>Opracowanie koncepcji rozwoju szlaku<\/li><li>Promocja szlaku i projektu<\/li><\/ol>\n\n\n\n<p><br>Biuro projektu:<\/p>\n\n\n\n<p>Pa\u0144stwowa Wy\u017csza Szko\u0142a Zawodowa im. Stanis\u0142awa Pigonia w Kro\u015bnie<br>38-400 Krosno<br>Rynek 1, pok 8<br>tel: 13 43 755 19<br>patrycjapolchlopek@pans.krosno.pl<\/p>\n\n\n\n<figure class=\"wp-block-image size-large\"><img loading=\"lazy\" decoding=\"async\" width=\"720\" height=\"182\" src=\"https:\/\/pans.krosno.pl\/fundusze-europejskie-kursy\/wp-content\/uploads\/sites\/14\/2020\/05\/plbyua-1.jpg\" alt=\"\" class=\"wp-image-916\" srcset=\"https:\/\/pans.krosno.pl\/fundusze-zewnetrzne\/wp-content\/uploads\/sites\/14\/2020\/05\/plbyua-1.jpg 720w, https:\/\/pans.krosno.pl\/fundusze-zewnetrzne\/wp-content\/uploads\/sites\/14\/2020\/05\/plbyua-1-300x76.jpg 300w, https:\/\/pans.krosno.pl\/fundusze-zewnetrzne\/wp-content\/uploads\/sites\/14\/2020\/05\/plbyua-1-580x147.jpg 580w\" sizes=\"auto, (max-width: 720px) 100vw, 720px\" \/><\/figure>\n","protected":false},"excerpt":{"rendered":"<p>&nbsp; Projekt pozwala na stworzenie innowacyjnego produktu turystycznego opartego na zasadach zr\u00f3wnowa\u017conej turystyki oraz zachowaniu dziedzictwa przyrodniczego region\u00f3w. Pomimo barier politycznych i administracyjnych pozwala na udost\u0119pnienie turystom teren\u00f3w ekologicznych czystych i nie zmienionych przez cz\u0142owieka. Projekt kreuje nowe warunki rozwoju przedsi\u0119biorczo\u015bci obszar\u00f3w zap\u00f3\u017anionych gospodarczo w oparciu o zasoby dost\u0119pne na [\u2026] <\/p>\n<div class=\"clear\"><\/div>\n<p><a class=\"more_link clearfix\" href=\"https:\/\/pans.krosno.pl\/fundusze-zewnetrzne\/projekty-zrealizowane\/geo-karpaty-utworzenie-polsko-ukrainskiego-szlaku-turystycznego\/\" rel=\"nofollow\">Read More<\/a><\/p>\n","protected":false},"author":27,"featured_media":0,"parent":13,"menu_order":0,"comment_status":"closed","ping_status":"closed","template":"page-templates\/template-full-width.php","meta":{"ngg_post_thumbnail":0,"footnotes":""},"class_list":["post-911","page","type-page","status-publish","hentry"],"yoast_head":"<!-- This site is optimized with the Yoast SEO Premium plugin v27.3 (Yoast SEO v27.3) - https:\/\/yoast.com\/product\/yoast-seo-premium-wordpress\/ -->\n<title>Geo-Karpaty \u2013 utworzenie polsko-ukrai\u0144skiego szlaku turystycznego - Fundusze zewn\u0119trzne PANS w Kro\u015bnie<\/title>\n<meta name=\"robots\" content=\"index, follow, max-snippet:-1, max-image-preview:large, max-video-preview:-1\" \/>\n<link rel=\"canonical\" href=\"https:\/\/pans.krosno.pl\/fundusze-zewnetrzne\/projekty-zrealizowane\/geo-karpaty-utworzenie-polsko-ukrainskiego-szlaku-turystycznego\/\" \/>\n<meta property=\"og:locale\" content=\"pl_PL\" \/>\n<meta property=\"og:type\" content=\"article\" \/>\n<meta property=\"og:title\" content=\"Geo-Karpaty \u2013 utworzenie polsko-ukrai\u0144skiego szlaku turystycznego\" \/>\n<meta property=\"og:description\" content=\"&nbsp; Projekt pozwala na stworzenie innowacyjnego produktu turystycznego opartego na zasadach zr\u00f3wnowa\u017conej turystyki oraz zachowaniu dziedzictwa przyrodniczego region\u00f3w. Pomimo barier politycznych i administracyjnych pozwala na udost\u0119pnienie turystom teren\u00f3w ekologicznych czystych i nie zmienionych przez cz\u0142owieka. Projekt kreuje nowe warunki rozwoju przedsi\u0119biorczo\u015bci obszar\u00f3w zap\u00f3\u017anionych gospodarczo w oparciu o zasoby dost\u0119pne na [\u2026] Read More\" \/>\n<meta property=\"og:url\" content=\"https:\/\/pans.krosno.pl\/fundusze-zewnetrzne\/projekty-zrealizowane\/geo-karpaty-utworzenie-polsko-ukrainskiego-szlaku-turystycznego\/\" \/>\n<meta property=\"og:site_name\" content=\"Fundusze zewn\u0119trzne PANS w Kro\u015bnie\" \/>\n<meta property=\"article:modified_time\" content=\"2022-05-25T07:40:07+00:00\" \/>\n<meta property=\"og:image\" content=\"https:\/\/pans.krosno.pl\/fundusze-europejskie-kursy\/wp-content\/uploads\/sites\/14\/2020\/05\/logo_plbyua.jpg\" \/>\n<meta name=\"twitter:card\" content=\"summary_large_image\" \/>\n<meta name=\"twitter:label1\" content=\"Szacowany czas czytania\" \/>\n\t<meta name=\"twitter:data1\" content=\"3 minuty\" \/>\n<script type=\"application\/ld+json\" class=\"yoast-schema-graph\">{\"@context\":\"https:\\\/\\\/schema.org\",\"@graph\":[{\"@type\":\"WebPage\",\"@id\":\"https:\\\/\\\/pans.krosno.pl\\\/fundusze-zewnetrzne\\\/projekty-zrealizowane\\\/geo-karpaty-utworzenie-polsko-ukrainskiego-szlaku-turystycznego\\\/\",\"url\":\"https:\\\/\\\/pans.krosno.pl\\\/fundusze-zewnetrzne\\\/projekty-zrealizowane\\\/geo-karpaty-utworzenie-polsko-ukrainskiego-szlaku-turystycznego\\\/\",\"name\":\"Geo-Karpaty \u2013 utworzenie polsko-ukrai\u0144skiego szlaku turystycznego - Fundusze zewn\u0119trzne PANS w Kro\u015bnie\",\"isPartOf\":{\"@id\":\"https:\\\/\\\/pans.krosno.pl\\\/fundusze-zewnetrzne\\\/#website\"},\"primaryImageOfPage\":{\"@id\":\"https:\\\/\\\/pans.krosno.pl\\\/fundusze-zewnetrzne\\\/projekty-zrealizowane\\\/geo-karpaty-utworzenie-polsko-ukrainskiego-szlaku-turystycznego\\\/#primaryimage\"},\"image\":{\"@id\":\"https:\\\/\\\/pans.krosno.pl\\\/fundusze-zewnetrzne\\\/projekty-zrealizowane\\\/geo-karpaty-utworzenie-polsko-ukrainskiego-szlaku-turystycznego\\\/#primaryimage\"},\"thumbnailUrl\":\"https:\\\/\\\/pans.krosno.pl\\\/fundusze-europejskie-kursy\\\/wp-content\\\/uploads\\\/sites\\\/14\\\/2020\\\/05\\\/logo_plbyua.jpg\",\"datePublished\":\"2020-05-13T17:54:53+00:00\",\"dateModified\":\"2022-05-25T07:40:07+00:00\",\"breadcrumb\":{\"@id\":\"https:\\\/\\\/pans.krosno.pl\\\/fundusze-zewnetrzne\\\/projekty-zrealizowane\\\/geo-karpaty-utworzenie-polsko-ukrainskiego-szlaku-turystycznego\\\/#breadcrumb\"},\"inLanguage\":\"pl-PL\",\"potentialAction\":[{\"@type\":\"ReadAction\",\"target\":[\"https:\\\/\\\/pans.krosno.pl\\\/fundusze-zewnetrzne\\\/projekty-zrealizowane\\\/geo-karpaty-utworzenie-polsko-ukrainskiego-szlaku-turystycznego\\\/\"]}]},{\"@type\":\"ImageObject\",\"inLanguage\":\"pl-PL\",\"@id\":\"https:\\\/\\\/pans.krosno.pl\\\/fundusze-zewnetrzne\\\/projekty-zrealizowane\\\/geo-karpaty-utworzenie-polsko-ukrainskiego-szlaku-turystycznego\\\/#primaryimage\",\"url\":\"https:\\\/\\\/pans.krosno.pl\\\/fundusze-europejskie-kursy\\\/wp-content\\\/uploads\\\/sites\\\/14\\\/2020\\\/05\\\/logo_plbyua.jpg\",\"contentUrl\":\"https:\\\/\\\/pans.krosno.pl\\\/fundusze-europejskie-kursy\\\/wp-content\\\/uploads\\\/sites\\\/14\\\/2020\\\/05\\\/logo_plbyua.jpg\"},{\"@type\":\"BreadcrumbList\",\"@id\":\"https:\\\/\\\/pans.krosno.pl\\\/fundusze-zewnetrzne\\\/projekty-zrealizowane\\\/geo-karpaty-utworzenie-polsko-ukrainskiego-szlaku-turystycznego\\\/#breadcrumb\",\"itemListElement\":[{\"@type\":\"ListItem\",\"position\":1,\"name\":\"Strona g\u0142\u00f3wna\",\"item\":\"https:\\\/\\\/pans.krosno.pl\\\/fundusze-zewnetrzne\\\/\"},{\"@type\":\"ListItem\",\"position\":2,\"name\":\"Projekty zrealizowane\",\"item\":\"https:\\\/\\\/pans.krosno.pl\\\/fundusze-zewnetrzne\\\/projekty-zrealizowane\\\/\"},{\"@type\":\"ListItem\",\"position\":3,\"name\":\"Geo-Karpaty \u2013 utworzenie polsko-ukrai\u0144skiego szlaku turystycznego\"}]},{\"@type\":\"WebSite\",\"@id\":\"https:\\\/\\\/pans.krosno.pl\\\/fundusze-zewnetrzne\\\/#website\",\"url\":\"https:\\\/\\\/pans.krosno.pl\\\/fundusze-zewnetrzne\\\/\",\"name\":\"Fundusze zewn\u0119trzne PANS w Kro\u015bnie\",\"description\":\"Fundusze zewn\u0119trzne  - Pa\u0144stwowa Akademia Nauk Stosowanych\",\"publisher\":{\"@id\":\"https:\\\/\\\/pans.krosno.pl\\\/fundusze-zewnetrzne\\\/#organization\"},\"potentialAction\":[{\"@type\":\"SearchAction\",\"target\":{\"@type\":\"EntryPoint\",\"urlTemplate\":\"https:\\\/\\\/pans.krosno.pl\\\/fundusze-zewnetrzne\\\/?s={search_term_string}\"},\"query-input\":{\"@type\":\"PropertyValueSpecification\",\"valueRequired\":true,\"valueName\":\"search_term_string\"}}],\"inLanguage\":\"pl-PL\"},{\"@type\":\"Organization\",\"@id\":\"https:\\\/\\\/pans.krosno.pl\\\/fundusze-zewnetrzne\\\/#organization\",\"name\":\"Fundusze zewn\u0119trzne PANS w Kro\u015bnie\",\"url\":\"https:\\\/\\\/pans.krosno.pl\\\/fundusze-zewnetrzne\\\/\",\"logo\":{\"@type\":\"ImageObject\",\"inLanguage\":\"pl-PL\",\"@id\":\"https:\\\/\\\/pans.krosno.pl\\\/fundusze-zewnetrzne\\\/#\\\/schema\\\/logo\\\/image\\\/\",\"url\":\"https:\\\/\\\/pans.krosno.pl\\\/fundusze-zewnetrzne\\\/wp-content\\\/uploads\\\/sites\\\/14\\\/2023\\\/01\\\/Logo-PANS-2022-pelne.png\",\"contentUrl\":\"https:\\\/\\\/pans.krosno.pl\\\/fundusze-zewnetrzne\\\/wp-content\\\/uploads\\\/sites\\\/14\\\/2023\\\/01\\\/Logo-PANS-2022-pelne.png\",\"width\":3096,\"height\":696,\"caption\":\"Fundusze zewn\u0119trzne PANS w Kro\u015bnie\"},\"image\":{\"@id\":\"https:\\\/\\\/pans.krosno.pl\\\/fundusze-zewnetrzne\\\/#\\\/schema\\\/logo\\\/image\\\/\"}}]}<\/script>\n<!-- \/ Yoast SEO Premium plugin. -->","yoast_head_json":{"title":"Geo-Karpaty \u2013 utworzenie polsko-ukrai\u0144skiego szlaku turystycznego - Fundusze zewn\u0119trzne PANS w Kro\u015bnie","robots":{"index":"index","follow":"follow","max-snippet":"max-snippet:-1","max-image-preview":"max-image-preview:large","max-video-preview":"max-video-preview:-1"},"canonical":"https:\/\/pans.krosno.pl\/fundusze-zewnetrzne\/projekty-zrealizowane\/geo-karpaty-utworzenie-polsko-ukrainskiego-szlaku-turystycznego\/","og_locale":"pl_PL","og_type":"article","og_title":"Geo-Karpaty \u2013 utworzenie polsko-ukrai\u0144skiego szlaku turystycznego","og_description":"&nbsp; Projekt pozwala na stworzenie innowacyjnego produktu turystycznego opartego na zasadach zr\u00f3wnowa\u017conej turystyki oraz zachowaniu dziedzictwa przyrodniczego region\u00f3w. Pomimo barier politycznych i administracyjnych pozwala na udost\u0119pnienie turystom teren\u00f3w ekologicznych czystych i nie zmienionych przez cz\u0142owieka. Projekt kreuje nowe warunki rozwoju przedsi\u0119biorczo\u015bci obszar\u00f3w zap\u00f3\u017anionych gospodarczo w oparciu o zasoby dost\u0119pne na [\u2026] Read More","og_url":"https:\/\/pans.krosno.pl\/fundusze-zewnetrzne\/projekty-zrealizowane\/geo-karpaty-utworzenie-polsko-ukrainskiego-szlaku-turystycznego\/","og_site_name":"Fundusze zewn\u0119trzne PANS w Kro\u015bnie","article_modified_time":"2022-05-25T07:40:07+00:00","og_image":[{"url":"https:\/\/pans.krosno.pl\/fundusze-europejskie-kursy\/wp-content\/uploads\/sites\/14\/2020\/05\/logo_plbyua.jpg","type":"","width":"","height":""}],"twitter_card":"summary_large_image","twitter_misc":{"Szacowany czas czytania":"3 minuty"},"schema":{"@context":"https:\/\/schema.org","@graph":[{"@type":"WebPage","@id":"https:\/\/pans.krosno.pl\/fundusze-zewnetrzne\/projekty-zrealizowane\/geo-karpaty-utworzenie-polsko-ukrainskiego-szlaku-turystycznego\/","url":"https:\/\/pans.krosno.pl\/fundusze-zewnetrzne\/projekty-zrealizowane\/geo-karpaty-utworzenie-polsko-ukrainskiego-szlaku-turystycznego\/","name":"Geo-Karpaty \u2013 utworzenie polsko-ukrai\u0144skiego szlaku turystycznego - Fundusze zewn\u0119trzne PANS w Kro\u015bnie","isPartOf":{"@id":"https:\/\/pans.krosno.pl\/fundusze-zewnetrzne\/#website"},"primaryImageOfPage":{"@id":"https:\/\/pans.krosno.pl\/fundusze-zewnetrzne\/projekty-zrealizowane\/geo-karpaty-utworzenie-polsko-ukrainskiego-szlaku-turystycznego\/#primaryimage"},"image":{"@id":"https:\/\/pans.krosno.pl\/fundusze-zewnetrzne\/projekty-zrealizowane\/geo-karpaty-utworzenie-polsko-ukrainskiego-szlaku-turystycznego\/#primaryimage"},"thumbnailUrl":"https:\/\/pans.krosno.pl\/fundusze-europejskie-kursy\/wp-content\/uploads\/sites\/14\/2020\/05\/logo_plbyua.jpg","datePublished":"2020-05-13T17:54:53+00:00","dateModified":"2022-05-25T07:40:07+00:00","breadcrumb":{"@id":"https:\/\/pans.krosno.pl\/fundusze-zewnetrzne\/projekty-zrealizowane\/geo-karpaty-utworzenie-polsko-ukrainskiego-szlaku-turystycznego\/#breadcrumb"},"inLanguage":"pl-PL","potentialAction":[{"@type":"ReadAction","target":["https:\/\/pans.krosno.pl\/fundusze-zewnetrzne\/projekty-zrealizowane\/geo-karpaty-utworzenie-polsko-ukrainskiego-szlaku-turystycznego\/"]}]},{"@type":"ImageObject","inLanguage":"pl-PL","@id":"https:\/\/pans.krosno.pl\/fundusze-zewnetrzne\/projekty-zrealizowane\/geo-karpaty-utworzenie-polsko-ukrainskiego-szlaku-turystycznego\/#primaryimage","url":"https:\/\/pans.krosno.pl\/fundusze-europejskie-kursy\/wp-content\/uploads\/sites\/14\/2020\/05\/logo_plbyua.jpg","contentUrl":"https:\/\/pans.krosno.pl\/fundusze-europejskie-kursy\/wp-content\/uploads\/sites\/14\/2020\/05\/logo_plbyua.jpg"},{"@type":"BreadcrumbList","@id":"https:\/\/pans.krosno.pl\/fundusze-zewnetrzne\/projekty-zrealizowane\/geo-karpaty-utworzenie-polsko-ukrainskiego-szlaku-turystycznego\/#breadcrumb","itemListElement":[{"@type":"ListItem","position":1,"name":"Strona g\u0142\u00f3wna","item":"https:\/\/pans.krosno.pl\/fundusze-zewnetrzne\/"},{"@type":"ListItem","position":2,"name":"Projekty zrealizowane","item":"https:\/\/pans.krosno.pl\/fundusze-zewnetrzne\/projekty-zrealizowane\/"},{"@type":"ListItem","position":3,"name":"Geo-Karpaty \u2013 utworzenie polsko-ukrai\u0144skiego szlaku turystycznego"}]},{"@type":"WebSite","@id":"https:\/\/pans.krosno.pl\/fundusze-zewnetrzne\/#website","url":"https:\/\/pans.krosno.pl\/fundusze-zewnetrzne\/","name":"Fundusze zewn\u0119trzne PANS w Kro\u015bnie","description":"Fundusze zewn\u0119trzne  - Pa\u0144stwowa Akademia Nauk Stosowanych","publisher":{"@id":"https:\/\/pans.krosno.pl\/fundusze-zewnetrzne\/#organization"},"potentialAction":[{"@type":"SearchAction","target":{"@type":"EntryPoint","urlTemplate":"https:\/\/pans.krosno.pl\/fundusze-zewnetrzne\/?s={search_term_string}"},"query-input":{"@type":"PropertyValueSpecification","valueRequired":true,"valueName":"search_term_string"}}],"inLanguage":"pl-PL"},{"@type":"Organization","@id":"https:\/\/pans.krosno.pl\/fundusze-zewnetrzne\/#organization","name":"Fundusze zewn\u0119trzne PANS w Kro\u015bnie","url":"https:\/\/pans.krosno.pl\/fundusze-zewnetrzne\/","logo":{"@type":"ImageObject","inLanguage":"pl-PL","@id":"https:\/\/pans.krosno.pl\/fundusze-zewnetrzne\/#\/schema\/logo\/image\/","url":"https:\/\/pans.krosno.pl\/fundusze-zewnetrzne\/wp-content\/uploads\/sites\/14\/2023\/01\/Logo-PANS-2022-pelne.png","contentUrl":"https:\/\/pans.krosno.pl\/fundusze-zewnetrzne\/wp-content\/uploads\/sites\/14\/2023\/01\/Logo-PANS-2022-pelne.png","width":3096,"height":696,"caption":"Fundusze zewn\u0119trzne PANS w Kro\u015bnie"},"image":{"@id":"https:\/\/pans.krosno.pl\/fundusze-zewnetrzne\/#\/schema\/logo\/image\/"}}]}},"_links":{"self":[{"href":"https:\/\/pans.krosno.pl\/fundusze-zewnetrzne\/wp-json\/wp\/v2\/pages\/911","targetHints":{"allow":["GET"]}}],"collection":[{"href":"https:\/\/pans.krosno.pl\/fundusze-zewnetrzne\/wp-json\/wp\/v2\/pages"}],"about":[{"href":"https:\/\/pans.krosno.pl\/fundusze-zewnetrzne\/wp-json\/wp\/v2\/types\/page"}],"author":[{"embeddable":true,"href":"https:\/\/pans.krosno.pl\/fundusze-zewnetrzne\/wp-json\/wp\/v2\/users\/27"}],"replies":[{"embeddable":true,"href":"https:\/\/pans.krosno.pl\/fundusze-zewnetrzne\/wp-json\/wp\/v2\/comments?post=911"}],"version-history":[{"count":2,"href":"https:\/\/pans.krosno.pl\/fundusze-zewnetrzne\/wp-json\/wp\/v2\/pages\/911\/revisions"}],"predecessor-version":[{"id":3254,"href":"https:\/\/pans.krosno.pl\/fundusze-zewnetrzne\/wp-json\/wp\/v2\/pages\/911\/revisions\/3254"}],"up":[{"embeddable":true,"href":"https:\/\/pans.krosno.pl\/fundusze-zewnetrzne\/wp-json\/wp\/v2\/pages\/13"}],"wp:attachment":[{"href":"https:\/\/pans.krosno.pl\/fundusze-zewnetrzne\/wp-json\/wp\/v2\/media?parent=911"}],"curies":[{"name":"wp","href":"https:\/\/api.w.org\/{rel}","templated":true}]}}