{"id":91,"date":"2020-05-13T11:33:35","date_gmt":"2020-05-13T09:33:35","guid":{"rendered":"https:\/\/pans.krosno.pl\/fundusze-europejskie-kursy\/?page_id=91"},"modified":"2022-05-25T09:24:05","modified_gmt":"2022-05-25T07:24:05","slug":"akademia-mlodego-odkrywcy-w-pwsz-w-krosnie-o-projekcie","status":"publish","type":"page","link":"https:\/\/pans.krosno.pl\/fundusze-zewnetrzne\/projekty-zrealizowane\/akademia-mlodego-odkrywcy-w-pwsz-w-krosnie\/akademia-mlodego-odkrywcy-w-pwsz-w-krosnie-o-projekcie\/","title":{"rendered":"Stawiam na nauk\u0119. Akademia m\u0142odego odkrywcy w PWSZ w Kro\u015bnie &#8211; O projekcie"},"content":{"rendered":"<hr>\n<p><img loading=\"lazy\" decoding=\"async\" class=\"size-full wp-image-1164 aligncenter\" src=\"https:\/\/pans.krosno.pl\/fundusze-europejskie-kursy\/wp-content\/uploads\/sites\/14\/2020\/05\/LOGO-KOLOR-23.jpg\" alt=\"\" width=\"1988\" height=\"255\" srcset=\"https:\/\/pans.krosno.pl\/fundusze-zewnetrzne\/wp-content\/uploads\/sites\/14\/2020\/05\/LOGO-KOLOR-23.jpg 1988w, https:\/\/pans.krosno.pl\/fundusze-zewnetrzne\/wp-content\/uploads\/sites\/14\/2020\/05\/LOGO-KOLOR-23-300x38.jpg 300w, https:\/\/pans.krosno.pl\/fundusze-zewnetrzne\/wp-content\/uploads\/sites\/14\/2020\/05\/LOGO-KOLOR-23-1024x131.jpg 1024w, https:\/\/pans.krosno.pl\/fundusze-zewnetrzne\/wp-content\/uploads\/sites\/14\/2020\/05\/LOGO-KOLOR-23-768x99.jpg 768w, https:\/\/pans.krosno.pl\/fundusze-zewnetrzne\/wp-content\/uploads\/sites\/14\/2020\/05\/LOGO-KOLOR-23-1536x197.jpg 1536w, https:\/\/pans.krosno.pl\/fundusze-zewnetrzne\/wp-content\/uploads\/sites\/14\/2020\/05\/LOGO-KOLOR-23-800x103.jpg 800w, https:\/\/pans.krosno.pl\/fundusze-zewnetrzne\/wp-content\/uploads\/sites\/14\/2020\/05\/LOGO-KOLOR-23-580x74.jpg 580w\" sizes=\"auto, (max-width: 1988px) 100vw, 1988px\" \/>G\u0142\u00f3wnym celem projektu pn. \u201eStawiam na nauk\u0119. Akademia m\u0142odego odkrywcy w PWSZ w Kro\u015bnie.\u201d nr POWR.03.01.00-00-U053\/17 jest podniesienie kompetencji w zakresie kreatywno\u015bci, krytycznego my\u015blenia, rozwi\u0105zywania problem\u00f3w, przedsi\u0119biorczo\u015bci, umiej\u0119tno\u015bci pos\u0142ugiwania si\u0119 j\u0119zykami obcymi, a tak\u017ce umiej\u0119tno\u015bci matematyczno-przyrodniczych uczestnik\u00f3w i uczestniczek projektu poprzez opracowanie program\u00f3w kszta\u0142cenia i realizacj\u0119 dzia\u0142a\u0144 dydaktycznych we wsp\u00f3\u0142pracy z Urz\u0119dem Miasta Krosna dla dzieci w wieku od 7 do 16 lat s\u0142u\u017c\u0105cych rozwijaniu u jego uczestnik\u00f3w kompetencji pozwalaj\u0105cych na:<\/p>\n<p>&#8211; rozbudzanie ich ciekawo\u015bci poznawczej;<br \/>\n&#8211; stymulowanie intelektualnego, aksjologicznego i spo\u0142ecznego rozwoju m\u0142odego pokolenia;<br \/>\n&#8211; inspirowanie do tw\u00f3rczego my\u015blenia i rozwijania zainteresowa\u0144 i pasji;<br \/>\n&#8211; zapoznanie ze \u015brodowiskiem akademickim i uczelni\u0105 jako miejscem naukowego ogl\u0105du rzeczywisto\u015bci.<\/p>\n<p>Wsparciem zostan\u0105 obj\u0119te 1088 uczni\u00f3w i uczennic kro\u015bnie\u0144skich szk\u00f3\u0142, jednej szko\u0142y z Brzozowa oraz<br \/>\n10 rodzic\u00f3w.<\/p>\n<p style=\"font-weight: 400\"><strong>Grupa docelowa:<\/strong>&nbsp;dzieci w wieku 7-16 lat<\/p>\n<p style=\"font-weight: 400\"><strong>Zadania w ramach projektu:<\/strong><\/p>\n<ol>\n<li>Jak zosta\u0107 Pitagorasem;<\/li>\n<li>Fizyka wok\u00f3\u0142 nas;<\/li>\n<li>Poznaj j\u0119zyk komputera;<\/li>\n<li>Realizacja modu\u0142u My\u015bl EKO i dzia\u0142aj ekologicznie;<\/li>\n<li>Ratowanie to dla ka\u017cdego zadanie;<\/li>\n<li>Zatroszcz si\u0119 o zdrowie;<\/li>\n<li>Bezpieczna i zdrowa \u017cywno\u015b\u0107;<\/li>\n<li>Pszczo\u0142y &#8211; dlaczego nale\u017cy je chroni\u0107?;<\/li>\n<li>Towaroznawstwo dla ka\u017cdego;<\/li>\n<li style=\"font-weight: 400\">Po co nam ekonomia?;<\/li>\n<li>Kolorowa mozaika Wschodu;<\/li>\n<li>J\u0119zyk angielski i t\u0142umaczenia;<\/li>\n<li>Spotkania z fotografi\u0105;<\/li>\n<li>Zaj\u0119cia dla rodzic\u00f3w s\u0142u\u017c\u0105ce rozwojowi kompetencji wychowawczych i spo\u0142ecznych.<\/li>\n<\/ol>\n<p style=\"font-weight: 400\"><strong>Realizacj\u0119 zaj\u0119\u0107 zaplanowano w cyklach semestralnych:<\/strong><\/p>\n<p style=\"font-weight: 400\">01.09.2018 &#8211; 31.01.2019<\/p>\n<p style=\"font-weight: 400\">01.02.2019 &#8211; 30.06.2019<\/p>\n<p style=\"font-weight: 400\">01.09.2019 &#8211; 31.01.2020<\/p>\n<p style=\"font-weight: 400\">01.02.2020 &#8211; 30.12.2020<\/p>\n<p style=\"font-weight: 400\"><strong>Okres realizacji projektu:<\/strong>&nbsp;od 01.09.2018 r. do 30.12.2020 r.<\/p>\n<p style=\"font-weight: 400\"><strong>Dofinansowanie z UE:<\/strong>&nbsp;204&nbsp;820,84 z\u0142<\/p>\n<p style=\"font-weight: 400\"><strong>Warto\u015b\u0107 projektu:<\/strong>&nbsp;243&nbsp;024,25 z\u0142<\/p>\n","protected":false},"excerpt":{"rendered":"<p>G\u0142\u00f3wnym celem projektu pn. \u201eStawiam na nauk\u0119. Akademia m\u0142odego odkrywcy w PWSZ w Kro\u015bnie.\u201d nr POWR.03.01.00-00-U053\/17 jest podniesienie kompetencji w zakresie kreatywno\u015bci, krytycznego my\u015blenia, rozwi\u0105zywania problem\u00f3w, przedsi\u0119biorczo\u015bci, umiej\u0119tno\u015bci pos\u0142ugiwania si\u0119 j\u0119zykami obcymi, a tak\u017ce umiej\u0119tno\u015bci matematyczno-przyrodniczych uczestnik\u00f3w i uczestniczek projektu poprzez opracowanie program\u00f3w kszta\u0142cenia i realizacj\u0119 dzia\u0142a\u0144 dydaktycznych we wsp\u00f3\u0142pracy [\u2026] <\/p>\n<div class=\"clear\"><\/div>\n<p><a class=\"more_link clearfix\" href=\"https:\/\/pans.krosno.pl\/fundusze-zewnetrzne\/projekty-zrealizowane\/akademia-mlodego-odkrywcy-w-pwsz-w-krosnie\/akademia-mlodego-odkrywcy-w-pwsz-w-krosnie-o-projekcie\/\" rel=\"nofollow\">Read More<\/a><\/p>\n","protected":false},"author":27,"featured_media":0,"parent":92,"menu_order":0,"comment_status":"closed","ping_status":"closed","template":"page-templates\/template-full-width.php","meta":{"ngg_post_thumbnail":0,"footnotes":""},"class_list":["post-91","page","type-page","status-publish","hentry"],"yoast_head":"<!-- This site is optimized with the Yoast SEO Premium plugin v27.3 (Yoast SEO v27.3) - https:\/\/yoast.com\/product\/yoast-seo-premium-wordpress\/ -->\n<title>Stawiam na nauk\u0119. Akademia m\u0142odego odkrywcy w PWSZ w Kro\u015bnie - O projekcie - Fundusze zewn\u0119trzne PANS w Kro\u015bnie<\/title>\n<meta name=\"robots\" content=\"index, follow, max-snippet:-1, max-image-preview:large, max-video-preview:-1\" \/>\n<link rel=\"canonical\" href=\"https:\/\/pans.krosno.pl\/fundusze-zewnetrzne\/projekty-zrealizowane\/akademia-mlodego-odkrywcy-w-pwsz-w-krosnie\/akademia-mlodego-odkrywcy-w-pwsz-w-krosnie-o-projekcie\/\" \/>\n<meta property=\"og:locale\" content=\"pl_PL\" \/>\n<meta property=\"og:type\" content=\"article\" \/>\n<meta property=\"og:title\" content=\"Stawiam na nauk\u0119. Akademia m\u0142odego odkrywcy w PWSZ w Kro\u015bnie - O projekcie\" \/>\n<meta property=\"og:description\" content=\"G\u0142\u00f3wnym celem projektu pn. \u201eStawiam na nauk\u0119. Akademia m\u0142odego odkrywcy w PWSZ w Kro\u015bnie.\u201d nr POWR.03.01.00-00-U053\/17 jest podniesienie kompetencji w zakresie kreatywno\u015bci, krytycznego my\u015blenia, rozwi\u0105zywania problem\u00f3w, przedsi\u0119biorczo\u015bci, umiej\u0119tno\u015bci pos\u0142ugiwania si\u0119 j\u0119zykami obcymi, a tak\u017ce umiej\u0119tno\u015bci matematyczno-przyrodniczych uczestnik\u00f3w i uczestniczek projektu poprzez opracowanie program\u00f3w kszta\u0142cenia i realizacj\u0119 dzia\u0142a\u0144 dydaktycznych we wsp\u00f3\u0142pracy [\u2026] Read More\" \/>\n<meta property=\"og:url\" content=\"https:\/\/pans.krosno.pl\/fundusze-zewnetrzne\/projekty-zrealizowane\/akademia-mlodego-odkrywcy-w-pwsz-w-krosnie\/akademia-mlodego-odkrywcy-w-pwsz-w-krosnie-o-projekcie\/\" \/>\n<meta property=\"og:site_name\" content=\"Fundusze zewn\u0119trzne PANS w Kro\u015bnie\" \/>\n<meta property=\"article:modified_time\" content=\"2022-05-25T07:24:05+00:00\" \/>\n<meta property=\"og:image\" content=\"https:\/\/pans.krosno.pl\/fundusze-europejskie-kursy\/wp-content\/uploads\/sites\/14\/2020\/05\/LOGO-KOLOR-23.jpg\" \/>\n<meta name=\"twitter:card\" content=\"summary_large_image\" \/>\n<meta name=\"twitter:label1\" content=\"Szacowany czas czytania\" \/>\n\t<meta name=\"twitter:data1\" content=\"2 minuty\" \/>\n<script type=\"application\/ld+json\" class=\"yoast-schema-graph\">{\"@context\":\"https:\\\/\\\/schema.org\",\"@graph\":[{\"@type\":\"WebPage\",\"@id\":\"https:\\\/\\\/pans.krosno.pl\\\/fundusze-zewnetrzne\\\/projekty-zrealizowane\\\/akademia-mlodego-odkrywcy-w-pwsz-w-krosnie\\\/akademia-mlodego-odkrywcy-w-pwsz-w-krosnie-o-projekcie\\\/\",\"url\":\"https:\\\/\\\/pans.krosno.pl\\\/fundusze-zewnetrzne\\\/projekty-zrealizowane\\\/akademia-mlodego-odkrywcy-w-pwsz-w-krosnie\\\/akademia-mlodego-odkrywcy-w-pwsz-w-krosnie-o-projekcie\\\/\",\"name\":\"Stawiam na nauk\u0119. Akademia m\u0142odego odkrywcy w PWSZ w Kro\u015bnie - O projekcie - Fundusze zewn\u0119trzne PANS w Kro\u015bnie\",\"isPartOf\":{\"@id\":\"https:\\\/\\\/pans.krosno.pl\\\/fundusze-zewnetrzne\\\/#website\"},\"primaryImageOfPage\":{\"@id\":\"https:\\\/\\\/pans.krosno.pl\\\/fundusze-zewnetrzne\\\/projekty-zrealizowane\\\/akademia-mlodego-odkrywcy-w-pwsz-w-krosnie\\\/akademia-mlodego-odkrywcy-w-pwsz-w-krosnie-o-projekcie\\\/#primaryimage\"},\"image\":{\"@id\":\"https:\\\/\\\/pans.krosno.pl\\\/fundusze-zewnetrzne\\\/projekty-zrealizowane\\\/akademia-mlodego-odkrywcy-w-pwsz-w-krosnie\\\/akademia-mlodego-odkrywcy-w-pwsz-w-krosnie-o-projekcie\\\/#primaryimage\"},\"thumbnailUrl\":\"https:\\\/\\\/pans.krosno.pl\\\/fundusze-europejskie-kursy\\\/wp-content\\\/uploads\\\/sites\\\/14\\\/2020\\\/05\\\/LOGO-KOLOR-23.jpg\",\"datePublished\":\"2020-05-13T09:33:35+00:00\",\"dateModified\":\"2022-05-25T07:24:05+00:00\",\"breadcrumb\":{\"@id\":\"https:\\\/\\\/pans.krosno.pl\\\/fundusze-zewnetrzne\\\/projekty-zrealizowane\\\/akademia-mlodego-odkrywcy-w-pwsz-w-krosnie\\\/akademia-mlodego-odkrywcy-w-pwsz-w-krosnie-o-projekcie\\\/#breadcrumb\"},\"inLanguage\":\"pl-PL\",\"potentialAction\":[{\"@type\":\"ReadAction\",\"target\":[\"https:\\\/\\\/pans.krosno.pl\\\/fundusze-zewnetrzne\\\/projekty-zrealizowane\\\/akademia-mlodego-odkrywcy-w-pwsz-w-krosnie\\\/akademia-mlodego-odkrywcy-w-pwsz-w-krosnie-o-projekcie\\\/\"]}]},{\"@type\":\"ImageObject\",\"inLanguage\":\"pl-PL\",\"@id\":\"https:\\\/\\\/pans.krosno.pl\\\/fundusze-zewnetrzne\\\/projekty-zrealizowane\\\/akademia-mlodego-odkrywcy-w-pwsz-w-krosnie\\\/akademia-mlodego-odkrywcy-w-pwsz-w-krosnie-o-projekcie\\\/#primaryimage\",\"url\":\"https:\\\/\\\/pans.krosno.pl\\\/fundusze-europejskie-kursy\\\/wp-content\\\/uploads\\\/sites\\\/14\\\/2020\\\/05\\\/LOGO-KOLOR-23.jpg\",\"contentUrl\":\"https:\\\/\\\/pans.krosno.pl\\\/fundusze-europejskie-kursy\\\/wp-content\\\/uploads\\\/sites\\\/14\\\/2020\\\/05\\\/LOGO-KOLOR-23.jpg\"},{\"@type\":\"BreadcrumbList\",\"@id\":\"https:\\\/\\\/pans.krosno.pl\\\/fundusze-zewnetrzne\\\/projekty-zrealizowane\\\/akademia-mlodego-odkrywcy-w-pwsz-w-krosnie\\\/akademia-mlodego-odkrywcy-w-pwsz-w-krosnie-o-projekcie\\\/#breadcrumb\",\"itemListElement\":[{\"@type\":\"ListItem\",\"position\":1,\"name\":\"Strona g\u0142\u00f3wna\",\"item\":\"https:\\\/\\\/pans.krosno.pl\\\/fundusze-zewnetrzne\\\/\"},{\"@type\":\"ListItem\",\"position\":2,\"name\":\"Projekty zrealizowane\",\"item\":\"https:\\\/\\\/pans.krosno.pl\\\/fundusze-zewnetrzne\\\/projekty-zrealizowane\\\/\"},{\"@type\":\"ListItem\",\"position\":3,\"name\":\"Stawiam na nauk\u0119. Akademia m\u0142odego odkrywcy w PWSZ w Kro\u015bnie\",\"item\":\"https:\\\/\\\/pans.krosno.pl\\\/fundusze-zewnetrzne\\\/projekty-zrealizowane\\\/akademia-mlodego-odkrywcy-w-pwsz-w-krosnie\\\/\"},{\"@type\":\"ListItem\",\"position\":4,\"name\":\"Stawiam na nauk\u0119. Akademia m\u0142odego odkrywcy w PWSZ w Kro\u015bnie &#8211; O projekcie\"}]},{\"@type\":\"WebSite\",\"@id\":\"https:\\\/\\\/pans.krosno.pl\\\/fundusze-zewnetrzne\\\/#website\",\"url\":\"https:\\\/\\\/pans.krosno.pl\\\/fundusze-zewnetrzne\\\/\",\"name\":\"Fundusze zewn\u0119trzne PANS w Kro\u015bnie\",\"description\":\"Fundusze zewn\u0119trzne  - Pa\u0144stwowa Akademia Nauk Stosowanych\",\"publisher\":{\"@id\":\"https:\\\/\\\/pans.krosno.pl\\\/fundusze-zewnetrzne\\\/#organization\"},\"potentialAction\":[{\"@type\":\"SearchAction\",\"target\":{\"@type\":\"EntryPoint\",\"urlTemplate\":\"https:\\\/\\\/pans.krosno.pl\\\/fundusze-zewnetrzne\\\/?s={search_term_string}\"},\"query-input\":{\"@type\":\"PropertyValueSpecification\",\"valueRequired\":true,\"valueName\":\"search_term_string\"}}],\"inLanguage\":\"pl-PL\"},{\"@type\":\"Organization\",\"@id\":\"https:\\\/\\\/pans.krosno.pl\\\/fundusze-zewnetrzne\\\/#organization\",\"name\":\"Fundusze zewn\u0119trzne PANS w Kro\u015bnie\",\"url\":\"https:\\\/\\\/pans.krosno.pl\\\/fundusze-zewnetrzne\\\/\",\"logo\":{\"@type\":\"ImageObject\",\"inLanguage\":\"pl-PL\",\"@id\":\"https:\\\/\\\/pans.krosno.pl\\\/fundusze-zewnetrzne\\\/#\\\/schema\\\/logo\\\/image\\\/\",\"url\":\"https:\\\/\\\/pans.krosno.pl\\\/fundusze-zewnetrzne\\\/wp-content\\\/uploads\\\/sites\\\/14\\\/2023\\\/01\\\/Logo-PANS-2022-pelne.png\",\"contentUrl\":\"https:\\\/\\\/pans.krosno.pl\\\/fundusze-zewnetrzne\\\/wp-content\\\/uploads\\\/sites\\\/14\\\/2023\\\/01\\\/Logo-PANS-2022-pelne.png\",\"width\":3096,\"height\":696,\"caption\":\"Fundusze zewn\u0119trzne PANS w Kro\u015bnie\"},\"image\":{\"@id\":\"https:\\\/\\\/pans.krosno.pl\\\/fundusze-zewnetrzne\\\/#\\\/schema\\\/logo\\\/image\\\/\"}}]}<\/script>\n<!-- \/ Yoast SEO Premium plugin. -->","yoast_head_json":{"title":"Stawiam na nauk\u0119. Akademia m\u0142odego odkrywcy w PWSZ w Kro\u015bnie - O projekcie - Fundusze zewn\u0119trzne PANS w Kro\u015bnie","robots":{"index":"index","follow":"follow","max-snippet":"max-snippet:-1","max-image-preview":"max-image-preview:large","max-video-preview":"max-video-preview:-1"},"canonical":"https:\/\/pans.krosno.pl\/fundusze-zewnetrzne\/projekty-zrealizowane\/akademia-mlodego-odkrywcy-w-pwsz-w-krosnie\/akademia-mlodego-odkrywcy-w-pwsz-w-krosnie-o-projekcie\/","og_locale":"pl_PL","og_type":"article","og_title":"Stawiam na nauk\u0119. Akademia m\u0142odego odkrywcy w PWSZ w Kro\u015bnie - O projekcie","og_description":"G\u0142\u00f3wnym celem projektu pn. \u201eStawiam na nauk\u0119. Akademia m\u0142odego odkrywcy w PWSZ w Kro\u015bnie.\u201d nr POWR.03.01.00-00-U053\/17 jest podniesienie kompetencji w zakresie kreatywno\u015bci, krytycznego my\u015blenia, rozwi\u0105zywania problem\u00f3w, przedsi\u0119biorczo\u015bci, umiej\u0119tno\u015bci pos\u0142ugiwania si\u0119 j\u0119zykami obcymi, a tak\u017ce umiej\u0119tno\u015bci matematyczno-przyrodniczych uczestnik\u00f3w i uczestniczek projektu poprzez opracowanie program\u00f3w kszta\u0142cenia i realizacj\u0119 dzia\u0142a\u0144 dydaktycznych we wsp\u00f3\u0142pracy [\u2026] Read More","og_url":"https:\/\/pans.krosno.pl\/fundusze-zewnetrzne\/projekty-zrealizowane\/akademia-mlodego-odkrywcy-w-pwsz-w-krosnie\/akademia-mlodego-odkrywcy-w-pwsz-w-krosnie-o-projekcie\/","og_site_name":"Fundusze zewn\u0119trzne PANS w Kro\u015bnie","article_modified_time":"2022-05-25T07:24:05+00:00","og_image":[{"url":"https:\/\/pans.krosno.pl\/fundusze-europejskie-kursy\/wp-content\/uploads\/sites\/14\/2020\/05\/LOGO-KOLOR-23.jpg","type":"","width":"","height":""}],"twitter_card":"summary_large_image","twitter_misc":{"Szacowany czas czytania":"2 minuty"},"schema":{"@context":"https:\/\/schema.org","@graph":[{"@type":"WebPage","@id":"https:\/\/pans.krosno.pl\/fundusze-zewnetrzne\/projekty-zrealizowane\/akademia-mlodego-odkrywcy-w-pwsz-w-krosnie\/akademia-mlodego-odkrywcy-w-pwsz-w-krosnie-o-projekcie\/","url":"https:\/\/pans.krosno.pl\/fundusze-zewnetrzne\/projekty-zrealizowane\/akademia-mlodego-odkrywcy-w-pwsz-w-krosnie\/akademia-mlodego-odkrywcy-w-pwsz-w-krosnie-o-projekcie\/","name":"Stawiam na nauk\u0119. Akademia m\u0142odego odkrywcy w PWSZ w Kro\u015bnie - O projekcie - Fundusze zewn\u0119trzne PANS w Kro\u015bnie","isPartOf":{"@id":"https:\/\/pans.krosno.pl\/fundusze-zewnetrzne\/#website"},"primaryImageOfPage":{"@id":"https:\/\/pans.krosno.pl\/fundusze-zewnetrzne\/projekty-zrealizowane\/akademia-mlodego-odkrywcy-w-pwsz-w-krosnie\/akademia-mlodego-odkrywcy-w-pwsz-w-krosnie-o-projekcie\/#primaryimage"},"image":{"@id":"https:\/\/pans.krosno.pl\/fundusze-zewnetrzne\/projekty-zrealizowane\/akademia-mlodego-odkrywcy-w-pwsz-w-krosnie\/akademia-mlodego-odkrywcy-w-pwsz-w-krosnie-o-projekcie\/#primaryimage"},"thumbnailUrl":"https:\/\/pans.krosno.pl\/fundusze-europejskie-kursy\/wp-content\/uploads\/sites\/14\/2020\/05\/LOGO-KOLOR-23.jpg","datePublished":"2020-05-13T09:33:35+00:00","dateModified":"2022-05-25T07:24:05+00:00","breadcrumb":{"@id":"https:\/\/pans.krosno.pl\/fundusze-zewnetrzne\/projekty-zrealizowane\/akademia-mlodego-odkrywcy-w-pwsz-w-krosnie\/akademia-mlodego-odkrywcy-w-pwsz-w-krosnie-o-projekcie\/#breadcrumb"},"inLanguage":"pl-PL","potentialAction":[{"@type":"ReadAction","target":["https:\/\/pans.krosno.pl\/fundusze-zewnetrzne\/projekty-zrealizowane\/akademia-mlodego-odkrywcy-w-pwsz-w-krosnie\/akademia-mlodego-odkrywcy-w-pwsz-w-krosnie-o-projekcie\/"]}]},{"@type":"ImageObject","inLanguage":"pl-PL","@id":"https:\/\/pans.krosno.pl\/fundusze-zewnetrzne\/projekty-zrealizowane\/akademia-mlodego-odkrywcy-w-pwsz-w-krosnie\/akademia-mlodego-odkrywcy-w-pwsz-w-krosnie-o-projekcie\/#primaryimage","url":"https:\/\/pans.krosno.pl\/fundusze-europejskie-kursy\/wp-content\/uploads\/sites\/14\/2020\/05\/LOGO-KOLOR-23.jpg","contentUrl":"https:\/\/pans.krosno.pl\/fundusze-europejskie-kursy\/wp-content\/uploads\/sites\/14\/2020\/05\/LOGO-KOLOR-23.jpg"},{"@type":"BreadcrumbList","@id":"https:\/\/pans.krosno.pl\/fundusze-zewnetrzne\/projekty-zrealizowane\/akademia-mlodego-odkrywcy-w-pwsz-w-krosnie\/akademia-mlodego-odkrywcy-w-pwsz-w-krosnie-o-projekcie\/#breadcrumb","itemListElement":[{"@type":"ListItem","position":1,"name":"Strona g\u0142\u00f3wna","item":"https:\/\/pans.krosno.pl\/fundusze-zewnetrzne\/"},{"@type":"ListItem","position":2,"name":"Projekty zrealizowane","item":"https:\/\/pans.krosno.pl\/fundusze-zewnetrzne\/projekty-zrealizowane\/"},{"@type":"ListItem","position":3,"name":"Stawiam na nauk\u0119. Akademia m\u0142odego odkrywcy w PWSZ w Kro\u015bnie","item":"https:\/\/pans.krosno.pl\/fundusze-zewnetrzne\/projekty-zrealizowane\/akademia-mlodego-odkrywcy-w-pwsz-w-krosnie\/"},{"@type":"ListItem","position":4,"name":"Stawiam na nauk\u0119. Akademia m\u0142odego odkrywcy w PWSZ w Kro\u015bnie &#8211; O projekcie"}]},{"@type":"WebSite","@id":"https:\/\/pans.krosno.pl\/fundusze-zewnetrzne\/#website","url":"https:\/\/pans.krosno.pl\/fundusze-zewnetrzne\/","name":"Fundusze zewn\u0119trzne PANS w Kro\u015bnie","description":"Fundusze zewn\u0119trzne  - Pa\u0144stwowa Akademia Nauk Stosowanych","publisher":{"@id":"https:\/\/pans.krosno.pl\/fundusze-zewnetrzne\/#organization"},"potentialAction":[{"@type":"SearchAction","target":{"@type":"EntryPoint","urlTemplate":"https:\/\/pans.krosno.pl\/fundusze-zewnetrzne\/?s={search_term_string}"},"query-input":{"@type":"PropertyValueSpecification","valueRequired":true,"valueName":"search_term_string"}}],"inLanguage":"pl-PL"},{"@type":"Organization","@id":"https:\/\/pans.krosno.pl\/fundusze-zewnetrzne\/#organization","name":"Fundusze zewn\u0119trzne PANS w Kro\u015bnie","url":"https:\/\/pans.krosno.pl\/fundusze-zewnetrzne\/","logo":{"@type":"ImageObject","inLanguage":"pl-PL","@id":"https:\/\/pans.krosno.pl\/fundusze-zewnetrzne\/#\/schema\/logo\/image\/","url":"https:\/\/pans.krosno.pl\/fundusze-zewnetrzne\/wp-content\/uploads\/sites\/14\/2023\/01\/Logo-PANS-2022-pelne.png","contentUrl":"https:\/\/pans.krosno.pl\/fundusze-zewnetrzne\/wp-content\/uploads\/sites\/14\/2023\/01\/Logo-PANS-2022-pelne.png","width":3096,"height":696,"caption":"Fundusze zewn\u0119trzne PANS w Kro\u015bnie"},"image":{"@id":"https:\/\/pans.krosno.pl\/fundusze-zewnetrzne\/#\/schema\/logo\/image\/"}}]}},"_links":{"self":[{"href":"https:\/\/pans.krosno.pl\/fundusze-zewnetrzne\/wp-json\/wp\/v2\/pages\/91","targetHints":{"allow":["GET"]}}],"collection":[{"href":"https:\/\/pans.krosno.pl\/fundusze-zewnetrzne\/wp-json\/wp\/v2\/pages"}],"about":[{"href":"https:\/\/pans.krosno.pl\/fundusze-zewnetrzne\/wp-json\/wp\/v2\/types\/page"}],"author":[{"embeddable":true,"href":"https:\/\/pans.krosno.pl\/fundusze-zewnetrzne\/wp-json\/wp\/v2\/users\/27"}],"replies":[{"embeddable":true,"href":"https:\/\/pans.krosno.pl\/fundusze-zewnetrzne\/wp-json\/wp\/v2\/comments?post=91"}],"version-history":[{"count":10,"href":"https:\/\/pans.krosno.pl\/fundusze-zewnetrzne\/wp-json\/wp\/v2\/pages\/91\/revisions"}],"predecessor-version":[{"id":1539,"href":"https:\/\/pans.krosno.pl\/fundusze-zewnetrzne\/wp-json\/wp\/v2\/pages\/91\/revisions\/1539"}],"up":[{"embeddable":true,"href":"https:\/\/pans.krosno.pl\/fundusze-zewnetrzne\/wp-json\/wp\/v2\/pages\/92"}],"wp:attachment":[{"href":"https:\/\/pans.krosno.pl\/fundusze-zewnetrzne\/wp-json\/wp\/v2\/media?parent=91"}],"curies":[{"name":"wp","href":"https:\/\/api.w.org\/{rel}","templated":true}]}}