{"id":907,"date":"2020-05-13T19:52:49","date_gmt":"2020-05-13T17:52:49","guid":{"rendered":"https:\/\/pans.krosno.pl\/fundusze-europejskie-kursy\/?page_id=907"},"modified":"2022-05-25T09:39:37","modified_gmt":"2022-05-25T07:39:37","slug":"diagnostyka-w-sporcie-kluczem-do-sukcesow-polskich-i-slowackich-klubow-akademickich","status":"publish","type":"page","link":"https:\/\/pans.krosno.pl\/fundusze-zewnetrzne\/projekty-zrealizowane\/diagnostyka-w-sporcie-kluczem-do-sukcesow-polskich-i-slowackich-klubow-akademickich\/","title":{"rendered":"Diagnostyka w sporcie kluczem do sukces\u00f3w polskich i s\u0142owackich klub\u00f3w akademickich"},"content":{"rendered":"\n<p>Pa\u0144stwowa Wy\u017csza Szko\u0142a Zawodowa im. Stanis\u0142awa Pigonia i Uniwersytet Preszowski w Preszowie w ramach programu&nbsp;Wsp\u00f3\u0142pracy Transgranicznej Rzeczpospolita Polska &#8211; Republika S\u0142owacka 2007-2013 finansowanego z&nbsp; Europejskiego Funduszu Rozwoju Regionalnego (EFRR)&nbsp;wsp\u00f3lnie realizowali projekt \u201eDiagnostyka w sporcie kluczem do sukces\u00f3w polskich i s\u0142owackich klub\u00f3w akademickich\u201d.<\/p>\n\n\n\n<p>Projekt realizowany by\u0142 od marca do grudnia 2013 r.<\/p>\n\n\n\n<p>G\u0142\u00f3wnym celem projektu, w my\u015bl za\u0142o\u017ce\u0144 okre\u015blonych dla III osi priorytetowej programu, &nbsp;by\u0142o wzmocnienie wsp\u00f3\u0142pracy pomi\u0119dzy uczelniami obu kraj\u00f3w oraz spo\u0142eczno\u015bci\u0105 akademick\u0105 obszaru pogranicza.<\/p>\n\n\n\n<p>Projekt zak\u0142ada\u0142 tak\u017ce wymian\u0119 do\u015bwiadcze\u0144 oraz zacie\u015bnienie wsp\u00f3\u0142pracy o\u015brodk\u00f3w akademickich i akademickich klub\u00f3w sportowych obszaru pogranicza w zakresie wzrostu poziomu sportowego oraz&nbsp; w zakresie przeciwdzia\u0142ania zagro\u017ceniom i obni\u017cania poziomu ryzyka zachorowa\u0144 na choroby cywilizacyjne.<\/p>\n\n\n\n<p>G\u0142\u00f3wnymi&nbsp;adresatami projektu byli cz\u0142onkowie akademickich klub\u00f3w sportowych, trenerzy i wyk\u0142adowcy pracuj\u0105cy z m\u0142odzie\u017c\u0105 akademick\u0105, zawodnicy, studenci&nbsp; dzia\u0142aj\u0105cych po obu stronach granicy.<\/p>\n\n\n\n<p>Realizacja projektu obejmowa\u0142a wdro\u017cenie nast\u0119puj\u0105cych dzia\u0142a\u0144:<\/p>\n\n\n\n<p>&#8211; przeprowadzanie systematycznych&nbsp;&nbsp;bada\u0144 diagnostycznych, powi\u0105zanych z&nbsp;edukacj\u0105,<\/p>\n\n\n\n<p>&#8211; organizacj\u0119 oboz\u00f3w siatkarskich w Preszowie,<\/p>\n\n\n\n<p>&#8211; organizacj\u0119 obozu futsalu w Kro\u015bnie,<\/p>\n\n\n\n<p>&#8211; organizacj\u0119 Festiwalu Sportu Akademickiego w Kro\u015bnie,<\/p>\n\n\n\n<p>&#8211; organizacj\u0119 konferencji naukowej w Preszowie,<\/p>\n\n\n\n<p>&#8211; przygotowanie i druk publikacji.<\/p>\n\n\n\n<p>Biuro projektu:<\/p>\n\n\n\n<p>Pa\u0144stwowa Wy\u017csza Szko\u0142a Zawodowa im. Stanis\u0142awa Pigonia w Kro\u015bnie<br>38-400 Krosno<br>Rynek 1, pok . 1<br>tel: 13 43 755 12<br>krystyna.tomkiewicz@pans.krosno.pl<\/p>\n\n\n\n<figure class=\"wp-block-image size-large\"><img loading=\"lazy\" decoding=\"async\" width=\"666\" height=\"131\" src=\"https:\/\/pans.krosno.pl\/fundusze-europejskie-kursy\/wp-content\/uploads\/sites\/14\/2020\/05\/logo02.jpg\" alt=\"\" class=\"wp-image-909\" srcset=\"https:\/\/pans.krosno.pl\/fundusze-zewnetrzne\/wp-content\/uploads\/sites\/14\/2020\/05\/logo02.jpg 666w, https:\/\/pans.krosno.pl\/fundusze-zewnetrzne\/wp-content\/uploads\/sites\/14\/2020\/05\/logo02-300x59.jpg 300w, https:\/\/pans.krosno.pl\/fundusze-zewnetrzne\/wp-content\/uploads\/sites\/14\/2020\/05\/logo02-580x114.jpg 580w\" sizes=\"auto, (max-width: 666px) 100vw, 666px\" \/><\/figure>\n\n\n\n<p>Projekt wsp\u00f3\u0142finansowany przez Uni\u0119&nbsp;Europejsk\u0105&nbsp;z Europejskiego Funduszu&nbsp;Rozwoju Regionalnego oraz z bud\u017cetu pa\u0144stwa&nbsp;za po\u015brednictwem Euroregionu Karpackiego w ramach Programu Wsp\u00f3\u0142pracy&nbsp;Transgranicznej Rzeczpospolita Polska \u2013&nbsp;Republika S\u0142owacka 2007-2013<\/p>\n","protected":false},"excerpt":{"rendered":"<p>Pa\u0144stwowa Wy\u017csza Szko\u0142a Zawodowa im. Stanis\u0142awa Pigonia i Uniwersytet Preszowski w Preszowie w ramach programu&nbsp;Wsp\u00f3\u0142pracy Transgranicznej Rzeczpospolita Polska &#8211; Republika S\u0142owacka 2007-2013 finansowanego z&nbsp; Europejskiego Funduszu Rozwoju Regionalnego (EFRR)&nbsp;wsp\u00f3lnie realizowali projekt \u201eDiagnostyka w sporcie kluczem do sukces\u00f3w polskich i s\u0142owackich klub\u00f3w akademickich\u201d. Projekt realizowany by\u0142 od marca do grudnia 2013 [\u2026] <\/p>\n<div class=\"clear\"><\/div>\n<p><a class=\"more_link clearfix\" href=\"https:\/\/pans.krosno.pl\/fundusze-zewnetrzne\/projekty-zrealizowane\/diagnostyka-w-sporcie-kluczem-do-sukcesow-polskich-i-slowackich-klubow-akademickich\/\" rel=\"nofollow\">Read More<\/a><\/p>\n","protected":false},"author":27,"featured_media":0,"parent":13,"menu_order":0,"comment_status":"closed","ping_status":"closed","template":"page-templates\/template-full-width.php","meta":{"ngg_post_thumbnail":0,"footnotes":""},"class_list":["post-907","page","type-page","status-publish","hentry"],"yoast_head":"<!-- This site is optimized with the Yoast SEO Premium plugin v27.3 (Yoast SEO v27.3) - https:\/\/yoast.com\/product\/yoast-seo-premium-wordpress\/ -->\n<title>Diagnostyka w sporcie kluczem do sukces\u00f3w polskich i s\u0142owackich klub\u00f3w akademickich - Fundusze zewn\u0119trzne PANS w Kro\u015bnie<\/title>\n<meta name=\"robots\" content=\"index, follow, max-snippet:-1, max-image-preview:large, max-video-preview:-1\" \/>\n<link rel=\"canonical\" href=\"https:\/\/pans.krosno.pl\/fundusze-zewnetrzne\/projekty-zrealizowane\/diagnostyka-w-sporcie-kluczem-do-sukcesow-polskich-i-slowackich-klubow-akademickich\/\" \/>\n<meta property=\"og:locale\" content=\"pl_PL\" \/>\n<meta property=\"og:type\" content=\"article\" \/>\n<meta property=\"og:title\" content=\"Diagnostyka w sporcie kluczem do sukces\u00f3w polskich i s\u0142owackich klub\u00f3w akademickich\" \/>\n<meta property=\"og:description\" content=\"Pa\u0144stwowa Wy\u017csza Szko\u0142a Zawodowa im. Stanis\u0142awa Pigonia i Uniwersytet Preszowski w Preszowie w ramach programu&nbsp;Wsp\u00f3\u0142pracy Transgranicznej Rzeczpospolita Polska &#8211; Republika S\u0142owacka 2007-2013 finansowanego z&nbsp; Europejskiego Funduszu Rozwoju Regionalnego (EFRR)&nbsp;wsp\u00f3lnie realizowali projekt \u201eDiagnostyka w sporcie kluczem do sukces\u00f3w polskich i s\u0142owackich klub\u00f3w akademickich\u201d. Projekt realizowany by\u0142 od marca do grudnia 2013 [\u2026] Read More\" \/>\n<meta property=\"og:url\" content=\"https:\/\/pans.krosno.pl\/fundusze-zewnetrzne\/projekty-zrealizowane\/diagnostyka-w-sporcie-kluczem-do-sukcesow-polskich-i-slowackich-klubow-akademickich\/\" \/>\n<meta property=\"og:site_name\" content=\"Fundusze zewn\u0119trzne PANS w Kro\u015bnie\" \/>\n<meta property=\"article:modified_time\" content=\"2022-05-25T07:39:37+00:00\" \/>\n<meta property=\"og:image\" content=\"https:\/\/pans.krosno.pl\/fundusze-europejskie-kursy\/wp-content\/uploads\/sites\/14\/2020\/05\/logo02.jpg\" \/>\n<meta name=\"twitter:card\" content=\"summary_large_image\" \/>\n<meta name=\"twitter:label1\" content=\"Szacowany czas czytania\" \/>\n\t<meta name=\"twitter:data1\" content=\"2 minuty\" \/>\n<script type=\"application\/ld+json\" class=\"yoast-schema-graph\">{\"@context\":\"https:\\\/\\\/schema.org\",\"@graph\":[{\"@type\":\"WebPage\",\"@id\":\"https:\\\/\\\/pans.krosno.pl\\\/fundusze-zewnetrzne\\\/projekty-zrealizowane\\\/diagnostyka-w-sporcie-kluczem-do-sukcesow-polskich-i-slowackich-klubow-akademickich\\\/\",\"url\":\"https:\\\/\\\/pans.krosno.pl\\\/fundusze-zewnetrzne\\\/projekty-zrealizowane\\\/diagnostyka-w-sporcie-kluczem-do-sukcesow-polskich-i-slowackich-klubow-akademickich\\\/\",\"name\":\"Diagnostyka w sporcie kluczem do sukces\u00f3w polskich i s\u0142owackich klub\u00f3w akademickich - Fundusze zewn\u0119trzne PANS w Kro\u015bnie\",\"isPartOf\":{\"@id\":\"https:\\\/\\\/pans.krosno.pl\\\/fundusze-zewnetrzne\\\/#website\"},\"primaryImageOfPage\":{\"@id\":\"https:\\\/\\\/pans.krosno.pl\\\/fundusze-zewnetrzne\\\/projekty-zrealizowane\\\/diagnostyka-w-sporcie-kluczem-do-sukcesow-polskich-i-slowackich-klubow-akademickich\\\/#primaryimage\"},\"image\":{\"@id\":\"https:\\\/\\\/pans.krosno.pl\\\/fundusze-zewnetrzne\\\/projekty-zrealizowane\\\/diagnostyka-w-sporcie-kluczem-do-sukcesow-polskich-i-slowackich-klubow-akademickich\\\/#primaryimage\"},\"thumbnailUrl\":\"https:\\\/\\\/pans.krosno.pl\\\/fundusze-europejskie-kursy\\\/wp-content\\\/uploads\\\/sites\\\/14\\\/2020\\\/05\\\/logo02.jpg\",\"datePublished\":\"2020-05-13T17:52:49+00:00\",\"dateModified\":\"2022-05-25T07:39:37+00:00\",\"breadcrumb\":{\"@id\":\"https:\\\/\\\/pans.krosno.pl\\\/fundusze-zewnetrzne\\\/projekty-zrealizowane\\\/diagnostyka-w-sporcie-kluczem-do-sukcesow-polskich-i-slowackich-klubow-akademickich\\\/#breadcrumb\"},\"inLanguage\":\"pl-PL\",\"potentialAction\":[{\"@type\":\"ReadAction\",\"target\":[\"https:\\\/\\\/pans.krosno.pl\\\/fundusze-zewnetrzne\\\/projekty-zrealizowane\\\/diagnostyka-w-sporcie-kluczem-do-sukcesow-polskich-i-slowackich-klubow-akademickich\\\/\"]}]},{\"@type\":\"ImageObject\",\"inLanguage\":\"pl-PL\",\"@id\":\"https:\\\/\\\/pans.krosno.pl\\\/fundusze-zewnetrzne\\\/projekty-zrealizowane\\\/diagnostyka-w-sporcie-kluczem-do-sukcesow-polskich-i-slowackich-klubow-akademickich\\\/#primaryimage\",\"url\":\"https:\\\/\\\/pans.krosno.pl\\\/fundusze-europejskie-kursy\\\/wp-content\\\/uploads\\\/sites\\\/14\\\/2020\\\/05\\\/logo02.jpg\",\"contentUrl\":\"https:\\\/\\\/pans.krosno.pl\\\/fundusze-europejskie-kursy\\\/wp-content\\\/uploads\\\/sites\\\/14\\\/2020\\\/05\\\/logo02.jpg\"},{\"@type\":\"BreadcrumbList\",\"@id\":\"https:\\\/\\\/pans.krosno.pl\\\/fundusze-zewnetrzne\\\/projekty-zrealizowane\\\/diagnostyka-w-sporcie-kluczem-do-sukcesow-polskich-i-slowackich-klubow-akademickich\\\/#breadcrumb\",\"itemListElement\":[{\"@type\":\"ListItem\",\"position\":1,\"name\":\"Strona g\u0142\u00f3wna\",\"item\":\"https:\\\/\\\/pans.krosno.pl\\\/fundusze-zewnetrzne\\\/\"},{\"@type\":\"ListItem\",\"position\":2,\"name\":\"Projekty zrealizowane\",\"item\":\"https:\\\/\\\/pans.krosno.pl\\\/fundusze-zewnetrzne\\\/projekty-zrealizowane\\\/\"},{\"@type\":\"ListItem\",\"position\":3,\"name\":\"Diagnostyka w sporcie kluczem do sukces\u00f3w polskich i s\u0142owackich klub\u00f3w akademickich\"}]},{\"@type\":\"WebSite\",\"@id\":\"https:\\\/\\\/pans.krosno.pl\\\/fundusze-zewnetrzne\\\/#website\",\"url\":\"https:\\\/\\\/pans.krosno.pl\\\/fundusze-zewnetrzne\\\/\",\"name\":\"Fundusze zewn\u0119trzne PANS w Kro\u015bnie\",\"description\":\"Fundusze zewn\u0119trzne  - Pa\u0144stwowa Akademia Nauk Stosowanych\",\"publisher\":{\"@id\":\"https:\\\/\\\/pans.krosno.pl\\\/fundusze-zewnetrzne\\\/#organization\"},\"potentialAction\":[{\"@type\":\"SearchAction\",\"target\":{\"@type\":\"EntryPoint\",\"urlTemplate\":\"https:\\\/\\\/pans.krosno.pl\\\/fundusze-zewnetrzne\\\/?s={search_term_string}\"},\"query-input\":{\"@type\":\"PropertyValueSpecification\",\"valueRequired\":true,\"valueName\":\"search_term_string\"}}],\"inLanguage\":\"pl-PL\"},{\"@type\":\"Organization\",\"@id\":\"https:\\\/\\\/pans.krosno.pl\\\/fundusze-zewnetrzne\\\/#organization\",\"name\":\"Fundusze zewn\u0119trzne PANS w Kro\u015bnie\",\"url\":\"https:\\\/\\\/pans.krosno.pl\\\/fundusze-zewnetrzne\\\/\",\"logo\":{\"@type\":\"ImageObject\",\"inLanguage\":\"pl-PL\",\"@id\":\"https:\\\/\\\/pans.krosno.pl\\\/fundusze-zewnetrzne\\\/#\\\/schema\\\/logo\\\/image\\\/\",\"url\":\"https:\\\/\\\/pans.krosno.pl\\\/fundusze-zewnetrzne\\\/wp-content\\\/uploads\\\/sites\\\/14\\\/2023\\\/01\\\/Logo-PANS-2022-pelne.png\",\"contentUrl\":\"https:\\\/\\\/pans.krosno.pl\\\/fundusze-zewnetrzne\\\/wp-content\\\/uploads\\\/sites\\\/14\\\/2023\\\/01\\\/Logo-PANS-2022-pelne.png\",\"width\":3096,\"height\":696,\"caption\":\"Fundusze zewn\u0119trzne PANS w Kro\u015bnie\"},\"image\":{\"@id\":\"https:\\\/\\\/pans.krosno.pl\\\/fundusze-zewnetrzne\\\/#\\\/schema\\\/logo\\\/image\\\/\"}}]}<\/script>\n<!-- \/ Yoast SEO Premium plugin. -->","yoast_head_json":{"title":"Diagnostyka w sporcie kluczem do sukces\u00f3w polskich i s\u0142owackich klub\u00f3w akademickich - Fundusze zewn\u0119trzne PANS w Kro\u015bnie","robots":{"index":"index","follow":"follow","max-snippet":"max-snippet:-1","max-image-preview":"max-image-preview:large","max-video-preview":"max-video-preview:-1"},"canonical":"https:\/\/pans.krosno.pl\/fundusze-zewnetrzne\/projekty-zrealizowane\/diagnostyka-w-sporcie-kluczem-do-sukcesow-polskich-i-slowackich-klubow-akademickich\/","og_locale":"pl_PL","og_type":"article","og_title":"Diagnostyka w sporcie kluczem do sukces\u00f3w polskich i s\u0142owackich klub\u00f3w akademickich","og_description":"Pa\u0144stwowa Wy\u017csza Szko\u0142a Zawodowa im. Stanis\u0142awa Pigonia i Uniwersytet Preszowski w Preszowie w ramach programu&nbsp;Wsp\u00f3\u0142pracy Transgranicznej Rzeczpospolita Polska &#8211; Republika S\u0142owacka 2007-2013 finansowanego z&nbsp; Europejskiego Funduszu Rozwoju Regionalnego (EFRR)&nbsp;wsp\u00f3lnie realizowali projekt \u201eDiagnostyka w sporcie kluczem do sukces\u00f3w polskich i s\u0142owackich klub\u00f3w akademickich\u201d. Projekt realizowany by\u0142 od marca do grudnia 2013 [\u2026] Read More","og_url":"https:\/\/pans.krosno.pl\/fundusze-zewnetrzne\/projekty-zrealizowane\/diagnostyka-w-sporcie-kluczem-do-sukcesow-polskich-i-slowackich-klubow-akademickich\/","og_site_name":"Fundusze zewn\u0119trzne PANS w Kro\u015bnie","article_modified_time":"2022-05-25T07:39:37+00:00","og_image":[{"url":"https:\/\/pans.krosno.pl\/fundusze-europejskie-kursy\/wp-content\/uploads\/sites\/14\/2020\/05\/logo02.jpg","type":"","width":"","height":""}],"twitter_card":"summary_large_image","twitter_misc":{"Szacowany czas czytania":"2 minuty"},"schema":{"@context":"https:\/\/schema.org","@graph":[{"@type":"WebPage","@id":"https:\/\/pans.krosno.pl\/fundusze-zewnetrzne\/projekty-zrealizowane\/diagnostyka-w-sporcie-kluczem-do-sukcesow-polskich-i-slowackich-klubow-akademickich\/","url":"https:\/\/pans.krosno.pl\/fundusze-zewnetrzne\/projekty-zrealizowane\/diagnostyka-w-sporcie-kluczem-do-sukcesow-polskich-i-slowackich-klubow-akademickich\/","name":"Diagnostyka w sporcie kluczem do sukces\u00f3w polskich i s\u0142owackich klub\u00f3w akademickich - Fundusze zewn\u0119trzne PANS w Kro\u015bnie","isPartOf":{"@id":"https:\/\/pans.krosno.pl\/fundusze-zewnetrzne\/#website"},"primaryImageOfPage":{"@id":"https:\/\/pans.krosno.pl\/fundusze-zewnetrzne\/projekty-zrealizowane\/diagnostyka-w-sporcie-kluczem-do-sukcesow-polskich-i-slowackich-klubow-akademickich\/#primaryimage"},"image":{"@id":"https:\/\/pans.krosno.pl\/fundusze-zewnetrzne\/projekty-zrealizowane\/diagnostyka-w-sporcie-kluczem-do-sukcesow-polskich-i-slowackich-klubow-akademickich\/#primaryimage"},"thumbnailUrl":"https:\/\/pans.krosno.pl\/fundusze-europejskie-kursy\/wp-content\/uploads\/sites\/14\/2020\/05\/logo02.jpg","datePublished":"2020-05-13T17:52:49+00:00","dateModified":"2022-05-25T07:39:37+00:00","breadcrumb":{"@id":"https:\/\/pans.krosno.pl\/fundusze-zewnetrzne\/projekty-zrealizowane\/diagnostyka-w-sporcie-kluczem-do-sukcesow-polskich-i-slowackich-klubow-akademickich\/#breadcrumb"},"inLanguage":"pl-PL","potentialAction":[{"@type":"ReadAction","target":["https:\/\/pans.krosno.pl\/fundusze-zewnetrzne\/projekty-zrealizowane\/diagnostyka-w-sporcie-kluczem-do-sukcesow-polskich-i-slowackich-klubow-akademickich\/"]}]},{"@type":"ImageObject","inLanguage":"pl-PL","@id":"https:\/\/pans.krosno.pl\/fundusze-zewnetrzne\/projekty-zrealizowane\/diagnostyka-w-sporcie-kluczem-do-sukcesow-polskich-i-slowackich-klubow-akademickich\/#primaryimage","url":"https:\/\/pans.krosno.pl\/fundusze-europejskie-kursy\/wp-content\/uploads\/sites\/14\/2020\/05\/logo02.jpg","contentUrl":"https:\/\/pans.krosno.pl\/fundusze-europejskie-kursy\/wp-content\/uploads\/sites\/14\/2020\/05\/logo02.jpg"},{"@type":"BreadcrumbList","@id":"https:\/\/pans.krosno.pl\/fundusze-zewnetrzne\/projekty-zrealizowane\/diagnostyka-w-sporcie-kluczem-do-sukcesow-polskich-i-slowackich-klubow-akademickich\/#breadcrumb","itemListElement":[{"@type":"ListItem","position":1,"name":"Strona g\u0142\u00f3wna","item":"https:\/\/pans.krosno.pl\/fundusze-zewnetrzne\/"},{"@type":"ListItem","position":2,"name":"Projekty zrealizowane","item":"https:\/\/pans.krosno.pl\/fundusze-zewnetrzne\/projekty-zrealizowane\/"},{"@type":"ListItem","position":3,"name":"Diagnostyka w sporcie kluczem do sukces\u00f3w polskich i s\u0142owackich klub\u00f3w akademickich"}]},{"@type":"WebSite","@id":"https:\/\/pans.krosno.pl\/fundusze-zewnetrzne\/#website","url":"https:\/\/pans.krosno.pl\/fundusze-zewnetrzne\/","name":"Fundusze zewn\u0119trzne PANS w Kro\u015bnie","description":"Fundusze zewn\u0119trzne  - Pa\u0144stwowa Akademia Nauk Stosowanych","publisher":{"@id":"https:\/\/pans.krosno.pl\/fundusze-zewnetrzne\/#organization"},"potentialAction":[{"@type":"SearchAction","target":{"@type":"EntryPoint","urlTemplate":"https:\/\/pans.krosno.pl\/fundusze-zewnetrzne\/?s={search_term_string}"},"query-input":{"@type":"PropertyValueSpecification","valueRequired":true,"valueName":"search_term_string"}}],"inLanguage":"pl-PL"},{"@type":"Organization","@id":"https:\/\/pans.krosno.pl\/fundusze-zewnetrzne\/#organization","name":"Fundusze zewn\u0119trzne PANS w Kro\u015bnie","url":"https:\/\/pans.krosno.pl\/fundusze-zewnetrzne\/","logo":{"@type":"ImageObject","inLanguage":"pl-PL","@id":"https:\/\/pans.krosno.pl\/fundusze-zewnetrzne\/#\/schema\/logo\/image\/","url":"https:\/\/pans.krosno.pl\/fundusze-zewnetrzne\/wp-content\/uploads\/sites\/14\/2023\/01\/Logo-PANS-2022-pelne.png","contentUrl":"https:\/\/pans.krosno.pl\/fundusze-zewnetrzne\/wp-content\/uploads\/sites\/14\/2023\/01\/Logo-PANS-2022-pelne.png","width":3096,"height":696,"caption":"Fundusze zewn\u0119trzne PANS w Kro\u015bnie"},"image":{"@id":"https:\/\/pans.krosno.pl\/fundusze-zewnetrzne\/#\/schema\/logo\/image\/"}}]}},"_links":{"self":[{"href":"https:\/\/pans.krosno.pl\/fundusze-zewnetrzne\/wp-json\/wp\/v2\/pages\/907","targetHints":{"allow":["GET"]}}],"collection":[{"href":"https:\/\/pans.krosno.pl\/fundusze-zewnetrzne\/wp-json\/wp\/v2\/pages"}],"about":[{"href":"https:\/\/pans.krosno.pl\/fundusze-zewnetrzne\/wp-json\/wp\/v2\/types\/page"}],"author":[{"embeddable":true,"href":"https:\/\/pans.krosno.pl\/fundusze-zewnetrzne\/wp-json\/wp\/v2\/users\/27"}],"replies":[{"embeddable":true,"href":"https:\/\/pans.krosno.pl\/fundusze-zewnetrzne\/wp-json\/wp\/v2\/comments?post=907"}],"version-history":[{"count":3,"href":"https:\/\/pans.krosno.pl\/fundusze-zewnetrzne\/wp-json\/wp\/v2\/pages\/907\/revisions"}],"predecessor-version":[{"id":3253,"href":"https:\/\/pans.krosno.pl\/fundusze-zewnetrzne\/wp-json\/wp\/v2\/pages\/907\/revisions\/3253"}],"up":[{"embeddable":true,"href":"https:\/\/pans.krosno.pl\/fundusze-zewnetrzne\/wp-json\/wp\/v2\/pages\/13"}],"wp:attachment":[{"href":"https:\/\/pans.krosno.pl\/fundusze-zewnetrzne\/wp-json\/wp\/v2\/media?parent=907"}],"curies":[{"name":"wp","href":"https:\/\/api.w.org\/{rel}","templated":true}]}}