{"id":903,"date":"2020-05-13T19:51:05","date_gmt":"2020-05-13T17:51:05","guid":{"rendered":"https:\/\/pans.krosno.pl\/fundusze-europejskie-kursy\/?page_id=903"},"modified":"2022-05-25T09:38:47","modified_gmt":"2022-05-25T07:38:47","slug":"promocja-manufaktury-szklanej-jako-dziedzictwa-regionu-podkarpackiego","status":"publish","type":"page","link":"https:\/\/pans.krosno.pl\/fundusze-zewnetrzne\/projekty-zrealizowane\/promocja-manufaktury-szklanej-jako-dziedzictwa-regionu-podkarpackiego\/","title":{"rendered":"Promocja manufaktury szklanej jako dziedzictwa regionu podkarpackiego"},"content":{"rendered":"\n<figure class=\"wp-block-image size-large\"><img loading=\"lazy\" decoding=\"async\" width=\"711\" height=\"151\" src=\"https:\/\/pans.krosno.pl\/fundusze-europejskie-kursy\/wp-content\/uploads\/sites\/14\/2020\/05\/swisscontribution.jpg\" alt=\"\" class=\"wp-image-904\" srcset=\"https:\/\/pans.krosno.pl\/fundusze-zewnetrzne\/wp-content\/uploads\/sites\/14\/2020\/05\/swisscontribution.jpg 711w, https:\/\/pans.krosno.pl\/fundusze-zewnetrzne\/wp-content\/uploads\/sites\/14\/2020\/05\/swisscontribution-300x64.jpg 300w, https:\/\/pans.krosno.pl\/fundusze-zewnetrzne\/wp-content\/uploads\/sites\/14\/2020\/05\/swisscontribution-580x123.jpg 580w\" sizes=\"auto, (max-width: 711px) 100vw, 711px\" \/><\/figure>\n\n\n\n<p>Pa\u0144stwowa Wy\u017csza Szko\u0142a Zawodowa im. Stanis\u0142awa Pigonia w Kro\u015bnie&nbsp;&nbsp;i Centrum Dziedzictwa Szk\u0142a sp. z o.o. w ramach&nbsp;&nbsp;programu \u201eAlpejsko \u2013 Karpacki Most Wsp\u00f3\u0142pracy\u201d&nbsp;&nbsp;wsp\u00f3\u0142finansowanego przez Szwajcari\u0119 w ramach szwajcarskiego programu wsp\u00f3\u0142pracy z nowymi krajami cz\u0142onkowskimi Unii Europejskiej zrealizowa\u0142y projekt&nbsp;<strong><em>\u201ePromocja manufaktury szklanej jako dziedzictwa regionu podkarpackiego\u201d.<\/em><\/strong><\/p>\n\n\n\n<p>Projekt realizowany by\u0142 w terminie od 1 lutego 2014 r. do 31 maja 2014 r.<\/p>\n\n\n\n<p>Projekt koncentrowa\u0142 si\u0119 na podniesieniu wiedzy i edukacji m\u0142odzie\u017cy Krosna i jego najbli\u017cszych okolic oraz student\u00f3w studiuj\u0105cych w Pa\u0144stwowej Wy\u017cszej Szkole Zawodowej im. Stanis\u0142awa Pigonia w Kro\u015bnie na temat produkcji wyrob\u00f3w szklanych i ich udzia\u0142u<br>w promocji. Historia hutnictwa w Kro\u015bnie si\u0119ga lat dwudziestych ubieg\u0142ego wieku. Jeszcze do niedawna huty szk\u0142a stanowi\u0142y podstawowe zatrudnienie dla wielu mieszka\u0144c\u00f3w Krosna i okolic. Obecnie na terenie Krosna i jego najbli\u017cszych okolic funkcjonuje wiele firm zajmuj\u0105cych si\u0119 produkcj\u0105 szk\u0142a u\u017cytkowego oraz artystycznego. Jednocze\u015bnie na tym terenie brakuje szk\u00f3\u0142 przygotowuj\u0105cych m\u0142odych ludzi do zawodu hutnika. Jedynym cennym \u017ar\u00f3d\u0142em informacji odno\u015bnie tradycyjnych metod wytwarzania produkt\u00f3w szklanych jest&nbsp;&nbsp;mieszcz\u0105cy si\u0119 na terenie Krosna jest interaktywny obiekt turystyczno \u2013 kulturalny centrum Dziedzictwa Szk\u0142a, kt\u00f3re propaguje w\u015br\u00f3d mieszka\u0144c\u00f3w kultur\u0119 i produkcj\u0119 szk\u0142a poprzez liczne warsztaty obr\u00f3bki i zdobienia szk\u0142a. Potrzeba realizacji projektu wynika z konieczno\u015bci podniesienia \u015bwiadomo\u015bci m\u0142odych ludzi o warto\u015bci produkt\u00f3w szklanych, jako wyrob\u00f3w regionalnych, kt\u00f3re nale\u017c\u0105 do tradycji przemys\u0142owej Krosna i regionu podkarpackiego.<\/p>\n\n\n\n<p>W ramach projektu zaplanowano realizuj\u0119 nast\u0119puj\u0105cych zada\u0144:<\/p>\n\n\n\n<p>&#8211; warsztaty pokazowe dla m\u0142odzie\u017cy szkolnej maj\u0105ce na celu przybli\u017cenie praktycznej wiedzy dotycz\u0105cej produkcji wyrob\u00f3w ze szk\u0142a,<\/p>\n\n\n\n<p>&#8211; wyk\u0142ady dla spo\u0142eczno\u015bci akademickiej Pa\u0144stwowej Wy\u017cszej Szko\u0142y Zawodowej im. Stanis\u0142awa Pigonia w Kro\u015bnie,<\/p>\n\n\n\n<p>&#8211; kampania wyrob\u00f3w szklanych jako produktu regionalnego.<\/p>\n\n\n\n<p><sub>Projekt wsp\u00f3\u0142finansowany przez Szwajcari\u0119 w ramach szwajcarskiego programu wsp\u00f3\u0142pracy z nowymi krajami cz\u0142onkowskimi Unii Europejskiej<\/sub><\/p>\n\n\n\n<figure class=\"wp-block-image size-large\"><img loading=\"lazy\" decoding=\"async\" width=\"1024\" height=\"111\" src=\"https:\/\/pans.krosno.pl\/fundusze-europejskie-kursy\/wp-content\/uploads\/sites\/14\/2020\/05\/Bez-tytu\u0142ubio-1024x111.png\" alt=\"\" class=\"wp-image-905\" srcset=\"https:\/\/pans.krosno.pl\/fundusze-zewnetrzne\/wp-content\/uploads\/sites\/14\/2020\/05\/Bez-tytu\u0142ubio-1024x111.png 1024w, https:\/\/pans.krosno.pl\/fundusze-zewnetrzne\/wp-content\/uploads\/sites\/14\/2020\/05\/Bez-tytu\u0142ubio-300x33.png 300w, https:\/\/pans.krosno.pl\/fundusze-zewnetrzne\/wp-content\/uploads\/sites\/14\/2020\/05\/Bez-tytu\u0142ubio-768x83.png 768w, https:\/\/pans.krosno.pl\/fundusze-zewnetrzne\/wp-content\/uploads\/sites\/14\/2020\/05\/Bez-tytu\u0142ubio-800x87.png 800w, https:\/\/pans.krosno.pl\/fundusze-zewnetrzne\/wp-content\/uploads\/sites\/14\/2020\/05\/Bez-tytu\u0142ubio-580x63.png 580w, https:\/\/pans.krosno.pl\/fundusze-zewnetrzne\/wp-content\/uploads\/sites\/14\/2020\/05\/Bez-tytu\u0142ubio.png 1105w\" sizes=\"auto, (max-width: 1024px) 100vw, 1024px\" \/><\/figure>\n\n\n\n<p><\/p>\n","protected":false},"excerpt":{"rendered":"<p>Pa\u0144stwowa Wy\u017csza Szko\u0142a Zawodowa im. Stanis\u0142awa Pigonia w Kro\u015bnie&nbsp;&nbsp;i Centrum Dziedzictwa Szk\u0142a sp. z o.o. w ramach&nbsp;&nbsp;programu \u201eAlpejsko \u2013 Karpacki Most Wsp\u00f3\u0142pracy\u201d&nbsp;&nbsp;wsp\u00f3\u0142finansowanego przez Szwajcari\u0119 w ramach szwajcarskiego programu wsp\u00f3\u0142pracy z nowymi krajami cz\u0142onkowskimi Unii Europejskiej zrealizowa\u0142y projekt&nbsp;\u201ePromocja manufaktury szklanej jako dziedzictwa regionu podkarpackiego\u201d. Projekt realizowany by\u0142 w terminie od 1 [\u2026] <\/p>\n<div class=\"clear\"><\/div>\n<p><a class=\"more_link clearfix\" href=\"https:\/\/pans.krosno.pl\/fundusze-zewnetrzne\/projekty-zrealizowane\/promocja-manufaktury-szklanej-jako-dziedzictwa-regionu-podkarpackiego\/\" rel=\"nofollow\">Read More<\/a><\/p>\n","protected":false},"author":27,"featured_media":0,"parent":13,"menu_order":0,"comment_status":"closed","ping_status":"closed","template":"page-templates\/template-full-width.php","meta":{"ngg_post_thumbnail":0,"footnotes":""},"class_list":["post-903","page","type-page","status-publish","hentry"],"yoast_head":"<!-- This site is optimized with the Yoast SEO Premium plugin v27.3 (Yoast SEO v27.3) - https:\/\/yoast.com\/product\/yoast-seo-premium-wordpress\/ -->\n<title>Promocja manufaktury szklanej jako dziedzictwa regionu podkarpackiego - Fundusze zewn\u0119trzne PANS w Kro\u015bnie<\/title>\n<meta name=\"robots\" content=\"index, follow, max-snippet:-1, max-image-preview:large, max-video-preview:-1\" \/>\n<link rel=\"canonical\" href=\"https:\/\/pans.krosno.pl\/fundusze-zewnetrzne\/projekty-zrealizowane\/promocja-manufaktury-szklanej-jako-dziedzictwa-regionu-podkarpackiego\/\" \/>\n<meta property=\"og:locale\" content=\"pl_PL\" \/>\n<meta property=\"og:type\" content=\"article\" \/>\n<meta property=\"og:title\" content=\"Promocja manufaktury szklanej jako dziedzictwa regionu podkarpackiego\" \/>\n<meta property=\"og:description\" content=\"Pa\u0144stwowa Wy\u017csza Szko\u0142a Zawodowa im. Stanis\u0142awa Pigonia w Kro\u015bnie&nbsp;&nbsp;i Centrum Dziedzictwa Szk\u0142a sp. z o.o. w ramach&nbsp;&nbsp;programu \u201eAlpejsko \u2013 Karpacki Most Wsp\u00f3\u0142pracy\u201d&nbsp;&nbsp;wsp\u00f3\u0142finansowanego przez Szwajcari\u0119 w ramach szwajcarskiego programu wsp\u00f3\u0142pracy z nowymi krajami cz\u0142onkowskimi Unii Europejskiej zrealizowa\u0142y projekt&nbsp;\u201ePromocja manufaktury szklanej jako dziedzictwa regionu podkarpackiego\u201d. Projekt realizowany by\u0142 w terminie od 1 [\u2026] Read More\" \/>\n<meta property=\"og:url\" content=\"https:\/\/pans.krosno.pl\/fundusze-zewnetrzne\/projekty-zrealizowane\/promocja-manufaktury-szklanej-jako-dziedzictwa-regionu-podkarpackiego\/\" \/>\n<meta property=\"og:site_name\" content=\"Fundusze zewn\u0119trzne PANS w Kro\u015bnie\" \/>\n<meta property=\"article:modified_time\" content=\"2022-05-25T07:38:47+00:00\" \/>\n<meta property=\"og:image\" content=\"https:\/\/pans.krosno.pl\/fundusze-europejskie-kursy\/wp-content\/uploads\/sites\/14\/2020\/05\/swisscontribution.jpg\" \/>\n<meta name=\"twitter:card\" content=\"summary_large_image\" \/>\n<meta name=\"twitter:label1\" content=\"Szacowany czas czytania\" \/>\n\t<meta name=\"twitter:data1\" content=\"3 minuty\" \/>\n<script type=\"application\/ld+json\" class=\"yoast-schema-graph\">{\"@context\":\"https:\\\/\\\/schema.org\",\"@graph\":[{\"@type\":\"WebPage\",\"@id\":\"https:\\\/\\\/pans.krosno.pl\\\/fundusze-zewnetrzne\\\/projekty-zrealizowane\\\/promocja-manufaktury-szklanej-jako-dziedzictwa-regionu-podkarpackiego\\\/\",\"url\":\"https:\\\/\\\/pans.krosno.pl\\\/fundusze-zewnetrzne\\\/projekty-zrealizowane\\\/promocja-manufaktury-szklanej-jako-dziedzictwa-regionu-podkarpackiego\\\/\",\"name\":\"Promocja manufaktury szklanej jako dziedzictwa regionu podkarpackiego - Fundusze zewn\u0119trzne PANS w Kro\u015bnie\",\"isPartOf\":{\"@id\":\"https:\\\/\\\/pans.krosno.pl\\\/fundusze-zewnetrzne\\\/#website\"},\"primaryImageOfPage\":{\"@id\":\"https:\\\/\\\/pans.krosno.pl\\\/fundusze-zewnetrzne\\\/projekty-zrealizowane\\\/promocja-manufaktury-szklanej-jako-dziedzictwa-regionu-podkarpackiego\\\/#primaryimage\"},\"image\":{\"@id\":\"https:\\\/\\\/pans.krosno.pl\\\/fundusze-zewnetrzne\\\/projekty-zrealizowane\\\/promocja-manufaktury-szklanej-jako-dziedzictwa-regionu-podkarpackiego\\\/#primaryimage\"},\"thumbnailUrl\":\"https:\\\/\\\/pans.krosno.pl\\\/fundusze-europejskie-kursy\\\/wp-content\\\/uploads\\\/sites\\\/14\\\/2020\\\/05\\\/swisscontribution.jpg\",\"datePublished\":\"2020-05-13T17:51:05+00:00\",\"dateModified\":\"2022-05-25T07:38:47+00:00\",\"breadcrumb\":{\"@id\":\"https:\\\/\\\/pans.krosno.pl\\\/fundusze-zewnetrzne\\\/projekty-zrealizowane\\\/promocja-manufaktury-szklanej-jako-dziedzictwa-regionu-podkarpackiego\\\/#breadcrumb\"},\"inLanguage\":\"pl-PL\",\"potentialAction\":[{\"@type\":\"ReadAction\",\"target\":[\"https:\\\/\\\/pans.krosno.pl\\\/fundusze-zewnetrzne\\\/projekty-zrealizowane\\\/promocja-manufaktury-szklanej-jako-dziedzictwa-regionu-podkarpackiego\\\/\"]}]},{\"@type\":\"ImageObject\",\"inLanguage\":\"pl-PL\",\"@id\":\"https:\\\/\\\/pans.krosno.pl\\\/fundusze-zewnetrzne\\\/projekty-zrealizowane\\\/promocja-manufaktury-szklanej-jako-dziedzictwa-regionu-podkarpackiego\\\/#primaryimage\",\"url\":\"https:\\\/\\\/pans.krosno.pl\\\/fundusze-europejskie-kursy\\\/wp-content\\\/uploads\\\/sites\\\/14\\\/2020\\\/05\\\/swisscontribution.jpg\",\"contentUrl\":\"https:\\\/\\\/pans.krosno.pl\\\/fundusze-europejskie-kursy\\\/wp-content\\\/uploads\\\/sites\\\/14\\\/2020\\\/05\\\/swisscontribution.jpg\"},{\"@type\":\"BreadcrumbList\",\"@id\":\"https:\\\/\\\/pans.krosno.pl\\\/fundusze-zewnetrzne\\\/projekty-zrealizowane\\\/promocja-manufaktury-szklanej-jako-dziedzictwa-regionu-podkarpackiego\\\/#breadcrumb\",\"itemListElement\":[{\"@type\":\"ListItem\",\"position\":1,\"name\":\"Strona g\u0142\u00f3wna\",\"item\":\"https:\\\/\\\/pans.krosno.pl\\\/fundusze-zewnetrzne\\\/\"},{\"@type\":\"ListItem\",\"position\":2,\"name\":\"Projekty zrealizowane\",\"item\":\"https:\\\/\\\/pans.krosno.pl\\\/fundusze-zewnetrzne\\\/projekty-zrealizowane\\\/\"},{\"@type\":\"ListItem\",\"position\":3,\"name\":\"Promocja manufaktury szklanej jako dziedzictwa regionu podkarpackiego\"}]},{\"@type\":\"WebSite\",\"@id\":\"https:\\\/\\\/pans.krosno.pl\\\/fundusze-zewnetrzne\\\/#website\",\"url\":\"https:\\\/\\\/pans.krosno.pl\\\/fundusze-zewnetrzne\\\/\",\"name\":\"Fundusze zewn\u0119trzne PANS w Kro\u015bnie\",\"description\":\"Fundusze zewn\u0119trzne  - Pa\u0144stwowa Akademia Nauk Stosowanych\",\"publisher\":{\"@id\":\"https:\\\/\\\/pans.krosno.pl\\\/fundusze-zewnetrzne\\\/#organization\"},\"potentialAction\":[{\"@type\":\"SearchAction\",\"target\":{\"@type\":\"EntryPoint\",\"urlTemplate\":\"https:\\\/\\\/pans.krosno.pl\\\/fundusze-zewnetrzne\\\/?s={search_term_string}\"},\"query-input\":{\"@type\":\"PropertyValueSpecification\",\"valueRequired\":true,\"valueName\":\"search_term_string\"}}],\"inLanguage\":\"pl-PL\"},{\"@type\":\"Organization\",\"@id\":\"https:\\\/\\\/pans.krosno.pl\\\/fundusze-zewnetrzne\\\/#organization\",\"name\":\"Fundusze zewn\u0119trzne PANS w Kro\u015bnie\",\"url\":\"https:\\\/\\\/pans.krosno.pl\\\/fundusze-zewnetrzne\\\/\",\"logo\":{\"@type\":\"ImageObject\",\"inLanguage\":\"pl-PL\",\"@id\":\"https:\\\/\\\/pans.krosno.pl\\\/fundusze-zewnetrzne\\\/#\\\/schema\\\/logo\\\/image\\\/\",\"url\":\"https:\\\/\\\/pans.krosno.pl\\\/fundusze-zewnetrzne\\\/wp-content\\\/uploads\\\/sites\\\/14\\\/2023\\\/01\\\/Logo-PANS-2022-pelne.png\",\"contentUrl\":\"https:\\\/\\\/pans.krosno.pl\\\/fundusze-zewnetrzne\\\/wp-content\\\/uploads\\\/sites\\\/14\\\/2023\\\/01\\\/Logo-PANS-2022-pelne.png\",\"width\":3096,\"height\":696,\"caption\":\"Fundusze zewn\u0119trzne PANS w Kro\u015bnie\"},\"image\":{\"@id\":\"https:\\\/\\\/pans.krosno.pl\\\/fundusze-zewnetrzne\\\/#\\\/schema\\\/logo\\\/image\\\/\"}}]}<\/script>\n<!-- \/ Yoast SEO Premium plugin. -->","yoast_head_json":{"title":"Promocja manufaktury szklanej jako dziedzictwa regionu podkarpackiego - Fundusze zewn\u0119trzne PANS w Kro\u015bnie","robots":{"index":"index","follow":"follow","max-snippet":"max-snippet:-1","max-image-preview":"max-image-preview:large","max-video-preview":"max-video-preview:-1"},"canonical":"https:\/\/pans.krosno.pl\/fundusze-zewnetrzne\/projekty-zrealizowane\/promocja-manufaktury-szklanej-jako-dziedzictwa-regionu-podkarpackiego\/","og_locale":"pl_PL","og_type":"article","og_title":"Promocja manufaktury szklanej jako dziedzictwa regionu podkarpackiego","og_description":"Pa\u0144stwowa Wy\u017csza Szko\u0142a Zawodowa im. Stanis\u0142awa Pigonia w Kro\u015bnie&nbsp;&nbsp;i Centrum Dziedzictwa Szk\u0142a sp. z o.o. w ramach&nbsp;&nbsp;programu \u201eAlpejsko \u2013 Karpacki Most Wsp\u00f3\u0142pracy\u201d&nbsp;&nbsp;wsp\u00f3\u0142finansowanego przez Szwajcari\u0119 w ramach szwajcarskiego programu wsp\u00f3\u0142pracy z nowymi krajami cz\u0142onkowskimi Unii Europejskiej zrealizowa\u0142y projekt&nbsp;\u201ePromocja manufaktury szklanej jako dziedzictwa regionu podkarpackiego\u201d. Projekt realizowany by\u0142 w terminie od 1 [\u2026] Read More","og_url":"https:\/\/pans.krosno.pl\/fundusze-zewnetrzne\/projekty-zrealizowane\/promocja-manufaktury-szklanej-jako-dziedzictwa-regionu-podkarpackiego\/","og_site_name":"Fundusze zewn\u0119trzne PANS w Kro\u015bnie","article_modified_time":"2022-05-25T07:38:47+00:00","og_image":[{"url":"https:\/\/pans.krosno.pl\/fundusze-europejskie-kursy\/wp-content\/uploads\/sites\/14\/2020\/05\/swisscontribution.jpg","type":"","width":"","height":""}],"twitter_card":"summary_large_image","twitter_misc":{"Szacowany czas czytania":"3 minuty"},"schema":{"@context":"https:\/\/schema.org","@graph":[{"@type":"WebPage","@id":"https:\/\/pans.krosno.pl\/fundusze-zewnetrzne\/projekty-zrealizowane\/promocja-manufaktury-szklanej-jako-dziedzictwa-regionu-podkarpackiego\/","url":"https:\/\/pans.krosno.pl\/fundusze-zewnetrzne\/projekty-zrealizowane\/promocja-manufaktury-szklanej-jako-dziedzictwa-regionu-podkarpackiego\/","name":"Promocja manufaktury szklanej jako dziedzictwa regionu podkarpackiego - Fundusze zewn\u0119trzne PANS w Kro\u015bnie","isPartOf":{"@id":"https:\/\/pans.krosno.pl\/fundusze-zewnetrzne\/#website"},"primaryImageOfPage":{"@id":"https:\/\/pans.krosno.pl\/fundusze-zewnetrzne\/projekty-zrealizowane\/promocja-manufaktury-szklanej-jako-dziedzictwa-regionu-podkarpackiego\/#primaryimage"},"image":{"@id":"https:\/\/pans.krosno.pl\/fundusze-zewnetrzne\/projekty-zrealizowane\/promocja-manufaktury-szklanej-jako-dziedzictwa-regionu-podkarpackiego\/#primaryimage"},"thumbnailUrl":"https:\/\/pans.krosno.pl\/fundusze-europejskie-kursy\/wp-content\/uploads\/sites\/14\/2020\/05\/swisscontribution.jpg","datePublished":"2020-05-13T17:51:05+00:00","dateModified":"2022-05-25T07:38:47+00:00","breadcrumb":{"@id":"https:\/\/pans.krosno.pl\/fundusze-zewnetrzne\/projekty-zrealizowane\/promocja-manufaktury-szklanej-jako-dziedzictwa-regionu-podkarpackiego\/#breadcrumb"},"inLanguage":"pl-PL","potentialAction":[{"@type":"ReadAction","target":["https:\/\/pans.krosno.pl\/fundusze-zewnetrzne\/projekty-zrealizowane\/promocja-manufaktury-szklanej-jako-dziedzictwa-regionu-podkarpackiego\/"]}]},{"@type":"ImageObject","inLanguage":"pl-PL","@id":"https:\/\/pans.krosno.pl\/fundusze-zewnetrzne\/projekty-zrealizowane\/promocja-manufaktury-szklanej-jako-dziedzictwa-regionu-podkarpackiego\/#primaryimage","url":"https:\/\/pans.krosno.pl\/fundusze-europejskie-kursy\/wp-content\/uploads\/sites\/14\/2020\/05\/swisscontribution.jpg","contentUrl":"https:\/\/pans.krosno.pl\/fundusze-europejskie-kursy\/wp-content\/uploads\/sites\/14\/2020\/05\/swisscontribution.jpg"},{"@type":"BreadcrumbList","@id":"https:\/\/pans.krosno.pl\/fundusze-zewnetrzne\/projekty-zrealizowane\/promocja-manufaktury-szklanej-jako-dziedzictwa-regionu-podkarpackiego\/#breadcrumb","itemListElement":[{"@type":"ListItem","position":1,"name":"Strona g\u0142\u00f3wna","item":"https:\/\/pans.krosno.pl\/fundusze-zewnetrzne\/"},{"@type":"ListItem","position":2,"name":"Projekty zrealizowane","item":"https:\/\/pans.krosno.pl\/fundusze-zewnetrzne\/projekty-zrealizowane\/"},{"@type":"ListItem","position":3,"name":"Promocja manufaktury szklanej jako dziedzictwa regionu podkarpackiego"}]},{"@type":"WebSite","@id":"https:\/\/pans.krosno.pl\/fundusze-zewnetrzne\/#website","url":"https:\/\/pans.krosno.pl\/fundusze-zewnetrzne\/","name":"Fundusze zewn\u0119trzne PANS w Kro\u015bnie","description":"Fundusze zewn\u0119trzne  - Pa\u0144stwowa Akademia Nauk Stosowanych","publisher":{"@id":"https:\/\/pans.krosno.pl\/fundusze-zewnetrzne\/#organization"},"potentialAction":[{"@type":"SearchAction","target":{"@type":"EntryPoint","urlTemplate":"https:\/\/pans.krosno.pl\/fundusze-zewnetrzne\/?s={search_term_string}"},"query-input":{"@type":"PropertyValueSpecification","valueRequired":true,"valueName":"search_term_string"}}],"inLanguage":"pl-PL"},{"@type":"Organization","@id":"https:\/\/pans.krosno.pl\/fundusze-zewnetrzne\/#organization","name":"Fundusze zewn\u0119trzne PANS w Kro\u015bnie","url":"https:\/\/pans.krosno.pl\/fundusze-zewnetrzne\/","logo":{"@type":"ImageObject","inLanguage":"pl-PL","@id":"https:\/\/pans.krosno.pl\/fundusze-zewnetrzne\/#\/schema\/logo\/image\/","url":"https:\/\/pans.krosno.pl\/fundusze-zewnetrzne\/wp-content\/uploads\/sites\/14\/2023\/01\/Logo-PANS-2022-pelne.png","contentUrl":"https:\/\/pans.krosno.pl\/fundusze-zewnetrzne\/wp-content\/uploads\/sites\/14\/2023\/01\/Logo-PANS-2022-pelne.png","width":3096,"height":696,"caption":"Fundusze zewn\u0119trzne PANS w Kro\u015bnie"},"image":{"@id":"https:\/\/pans.krosno.pl\/fundusze-zewnetrzne\/#\/schema\/logo\/image\/"}}]}},"_links":{"self":[{"href":"https:\/\/pans.krosno.pl\/fundusze-zewnetrzne\/wp-json\/wp\/v2\/pages\/903","targetHints":{"allow":["GET"]}}],"collection":[{"href":"https:\/\/pans.krosno.pl\/fundusze-zewnetrzne\/wp-json\/wp\/v2\/pages"}],"about":[{"href":"https:\/\/pans.krosno.pl\/fundusze-zewnetrzne\/wp-json\/wp\/v2\/types\/page"}],"author":[{"embeddable":true,"href":"https:\/\/pans.krosno.pl\/fundusze-zewnetrzne\/wp-json\/wp\/v2\/users\/27"}],"replies":[{"embeddable":true,"href":"https:\/\/pans.krosno.pl\/fundusze-zewnetrzne\/wp-json\/wp\/v2\/comments?post=903"}],"version-history":[{"count":3,"href":"https:\/\/pans.krosno.pl\/fundusze-zewnetrzne\/wp-json\/wp\/v2\/pages\/903\/revisions"}],"predecessor-version":[{"id":3252,"href":"https:\/\/pans.krosno.pl\/fundusze-zewnetrzne\/wp-json\/wp\/v2\/pages\/903\/revisions\/3252"}],"up":[{"embeddable":true,"href":"https:\/\/pans.krosno.pl\/fundusze-zewnetrzne\/wp-json\/wp\/v2\/pages\/13"}],"wp:attachment":[{"href":"https:\/\/pans.krosno.pl\/fundusze-zewnetrzne\/wp-json\/wp\/v2\/media?parent=903"}],"curies":[{"name":"wp","href":"https:\/\/api.w.org\/{rel}","templated":true}]}}