{"id":900,"date":"2020-05-13T19:46:28","date_gmt":"2020-05-13T17:46:28","guid":{"rendered":"https:\/\/pans.krosno.pl\/fundusze-europejskie-kursy\/?page_id=900"},"modified":"2020-05-30T17:26:35","modified_gmt":"2020-05-30T15:26:35","slug":"ksztaltowanie-postaw-prozdrowotnych-wsrod-mlodziezy-na-obszarze-polsko-ukrainskiego-pogranicza","status":"publish","type":"page","link":"https:\/\/pans.krosno.pl\/fundusze-zewnetrzne\/projekty-zrealizowane\/ksztaltowanie-postaw-prozdrowotnych-wsrod-mlodziezy-na-obszarze-polsko-ukrainskiego-pogranicza\/","title":{"rendered":"Kszta\u0142towanie postaw prozdrowotnych w\u015br\u00f3d m\u0142odzie\u017cy na obszarze polsko-ukrai\u0144skiego pogranicza"},"content":{"rendered":"\n<p>Pa\u0144stwowa Wy\u017csza Szko\u0142a Zawodowa im. Stanis\u0142awa Pigonia w Kro\u015bnie&nbsp; i Lwowski Obwodowy Instytut Podyplomowej O\u015bwiaty Pedagogicznej&nbsp; realizuj\u0105 mikroprojekt pn.&nbsp;<strong>\u201eKszta\u0142towanie postaw prozdrowotnych w\u015br\u00f3d m\u0142odzie\u017cy na obszarze polsko-ukrai\u0144skiego pogranicza&#8221;<\/strong>, kt\u00f3ry jest wsp\u00f3\u0142finansowany ze \u015brodk\u00f3w Unii Europejskiej w ramach&nbsp; Programu Wsp\u00f3\u0142pracy Transgranicznej Polska-Bia\u0142oru\u015b-Ukraina 2007-2013&nbsp;Mikroprojekt realizowany jest od 01 stycznia 2014 r. do 31 grudnia 2014 r.<\/p>\n\n\n\n<p>Podstawowym celem mikroprojektu jest promocja aktywnego stylu \u017cycia w\u015br\u00f3d m\u0142odzie\u017cy szkolnej na obszarze polsko-ukrai\u0144skiego pogranicza.<\/p>\n\n\n\n<p>Cele szczeg\u00f3\u0142owe mikroprojektu polegaj\u0105 na stworzenie warunk\u00f3w do wsp\u00f3\u0142pracy w zakresie realizacji bada\u0144 i promocji aktywnych form rekreacji, utworzenie laboratori\u00f3w badawczych w dziedzinie sportu i zdrowia w&nbsp;instytucjach partnerskich, promowanie teren\u00f3w rekreacyjnych na obszarze pogranicza oraz poprawy warunk\u00f3w \u017cycia mieszka\u0144c\u00f3w region\u00f3w przygranicznych.<\/p>\n\n\n\n<p>&nbsp;Istot\u0105 mikroprojektu jest promowanie postaw maj\u0105cych wp\u0142yw na popraw\u0119 jako\u015bci \u017cycia mieszka\u0144c\u00f3w pogranicza, m.in. poprzez aktywno\u015b\u0107 ruchow\u0105, uprawianie sportu, ograniczenie u\u017cywek, prawid\u0142owe od\u017cywianie oraz profilaktyk\u0119 zdrowotn\u0105. Uzasadnieniem dla promowanych idei b\u0119d\u0105 wyniki przeprowadzonych bada\u0144. Badania z zakresu sportu i&nbsp;zdrowia b\u0119d\u0105 mo\u017cliwe dzi\u0119ki wyposa\u017ceniu dw\u00f3ch mobilnych laboratori\u00f3w po jednym w&nbsp;ka\u017cdej instytucji. W ramach realizacji niniejszego projektu za\u0142o\u017cono upowszechnienie idei aktywno\u015bci sportowej, czego efektem b\u0119dzie poprawa kondycji fizycznej mieszka\u0144c\u00f3w region\u00f3w przygranicznych, wzrost liczby os\u00f3b uprawiaj\u0105cych sporty masowe oraz obni\u017cenie skali zjawisk negatywnych, w tym chor\u00f3b b\u0119d\u0105cych efektem prowadzenia biernego trybu \u017cycia.<\/p>\n\n\n\n<p>Realizacja mikroprojektu stanowi wa\u017cn\u0105 cz\u0119\u015b\u0107 projektu parasolowego pn. &#8222;Transgraniczna wsp\u00f3\u0142praca na rzecz turystyki uzdrowiskowej pogranicza polsko-ukrai\u0144skiego&#8221;&nbsp;poprzez promocj\u0119 aktywnego stylu \u017cycia oraz wykorzystanie teren\u00f3w rekreacyjnych na obszarze polsko-ukrai\u0144skiego pogranicza przyczynia si\u0119 do wzrostu zainteresowania turystyk\u0105 aktywn\u0105 na tym obszarze.<\/p>\n\n\n\n<p>G\u0142\u00f3wne rezultaty projektu: utworzenie 2 laboratori\u00f3w z zakresu sportu i zdrowia, organizacja 10 spotka\u0144 informacyjno-szkoleniowych w\u015br\u00f3d m\u0142odzie\u017cy szk\u00f3\u0142 \u015brednich po obu stronach granicy, przebadanie 1000 uczni\u00f3w szk\u00f3\u0142 \u015brednich (500 na Ukrainie, 500 w Polsce), przygotowanie i emisja materia\u0142\u00f3w informacyjno-promocyjnych (4 spoty audio-video, 4 artyku\u0142\u00f3w internetowych, 4 artyku\u0142y prasowe), szkolenie dla 30 os\u00f3b bior\u0105cych udzia\u0142 w&nbsp;&nbsp;3 dniowych warsztatach integracyjnych, wydanie publikacji dotycz\u0105cej aktywnego stylu \u017cycia, 3-dniowy Festiwal z udzia\u0142em 80 os\u00f3b z obu instytucji partnerskich,&nbsp;&nbsp;zawody promuj\u0105ce sport, warsztaty dotycz\u0105ce uprawiania sport\u00f3w wodnych, prezentacja podkarpackich miejscowo\u015bci uzdrowiskowych, 2-dniowa konferencja z udzia\u0142em 40 os\u00f3b z obu instytucji partnerskich i zaproszonych go\u015bci,&nbsp;zawody promuj\u0105ce sport.<\/p>\n\n\n\n<figure class=\"wp-block-image size-large\"><img loading=\"lazy\" decoding=\"async\" width=\"720\" height=\"182\" src=\"https:\/\/pans.krosno.pl\/fundusze-europejskie-kursy\/wp-content\/uploads\/sites\/14\/2020\/05\/plbyua.jpg\" alt=\"\" class=\"wp-image-901\" srcset=\"https:\/\/pans.krosno.pl\/fundusze-zewnetrzne\/wp-content\/uploads\/sites\/14\/2020\/05\/plbyua.jpg 720w, https:\/\/pans.krosno.pl\/fundusze-zewnetrzne\/wp-content\/uploads\/sites\/14\/2020\/05\/plbyua-300x76.jpg 300w, https:\/\/pans.krosno.pl\/fundusze-zewnetrzne\/wp-content\/uploads\/sites\/14\/2020\/05\/plbyua-580x147.jpg 580w\" sizes=\"auto, (max-width: 720px) 100vw, 720px\" \/><\/figure>\n","protected":false},"excerpt":{"rendered":"<p>Pa\u0144stwowa Wy\u017csza Szko\u0142a Zawodowa im. Stanis\u0142awa Pigonia w Kro\u015bnie&nbsp; i Lwowski Obwodowy Instytut Podyplomowej O\u015bwiaty Pedagogicznej&nbsp; realizuj\u0105 mikroprojekt pn.&nbsp;\u201eKszta\u0142towanie postaw prozdrowotnych w\u015br\u00f3d m\u0142odzie\u017cy na obszarze polsko-ukrai\u0144skiego pogranicza&#8221;, kt\u00f3ry jest wsp\u00f3\u0142finansowany ze \u015brodk\u00f3w Unii Europejskiej w ramach&nbsp; Programu Wsp\u00f3\u0142pracy Transgranicznej Polska-Bia\u0142oru\u015b-Ukraina 2007-2013&nbsp;Mikroprojekt realizowany jest od 01 stycznia 2014 r. do 31 [\u2026] <\/p>\n<div class=\"clear\"><\/div>\n<p><a class=\"more_link clearfix\" href=\"https:\/\/pans.krosno.pl\/fundusze-zewnetrzne\/projekty-zrealizowane\/ksztaltowanie-postaw-prozdrowotnych-wsrod-mlodziezy-na-obszarze-polsko-ukrainskiego-pogranicza\/\" rel=\"nofollow\">Read More<\/a><\/p>\n","protected":false},"author":27,"featured_media":0,"parent":13,"menu_order":0,"comment_status":"closed","ping_status":"closed","template":"page-templates\/template-full-width.php","meta":{"ngg_post_thumbnail":0,"footnotes":""},"class_list":["post-900","page","type-page","status-publish","hentry"],"yoast_head":"<!-- This site is optimized with the Yoast SEO Premium plugin v27.3 (Yoast SEO v27.3) - https:\/\/yoast.com\/product\/yoast-seo-premium-wordpress\/ -->\n<title>Kszta\u0142towanie postaw prozdrowotnych w\u015br\u00f3d m\u0142odzie\u017cy na obszarze polsko-ukrai\u0144skiego pogranicza - Fundusze zewn\u0119trzne PANS w Kro\u015bnie<\/title>\n<meta name=\"robots\" content=\"index, follow, max-snippet:-1, max-image-preview:large, max-video-preview:-1\" \/>\n<link rel=\"canonical\" href=\"https:\/\/pans.krosno.pl\/fundusze-zewnetrzne\/projekty-zrealizowane\/ksztaltowanie-postaw-prozdrowotnych-wsrod-mlodziezy-na-obszarze-polsko-ukrainskiego-pogranicza\/\" \/>\n<meta property=\"og:locale\" content=\"pl_PL\" \/>\n<meta property=\"og:type\" content=\"article\" \/>\n<meta property=\"og:title\" content=\"Kszta\u0142towanie postaw prozdrowotnych w\u015br\u00f3d m\u0142odzie\u017cy na obszarze polsko-ukrai\u0144skiego pogranicza\" \/>\n<meta property=\"og:description\" content=\"Pa\u0144stwowa Wy\u017csza Szko\u0142a Zawodowa im. Stanis\u0142awa Pigonia w Kro\u015bnie&nbsp; i Lwowski Obwodowy Instytut Podyplomowej O\u015bwiaty Pedagogicznej&nbsp; realizuj\u0105 mikroprojekt pn.&nbsp;\u201eKszta\u0142towanie postaw prozdrowotnych w\u015br\u00f3d m\u0142odzie\u017cy na obszarze polsko-ukrai\u0144skiego pogranicza&#8221;, kt\u00f3ry jest wsp\u00f3\u0142finansowany ze \u015brodk\u00f3w Unii Europejskiej w ramach&nbsp; Programu Wsp\u00f3\u0142pracy Transgranicznej Polska-Bia\u0142oru\u015b-Ukraina 2007-2013&nbsp;Mikroprojekt realizowany jest od 01 stycznia 2014 r. do 31 [\u2026] Read More\" \/>\n<meta property=\"og:url\" content=\"https:\/\/pans.krosno.pl\/fundusze-zewnetrzne\/projekty-zrealizowane\/ksztaltowanie-postaw-prozdrowotnych-wsrod-mlodziezy-na-obszarze-polsko-ukrainskiego-pogranicza\/\" \/>\n<meta property=\"og:site_name\" content=\"Fundusze zewn\u0119trzne PANS w Kro\u015bnie\" \/>\n<meta property=\"article:modified_time\" content=\"2020-05-30T15:26:35+00:00\" \/>\n<meta property=\"og:image\" content=\"https:\/\/pans.krosno.pl\/fundusze-europejskie-kursy\/wp-content\/uploads\/sites\/14\/2020\/05\/plbyua.jpg\" \/>\n<meta name=\"twitter:card\" content=\"summary_large_image\" \/>\n<meta name=\"twitter:label1\" content=\"Szacowany czas czytania\" \/>\n\t<meta name=\"twitter:data1\" content=\"2 minuty\" \/>\n<script type=\"application\/ld+json\" class=\"yoast-schema-graph\">{\"@context\":\"https:\\\/\\\/schema.org\",\"@graph\":[{\"@type\":\"WebPage\",\"@id\":\"https:\\\/\\\/pans.krosno.pl\\\/fundusze-zewnetrzne\\\/projekty-zrealizowane\\\/ksztaltowanie-postaw-prozdrowotnych-wsrod-mlodziezy-na-obszarze-polsko-ukrainskiego-pogranicza\\\/\",\"url\":\"https:\\\/\\\/pans.krosno.pl\\\/fundusze-zewnetrzne\\\/projekty-zrealizowane\\\/ksztaltowanie-postaw-prozdrowotnych-wsrod-mlodziezy-na-obszarze-polsko-ukrainskiego-pogranicza\\\/\",\"name\":\"Kszta\u0142towanie postaw prozdrowotnych w\u015br\u00f3d m\u0142odzie\u017cy na obszarze polsko-ukrai\u0144skiego pogranicza - Fundusze zewn\u0119trzne PANS w Kro\u015bnie\",\"isPartOf\":{\"@id\":\"https:\\\/\\\/pans.krosno.pl\\\/fundusze-zewnetrzne\\\/#website\"},\"primaryImageOfPage\":{\"@id\":\"https:\\\/\\\/pans.krosno.pl\\\/fundusze-zewnetrzne\\\/projekty-zrealizowane\\\/ksztaltowanie-postaw-prozdrowotnych-wsrod-mlodziezy-na-obszarze-polsko-ukrainskiego-pogranicza\\\/#primaryimage\"},\"image\":{\"@id\":\"https:\\\/\\\/pans.krosno.pl\\\/fundusze-zewnetrzne\\\/projekty-zrealizowane\\\/ksztaltowanie-postaw-prozdrowotnych-wsrod-mlodziezy-na-obszarze-polsko-ukrainskiego-pogranicza\\\/#primaryimage\"},\"thumbnailUrl\":\"https:\\\/\\\/pans.krosno.pl\\\/fundusze-europejskie-kursy\\\/wp-content\\\/uploads\\\/sites\\\/14\\\/2020\\\/05\\\/plbyua.jpg\",\"datePublished\":\"2020-05-13T17:46:28+00:00\",\"dateModified\":\"2020-05-30T15:26:35+00:00\",\"breadcrumb\":{\"@id\":\"https:\\\/\\\/pans.krosno.pl\\\/fundusze-zewnetrzne\\\/projekty-zrealizowane\\\/ksztaltowanie-postaw-prozdrowotnych-wsrod-mlodziezy-na-obszarze-polsko-ukrainskiego-pogranicza\\\/#breadcrumb\"},\"inLanguage\":\"pl-PL\",\"potentialAction\":[{\"@type\":\"ReadAction\",\"target\":[\"https:\\\/\\\/pans.krosno.pl\\\/fundusze-zewnetrzne\\\/projekty-zrealizowane\\\/ksztaltowanie-postaw-prozdrowotnych-wsrod-mlodziezy-na-obszarze-polsko-ukrainskiego-pogranicza\\\/\"]}]},{\"@type\":\"ImageObject\",\"inLanguage\":\"pl-PL\",\"@id\":\"https:\\\/\\\/pans.krosno.pl\\\/fundusze-zewnetrzne\\\/projekty-zrealizowane\\\/ksztaltowanie-postaw-prozdrowotnych-wsrod-mlodziezy-na-obszarze-polsko-ukrainskiego-pogranicza\\\/#primaryimage\",\"url\":\"https:\\\/\\\/pans.krosno.pl\\\/fundusze-europejskie-kursy\\\/wp-content\\\/uploads\\\/sites\\\/14\\\/2020\\\/05\\\/plbyua.jpg\",\"contentUrl\":\"https:\\\/\\\/pans.krosno.pl\\\/fundusze-europejskie-kursy\\\/wp-content\\\/uploads\\\/sites\\\/14\\\/2020\\\/05\\\/plbyua.jpg\"},{\"@type\":\"BreadcrumbList\",\"@id\":\"https:\\\/\\\/pans.krosno.pl\\\/fundusze-zewnetrzne\\\/projekty-zrealizowane\\\/ksztaltowanie-postaw-prozdrowotnych-wsrod-mlodziezy-na-obszarze-polsko-ukrainskiego-pogranicza\\\/#breadcrumb\",\"itemListElement\":[{\"@type\":\"ListItem\",\"position\":1,\"name\":\"Strona g\u0142\u00f3wna\",\"item\":\"https:\\\/\\\/pans.krosno.pl\\\/fundusze-zewnetrzne\\\/\"},{\"@type\":\"ListItem\",\"position\":2,\"name\":\"Projekty zrealizowane\",\"item\":\"https:\\\/\\\/pans.krosno.pl\\\/fundusze-zewnetrzne\\\/projekty-zrealizowane\\\/\"},{\"@type\":\"ListItem\",\"position\":3,\"name\":\"Kszta\u0142towanie postaw prozdrowotnych w\u015br\u00f3d m\u0142odzie\u017cy na obszarze polsko-ukrai\u0144skiego pogranicza\"}]},{\"@type\":\"WebSite\",\"@id\":\"https:\\\/\\\/pans.krosno.pl\\\/fundusze-zewnetrzne\\\/#website\",\"url\":\"https:\\\/\\\/pans.krosno.pl\\\/fundusze-zewnetrzne\\\/\",\"name\":\"Fundusze zewn\u0119trzne PANS w Kro\u015bnie\",\"description\":\"Fundusze zewn\u0119trzne  - Pa\u0144stwowa Akademia Nauk Stosowanych\",\"publisher\":{\"@id\":\"https:\\\/\\\/pans.krosno.pl\\\/fundusze-zewnetrzne\\\/#organization\"},\"potentialAction\":[{\"@type\":\"SearchAction\",\"target\":{\"@type\":\"EntryPoint\",\"urlTemplate\":\"https:\\\/\\\/pans.krosno.pl\\\/fundusze-zewnetrzne\\\/?s={search_term_string}\"},\"query-input\":{\"@type\":\"PropertyValueSpecification\",\"valueRequired\":true,\"valueName\":\"search_term_string\"}}],\"inLanguage\":\"pl-PL\"},{\"@type\":\"Organization\",\"@id\":\"https:\\\/\\\/pans.krosno.pl\\\/fundusze-zewnetrzne\\\/#organization\",\"name\":\"Fundusze zewn\u0119trzne PANS w Kro\u015bnie\",\"url\":\"https:\\\/\\\/pans.krosno.pl\\\/fundusze-zewnetrzne\\\/\",\"logo\":{\"@type\":\"ImageObject\",\"inLanguage\":\"pl-PL\",\"@id\":\"https:\\\/\\\/pans.krosno.pl\\\/fundusze-zewnetrzne\\\/#\\\/schema\\\/logo\\\/image\\\/\",\"url\":\"https:\\\/\\\/pans.krosno.pl\\\/fundusze-zewnetrzne\\\/wp-content\\\/uploads\\\/sites\\\/14\\\/2023\\\/01\\\/Logo-PANS-2022-pelne.png\",\"contentUrl\":\"https:\\\/\\\/pans.krosno.pl\\\/fundusze-zewnetrzne\\\/wp-content\\\/uploads\\\/sites\\\/14\\\/2023\\\/01\\\/Logo-PANS-2022-pelne.png\",\"width\":3096,\"height\":696,\"caption\":\"Fundusze zewn\u0119trzne PANS w Kro\u015bnie\"},\"image\":{\"@id\":\"https:\\\/\\\/pans.krosno.pl\\\/fundusze-zewnetrzne\\\/#\\\/schema\\\/logo\\\/image\\\/\"}}]}<\/script>\n<!-- \/ Yoast SEO Premium plugin. -->","yoast_head_json":{"title":"Kszta\u0142towanie postaw prozdrowotnych w\u015br\u00f3d m\u0142odzie\u017cy na obszarze polsko-ukrai\u0144skiego pogranicza - Fundusze zewn\u0119trzne PANS w Kro\u015bnie","robots":{"index":"index","follow":"follow","max-snippet":"max-snippet:-1","max-image-preview":"max-image-preview:large","max-video-preview":"max-video-preview:-1"},"canonical":"https:\/\/pans.krosno.pl\/fundusze-zewnetrzne\/projekty-zrealizowane\/ksztaltowanie-postaw-prozdrowotnych-wsrod-mlodziezy-na-obszarze-polsko-ukrainskiego-pogranicza\/","og_locale":"pl_PL","og_type":"article","og_title":"Kszta\u0142towanie postaw prozdrowotnych w\u015br\u00f3d m\u0142odzie\u017cy na obszarze polsko-ukrai\u0144skiego pogranicza","og_description":"Pa\u0144stwowa Wy\u017csza Szko\u0142a Zawodowa im. Stanis\u0142awa Pigonia w Kro\u015bnie&nbsp; i Lwowski Obwodowy Instytut Podyplomowej O\u015bwiaty Pedagogicznej&nbsp; realizuj\u0105 mikroprojekt pn.&nbsp;\u201eKszta\u0142towanie postaw prozdrowotnych w\u015br\u00f3d m\u0142odzie\u017cy na obszarze polsko-ukrai\u0144skiego pogranicza&#8221;, kt\u00f3ry jest wsp\u00f3\u0142finansowany ze \u015brodk\u00f3w Unii Europejskiej w ramach&nbsp; Programu Wsp\u00f3\u0142pracy Transgranicznej Polska-Bia\u0142oru\u015b-Ukraina 2007-2013&nbsp;Mikroprojekt realizowany jest od 01 stycznia 2014 r. do 31 [\u2026] Read More","og_url":"https:\/\/pans.krosno.pl\/fundusze-zewnetrzne\/projekty-zrealizowane\/ksztaltowanie-postaw-prozdrowotnych-wsrod-mlodziezy-na-obszarze-polsko-ukrainskiego-pogranicza\/","og_site_name":"Fundusze zewn\u0119trzne PANS w Kro\u015bnie","article_modified_time":"2020-05-30T15:26:35+00:00","og_image":[{"url":"https:\/\/pans.krosno.pl\/fundusze-europejskie-kursy\/wp-content\/uploads\/sites\/14\/2020\/05\/plbyua.jpg","type":"","width":"","height":""}],"twitter_card":"summary_large_image","twitter_misc":{"Szacowany czas czytania":"2 minuty"},"schema":{"@context":"https:\/\/schema.org","@graph":[{"@type":"WebPage","@id":"https:\/\/pans.krosno.pl\/fundusze-zewnetrzne\/projekty-zrealizowane\/ksztaltowanie-postaw-prozdrowotnych-wsrod-mlodziezy-na-obszarze-polsko-ukrainskiego-pogranicza\/","url":"https:\/\/pans.krosno.pl\/fundusze-zewnetrzne\/projekty-zrealizowane\/ksztaltowanie-postaw-prozdrowotnych-wsrod-mlodziezy-na-obszarze-polsko-ukrainskiego-pogranicza\/","name":"Kszta\u0142towanie postaw prozdrowotnych w\u015br\u00f3d m\u0142odzie\u017cy na obszarze polsko-ukrai\u0144skiego pogranicza - Fundusze zewn\u0119trzne PANS w Kro\u015bnie","isPartOf":{"@id":"https:\/\/pans.krosno.pl\/fundusze-zewnetrzne\/#website"},"primaryImageOfPage":{"@id":"https:\/\/pans.krosno.pl\/fundusze-zewnetrzne\/projekty-zrealizowane\/ksztaltowanie-postaw-prozdrowotnych-wsrod-mlodziezy-na-obszarze-polsko-ukrainskiego-pogranicza\/#primaryimage"},"image":{"@id":"https:\/\/pans.krosno.pl\/fundusze-zewnetrzne\/projekty-zrealizowane\/ksztaltowanie-postaw-prozdrowotnych-wsrod-mlodziezy-na-obszarze-polsko-ukrainskiego-pogranicza\/#primaryimage"},"thumbnailUrl":"https:\/\/pans.krosno.pl\/fundusze-europejskie-kursy\/wp-content\/uploads\/sites\/14\/2020\/05\/plbyua.jpg","datePublished":"2020-05-13T17:46:28+00:00","dateModified":"2020-05-30T15:26:35+00:00","breadcrumb":{"@id":"https:\/\/pans.krosno.pl\/fundusze-zewnetrzne\/projekty-zrealizowane\/ksztaltowanie-postaw-prozdrowotnych-wsrod-mlodziezy-na-obszarze-polsko-ukrainskiego-pogranicza\/#breadcrumb"},"inLanguage":"pl-PL","potentialAction":[{"@type":"ReadAction","target":["https:\/\/pans.krosno.pl\/fundusze-zewnetrzne\/projekty-zrealizowane\/ksztaltowanie-postaw-prozdrowotnych-wsrod-mlodziezy-na-obszarze-polsko-ukrainskiego-pogranicza\/"]}]},{"@type":"ImageObject","inLanguage":"pl-PL","@id":"https:\/\/pans.krosno.pl\/fundusze-zewnetrzne\/projekty-zrealizowane\/ksztaltowanie-postaw-prozdrowotnych-wsrod-mlodziezy-na-obszarze-polsko-ukrainskiego-pogranicza\/#primaryimage","url":"https:\/\/pans.krosno.pl\/fundusze-europejskie-kursy\/wp-content\/uploads\/sites\/14\/2020\/05\/plbyua.jpg","contentUrl":"https:\/\/pans.krosno.pl\/fundusze-europejskie-kursy\/wp-content\/uploads\/sites\/14\/2020\/05\/plbyua.jpg"},{"@type":"BreadcrumbList","@id":"https:\/\/pans.krosno.pl\/fundusze-zewnetrzne\/projekty-zrealizowane\/ksztaltowanie-postaw-prozdrowotnych-wsrod-mlodziezy-na-obszarze-polsko-ukrainskiego-pogranicza\/#breadcrumb","itemListElement":[{"@type":"ListItem","position":1,"name":"Strona g\u0142\u00f3wna","item":"https:\/\/pans.krosno.pl\/fundusze-zewnetrzne\/"},{"@type":"ListItem","position":2,"name":"Projekty zrealizowane","item":"https:\/\/pans.krosno.pl\/fundusze-zewnetrzne\/projekty-zrealizowane\/"},{"@type":"ListItem","position":3,"name":"Kszta\u0142towanie postaw prozdrowotnych w\u015br\u00f3d m\u0142odzie\u017cy na obszarze polsko-ukrai\u0144skiego pogranicza"}]},{"@type":"WebSite","@id":"https:\/\/pans.krosno.pl\/fundusze-zewnetrzne\/#website","url":"https:\/\/pans.krosno.pl\/fundusze-zewnetrzne\/","name":"Fundusze zewn\u0119trzne PANS w Kro\u015bnie","description":"Fundusze zewn\u0119trzne  - Pa\u0144stwowa Akademia Nauk Stosowanych","publisher":{"@id":"https:\/\/pans.krosno.pl\/fundusze-zewnetrzne\/#organization"},"potentialAction":[{"@type":"SearchAction","target":{"@type":"EntryPoint","urlTemplate":"https:\/\/pans.krosno.pl\/fundusze-zewnetrzne\/?s={search_term_string}"},"query-input":{"@type":"PropertyValueSpecification","valueRequired":true,"valueName":"search_term_string"}}],"inLanguage":"pl-PL"},{"@type":"Organization","@id":"https:\/\/pans.krosno.pl\/fundusze-zewnetrzne\/#organization","name":"Fundusze zewn\u0119trzne PANS w Kro\u015bnie","url":"https:\/\/pans.krosno.pl\/fundusze-zewnetrzne\/","logo":{"@type":"ImageObject","inLanguage":"pl-PL","@id":"https:\/\/pans.krosno.pl\/fundusze-zewnetrzne\/#\/schema\/logo\/image\/","url":"https:\/\/pans.krosno.pl\/fundusze-zewnetrzne\/wp-content\/uploads\/sites\/14\/2023\/01\/Logo-PANS-2022-pelne.png","contentUrl":"https:\/\/pans.krosno.pl\/fundusze-zewnetrzne\/wp-content\/uploads\/sites\/14\/2023\/01\/Logo-PANS-2022-pelne.png","width":3096,"height":696,"caption":"Fundusze zewn\u0119trzne PANS w Kro\u015bnie"},"image":{"@id":"https:\/\/pans.krosno.pl\/fundusze-zewnetrzne\/#\/schema\/logo\/image\/"}}]}},"_links":{"self":[{"href":"https:\/\/pans.krosno.pl\/fundusze-zewnetrzne\/wp-json\/wp\/v2\/pages\/900","targetHints":{"allow":["GET"]}}],"collection":[{"href":"https:\/\/pans.krosno.pl\/fundusze-zewnetrzne\/wp-json\/wp\/v2\/pages"}],"about":[{"href":"https:\/\/pans.krosno.pl\/fundusze-zewnetrzne\/wp-json\/wp\/v2\/types\/page"}],"author":[{"embeddable":true,"href":"https:\/\/pans.krosno.pl\/fundusze-zewnetrzne\/wp-json\/wp\/v2\/users\/27"}],"replies":[{"embeddable":true,"href":"https:\/\/pans.krosno.pl\/fundusze-zewnetrzne\/wp-json\/wp\/v2\/comments?post=900"}],"version-history":[{"count":1,"href":"https:\/\/pans.krosno.pl\/fundusze-zewnetrzne\/wp-json\/wp\/v2\/pages\/900\/revisions"}],"predecessor-version":[{"id":902,"href":"https:\/\/pans.krosno.pl\/fundusze-zewnetrzne\/wp-json\/wp\/v2\/pages\/900\/revisions\/902"}],"up":[{"embeddable":true,"href":"https:\/\/pans.krosno.pl\/fundusze-zewnetrzne\/wp-json\/wp\/v2\/pages\/13"}],"wp:attachment":[{"href":"https:\/\/pans.krosno.pl\/fundusze-zewnetrzne\/wp-json\/wp\/v2\/media?parent=900"}],"curies":[{"name":"wp","href":"https:\/\/api.w.org\/{rel}","templated":true}]}}