{"id":794,"date":"2020-05-13T17:51:37","date_gmt":"2020-05-13T15:51:37","guid":{"rendered":"https:\/\/pans.krosno.pl\/fundusze-europejskie-kursy\/?page_id=794"},"modified":"2022-05-25T09:08:48","modified_gmt":"2022-05-25T07:08:48","slug":"program-rozwoju-kierunku-pielegniarstwo-o-projekcie","status":"publish","type":"page","link":"https:\/\/pans.krosno.pl\/fundusze-zewnetrzne\/projekty-realizowane\/program-rozwoju-kierunku-pielegniarstwo\/program-rozwoju-kierunku-pielegniarstwo-o-projekcie\/","title":{"rendered":"Program rozwoju kierunku piel\u0119gniarstwo w PWSZ w Kro\u015bnie &#8211; O projekcie"},"content":{"rendered":"<hr>\n<p><img loading=\"lazy\" decoding=\"async\" class=\"size-full wp-image-1093 aligncenter\" src=\"https:\/\/pans.krosno.pl\/fundusze-europejskie-kursy\/wp-content\/uploads\/sites\/14\/2020\/05\/LOGO-KOLOR-17.jpg\" alt=\"\" width=\"1988\" height=\"255\" srcset=\"https:\/\/pans.krosno.pl\/fundusze-zewnetrzne\/wp-content\/uploads\/sites\/14\/2020\/05\/LOGO-KOLOR-17.jpg 1988w, https:\/\/pans.krosno.pl\/fundusze-zewnetrzne\/wp-content\/uploads\/sites\/14\/2020\/05\/LOGO-KOLOR-17-300x38.jpg 300w, https:\/\/pans.krosno.pl\/fundusze-zewnetrzne\/wp-content\/uploads\/sites\/14\/2020\/05\/LOGO-KOLOR-17-1024x131.jpg 1024w, https:\/\/pans.krosno.pl\/fundusze-zewnetrzne\/wp-content\/uploads\/sites\/14\/2020\/05\/LOGO-KOLOR-17-768x99.jpg 768w, https:\/\/pans.krosno.pl\/fundusze-zewnetrzne\/wp-content\/uploads\/sites\/14\/2020\/05\/LOGO-KOLOR-17-1536x197.jpg 1536w, https:\/\/pans.krosno.pl\/fundusze-zewnetrzne\/wp-content\/uploads\/sites\/14\/2020\/05\/LOGO-KOLOR-17-800x103.jpg 800w, https:\/\/pans.krosno.pl\/fundusze-zewnetrzne\/wp-content\/uploads\/sites\/14\/2020\/05\/LOGO-KOLOR-17-580x74.jpg 580w\" sizes=\"auto, (max-width: 1988px) 100vw, 1988px\" \/><\/p>\n\n\n<p>Od 1 pa\u017adziernika 2016 r. Pa\u0144stwowa Wy\u017csza Szko\u0142a Zawodowa w Kro\u015bnie im. Stanis\u0142awa Pigonia w partnerstwie ze Szpitalem Specjalistycznym w Brzozowie realizuje projektu pn. \u201eProgram rozwoju kierunku piel\u0119gniarstwo w PWSZ w Kro\u015bnie\u201d nr POWR.05.03.00-00-0015\/15&nbsp;w ramach Programu Operacyjnego Wiedza Edukacja Rozw\u00f3j 2014-2020 wsp\u00f3\u0142finansowanego z Europejskiego Funduszu Spo\u0142ecznego.<\/p>\n\n\n\n<p>&nbsp;G\u0142\u00f3wnym celem projektu jest podniesienie jako\u015bci kszta\u0142cenia wy\u017cszego na kierunku Piel\u0119gniarstwo w PWSZ w Kro\u015bnie poprzez opracowanie i wdro\u017cenie programu rozwojowego.<\/p>\n\n\n\n<p><strong>W wyniku realizacji projektu uczelnia otrzyma kompleksowy program rozwojowy, kt\u00f3ry przyczyni si\u0119 do:<\/strong><\/p>\n\n\n\n<p>&#8211;&nbsp;&nbsp;&nbsp;&nbsp;&nbsp;&nbsp;&nbsp;&nbsp;podniesienia jako\u015bci kszta\u0142cenia,<\/p>\n\n\n\n<p>&#8211;&nbsp;&nbsp;&nbsp;&nbsp;&nbsp;&nbsp;&nbsp;&nbsp;zwi\u0119kszenia liczby student\u00f3w,<\/p>\n\n\n\n<p>&#8211;&nbsp;&nbsp;&nbsp;&nbsp;&nbsp;&nbsp;&nbsp;&nbsp;zwi\u0119kszenia liczby wysoko wykwalifikowanych absolwent\u00f3w, posiadaj\u0105cych dodatkowe kompetencje w dziedzinie onkologii.<\/p>\n\n\n\n<p>Projekt skierowany jest do student\u00f3w I roku kierunku Piel\u0119gniarstwo rozpoczynaj\u0105cych studia w latach 2016\/2017, 2017\/2018 i 2018\/2019.<\/p>\n\n\n\n<p><strong>G\u0142\u00f3wne zadania przewidziane w projekcie to:<\/strong><\/p>\n\n\n\n<p>&#8211;&nbsp;&nbsp;&nbsp;&nbsp;&nbsp;&nbsp;&nbsp;&nbsp;system stypendialny dla maksymalnie 30 os\u00f3b na jednej edycji studi\u00f3w,<\/p>\n\n\n\n<p>&#8211;&nbsp;&nbsp;&nbsp;&nbsp;&nbsp;&nbsp;&nbsp;&nbsp;dodatkowe, ponadprogramowe zaj\u0119cia z dziedziny onkologii,<\/p>\n\n\n\n<p>&#8211;&nbsp;&nbsp;&nbsp;&nbsp;&nbsp;&nbsp;&nbsp;&nbsp;dostosowanie jako\u015bci i warunk\u00f3w odbywania obowi\u0105zkowych praktyk do wymog\u00f3w Europejskich Ram Jako\u015bci Praktyk i Sta\u017cy,<\/p>\n\n\n\n<p>&#8211;&nbsp;&nbsp;&nbsp;&nbsp;&nbsp;&nbsp;&nbsp;&nbsp;ponadprogramowe, p\u0142atne praktyki na oddzia\u0142ach onkologii,<\/p>\n\n\n\n<p>&#8211;&nbsp;&nbsp;&nbsp;&nbsp;&nbsp;&nbsp;&nbsp;&nbsp;zwrot koszt\u00f3w dojazdu i zakwaterowania dla student\u00f3w odbywaj\u0105cych praktyki poza miejscem zamieszkania.<\/p>\n\n\n\n<p>Rekrutacja uczestnik\u00f3w projektu zostanie przeprowadzona w III semestrze ka\u017cdej edycji studi\u00f3w (rozpocznie si\u0119 w pa\u017adzierniku 2017). Kryteria doboru studentek\/\u00f3w zostan\u0105 szczeg\u00f3\u0142owo ustalone przez powo\u0142an\u0105 Komisj\u0119 ds. stypendi\u00f3w zamawianych oraz podane do wiadomo\u015bci studentom na stronie internetowej projektu.<\/p>\n\n\n\n<p><strong>Okres realizacji projektu:<\/strong> od 1 pa\u017adziernika 2016 do 31 marca 2022 r.<\/p>\n\n\n\n<p><strong>Warto\u015b\u0107 projektu:<\/strong> 1&nbsp;574&nbsp;796,00 z\u0142<\/p>\n\n\n\n<p><strong>Dofinansowanie z UE:<\/strong> 1 327 238,06 z\u0142<\/p>\n","protected":false},"excerpt":{"rendered":"<p>Od 1 pa\u017adziernika 2016 r. Pa\u0144stwowa Wy\u017csza Szko\u0142a Zawodowa w Kro\u015bnie im. Stanis\u0142awa Pigonia w partnerstwie ze Szpitalem Specjalistycznym w Brzozowie realizuje projektu pn. \u201eProgram rozwoju kierunku piel\u0119gniarstwo w PWSZ w Kro\u015bnie\u201d nr POWR.05.03.00-00-0015\/15&nbsp;w ramach Programu Operacyjnego Wiedza Edukacja Rozw\u00f3j 2014-2020 wsp\u00f3\u0142finansowanego z Europejskiego Funduszu Spo\u0142ecznego. &nbsp;G\u0142\u00f3wnym celem projektu jest [\u2026] <\/p>\n<div class=\"clear\"><\/div>\n<p><a class=\"more_link clearfix\" href=\"https:\/\/pans.krosno.pl\/fundusze-zewnetrzne\/projekty-realizowane\/program-rozwoju-kierunku-pielegniarstwo\/program-rozwoju-kierunku-pielegniarstwo-o-projekcie\/\" rel=\"nofollow\">Read More<\/a><\/p>\n","protected":false},"author":27,"featured_media":0,"parent":892,"menu_order":0,"comment_status":"closed","ping_status":"closed","template":"page-templates\/template-full-width.php","meta":{"ngg_post_thumbnail":0,"footnotes":""},"class_list":["post-794","page","type-page","status-publish","hentry"],"yoast_head":"<!-- This site is optimized with the Yoast SEO Premium plugin v27.3 (Yoast SEO v27.3) - https:\/\/yoast.com\/product\/yoast-seo-premium-wordpress\/ -->\n<title>Program rozwoju kierunku piel\u0119gniarstwo w PWSZ w Kro\u015bnie - O projekcie - Fundusze zewn\u0119trzne PANS w Kro\u015bnie<\/title>\n<meta name=\"robots\" content=\"index, follow, max-snippet:-1, max-image-preview:large, max-video-preview:-1\" \/>\n<link rel=\"canonical\" href=\"https:\/\/pans.krosno.pl\/fundusze-zewnetrzne\/projekty-realizowane\/program-rozwoju-kierunku-pielegniarstwo\/program-rozwoju-kierunku-pielegniarstwo-o-projekcie\/\" \/>\n<meta property=\"og:locale\" content=\"pl_PL\" \/>\n<meta property=\"og:type\" content=\"article\" \/>\n<meta property=\"og:title\" content=\"Program rozwoju kierunku piel\u0119gniarstwo w PWSZ w Kro\u015bnie - O projekcie\" \/>\n<meta property=\"og:description\" content=\"Od 1 pa\u017adziernika 2016 r. Pa\u0144stwowa Wy\u017csza Szko\u0142a Zawodowa w Kro\u015bnie im. Stanis\u0142awa Pigonia w partnerstwie ze Szpitalem Specjalistycznym w Brzozowie realizuje projektu pn. \u201eProgram rozwoju kierunku piel\u0119gniarstwo w PWSZ w Kro\u015bnie\u201d nr POWR.05.03.00-00-0015\/15&nbsp;w ramach Programu Operacyjnego Wiedza Edukacja Rozw\u00f3j 2014-2020 wsp\u00f3\u0142finansowanego z Europejskiego Funduszu Spo\u0142ecznego. &nbsp;G\u0142\u00f3wnym celem projektu jest [\u2026] Read More\" \/>\n<meta property=\"og:url\" content=\"https:\/\/pans.krosno.pl\/fundusze-zewnetrzne\/projekty-realizowane\/program-rozwoju-kierunku-pielegniarstwo\/program-rozwoju-kierunku-pielegniarstwo-o-projekcie\/\" \/>\n<meta property=\"og:site_name\" content=\"Fundusze zewn\u0119trzne PANS w Kro\u015bnie\" \/>\n<meta property=\"article:modified_time\" content=\"2022-05-25T07:08:48+00:00\" \/>\n<meta property=\"og:image\" content=\"https:\/\/pans.krosno.pl\/fundusze-europejskie-kursy\/wp-content\/uploads\/sites\/14\/2020\/05\/LOGO-KOLOR-17.jpg\" \/>\n<meta name=\"twitter:card\" content=\"summary_large_image\" \/>\n<meta name=\"twitter:label1\" content=\"Szacowany czas czytania\" \/>\n\t<meta name=\"twitter:data1\" content=\"2 minuty\" \/>\n<script type=\"application\/ld+json\" class=\"yoast-schema-graph\">{\"@context\":\"https:\\\/\\\/schema.org\",\"@graph\":[{\"@type\":\"WebPage\",\"@id\":\"https:\\\/\\\/pans.krosno.pl\\\/fundusze-zewnetrzne\\\/projekty-realizowane\\\/program-rozwoju-kierunku-pielegniarstwo\\\/program-rozwoju-kierunku-pielegniarstwo-o-projekcie\\\/\",\"url\":\"https:\\\/\\\/pans.krosno.pl\\\/fundusze-zewnetrzne\\\/projekty-realizowane\\\/program-rozwoju-kierunku-pielegniarstwo\\\/program-rozwoju-kierunku-pielegniarstwo-o-projekcie\\\/\",\"name\":\"Program rozwoju kierunku piel\u0119gniarstwo w PWSZ w Kro\u015bnie - O projekcie - Fundusze zewn\u0119trzne PANS w Kro\u015bnie\",\"isPartOf\":{\"@id\":\"https:\\\/\\\/pans.krosno.pl\\\/fundusze-zewnetrzne\\\/#website\"},\"primaryImageOfPage\":{\"@id\":\"https:\\\/\\\/pans.krosno.pl\\\/fundusze-zewnetrzne\\\/projekty-realizowane\\\/program-rozwoju-kierunku-pielegniarstwo\\\/program-rozwoju-kierunku-pielegniarstwo-o-projekcie\\\/#primaryimage\"},\"image\":{\"@id\":\"https:\\\/\\\/pans.krosno.pl\\\/fundusze-zewnetrzne\\\/projekty-realizowane\\\/program-rozwoju-kierunku-pielegniarstwo\\\/program-rozwoju-kierunku-pielegniarstwo-o-projekcie\\\/#primaryimage\"},\"thumbnailUrl\":\"https:\\\/\\\/pans.krosno.pl\\\/fundusze-europejskie-kursy\\\/wp-content\\\/uploads\\\/sites\\\/14\\\/2020\\\/05\\\/LOGO-KOLOR-17.jpg\",\"datePublished\":\"2020-05-13T15:51:37+00:00\",\"dateModified\":\"2022-05-25T07:08:48+00:00\",\"breadcrumb\":{\"@id\":\"https:\\\/\\\/pans.krosno.pl\\\/fundusze-zewnetrzne\\\/projekty-realizowane\\\/program-rozwoju-kierunku-pielegniarstwo\\\/program-rozwoju-kierunku-pielegniarstwo-o-projekcie\\\/#breadcrumb\"},\"inLanguage\":\"pl-PL\",\"potentialAction\":[{\"@type\":\"ReadAction\",\"target\":[\"https:\\\/\\\/pans.krosno.pl\\\/fundusze-zewnetrzne\\\/projekty-realizowane\\\/program-rozwoju-kierunku-pielegniarstwo\\\/program-rozwoju-kierunku-pielegniarstwo-o-projekcie\\\/\"]}]},{\"@type\":\"ImageObject\",\"inLanguage\":\"pl-PL\",\"@id\":\"https:\\\/\\\/pans.krosno.pl\\\/fundusze-zewnetrzne\\\/projekty-realizowane\\\/program-rozwoju-kierunku-pielegniarstwo\\\/program-rozwoju-kierunku-pielegniarstwo-o-projekcie\\\/#primaryimage\",\"url\":\"https:\\\/\\\/pans.krosno.pl\\\/fundusze-europejskie-kursy\\\/wp-content\\\/uploads\\\/sites\\\/14\\\/2020\\\/05\\\/LOGO-KOLOR-17.jpg\",\"contentUrl\":\"https:\\\/\\\/pans.krosno.pl\\\/fundusze-europejskie-kursy\\\/wp-content\\\/uploads\\\/sites\\\/14\\\/2020\\\/05\\\/LOGO-KOLOR-17.jpg\"},{\"@type\":\"BreadcrumbList\",\"@id\":\"https:\\\/\\\/pans.krosno.pl\\\/fundusze-zewnetrzne\\\/projekty-realizowane\\\/program-rozwoju-kierunku-pielegniarstwo\\\/program-rozwoju-kierunku-pielegniarstwo-o-projekcie\\\/#breadcrumb\",\"itemListElement\":[{\"@type\":\"ListItem\",\"position\":1,\"name\":\"Strona g\u0142\u00f3wna\",\"item\":\"https:\\\/\\\/pans.krosno.pl\\\/fundusze-zewnetrzne\\\/\"},{\"@type\":\"ListItem\",\"position\":2,\"name\":\"Projekty realizowane\",\"item\":\"https:\\\/\\\/pans.krosno.pl\\\/fundusze-zewnetrzne\\\/projekty-realizowane\\\/\"},{\"@type\":\"ListItem\",\"position\":3,\"name\":\"Program rozwoju kierunku piel\u0119gniarstwo w PWSZ w Kro\u015bnie\",\"item\":\"https:\\\/\\\/pans.krosno.pl\\\/fundusze-zewnetrzne\\\/projekty-realizowane\\\/program-rozwoju-kierunku-pielegniarstwo\\\/\"},{\"@type\":\"ListItem\",\"position\":4,\"name\":\"Program rozwoju kierunku piel\u0119gniarstwo w PWSZ w Kro\u015bnie &#8211; O projekcie\"}]},{\"@type\":\"WebSite\",\"@id\":\"https:\\\/\\\/pans.krosno.pl\\\/fundusze-zewnetrzne\\\/#website\",\"url\":\"https:\\\/\\\/pans.krosno.pl\\\/fundusze-zewnetrzne\\\/\",\"name\":\"Fundusze zewn\u0119trzne PANS w Kro\u015bnie\",\"description\":\"Fundusze zewn\u0119trzne  - Pa\u0144stwowa Akademia Nauk Stosowanych\",\"publisher\":{\"@id\":\"https:\\\/\\\/pans.krosno.pl\\\/fundusze-zewnetrzne\\\/#organization\"},\"potentialAction\":[{\"@type\":\"SearchAction\",\"target\":{\"@type\":\"EntryPoint\",\"urlTemplate\":\"https:\\\/\\\/pans.krosno.pl\\\/fundusze-zewnetrzne\\\/?s={search_term_string}\"},\"query-input\":{\"@type\":\"PropertyValueSpecification\",\"valueRequired\":true,\"valueName\":\"search_term_string\"}}],\"inLanguage\":\"pl-PL\"},{\"@type\":\"Organization\",\"@id\":\"https:\\\/\\\/pans.krosno.pl\\\/fundusze-zewnetrzne\\\/#organization\",\"name\":\"Fundusze zewn\u0119trzne PANS w Kro\u015bnie\",\"url\":\"https:\\\/\\\/pans.krosno.pl\\\/fundusze-zewnetrzne\\\/\",\"logo\":{\"@type\":\"ImageObject\",\"inLanguage\":\"pl-PL\",\"@id\":\"https:\\\/\\\/pans.krosno.pl\\\/fundusze-zewnetrzne\\\/#\\\/schema\\\/logo\\\/image\\\/\",\"url\":\"https:\\\/\\\/pans.krosno.pl\\\/fundusze-zewnetrzne\\\/wp-content\\\/uploads\\\/sites\\\/14\\\/2023\\\/01\\\/Logo-PANS-2022-pelne.png\",\"contentUrl\":\"https:\\\/\\\/pans.krosno.pl\\\/fundusze-zewnetrzne\\\/wp-content\\\/uploads\\\/sites\\\/14\\\/2023\\\/01\\\/Logo-PANS-2022-pelne.png\",\"width\":3096,\"height\":696,\"caption\":\"Fundusze zewn\u0119trzne PANS w Kro\u015bnie\"},\"image\":{\"@id\":\"https:\\\/\\\/pans.krosno.pl\\\/fundusze-zewnetrzne\\\/#\\\/schema\\\/logo\\\/image\\\/\"}}]}<\/script>\n<!-- \/ Yoast SEO Premium plugin. -->","yoast_head_json":{"title":"Program rozwoju kierunku piel\u0119gniarstwo w PWSZ w Kro\u015bnie - O projekcie - Fundusze zewn\u0119trzne PANS w Kro\u015bnie","robots":{"index":"index","follow":"follow","max-snippet":"max-snippet:-1","max-image-preview":"max-image-preview:large","max-video-preview":"max-video-preview:-1"},"canonical":"https:\/\/pans.krosno.pl\/fundusze-zewnetrzne\/projekty-realizowane\/program-rozwoju-kierunku-pielegniarstwo\/program-rozwoju-kierunku-pielegniarstwo-o-projekcie\/","og_locale":"pl_PL","og_type":"article","og_title":"Program rozwoju kierunku piel\u0119gniarstwo w PWSZ w Kro\u015bnie - O projekcie","og_description":"Od 1 pa\u017adziernika 2016 r. Pa\u0144stwowa Wy\u017csza Szko\u0142a Zawodowa w Kro\u015bnie im. Stanis\u0142awa Pigonia w partnerstwie ze Szpitalem Specjalistycznym w Brzozowie realizuje projektu pn. \u201eProgram rozwoju kierunku piel\u0119gniarstwo w PWSZ w Kro\u015bnie\u201d nr POWR.05.03.00-00-0015\/15&nbsp;w ramach Programu Operacyjnego Wiedza Edukacja Rozw\u00f3j 2014-2020 wsp\u00f3\u0142finansowanego z Europejskiego Funduszu Spo\u0142ecznego. &nbsp;G\u0142\u00f3wnym celem projektu jest [\u2026] Read More","og_url":"https:\/\/pans.krosno.pl\/fundusze-zewnetrzne\/projekty-realizowane\/program-rozwoju-kierunku-pielegniarstwo\/program-rozwoju-kierunku-pielegniarstwo-o-projekcie\/","og_site_name":"Fundusze zewn\u0119trzne PANS w Kro\u015bnie","article_modified_time":"2022-05-25T07:08:48+00:00","og_image":[{"url":"https:\/\/pans.krosno.pl\/fundusze-europejskie-kursy\/wp-content\/uploads\/sites\/14\/2020\/05\/LOGO-KOLOR-17.jpg","type":"","width":"","height":""}],"twitter_card":"summary_large_image","twitter_misc":{"Szacowany czas czytania":"2 minuty"},"schema":{"@context":"https:\/\/schema.org","@graph":[{"@type":"WebPage","@id":"https:\/\/pans.krosno.pl\/fundusze-zewnetrzne\/projekty-realizowane\/program-rozwoju-kierunku-pielegniarstwo\/program-rozwoju-kierunku-pielegniarstwo-o-projekcie\/","url":"https:\/\/pans.krosno.pl\/fundusze-zewnetrzne\/projekty-realizowane\/program-rozwoju-kierunku-pielegniarstwo\/program-rozwoju-kierunku-pielegniarstwo-o-projekcie\/","name":"Program rozwoju kierunku piel\u0119gniarstwo w PWSZ w Kro\u015bnie - O projekcie - Fundusze zewn\u0119trzne PANS w Kro\u015bnie","isPartOf":{"@id":"https:\/\/pans.krosno.pl\/fundusze-zewnetrzne\/#website"},"primaryImageOfPage":{"@id":"https:\/\/pans.krosno.pl\/fundusze-zewnetrzne\/projekty-realizowane\/program-rozwoju-kierunku-pielegniarstwo\/program-rozwoju-kierunku-pielegniarstwo-o-projekcie\/#primaryimage"},"image":{"@id":"https:\/\/pans.krosno.pl\/fundusze-zewnetrzne\/projekty-realizowane\/program-rozwoju-kierunku-pielegniarstwo\/program-rozwoju-kierunku-pielegniarstwo-o-projekcie\/#primaryimage"},"thumbnailUrl":"https:\/\/pans.krosno.pl\/fundusze-europejskie-kursy\/wp-content\/uploads\/sites\/14\/2020\/05\/LOGO-KOLOR-17.jpg","datePublished":"2020-05-13T15:51:37+00:00","dateModified":"2022-05-25T07:08:48+00:00","breadcrumb":{"@id":"https:\/\/pans.krosno.pl\/fundusze-zewnetrzne\/projekty-realizowane\/program-rozwoju-kierunku-pielegniarstwo\/program-rozwoju-kierunku-pielegniarstwo-o-projekcie\/#breadcrumb"},"inLanguage":"pl-PL","potentialAction":[{"@type":"ReadAction","target":["https:\/\/pans.krosno.pl\/fundusze-zewnetrzne\/projekty-realizowane\/program-rozwoju-kierunku-pielegniarstwo\/program-rozwoju-kierunku-pielegniarstwo-o-projekcie\/"]}]},{"@type":"ImageObject","inLanguage":"pl-PL","@id":"https:\/\/pans.krosno.pl\/fundusze-zewnetrzne\/projekty-realizowane\/program-rozwoju-kierunku-pielegniarstwo\/program-rozwoju-kierunku-pielegniarstwo-o-projekcie\/#primaryimage","url":"https:\/\/pans.krosno.pl\/fundusze-europejskie-kursy\/wp-content\/uploads\/sites\/14\/2020\/05\/LOGO-KOLOR-17.jpg","contentUrl":"https:\/\/pans.krosno.pl\/fundusze-europejskie-kursy\/wp-content\/uploads\/sites\/14\/2020\/05\/LOGO-KOLOR-17.jpg"},{"@type":"BreadcrumbList","@id":"https:\/\/pans.krosno.pl\/fundusze-zewnetrzne\/projekty-realizowane\/program-rozwoju-kierunku-pielegniarstwo\/program-rozwoju-kierunku-pielegniarstwo-o-projekcie\/#breadcrumb","itemListElement":[{"@type":"ListItem","position":1,"name":"Strona g\u0142\u00f3wna","item":"https:\/\/pans.krosno.pl\/fundusze-zewnetrzne\/"},{"@type":"ListItem","position":2,"name":"Projekty realizowane","item":"https:\/\/pans.krosno.pl\/fundusze-zewnetrzne\/projekty-realizowane\/"},{"@type":"ListItem","position":3,"name":"Program rozwoju kierunku piel\u0119gniarstwo w PWSZ w Kro\u015bnie","item":"https:\/\/pans.krosno.pl\/fundusze-zewnetrzne\/projekty-realizowane\/program-rozwoju-kierunku-pielegniarstwo\/"},{"@type":"ListItem","position":4,"name":"Program rozwoju kierunku piel\u0119gniarstwo w PWSZ w Kro\u015bnie &#8211; O projekcie"}]},{"@type":"WebSite","@id":"https:\/\/pans.krosno.pl\/fundusze-zewnetrzne\/#website","url":"https:\/\/pans.krosno.pl\/fundusze-zewnetrzne\/","name":"Fundusze zewn\u0119trzne PANS w Kro\u015bnie","description":"Fundusze zewn\u0119trzne  - Pa\u0144stwowa Akademia Nauk Stosowanych","publisher":{"@id":"https:\/\/pans.krosno.pl\/fundusze-zewnetrzne\/#organization"},"potentialAction":[{"@type":"SearchAction","target":{"@type":"EntryPoint","urlTemplate":"https:\/\/pans.krosno.pl\/fundusze-zewnetrzne\/?s={search_term_string}"},"query-input":{"@type":"PropertyValueSpecification","valueRequired":true,"valueName":"search_term_string"}}],"inLanguage":"pl-PL"},{"@type":"Organization","@id":"https:\/\/pans.krosno.pl\/fundusze-zewnetrzne\/#organization","name":"Fundusze zewn\u0119trzne PANS w Kro\u015bnie","url":"https:\/\/pans.krosno.pl\/fundusze-zewnetrzne\/","logo":{"@type":"ImageObject","inLanguage":"pl-PL","@id":"https:\/\/pans.krosno.pl\/fundusze-zewnetrzne\/#\/schema\/logo\/image\/","url":"https:\/\/pans.krosno.pl\/fundusze-zewnetrzne\/wp-content\/uploads\/sites\/14\/2023\/01\/Logo-PANS-2022-pelne.png","contentUrl":"https:\/\/pans.krosno.pl\/fundusze-zewnetrzne\/wp-content\/uploads\/sites\/14\/2023\/01\/Logo-PANS-2022-pelne.png","width":3096,"height":696,"caption":"Fundusze zewn\u0119trzne PANS w Kro\u015bnie"},"image":{"@id":"https:\/\/pans.krosno.pl\/fundusze-zewnetrzne\/#\/schema\/logo\/image\/"}}]}},"_links":{"self":[{"href":"https:\/\/pans.krosno.pl\/fundusze-zewnetrzne\/wp-json\/wp\/v2\/pages\/794","targetHints":{"allow":["GET"]}}],"collection":[{"href":"https:\/\/pans.krosno.pl\/fundusze-zewnetrzne\/wp-json\/wp\/v2\/pages"}],"about":[{"href":"https:\/\/pans.krosno.pl\/fundusze-zewnetrzne\/wp-json\/wp\/v2\/types\/page"}],"author":[{"embeddable":true,"href":"https:\/\/pans.krosno.pl\/fundusze-zewnetrzne\/wp-json\/wp\/v2\/users\/27"}],"replies":[{"embeddable":true,"href":"https:\/\/pans.krosno.pl\/fundusze-zewnetrzne\/wp-json\/wp\/v2\/comments?post=794"}],"version-history":[{"count":10,"href":"https:\/\/pans.krosno.pl\/fundusze-zewnetrzne\/wp-json\/wp\/v2\/pages\/794\/revisions"}],"predecessor-version":[{"id":1590,"href":"https:\/\/pans.krosno.pl\/fundusze-zewnetrzne\/wp-json\/wp\/v2\/pages\/794\/revisions\/1590"}],"up":[{"embeddable":true,"href":"https:\/\/pans.krosno.pl\/fundusze-zewnetrzne\/wp-json\/wp\/v2\/pages\/892"}],"wp:attachment":[{"href":"https:\/\/pans.krosno.pl\/fundusze-zewnetrzne\/wp-json\/wp\/v2\/media?parent=794"}],"curies":[{"name":"wp","href":"https:\/\/api.w.org\/{rel}","templated":true}]}}