{"id":702,"date":"2020-05-13T17:23:59","date_gmt":"2020-05-13T15:23:59","guid":{"rendered":"https:\/\/pans.krosno.pl\/fundusze-europejskie-kursy\/?page_id=702"},"modified":"2022-05-25T09:37:00","modified_gmt":"2022-05-25T07:37:00","slug":"program-praktyk-zawodowych-aktualnosci","status":"publish","type":"page","link":"https:\/\/pans.krosno.pl\/fundusze-zewnetrzne\/projekty-zrealizowane\/program-praktyk-zawodowych\/program-praktyk-zawodowych-aktualnosci\/","title":{"rendered":"Program praktyk zawodowych w Pa\u0144stwowych Wy\u017cszych Szko\u0142ach Zawodowych &#8211; Aktualno\u015bci"},"content":{"rendered":"<hr>\n<p><img loading=\"lazy\" decoding=\"async\" class=\"size-large wp-image-1158 aligncenter\" src=\"https:\/\/pans.krosno.pl\/fundusze-europejskie-kursy\/wp-content\/uploads\/sites\/14\/2020\/05\/FE_Wiedza_Edukacja_Rozwoj_rgb-1-1024x200.jpg\" alt=\"\" width=\"740\" height=\"145\" srcset=\"https:\/\/pans.krosno.pl\/fundusze-zewnetrzne\/wp-content\/uploads\/sites\/14\/2020\/05\/FE_Wiedza_Edukacja_Rozwoj_rgb-1-1024x200.jpg 1024w, https:\/\/pans.krosno.pl\/fundusze-zewnetrzne\/wp-content\/uploads\/sites\/14\/2020\/05\/FE_Wiedza_Edukacja_Rozwoj_rgb-1-300x59.jpg 300w, https:\/\/pans.krosno.pl\/fundusze-zewnetrzne\/wp-content\/uploads\/sites\/14\/2020\/05\/FE_Wiedza_Edukacja_Rozwoj_rgb-1-768x150.jpg 768w, https:\/\/pans.krosno.pl\/fundusze-zewnetrzne\/wp-content\/uploads\/sites\/14\/2020\/05\/FE_Wiedza_Edukacja_Rozwoj_rgb-1-1536x301.jpg 1536w, https:\/\/pans.krosno.pl\/fundusze-zewnetrzne\/wp-content\/uploads\/sites\/14\/2020\/05\/FE_Wiedza_Edukacja_Rozwoj_rgb-1-2048x401.jpg 2048w, https:\/\/pans.krosno.pl\/fundusze-zewnetrzne\/wp-content\/uploads\/sites\/14\/2020\/05\/FE_Wiedza_Edukacja_Rozwoj_rgb-1-2000x392.jpg 2000w, https:\/\/pans.krosno.pl\/fundusze-zewnetrzne\/wp-content\/uploads\/sites\/14\/2020\/05\/FE_Wiedza_Edukacja_Rozwoj_rgb-1-800x157.jpg 800w, https:\/\/pans.krosno.pl\/fundusze-zewnetrzne\/wp-content\/uploads\/sites\/14\/2020\/05\/FE_Wiedza_Edukacja_Rozwoj_rgb-1-580x114.jpg 580w\" sizes=\"auto, (max-width: 740px) 100vw, 740px\" \/><\/p>\n\n<ul class=\"wp-block-latest-posts__list has-dates wp-block-latest-posts\"><li><a class=\"wp-block-latest-posts__post-title\" href=\"https:\/\/pans.krosno.pl\/fundusze-zewnetrzne\/rekrutacja-na-uczelnianych-opiekunow-pilotazowych-praktyk-zawodowych-iii-nabor\/\">Rekrutacja na uczelnianych opiekun\u00f3w pilota\u017cowych praktyk zawodowych (III Nab\u00f3r)<\/a><time datetime=\"2018-03-13T17:24:04+01:00\" class=\"wp-block-latest-posts__post-date\">13 marca 2018<\/time><div class=\"wp-block-latest-posts__post-excerpt\">Rekrutacja na uczelnianych opiekun\u00f3w pilota\u017cowych praktyk zawodowych student\u00f3w Pa\u0144stwowej Wy\u017cszej Szko\u0142y Zawodowej im. Stanis\u0142awa Pigonia w Kro\u015bnie w ramach projektu pozakonkursowego o charakterze koncepcyjnym pt. \u201eProgram praktyk zawodowych w Pa\u0144stwowych Wy\u017cszych Szko\u0142ach Zawodowych&#8221; w ramach Programu Operacyjnego Wiedza Edukacja [\u2026] <div class=\"clear\"><\/div><a class=\"more_link clearfix\" href=\"https:\/\/pans.krosno.pl\/fundusze-zewnetrzne\/rekrutacja-na-uczelnianych-opiekunow-pilotazowych-praktyk-zawodowych-iii-nabor\/\" rel=\"nofollow\">Read More<\/a><\/div><\/li>\n<li><a class=\"wp-block-latest-posts__post-title\" href=\"https:\/\/pans.krosno.pl\/fundusze-zewnetrzne\/rekrutacja-instytucji-zakladow-pracy-w-ramach-ii-edycji-projektu\/\">Rekrutacja instytucji (zak\u0142ad\u00f3w pracy) w ramach II edycji projektu<\/a><time datetime=\"2018-02-13T17:26:00+01:00\" class=\"wp-block-latest-posts__post-date\">13 lutego 2018<\/time><div class=\"wp-block-latest-posts__post-excerpt\">Pa\u0144stwowa Wy\u017csza Szko\u0142a Zawodowa im. Stanis\u0142awa Pigonia w Kro\u015bnie og\u0142asza rekrutacj\u0119 instytucji (zak\u0142ad\u00f3w pracy) przyjmuj\u0105cych na pilota\u017cowe praktyki zawodowe student\u00f3w PWSZ w Kro\u015bnie, prowadzonych w ramach projektu \u201eProgram praktyk zawodowych Pa\u0144stwowych Wy\u017cszych Szko\u0142ach Zawodowych\u201d Nr POWR.03.01.00-00-P002\/15 w ramach Programu [\u2026] <div class=\"clear\"><\/div><a class=\"more_link clearfix\" href=\"https:\/\/pans.krosno.pl\/fundusze-zewnetrzne\/rekrutacja-instytucji-zakladow-pracy-w-ramach-ii-edycji-projektu\/\" rel=\"nofollow\">Read More<\/a><\/div><\/li>\n<li><a class=\"wp-block-latest-posts__post-title\" href=\"https:\/\/pans.krosno.pl\/fundusze-zewnetrzne\/wyniki-rekrutacji-studentow-iii-nabor\/\">Wyniki rekrutacji student\u00f3w (III Nab\u00f3r)<\/a><time datetime=\"2018-01-13T17:31:20+01:00\" class=\"wp-block-latest-posts__post-date\">13 stycznia 2018<\/time><div class=\"wp-block-latest-posts__post-excerpt\">Pa\u0144stwowa Wy\u017csza Szko\u0142a Zawodowa im. Stanis\u0142awa Pigonia w Kro\u015bnie og\u0142asza list\u0119 rankingow\u0105 student\u00f3w zakwalifikowanych do II edycji projektu pt. \u201eProgram praktyk zawodowych w Pa\u0144stwowych Wy\u017cszych Szko\u0142ach Zawodowych\u201d nr POWR.03.01.00-00-P002\/15.<\/div><\/li>\n<li><a class=\"wp-block-latest-posts__post-title\" href=\"https:\/\/pans.krosno.pl\/fundusze-zewnetrzne\/rekrutacja-studentow-iii-nabor\/\">Rekrutacja student\u00f3w (III Nab\u00f3r)<\/a><time datetime=\"2017-12-13T17:32:00+01:00\" class=\"wp-block-latest-posts__post-date\">13 grudnia 2017<\/time><div class=\"wp-block-latest-posts__post-excerpt\">ekrutacja student\u00f3w na p\u0142atne praktyki zawodowe Rekrutacja student\u00f3w na praktyki w ramach projektu pozakonkursowego o charakterze koncepcyjnym pt. \u201eProgram praktyk zawodowych w Pa\u0144stwowych Wy\u017cszych Szko\u0142ach Zawodowych\u201d nr POWR.03.01.00-00-P002\/15 w ramach Programu Operacyjnego Wiedza Edukacja Rozw\u00f3j (PO WER) wsp\u00f3\u0142finansowanego ze [\u2026] <div class=\"clear\"><\/div><a class=\"more_link clearfix\" href=\"https:\/\/pans.krosno.pl\/fundusze-zewnetrzne\/rekrutacja-studentow-iii-nabor\/\" rel=\"nofollow\">Read More<\/a><\/div><\/li>\n<li><a class=\"wp-block-latest-posts__post-title\" href=\"https:\/\/pans.krosno.pl\/fundusze-zewnetrzne\/umowy-dla-studentow-i-nabor\/\">Umowy dla student\u00f3w (I Nab\u00f3r)<\/a><time datetime=\"2017-04-13T17:35:12+02:00\" class=\"wp-block-latest-posts__post-date\">13 kwietnia 2017<\/time><div class=\"wp-block-latest-posts__post-excerpt\">W zwi\u0105zku z rozpocz\u0119ciem programu praktyk, studenci z kierunk\u00f3w: Piel\u0119gniarstwo, Informatyka, Budownictwo, In\u017cynieria \u015brodowiska i Towaroznawstwo proszeni s\u0105 o zg\u0142oszenie do biura projektu tj. Dzia\u0142 Rozwoju i Promocji Uczelni, Rynek 1 (pok. 11) w celu podpisania um\u00f3w do dnia&nbsp;10 [\u2026] <div class=\"clear\"><\/div><a class=\"more_link clearfix\" href=\"https:\/\/pans.krosno.pl\/fundusze-zewnetrzne\/umowy-dla-studentow-i-nabor\/\" rel=\"nofollow\">Read More<\/a><\/div><\/li>\n<li><a class=\"wp-block-latest-posts__post-title\" href=\"https:\/\/pans.krosno.pl\/fundusze-zewnetrzne\/rekrutacja-uzupelniajaca-uczelnianych-opiekunow-praktyk-zawodowych-i-nabor\/\">Rekrutacja uzupe\u0142niaj\u0105ca uczelnianych opiekun\u00f3w praktyk zawodowych (I Nab\u00f3r)<\/a><time datetime=\"2017-03-13T17:36:00+01:00\" class=\"wp-block-latest-posts__post-date\">13 marca 2017<\/time><div class=\"wp-block-latest-posts__post-excerpt\">Pa\u0144stwowa Wy\u017csza Szko\u0142a Zawodowa im. Stanis\u0142awa Pigonia w Kro\u015bnie og\u0142asza rekrutacj\u0119 uzupe\u0142niaj\u0105c\u0105 na uczelnianych opiekun\u00f3w praktyk zawodowych, do prowadzenia pilota\u017cowych praktyk zawodowych na kierunku studi\u00f3w: Informatyka, realizowanych w ramach&nbsp; projektu \u201eProgram praktyk zawodowych w Pa\u0144stwowych Wy\u017cszych Szko\u0142ach Zawodowych\u201d w [\u2026] <div class=\"clear\"><\/div><a class=\"more_link clearfix\" href=\"https:\/\/pans.krosno.pl\/fundusze-zewnetrzne\/rekrutacja-uzupelniajaca-uczelnianych-opiekunow-praktyk-zawodowych-i-nabor\/\" rel=\"nofollow\">Read More<\/a><\/div><\/li>\n<li><a class=\"wp-block-latest-posts__post-title\" href=\"https:\/\/pans.krosno.pl\/fundusze-zewnetrzne\/lista-rankingowa-instytucji-zakladow-pracy-i-nabor\/\">Lista rankingowa instytucji\/zak\u0142ad\u00f3w pracy (I Nab\u00f3r)<\/a><time datetime=\"2017-02-13T17:37:00+01:00\" class=\"wp-block-latest-posts__post-date\">13 lutego 2017<\/time><div class=\"wp-block-latest-posts__post-excerpt\">Pa\u0144stwowa Wy\u017csza Szko\u0142a Zawodowa im. Stanis\u0142awa Pigonia w Kro\u015bnie og\u0142asza list\u0119 rankingow\u0105 instytucji\/zak\u0142ad\u00f3w pracy do udzia\u0142u projekcie pt. \u201eProgram praktyk zawodowych w Pa\u0144stwowych Wy\u017cszych Szko\u0142ach Zawodowych\u201d. Studenci zakwalifikowani do projektu proszeni s\u0105 o wyb\u00f3r i&nbsp; uzgodnienie miejsc praktyk z [\u2026] <div class=\"clear\"><\/div><a class=\"more_link clearfix\" href=\"https:\/\/pans.krosno.pl\/fundusze-zewnetrzne\/lista-rankingowa-instytucji-zakladow-pracy-i-nabor\/\" rel=\"nofollow\">Read More<\/a><\/div><\/li>\n<\/ul>","protected":false},"excerpt":{"rendered":"","protected":false},"author":27,"featured_media":0,"parent":884,"menu_order":0,"comment_status":"closed","ping_status":"closed","template":"page-templates\/template-full-width.php","meta":{"ngg_post_thumbnail":0,"footnotes":""},"class_list":["post-702","page","type-page","status-publish","hentry"],"yoast_head":"<!-- This site is optimized with the Yoast SEO Premium plugin v27.3 (Yoast SEO v27.3) - https:\/\/yoast.com\/product\/yoast-seo-premium-wordpress\/ -->\n<title>Program praktyk zawodowych w Pa\u0144stwowych Wy\u017cszych Szko\u0142ach Zawodowych - Aktualno\u015bci - Fundusze zewn\u0119trzne PANS w Kro\u015bnie<\/title>\n<meta name=\"robots\" content=\"index, follow, max-snippet:-1, max-image-preview:large, max-video-preview:-1\" \/>\n<link rel=\"canonical\" href=\"https:\/\/pans.krosno.pl\/fundusze-zewnetrzne\/projekty-zrealizowane\/program-praktyk-zawodowych\/program-praktyk-zawodowych-aktualnosci\/\" \/>\n<meta property=\"og:locale\" content=\"pl_PL\" \/>\n<meta property=\"og:type\" content=\"article\" \/>\n<meta property=\"og:title\" content=\"Program praktyk zawodowych w Pa\u0144stwowych Wy\u017cszych Szko\u0142ach Zawodowych - Aktualno\u015bci\" \/>\n<meta property=\"og:url\" content=\"https:\/\/pans.krosno.pl\/fundusze-zewnetrzne\/projekty-zrealizowane\/program-praktyk-zawodowych\/program-praktyk-zawodowych-aktualnosci\/\" \/>\n<meta property=\"og:site_name\" content=\"Fundusze zewn\u0119trzne PANS w Kro\u015bnie\" \/>\n<meta property=\"article:modified_time\" content=\"2022-05-25T07:37:00+00:00\" \/>\n<meta property=\"og:image\" content=\"https:\/\/pans.krosno.pl\/fundusze-europejskie-kursy\/wp-content\/uploads\/sites\/14\/2020\/05\/FE_Wiedza_Edukacja_Rozwoj_rgb-1-1024x200.jpg\" \/>\n<meta name=\"twitter:card\" content=\"summary_large_image\" \/>\n<meta name=\"twitter:label1\" content=\"Szacowany czas czytania\" \/>\n\t<meta name=\"twitter:data1\" content=\"1 minuta\" \/>\n<script type=\"application\/ld+json\" class=\"yoast-schema-graph\">{\"@context\":\"https:\\\/\\\/schema.org\",\"@graph\":[{\"@type\":\"WebPage\",\"@id\":\"https:\\\/\\\/pans.krosno.pl\\\/fundusze-zewnetrzne\\\/projekty-zrealizowane\\\/program-praktyk-zawodowych\\\/program-praktyk-zawodowych-aktualnosci\\\/\",\"url\":\"https:\\\/\\\/pans.krosno.pl\\\/fundusze-zewnetrzne\\\/projekty-zrealizowane\\\/program-praktyk-zawodowych\\\/program-praktyk-zawodowych-aktualnosci\\\/\",\"name\":\"Program praktyk zawodowych w Pa\u0144stwowych Wy\u017cszych Szko\u0142ach Zawodowych - Aktualno\u015bci - Fundusze zewn\u0119trzne PANS w Kro\u015bnie\",\"isPartOf\":{\"@id\":\"https:\\\/\\\/pans.krosno.pl\\\/fundusze-zewnetrzne\\\/#website\"},\"primaryImageOfPage\":{\"@id\":\"https:\\\/\\\/pans.krosno.pl\\\/fundusze-zewnetrzne\\\/projekty-zrealizowane\\\/program-praktyk-zawodowych\\\/program-praktyk-zawodowych-aktualnosci\\\/#primaryimage\"},\"image\":{\"@id\":\"https:\\\/\\\/pans.krosno.pl\\\/fundusze-zewnetrzne\\\/projekty-zrealizowane\\\/program-praktyk-zawodowych\\\/program-praktyk-zawodowych-aktualnosci\\\/#primaryimage\"},\"thumbnailUrl\":\"https:\\\/\\\/pans.krosno.pl\\\/fundusze-europejskie-kursy\\\/wp-content\\\/uploads\\\/sites\\\/14\\\/2020\\\/05\\\/FE_Wiedza_Edukacja_Rozwoj_rgb-1-1024x200.jpg\",\"datePublished\":\"2020-05-13T15:23:59+00:00\",\"dateModified\":\"2022-05-25T07:37:00+00:00\",\"breadcrumb\":{\"@id\":\"https:\\\/\\\/pans.krosno.pl\\\/fundusze-zewnetrzne\\\/projekty-zrealizowane\\\/program-praktyk-zawodowych\\\/program-praktyk-zawodowych-aktualnosci\\\/#breadcrumb\"},\"inLanguage\":\"pl-PL\",\"potentialAction\":[{\"@type\":\"ReadAction\",\"target\":[\"https:\\\/\\\/pans.krosno.pl\\\/fundusze-zewnetrzne\\\/projekty-zrealizowane\\\/program-praktyk-zawodowych\\\/program-praktyk-zawodowych-aktualnosci\\\/\"]}]},{\"@type\":\"ImageObject\",\"inLanguage\":\"pl-PL\",\"@id\":\"https:\\\/\\\/pans.krosno.pl\\\/fundusze-zewnetrzne\\\/projekty-zrealizowane\\\/program-praktyk-zawodowych\\\/program-praktyk-zawodowych-aktualnosci\\\/#primaryimage\",\"url\":\"https:\\\/\\\/pans.krosno.pl\\\/fundusze-europejskie-kursy\\\/wp-content\\\/uploads\\\/sites\\\/14\\\/2020\\\/05\\\/FE_Wiedza_Edukacja_Rozwoj_rgb-1-1024x200.jpg\",\"contentUrl\":\"https:\\\/\\\/pans.krosno.pl\\\/fundusze-europejskie-kursy\\\/wp-content\\\/uploads\\\/sites\\\/14\\\/2020\\\/05\\\/FE_Wiedza_Edukacja_Rozwoj_rgb-1-1024x200.jpg\"},{\"@type\":\"BreadcrumbList\",\"@id\":\"https:\\\/\\\/pans.krosno.pl\\\/fundusze-zewnetrzne\\\/projekty-zrealizowane\\\/program-praktyk-zawodowych\\\/program-praktyk-zawodowych-aktualnosci\\\/#breadcrumb\",\"itemListElement\":[{\"@type\":\"ListItem\",\"position\":1,\"name\":\"Strona g\u0142\u00f3wna\",\"item\":\"https:\\\/\\\/pans.krosno.pl\\\/fundusze-zewnetrzne\\\/\"},{\"@type\":\"ListItem\",\"position\":2,\"name\":\"Projekty zrealizowane\",\"item\":\"https:\\\/\\\/pans.krosno.pl\\\/fundusze-zewnetrzne\\\/projekty-zrealizowane\\\/\"},{\"@type\":\"ListItem\",\"position\":3,\"name\":\"Program praktyk zawodowych w Pa\u0144stwowych Wy\u017cszych Szko\u0142ach Zawodowych\",\"item\":\"https:\\\/\\\/pans.krosno.pl\\\/fundusze-zewnetrzne\\\/projekty-zrealizowane\\\/program-praktyk-zawodowych\\\/\"},{\"@type\":\"ListItem\",\"position\":4,\"name\":\"Program praktyk zawodowych w Pa\u0144stwowych Wy\u017cszych Szko\u0142ach Zawodowych &#8211; Aktualno\u015bci\"}]},{\"@type\":\"WebSite\",\"@id\":\"https:\\\/\\\/pans.krosno.pl\\\/fundusze-zewnetrzne\\\/#website\",\"url\":\"https:\\\/\\\/pans.krosno.pl\\\/fundusze-zewnetrzne\\\/\",\"name\":\"Fundusze zewn\u0119trzne PANS w Kro\u015bnie\",\"description\":\"Fundusze zewn\u0119trzne  - Pa\u0144stwowa Akademia Nauk Stosowanych\",\"publisher\":{\"@id\":\"https:\\\/\\\/pans.krosno.pl\\\/fundusze-zewnetrzne\\\/#organization\"},\"potentialAction\":[{\"@type\":\"SearchAction\",\"target\":{\"@type\":\"EntryPoint\",\"urlTemplate\":\"https:\\\/\\\/pans.krosno.pl\\\/fundusze-zewnetrzne\\\/?s={search_term_string}\"},\"query-input\":{\"@type\":\"PropertyValueSpecification\",\"valueRequired\":true,\"valueName\":\"search_term_string\"}}],\"inLanguage\":\"pl-PL\"},{\"@type\":\"Organization\",\"@id\":\"https:\\\/\\\/pans.krosno.pl\\\/fundusze-zewnetrzne\\\/#organization\",\"name\":\"Fundusze zewn\u0119trzne PANS w Kro\u015bnie\",\"url\":\"https:\\\/\\\/pans.krosno.pl\\\/fundusze-zewnetrzne\\\/\",\"logo\":{\"@type\":\"ImageObject\",\"inLanguage\":\"pl-PL\",\"@id\":\"https:\\\/\\\/pans.krosno.pl\\\/fundusze-zewnetrzne\\\/#\\\/schema\\\/logo\\\/image\\\/\",\"url\":\"https:\\\/\\\/pans.krosno.pl\\\/fundusze-zewnetrzne\\\/wp-content\\\/uploads\\\/sites\\\/14\\\/2023\\\/01\\\/Logo-PANS-2022-pelne.png\",\"contentUrl\":\"https:\\\/\\\/pans.krosno.pl\\\/fundusze-zewnetrzne\\\/wp-content\\\/uploads\\\/sites\\\/14\\\/2023\\\/01\\\/Logo-PANS-2022-pelne.png\",\"width\":3096,\"height\":696,\"caption\":\"Fundusze zewn\u0119trzne PANS w Kro\u015bnie\"},\"image\":{\"@id\":\"https:\\\/\\\/pans.krosno.pl\\\/fundusze-zewnetrzne\\\/#\\\/schema\\\/logo\\\/image\\\/\"}}]}<\/script>\n<!-- \/ Yoast SEO Premium plugin. -->","yoast_head_json":{"title":"Program praktyk zawodowych w Pa\u0144stwowych Wy\u017cszych Szko\u0142ach Zawodowych - Aktualno\u015bci - Fundusze zewn\u0119trzne PANS w Kro\u015bnie","robots":{"index":"index","follow":"follow","max-snippet":"max-snippet:-1","max-image-preview":"max-image-preview:large","max-video-preview":"max-video-preview:-1"},"canonical":"https:\/\/pans.krosno.pl\/fundusze-zewnetrzne\/projekty-zrealizowane\/program-praktyk-zawodowych\/program-praktyk-zawodowych-aktualnosci\/","og_locale":"pl_PL","og_type":"article","og_title":"Program praktyk zawodowych w Pa\u0144stwowych Wy\u017cszych Szko\u0142ach Zawodowych - Aktualno\u015bci","og_url":"https:\/\/pans.krosno.pl\/fundusze-zewnetrzne\/projekty-zrealizowane\/program-praktyk-zawodowych\/program-praktyk-zawodowych-aktualnosci\/","og_site_name":"Fundusze zewn\u0119trzne PANS w Kro\u015bnie","article_modified_time":"2022-05-25T07:37:00+00:00","og_image":[{"url":"https:\/\/pans.krosno.pl\/fundusze-europejskie-kursy\/wp-content\/uploads\/sites\/14\/2020\/05\/FE_Wiedza_Edukacja_Rozwoj_rgb-1-1024x200.jpg","type":"","width":"","height":""}],"twitter_card":"summary_large_image","twitter_misc":{"Szacowany czas czytania":"1 minuta"},"schema":{"@context":"https:\/\/schema.org","@graph":[{"@type":"WebPage","@id":"https:\/\/pans.krosno.pl\/fundusze-zewnetrzne\/projekty-zrealizowane\/program-praktyk-zawodowych\/program-praktyk-zawodowych-aktualnosci\/","url":"https:\/\/pans.krosno.pl\/fundusze-zewnetrzne\/projekty-zrealizowane\/program-praktyk-zawodowych\/program-praktyk-zawodowych-aktualnosci\/","name":"Program praktyk zawodowych w Pa\u0144stwowych Wy\u017cszych Szko\u0142ach Zawodowych - Aktualno\u015bci - Fundusze zewn\u0119trzne PANS w Kro\u015bnie","isPartOf":{"@id":"https:\/\/pans.krosno.pl\/fundusze-zewnetrzne\/#website"},"primaryImageOfPage":{"@id":"https:\/\/pans.krosno.pl\/fundusze-zewnetrzne\/projekty-zrealizowane\/program-praktyk-zawodowych\/program-praktyk-zawodowych-aktualnosci\/#primaryimage"},"image":{"@id":"https:\/\/pans.krosno.pl\/fundusze-zewnetrzne\/projekty-zrealizowane\/program-praktyk-zawodowych\/program-praktyk-zawodowych-aktualnosci\/#primaryimage"},"thumbnailUrl":"https:\/\/pans.krosno.pl\/fundusze-europejskie-kursy\/wp-content\/uploads\/sites\/14\/2020\/05\/FE_Wiedza_Edukacja_Rozwoj_rgb-1-1024x200.jpg","datePublished":"2020-05-13T15:23:59+00:00","dateModified":"2022-05-25T07:37:00+00:00","breadcrumb":{"@id":"https:\/\/pans.krosno.pl\/fundusze-zewnetrzne\/projekty-zrealizowane\/program-praktyk-zawodowych\/program-praktyk-zawodowych-aktualnosci\/#breadcrumb"},"inLanguage":"pl-PL","potentialAction":[{"@type":"ReadAction","target":["https:\/\/pans.krosno.pl\/fundusze-zewnetrzne\/projekty-zrealizowane\/program-praktyk-zawodowych\/program-praktyk-zawodowych-aktualnosci\/"]}]},{"@type":"ImageObject","inLanguage":"pl-PL","@id":"https:\/\/pans.krosno.pl\/fundusze-zewnetrzne\/projekty-zrealizowane\/program-praktyk-zawodowych\/program-praktyk-zawodowych-aktualnosci\/#primaryimage","url":"https:\/\/pans.krosno.pl\/fundusze-europejskie-kursy\/wp-content\/uploads\/sites\/14\/2020\/05\/FE_Wiedza_Edukacja_Rozwoj_rgb-1-1024x200.jpg","contentUrl":"https:\/\/pans.krosno.pl\/fundusze-europejskie-kursy\/wp-content\/uploads\/sites\/14\/2020\/05\/FE_Wiedza_Edukacja_Rozwoj_rgb-1-1024x200.jpg"},{"@type":"BreadcrumbList","@id":"https:\/\/pans.krosno.pl\/fundusze-zewnetrzne\/projekty-zrealizowane\/program-praktyk-zawodowych\/program-praktyk-zawodowych-aktualnosci\/#breadcrumb","itemListElement":[{"@type":"ListItem","position":1,"name":"Strona g\u0142\u00f3wna","item":"https:\/\/pans.krosno.pl\/fundusze-zewnetrzne\/"},{"@type":"ListItem","position":2,"name":"Projekty zrealizowane","item":"https:\/\/pans.krosno.pl\/fundusze-zewnetrzne\/projekty-zrealizowane\/"},{"@type":"ListItem","position":3,"name":"Program praktyk zawodowych w Pa\u0144stwowych Wy\u017cszych Szko\u0142ach Zawodowych","item":"https:\/\/pans.krosno.pl\/fundusze-zewnetrzne\/projekty-zrealizowane\/program-praktyk-zawodowych\/"},{"@type":"ListItem","position":4,"name":"Program praktyk zawodowych w Pa\u0144stwowych Wy\u017cszych Szko\u0142ach Zawodowych &#8211; Aktualno\u015bci"}]},{"@type":"WebSite","@id":"https:\/\/pans.krosno.pl\/fundusze-zewnetrzne\/#website","url":"https:\/\/pans.krosno.pl\/fundusze-zewnetrzne\/","name":"Fundusze zewn\u0119trzne PANS w Kro\u015bnie","description":"Fundusze zewn\u0119trzne  - Pa\u0144stwowa Akademia Nauk Stosowanych","publisher":{"@id":"https:\/\/pans.krosno.pl\/fundusze-zewnetrzne\/#organization"},"potentialAction":[{"@type":"SearchAction","target":{"@type":"EntryPoint","urlTemplate":"https:\/\/pans.krosno.pl\/fundusze-zewnetrzne\/?s={search_term_string}"},"query-input":{"@type":"PropertyValueSpecification","valueRequired":true,"valueName":"search_term_string"}}],"inLanguage":"pl-PL"},{"@type":"Organization","@id":"https:\/\/pans.krosno.pl\/fundusze-zewnetrzne\/#organization","name":"Fundusze zewn\u0119trzne PANS w Kro\u015bnie","url":"https:\/\/pans.krosno.pl\/fundusze-zewnetrzne\/","logo":{"@type":"ImageObject","inLanguage":"pl-PL","@id":"https:\/\/pans.krosno.pl\/fundusze-zewnetrzne\/#\/schema\/logo\/image\/","url":"https:\/\/pans.krosno.pl\/fundusze-zewnetrzne\/wp-content\/uploads\/sites\/14\/2023\/01\/Logo-PANS-2022-pelne.png","contentUrl":"https:\/\/pans.krosno.pl\/fundusze-zewnetrzne\/wp-content\/uploads\/sites\/14\/2023\/01\/Logo-PANS-2022-pelne.png","width":3096,"height":696,"caption":"Fundusze zewn\u0119trzne PANS w Kro\u015bnie"},"image":{"@id":"https:\/\/pans.krosno.pl\/fundusze-zewnetrzne\/#\/schema\/logo\/image\/"}}]}},"_links":{"self":[{"href":"https:\/\/pans.krosno.pl\/fundusze-zewnetrzne\/wp-json\/wp\/v2\/pages\/702","targetHints":{"allow":["GET"]}}],"collection":[{"href":"https:\/\/pans.krosno.pl\/fundusze-zewnetrzne\/wp-json\/wp\/v2\/pages"}],"about":[{"href":"https:\/\/pans.krosno.pl\/fundusze-zewnetrzne\/wp-json\/wp\/v2\/types\/page"}],"author":[{"embeddable":true,"href":"https:\/\/pans.krosno.pl\/fundusze-zewnetrzne\/wp-json\/wp\/v2\/users\/27"}],"replies":[{"embeddable":true,"href":"https:\/\/pans.krosno.pl\/fundusze-zewnetrzne\/wp-json\/wp\/v2\/comments?post=702"}],"version-history":[{"count":10,"href":"https:\/\/pans.krosno.pl\/fundusze-zewnetrzne\/wp-json\/wp\/v2\/pages\/702\/revisions"}],"predecessor-version":[{"id":3249,"href":"https:\/\/pans.krosno.pl\/fundusze-zewnetrzne\/wp-json\/wp\/v2\/pages\/702\/revisions\/3249"}],"up":[{"embeddable":true,"href":"https:\/\/pans.krosno.pl\/fundusze-zewnetrzne\/wp-json\/wp\/v2\/pages\/884"}],"wp:attachment":[{"href":"https:\/\/pans.krosno.pl\/fundusze-zewnetrzne\/wp-json\/wp\/v2\/media?parent=702"}],"curies":[{"name":"wp","href":"https:\/\/api.w.org\/{rel}","templated":true}]}}