{"id":700,"date":"2020-05-13T17:23:05","date_gmt":"2020-05-13T15:23:05","guid":{"rendered":"https:\/\/pans.krosno.pl\/fundusze-europejskie-kursy\/?page_id=700"},"modified":"2022-05-25T09:36:42","modified_gmt":"2022-05-25T07:36:42","slug":"program-praktyk-zawodowych-o-projekcie","status":"publish","type":"page","link":"https:\/\/pans.krosno.pl\/fundusze-zewnetrzne\/projekty-zrealizowane\/program-praktyk-zawodowych\/program-praktyk-zawodowych-o-projekcie\/","title":{"rendered":"Program praktyk zawodowych w Pa\u0144stwowych Wy\u017cszych Szko\u0142ach Zawodowych &#8211; O projekcie"},"content":{"rendered":"<hr>\n<p><img loading=\"lazy\" decoding=\"async\" class=\"size-large wp-image-1158 aligncenter\" src=\"https:\/\/pans.krosno.pl\/fundusze-europejskie-kursy\/wp-content\/uploads\/sites\/14\/2020\/05\/FE_Wiedza_Edukacja_Rozwoj_rgb-1-1024x200.jpg\" alt=\"\" width=\"740\" height=\"145\" srcset=\"https:\/\/pans.krosno.pl\/fundusze-zewnetrzne\/wp-content\/uploads\/sites\/14\/2020\/05\/FE_Wiedza_Edukacja_Rozwoj_rgb-1-1024x200.jpg 1024w, https:\/\/pans.krosno.pl\/fundusze-zewnetrzne\/wp-content\/uploads\/sites\/14\/2020\/05\/FE_Wiedza_Edukacja_Rozwoj_rgb-1-300x59.jpg 300w, https:\/\/pans.krosno.pl\/fundusze-zewnetrzne\/wp-content\/uploads\/sites\/14\/2020\/05\/FE_Wiedza_Edukacja_Rozwoj_rgb-1-768x150.jpg 768w, https:\/\/pans.krosno.pl\/fundusze-zewnetrzne\/wp-content\/uploads\/sites\/14\/2020\/05\/FE_Wiedza_Edukacja_Rozwoj_rgb-1-1536x301.jpg 1536w, https:\/\/pans.krosno.pl\/fundusze-zewnetrzne\/wp-content\/uploads\/sites\/14\/2020\/05\/FE_Wiedza_Edukacja_Rozwoj_rgb-1-2048x401.jpg 2048w, https:\/\/pans.krosno.pl\/fundusze-zewnetrzne\/wp-content\/uploads\/sites\/14\/2020\/05\/FE_Wiedza_Edukacja_Rozwoj_rgb-1-2000x392.jpg 2000w, https:\/\/pans.krosno.pl\/fundusze-zewnetrzne\/wp-content\/uploads\/sites\/14\/2020\/05\/FE_Wiedza_Edukacja_Rozwoj_rgb-1-800x157.jpg 800w, https:\/\/pans.krosno.pl\/fundusze-zewnetrzne\/wp-content\/uploads\/sites\/14\/2020\/05\/FE_Wiedza_Edukacja_Rozwoj_rgb-1-580x114.jpg 580w\" sizes=\"auto, (max-width: 740px) 100vw, 740px\" \/><\/p>\n\n\n<p>Pa\u0144stwowa Wy\u017csza Szko\u0142a Zawodowa im. Stanis\u0142awa Pigonia w Kro\u015bnie realizowa\u0142a projekt pozakonkursowy o charakterze koncepcyjnym pt.: Program praktyk zawodowych w Pa\u0144stwowych Wy\u017cszych Szko\u0142ach Zawodowych nr POWR.03.01.00-00-P002\/15 wsp\u00f3\u0142finansowany ze \u015brodk\u00f3w Europejskiego Funduszu Spo\u0142ecznego w ramach Programu Operacyjnego Wiedza Edukacja Rozw\u00f3j.<\/p>\n\n\n\n<p><strong>Cel projektu<\/strong><\/p>\n\n\n\n<p>Projekt mia\u0142 na celu wypracowanie jednolitego systemu prowadzenia sze\u015bciomiesi\u0119cznych praktyk zawodowych. Wypracowanie jednolitego systemu sze\u015bciomiesi\u0119cznych praktyk zawodowych prowadzono w \u015bcis\u0142ej wsp\u00f3\u0142pracy z pracodawcami.<\/p>\n\n\n\n<p>Wypracowanie w ramach Projektu wzorcowego systemu praktyk zawodowych we wszystkich polskich publicznych uczelniach zawodowych doprowadzi\u0142o do wzmocnienia kompetencji zawodowych absolwent\u00f3w szk\u00f3\u0142 wy\u017cszych, dostosowanych do lokalnych rynk\u00f3w pracy w rejonach dzia\u0142ania uczelni.<\/p>\n\n\n\n<p><strong>Okres realizacji<\/strong><\/p>\n\n\n\n<p>Okres realizacji projektu: od: 2016-11-17 do: 2019-01-31.&nbsp;<\/p>\n\n\n\n<p><strong>Grupa docelowa<\/strong><\/p>\n\n\n\n<p><strong>I edycja projektu (I Nab\u00f3r)<\/strong><\/p>\n\n\n\n<p>117 uczestnik\u00f3w projektu z 10 kierunk\u00f3w studi\u00f3w tj. Budownictwo, Energetyka, In\u017cynieria \u015brodowiska, Informatyka, Mechanika i Budowa Maszyn, Pedagogika, Piel\u0119gniarstwo, Rolnictwo, Towaroznawstwo, Zarz\u0105dzanie.<\/p>\n\n\n\n<p><strong>II edycja projektu (III Nab\u00f3r)<\/strong><\/p>\n\n\n\n<p>86 uczestnik\u00f3w projektu z 6 kierunk\u00f3w studi\u00f3w tj. Budownictwo, Energetyka, Informatyka, Mechanika i Budowa Maszyn, Piel\u0119gniarstwo, Zarz\u0105dzanie.<\/p>\n\n\n\n<p><strong>Rezultaty projektu<\/strong><\/p>\n\n\n\n<p>Projekt daje mo\u017cliwo\u015b\u0107 \u015bci\u015blejszego powi\u0105zania studi\u00f3w ze \u015brodowiskiem pracy. Dzi\u0119ki temu studenci b\u0119d\u0105 lepiej przygotowywani do wej\u015bcia na rynek pracy, uczelnie za\u015b poszerz\u0105 wsp\u00f3\u0142prac\u0119 z przedsi\u0119biorstwami nie tylko w wymiarze badawczym, ale r\u00f3wnie\u017c dydaktycznym. Tym samym pracodawcom \u0142atwiej b\u0119dzie dotrze\u0107 do student\u00f3w z ofertami praktyk i wp\u0142ywa\u0107 na kszta\u0142t studi\u00f3w.<\/p>\n\n\n\n<p><strong>Warto\u015b\u0107 projektu<\/strong><\/p>\n\n\n\n<p><strong>I edycja projektu (I Nab\u00f3r)<\/strong><\/p>\n\n\n\n<p>Warto\u015b\u0107 projektu: 1 880 164,64 z\u0142<\/p>\n\n\n\n<p>Dofinansowanie z UE: 1 584 602,74&nbsp; z\u0142&nbsp;<\/p>\n\n\n\n<p><strong>II edycja projektu (III Nab\u00f3r)<\/strong><\/p>\n\n\n\n<p>Warto\u015b\u0107 projektu: 1 551 690,00 z\u0142<\/p>\n\n\n\n<p>Dofinansowanie z UE: 1 307 764,31&nbsp; z\u0142<\/p>\n","protected":false},"excerpt":{"rendered":"<p>Pa\u0144stwowa Wy\u017csza Szko\u0142a Zawodowa im. Stanis\u0142awa Pigonia w Kro\u015bnie realizowa\u0142a projekt pozakonkursowy o charakterze koncepcyjnym pt.: Program praktyk zawodowych w Pa\u0144stwowych Wy\u017cszych Szko\u0142ach Zawodowych nr POWR.03.01.00-00-P002\/15 wsp\u00f3\u0142finansowany ze \u015brodk\u00f3w Europejskiego Funduszu Spo\u0142ecznego w ramach Programu Operacyjnego Wiedza Edukacja Rozw\u00f3j. Cel projektu Projekt mia\u0142 na celu wypracowanie jednolitego systemu prowadzenia sze\u015bciomiesi\u0119cznych [\u2026] <\/p>\n<div class=\"clear\"><\/div>\n<p><a class=\"more_link clearfix\" href=\"https:\/\/pans.krosno.pl\/fundusze-zewnetrzne\/projekty-zrealizowane\/program-praktyk-zawodowych\/program-praktyk-zawodowych-o-projekcie\/\" rel=\"nofollow\">Read More<\/a><\/p>\n","protected":false},"author":27,"featured_media":0,"parent":884,"menu_order":0,"comment_status":"closed","ping_status":"closed","template":"page-templates\/template-full-width.php","meta":{"ngg_post_thumbnail":0,"footnotes":""},"class_list":["post-700","page","type-page","status-publish","hentry"],"yoast_head":"<!-- This site is optimized with the Yoast SEO Premium plugin v27.3 (Yoast SEO v27.3) - https:\/\/yoast.com\/product\/yoast-seo-premium-wordpress\/ -->\n<title>Program praktyk zawodowych w Pa\u0144stwowych Wy\u017cszych Szko\u0142ach Zawodowych - O projekcie - Fundusze zewn\u0119trzne PANS w Kro\u015bnie<\/title>\n<meta name=\"robots\" content=\"index, follow, max-snippet:-1, max-image-preview:large, max-video-preview:-1\" \/>\n<link rel=\"canonical\" href=\"https:\/\/pans.krosno.pl\/fundusze-zewnetrzne\/projekty-zrealizowane\/program-praktyk-zawodowych\/program-praktyk-zawodowych-o-projekcie\/\" \/>\n<meta property=\"og:locale\" content=\"pl_PL\" \/>\n<meta property=\"og:type\" content=\"article\" \/>\n<meta property=\"og:title\" content=\"Program praktyk zawodowych w Pa\u0144stwowych Wy\u017cszych Szko\u0142ach Zawodowych - O projekcie\" \/>\n<meta property=\"og:description\" content=\"Pa\u0144stwowa Wy\u017csza Szko\u0142a Zawodowa im. Stanis\u0142awa Pigonia w Kro\u015bnie realizowa\u0142a projekt pozakonkursowy o charakterze koncepcyjnym pt.: Program praktyk zawodowych w Pa\u0144stwowych Wy\u017cszych Szko\u0142ach Zawodowych nr POWR.03.01.00-00-P002\/15 wsp\u00f3\u0142finansowany ze \u015brodk\u00f3w Europejskiego Funduszu Spo\u0142ecznego w ramach Programu Operacyjnego Wiedza Edukacja Rozw\u00f3j. Cel projektu Projekt mia\u0142 na celu wypracowanie jednolitego systemu prowadzenia sze\u015bciomiesi\u0119cznych [\u2026] Read More\" \/>\n<meta property=\"og:url\" content=\"https:\/\/pans.krosno.pl\/fundusze-zewnetrzne\/projekty-zrealizowane\/program-praktyk-zawodowych\/program-praktyk-zawodowych-o-projekcie\/\" \/>\n<meta property=\"og:site_name\" content=\"Fundusze zewn\u0119trzne PANS w Kro\u015bnie\" \/>\n<meta property=\"article:modified_time\" content=\"2022-05-25T07:36:42+00:00\" \/>\n<meta property=\"og:image\" content=\"https:\/\/pans.krosno.pl\/fundusze-europejskie-kursy\/wp-content\/uploads\/sites\/14\/2020\/05\/FE_Wiedza_Edukacja_Rozwoj_rgb-1-1024x200.jpg\" \/>\n<meta name=\"twitter:card\" content=\"summary_large_image\" \/>\n<meta name=\"twitter:label1\" content=\"Szacowany czas czytania\" \/>\n\t<meta name=\"twitter:data1\" content=\"2 minuty\" \/>\n<script type=\"application\/ld+json\" class=\"yoast-schema-graph\">{\"@context\":\"https:\\\/\\\/schema.org\",\"@graph\":[{\"@type\":\"WebPage\",\"@id\":\"https:\\\/\\\/pans.krosno.pl\\\/fundusze-zewnetrzne\\\/projekty-zrealizowane\\\/program-praktyk-zawodowych\\\/program-praktyk-zawodowych-o-projekcie\\\/\",\"url\":\"https:\\\/\\\/pans.krosno.pl\\\/fundusze-zewnetrzne\\\/projekty-zrealizowane\\\/program-praktyk-zawodowych\\\/program-praktyk-zawodowych-o-projekcie\\\/\",\"name\":\"Program praktyk zawodowych w Pa\u0144stwowych Wy\u017cszych Szko\u0142ach Zawodowych - O projekcie - Fundusze zewn\u0119trzne PANS w Kro\u015bnie\",\"isPartOf\":{\"@id\":\"https:\\\/\\\/pans.krosno.pl\\\/fundusze-zewnetrzne\\\/#website\"},\"primaryImageOfPage\":{\"@id\":\"https:\\\/\\\/pans.krosno.pl\\\/fundusze-zewnetrzne\\\/projekty-zrealizowane\\\/program-praktyk-zawodowych\\\/program-praktyk-zawodowych-o-projekcie\\\/#primaryimage\"},\"image\":{\"@id\":\"https:\\\/\\\/pans.krosno.pl\\\/fundusze-zewnetrzne\\\/projekty-zrealizowane\\\/program-praktyk-zawodowych\\\/program-praktyk-zawodowych-o-projekcie\\\/#primaryimage\"},\"thumbnailUrl\":\"https:\\\/\\\/pans.krosno.pl\\\/fundusze-europejskie-kursy\\\/wp-content\\\/uploads\\\/sites\\\/14\\\/2020\\\/05\\\/FE_Wiedza_Edukacja_Rozwoj_rgb-1-1024x200.jpg\",\"datePublished\":\"2020-05-13T15:23:05+00:00\",\"dateModified\":\"2022-05-25T07:36:42+00:00\",\"breadcrumb\":{\"@id\":\"https:\\\/\\\/pans.krosno.pl\\\/fundusze-zewnetrzne\\\/projekty-zrealizowane\\\/program-praktyk-zawodowych\\\/program-praktyk-zawodowych-o-projekcie\\\/#breadcrumb\"},\"inLanguage\":\"pl-PL\",\"potentialAction\":[{\"@type\":\"ReadAction\",\"target\":[\"https:\\\/\\\/pans.krosno.pl\\\/fundusze-zewnetrzne\\\/projekty-zrealizowane\\\/program-praktyk-zawodowych\\\/program-praktyk-zawodowych-o-projekcie\\\/\"]}]},{\"@type\":\"ImageObject\",\"inLanguage\":\"pl-PL\",\"@id\":\"https:\\\/\\\/pans.krosno.pl\\\/fundusze-zewnetrzne\\\/projekty-zrealizowane\\\/program-praktyk-zawodowych\\\/program-praktyk-zawodowych-o-projekcie\\\/#primaryimage\",\"url\":\"https:\\\/\\\/pans.krosno.pl\\\/fundusze-europejskie-kursy\\\/wp-content\\\/uploads\\\/sites\\\/14\\\/2020\\\/05\\\/FE_Wiedza_Edukacja_Rozwoj_rgb-1-1024x200.jpg\",\"contentUrl\":\"https:\\\/\\\/pans.krosno.pl\\\/fundusze-europejskie-kursy\\\/wp-content\\\/uploads\\\/sites\\\/14\\\/2020\\\/05\\\/FE_Wiedza_Edukacja_Rozwoj_rgb-1-1024x200.jpg\"},{\"@type\":\"BreadcrumbList\",\"@id\":\"https:\\\/\\\/pans.krosno.pl\\\/fundusze-zewnetrzne\\\/projekty-zrealizowane\\\/program-praktyk-zawodowych\\\/program-praktyk-zawodowych-o-projekcie\\\/#breadcrumb\",\"itemListElement\":[{\"@type\":\"ListItem\",\"position\":1,\"name\":\"Strona g\u0142\u00f3wna\",\"item\":\"https:\\\/\\\/pans.krosno.pl\\\/fundusze-zewnetrzne\\\/\"},{\"@type\":\"ListItem\",\"position\":2,\"name\":\"Projekty zrealizowane\",\"item\":\"https:\\\/\\\/pans.krosno.pl\\\/fundusze-zewnetrzne\\\/projekty-zrealizowane\\\/\"},{\"@type\":\"ListItem\",\"position\":3,\"name\":\"Program praktyk zawodowych w Pa\u0144stwowych Wy\u017cszych Szko\u0142ach Zawodowych\",\"item\":\"https:\\\/\\\/pans.krosno.pl\\\/fundusze-zewnetrzne\\\/projekty-zrealizowane\\\/program-praktyk-zawodowych\\\/\"},{\"@type\":\"ListItem\",\"position\":4,\"name\":\"Program praktyk zawodowych w Pa\u0144stwowych Wy\u017cszych Szko\u0142ach Zawodowych &#8211; O projekcie\"}]},{\"@type\":\"WebSite\",\"@id\":\"https:\\\/\\\/pans.krosno.pl\\\/fundusze-zewnetrzne\\\/#website\",\"url\":\"https:\\\/\\\/pans.krosno.pl\\\/fundusze-zewnetrzne\\\/\",\"name\":\"Fundusze zewn\u0119trzne PANS w Kro\u015bnie\",\"description\":\"Fundusze zewn\u0119trzne  - Pa\u0144stwowa Akademia Nauk Stosowanych\",\"publisher\":{\"@id\":\"https:\\\/\\\/pans.krosno.pl\\\/fundusze-zewnetrzne\\\/#organization\"},\"potentialAction\":[{\"@type\":\"SearchAction\",\"target\":{\"@type\":\"EntryPoint\",\"urlTemplate\":\"https:\\\/\\\/pans.krosno.pl\\\/fundusze-zewnetrzne\\\/?s={search_term_string}\"},\"query-input\":{\"@type\":\"PropertyValueSpecification\",\"valueRequired\":true,\"valueName\":\"search_term_string\"}}],\"inLanguage\":\"pl-PL\"},{\"@type\":\"Organization\",\"@id\":\"https:\\\/\\\/pans.krosno.pl\\\/fundusze-zewnetrzne\\\/#organization\",\"name\":\"Fundusze zewn\u0119trzne PANS w Kro\u015bnie\",\"url\":\"https:\\\/\\\/pans.krosno.pl\\\/fundusze-zewnetrzne\\\/\",\"logo\":{\"@type\":\"ImageObject\",\"inLanguage\":\"pl-PL\",\"@id\":\"https:\\\/\\\/pans.krosno.pl\\\/fundusze-zewnetrzne\\\/#\\\/schema\\\/logo\\\/image\\\/\",\"url\":\"https:\\\/\\\/pans.krosno.pl\\\/fundusze-zewnetrzne\\\/wp-content\\\/uploads\\\/sites\\\/14\\\/2023\\\/01\\\/Logo-PANS-2022-pelne.png\",\"contentUrl\":\"https:\\\/\\\/pans.krosno.pl\\\/fundusze-zewnetrzne\\\/wp-content\\\/uploads\\\/sites\\\/14\\\/2023\\\/01\\\/Logo-PANS-2022-pelne.png\",\"width\":3096,\"height\":696,\"caption\":\"Fundusze zewn\u0119trzne PANS w Kro\u015bnie\"},\"image\":{\"@id\":\"https:\\\/\\\/pans.krosno.pl\\\/fundusze-zewnetrzne\\\/#\\\/schema\\\/logo\\\/image\\\/\"}}]}<\/script>\n<!-- \/ Yoast SEO Premium plugin. -->","yoast_head_json":{"title":"Program praktyk zawodowych w Pa\u0144stwowych Wy\u017cszych Szko\u0142ach Zawodowych - O projekcie - Fundusze zewn\u0119trzne PANS w Kro\u015bnie","robots":{"index":"index","follow":"follow","max-snippet":"max-snippet:-1","max-image-preview":"max-image-preview:large","max-video-preview":"max-video-preview:-1"},"canonical":"https:\/\/pans.krosno.pl\/fundusze-zewnetrzne\/projekty-zrealizowane\/program-praktyk-zawodowych\/program-praktyk-zawodowych-o-projekcie\/","og_locale":"pl_PL","og_type":"article","og_title":"Program praktyk zawodowych w Pa\u0144stwowych Wy\u017cszych Szko\u0142ach Zawodowych - O projekcie","og_description":"Pa\u0144stwowa Wy\u017csza Szko\u0142a Zawodowa im. Stanis\u0142awa Pigonia w Kro\u015bnie realizowa\u0142a projekt pozakonkursowy o charakterze koncepcyjnym pt.: Program praktyk zawodowych w Pa\u0144stwowych Wy\u017cszych Szko\u0142ach Zawodowych nr POWR.03.01.00-00-P002\/15 wsp\u00f3\u0142finansowany ze \u015brodk\u00f3w Europejskiego Funduszu Spo\u0142ecznego w ramach Programu Operacyjnego Wiedza Edukacja Rozw\u00f3j. Cel projektu Projekt mia\u0142 na celu wypracowanie jednolitego systemu prowadzenia sze\u015bciomiesi\u0119cznych [\u2026] Read More","og_url":"https:\/\/pans.krosno.pl\/fundusze-zewnetrzne\/projekty-zrealizowane\/program-praktyk-zawodowych\/program-praktyk-zawodowych-o-projekcie\/","og_site_name":"Fundusze zewn\u0119trzne PANS w Kro\u015bnie","article_modified_time":"2022-05-25T07:36:42+00:00","og_image":[{"url":"https:\/\/pans.krosno.pl\/fundusze-europejskie-kursy\/wp-content\/uploads\/sites\/14\/2020\/05\/FE_Wiedza_Edukacja_Rozwoj_rgb-1-1024x200.jpg","type":"","width":"","height":""}],"twitter_card":"summary_large_image","twitter_misc":{"Szacowany czas czytania":"2 minuty"},"schema":{"@context":"https:\/\/schema.org","@graph":[{"@type":"WebPage","@id":"https:\/\/pans.krosno.pl\/fundusze-zewnetrzne\/projekty-zrealizowane\/program-praktyk-zawodowych\/program-praktyk-zawodowych-o-projekcie\/","url":"https:\/\/pans.krosno.pl\/fundusze-zewnetrzne\/projekty-zrealizowane\/program-praktyk-zawodowych\/program-praktyk-zawodowych-o-projekcie\/","name":"Program praktyk zawodowych w Pa\u0144stwowych Wy\u017cszych Szko\u0142ach Zawodowych - O projekcie - Fundusze zewn\u0119trzne PANS w Kro\u015bnie","isPartOf":{"@id":"https:\/\/pans.krosno.pl\/fundusze-zewnetrzne\/#website"},"primaryImageOfPage":{"@id":"https:\/\/pans.krosno.pl\/fundusze-zewnetrzne\/projekty-zrealizowane\/program-praktyk-zawodowych\/program-praktyk-zawodowych-o-projekcie\/#primaryimage"},"image":{"@id":"https:\/\/pans.krosno.pl\/fundusze-zewnetrzne\/projekty-zrealizowane\/program-praktyk-zawodowych\/program-praktyk-zawodowych-o-projekcie\/#primaryimage"},"thumbnailUrl":"https:\/\/pans.krosno.pl\/fundusze-europejskie-kursy\/wp-content\/uploads\/sites\/14\/2020\/05\/FE_Wiedza_Edukacja_Rozwoj_rgb-1-1024x200.jpg","datePublished":"2020-05-13T15:23:05+00:00","dateModified":"2022-05-25T07:36:42+00:00","breadcrumb":{"@id":"https:\/\/pans.krosno.pl\/fundusze-zewnetrzne\/projekty-zrealizowane\/program-praktyk-zawodowych\/program-praktyk-zawodowych-o-projekcie\/#breadcrumb"},"inLanguage":"pl-PL","potentialAction":[{"@type":"ReadAction","target":["https:\/\/pans.krosno.pl\/fundusze-zewnetrzne\/projekty-zrealizowane\/program-praktyk-zawodowych\/program-praktyk-zawodowych-o-projekcie\/"]}]},{"@type":"ImageObject","inLanguage":"pl-PL","@id":"https:\/\/pans.krosno.pl\/fundusze-zewnetrzne\/projekty-zrealizowane\/program-praktyk-zawodowych\/program-praktyk-zawodowych-o-projekcie\/#primaryimage","url":"https:\/\/pans.krosno.pl\/fundusze-europejskie-kursy\/wp-content\/uploads\/sites\/14\/2020\/05\/FE_Wiedza_Edukacja_Rozwoj_rgb-1-1024x200.jpg","contentUrl":"https:\/\/pans.krosno.pl\/fundusze-europejskie-kursy\/wp-content\/uploads\/sites\/14\/2020\/05\/FE_Wiedza_Edukacja_Rozwoj_rgb-1-1024x200.jpg"},{"@type":"BreadcrumbList","@id":"https:\/\/pans.krosno.pl\/fundusze-zewnetrzne\/projekty-zrealizowane\/program-praktyk-zawodowych\/program-praktyk-zawodowych-o-projekcie\/#breadcrumb","itemListElement":[{"@type":"ListItem","position":1,"name":"Strona g\u0142\u00f3wna","item":"https:\/\/pans.krosno.pl\/fundusze-zewnetrzne\/"},{"@type":"ListItem","position":2,"name":"Projekty zrealizowane","item":"https:\/\/pans.krosno.pl\/fundusze-zewnetrzne\/projekty-zrealizowane\/"},{"@type":"ListItem","position":3,"name":"Program praktyk zawodowych w Pa\u0144stwowych Wy\u017cszych Szko\u0142ach Zawodowych","item":"https:\/\/pans.krosno.pl\/fundusze-zewnetrzne\/projekty-zrealizowane\/program-praktyk-zawodowych\/"},{"@type":"ListItem","position":4,"name":"Program praktyk zawodowych w Pa\u0144stwowych Wy\u017cszych Szko\u0142ach Zawodowych &#8211; O projekcie"}]},{"@type":"WebSite","@id":"https:\/\/pans.krosno.pl\/fundusze-zewnetrzne\/#website","url":"https:\/\/pans.krosno.pl\/fundusze-zewnetrzne\/","name":"Fundusze zewn\u0119trzne PANS w Kro\u015bnie","description":"Fundusze zewn\u0119trzne  - Pa\u0144stwowa Akademia Nauk Stosowanych","publisher":{"@id":"https:\/\/pans.krosno.pl\/fundusze-zewnetrzne\/#organization"},"potentialAction":[{"@type":"SearchAction","target":{"@type":"EntryPoint","urlTemplate":"https:\/\/pans.krosno.pl\/fundusze-zewnetrzne\/?s={search_term_string}"},"query-input":{"@type":"PropertyValueSpecification","valueRequired":true,"valueName":"search_term_string"}}],"inLanguage":"pl-PL"},{"@type":"Organization","@id":"https:\/\/pans.krosno.pl\/fundusze-zewnetrzne\/#organization","name":"Fundusze zewn\u0119trzne PANS w Kro\u015bnie","url":"https:\/\/pans.krosno.pl\/fundusze-zewnetrzne\/","logo":{"@type":"ImageObject","inLanguage":"pl-PL","@id":"https:\/\/pans.krosno.pl\/fundusze-zewnetrzne\/#\/schema\/logo\/image\/","url":"https:\/\/pans.krosno.pl\/fundusze-zewnetrzne\/wp-content\/uploads\/sites\/14\/2023\/01\/Logo-PANS-2022-pelne.png","contentUrl":"https:\/\/pans.krosno.pl\/fundusze-zewnetrzne\/wp-content\/uploads\/sites\/14\/2023\/01\/Logo-PANS-2022-pelne.png","width":3096,"height":696,"caption":"Fundusze zewn\u0119trzne PANS w Kro\u015bnie"},"image":{"@id":"https:\/\/pans.krosno.pl\/fundusze-zewnetrzne\/#\/schema\/logo\/image\/"}}]}},"_links":{"self":[{"href":"https:\/\/pans.krosno.pl\/fundusze-zewnetrzne\/wp-json\/wp\/v2\/pages\/700","targetHints":{"allow":["GET"]}}],"collection":[{"href":"https:\/\/pans.krosno.pl\/fundusze-zewnetrzne\/wp-json\/wp\/v2\/pages"}],"about":[{"href":"https:\/\/pans.krosno.pl\/fundusze-zewnetrzne\/wp-json\/wp\/v2\/types\/page"}],"author":[{"embeddable":true,"href":"https:\/\/pans.krosno.pl\/fundusze-zewnetrzne\/wp-json\/wp\/v2\/users\/27"}],"replies":[{"embeddable":true,"href":"https:\/\/pans.krosno.pl\/fundusze-zewnetrzne\/wp-json\/wp\/v2\/comments?post=700"}],"version-history":[{"count":12,"href":"https:\/\/pans.krosno.pl\/fundusze-zewnetrzne\/wp-json\/wp\/v2\/pages\/700\/revisions"}],"predecessor-version":[{"id":1622,"href":"https:\/\/pans.krosno.pl\/fundusze-zewnetrzne\/wp-json\/wp\/v2\/pages\/700\/revisions\/1622"}],"up":[{"embeddable":true,"href":"https:\/\/pans.krosno.pl\/fundusze-zewnetrzne\/wp-json\/wp\/v2\/pages\/884"}],"wp:attachment":[{"href":"https:\/\/pans.krosno.pl\/fundusze-zewnetrzne\/wp-json\/wp\/v2\/media?parent=700"}],"curies":[{"name":"wp","href":"https:\/\/api.w.org\/{rel}","templated":true}]}}