{"id":540,"date":"2020-05-13T17:02:45","date_gmt":"2020-05-13T15:02:45","guid":{"rendered":"https:\/\/pans.krosno.pl\/fundusze-europejskie-kursy\/?page_id=540"},"modified":"2022-05-25T09:33:54","modified_gmt":"2022-05-25T07:33:54","slug":"akademia-kreatywnego-ucznia-aktualnosci","status":"publish","type":"page","link":"https:\/\/pans.krosno.pl\/fundusze-zewnetrzne\/projekty-zrealizowane\/akademia-kreatywnego-ucznia\/akademia-kreatywnego-ucznia-aktualnosci\/","title":{"rendered":"Akademia kreatywnego ucznia w PWSZ w Kro\u015bnie &#8211; Aktualno\u015bci\u00a0"},"content":{"rendered":"<hr>\n<p><img loading=\"lazy\" decoding=\"async\" class=\"size-large wp-image-1158 aligncenter\" src=\"https:\/\/pans.krosno.pl\/fundusze-europejskie-kursy\/wp-content\/uploads\/sites\/14\/2020\/05\/FE_Wiedza_Edukacja_Rozwoj_rgb-1-1024x200.jpg\" alt=\"\" width=\"740\" height=\"145\" srcset=\"https:\/\/pans.krosno.pl\/fundusze-zewnetrzne\/wp-content\/uploads\/sites\/14\/2020\/05\/FE_Wiedza_Edukacja_Rozwoj_rgb-1-1024x200.jpg 1024w, https:\/\/pans.krosno.pl\/fundusze-zewnetrzne\/wp-content\/uploads\/sites\/14\/2020\/05\/FE_Wiedza_Edukacja_Rozwoj_rgb-1-300x59.jpg 300w, https:\/\/pans.krosno.pl\/fundusze-zewnetrzne\/wp-content\/uploads\/sites\/14\/2020\/05\/FE_Wiedza_Edukacja_Rozwoj_rgb-1-768x150.jpg 768w, https:\/\/pans.krosno.pl\/fundusze-zewnetrzne\/wp-content\/uploads\/sites\/14\/2020\/05\/FE_Wiedza_Edukacja_Rozwoj_rgb-1-1536x301.jpg 1536w, https:\/\/pans.krosno.pl\/fundusze-zewnetrzne\/wp-content\/uploads\/sites\/14\/2020\/05\/FE_Wiedza_Edukacja_Rozwoj_rgb-1-2048x401.jpg 2048w, https:\/\/pans.krosno.pl\/fundusze-zewnetrzne\/wp-content\/uploads\/sites\/14\/2020\/05\/FE_Wiedza_Edukacja_Rozwoj_rgb-1-2000x392.jpg 2000w, https:\/\/pans.krosno.pl\/fundusze-zewnetrzne\/wp-content\/uploads\/sites\/14\/2020\/05\/FE_Wiedza_Edukacja_Rozwoj_rgb-1-800x157.jpg 800w, https:\/\/pans.krosno.pl\/fundusze-zewnetrzne\/wp-content\/uploads\/sites\/14\/2020\/05\/FE_Wiedza_Edukacja_Rozwoj_rgb-1-580x114.jpg 580w\" sizes=\"auto, (max-width: 740px) 100vw, 740px\" \/><\/p>\n\n<ul class=\"wp-block-latest-posts__list has-dates wp-block-latest-posts\"><li><a class=\"wp-block-latest-posts__post-title\" href=\"https:\/\/pans.krosno.pl\/fundusze-zewnetrzne\/zajecia-w-listopadzie-2018-r\/\">Zaj\u0119cia w listopadzie 2018 r.<\/a><time datetime=\"2018-10-31T16:40:00+01:00\" class=\"wp-block-latest-posts__post-date\">31 pa\u017adziernika 2018<\/time><div class=\"wp-block-latest-posts__post-excerpt\">Harmonogram zaj\u0119\u0107 w listopadzie 2018 r.<\/div><\/li>\n<li><a class=\"wp-block-latest-posts__post-title\" href=\"https:\/\/pans.krosno.pl\/fundusze-zewnetrzne\/zajecia-w-pazdzierniku-2018-r\/\">Zaj\u0119cia w pa\u017adzierniku 2018 r.<\/a><time datetime=\"2018-10-13T16:42:00+02:00\" class=\"wp-block-latest-posts__post-date\">13 pa\u017adziernika 2018<\/time><div class=\"wp-block-latest-posts__post-excerpt\">Harmonogram zaj\u0119\u0107 w pa\u017adzierniku 2018 r.<\/div><\/li>\n<li><a class=\"wp-block-latest-posts__post-title\" href=\"https:\/\/pans.krosno.pl\/fundusze-zewnetrzne\/zajecia-we-wrzesniu-2018-r\/\">Zaj\u0119cia we wrze\u015bniu 2018 r.<\/a><time datetime=\"2018-09-13T16:44:00+02:00\" class=\"wp-block-latest-posts__post-date\">13 wrze\u015bnia 2018<\/time><div class=\"wp-block-latest-posts__post-excerpt\">Harmonogram zaj\u0119\u0107 we wrze\u015bniu 2018 r.<\/div><\/li>\n<li><a class=\"wp-block-latest-posts__post-title\" href=\"https:\/\/pans.krosno.pl\/fundusze-zewnetrzne\/zajecia-w-czerwcu-2018-r\/\">Zaj\u0119cia w czerwcu 2018 r.<\/a><time datetime=\"2018-06-13T16:45:00+02:00\" class=\"wp-block-latest-posts__post-date\">13 czerwca 2018<\/time><div class=\"wp-block-latest-posts__post-excerpt\">Harmonogram zaj\u0119\u0107 w czerwcu 2018 r.<\/div><\/li>\n<li><a class=\"wp-block-latest-posts__post-title\" href=\"https:\/\/pans.krosno.pl\/fundusze-zewnetrzne\/zajecia-w-maju-2018-r\/\">Zaj\u0119cia w maju 2018 r.<\/a><time datetime=\"2018-05-13T16:46:00+02:00\" class=\"wp-block-latest-posts__post-date\">13 maja 2018<\/time><div class=\"wp-block-latest-posts__post-excerpt\">Harmonogram zaj\u0119\u0107 w maju 2018 r.<\/div><\/li>\n<li><a class=\"wp-block-latest-posts__post-title\" href=\"https:\/\/pans.krosno.pl\/fundusze-zewnetrzne\/zajecia-w-kwietniu-2018-r\/\">Zaj\u0119cia w kwietniu 2018 r.<\/a><time datetime=\"2018-04-13T16:47:47+02:00\" class=\"wp-block-latest-posts__post-date\">13 kwietnia 2018<\/time><div class=\"wp-block-latest-posts__post-excerpt\">\u00a0Harmonogram zaj\u0119\u0107 w kwietniu 2018 r.<\/div><\/li>\n<li><a class=\"wp-block-latest-posts__post-title\" href=\"https:\/\/pans.krosno.pl\/fundusze-zewnetrzne\/zajecia-w-marcu-2018-r\/\">Zaj\u0119cia w marcu 2018 r.<\/a><time datetime=\"2018-03-13T16:48:29+01:00\" class=\"wp-block-latest-posts__post-date\">13 marca 2018<\/time><div class=\"wp-block-latest-posts__post-excerpt\">\u00a0Harmonogram zaj\u0119\u0107 w marcu 2018 r.<\/div><\/li>\n<li><a class=\"wp-block-latest-posts__post-title\" href=\"https:\/\/pans.krosno.pl\/fundusze-zewnetrzne\/zajecia-w-lutym-2018-r\/\">Zaj\u0119cia w lutym 2018 r.<\/a><time datetime=\"2018-02-13T16:49:25+01:00\" class=\"wp-block-latest-posts__post-date\">13 lutego 2018<\/time><div class=\"wp-block-latest-posts__post-excerpt\">Harmonogram zaj\u0119\u0107 w lutym 2018 r.<\/div><\/li>\n<li><a class=\"wp-block-latest-posts__post-title\" href=\"https:\/\/pans.krosno.pl\/fundusze-zewnetrzne\/rekrutacja-do-ii-edycji-projektu\/\">Rekrutacja do II edycji projektu<\/a><time datetime=\"2018-01-13T16:52:05+01:00\" class=\"wp-block-latest-posts__post-date\">13 stycznia 2018<\/time><div class=\"wp-block-latest-posts__post-excerpt\">W dniach od&nbsp;17 do 24 stycznia 2018 r.&nbsp;prowadzona b\u0119dzie rekrutacja uczestnik\u00f3w do II edycji projektu &#8222;Akademia kreatywnego ucznia w PWSZ w Kro\u015bnie&#8221;. Komplet dokument\u00f3w rekrutacyjnych stanowi\u0105cych za\u0142\u0105czniki do Regulaminu rekrutacji, tj.: Deklaracja uczestnictwa w Projekcie, Zgoda rodzica\/opiekuna prawnego Formularz zg\u0142oszeniowy O\u015bwiadczenie uczestnika projektu nale\u017cy z\u0142o\u017cy\u0107 w sekretariacie swojej szko\u0142y.<\/div><\/li>\n<li><div class=\"wp-block-latest-posts__featured-image alignleft\"><img loading=\"lazy\" decoding=\"async\" width=\"150\" height=\"150\" src=\"https:\/\/pans.krosno.pl\/fundusze-zewnetrzne\/wp-content\/uploads\/sites\/14\/2020\/05\/dsc_1890-1-150x150.jpg\" class=\"attachment-thumbnail size-thumbnail wp-post-image\" alt=\"\" style=\"\" \/><\/div><a class=\"wp-block-latest-posts__post-title\" href=\"https:\/\/pans.krosno.pl\/fundusze-zewnetrzne\/i-edycja-projektu-akademia-kreatywnego-ucznia-w-pwsz-w-krosnie-za-nami\/\">I edycja projektu &#8222;Akademia kreatywnego ucznia w PWSZ w Kro\u015bnie&#8221; za nami<\/a><time datetime=\"2018-01-13T16:50:09+01:00\" class=\"wp-block-latest-posts__post-date\">13 stycznia 2018<\/time><div class=\"wp-block-latest-posts__post-excerpt\">W dniu 25 stycznia 2018 r. w auli PWSZ w Kro\u015bnie przy ul. Kazimierza Wielkiego 4 odby\u0142o si\u0119 spotkanie podsumowuj\u0105ce I edycj\u0119 projektu&nbsp;&#8222;Akademia kreatywnego ucznia w PWSZ w Kro\u015bnie&#8221; wsp\u00f3\u0142finansowanego ze \u015brodk\u00f3w Unii Europejskiej w ramach Europejskiego Funduszu Spo\u0142ecznego. Zebranych go\u015bci przywitali i wprowadzili w tematyk\u0119 spotkania&nbsp;Pan Bronis\u0142aw Baran, Zast\u0119pca Prezydenta Miasta Krosna oraz&nbsp;&nbsp;prof. Zbigniew Barabasz, Prorektor ds. rozwoju PWSZ w Kro\u015bnie. W wydarzeniu udzia\u0142 wzi\u0119li uczestnicy projektu, uczniowie szk\u00f3\u0142, [\u2026] <div class=\"clear\"><\/div><a class=\"more_link clearfix\" href=\"https:\/\/pans.krosno.pl\/fundusze-zewnetrzne\/i-edycja-projektu-akademia-kreatywnego-ucznia-w-pwsz-w-krosnie-za-nami\/\" rel=\"nofollow\">Read More<\/a><\/div><\/li>\n<li><a class=\"wp-block-latest-posts__post-title\" href=\"https:\/\/pans.krosno.pl\/fundusze-zewnetrzne\/zajecia-w-grudniu-2017-r\/\">Zaj\u0119cia w grudniu 2017 r.<\/a><time datetime=\"2017-12-13T16:52:00+01:00\" class=\"wp-block-latest-posts__post-date\">13 grudnia 2017<\/time><div class=\"wp-block-latest-posts__post-excerpt\">Harmonogram zaj\u0119\u0107 w grudniu 2017 r.<\/div><\/li>\n<li><a class=\"wp-block-latest-posts__post-title\" href=\"https:\/\/pans.krosno.pl\/fundusze-zewnetrzne\/zajecia-w-listopadzie-2017-r\/\">Zaj\u0119cia w listopadzie 2017 r.<\/a><time datetime=\"2017-11-13T16:53:57+01:00\" class=\"wp-block-latest-posts__post-date\">13 listopada 2017<\/time><div class=\"wp-block-latest-posts__post-excerpt\">Harmonogram zaj\u0119\u0107 w listopadzie 2017 r.<\/div><\/li>\n<li><a class=\"wp-block-latest-posts__post-title\" href=\"https:\/\/pans.krosno.pl\/fundusze-zewnetrzne\/zajecia-w-pazdzierniku-2017-r\/\">Zaj\u0119cia w pa\u017adzierniku 2017 r.<\/a><time datetime=\"2017-10-13T16:54:00+02:00\" class=\"wp-block-latest-posts__post-date\">13 pa\u017adziernika 2017<\/time><div class=\"wp-block-latest-posts__post-excerpt\">Harmonogram zaj\u0119\u0107 w pa\u017adzierniku 2017 r.<\/div><\/li>\n<li><a class=\"wp-block-latest-posts__post-title\" href=\"https:\/\/pans.krosno.pl\/fundusze-zewnetrzne\/zajecia-w-maju-i-czerwcu-2017-r\/\">Zaj\u0119cia w maju i czerwcu 2017 r.<\/a><time datetime=\"2017-09-13T16:56:00+02:00\" class=\"wp-block-latest-posts__post-date\">13 wrze\u015bnia 2017<\/time><div class=\"wp-block-latest-posts__post-excerpt\">Harmonogram zaj\u0119\u0107 w maju i czerwcu 2017 r.<\/div><\/li>\n<li><a class=\"wp-block-latest-posts__post-title\" href=\"https:\/\/pans.krosno.pl\/fundusze-zewnetrzne\/zajecia-we-wrzesniu-2017-r\/\">Zaj\u0119cia we wrze\u015bniu 2017 r.<\/a><time datetime=\"2017-09-13T16:55:00+02:00\" class=\"wp-block-latest-posts__post-date\">13 wrze\u015bnia 2017<\/time><div class=\"wp-block-latest-posts__post-excerpt\">Harmonogram zaj\u0119\u0107 we wrze\u015bniu 2017 r.<\/div><\/li>\n<li><a class=\"wp-block-latest-posts__post-title\" href=\"https:\/\/pans.krosno.pl\/fundusze-zewnetrzne\/zajecia-w-kwietniu-2017-r\/\">Zaj\u0119cia w kwietniu 2017 r.<\/a><time datetime=\"2017-04-13T16:57:00+02:00\" class=\"wp-block-latest-posts__post-date\">13 kwietnia 2017<\/time><div class=\"wp-block-latest-posts__post-excerpt\">Harmonogram zaj\u0119\u0107 na miesi\u0105c kwiecie\u0144 2017 r.<\/div><\/li>\n<li><a class=\"wp-block-latest-posts__post-title\" href=\"https:\/\/pans.krosno.pl\/fundusze-zewnetrzne\/harmonogram-zajec\/\">Harmonogram zaj\u0119\u0107<\/a><time datetime=\"2017-03-13T16:58:23+01:00\" class=\"wp-block-latest-posts__post-date\">13 marca 2017<\/time><div class=\"wp-block-latest-posts__post-excerpt\">Zamieszczamy harmonogram zaj\u0119c realizowanych w ltym i marcu 2017 r.<\/div><\/li>\n<li><div class=\"wp-block-latest-posts__featured-image alignleft\"><img loading=\"lazy\" decoding=\"async\" width=\"150\" height=\"150\" src=\"https:\/\/pans.krosno.pl\/fundusze-zewnetrzne\/wp-content\/uploads\/sites\/14\/2020\/05\/plakat_kopernik_5-1-page-001-1-150x150.jpg\" class=\"attachment-thumbnail size-thumbnail wp-post-image\" alt=\"\" style=\"\" \/><\/div><a class=\"wp-block-latest-posts__post-title\" href=\"https:\/\/pans.krosno.pl\/fundusze-zewnetrzne\/rusza-rekrutacja-do-projektu\/\">Rusza rekrutacja do projektu<\/a><time datetime=\"2017-02-13T16:59:31+01:00\" class=\"wp-block-latest-posts__post-date\">13 lutego 2017<\/time><div class=\"wp-block-latest-posts__post-excerpt\">W dniach od&nbsp;6 do 9 lutego 2017 r.&nbsp;prowadzona b\u0119dzie rekrutacja uczestnik\u00f3w do projektu &#8222;Akademia kreatywnego ucznia w PWSZ w Kro\u015bnie&#8221;. Komplet dokument\u00f3w rekrutacyjnych stanowi\u0105cych za\u0142\u0105czniki do Regulaminu rekrutacji, tj.: Deklaracja uczestnictwa w Projekcie, Zgoda rodzica\/opiekuna prawnego Formularz zg\u0142oszeniowy O\u015bwiadczenie uczestnika projektu nale\u017cy z\u0142o\u017cy\u0107 w sekretariacie swojej szko\u0142y.<\/div><\/li>\n<\/ul>","protected":false},"excerpt":{"rendered":"","protected":false},"author":27,"featured_media":0,"parent":477,"menu_order":0,"comment_status":"closed","ping_status":"closed","template":"page-templates\/template-full-width.php","meta":{"ngg_post_thumbnail":0,"footnotes":""},"class_list":["post-540","page","type-page","status-publish","hentry"],"yoast_head":"<!-- This site is optimized with the Yoast SEO Premium plugin v27.3 (Yoast SEO v27.3) - https:\/\/yoast.com\/product\/yoast-seo-premium-wordpress\/ -->\n<title>Akademia kreatywnego ucznia w PWSZ w Kro\u015bnie - Aktualno\u015bci\u00a0 - Fundusze zewn\u0119trzne PANS w Kro\u015bnie<\/title>\n<meta name=\"robots\" content=\"index, follow, max-snippet:-1, max-image-preview:large, max-video-preview:-1\" \/>\n<link rel=\"canonical\" href=\"https:\/\/pans.krosno.pl\/fundusze-zewnetrzne\/projekty-zrealizowane\/akademia-kreatywnego-ucznia\/akademia-kreatywnego-ucznia-aktualnosci\/\" \/>\n<meta property=\"og:locale\" content=\"pl_PL\" \/>\n<meta property=\"og:type\" content=\"article\" \/>\n<meta property=\"og:title\" content=\"Akademia kreatywnego ucznia w PWSZ w Kro\u015bnie - Aktualno\u015bci\u00a0\" \/>\n<meta property=\"og:url\" content=\"https:\/\/pans.krosno.pl\/fundusze-zewnetrzne\/projekty-zrealizowane\/akademia-kreatywnego-ucznia\/akademia-kreatywnego-ucznia-aktualnosci\/\" \/>\n<meta property=\"og:site_name\" content=\"Fundusze zewn\u0119trzne PANS w Kro\u015bnie\" \/>\n<meta property=\"article:modified_time\" content=\"2022-05-25T07:33:54+00:00\" \/>\n<meta property=\"og:image\" content=\"https:\/\/pans.krosno.pl\/fundusze-europejskie-kursy\/wp-content\/uploads\/sites\/14\/2020\/05\/FE_Wiedza_Edukacja_Rozwoj_rgb-1-1024x200.jpg\" \/>\n<meta name=\"twitter:card\" content=\"summary_large_image\" \/>\n<meta name=\"twitter:label1\" content=\"Szacowany czas czytania\" \/>\n\t<meta name=\"twitter:data1\" content=\"1 minuta\" \/>\n<script type=\"application\/ld+json\" class=\"yoast-schema-graph\">{\"@context\":\"https:\\\/\\\/schema.org\",\"@graph\":[{\"@type\":\"WebPage\",\"@id\":\"https:\\\/\\\/pans.krosno.pl\\\/fundusze-zewnetrzne\\\/projekty-zrealizowane\\\/akademia-kreatywnego-ucznia\\\/akademia-kreatywnego-ucznia-aktualnosci\\\/\",\"url\":\"https:\\\/\\\/pans.krosno.pl\\\/fundusze-zewnetrzne\\\/projekty-zrealizowane\\\/akademia-kreatywnego-ucznia\\\/akademia-kreatywnego-ucznia-aktualnosci\\\/\",\"name\":\"Akademia kreatywnego ucznia w PWSZ w Kro\u015bnie - Aktualno\u015bci\u00a0 - Fundusze zewn\u0119trzne PANS w Kro\u015bnie\",\"isPartOf\":{\"@id\":\"https:\\\/\\\/pans.krosno.pl\\\/fundusze-zewnetrzne\\\/#website\"},\"primaryImageOfPage\":{\"@id\":\"https:\\\/\\\/pans.krosno.pl\\\/fundusze-zewnetrzne\\\/projekty-zrealizowane\\\/akademia-kreatywnego-ucznia\\\/akademia-kreatywnego-ucznia-aktualnosci\\\/#primaryimage\"},\"image\":{\"@id\":\"https:\\\/\\\/pans.krosno.pl\\\/fundusze-zewnetrzne\\\/projekty-zrealizowane\\\/akademia-kreatywnego-ucznia\\\/akademia-kreatywnego-ucznia-aktualnosci\\\/#primaryimage\"},\"thumbnailUrl\":\"https:\\\/\\\/pans.krosno.pl\\\/fundusze-europejskie-kursy\\\/wp-content\\\/uploads\\\/sites\\\/14\\\/2020\\\/05\\\/FE_Wiedza_Edukacja_Rozwoj_rgb-1-1024x200.jpg\",\"datePublished\":\"2020-05-13T15:02:45+00:00\",\"dateModified\":\"2022-05-25T07:33:54+00:00\",\"breadcrumb\":{\"@id\":\"https:\\\/\\\/pans.krosno.pl\\\/fundusze-zewnetrzne\\\/projekty-zrealizowane\\\/akademia-kreatywnego-ucznia\\\/akademia-kreatywnego-ucznia-aktualnosci\\\/#breadcrumb\"},\"inLanguage\":\"pl-PL\",\"potentialAction\":[{\"@type\":\"ReadAction\",\"target\":[\"https:\\\/\\\/pans.krosno.pl\\\/fundusze-zewnetrzne\\\/projekty-zrealizowane\\\/akademia-kreatywnego-ucznia\\\/akademia-kreatywnego-ucznia-aktualnosci\\\/\"]}]},{\"@type\":\"ImageObject\",\"inLanguage\":\"pl-PL\",\"@id\":\"https:\\\/\\\/pans.krosno.pl\\\/fundusze-zewnetrzne\\\/projekty-zrealizowane\\\/akademia-kreatywnego-ucznia\\\/akademia-kreatywnego-ucznia-aktualnosci\\\/#primaryimage\",\"url\":\"https:\\\/\\\/pans.krosno.pl\\\/fundusze-europejskie-kursy\\\/wp-content\\\/uploads\\\/sites\\\/14\\\/2020\\\/05\\\/FE_Wiedza_Edukacja_Rozwoj_rgb-1-1024x200.jpg\",\"contentUrl\":\"https:\\\/\\\/pans.krosno.pl\\\/fundusze-europejskie-kursy\\\/wp-content\\\/uploads\\\/sites\\\/14\\\/2020\\\/05\\\/FE_Wiedza_Edukacja_Rozwoj_rgb-1-1024x200.jpg\"},{\"@type\":\"BreadcrumbList\",\"@id\":\"https:\\\/\\\/pans.krosno.pl\\\/fundusze-zewnetrzne\\\/projekty-zrealizowane\\\/akademia-kreatywnego-ucznia\\\/akademia-kreatywnego-ucznia-aktualnosci\\\/#breadcrumb\",\"itemListElement\":[{\"@type\":\"ListItem\",\"position\":1,\"name\":\"Strona g\u0142\u00f3wna\",\"item\":\"https:\\\/\\\/pans.krosno.pl\\\/fundusze-zewnetrzne\\\/\"},{\"@type\":\"ListItem\",\"position\":2,\"name\":\"Projekty zrealizowane\",\"item\":\"https:\\\/\\\/pans.krosno.pl\\\/fundusze-zewnetrzne\\\/projekty-zrealizowane\\\/\"},{\"@type\":\"ListItem\",\"position\":3,\"name\":\"Akademia kreatywnego ucznia w PWSZ w Kro\u015bnie\",\"item\":\"https:\\\/\\\/pans.krosno.pl\\\/fundusze-zewnetrzne\\\/projekty-zrealizowane\\\/akademia-kreatywnego-ucznia\\\/\"},{\"@type\":\"ListItem\",\"position\":4,\"name\":\"Akademia kreatywnego ucznia w PWSZ w Kro\u015bnie &#8211; Aktualno\u015bci\u00a0\"}]},{\"@type\":\"WebSite\",\"@id\":\"https:\\\/\\\/pans.krosno.pl\\\/fundusze-zewnetrzne\\\/#website\",\"url\":\"https:\\\/\\\/pans.krosno.pl\\\/fundusze-zewnetrzne\\\/\",\"name\":\"Fundusze zewn\u0119trzne PANS w Kro\u015bnie\",\"description\":\"Fundusze zewn\u0119trzne  - Pa\u0144stwowa Akademia Nauk Stosowanych\",\"publisher\":{\"@id\":\"https:\\\/\\\/pans.krosno.pl\\\/fundusze-zewnetrzne\\\/#organization\"},\"potentialAction\":[{\"@type\":\"SearchAction\",\"target\":{\"@type\":\"EntryPoint\",\"urlTemplate\":\"https:\\\/\\\/pans.krosno.pl\\\/fundusze-zewnetrzne\\\/?s={search_term_string}\"},\"query-input\":{\"@type\":\"PropertyValueSpecification\",\"valueRequired\":true,\"valueName\":\"search_term_string\"}}],\"inLanguage\":\"pl-PL\"},{\"@type\":\"Organization\",\"@id\":\"https:\\\/\\\/pans.krosno.pl\\\/fundusze-zewnetrzne\\\/#organization\",\"name\":\"Fundusze zewn\u0119trzne PANS w Kro\u015bnie\",\"url\":\"https:\\\/\\\/pans.krosno.pl\\\/fundusze-zewnetrzne\\\/\",\"logo\":{\"@type\":\"ImageObject\",\"inLanguage\":\"pl-PL\",\"@id\":\"https:\\\/\\\/pans.krosno.pl\\\/fundusze-zewnetrzne\\\/#\\\/schema\\\/logo\\\/image\\\/\",\"url\":\"https:\\\/\\\/pans.krosno.pl\\\/fundusze-zewnetrzne\\\/wp-content\\\/uploads\\\/sites\\\/14\\\/2023\\\/01\\\/Logo-PANS-2022-pelne.png\",\"contentUrl\":\"https:\\\/\\\/pans.krosno.pl\\\/fundusze-zewnetrzne\\\/wp-content\\\/uploads\\\/sites\\\/14\\\/2023\\\/01\\\/Logo-PANS-2022-pelne.png\",\"width\":3096,\"height\":696,\"caption\":\"Fundusze zewn\u0119trzne PANS w Kro\u015bnie\"},\"image\":{\"@id\":\"https:\\\/\\\/pans.krosno.pl\\\/fundusze-zewnetrzne\\\/#\\\/schema\\\/logo\\\/image\\\/\"}}]}<\/script>\n<!-- \/ Yoast SEO Premium plugin. -->","yoast_head_json":{"title":"Akademia kreatywnego ucznia w PWSZ w Kro\u015bnie - Aktualno\u015bci\u00a0 - Fundusze zewn\u0119trzne PANS w Kro\u015bnie","robots":{"index":"index","follow":"follow","max-snippet":"max-snippet:-1","max-image-preview":"max-image-preview:large","max-video-preview":"max-video-preview:-1"},"canonical":"https:\/\/pans.krosno.pl\/fundusze-zewnetrzne\/projekty-zrealizowane\/akademia-kreatywnego-ucznia\/akademia-kreatywnego-ucznia-aktualnosci\/","og_locale":"pl_PL","og_type":"article","og_title":"Akademia kreatywnego ucznia w PWSZ w Kro\u015bnie - Aktualno\u015bci\u00a0","og_url":"https:\/\/pans.krosno.pl\/fundusze-zewnetrzne\/projekty-zrealizowane\/akademia-kreatywnego-ucznia\/akademia-kreatywnego-ucznia-aktualnosci\/","og_site_name":"Fundusze zewn\u0119trzne PANS w Kro\u015bnie","article_modified_time":"2022-05-25T07:33:54+00:00","og_image":[{"url":"https:\/\/pans.krosno.pl\/fundusze-europejskie-kursy\/wp-content\/uploads\/sites\/14\/2020\/05\/FE_Wiedza_Edukacja_Rozwoj_rgb-1-1024x200.jpg","type":"","width":"","height":""}],"twitter_card":"summary_large_image","twitter_misc":{"Szacowany czas czytania":"1 minuta"},"schema":{"@context":"https:\/\/schema.org","@graph":[{"@type":"WebPage","@id":"https:\/\/pans.krosno.pl\/fundusze-zewnetrzne\/projekty-zrealizowane\/akademia-kreatywnego-ucznia\/akademia-kreatywnego-ucznia-aktualnosci\/","url":"https:\/\/pans.krosno.pl\/fundusze-zewnetrzne\/projekty-zrealizowane\/akademia-kreatywnego-ucznia\/akademia-kreatywnego-ucznia-aktualnosci\/","name":"Akademia kreatywnego ucznia w PWSZ w Kro\u015bnie - Aktualno\u015bci\u00a0 - Fundusze zewn\u0119trzne PANS w Kro\u015bnie","isPartOf":{"@id":"https:\/\/pans.krosno.pl\/fundusze-zewnetrzne\/#website"},"primaryImageOfPage":{"@id":"https:\/\/pans.krosno.pl\/fundusze-zewnetrzne\/projekty-zrealizowane\/akademia-kreatywnego-ucznia\/akademia-kreatywnego-ucznia-aktualnosci\/#primaryimage"},"image":{"@id":"https:\/\/pans.krosno.pl\/fundusze-zewnetrzne\/projekty-zrealizowane\/akademia-kreatywnego-ucznia\/akademia-kreatywnego-ucznia-aktualnosci\/#primaryimage"},"thumbnailUrl":"https:\/\/pans.krosno.pl\/fundusze-europejskie-kursy\/wp-content\/uploads\/sites\/14\/2020\/05\/FE_Wiedza_Edukacja_Rozwoj_rgb-1-1024x200.jpg","datePublished":"2020-05-13T15:02:45+00:00","dateModified":"2022-05-25T07:33:54+00:00","breadcrumb":{"@id":"https:\/\/pans.krosno.pl\/fundusze-zewnetrzne\/projekty-zrealizowane\/akademia-kreatywnego-ucznia\/akademia-kreatywnego-ucznia-aktualnosci\/#breadcrumb"},"inLanguage":"pl-PL","potentialAction":[{"@type":"ReadAction","target":["https:\/\/pans.krosno.pl\/fundusze-zewnetrzne\/projekty-zrealizowane\/akademia-kreatywnego-ucznia\/akademia-kreatywnego-ucznia-aktualnosci\/"]}]},{"@type":"ImageObject","inLanguage":"pl-PL","@id":"https:\/\/pans.krosno.pl\/fundusze-zewnetrzne\/projekty-zrealizowane\/akademia-kreatywnego-ucznia\/akademia-kreatywnego-ucznia-aktualnosci\/#primaryimage","url":"https:\/\/pans.krosno.pl\/fundusze-europejskie-kursy\/wp-content\/uploads\/sites\/14\/2020\/05\/FE_Wiedza_Edukacja_Rozwoj_rgb-1-1024x200.jpg","contentUrl":"https:\/\/pans.krosno.pl\/fundusze-europejskie-kursy\/wp-content\/uploads\/sites\/14\/2020\/05\/FE_Wiedza_Edukacja_Rozwoj_rgb-1-1024x200.jpg"},{"@type":"BreadcrumbList","@id":"https:\/\/pans.krosno.pl\/fundusze-zewnetrzne\/projekty-zrealizowane\/akademia-kreatywnego-ucznia\/akademia-kreatywnego-ucznia-aktualnosci\/#breadcrumb","itemListElement":[{"@type":"ListItem","position":1,"name":"Strona g\u0142\u00f3wna","item":"https:\/\/pans.krosno.pl\/fundusze-zewnetrzne\/"},{"@type":"ListItem","position":2,"name":"Projekty zrealizowane","item":"https:\/\/pans.krosno.pl\/fundusze-zewnetrzne\/projekty-zrealizowane\/"},{"@type":"ListItem","position":3,"name":"Akademia kreatywnego ucznia w PWSZ w Kro\u015bnie","item":"https:\/\/pans.krosno.pl\/fundusze-zewnetrzne\/projekty-zrealizowane\/akademia-kreatywnego-ucznia\/"},{"@type":"ListItem","position":4,"name":"Akademia kreatywnego ucznia w PWSZ w Kro\u015bnie &#8211; Aktualno\u015bci\u00a0"}]},{"@type":"WebSite","@id":"https:\/\/pans.krosno.pl\/fundusze-zewnetrzne\/#website","url":"https:\/\/pans.krosno.pl\/fundusze-zewnetrzne\/","name":"Fundusze zewn\u0119trzne PANS w Kro\u015bnie","description":"Fundusze zewn\u0119trzne  - Pa\u0144stwowa Akademia Nauk Stosowanych","publisher":{"@id":"https:\/\/pans.krosno.pl\/fundusze-zewnetrzne\/#organization"},"potentialAction":[{"@type":"SearchAction","target":{"@type":"EntryPoint","urlTemplate":"https:\/\/pans.krosno.pl\/fundusze-zewnetrzne\/?s={search_term_string}"},"query-input":{"@type":"PropertyValueSpecification","valueRequired":true,"valueName":"search_term_string"}}],"inLanguage":"pl-PL"},{"@type":"Organization","@id":"https:\/\/pans.krosno.pl\/fundusze-zewnetrzne\/#organization","name":"Fundusze zewn\u0119trzne PANS w Kro\u015bnie","url":"https:\/\/pans.krosno.pl\/fundusze-zewnetrzne\/","logo":{"@type":"ImageObject","inLanguage":"pl-PL","@id":"https:\/\/pans.krosno.pl\/fundusze-zewnetrzne\/#\/schema\/logo\/image\/","url":"https:\/\/pans.krosno.pl\/fundusze-zewnetrzne\/wp-content\/uploads\/sites\/14\/2023\/01\/Logo-PANS-2022-pelne.png","contentUrl":"https:\/\/pans.krosno.pl\/fundusze-zewnetrzne\/wp-content\/uploads\/sites\/14\/2023\/01\/Logo-PANS-2022-pelne.png","width":3096,"height":696,"caption":"Fundusze zewn\u0119trzne PANS w Kro\u015bnie"},"image":{"@id":"https:\/\/pans.krosno.pl\/fundusze-zewnetrzne\/#\/schema\/logo\/image\/"}}]}},"_links":{"self":[{"href":"https:\/\/pans.krosno.pl\/fundusze-zewnetrzne\/wp-json\/wp\/v2\/pages\/540","targetHints":{"allow":["GET"]}}],"collection":[{"href":"https:\/\/pans.krosno.pl\/fundusze-zewnetrzne\/wp-json\/wp\/v2\/pages"}],"about":[{"href":"https:\/\/pans.krosno.pl\/fundusze-zewnetrzne\/wp-json\/wp\/v2\/types\/page"}],"author":[{"embeddable":true,"href":"https:\/\/pans.krosno.pl\/fundusze-zewnetrzne\/wp-json\/wp\/v2\/users\/27"}],"replies":[{"embeddable":true,"href":"https:\/\/pans.krosno.pl\/fundusze-zewnetrzne\/wp-json\/wp\/v2\/comments?post=540"}],"version-history":[{"count":6,"href":"https:\/\/pans.krosno.pl\/fundusze-zewnetrzne\/wp-json\/wp\/v2\/pages\/540\/revisions"}],"predecessor-version":[{"id":3246,"href":"https:\/\/pans.krosno.pl\/fundusze-zewnetrzne\/wp-json\/wp\/v2\/pages\/540\/revisions\/3246"}],"up":[{"embeddable":true,"href":"https:\/\/pans.krosno.pl\/fundusze-zewnetrzne\/wp-json\/wp\/v2\/pages\/477"}],"wp:attachment":[{"href":"https:\/\/pans.krosno.pl\/fundusze-zewnetrzne\/wp-json\/wp\/v2\/media?parent=540"}],"curies":[{"name":"wp","href":"https:\/\/api.w.org\/{rel}","templated":true}]}}