{"id":4425,"date":"2026-04-10T08:58:41","date_gmt":"2026-04-10T06:58:41","guid":{"rendered":"https:\/\/pans.krosno.pl\/fundusze-zewnetrzne\/?page_id=4425"},"modified":"2026-04-10T09:30:10","modified_gmt":"2026-04-10T07:30:10","slug":"rekrutacja","status":"publish","type":"page","link":"https:\/\/pans.krosno.pl\/fundusze-zewnetrzne\/projekty-realizowane\/objecie-wsparciem-ze-srodkow-planu-rozwojowego-dzialania-w-postaci-stypendiow-dla-studentow-kierunku-pielegniarstwo-poloznictwo-oraz-ratownictwo-medyczne-edycja-2-rok-akademicki-2023-2024\/rekrutacja\/","title":{"rendered":"Rekrutacja"},"content":{"rendered":"\n<hr class=\"wp-block-separator has-alpha-channel-opacity\" \/>\n\n\n\n<figure class=\"wp-block-image size-full\"><img loading=\"lazy\" decoding=\"async\" width=\"1009\" height=\"124\" src=\"https:\/\/pans.krosno.pl\/fundusze-zewnetrzne\/wp-content\/uploads\/sites\/14\/2025\/11\/logo-1.jpg\" alt=\"\" class=\"wp-image-4331\" srcset=\"https:\/\/pans.krosno.pl\/fundusze-zewnetrzne\/wp-content\/uploads\/sites\/14\/2025\/11\/logo-1.jpg 1009w, https:\/\/pans.krosno.pl\/fundusze-zewnetrzne\/wp-content\/uploads\/sites\/14\/2025\/11\/logo-1-300x37.jpg 300w, https:\/\/pans.krosno.pl\/fundusze-zewnetrzne\/wp-content\/uploads\/sites\/14\/2025\/11\/logo-1-768x94.jpg 768w, https:\/\/pans.krosno.pl\/fundusze-zewnetrzne\/wp-content\/uploads\/sites\/14\/2025\/11\/logo-1-800x98.jpg 800w, https:\/\/pans.krosno.pl\/fundusze-zewnetrzne\/wp-content\/uploads\/sites\/14\/2025\/11\/logo-1-580x71.jpg 580w\" sizes=\"auto, (max-width: 1009px) 100vw, 1009px\" \/><\/figure>\n\n\n\n<hr class=\"wp-block-separator has-alpha-channel-opacity\" \/>\n\n\n\n<p><strong>Og\u0142aszamy nab\u00f3r wniosk\u00f3w o stypendium<\/strong> w ramach projektu Obj\u0119cie wsparciem ze \u015brodk\u00f3w Planu rozwojowego dzia\u0142ania w postaci stypendi\u00f3w dla student\u00f3w kierunku piel\u0119gniarstwo, po\u0142o\u017cnictwo i ratownictwo medyczne, Edycja 2,rok akademicki 2023\/2024<\/p>\n\n\n\n<p><strong>O stypendium mog\u0105 ubiega\u0107 si\u0119 studentki\/studenci Pa\u0144stwowej Akademii Nauk Stosowanych w&nbsp;Kro\u015bnie, kt\u00f3re\/kt\u00f3rzy rozpocz\u0119\u0142y\/rozpocz\u0119li nauk\u0119 na&nbsp;pierwszym roku studi\u00f3w I&nbsp;stopnia na&nbsp;kierunku Piel\u0119gniarstwo, Po\u0142o\u017cnictwo i Ratownictwo medyczne w&nbsp;roku akademickim 2023\/2024.<\/strong><\/p>\n\n\n\n<p><strong>Stypendia b\u0119d\u0105 przyznawane na&nbsp;okres 3 lat,<\/strong>&nbsp;pocz\u0105wszy od&nbsp;pa\u017adziernika 2023&nbsp;r. do&nbsp;czerwca 2026&nbsp;r., tj.&nbsp;przez&nbsp;okres 9 miesi\u0119cy ka\u017cdego roku akademickiego, pocz\u0105wszy od:<\/p>\n\n\n\n<ul class=\"wp-block-list\">\n<li>pa\u017adziernika 2023&nbsp;r. \u2013&nbsp; w&nbsp;pierwszym roku obj\u0119cia wsparciem,<\/li>\n\n\n\n<li>pa\u017adziernika 2024&nbsp;r. \u2013 w&nbsp;drugim roku obj\u0119cia wsparciem,<\/li>\n\n\n\n<li>pa\u017adziernika 2025&nbsp;r. \u2013 w&nbsp;trzecim roku obj\u0119cia wsparciem.<\/li>\n<\/ul>\n\n\n\n<p><strong>Miesi\u0119czna kwota stypendium wynosi 1500 z\u0142.<\/strong><\/p>\n\n\n\n<p>Podstaw\u0105 przyznania stypendium jest liczba punkt\u00f3w, uzyskana przez&nbsp;kandydatk\u0119 \/kandydata w&nbsp;post\u0119powaniu rekrutacyjnym.<\/p>\n\n\n\n<p><strong>Warunki, jakie musi spe\u0142ni\u0107 kandydatka\/kandydat, aby ubiega\u0107 si\u0119 o&nbsp;stypendium:<\/strong><\/p>\n\n\n\n<ul class=\"wp-block-list\">\n<li>rozpocz\u0119\u0142a\/rozpocz\u0105\u0142 nauk\u0119 na&nbsp;I&nbsp;roku studi\u00f3w w&nbsp;roku akademickim 2023\/2024 na kierunkach &nbsp;Piel\u0119gniarstwo, Po\u0142o\u017cnictwo i Ratownictwo medyczne i&nbsp;jest obecnie na&nbsp;III roku studi\u00f3w;<\/li>\n\n\n\n<li>w&nbsp;terminach uzyska\u0142a\/uzyska\u0142 wszystkie zaliczenia i&nbsp;z\u0142o\u017cy\u0142a\/z\u0142o\u017cy\u0142 wszystkie egzaminy oraz&nbsp; osi\u0105gn\u0119\u0142a\/osi\u0105gn\u0105\u0142 \u015bredni\u0105 za&nbsp;I&nbsp;oraz&nbsp;II&nbsp;rok studi\u00f3w w&nbsp;wysoko\u015bci co&nbsp;najmniej 4.0;<\/li>\n\n\n\n<li>nie&nbsp;pobiera\u0142a\/nie pobiera\u0142 na&nbsp;I&nbsp;i\/lub II&nbsp;roku studi\u00f3w stypendium Rektora;<\/li>\n\n\n\n<li>nie&nbsp;przebywa\u0142a\/nie przebywa\u0142 na&nbsp;d\u0142ugoterminowym urlopie.<\/li>\n<\/ul>\n\n\n\n<p><strong>\u0141\u0105czna liczba punkt\u00f3w, na podstawie kt\u00f3rej ustala si\u0119 listy rankingowe, obliczana jest wed\u0142ug nast\u0119puj\u0105cego schematu:<\/strong><\/p>\n\n\n\n<p>\u0141\u0105czna liczba punkt\u00f3w = liczba punkt\u00f3w uzyskanych w procesie rekrutacji + liczba punkt\u00f3w za \u015bredni\u0105 po I roku studi\u00f3w + liczba punkt\u00f3w za \u015bredni\u0105 po II roku studi\u00f3w<\/p>\n\n\n\n<p class=\"has-text-align-center\"><strong>Tabela punkt\u00f3w za \u015bredni\u0105<\/strong><\/p>\n\n\n\n<figure class=\"wp-block-table\"><table class=\"has-fixed-layout\"><tbody><tr><td>\u015arednia ocen<\/td><td>Punkty<\/td><\/tr><tr><td>5,0<\/td><td>30<\/td><\/tr><tr><td>4,9<\/td><td>27<\/td><\/tr><tr><td>4,8<\/td><td>24<\/td><\/tr><tr><td>4,7<\/td><td>21<\/td><\/tr><tr><td>4,6<\/td><td>18<\/td><\/tr><tr><td>4,5<\/td><td>15<\/td><\/tr><tr><td>4,4<\/td><td>12<\/td><\/tr><tr><td>4,3<\/td><td>9<\/td><\/tr><tr><td>4,2<\/td><td>6<\/td><\/tr><tr><td>4,1<\/td><td>3<\/td><\/tr><tr><td>4,0<\/td><td>0<\/td><\/tr><\/tbody><\/table><\/figure>\n\n\n\n<p>W przypadku r\u00f3wnej liczby punkt\u00f3w decyduje wy\u017csza punktacja z wynik\u00f3w matury.<\/p>\n\n\n\n<p><strong>Ustala si\u0119 nast\u0119puj\u0105ce limity przyznania stypendium:<\/strong><\/p>\n\n\n\n<p>Piel\u0119gniarstwo \u2013 19 stypendi\u00f3w<\/p>\n\n\n\n<p>Po\u0142o\u017cnictwo \u2013 4 stypendia<\/p>\n\n\n\n<p>Ratownictwo medyczne \u2013 4 stypendia<\/p>\n\n\n\n<p><strong>Termin wyp\u0142aty stypendi\u00f3w uzale\u017cniony b\u0119dzie od&nbsp;terminu przekazywania \u015brodk\u00f3w Uczelni.<\/strong><\/p>\n\n\n\n<p><strong>Wniosek o&nbsp;przyznanie stypendium&nbsp;<\/strong>wraz z deklaracj\u0105 i zgod\u0105 na przetwarzanie danych osobowych (za\u0142. 1 i 2) nale\u017cy z\u0142o\u017cy\u0107&nbsp;<strong>w&nbsp;Dziale pozyskiwania funduszy i zarz\u0105dzania projektami <\/strong>PANS w&nbsp;Kro\u015bnie, Rynek 1, 38-400 Krosno, pok\u00f3j 11&nbsp;&nbsp;<strong>w&nbsp;terminie od&nbsp;13 kwietnia 2026&nbsp;r. do&nbsp;17 kwietnia 2026&nbsp;r. w godzinach 8:00-16:00 (decyduje data wp\u0142ywu).&nbsp;<\/strong>Wnioski z\u0142o\u017cone po&nbsp;terminie nie&nbsp;b\u0119d\u0105 uwzgl\u0119dniane przy ustaleniu listy rankingowej.<\/p>\n\n\n\n<p><strong>Regulamin oraz dokumenty, kt\u00f3re nale\u017cy z\u0142o\u017cy\u0107 znajduj\u0105 si\u0119 <a href=\"https:\/\/pans.krosno.pl\/fundusze-zewnetrzne\/projekty-realizowane\/objecie-wsparciem-ze-srodkow-planu-rozwojowego-dzialania-w-postaci-stypendiow-dla-studentow-kierunku-pielegniarstwo-poloznictwo-oraz-ratownictwo-medyczne-edycja-2-rok-akademicki-2023-2024\/dokumenty-do-pobrania\/\">TUTAJ<\/a>.<\/strong><\/p>\n\n\n\n<p>Uwaga &#8211; w naborze nale\u017cy z\u0142o\u017cy\u0107 tylko za\u0142\u0105cznik nr 1 i 2. Wz\u00f3r umowy stanowi\u0105cy za\u0142\u0105cznik nr 3 b\u0119dzie podpisywany wy\u0142\u0105cznie ze studentami, kt\u00f3rym zostanie przyznane stypendium.<\/p>\n\n\n\n<p><strong>Stypendium b\u0119dzie wyp\u0142acane na&nbsp;podstawie umowy podpisanej z&nbsp;zakwalifikowan\u0105\/ym Studentk\u0105\/Studentem.<\/strong><\/p>\n\n\n\n<hr class=\"wp-block-separator has-alpha-channel-opacity\" \/>\n\n\n\n<p><\/p>\n","protected":false},"excerpt":{"rendered":"<p>Og\u0142aszamy nab\u00f3r wniosk\u00f3w o stypendium w ramach projektu Obj\u0119cie wsparciem ze \u015brodk\u00f3w Planu rozwojowego dzia\u0142ania w postaci stypendi\u00f3w dla student\u00f3w kierunku piel\u0119gniarstwo, po\u0142o\u017cnictwo i ratownictwo medyczne, Edycja 2,rok akademicki 2023\/2024 O stypendium mog\u0105 ubiega\u0107 si\u0119 studentki\/studenci Pa\u0144stwowej Akademii Nauk Stosowanych w&nbsp;Kro\u015bnie, kt\u00f3re\/kt\u00f3rzy rozpocz\u0119\u0142y\/rozpocz\u0119li nauk\u0119 na&nbsp;pierwszym roku studi\u00f3w I&nbsp;stopnia na&nbsp;kierunku Piel\u0119gniarstwo, [\u2026] <\/p>\n<div class=\"clear\"><\/div>\n<p><a class=\"more_link clearfix\" href=\"https:\/\/pans.krosno.pl\/fundusze-zewnetrzne\/projekty-realizowane\/objecie-wsparciem-ze-srodkow-planu-rozwojowego-dzialania-w-postaci-stypendiow-dla-studentow-kierunku-pielegniarstwo-poloznictwo-oraz-ratownictwo-medyczne-edycja-2-rok-akademicki-2023-2024\/rekrutacja\/\" rel=\"nofollow\">Read More<\/a><\/p>\n","protected":false},"author":53,"featured_media":0,"parent":4412,"menu_order":0,"comment_status":"closed","ping_status":"closed","template":"","meta":{"ngg_post_thumbnail":0,"footnotes":""},"class_list":["post-4425","page","type-page","status-publish","hentry"],"yoast_head":"<!-- This site is optimized with the Yoast SEO Premium plugin v27.3 (Yoast SEO v27.3) - https:\/\/yoast.com\/product\/yoast-seo-premium-wordpress\/ -->\n<title>Rekrutacja - Fundusze zewn\u0119trzne PANS w Kro\u015bnie<\/title>\n<meta name=\"robots\" content=\"index, follow, max-snippet:-1, max-image-preview:large, max-video-preview:-1\" \/>\n<link rel=\"canonical\" href=\"https:\/\/pans.krosno.pl\/fundusze-zewnetrzne\/projekty-realizowane\/objecie-wsparciem-ze-srodkow-planu-rozwojowego-dzialania-w-postaci-stypendiow-dla-studentow-kierunku-pielegniarstwo-poloznictwo-oraz-ratownictwo-medyczne-edycja-2-rok-akademicki-2023-2024\/rekrutacja\/\" \/>\n<meta property=\"og:locale\" content=\"pl_PL\" \/>\n<meta property=\"og:type\" content=\"article\" \/>\n<meta property=\"og:title\" content=\"Rekrutacja\" \/>\n<meta property=\"og:description\" content=\"Og\u0142aszamy nab\u00f3r wniosk\u00f3w o stypendium w ramach projektu Obj\u0119cie wsparciem ze \u015brodk\u00f3w Planu rozwojowego dzia\u0142ania w postaci stypendi\u00f3w dla student\u00f3w kierunku piel\u0119gniarstwo, po\u0142o\u017cnictwo i ratownictwo medyczne, Edycja 2,rok akademicki 2023\/2024 O stypendium mog\u0105 ubiega\u0107 si\u0119 studentki\/studenci Pa\u0144stwowej Akademii Nauk Stosowanych w&nbsp;Kro\u015bnie, kt\u00f3re\/kt\u00f3rzy rozpocz\u0119\u0142y\/rozpocz\u0119li nauk\u0119 na&nbsp;pierwszym roku studi\u00f3w I&nbsp;stopnia na&nbsp;kierunku Piel\u0119gniarstwo, [\u2026] Read More\" \/>\n<meta property=\"og:url\" content=\"https:\/\/pans.krosno.pl\/fundusze-zewnetrzne\/projekty-realizowane\/objecie-wsparciem-ze-srodkow-planu-rozwojowego-dzialania-w-postaci-stypendiow-dla-studentow-kierunku-pielegniarstwo-poloznictwo-oraz-ratownictwo-medyczne-edycja-2-rok-akademicki-2023-2024\/rekrutacja\/\" \/>\n<meta property=\"og:site_name\" content=\"Fundusze zewn\u0119trzne PANS w Kro\u015bnie\" \/>\n<meta property=\"article:modified_time\" content=\"2026-04-10T07:30:10+00:00\" \/>\n<meta property=\"og:image\" content=\"https:\/\/pans.krosno.pl\/fundusze-zewnetrzne\/wp-content\/uploads\/sites\/14\/2025\/11\/logo-1.jpg\" \/>\n\t<meta property=\"og:image:width\" content=\"1009\" \/>\n\t<meta property=\"og:image:height\" content=\"124\" \/>\n\t<meta property=\"og:image:type\" content=\"image\/jpeg\" \/>\n<meta name=\"twitter:card\" content=\"summary_large_image\" \/>\n<meta name=\"twitter:label1\" content=\"Szacowany czas czytania\" \/>\n\t<meta name=\"twitter:data1\" content=\"3 minuty\" \/>\n<script type=\"application\/ld+json\" class=\"yoast-schema-graph\">{\"@context\":\"https:\\\/\\\/schema.org\",\"@graph\":[{\"@type\":\"WebPage\",\"@id\":\"https:\\\/\\\/pans.krosno.pl\\\/fundusze-zewnetrzne\\\/projekty-realizowane\\\/objecie-wsparciem-ze-srodkow-planu-rozwojowego-dzialania-w-postaci-stypendiow-dla-studentow-kierunku-pielegniarstwo-poloznictwo-oraz-ratownictwo-medyczne-edycja-2-rok-akademicki-2023-2024\\\/rekrutacja\\\/\",\"url\":\"https:\\\/\\\/pans.krosno.pl\\\/fundusze-zewnetrzne\\\/projekty-realizowane\\\/objecie-wsparciem-ze-srodkow-planu-rozwojowego-dzialania-w-postaci-stypendiow-dla-studentow-kierunku-pielegniarstwo-poloznictwo-oraz-ratownictwo-medyczne-edycja-2-rok-akademicki-2023-2024\\\/rekrutacja\\\/\",\"name\":\"Rekrutacja - Fundusze zewn\u0119trzne PANS w Kro\u015bnie\",\"isPartOf\":{\"@id\":\"https:\\\/\\\/pans.krosno.pl\\\/fundusze-zewnetrzne\\\/#website\"},\"primaryImageOfPage\":{\"@id\":\"https:\\\/\\\/pans.krosno.pl\\\/fundusze-zewnetrzne\\\/projekty-realizowane\\\/objecie-wsparciem-ze-srodkow-planu-rozwojowego-dzialania-w-postaci-stypendiow-dla-studentow-kierunku-pielegniarstwo-poloznictwo-oraz-ratownictwo-medyczne-edycja-2-rok-akademicki-2023-2024\\\/rekrutacja\\\/#primaryimage\"},\"image\":{\"@id\":\"https:\\\/\\\/pans.krosno.pl\\\/fundusze-zewnetrzne\\\/projekty-realizowane\\\/objecie-wsparciem-ze-srodkow-planu-rozwojowego-dzialania-w-postaci-stypendiow-dla-studentow-kierunku-pielegniarstwo-poloznictwo-oraz-ratownictwo-medyczne-edycja-2-rok-akademicki-2023-2024\\\/rekrutacja\\\/#primaryimage\"},\"thumbnailUrl\":\"https:\\\/\\\/pans.krosno.pl\\\/fundusze-zewnetrzne\\\/wp-content\\\/uploads\\\/sites\\\/14\\\/2025\\\/11\\\/logo-1.jpg\",\"datePublished\":\"2026-04-10T06:58:41+00:00\",\"dateModified\":\"2026-04-10T07:30:10+00:00\",\"breadcrumb\":{\"@id\":\"https:\\\/\\\/pans.krosno.pl\\\/fundusze-zewnetrzne\\\/projekty-realizowane\\\/objecie-wsparciem-ze-srodkow-planu-rozwojowego-dzialania-w-postaci-stypendiow-dla-studentow-kierunku-pielegniarstwo-poloznictwo-oraz-ratownictwo-medyczne-edycja-2-rok-akademicki-2023-2024\\\/rekrutacja\\\/#breadcrumb\"},\"inLanguage\":\"pl-PL\",\"potentialAction\":[{\"@type\":\"ReadAction\",\"target\":[\"https:\\\/\\\/pans.krosno.pl\\\/fundusze-zewnetrzne\\\/projekty-realizowane\\\/objecie-wsparciem-ze-srodkow-planu-rozwojowego-dzialania-w-postaci-stypendiow-dla-studentow-kierunku-pielegniarstwo-poloznictwo-oraz-ratownictwo-medyczne-edycja-2-rok-akademicki-2023-2024\\\/rekrutacja\\\/\"]}]},{\"@type\":\"ImageObject\",\"inLanguage\":\"pl-PL\",\"@id\":\"https:\\\/\\\/pans.krosno.pl\\\/fundusze-zewnetrzne\\\/projekty-realizowane\\\/objecie-wsparciem-ze-srodkow-planu-rozwojowego-dzialania-w-postaci-stypendiow-dla-studentow-kierunku-pielegniarstwo-poloznictwo-oraz-ratownictwo-medyczne-edycja-2-rok-akademicki-2023-2024\\\/rekrutacja\\\/#primaryimage\",\"url\":\"https:\\\/\\\/pans.krosno.pl\\\/fundusze-zewnetrzne\\\/wp-content\\\/uploads\\\/sites\\\/14\\\/2025\\\/11\\\/logo-1.jpg\",\"contentUrl\":\"https:\\\/\\\/pans.krosno.pl\\\/fundusze-zewnetrzne\\\/wp-content\\\/uploads\\\/sites\\\/14\\\/2025\\\/11\\\/logo-1.jpg\",\"width\":1009,\"height\":124},{\"@type\":\"BreadcrumbList\",\"@id\":\"https:\\\/\\\/pans.krosno.pl\\\/fundusze-zewnetrzne\\\/projekty-realizowane\\\/objecie-wsparciem-ze-srodkow-planu-rozwojowego-dzialania-w-postaci-stypendiow-dla-studentow-kierunku-pielegniarstwo-poloznictwo-oraz-ratownictwo-medyczne-edycja-2-rok-akademicki-2023-2024\\\/rekrutacja\\\/#breadcrumb\",\"itemListElement\":[{\"@type\":\"ListItem\",\"position\":1,\"name\":\"Strona g\u0142\u00f3wna\",\"item\":\"https:\\\/\\\/pans.krosno.pl\\\/fundusze-zewnetrzne\\\/\"},{\"@type\":\"ListItem\",\"position\":2,\"name\":\"Projekty realizowane\",\"item\":\"https:\\\/\\\/pans.krosno.pl\\\/fundusze-zewnetrzne\\\/projekty-realizowane\\\/\"},{\"@type\":\"ListItem\",\"position\":3,\"name\":\"Obj\u0119cie wsparciem ze \u015brodk\u00f3w Planu rozwojowego, dzia\u0142ania w postaci stypendi\u00f3w dla student\u00f3w kierunku piel\u0119gniarstwo, po\u0142o\u017cnictwo oraz ratownictwo medyczne. Edycja 2, rok akademicki 2023\\\/2024\",\"item\":\"https:\\\/\\\/pans.krosno.pl\\\/fundusze-zewnetrzne\\\/projekty-realizowane\\\/objecie-wsparciem-ze-srodkow-planu-rozwojowego-dzialania-w-postaci-stypendiow-dla-studentow-kierunku-pielegniarstwo-poloznictwo-oraz-ratownictwo-medyczne-edycja-2-rok-akademicki-2023-2024\\\/\"},{\"@type\":\"ListItem\",\"position\":4,\"name\":\"Rekrutacja\"}]},{\"@type\":\"WebSite\",\"@id\":\"https:\\\/\\\/pans.krosno.pl\\\/fundusze-zewnetrzne\\\/#website\",\"url\":\"https:\\\/\\\/pans.krosno.pl\\\/fundusze-zewnetrzne\\\/\",\"name\":\"Fundusze zewn\u0119trzne PANS w Kro\u015bnie\",\"description\":\"Fundusze zewn\u0119trzne  - Pa\u0144stwowa Akademia Nauk Stosowanych\",\"publisher\":{\"@id\":\"https:\\\/\\\/pans.krosno.pl\\\/fundusze-zewnetrzne\\\/#organization\"},\"potentialAction\":[{\"@type\":\"SearchAction\",\"target\":{\"@type\":\"EntryPoint\",\"urlTemplate\":\"https:\\\/\\\/pans.krosno.pl\\\/fundusze-zewnetrzne\\\/?s={search_term_string}\"},\"query-input\":{\"@type\":\"PropertyValueSpecification\",\"valueRequired\":true,\"valueName\":\"search_term_string\"}}],\"inLanguage\":\"pl-PL\"},{\"@type\":\"Organization\",\"@id\":\"https:\\\/\\\/pans.krosno.pl\\\/fundusze-zewnetrzne\\\/#organization\",\"name\":\"Fundusze zewn\u0119trzne PANS w Kro\u015bnie\",\"url\":\"https:\\\/\\\/pans.krosno.pl\\\/fundusze-zewnetrzne\\\/\",\"logo\":{\"@type\":\"ImageObject\",\"inLanguage\":\"pl-PL\",\"@id\":\"https:\\\/\\\/pans.krosno.pl\\\/fundusze-zewnetrzne\\\/#\\\/schema\\\/logo\\\/image\\\/\",\"url\":\"https:\\\/\\\/pans.krosno.pl\\\/fundusze-zewnetrzne\\\/wp-content\\\/uploads\\\/sites\\\/14\\\/2023\\\/01\\\/Logo-PANS-2022-pelne.png\",\"contentUrl\":\"https:\\\/\\\/pans.krosno.pl\\\/fundusze-zewnetrzne\\\/wp-content\\\/uploads\\\/sites\\\/14\\\/2023\\\/01\\\/Logo-PANS-2022-pelne.png\",\"width\":3096,\"height\":696,\"caption\":\"Fundusze zewn\u0119trzne PANS w Kro\u015bnie\"},\"image\":{\"@id\":\"https:\\\/\\\/pans.krosno.pl\\\/fundusze-zewnetrzne\\\/#\\\/schema\\\/logo\\\/image\\\/\"}}]}<\/script>\n<!-- \/ Yoast SEO Premium plugin. -->","yoast_head_json":{"title":"Rekrutacja - Fundusze zewn\u0119trzne PANS w Kro\u015bnie","robots":{"index":"index","follow":"follow","max-snippet":"max-snippet:-1","max-image-preview":"max-image-preview:large","max-video-preview":"max-video-preview:-1"},"canonical":"https:\/\/pans.krosno.pl\/fundusze-zewnetrzne\/projekty-realizowane\/objecie-wsparciem-ze-srodkow-planu-rozwojowego-dzialania-w-postaci-stypendiow-dla-studentow-kierunku-pielegniarstwo-poloznictwo-oraz-ratownictwo-medyczne-edycja-2-rok-akademicki-2023-2024\/rekrutacja\/","og_locale":"pl_PL","og_type":"article","og_title":"Rekrutacja","og_description":"Og\u0142aszamy nab\u00f3r wniosk\u00f3w o stypendium w ramach projektu Obj\u0119cie wsparciem ze \u015brodk\u00f3w Planu rozwojowego dzia\u0142ania w postaci stypendi\u00f3w dla student\u00f3w kierunku piel\u0119gniarstwo, po\u0142o\u017cnictwo i ratownictwo medyczne, Edycja 2,rok akademicki 2023\/2024 O stypendium mog\u0105 ubiega\u0107 si\u0119 studentki\/studenci Pa\u0144stwowej Akademii Nauk Stosowanych w&nbsp;Kro\u015bnie, kt\u00f3re\/kt\u00f3rzy rozpocz\u0119\u0142y\/rozpocz\u0119li nauk\u0119 na&nbsp;pierwszym roku studi\u00f3w I&nbsp;stopnia na&nbsp;kierunku Piel\u0119gniarstwo, [\u2026] Read More","og_url":"https:\/\/pans.krosno.pl\/fundusze-zewnetrzne\/projekty-realizowane\/objecie-wsparciem-ze-srodkow-planu-rozwojowego-dzialania-w-postaci-stypendiow-dla-studentow-kierunku-pielegniarstwo-poloznictwo-oraz-ratownictwo-medyczne-edycja-2-rok-akademicki-2023-2024\/rekrutacja\/","og_site_name":"Fundusze zewn\u0119trzne PANS w Kro\u015bnie","article_modified_time":"2026-04-10T07:30:10+00:00","og_image":[{"width":1009,"height":124,"url":"https:\/\/pans.krosno.pl\/fundusze-zewnetrzne\/wp-content\/uploads\/sites\/14\/2025\/11\/logo-1.jpg","type":"image\/jpeg"}],"twitter_card":"summary_large_image","twitter_misc":{"Szacowany czas czytania":"3 minuty"},"schema":{"@context":"https:\/\/schema.org","@graph":[{"@type":"WebPage","@id":"https:\/\/pans.krosno.pl\/fundusze-zewnetrzne\/projekty-realizowane\/objecie-wsparciem-ze-srodkow-planu-rozwojowego-dzialania-w-postaci-stypendiow-dla-studentow-kierunku-pielegniarstwo-poloznictwo-oraz-ratownictwo-medyczne-edycja-2-rok-akademicki-2023-2024\/rekrutacja\/","url":"https:\/\/pans.krosno.pl\/fundusze-zewnetrzne\/projekty-realizowane\/objecie-wsparciem-ze-srodkow-planu-rozwojowego-dzialania-w-postaci-stypendiow-dla-studentow-kierunku-pielegniarstwo-poloznictwo-oraz-ratownictwo-medyczne-edycja-2-rok-akademicki-2023-2024\/rekrutacja\/","name":"Rekrutacja - Fundusze zewn\u0119trzne PANS w Kro\u015bnie","isPartOf":{"@id":"https:\/\/pans.krosno.pl\/fundusze-zewnetrzne\/#website"},"primaryImageOfPage":{"@id":"https:\/\/pans.krosno.pl\/fundusze-zewnetrzne\/projekty-realizowane\/objecie-wsparciem-ze-srodkow-planu-rozwojowego-dzialania-w-postaci-stypendiow-dla-studentow-kierunku-pielegniarstwo-poloznictwo-oraz-ratownictwo-medyczne-edycja-2-rok-akademicki-2023-2024\/rekrutacja\/#primaryimage"},"image":{"@id":"https:\/\/pans.krosno.pl\/fundusze-zewnetrzne\/projekty-realizowane\/objecie-wsparciem-ze-srodkow-planu-rozwojowego-dzialania-w-postaci-stypendiow-dla-studentow-kierunku-pielegniarstwo-poloznictwo-oraz-ratownictwo-medyczne-edycja-2-rok-akademicki-2023-2024\/rekrutacja\/#primaryimage"},"thumbnailUrl":"https:\/\/pans.krosno.pl\/fundusze-zewnetrzne\/wp-content\/uploads\/sites\/14\/2025\/11\/logo-1.jpg","datePublished":"2026-04-10T06:58:41+00:00","dateModified":"2026-04-10T07:30:10+00:00","breadcrumb":{"@id":"https:\/\/pans.krosno.pl\/fundusze-zewnetrzne\/projekty-realizowane\/objecie-wsparciem-ze-srodkow-planu-rozwojowego-dzialania-w-postaci-stypendiow-dla-studentow-kierunku-pielegniarstwo-poloznictwo-oraz-ratownictwo-medyczne-edycja-2-rok-akademicki-2023-2024\/rekrutacja\/#breadcrumb"},"inLanguage":"pl-PL","potentialAction":[{"@type":"ReadAction","target":["https:\/\/pans.krosno.pl\/fundusze-zewnetrzne\/projekty-realizowane\/objecie-wsparciem-ze-srodkow-planu-rozwojowego-dzialania-w-postaci-stypendiow-dla-studentow-kierunku-pielegniarstwo-poloznictwo-oraz-ratownictwo-medyczne-edycja-2-rok-akademicki-2023-2024\/rekrutacja\/"]}]},{"@type":"ImageObject","inLanguage":"pl-PL","@id":"https:\/\/pans.krosno.pl\/fundusze-zewnetrzne\/projekty-realizowane\/objecie-wsparciem-ze-srodkow-planu-rozwojowego-dzialania-w-postaci-stypendiow-dla-studentow-kierunku-pielegniarstwo-poloznictwo-oraz-ratownictwo-medyczne-edycja-2-rok-akademicki-2023-2024\/rekrutacja\/#primaryimage","url":"https:\/\/pans.krosno.pl\/fundusze-zewnetrzne\/wp-content\/uploads\/sites\/14\/2025\/11\/logo-1.jpg","contentUrl":"https:\/\/pans.krosno.pl\/fundusze-zewnetrzne\/wp-content\/uploads\/sites\/14\/2025\/11\/logo-1.jpg","width":1009,"height":124},{"@type":"BreadcrumbList","@id":"https:\/\/pans.krosno.pl\/fundusze-zewnetrzne\/projekty-realizowane\/objecie-wsparciem-ze-srodkow-planu-rozwojowego-dzialania-w-postaci-stypendiow-dla-studentow-kierunku-pielegniarstwo-poloznictwo-oraz-ratownictwo-medyczne-edycja-2-rok-akademicki-2023-2024\/rekrutacja\/#breadcrumb","itemListElement":[{"@type":"ListItem","position":1,"name":"Strona g\u0142\u00f3wna","item":"https:\/\/pans.krosno.pl\/fundusze-zewnetrzne\/"},{"@type":"ListItem","position":2,"name":"Projekty realizowane","item":"https:\/\/pans.krosno.pl\/fundusze-zewnetrzne\/projekty-realizowane\/"},{"@type":"ListItem","position":3,"name":"Obj\u0119cie wsparciem ze \u015brodk\u00f3w Planu rozwojowego, dzia\u0142ania w postaci stypendi\u00f3w dla student\u00f3w kierunku piel\u0119gniarstwo, po\u0142o\u017cnictwo oraz ratownictwo medyczne. Edycja 2, rok akademicki 2023\/2024","item":"https:\/\/pans.krosno.pl\/fundusze-zewnetrzne\/projekty-realizowane\/objecie-wsparciem-ze-srodkow-planu-rozwojowego-dzialania-w-postaci-stypendiow-dla-studentow-kierunku-pielegniarstwo-poloznictwo-oraz-ratownictwo-medyczne-edycja-2-rok-akademicki-2023-2024\/"},{"@type":"ListItem","position":4,"name":"Rekrutacja"}]},{"@type":"WebSite","@id":"https:\/\/pans.krosno.pl\/fundusze-zewnetrzne\/#website","url":"https:\/\/pans.krosno.pl\/fundusze-zewnetrzne\/","name":"Fundusze zewn\u0119trzne PANS w Kro\u015bnie","description":"Fundusze zewn\u0119trzne  - Pa\u0144stwowa Akademia Nauk Stosowanych","publisher":{"@id":"https:\/\/pans.krosno.pl\/fundusze-zewnetrzne\/#organization"},"potentialAction":[{"@type":"SearchAction","target":{"@type":"EntryPoint","urlTemplate":"https:\/\/pans.krosno.pl\/fundusze-zewnetrzne\/?s={search_term_string}"},"query-input":{"@type":"PropertyValueSpecification","valueRequired":true,"valueName":"search_term_string"}}],"inLanguage":"pl-PL"},{"@type":"Organization","@id":"https:\/\/pans.krosno.pl\/fundusze-zewnetrzne\/#organization","name":"Fundusze zewn\u0119trzne PANS w Kro\u015bnie","url":"https:\/\/pans.krosno.pl\/fundusze-zewnetrzne\/","logo":{"@type":"ImageObject","inLanguage":"pl-PL","@id":"https:\/\/pans.krosno.pl\/fundusze-zewnetrzne\/#\/schema\/logo\/image\/","url":"https:\/\/pans.krosno.pl\/fundusze-zewnetrzne\/wp-content\/uploads\/sites\/14\/2023\/01\/Logo-PANS-2022-pelne.png","contentUrl":"https:\/\/pans.krosno.pl\/fundusze-zewnetrzne\/wp-content\/uploads\/sites\/14\/2023\/01\/Logo-PANS-2022-pelne.png","width":3096,"height":696,"caption":"Fundusze zewn\u0119trzne PANS w Kro\u015bnie"},"image":{"@id":"https:\/\/pans.krosno.pl\/fundusze-zewnetrzne\/#\/schema\/logo\/image\/"}}]}},"_links":{"self":[{"href":"https:\/\/pans.krosno.pl\/fundusze-zewnetrzne\/wp-json\/wp\/v2\/pages\/4425","targetHints":{"allow":["GET"]}}],"collection":[{"href":"https:\/\/pans.krosno.pl\/fundusze-zewnetrzne\/wp-json\/wp\/v2\/pages"}],"about":[{"href":"https:\/\/pans.krosno.pl\/fundusze-zewnetrzne\/wp-json\/wp\/v2\/types\/page"}],"author":[{"embeddable":true,"href":"https:\/\/pans.krosno.pl\/fundusze-zewnetrzne\/wp-json\/wp\/v2\/users\/53"}],"replies":[{"embeddable":true,"href":"https:\/\/pans.krosno.pl\/fundusze-zewnetrzne\/wp-json\/wp\/v2\/comments?post=4425"}],"version-history":[{"count":4,"href":"https:\/\/pans.krosno.pl\/fundusze-zewnetrzne\/wp-json\/wp\/v2\/pages\/4425\/revisions"}],"predecessor-version":[{"id":4438,"href":"https:\/\/pans.krosno.pl\/fundusze-zewnetrzne\/wp-json\/wp\/v2\/pages\/4425\/revisions\/4438"}],"up":[{"embeddable":true,"href":"https:\/\/pans.krosno.pl\/fundusze-zewnetrzne\/wp-json\/wp\/v2\/pages\/4412"}],"wp:attachment":[{"href":"https:\/\/pans.krosno.pl\/fundusze-zewnetrzne\/wp-json\/wp\/v2\/media?parent=4425"}],"curies":[{"name":"wp","href":"https:\/\/api.w.org\/{rel}","templated":true}]}}