{"id":4415,"date":"2026-04-09T09:16:23","date_gmt":"2026-04-09T07:16:23","guid":{"rendered":"https:\/\/pans.krosno.pl\/fundusze-zewnetrzne\/?page_id=4415"},"modified":"2026-04-09T09:16:23","modified_gmt":"2026-04-09T07:16:23","slug":"o-projekcie","status":"publish","type":"page","link":"https:\/\/pans.krosno.pl\/fundusze-zewnetrzne\/projekty-realizowane\/objecie-wsparciem-ze-srodkow-planu-rozwojowego-dzialania-w-postaci-stypendiow-dla-studentow-kierunku-pielegniarstwo-poloznictwo-oraz-ratownictwo-medyczne-edycja-2-rok-akademicki-2023-2024\/o-projekcie\/","title":{"rendered":"O projekcie"},"content":{"rendered":"\n<hr class=\"wp-block-separator has-alpha-channel-opacity\" \/>\n\n\n\n<figure class=\"wp-block-image size-full\"><img loading=\"lazy\" decoding=\"async\" width=\"1009\" height=\"124\" src=\"https:\/\/pans.krosno.pl\/fundusze-zewnetrzne\/wp-content\/uploads\/sites\/14\/2025\/11\/logo-1.jpg\" alt=\"\" class=\"wp-image-4331\" srcset=\"https:\/\/pans.krosno.pl\/fundusze-zewnetrzne\/wp-content\/uploads\/sites\/14\/2025\/11\/logo-1.jpg 1009w, https:\/\/pans.krosno.pl\/fundusze-zewnetrzne\/wp-content\/uploads\/sites\/14\/2025\/11\/logo-1-300x37.jpg 300w, https:\/\/pans.krosno.pl\/fundusze-zewnetrzne\/wp-content\/uploads\/sites\/14\/2025\/11\/logo-1-768x94.jpg 768w, https:\/\/pans.krosno.pl\/fundusze-zewnetrzne\/wp-content\/uploads\/sites\/14\/2025\/11\/logo-1-800x98.jpg 800w, https:\/\/pans.krosno.pl\/fundusze-zewnetrzne\/wp-content\/uploads\/sites\/14\/2025\/11\/logo-1-580x71.jpg 580w\" sizes=\"auto, (max-width: 1009px) 100vw, 1009px\" \/><\/figure>\n\n\n\n<hr class=\"wp-block-separator has-alpha-channel-opacity\" \/>\n\n\n\n<p>Projekt obejmuje wdro\u017cenie w Pa\u0144stwowej Akademii Nauk Stosowanych w Kro\u015bnie systemu zach\u0119t do podejmowania i kontynuowania studi\u00f3w na kierunkach Piel\u0119gniarstwo, Po\u0142o\u017cnictwo i Ratownictwo medyczne w formie stypendium dla najlepszych student\u00f3w rozpoczynaj\u0105cych studia na tych kierunkach w roku akademickim 2023\/2024. Stypendium w wysoko\u015bci 1 500,00 z\u0142 miesi\u0119cznie b\u0119dzie przyznawane studentom na ca\u0142y 3-letni cykl kszta\u0142cenia i wyp\u0142acane przez 9 miesi\u0119cy ka\u017cdego roku akademickiego. Celem projektu jest zwi\u0119kszenie liczby os\u00f3b podejmuj\u0105cych studia na kierunkach Piel\u0119gniarstwo, Po\u0142o\u017cnictwo i Ratownictwo Medyczne poprzez zwi\u0119kszenie atrakcyjno\u015bci studi\u00f3w na tych kierunkach. <\/p>\n\n\n\n<p>Projekt jest finansowany w ramach Krajowego Planu Odbudowy i Zwi\u0119kszania Odporno\u015bci \u2013 komponentu D \u201eEfektywno\u015b\u0107, dost\u0119pno\u015b\u0107 i jako\u015b\u0107 systemu ochrony zdrowia\u201d b\u0119d\u0105cego elementem Inwestycji D2.1.1 pn. \u201eInwestycje zwi\u0105zane z modernizacj\u0105 i doposa\u017ceniem obiekt\u00f3w dydaktycznych oraz zwi\u0119kszeniem liczby os\u00f3b podejmuj\u0105cych studia medyczne&#8221;.<\/p>\n\n\n\n<p>Warto\u015b\u0107 dofinansowania: 1 148 175,00 z\u0142<\/p>\n\n\n\n<hr class=\"wp-block-separator has-alpha-channel-opacity\" \/>\n","protected":false},"excerpt":{"rendered":"<p>Projekt obejmuje wdro\u017cenie w Pa\u0144stwowej Akademii Nauk Stosowanych w Kro\u015bnie systemu zach\u0119t do podejmowania i kontynuowania studi\u00f3w na kierunkach Piel\u0119gniarstwo, Po\u0142o\u017cnictwo i Ratownictwo medyczne w formie stypendium dla najlepszych student\u00f3w rozpoczynaj\u0105cych studia na tych kierunkach w roku akademickim 2023\/2024. Stypendium w wysoko\u015bci 1 500,00 z\u0142 miesi\u0119cznie b\u0119dzie przyznawane studentom na [\u2026] <\/p>\n<div class=\"clear\"><\/div>\n<p><a class=\"more_link clearfix\" href=\"https:\/\/pans.krosno.pl\/fundusze-zewnetrzne\/projekty-realizowane\/objecie-wsparciem-ze-srodkow-planu-rozwojowego-dzialania-w-postaci-stypendiow-dla-studentow-kierunku-pielegniarstwo-poloznictwo-oraz-ratownictwo-medyczne-edycja-2-rok-akademicki-2023-2024\/o-projekcie\/\" rel=\"nofollow\">Read More<\/a><\/p>\n","protected":false},"author":53,"featured_media":0,"parent":4412,"menu_order":0,"comment_status":"closed","ping_status":"closed","template":"","meta":{"ngg_post_thumbnail":0,"footnotes":""},"class_list":["post-4415","page","type-page","status-publish","hentry"],"yoast_head":"<!-- This site is optimized with the Yoast SEO Premium plugin v27.3 (Yoast SEO v27.3) - https:\/\/yoast.com\/product\/yoast-seo-premium-wordpress\/ -->\n<title>O projekcie - Fundusze zewn\u0119trzne PANS w Kro\u015bnie<\/title>\n<meta name=\"robots\" content=\"index, follow, max-snippet:-1, max-image-preview:large, max-video-preview:-1\" \/>\n<link rel=\"canonical\" href=\"https:\/\/pans.krosno.pl\/fundusze-zewnetrzne\/projekty-realizowane\/objecie-wsparciem-ze-srodkow-planu-rozwojowego-dzialania-w-postaci-stypendiow-dla-studentow-kierunku-pielegniarstwo-poloznictwo-oraz-ratownictwo-medyczne-edycja-2-rok-akademicki-2023-2024\/o-projekcie\/\" \/>\n<meta property=\"og:locale\" content=\"pl_PL\" \/>\n<meta property=\"og:type\" content=\"article\" \/>\n<meta property=\"og:title\" content=\"O projekcie\" \/>\n<meta property=\"og:description\" content=\"Projekt obejmuje wdro\u017cenie w Pa\u0144stwowej Akademii Nauk Stosowanych w Kro\u015bnie systemu zach\u0119t do podejmowania i kontynuowania studi\u00f3w na kierunkach Piel\u0119gniarstwo, Po\u0142o\u017cnictwo i Ratownictwo medyczne w formie stypendium dla najlepszych student\u00f3w rozpoczynaj\u0105cych studia na tych kierunkach w roku akademickim 2023\/2024. Stypendium w wysoko\u015bci 1 500,00 z\u0142 miesi\u0119cznie b\u0119dzie przyznawane studentom na [\u2026] Read More\" \/>\n<meta property=\"og:url\" content=\"https:\/\/pans.krosno.pl\/fundusze-zewnetrzne\/projekty-realizowane\/objecie-wsparciem-ze-srodkow-planu-rozwojowego-dzialania-w-postaci-stypendiow-dla-studentow-kierunku-pielegniarstwo-poloznictwo-oraz-ratownictwo-medyczne-edycja-2-rok-akademicki-2023-2024\/o-projekcie\/\" \/>\n<meta property=\"og:site_name\" content=\"Fundusze zewn\u0119trzne PANS w Kro\u015bnie\" \/>\n<meta property=\"og:image\" content=\"https:\/\/pans.krosno.pl\/fundusze-zewnetrzne\/wp-content\/uploads\/sites\/14\/2025\/11\/logo-1.jpg\" \/>\n\t<meta property=\"og:image:width\" content=\"1009\" \/>\n\t<meta property=\"og:image:height\" content=\"124\" \/>\n\t<meta property=\"og:image:type\" content=\"image\/jpeg\" \/>\n<meta name=\"twitter:card\" content=\"summary_large_image\" \/>\n<meta name=\"twitter:label1\" content=\"Szacowany czas czytania\" \/>\n\t<meta name=\"twitter:data1\" content=\"1 minuta\" \/>\n<script type=\"application\/ld+json\" class=\"yoast-schema-graph\">{\"@context\":\"https:\\\/\\\/schema.org\",\"@graph\":[{\"@type\":\"WebPage\",\"@id\":\"https:\\\/\\\/pans.krosno.pl\\\/fundusze-zewnetrzne\\\/projekty-realizowane\\\/objecie-wsparciem-ze-srodkow-planu-rozwojowego-dzialania-w-postaci-stypendiow-dla-studentow-kierunku-pielegniarstwo-poloznictwo-oraz-ratownictwo-medyczne-edycja-2-rok-akademicki-2023-2024\\\/o-projekcie\\\/\",\"url\":\"https:\\\/\\\/pans.krosno.pl\\\/fundusze-zewnetrzne\\\/projekty-realizowane\\\/objecie-wsparciem-ze-srodkow-planu-rozwojowego-dzialania-w-postaci-stypendiow-dla-studentow-kierunku-pielegniarstwo-poloznictwo-oraz-ratownictwo-medyczne-edycja-2-rok-akademicki-2023-2024\\\/o-projekcie\\\/\",\"name\":\"O projekcie - Fundusze zewn\u0119trzne PANS w Kro\u015bnie\",\"isPartOf\":{\"@id\":\"https:\\\/\\\/pans.krosno.pl\\\/fundusze-zewnetrzne\\\/#website\"},\"primaryImageOfPage\":{\"@id\":\"https:\\\/\\\/pans.krosno.pl\\\/fundusze-zewnetrzne\\\/projekty-realizowane\\\/objecie-wsparciem-ze-srodkow-planu-rozwojowego-dzialania-w-postaci-stypendiow-dla-studentow-kierunku-pielegniarstwo-poloznictwo-oraz-ratownictwo-medyczne-edycja-2-rok-akademicki-2023-2024\\\/o-projekcie\\\/#primaryimage\"},\"image\":{\"@id\":\"https:\\\/\\\/pans.krosno.pl\\\/fundusze-zewnetrzne\\\/projekty-realizowane\\\/objecie-wsparciem-ze-srodkow-planu-rozwojowego-dzialania-w-postaci-stypendiow-dla-studentow-kierunku-pielegniarstwo-poloznictwo-oraz-ratownictwo-medyczne-edycja-2-rok-akademicki-2023-2024\\\/o-projekcie\\\/#primaryimage\"},\"thumbnailUrl\":\"https:\\\/\\\/pans.krosno.pl\\\/fundusze-zewnetrzne\\\/wp-content\\\/uploads\\\/sites\\\/14\\\/2025\\\/11\\\/logo-1.jpg\",\"datePublished\":\"2026-04-09T07:16:23+00:00\",\"breadcrumb\":{\"@id\":\"https:\\\/\\\/pans.krosno.pl\\\/fundusze-zewnetrzne\\\/projekty-realizowane\\\/objecie-wsparciem-ze-srodkow-planu-rozwojowego-dzialania-w-postaci-stypendiow-dla-studentow-kierunku-pielegniarstwo-poloznictwo-oraz-ratownictwo-medyczne-edycja-2-rok-akademicki-2023-2024\\\/o-projekcie\\\/#breadcrumb\"},\"inLanguage\":\"pl-PL\",\"potentialAction\":[{\"@type\":\"ReadAction\",\"target\":[\"https:\\\/\\\/pans.krosno.pl\\\/fundusze-zewnetrzne\\\/projekty-realizowane\\\/objecie-wsparciem-ze-srodkow-planu-rozwojowego-dzialania-w-postaci-stypendiow-dla-studentow-kierunku-pielegniarstwo-poloznictwo-oraz-ratownictwo-medyczne-edycja-2-rok-akademicki-2023-2024\\\/o-projekcie\\\/\"]}]},{\"@type\":\"ImageObject\",\"inLanguage\":\"pl-PL\",\"@id\":\"https:\\\/\\\/pans.krosno.pl\\\/fundusze-zewnetrzne\\\/projekty-realizowane\\\/objecie-wsparciem-ze-srodkow-planu-rozwojowego-dzialania-w-postaci-stypendiow-dla-studentow-kierunku-pielegniarstwo-poloznictwo-oraz-ratownictwo-medyczne-edycja-2-rok-akademicki-2023-2024\\\/o-projekcie\\\/#primaryimage\",\"url\":\"https:\\\/\\\/pans.krosno.pl\\\/fundusze-zewnetrzne\\\/wp-content\\\/uploads\\\/sites\\\/14\\\/2025\\\/11\\\/logo-1.jpg\",\"contentUrl\":\"https:\\\/\\\/pans.krosno.pl\\\/fundusze-zewnetrzne\\\/wp-content\\\/uploads\\\/sites\\\/14\\\/2025\\\/11\\\/logo-1.jpg\",\"width\":1009,\"height\":124},{\"@type\":\"BreadcrumbList\",\"@id\":\"https:\\\/\\\/pans.krosno.pl\\\/fundusze-zewnetrzne\\\/projekty-realizowane\\\/objecie-wsparciem-ze-srodkow-planu-rozwojowego-dzialania-w-postaci-stypendiow-dla-studentow-kierunku-pielegniarstwo-poloznictwo-oraz-ratownictwo-medyczne-edycja-2-rok-akademicki-2023-2024\\\/o-projekcie\\\/#breadcrumb\",\"itemListElement\":[{\"@type\":\"ListItem\",\"position\":1,\"name\":\"Strona g\u0142\u00f3wna\",\"item\":\"https:\\\/\\\/pans.krosno.pl\\\/fundusze-zewnetrzne\\\/\"},{\"@type\":\"ListItem\",\"position\":2,\"name\":\"Projekty realizowane\",\"item\":\"https:\\\/\\\/pans.krosno.pl\\\/fundusze-zewnetrzne\\\/projekty-realizowane\\\/\"},{\"@type\":\"ListItem\",\"position\":3,\"name\":\"Obj\u0119cie wsparciem ze \u015brodk\u00f3w Planu rozwojowego, dzia\u0142ania w postaci stypendi\u00f3w dla student\u00f3w kierunku piel\u0119gniarstwo, po\u0142o\u017cnictwo oraz ratownictwo medyczne. Edycja 2, rok akademicki 2023\\\/2024\",\"item\":\"https:\\\/\\\/pans.krosno.pl\\\/fundusze-zewnetrzne\\\/projekty-realizowane\\\/objecie-wsparciem-ze-srodkow-planu-rozwojowego-dzialania-w-postaci-stypendiow-dla-studentow-kierunku-pielegniarstwo-poloznictwo-oraz-ratownictwo-medyczne-edycja-2-rok-akademicki-2023-2024\\\/\"},{\"@type\":\"ListItem\",\"position\":4,\"name\":\"O projekcie\"}]},{\"@type\":\"WebSite\",\"@id\":\"https:\\\/\\\/pans.krosno.pl\\\/fundusze-zewnetrzne\\\/#website\",\"url\":\"https:\\\/\\\/pans.krosno.pl\\\/fundusze-zewnetrzne\\\/\",\"name\":\"Fundusze zewn\u0119trzne PANS w Kro\u015bnie\",\"description\":\"Fundusze zewn\u0119trzne  - Pa\u0144stwowa Akademia Nauk Stosowanych\",\"publisher\":{\"@id\":\"https:\\\/\\\/pans.krosno.pl\\\/fundusze-zewnetrzne\\\/#organization\"},\"potentialAction\":[{\"@type\":\"SearchAction\",\"target\":{\"@type\":\"EntryPoint\",\"urlTemplate\":\"https:\\\/\\\/pans.krosno.pl\\\/fundusze-zewnetrzne\\\/?s={search_term_string}\"},\"query-input\":{\"@type\":\"PropertyValueSpecification\",\"valueRequired\":true,\"valueName\":\"search_term_string\"}}],\"inLanguage\":\"pl-PL\"},{\"@type\":\"Organization\",\"@id\":\"https:\\\/\\\/pans.krosno.pl\\\/fundusze-zewnetrzne\\\/#organization\",\"name\":\"Fundusze zewn\u0119trzne PANS w Kro\u015bnie\",\"url\":\"https:\\\/\\\/pans.krosno.pl\\\/fundusze-zewnetrzne\\\/\",\"logo\":{\"@type\":\"ImageObject\",\"inLanguage\":\"pl-PL\",\"@id\":\"https:\\\/\\\/pans.krosno.pl\\\/fundusze-zewnetrzne\\\/#\\\/schema\\\/logo\\\/image\\\/\",\"url\":\"https:\\\/\\\/pans.krosno.pl\\\/fundusze-zewnetrzne\\\/wp-content\\\/uploads\\\/sites\\\/14\\\/2023\\\/01\\\/Logo-PANS-2022-pelne.png\",\"contentUrl\":\"https:\\\/\\\/pans.krosno.pl\\\/fundusze-zewnetrzne\\\/wp-content\\\/uploads\\\/sites\\\/14\\\/2023\\\/01\\\/Logo-PANS-2022-pelne.png\",\"width\":3096,\"height\":696,\"caption\":\"Fundusze zewn\u0119trzne PANS w Kro\u015bnie\"},\"image\":{\"@id\":\"https:\\\/\\\/pans.krosno.pl\\\/fundusze-zewnetrzne\\\/#\\\/schema\\\/logo\\\/image\\\/\"}}]}<\/script>\n<!-- \/ Yoast SEO Premium plugin. -->","yoast_head_json":{"title":"O projekcie - Fundusze zewn\u0119trzne PANS w Kro\u015bnie","robots":{"index":"index","follow":"follow","max-snippet":"max-snippet:-1","max-image-preview":"max-image-preview:large","max-video-preview":"max-video-preview:-1"},"canonical":"https:\/\/pans.krosno.pl\/fundusze-zewnetrzne\/projekty-realizowane\/objecie-wsparciem-ze-srodkow-planu-rozwojowego-dzialania-w-postaci-stypendiow-dla-studentow-kierunku-pielegniarstwo-poloznictwo-oraz-ratownictwo-medyczne-edycja-2-rok-akademicki-2023-2024\/o-projekcie\/","og_locale":"pl_PL","og_type":"article","og_title":"O projekcie","og_description":"Projekt obejmuje wdro\u017cenie w Pa\u0144stwowej Akademii Nauk Stosowanych w Kro\u015bnie systemu zach\u0119t do podejmowania i kontynuowania studi\u00f3w na kierunkach Piel\u0119gniarstwo, Po\u0142o\u017cnictwo i Ratownictwo medyczne w formie stypendium dla najlepszych student\u00f3w rozpoczynaj\u0105cych studia na tych kierunkach w roku akademickim 2023\/2024. Stypendium w wysoko\u015bci 1 500,00 z\u0142 miesi\u0119cznie b\u0119dzie przyznawane studentom na [\u2026] Read More","og_url":"https:\/\/pans.krosno.pl\/fundusze-zewnetrzne\/projekty-realizowane\/objecie-wsparciem-ze-srodkow-planu-rozwojowego-dzialania-w-postaci-stypendiow-dla-studentow-kierunku-pielegniarstwo-poloznictwo-oraz-ratownictwo-medyczne-edycja-2-rok-akademicki-2023-2024\/o-projekcie\/","og_site_name":"Fundusze zewn\u0119trzne PANS w Kro\u015bnie","og_image":[{"width":1009,"height":124,"url":"https:\/\/pans.krosno.pl\/fundusze-zewnetrzne\/wp-content\/uploads\/sites\/14\/2025\/11\/logo-1.jpg","type":"image\/jpeg"}],"twitter_card":"summary_large_image","twitter_misc":{"Szacowany czas czytania":"1 minuta"},"schema":{"@context":"https:\/\/schema.org","@graph":[{"@type":"WebPage","@id":"https:\/\/pans.krosno.pl\/fundusze-zewnetrzne\/projekty-realizowane\/objecie-wsparciem-ze-srodkow-planu-rozwojowego-dzialania-w-postaci-stypendiow-dla-studentow-kierunku-pielegniarstwo-poloznictwo-oraz-ratownictwo-medyczne-edycja-2-rok-akademicki-2023-2024\/o-projekcie\/","url":"https:\/\/pans.krosno.pl\/fundusze-zewnetrzne\/projekty-realizowane\/objecie-wsparciem-ze-srodkow-planu-rozwojowego-dzialania-w-postaci-stypendiow-dla-studentow-kierunku-pielegniarstwo-poloznictwo-oraz-ratownictwo-medyczne-edycja-2-rok-akademicki-2023-2024\/o-projekcie\/","name":"O projekcie - Fundusze zewn\u0119trzne PANS w Kro\u015bnie","isPartOf":{"@id":"https:\/\/pans.krosno.pl\/fundusze-zewnetrzne\/#website"},"primaryImageOfPage":{"@id":"https:\/\/pans.krosno.pl\/fundusze-zewnetrzne\/projekty-realizowane\/objecie-wsparciem-ze-srodkow-planu-rozwojowego-dzialania-w-postaci-stypendiow-dla-studentow-kierunku-pielegniarstwo-poloznictwo-oraz-ratownictwo-medyczne-edycja-2-rok-akademicki-2023-2024\/o-projekcie\/#primaryimage"},"image":{"@id":"https:\/\/pans.krosno.pl\/fundusze-zewnetrzne\/projekty-realizowane\/objecie-wsparciem-ze-srodkow-planu-rozwojowego-dzialania-w-postaci-stypendiow-dla-studentow-kierunku-pielegniarstwo-poloznictwo-oraz-ratownictwo-medyczne-edycja-2-rok-akademicki-2023-2024\/o-projekcie\/#primaryimage"},"thumbnailUrl":"https:\/\/pans.krosno.pl\/fundusze-zewnetrzne\/wp-content\/uploads\/sites\/14\/2025\/11\/logo-1.jpg","datePublished":"2026-04-09T07:16:23+00:00","breadcrumb":{"@id":"https:\/\/pans.krosno.pl\/fundusze-zewnetrzne\/projekty-realizowane\/objecie-wsparciem-ze-srodkow-planu-rozwojowego-dzialania-w-postaci-stypendiow-dla-studentow-kierunku-pielegniarstwo-poloznictwo-oraz-ratownictwo-medyczne-edycja-2-rok-akademicki-2023-2024\/o-projekcie\/#breadcrumb"},"inLanguage":"pl-PL","potentialAction":[{"@type":"ReadAction","target":["https:\/\/pans.krosno.pl\/fundusze-zewnetrzne\/projekty-realizowane\/objecie-wsparciem-ze-srodkow-planu-rozwojowego-dzialania-w-postaci-stypendiow-dla-studentow-kierunku-pielegniarstwo-poloznictwo-oraz-ratownictwo-medyczne-edycja-2-rok-akademicki-2023-2024\/o-projekcie\/"]}]},{"@type":"ImageObject","inLanguage":"pl-PL","@id":"https:\/\/pans.krosno.pl\/fundusze-zewnetrzne\/projekty-realizowane\/objecie-wsparciem-ze-srodkow-planu-rozwojowego-dzialania-w-postaci-stypendiow-dla-studentow-kierunku-pielegniarstwo-poloznictwo-oraz-ratownictwo-medyczne-edycja-2-rok-akademicki-2023-2024\/o-projekcie\/#primaryimage","url":"https:\/\/pans.krosno.pl\/fundusze-zewnetrzne\/wp-content\/uploads\/sites\/14\/2025\/11\/logo-1.jpg","contentUrl":"https:\/\/pans.krosno.pl\/fundusze-zewnetrzne\/wp-content\/uploads\/sites\/14\/2025\/11\/logo-1.jpg","width":1009,"height":124},{"@type":"BreadcrumbList","@id":"https:\/\/pans.krosno.pl\/fundusze-zewnetrzne\/projekty-realizowane\/objecie-wsparciem-ze-srodkow-planu-rozwojowego-dzialania-w-postaci-stypendiow-dla-studentow-kierunku-pielegniarstwo-poloznictwo-oraz-ratownictwo-medyczne-edycja-2-rok-akademicki-2023-2024\/o-projekcie\/#breadcrumb","itemListElement":[{"@type":"ListItem","position":1,"name":"Strona g\u0142\u00f3wna","item":"https:\/\/pans.krosno.pl\/fundusze-zewnetrzne\/"},{"@type":"ListItem","position":2,"name":"Projekty realizowane","item":"https:\/\/pans.krosno.pl\/fundusze-zewnetrzne\/projekty-realizowane\/"},{"@type":"ListItem","position":3,"name":"Obj\u0119cie wsparciem ze \u015brodk\u00f3w Planu rozwojowego, dzia\u0142ania w postaci stypendi\u00f3w dla student\u00f3w kierunku piel\u0119gniarstwo, po\u0142o\u017cnictwo oraz ratownictwo medyczne. Edycja 2, rok akademicki 2023\/2024","item":"https:\/\/pans.krosno.pl\/fundusze-zewnetrzne\/projekty-realizowane\/objecie-wsparciem-ze-srodkow-planu-rozwojowego-dzialania-w-postaci-stypendiow-dla-studentow-kierunku-pielegniarstwo-poloznictwo-oraz-ratownictwo-medyczne-edycja-2-rok-akademicki-2023-2024\/"},{"@type":"ListItem","position":4,"name":"O projekcie"}]},{"@type":"WebSite","@id":"https:\/\/pans.krosno.pl\/fundusze-zewnetrzne\/#website","url":"https:\/\/pans.krosno.pl\/fundusze-zewnetrzne\/","name":"Fundusze zewn\u0119trzne PANS w Kro\u015bnie","description":"Fundusze zewn\u0119trzne  - Pa\u0144stwowa Akademia Nauk Stosowanych","publisher":{"@id":"https:\/\/pans.krosno.pl\/fundusze-zewnetrzne\/#organization"},"potentialAction":[{"@type":"SearchAction","target":{"@type":"EntryPoint","urlTemplate":"https:\/\/pans.krosno.pl\/fundusze-zewnetrzne\/?s={search_term_string}"},"query-input":{"@type":"PropertyValueSpecification","valueRequired":true,"valueName":"search_term_string"}}],"inLanguage":"pl-PL"},{"@type":"Organization","@id":"https:\/\/pans.krosno.pl\/fundusze-zewnetrzne\/#organization","name":"Fundusze zewn\u0119trzne PANS w Kro\u015bnie","url":"https:\/\/pans.krosno.pl\/fundusze-zewnetrzne\/","logo":{"@type":"ImageObject","inLanguage":"pl-PL","@id":"https:\/\/pans.krosno.pl\/fundusze-zewnetrzne\/#\/schema\/logo\/image\/","url":"https:\/\/pans.krosno.pl\/fundusze-zewnetrzne\/wp-content\/uploads\/sites\/14\/2023\/01\/Logo-PANS-2022-pelne.png","contentUrl":"https:\/\/pans.krosno.pl\/fundusze-zewnetrzne\/wp-content\/uploads\/sites\/14\/2023\/01\/Logo-PANS-2022-pelne.png","width":3096,"height":696,"caption":"Fundusze zewn\u0119trzne PANS w Kro\u015bnie"},"image":{"@id":"https:\/\/pans.krosno.pl\/fundusze-zewnetrzne\/#\/schema\/logo\/image\/"}}]}},"_links":{"self":[{"href":"https:\/\/pans.krosno.pl\/fundusze-zewnetrzne\/wp-json\/wp\/v2\/pages\/4415","targetHints":{"allow":["GET"]}}],"collection":[{"href":"https:\/\/pans.krosno.pl\/fundusze-zewnetrzne\/wp-json\/wp\/v2\/pages"}],"about":[{"href":"https:\/\/pans.krosno.pl\/fundusze-zewnetrzne\/wp-json\/wp\/v2\/types\/page"}],"author":[{"embeddable":true,"href":"https:\/\/pans.krosno.pl\/fundusze-zewnetrzne\/wp-json\/wp\/v2\/users\/53"}],"replies":[{"embeddable":true,"href":"https:\/\/pans.krosno.pl\/fundusze-zewnetrzne\/wp-json\/wp\/v2\/comments?post=4415"}],"version-history":[{"count":1,"href":"https:\/\/pans.krosno.pl\/fundusze-zewnetrzne\/wp-json\/wp\/v2\/pages\/4415\/revisions"}],"predecessor-version":[{"id":4416,"href":"https:\/\/pans.krosno.pl\/fundusze-zewnetrzne\/wp-json\/wp\/v2\/pages\/4415\/revisions\/4416"}],"up":[{"embeddable":true,"href":"https:\/\/pans.krosno.pl\/fundusze-zewnetrzne\/wp-json\/wp\/v2\/pages\/4412"}],"wp:attachment":[{"href":"https:\/\/pans.krosno.pl\/fundusze-zewnetrzne\/wp-json\/wp\/v2\/media?parent=4415"}],"curies":[{"name":"wp","href":"https:\/\/api.w.org\/{rel}","templated":true}]}}