{"id":4407,"date":"2026-03-17T12:04:24","date_gmt":"2026-03-17T11:04:24","guid":{"rendered":"https:\/\/pans.krosno.pl\/fundusze-zewnetrzne\/?page_id=4407"},"modified":"2026-03-17T12:05:21","modified_gmt":"2026-03-17T11:05:21","slug":"opracowanie-i-wdrozenie-innowacyjnego-modulowego-systemu-zabezpieczen-przeciwpozarowych","status":"publish","type":"page","link":"https:\/\/pans.krosno.pl\/fundusze-zewnetrzne\/projekty-realizowane\/opracowanie-i-wdrozenie-innowacyjnego-modulowego-systemu-zabezpieczen-przeciwpozarowych\/","title":{"rendered":"Opracowanie i wdro\u017cenie innowacyjnego, modu\u0142owego systemu zabezpiecze\u0144 przeciwpo\u017carowych"},"content":{"rendered":"\n<hr class=\"wp-block-separator has-alpha-channel-opacity\" \/>\n\n\n\n<figure class=\"wp-block-image size-large\"><img loading=\"lazy\" decoding=\"async\" width=\"1024\" height=\"84\" src=\"https:\/\/pans.krosno.pl\/fundusze-zewnetrzne\/wp-content\/uploads\/sites\/14\/2024\/07\/pasek-21-27-RGB-1024x84.jpg\" alt=\"\" class=\"wp-image-4016\" srcset=\"https:\/\/pans.krosno.pl\/fundusze-zewnetrzne\/wp-content\/uploads\/sites\/14\/2024\/07\/pasek-21-27-RGB-1024x84.jpg 1024w, https:\/\/pans.krosno.pl\/fundusze-zewnetrzne\/wp-content\/uploads\/sites\/14\/2024\/07\/pasek-21-27-RGB-300x25.jpg 300w, https:\/\/pans.krosno.pl\/fundusze-zewnetrzne\/wp-content\/uploads\/sites\/14\/2024\/07\/pasek-21-27-RGB-768x63.jpg 768w, https:\/\/pans.krosno.pl\/fundusze-zewnetrzne\/wp-content\/uploads\/sites\/14\/2024\/07\/pasek-21-27-RGB-1536x126.jpg 1536w, https:\/\/pans.krosno.pl\/fundusze-zewnetrzne\/wp-content\/uploads\/sites\/14\/2024\/07\/pasek-21-27-RGB-2048x169.jpg 2048w, https:\/\/pans.krosno.pl\/fundusze-zewnetrzne\/wp-content\/uploads\/sites\/14\/2024\/07\/pasek-21-27-RGB-2000x165.jpg 2000w, https:\/\/pans.krosno.pl\/fundusze-zewnetrzne\/wp-content\/uploads\/sites\/14\/2024\/07\/pasek-21-27-RGB-800x66.jpg 800w, https:\/\/pans.krosno.pl\/fundusze-zewnetrzne\/wp-content\/uploads\/sites\/14\/2024\/07\/pasek-21-27-RGB-580x48.jpg 580w\" sizes=\"auto, (max-width: 1024px) 100vw, 1024px\" \/><\/figure>\n\n\n\n<hr class=\"wp-block-separator has-alpha-channel-opacity\" \/>\n\n\n\n<p class=\"has-text-align-center\">Pa\u0144stwowa Akademia Nauk Stosowanych w Kro\u015bnie realizuje w partnerstwie z Cerbex Sp\u00f3\u0142ka z o.o. projekt \u201eOpracowanie i wdro\u017cenie innowacyjnego, modu\u0142owego systemu zabezpiecze\u0144 przeciwpo\u017carowych\u201d, realizowany w ramach programu Fundusze Europejskie dla Podkarpacia 2021-2027, dofinansowanego ze \u015brodk\u00f3w UE<\/p>\n\n\n\n<hr class=\"wp-block-separator has-alpha-channel-opacity\" \/>\n\n\n\n<p>W ramach projektu Pa\u0144stwowa Akademia Nauk Stosowanych w Kro\u015bnie realizuje Zadanie 4 pn. &#8222;Optymalizacja do\u015bwiadczalna prototyp\u00f3w modu\u0142\u00f3w systemu zabezpieczenia przeciwpo\u017carowego \u2013 prace rozwojowe PANS w Kro\u015bnie &#8211; Modu\u0142 Prace B+R&#8221;. <\/p>\n\n\n\n<p>W ramach Zadania realizowany jest nast\u0119puj\u0105cy zakres prac badawczych podj\u0119tych do realizacji w ramach modu\u0142u wymaga podj\u0119cia wsp\u00f3\u0142pracy w ramach partnerstwa z o\u015brodkiem badawczych \u2013 PANS w Kro\u015bnie, kt\u00f3ra w ramach zadania 4. wykona nast\u0119puj\u0105cy zakres prac: <\/p>\n\n\n\n<p>1. Zbadanie wp\u0142ywu prototypu wy\u0142\u0105cznika pr\u0105dowego \u2013 dostarczonego przez firm\u0119 CERBEX na instalacje niskopr\u0105dowe. Wyznaczenie bezpiecznej odleg\u0142o\u015bci do u\u017cywania sprz\u0119tu bez zak\u0142\u00f3ce\u0144 \u2013 komputer, telefon kom\u00f3rkowy. <\/p>\n\n\n\n<p>2. Optymalizacja dostarczonej przez firm\u0119 CERBEX konstrukcji automatycznego nakrywania samochodu elektrycznego (t\u0142umienia po\u017caru). Dob\u00f3r minimalnego przekroju profili z uwzgl\u0119dnieniem niezawodno\u015bci pracy konstrukcji. <\/p>\n\n\n\n<p>3. Pomiar parametr\u00f3w fizyko-chemicznych piany ga\u015bniczej spr\u0119\u017conej dostarczonej przez firm\u0119 CERBEX. Badania wp\u0142yw ci\u015bnienia piany na g\u0119sto\u015b\u0107 i lepko\u015b\u0107. Na podstawie walidacji parametr\u00f3w wej\u015bciowych opracowanie modelu numerycznego przep\u0142ywu piany. <\/p>\n\n\n\n<p>4. Zbadanie wydajno\u015bci przep\u0142ywu wody dla pompy hydrantowej. Okre\u015blenie charakterystyki wydajno\u015bci przep\u0142ywu (ci\u015bnienie i wydatek wody).<\/p>\n\n\n\n<p>Okres realizacji Zadania: 1.02.2026 r. &#8211; 30.09.2026 r.<\/p>\n\n\n\n<hr class=\"wp-block-separator has-alpha-channel-opacity\" \/>\n\n\n\n<figure class=\"wp-block-image size-large\"><img loading=\"lazy\" decoding=\"async\" width=\"1024\" height=\"724\" src=\"https:\/\/pans.krosno.pl\/fundusze-zewnetrzne\/wp-content\/uploads\/sites\/14\/2026\/03\/plakat-CERBEX-PANS-1024x724.jpg\" alt=\"\" class=\"wp-image-4408\" srcset=\"https:\/\/pans.krosno.pl\/fundusze-zewnetrzne\/wp-content\/uploads\/sites\/14\/2026\/03\/plakat-CERBEX-PANS-1024x724.jpg 1024w, https:\/\/pans.krosno.pl\/fundusze-zewnetrzne\/wp-content\/uploads\/sites\/14\/2026\/03\/plakat-CERBEX-PANS-300x212.jpg 300w, https:\/\/pans.krosno.pl\/fundusze-zewnetrzne\/wp-content\/uploads\/sites\/14\/2026\/03\/plakat-CERBEX-PANS-768x543.jpg 768w, https:\/\/pans.krosno.pl\/fundusze-zewnetrzne\/wp-content\/uploads\/sites\/14\/2026\/03\/plakat-CERBEX-PANS-1536x1086.jpg 1536w, https:\/\/pans.krosno.pl\/fundusze-zewnetrzne\/wp-content\/uploads\/sites\/14\/2026\/03\/plakat-CERBEX-PANS-2048x1447.jpg 2048w, https:\/\/pans.krosno.pl\/fundusze-zewnetrzne\/wp-content\/uploads\/sites\/14\/2026\/03\/plakat-CERBEX-PANS-2000x1413.jpg 2000w, https:\/\/pans.krosno.pl\/fundusze-zewnetrzne\/wp-content\/uploads\/sites\/14\/2026\/03\/plakat-CERBEX-PANS-800x565.jpg 800w, https:\/\/pans.krosno.pl\/fundusze-zewnetrzne\/wp-content\/uploads\/sites\/14\/2026\/03\/plakat-CERBEX-PANS-580x410.jpg 580w\" sizes=\"auto, (max-width: 1024px) 100vw, 1024px\" \/><\/figure>\n\n\n\n<hr class=\"wp-block-separator has-alpha-channel-opacity\" \/>\n","protected":false},"excerpt":{"rendered":"<p>Pa\u0144stwowa Akademia Nauk Stosowanych w Kro\u015bnie realizuje w partnerstwie z Cerbex Sp\u00f3\u0142ka z o.o. projekt \u201eOpracowanie i wdro\u017cenie innowacyjnego, modu\u0142owego systemu zabezpiecze\u0144 przeciwpo\u017carowych\u201d, realizowany w ramach programu Fundusze Europejskie dla Podkarpacia 2021-2027, dofinansowanego ze \u015brodk\u00f3w UE W ramach projektu Pa\u0144stwowa Akademia Nauk Stosowanych w Kro\u015bnie realizuje Zadanie 4 pn. &#8222;Optymalizacja [\u2026] <\/p>\n<div class=\"clear\"><\/div>\n<p><a class=\"more_link clearfix\" href=\"https:\/\/pans.krosno.pl\/fundusze-zewnetrzne\/projekty-realizowane\/opracowanie-i-wdrozenie-innowacyjnego-modulowego-systemu-zabezpieczen-przeciwpozarowych\/\" rel=\"nofollow\">Read More<\/a><\/p>\n","protected":false},"author":53,"featured_media":0,"parent":12,"menu_order":0,"comment_status":"closed","ping_status":"closed","template":"","meta":{"ngg_post_thumbnail":0,"footnotes":""},"class_list":["post-4407","page","type-page","status-publish","hentry"],"yoast_head":"<!-- This site is optimized with the Yoast SEO Premium plugin v27.3 (Yoast SEO v27.3) - https:\/\/yoast.com\/product\/yoast-seo-premium-wordpress\/ -->\n<title>Opracowanie i wdro\u017cenie innowacyjnego, modu\u0142owego systemu zabezpiecze\u0144 przeciwpo\u017carowych - Fundusze zewn\u0119trzne PANS w Kro\u015bnie<\/title>\n<meta name=\"robots\" content=\"index, follow, max-snippet:-1, max-image-preview:large, max-video-preview:-1\" \/>\n<link rel=\"canonical\" href=\"https:\/\/pans.krosno.pl\/fundusze-zewnetrzne\/projekty-realizowane\/opracowanie-i-wdrozenie-innowacyjnego-modulowego-systemu-zabezpieczen-przeciwpozarowych\/\" \/>\n<meta property=\"og:locale\" content=\"pl_PL\" \/>\n<meta property=\"og:type\" content=\"article\" \/>\n<meta property=\"og:title\" content=\"Opracowanie i wdro\u017cenie innowacyjnego, modu\u0142owego systemu zabezpiecze\u0144 przeciwpo\u017carowych\" \/>\n<meta property=\"og:description\" content=\"Pa\u0144stwowa Akademia Nauk Stosowanych w Kro\u015bnie realizuje w partnerstwie z Cerbex Sp\u00f3\u0142ka z o.o. projekt \u201eOpracowanie i wdro\u017cenie innowacyjnego, modu\u0142owego systemu zabezpiecze\u0144 przeciwpo\u017carowych\u201d, realizowany w ramach programu Fundusze Europejskie dla Podkarpacia 2021-2027, dofinansowanego ze \u015brodk\u00f3w UE W ramach projektu Pa\u0144stwowa Akademia Nauk Stosowanych w Kro\u015bnie realizuje Zadanie 4 pn. &#8222;Optymalizacja [\u2026] Read More\" \/>\n<meta property=\"og:url\" content=\"https:\/\/pans.krosno.pl\/fundusze-zewnetrzne\/projekty-realizowane\/opracowanie-i-wdrozenie-innowacyjnego-modulowego-systemu-zabezpieczen-przeciwpozarowych\/\" \/>\n<meta property=\"og:site_name\" content=\"Fundusze zewn\u0119trzne PANS w Kro\u015bnie\" \/>\n<meta property=\"article:modified_time\" content=\"2026-03-17T11:05:21+00:00\" \/>\n<meta property=\"og:image\" content=\"https:\/\/pans.krosno.pl\/fundusze-zewnetrzne\/wp-content\/uploads\/sites\/14\/2024\/07\/pasek-21-27-RGB-scaled.jpg\" \/>\n\t<meta property=\"og:image:width\" content=\"2560\" \/>\n\t<meta property=\"og:image:height\" content=\"211\" \/>\n\t<meta property=\"og:image:type\" content=\"image\/jpeg\" \/>\n<meta name=\"twitter:card\" content=\"summary_large_image\" \/>\n<meta name=\"twitter:label1\" content=\"Szacowany czas czytania\" \/>\n\t<meta name=\"twitter:data1\" content=\"2 minuty\" \/>\n<script type=\"application\/ld+json\" class=\"yoast-schema-graph\">{\"@context\":\"https:\\\/\\\/schema.org\",\"@graph\":[{\"@type\":\"WebPage\",\"@id\":\"https:\\\/\\\/pans.krosno.pl\\\/fundusze-zewnetrzne\\\/projekty-realizowane\\\/opracowanie-i-wdrozenie-innowacyjnego-modulowego-systemu-zabezpieczen-przeciwpozarowych\\\/\",\"url\":\"https:\\\/\\\/pans.krosno.pl\\\/fundusze-zewnetrzne\\\/projekty-realizowane\\\/opracowanie-i-wdrozenie-innowacyjnego-modulowego-systemu-zabezpieczen-przeciwpozarowych\\\/\",\"name\":\"Opracowanie i wdro\u017cenie innowacyjnego, modu\u0142owego systemu zabezpiecze\u0144 przeciwpo\u017carowych - Fundusze zewn\u0119trzne PANS w Kro\u015bnie\",\"isPartOf\":{\"@id\":\"https:\\\/\\\/pans.krosno.pl\\\/fundusze-zewnetrzne\\\/#website\"},\"primaryImageOfPage\":{\"@id\":\"https:\\\/\\\/pans.krosno.pl\\\/fundusze-zewnetrzne\\\/projekty-realizowane\\\/opracowanie-i-wdrozenie-innowacyjnego-modulowego-systemu-zabezpieczen-przeciwpozarowych\\\/#primaryimage\"},\"image\":{\"@id\":\"https:\\\/\\\/pans.krosno.pl\\\/fundusze-zewnetrzne\\\/projekty-realizowane\\\/opracowanie-i-wdrozenie-innowacyjnego-modulowego-systemu-zabezpieczen-przeciwpozarowych\\\/#primaryimage\"},\"thumbnailUrl\":\"https:\\\/\\\/pans.krosno.pl\\\/fundusze-zewnetrzne\\\/wp-content\\\/uploads\\\/sites\\\/14\\\/2024\\\/07\\\/pasek-21-27-RGB-1024x84.jpg\",\"datePublished\":\"2026-03-17T11:04:24+00:00\",\"dateModified\":\"2026-03-17T11:05:21+00:00\",\"breadcrumb\":{\"@id\":\"https:\\\/\\\/pans.krosno.pl\\\/fundusze-zewnetrzne\\\/projekty-realizowane\\\/opracowanie-i-wdrozenie-innowacyjnego-modulowego-systemu-zabezpieczen-przeciwpozarowych\\\/#breadcrumb\"},\"inLanguage\":\"pl-PL\",\"potentialAction\":[{\"@type\":\"ReadAction\",\"target\":[\"https:\\\/\\\/pans.krosno.pl\\\/fundusze-zewnetrzne\\\/projekty-realizowane\\\/opracowanie-i-wdrozenie-innowacyjnego-modulowego-systemu-zabezpieczen-przeciwpozarowych\\\/\"]}]},{\"@type\":\"ImageObject\",\"inLanguage\":\"pl-PL\",\"@id\":\"https:\\\/\\\/pans.krosno.pl\\\/fundusze-zewnetrzne\\\/projekty-realizowane\\\/opracowanie-i-wdrozenie-innowacyjnego-modulowego-systemu-zabezpieczen-przeciwpozarowych\\\/#primaryimage\",\"url\":\"https:\\\/\\\/pans.krosno.pl\\\/fundusze-zewnetrzne\\\/wp-content\\\/uploads\\\/sites\\\/14\\\/2024\\\/07\\\/pasek-21-27-RGB-scaled.jpg\",\"contentUrl\":\"https:\\\/\\\/pans.krosno.pl\\\/fundusze-zewnetrzne\\\/wp-content\\\/uploads\\\/sites\\\/14\\\/2024\\\/07\\\/pasek-21-27-RGB-scaled.jpg\",\"width\":2560,\"height\":211},{\"@type\":\"BreadcrumbList\",\"@id\":\"https:\\\/\\\/pans.krosno.pl\\\/fundusze-zewnetrzne\\\/projekty-realizowane\\\/opracowanie-i-wdrozenie-innowacyjnego-modulowego-systemu-zabezpieczen-przeciwpozarowych\\\/#breadcrumb\",\"itemListElement\":[{\"@type\":\"ListItem\",\"position\":1,\"name\":\"Strona g\u0142\u00f3wna\",\"item\":\"https:\\\/\\\/pans.krosno.pl\\\/fundusze-zewnetrzne\\\/\"},{\"@type\":\"ListItem\",\"position\":2,\"name\":\"Projekty realizowane\",\"item\":\"https:\\\/\\\/pans.krosno.pl\\\/fundusze-zewnetrzne\\\/projekty-realizowane\\\/\"},{\"@type\":\"ListItem\",\"position\":3,\"name\":\"Opracowanie i wdro\u017cenie innowacyjnego, modu\u0142owego systemu zabezpiecze\u0144 przeciwpo\u017carowych\"}]},{\"@type\":\"WebSite\",\"@id\":\"https:\\\/\\\/pans.krosno.pl\\\/fundusze-zewnetrzne\\\/#website\",\"url\":\"https:\\\/\\\/pans.krosno.pl\\\/fundusze-zewnetrzne\\\/\",\"name\":\"Fundusze zewn\u0119trzne PANS w Kro\u015bnie\",\"description\":\"Fundusze zewn\u0119trzne  - Pa\u0144stwowa Akademia Nauk Stosowanych\",\"publisher\":{\"@id\":\"https:\\\/\\\/pans.krosno.pl\\\/fundusze-zewnetrzne\\\/#organization\"},\"potentialAction\":[{\"@type\":\"SearchAction\",\"target\":{\"@type\":\"EntryPoint\",\"urlTemplate\":\"https:\\\/\\\/pans.krosno.pl\\\/fundusze-zewnetrzne\\\/?s={search_term_string}\"},\"query-input\":{\"@type\":\"PropertyValueSpecification\",\"valueRequired\":true,\"valueName\":\"search_term_string\"}}],\"inLanguage\":\"pl-PL\"},{\"@type\":\"Organization\",\"@id\":\"https:\\\/\\\/pans.krosno.pl\\\/fundusze-zewnetrzne\\\/#organization\",\"name\":\"Fundusze zewn\u0119trzne PANS w Kro\u015bnie\",\"url\":\"https:\\\/\\\/pans.krosno.pl\\\/fundusze-zewnetrzne\\\/\",\"logo\":{\"@type\":\"ImageObject\",\"inLanguage\":\"pl-PL\",\"@id\":\"https:\\\/\\\/pans.krosno.pl\\\/fundusze-zewnetrzne\\\/#\\\/schema\\\/logo\\\/image\\\/\",\"url\":\"https:\\\/\\\/pans.krosno.pl\\\/fundusze-zewnetrzne\\\/wp-content\\\/uploads\\\/sites\\\/14\\\/2023\\\/01\\\/Logo-PANS-2022-pelne.png\",\"contentUrl\":\"https:\\\/\\\/pans.krosno.pl\\\/fundusze-zewnetrzne\\\/wp-content\\\/uploads\\\/sites\\\/14\\\/2023\\\/01\\\/Logo-PANS-2022-pelne.png\",\"width\":3096,\"height\":696,\"caption\":\"Fundusze zewn\u0119trzne PANS w Kro\u015bnie\"},\"image\":{\"@id\":\"https:\\\/\\\/pans.krosno.pl\\\/fundusze-zewnetrzne\\\/#\\\/schema\\\/logo\\\/image\\\/\"}}]}<\/script>\n<!-- \/ Yoast SEO Premium plugin. -->","yoast_head_json":{"title":"Opracowanie i wdro\u017cenie innowacyjnego, modu\u0142owego systemu zabezpiecze\u0144 przeciwpo\u017carowych - Fundusze zewn\u0119trzne PANS w Kro\u015bnie","robots":{"index":"index","follow":"follow","max-snippet":"max-snippet:-1","max-image-preview":"max-image-preview:large","max-video-preview":"max-video-preview:-1"},"canonical":"https:\/\/pans.krosno.pl\/fundusze-zewnetrzne\/projekty-realizowane\/opracowanie-i-wdrozenie-innowacyjnego-modulowego-systemu-zabezpieczen-przeciwpozarowych\/","og_locale":"pl_PL","og_type":"article","og_title":"Opracowanie i wdro\u017cenie innowacyjnego, modu\u0142owego systemu zabezpiecze\u0144 przeciwpo\u017carowych","og_description":"Pa\u0144stwowa Akademia Nauk Stosowanych w Kro\u015bnie realizuje w partnerstwie z Cerbex Sp\u00f3\u0142ka z o.o. projekt \u201eOpracowanie i wdro\u017cenie innowacyjnego, modu\u0142owego systemu zabezpiecze\u0144 przeciwpo\u017carowych\u201d, realizowany w ramach programu Fundusze Europejskie dla Podkarpacia 2021-2027, dofinansowanego ze \u015brodk\u00f3w UE W ramach projektu Pa\u0144stwowa Akademia Nauk Stosowanych w Kro\u015bnie realizuje Zadanie 4 pn. &#8222;Optymalizacja [\u2026] Read More","og_url":"https:\/\/pans.krosno.pl\/fundusze-zewnetrzne\/projekty-realizowane\/opracowanie-i-wdrozenie-innowacyjnego-modulowego-systemu-zabezpieczen-przeciwpozarowych\/","og_site_name":"Fundusze zewn\u0119trzne PANS w Kro\u015bnie","article_modified_time":"2026-03-17T11:05:21+00:00","og_image":[{"width":2560,"height":211,"url":"https:\/\/pans.krosno.pl\/fundusze-zewnetrzne\/wp-content\/uploads\/sites\/14\/2024\/07\/pasek-21-27-RGB-scaled.jpg","type":"image\/jpeg"}],"twitter_card":"summary_large_image","twitter_misc":{"Szacowany czas czytania":"2 minuty"},"schema":{"@context":"https:\/\/schema.org","@graph":[{"@type":"WebPage","@id":"https:\/\/pans.krosno.pl\/fundusze-zewnetrzne\/projekty-realizowane\/opracowanie-i-wdrozenie-innowacyjnego-modulowego-systemu-zabezpieczen-przeciwpozarowych\/","url":"https:\/\/pans.krosno.pl\/fundusze-zewnetrzne\/projekty-realizowane\/opracowanie-i-wdrozenie-innowacyjnego-modulowego-systemu-zabezpieczen-przeciwpozarowych\/","name":"Opracowanie i wdro\u017cenie innowacyjnego, modu\u0142owego systemu zabezpiecze\u0144 przeciwpo\u017carowych - Fundusze zewn\u0119trzne PANS w Kro\u015bnie","isPartOf":{"@id":"https:\/\/pans.krosno.pl\/fundusze-zewnetrzne\/#website"},"primaryImageOfPage":{"@id":"https:\/\/pans.krosno.pl\/fundusze-zewnetrzne\/projekty-realizowane\/opracowanie-i-wdrozenie-innowacyjnego-modulowego-systemu-zabezpieczen-przeciwpozarowych\/#primaryimage"},"image":{"@id":"https:\/\/pans.krosno.pl\/fundusze-zewnetrzne\/projekty-realizowane\/opracowanie-i-wdrozenie-innowacyjnego-modulowego-systemu-zabezpieczen-przeciwpozarowych\/#primaryimage"},"thumbnailUrl":"https:\/\/pans.krosno.pl\/fundusze-zewnetrzne\/wp-content\/uploads\/sites\/14\/2024\/07\/pasek-21-27-RGB-1024x84.jpg","datePublished":"2026-03-17T11:04:24+00:00","dateModified":"2026-03-17T11:05:21+00:00","breadcrumb":{"@id":"https:\/\/pans.krosno.pl\/fundusze-zewnetrzne\/projekty-realizowane\/opracowanie-i-wdrozenie-innowacyjnego-modulowego-systemu-zabezpieczen-przeciwpozarowych\/#breadcrumb"},"inLanguage":"pl-PL","potentialAction":[{"@type":"ReadAction","target":["https:\/\/pans.krosno.pl\/fundusze-zewnetrzne\/projekty-realizowane\/opracowanie-i-wdrozenie-innowacyjnego-modulowego-systemu-zabezpieczen-przeciwpozarowych\/"]}]},{"@type":"ImageObject","inLanguage":"pl-PL","@id":"https:\/\/pans.krosno.pl\/fundusze-zewnetrzne\/projekty-realizowane\/opracowanie-i-wdrozenie-innowacyjnego-modulowego-systemu-zabezpieczen-przeciwpozarowych\/#primaryimage","url":"https:\/\/pans.krosno.pl\/fundusze-zewnetrzne\/wp-content\/uploads\/sites\/14\/2024\/07\/pasek-21-27-RGB-scaled.jpg","contentUrl":"https:\/\/pans.krosno.pl\/fundusze-zewnetrzne\/wp-content\/uploads\/sites\/14\/2024\/07\/pasek-21-27-RGB-scaled.jpg","width":2560,"height":211},{"@type":"BreadcrumbList","@id":"https:\/\/pans.krosno.pl\/fundusze-zewnetrzne\/projekty-realizowane\/opracowanie-i-wdrozenie-innowacyjnego-modulowego-systemu-zabezpieczen-przeciwpozarowych\/#breadcrumb","itemListElement":[{"@type":"ListItem","position":1,"name":"Strona g\u0142\u00f3wna","item":"https:\/\/pans.krosno.pl\/fundusze-zewnetrzne\/"},{"@type":"ListItem","position":2,"name":"Projekty realizowane","item":"https:\/\/pans.krosno.pl\/fundusze-zewnetrzne\/projekty-realizowane\/"},{"@type":"ListItem","position":3,"name":"Opracowanie i wdro\u017cenie innowacyjnego, modu\u0142owego systemu zabezpiecze\u0144 przeciwpo\u017carowych"}]},{"@type":"WebSite","@id":"https:\/\/pans.krosno.pl\/fundusze-zewnetrzne\/#website","url":"https:\/\/pans.krosno.pl\/fundusze-zewnetrzne\/","name":"Fundusze zewn\u0119trzne PANS w Kro\u015bnie","description":"Fundusze zewn\u0119trzne  - Pa\u0144stwowa Akademia Nauk Stosowanych","publisher":{"@id":"https:\/\/pans.krosno.pl\/fundusze-zewnetrzne\/#organization"},"potentialAction":[{"@type":"SearchAction","target":{"@type":"EntryPoint","urlTemplate":"https:\/\/pans.krosno.pl\/fundusze-zewnetrzne\/?s={search_term_string}"},"query-input":{"@type":"PropertyValueSpecification","valueRequired":true,"valueName":"search_term_string"}}],"inLanguage":"pl-PL"},{"@type":"Organization","@id":"https:\/\/pans.krosno.pl\/fundusze-zewnetrzne\/#organization","name":"Fundusze zewn\u0119trzne PANS w Kro\u015bnie","url":"https:\/\/pans.krosno.pl\/fundusze-zewnetrzne\/","logo":{"@type":"ImageObject","inLanguage":"pl-PL","@id":"https:\/\/pans.krosno.pl\/fundusze-zewnetrzne\/#\/schema\/logo\/image\/","url":"https:\/\/pans.krosno.pl\/fundusze-zewnetrzne\/wp-content\/uploads\/sites\/14\/2023\/01\/Logo-PANS-2022-pelne.png","contentUrl":"https:\/\/pans.krosno.pl\/fundusze-zewnetrzne\/wp-content\/uploads\/sites\/14\/2023\/01\/Logo-PANS-2022-pelne.png","width":3096,"height":696,"caption":"Fundusze zewn\u0119trzne PANS w Kro\u015bnie"},"image":{"@id":"https:\/\/pans.krosno.pl\/fundusze-zewnetrzne\/#\/schema\/logo\/image\/"}}]}},"_links":{"self":[{"href":"https:\/\/pans.krosno.pl\/fundusze-zewnetrzne\/wp-json\/wp\/v2\/pages\/4407","targetHints":{"allow":["GET"]}}],"collection":[{"href":"https:\/\/pans.krosno.pl\/fundusze-zewnetrzne\/wp-json\/wp\/v2\/pages"}],"about":[{"href":"https:\/\/pans.krosno.pl\/fundusze-zewnetrzne\/wp-json\/wp\/v2\/types\/page"}],"author":[{"embeddable":true,"href":"https:\/\/pans.krosno.pl\/fundusze-zewnetrzne\/wp-json\/wp\/v2\/users\/53"}],"replies":[{"embeddable":true,"href":"https:\/\/pans.krosno.pl\/fundusze-zewnetrzne\/wp-json\/wp\/v2\/comments?post=4407"}],"version-history":[{"count":2,"href":"https:\/\/pans.krosno.pl\/fundusze-zewnetrzne\/wp-json\/wp\/v2\/pages\/4407\/revisions"}],"predecessor-version":[{"id":4411,"href":"https:\/\/pans.krosno.pl\/fundusze-zewnetrzne\/wp-json\/wp\/v2\/pages\/4407\/revisions\/4411"}],"up":[{"embeddable":true,"href":"https:\/\/pans.krosno.pl\/fundusze-zewnetrzne\/wp-json\/wp\/v2\/pages\/12"}],"wp:attachment":[{"href":"https:\/\/pans.krosno.pl\/fundusze-zewnetrzne\/wp-json\/wp\/v2\/media?parent=4407"}],"curies":[{"name":"wp","href":"https:\/\/api.w.org\/{rel}","templated":true}]}}