{"id":4304,"date":"2025-11-12T15:23:27","date_gmt":"2025-11-12T14:23:27","guid":{"rendered":"https:\/\/pans.krosno.pl\/fundusze-zewnetrzne\/?page_id=4304"},"modified":"2025-11-17T10:29:55","modified_gmt":"2025-11-17T09:29:55","slug":"zglos-nieprawidlowosc","status":"publish","type":"page","link":"https:\/\/pans.krosno.pl\/fundusze-zewnetrzne\/poprawa-efektywnosci-energetycznej-wraz-z-instalacja-oze-w-budynkach-zabytkowych-panstwowej-akademii-nauk-stosowanych-w-krosnie\/zglos-nieprawidlowosc\/","title":{"rendered":"Zg\u0142o\u015b nieprawid\u0142owo\u015b\u0107"},"content":{"rendered":"\n<hr class=\"wp-block-separator has-alpha-channel-opacity\" \/>\n\n\n\n<p class=\"has-text-align-center\">Poprawa efektywno\u015bci energetycznej wraz z instalacj\u0105 OZE w budynkach zabytkowych Pa\u0144stwowej Akademii Nauk Stosowanych w Kro\u015bnie<\/p>\n\n\n\n<figure class=\"wp-block-image size-full\"><img loading=\"lazy\" decoding=\"async\" width=\"945\" height=\"135\" src=\"https:\/\/pans.krosno.pl\/fundusze-zewnetrzne\/wp-content\/uploads\/sites\/14\/2025\/11\/obraz-2.png\" alt=\"\" class=\"wp-image-4297\" srcset=\"https:\/\/pans.krosno.pl\/fundusze-zewnetrzne\/wp-content\/uploads\/sites\/14\/2025\/11\/obraz-2.png 945w, https:\/\/pans.krosno.pl\/fundusze-zewnetrzne\/wp-content\/uploads\/sites\/14\/2025\/11\/obraz-2-300x43.png 300w, https:\/\/pans.krosno.pl\/fundusze-zewnetrzne\/wp-content\/uploads\/sites\/14\/2025\/11\/obraz-2-768x110.png 768w, https:\/\/pans.krosno.pl\/fundusze-zewnetrzne\/wp-content\/uploads\/sites\/14\/2025\/11\/obraz-2-800x114.png 800w, https:\/\/pans.krosno.pl\/fundusze-zewnetrzne\/wp-content\/uploads\/sites\/14\/2025\/11\/obraz-2-580x83.png 580w\" sizes=\"auto, (max-width: 945px) 100vw, 945px\" \/><\/figure>\n\n\n\n<hr class=\"wp-block-separator has-alpha-channel-opacity\" \/>\n\n\n\n<p>Sygna\u0142y, zg\u0142oszenia i lub skargi dotycz\u0105ce wyst\u0105pienia niezgodno\u015bci Projektu z postanowieniami KPP lub KPON mog\u0105 przekazywa\u0107 osoby fizyczne (uczestnicy projektu lub ich pe\u0142nomocnicy i przedstawiciele), instytucje uczestnicz\u0105ce we wdra\u017caniu funduszy Unii Europejskiej, strona spo\u0142eczna (stowarzyszenia, fundacje), za pomoc\u0105 (zg\u0142oszenie w ka\u017cdej z poni\u017cszych form odnosi takie skutki, jakby by\u0142o przekazane w formie pisemnej):<br>1) poczty tradycyjnej &#8211; w postaci przesy\u0142ki listowej na adres ministerstwa: Ministerstwo Funduszy i Polityki Regionalnej, ul. Wsp\u00f3lna 2\/4, 00-926 Warszawa lub Ministerstwo Klimatu i \u015arodowiska, ul. Wawelska 52\/54, 00-922 Warszawa lub Narodowy Fundusz Ochrony \u015arodowiska i Gospodarki Wodnej ul. Konstruktorska 3a 02-673 Warszawa,<br>2) skrzynki nadawczej ePUAP Ministerstwa Funduszy i Polityki Regionalnej lub Ministerstwa Klimatu i \u015arodowiska lub Narodowego Funduszu Ochrony \u015arodowiska i Gospodarki Wodnej lub z wykorzystaniem publicznej us\u0142ugi rejestrowanego dor\u0119czenia elektronicznego lub publicznej us\u0142ugi hybrydowej, o kt\u00f3rych mowa w ustawie z dnia 18 listopada 2020 r. o dor\u0119czeniach elektronicznych (Dz. U. z 2024 r. poz. 1045, z p\u00f3\u017an. zm.),<br>3) formularza internetowego e-Nieprawid\u0142owo\u015bci, dost\u0119pnego na stronie www.feniks.gov.pl,<br>4) mechanizmu sygnalistycznego rozumianego jako dedykowany adres e-mail: rownosc.feniks@mfipr.gov.pl lub naduzycia.feniks@mfipr.gov.pl,<br>5) dor\u0119czenia osobistego do kancelarii Ministerstwa Funduszy i Polityki Regionalnej, ul. Wsp\u00f3lna 2\/4, 00-926 Warszawa lub kancelarii Ministerstwa Klimatu i \u015arodowiska, ul. Wawelska 52\/54, 00-922 Warszawa lub kancelarii Narodowego Funduszu Ochrony \u015arodowiska i Gospodarki Wodnej, ul. Konstruktorska 3a, 02-673 Warszawa.<\/p>\n\n\n\n<hr class=\"wp-block-separator has-alpha-channel-opacity\" \/>\n","protected":false},"excerpt":{"rendered":"<p>Poprawa efektywno\u015bci energetycznej wraz z instalacj\u0105 OZE w budynkach zabytkowych Pa\u0144stwowej Akademii Nauk Stosowanych w Kro\u015bnie Sygna\u0142y, zg\u0142oszenia i lub skargi dotycz\u0105ce wyst\u0105pienia niezgodno\u015bci Projektu z postanowieniami KPP lub KPON mog\u0105 przekazywa\u0107 osoby fizyczne (uczestnicy projektu lub ich pe\u0142nomocnicy i przedstawiciele), instytucje uczestnicz\u0105ce we wdra\u017caniu funduszy Unii Europejskiej, strona spo\u0142eczna [\u2026] <\/p>\n<div class=\"clear\"><\/div>\n<p><a class=\"more_link clearfix\" href=\"https:\/\/pans.krosno.pl\/fundusze-zewnetrzne\/poprawa-efektywnosci-energetycznej-wraz-z-instalacja-oze-w-budynkach-zabytkowych-panstwowej-akademii-nauk-stosowanych-w-krosnie\/zglos-nieprawidlowosc\/\" rel=\"nofollow\">Read More<\/a><\/p>\n","protected":false},"author":53,"featured_media":0,"parent":4286,"menu_order":0,"comment_status":"closed","ping_status":"closed","template":"","meta":{"ngg_post_thumbnail":0,"footnotes":""},"class_list":["post-4304","page","type-page","status-publish","hentry"],"yoast_head":"<!-- This site is optimized with the Yoast SEO Premium plugin v27.3 (Yoast SEO v27.3) - https:\/\/yoast.com\/product\/yoast-seo-premium-wordpress\/ -->\n<title>Zg\u0142o\u015b nieprawid\u0142owo\u015b\u0107 - Fundusze zewn\u0119trzne PANS w Kro\u015bnie<\/title>\n<meta name=\"robots\" content=\"index, follow, max-snippet:-1, max-image-preview:large, max-video-preview:-1\" \/>\n<link rel=\"canonical\" href=\"https:\/\/pans.krosno.pl\/fundusze-zewnetrzne\/poprawa-efektywnosci-energetycznej-wraz-z-instalacja-oze-w-budynkach-zabytkowych-panstwowej-akademii-nauk-stosowanych-w-krosnie\/zglos-nieprawidlowosc\/\" \/>\n<meta property=\"og:locale\" content=\"pl_PL\" \/>\n<meta property=\"og:type\" content=\"article\" \/>\n<meta property=\"og:title\" content=\"Zg\u0142o\u015b nieprawid\u0142owo\u015b\u0107\" \/>\n<meta property=\"og:description\" content=\"Poprawa efektywno\u015bci energetycznej wraz z instalacj\u0105 OZE w budynkach zabytkowych Pa\u0144stwowej Akademii Nauk Stosowanych w Kro\u015bnie Sygna\u0142y, zg\u0142oszenia i lub skargi dotycz\u0105ce wyst\u0105pienia niezgodno\u015bci Projektu z postanowieniami KPP lub KPON mog\u0105 przekazywa\u0107 osoby fizyczne (uczestnicy projektu lub ich pe\u0142nomocnicy i przedstawiciele), instytucje uczestnicz\u0105ce we wdra\u017caniu funduszy Unii Europejskiej, strona spo\u0142eczna [\u2026] Read More\" \/>\n<meta property=\"og:url\" content=\"https:\/\/pans.krosno.pl\/fundusze-zewnetrzne\/poprawa-efektywnosci-energetycznej-wraz-z-instalacja-oze-w-budynkach-zabytkowych-panstwowej-akademii-nauk-stosowanych-w-krosnie\/zglos-nieprawidlowosc\/\" \/>\n<meta property=\"og:site_name\" content=\"Fundusze zewn\u0119trzne PANS w Kro\u015bnie\" \/>\n<meta property=\"article:modified_time\" content=\"2025-11-17T09:29:55+00:00\" \/>\n<meta property=\"og:image\" content=\"https:\/\/pans.krosno.pl\/fundusze-zewnetrzne\/wp-content\/uploads\/sites\/14\/2025\/11\/obraz-2.png\" \/>\n\t<meta property=\"og:image:width\" content=\"945\" \/>\n\t<meta property=\"og:image:height\" content=\"135\" \/>\n\t<meta property=\"og:image:type\" content=\"image\/png\" \/>\n<meta name=\"twitter:card\" content=\"summary_large_image\" \/>\n<script type=\"application\/ld+json\" class=\"yoast-schema-graph\">{\"@context\":\"https:\\\/\\\/schema.org\",\"@graph\":[{\"@type\":\"WebPage\",\"@id\":\"https:\\\/\\\/pans.krosno.pl\\\/fundusze-zewnetrzne\\\/poprawa-efektywnosci-energetycznej-wraz-z-instalacja-oze-w-budynkach-zabytkowych-panstwowej-akademii-nauk-stosowanych-w-krosnie\\\/zglos-nieprawidlowosc\\\/\",\"url\":\"https:\\\/\\\/pans.krosno.pl\\\/fundusze-zewnetrzne\\\/poprawa-efektywnosci-energetycznej-wraz-z-instalacja-oze-w-budynkach-zabytkowych-panstwowej-akademii-nauk-stosowanych-w-krosnie\\\/zglos-nieprawidlowosc\\\/\",\"name\":\"Zg\u0142o\u015b nieprawid\u0142owo\u015b\u0107 - Fundusze zewn\u0119trzne PANS w Kro\u015bnie\",\"isPartOf\":{\"@id\":\"https:\\\/\\\/pans.krosno.pl\\\/fundusze-zewnetrzne\\\/#website\"},\"primaryImageOfPage\":{\"@id\":\"https:\\\/\\\/pans.krosno.pl\\\/fundusze-zewnetrzne\\\/poprawa-efektywnosci-energetycznej-wraz-z-instalacja-oze-w-budynkach-zabytkowych-panstwowej-akademii-nauk-stosowanych-w-krosnie\\\/zglos-nieprawidlowosc\\\/#primaryimage\"},\"image\":{\"@id\":\"https:\\\/\\\/pans.krosno.pl\\\/fundusze-zewnetrzne\\\/poprawa-efektywnosci-energetycznej-wraz-z-instalacja-oze-w-budynkach-zabytkowych-panstwowej-akademii-nauk-stosowanych-w-krosnie\\\/zglos-nieprawidlowosc\\\/#primaryimage\"},\"thumbnailUrl\":\"https:\\\/\\\/pans.krosno.pl\\\/fundusze-zewnetrzne\\\/wp-content\\\/uploads\\\/sites\\\/14\\\/2025\\\/11\\\/obraz-2.png\",\"datePublished\":\"2025-11-12T14:23:27+00:00\",\"dateModified\":\"2025-11-17T09:29:55+00:00\",\"breadcrumb\":{\"@id\":\"https:\\\/\\\/pans.krosno.pl\\\/fundusze-zewnetrzne\\\/poprawa-efektywnosci-energetycznej-wraz-z-instalacja-oze-w-budynkach-zabytkowych-panstwowej-akademii-nauk-stosowanych-w-krosnie\\\/zglos-nieprawidlowosc\\\/#breadcrumb\"},\"inLanguage\":\"pl-PL\",\"potentialAction\":[{\"@type\":\"ReadAction\",\"target\":[\"https:\\\/\\\/pans.krosno.pl\\\/fundusze-zewnetrzne\\\/poprawa-efektywnosci-energetycznej-wraz-z-instalacja-oze-w-budynkach-zabytkowych-panstwowej-akademii-nauk-stosowanych-w-krosnie\\\/zglos-nieprawidlowosc\\\/\"]}]},{\"@type\":\"ImageObject\",\"inLanguage\":\"pl-PL\",\"@id\":\"https:\\\/\\\/pans.krosno.pl\\\/fundusze-zewnetrzne\\\/poprawa-efektywnosci-energetycznej-wraz-z-instalacja-oze-w-budynkach-zabytkowych-panstwowej-akademii-nauk-stosowanych-w-krosnie\\\/zglos-nieprawidlowosc\\\/#primaryimage\",\"url\":\"https:\\\/\\\/pans.krosno.pl\\\/fundusze-zewnetrzne\\\/wp-content\\\/uploads\\\/sites\\\/14\\\/2025\\\/11\\\/obraz-2.png\",\"contentUrl\":\"https:\\\/\\\/pans.krosno.pl\\\/fundusze-zewnetrzne\\\/wp-content\\\/uploads\\\/sites\\\/14\\\/2025\\\/11\\\/obraz-2.png\",\"width\":945,\"height\":135},{\"@type\":\"BreadcrumbList\",\"@id\":\"https:\\\/\\\/pans.krosno.pl\\\/fundusze-zewnetrzne\\\/poprawa-efektywnosci-energetycznej-wraz-z-instalacja-oze-w-budynkach-zabytkowych-panstwowej-akademii-nauk-stosowanych-w-krosnie\\\/zglos-nieprawidlowosc\\\/#breadcrumb\",\"itemListElement\":[{\"@type\":\"ListItem\",\"position\":1,\"name\":\"Strona g\u0142\u00f3wna\",\"item\":\"https:\\\/\\\/pans.krosno.pl\\\/fundusze-zewnetrzne\\\/\"},{\"@type\":\"ListItem\",\"position\":2,\"name\":\"Poprawa efektywno\u015bci energetycznej wraz z instalacj\u0105 OZE w budynkach zabytkowych Pa\u0144stwowej Akademii Nauk Stosowanych w Kro\u015bnie\",\"item\":\"https:\\\/\\\/pans.krosno.pl\\\/fundusze-zewnetrzne\\\/poprawa-efektywnosci-energetycznej-wraz-z-instalacja-oze-w-budynkach-zabytkowych-panstwowej-akademii-nauk-stosowanych-w-krosnie\\\/\"},{\"@type\":\"ListItem\",\"position\":3,\"name\":\"Zg\u0142o\u015b nieprawid\u0142owo\u015b\u0107\"}]},{\"@type\":\"WebSite\",\"@id\":\"https:\\\/\\\/pans.krosno.pl\\\/fundusze-zewnetrzne\\\/#website\",\"url\":\"https:\\\/\\\/pans.krosno.pl\\\/fundusze-zewnetrzne\\\/\",\"name\":\"Fundusze zewn\u0119trzne PANS w Kro\u015bnie\",\"description\":\"Fundusze zewn\u0119trzne  - Pa\u0144stwowa Akademia Nauk Stosowanych\",\"publisher\":{\"@id\":\"https:\\\/\\\/pans.krosno.pl\\\/fundusze-zewnetrzne\\\/#organization\"},\"potentialAction\":[{\"@type\":\"SearchAction\",\"target\":{\"@type\":\"EntryPoint\",\"urlTemplate\":\"https:\\\/\\\/pans.krosno.pl\\\/fundusze-zewnetrzne\\\/?s={search_term_string}\"},\"query-input\":{\"@type\":\"PropertyValueSpecification\",\"valueRequired\":true,\"valueName\":\"search_term_string\"}}],\"inLanguage\":\"pl-PL\"},{\"@type\":\"Organization\",\"@id\":\"https:\\\/\\\/pans.krosno.pl\\\/fundusze-zewnetrzne\\\/#organization\",\"name\":\"Fundusze zewn\u0119trzne PANS w Kro\u015bnie\",\"url\":\"https:\\\/\\\/pans.krosno.pl\\\/fundusze-zewnetrzne\\\/\",\"logo\":{\"@type\":\"ImageObject\",\"inLanguage\":\"pl-PL\",\"@id\":\"https:\\\/\\\/pans.krosno.pl\\\/fundusze-zewnetrzne\\\/#\\\/schema\\\/logo\\\/image\\\/\",\"url\":\"https:\\\/\\\/pans.krosno.pl\\\/fundusze-zewnetrzne\\\/wp-content\\\/uploads\\\/sites\\\/14\\\/2023\\\/01\\\/Logo-PANS-2022-pelne.png\",\"contentUrl\":\"https:\\\/\\\/pans.krosno.pl\\\/fundusze-zewnetrzne\\\/wp-content\\\/uploads\\\/sites\\\/14\\\/2023\\\/01\\\/Logo-PANS-2022-pelne.png\",\"width\":3096,\"height\":696,\"caption\":\"Fundusze zewn\u0119trzne PANS w Kro\u015bnie\"},\"image\":{\"@id\":\"https:\\\/\\\/pans.krosno.pl\\\/fundusze-zewnetrzne\\\/#\\\/schema\\\/logo\\\/image\\\/\"}}]}<\/script>\n<!-- \/ Yoast SEO Premium plugin. -->","yoast_head_json":{"title":"Zg\u0142o\u015b nieprawid\u0142owo\u015b\u0107 - Fundusze zewn\u0119trzne PANS w Kro\u015bnie","robots":{"index":"index","follow":"follow","max-snippet":"max-snippet:-1","max-image-preview":"max-image-preview:large","max-video-preview":"max-video-preview:-1"},"canonical":"https:\/\/pans.krosno.pl\/fundusze-zewnetrzne\/poprawa-efektywnosci-energetycznej-wraz-z-instalacja-oze-w-budynkach-zabytkowych-panstwowej-akademii-nauk-stosowanych-w-krosnie\/zglos-nieprawidlowosc\/","og_locale":"pl_PL","og_type":"article","og_title":"Zg\u0142o\u015b nieprawid\u0142owo\u015b\u0107","og_description":"Poprawa efektywno\u015bci energetycznej wraz z instalacj\u0105 OZE w budynkach zabytkowych Pa\u0144stwowej Akademii Nauk Stosowanych w Kro\u015bnie Sygna\u0142y, zg\u0142oszenia i lub skargi dotycz\u0105ce wyst\u0105pienia niezgodno\u015bci Projektu z postanowieniami KPP lub KPON mog\u0105 przekazywa\u0107 osoby fizyczne (uczestnicy projektu lub ich pe\u0142nomocnicy i przedstawiciele), instytucje uczestnicz\u0105ce we wdra\u017caniu funduszy Unii Europejskiej, strona spo\u0142eczna [\u2026] Read More","og_url":"https:\/\/pans.krosno.pl\/fundusze-zewnetrzne\/poprawa-efektywnosci-energetycznej-wraz-z-instalacja-oze-w-budynkach-zabytkowych-panstwowej-akademii-nauk-stosowanych-w-krosnie\/zglos-nieprawidlowosc\/","og_site_name":"Fundusze zewn\u0119trzne PANS w Kro\u015bnie","article_modified_time":"2025-11-17T09:29:55+00:00","og_image":[{"width":945,"height":135,"url":"https:\/\/pans.krosno.pl\/fundusze-zewnetrzne\/wp-content\/uploads\/sites\/14\/2025\/11\/obraz-2.png","type":"image\/png"}],"twitter_card":"summary_large_image","schema":{"@context":"https:\/\/schema.org","@graph":[{"@type":"WebPage","@id":"https:\/\/pans.krosno.pl\/fundusze-zewnetrzne\/poprawa-efektywnosci-energetycznej-wraz-z-instalacja-oze-w-budynkach-zabytkowych-panstwowej-akademii-nauk-stosowanych-w-krosnie\/zglos-nieprawidlowosc\/","url":"https:\/\/pans.krosno.pl\/fundusze-zewnetrzne\/poprawa-efektywnosci-energetycznej-wraz-z-instalacja-oze-w-budynkach-zabytkowych-panstwowej-akademii-nauk-stosowanych-w-krosnie\/zglos-nieprawidlowosc\/","name":"Zg\u0142o\u015b nieprawid\u0142owo\u015b\u0107 - Fundusze zewn\u0119trzne PANS w Kro\u015bnie","isPartOf":{"@id":"https:\/\/pans.krosno.pl\/fundusze-zewnetrzne\/#website"},"primaryImageOfPage":{"@id":"https:\/\/pans.krosno.pl\/fundusze-zewnetrzne\/poprawa-efektywnosci-energetycznej-wraz-z-instalacja-oze-w-budynkach-zabytkowych-panstwowej-akademii-nauk-stosowanych-w-krosnie\/zglos-nieprawidlowosc\/#primaryimage"},"image":{"@id":"https:\/\/pans.krosno.pl\/fundusze-zewnetrzne\/poprawa-efektywnosci-energetycznej-wraz-z-instalacja-oze-w-budynkach-zabytkowych-panstwowej-akademii-nauk-stosowanych-w-krosnie\/zglos-nieprawidlowosc\/#primaryimage"},"thumbnailUrl":"https:\/\/pans.krosno.pl\/fundusze-zewnetrzne\/wp-content\/uploads\/sites\/14\/2025\/11\/obraz-2.png","datePublished":"2025-11-12T14:23:27+00:00","dateModified":"2025-11-17T09:29:55+00:00","breadcrumb":{"@id":"https:\/\/pans.krosno.pl\/fundusze-zewnetrzne\/poprawa-efektywnosci-energetycznej-wraz-z-instalacja-oze-w-budynkach-zabytkowych-panstwowej-akademii-nauk-stosowanych-w-krosnie\/zglos-nieprawidlowosc\/#breadcrumb"},"inLanguage":"pl-PL","potentialAction":[{"@type":"ReadAction","target":["https:\/\/pans.krosno.pl\/fundusze-zewnetrzne\/poprawa-efektywnosci-energetycznej-wraz-z-instalacja-oze-w-budynkach-zabytkowych-panstwowej-akademii-nauk-stosowanych-w-krosnie\/zglos-nieprawidlowosc\/"]}]},{"@type":"ImageObject","inLanguage":"pl-PL","@id":"https:\/\/pans.krosno.pl\/fundusze-zewnetrzne\/poprawa-efektywnosci-energetycznej-wraz-z-instalacja-oze-w-budynkach-zabytkowych-panstwowej-akademii-nauk-stosowanych-w-krosnie\/zglos-nieprawidlowosc\/#primaryimage","url":"https:\/\/pans.krosno.pl\/fundusze-zewnetrzne\/wp-content\/uploads\/sites\/14\/2025\/11\/obraz-2.png","contentUrl":"https:\/\/pans.krosno.pl\/fundusze-zewnetrzne\/wp-content\/uploads\/sites\/14\/2025\/11\/obraz-2.png","width":945,"height":135},{"@type":"BreadcrumbList","@id":"https:\/\/pans.krosno.pl\/fundusze-zewnetrzne\/poprawa-efektywnosci-energetycznej-wraz-z-instalacja-oze-w-budynkach-zabytkowych-panstwowej-akademii-nauk-stosowanych-w-krosnie\/zglos-nieprawidlowosc\/#breadcrumb","itemListElement":[{"@type":"ListItem","position":1,"name":"Strona g\u0142\u00f3wna","item":"https:\/\/pans.krosno.pl\/fundusze-zewnetrzne\/"},{"@type":"ListItem","position":2,"name":"Poprawa efektywno\u015bci energetycznej wraz z instalacj\u0105 OZE w budynkach zabytkowych Pa\u0144stwowej Akademii Nauk Stosowanych w Kro\u015bnie","item":"https:\/\/pans.krosno.pl\/fundusze-zewnetrzne\/poprawa-efektywnosci-energetycznej-wraz-z-instalacja-oze-w-budynkach-zabytkowych-panstwowej-akademii-nauk-stosowanych-w-krosnie\/"},{"@type":"ListItem","position":3,"name":"Zg\u0142o\u015b nieprawid\u0142owo\u015b\u0107"}]},{"@type":"WebSite","@id":"https:\/\/pans.krosno.pl\/fundusze-zewnetrzne\/#website","url":"https:\/\/pans.krosno.pl\/fundusze-zewnetrzne\/","name":"Fundusze zewn\u0119trzne PANS w Kro\u015bnie","description":"Fundusze zewn\u0119trzne  - Pa\u0144stwowa Akademia Nauk Stosowanych","publisher":{"@id":"https:\/\/pans.krosno.pl\/fundusze-zewnetrzne\/#organization"},"potentialAction":[{"@type":"SearchAction","target":{"@type":"EntryPoint","urlTemplate":"https:\/\/pans.krosno.pl\/fundusze-zewnetrzne\/?s={search_term_string}"},"query-input":{"@type":"PropertyValueSpecification","valueRequired":true,"valueName":"search_term_string"}}],"inLanguage":"pl-PL"},{"@type":"Organization","@id":"https:\/\/pans.krosno.pl\/fundusze-zewnetrzne\/#organization","name":"Fundusze zewn\u0119trzne PANS w Kro\u015bnie","url":"https:\/\/pans.krosno.pl\/fundusze-zewnetrzne\/","logo":{"@type":"ImageObject","inLanguage":"pl-PL","@id":"https:\/\/pans.krosno.pl\/fundusze-zewnetrzne\/#\/schema\/logo\/image\/","url":"https:\/\/pans.krosno.pl\/fundusze-zewnetrzne\/wp-content\/uploads\/sites\/14\/2023\/01\/Logo-PANS-2022-pelne.png","contentUrl":"https:\/\/pans.krosno.pl\/fundusze-zewnetrzne\/wp-content\/uploads\/sites\/14\/2023\/01\/Logo-PANS-2022-pelne.png","width":3096,"height":696,"caption":"Fundusze zewn\u0119trzne PANS w Kro\u015bnie"},"image":{"@id":"https:\/\/pans.krosno.pl\/fundusze-zewnetrzne\/#\/schema\/logo\/image\/"}}]}},"_links":{"self":[{"href":"https:\/\/pans.krosno.pl\/fundusze-zewnetrzne\/wp-json\/wp\/v2\/pages\/4304","targetHints":{"allow":["GET"]}}],"collection":[{"href":"https:\/\/pans.krosno.pl\/fundusze-zewnetrzne\/wp-json\/wp\/v2\/pages"}],"about":[{"href":"https:\/\/pans.krosno.pl\/fundusze-zewnetrzne\/wp-json\/wp\/v2\/types\/page"}],"author":[{"embeddable":true,"href":"https:\/\/pans.krosno.pl\/fundusze-zewnetrzne\/wp-json\/wp\/v2\/users\/53"}],"replies":[{"embeddable":true,"href":"https:\/\/pans.krosno.pl\/fundusze-zewnetrzne\/wp-json\/wp\/v2\/comments?post=4304"}],"version-history":[{"count":3,"href":"https:\/\/pans.krosno.pl\/fundusze-zewnetrzne\/wp-json\/wp\/v2\/pages\/4304\/revisions"}],"predecessor-version":[{"id":4322,"href":"https:\/\/pans.krosno.pl\/fundusze-zewnetrzne\/wp-json\/wp\/v2\/pages\/4304\/revisions\/4322"}],"up":[{"embeddable":true,"href":"https:\/\/pans.krosno.pl\/fundusze-zewnetrzne\/wp-json\/wp\/v2\/pages\/4286"}],"wp:attachment":[{"href":"https:\/\/pans.krosno.pl\/fundusze-zewnetrzne\/wp-json\/wp\/v2\/media?parent=4304"}],"curies":[{"name":"wp","href":"https:\/\/api.w.org\/{rel}","templated":true}]}}