{"id":4300,"date":"2025-11-12T15:22:18","date_gmt":"2025-11-12T14:22:18","guid":{"rendered":"https:\/\/pans.krosno.pl\/fundusze-zewnetrzne\/?page_id=4300"},"modified":"2025-12-17T14:52:06","modified_gmt":"2025-12-17T13:52:06","slug":"dostepnosc","status":"publish","type":"page","link":"https:\/\/pans.krosno.pl\/fundusze-zewnetrzne\/poprawa-efektywnosci-energetycznej-wraz-z-instalacja-oze-w-budynkach-zabytkowych-panstwowej-akademii-nauk-stosowanych-w-krosnie\/dostepnosc\/","title":{"rendered":"Dost\u0119pno\u015b\u0107"},"content":{"rendered":"\n<hr class=\"wp-block-separator has-alpha-channel-opacity\" \/>\n\n\n\n<p class=\"has-text-align-center\">Poprawa efektywno\u015bci energetycznej wraz z instalacj\u0105 OZE w budynkach zabytkowych Pa\u0144stwowej Akademii Nauk Stosowanych w Kro\u015bnie<\/p>\n\n\n\n<figure class=\"wp-block-image size-full\"><img loading=\"lazy\" decoding=\"async\" width=\"945\" height=\"135\" src=\"https:\/\/pans.krosno.pl\/fundusze-zewnetrzne\/wp-content\/uploads\/sites\/14\/2025\/11\/obraz-3.png\" alt=\"\" class=\"wp-image-4301\" srcset=\"https:\/\/pans.krosno.pl\/fundusze-zewnetrzne\/wp-content\/uploads\/sites\/14\/2025\/11\/obraz-3.png 945w, https:\/\/pans.krosno.pl\/fundusze-zewnetrzne\/wp-content\/uploads\/sites\/14\/2025\/11\/obraz-3-300x43.png 300w, https:\/\/pans.krosno.pl\/fundusze-zewnetrzne\/wp-content\/uploads\/sites\/14\/2025\/11\/obraz-3-768x110.png 768w, https:\/\/pans.krosno.pl\/fundusze-zewnetrzne\/wp-content\/uploads\/sites\/14\/2025\/11\/obraz-3-800x114.png 800w, https:\/\/pans.krosno.pl\/fundusze-zewnetrzne\/wp-content\/uploads\/sites\/14\/2025\/11\/obraz-3-580x83.png 580w\" sizes=\"auto, (max-width: 945px) 100vw, 945px\" \/><\/figure>\n\n\n\n<hr class=\"wp-block-separator has-alpha-channel-opacity\" \/>\n\n\n\n<p>W ramach projektu stosowane s\u0105 rozwi\u0105zania zgodne ze Standardami dost\u0119pno\u015bci dla polityki sp\u00f3jno\u015bci 2021-2027, co umo\u017cliwia eliminacj\u0119 barier i zapewnienie r\u00f3wnych szans dla wszystkich u\u017cytkownik\u00f3w infrastruktury, w tym os\u00f3b z niepe\u0142nosprawno\u015bciami ruchowymi i sensorycznymi.<\/p>\n\n\n\n<p>Produkty projektu b\u0119d\u0105 dost\u0119pne dla wszystkich os\u00f3b z poszanowaniem r\u00f3\u017cnorodno\u015bci i odmienno\u015bci z powodu p\u0142ci, rasy, pochodzenia etnicznego, wieku, religii, \u015bwiatopogl\u0105du, niepe\u0142nosprawno\u015bci lub orientacji seksualnej.<\/p>\n\n\n\n<p>Na etapie planowania zostanie uwzgl\u0119dniony wp\u0142yw rob\u00f3t budowlanych na dost\u0119pno\u015b\u0107 infrastruktury, w tym dla os\u00f3b z niepe\u0142nosprawno\u015bciami. W zwi\u0105zku z faktem, \u017ce roboty te mog\u0105 mie\u0107 wp\u0142yw na dost\u0119pno\u015b\u0107 infrastruktury dla os\u00f3b z niepe\u0142nosprawno\u015bciami (dost\u0119pno\u015b\u0107 infrastruktury to kluczowy element umo\u017cliwiaj\u0105cy osobom z niepe\u0142nosprawno\u015bciami swobodne i bezpieczne poruszanie si\u0119), to w kontek\u015bcie tymczasowych rozwi\u0105za\u0144 przewiduje si\u0119 odpowiednie powierzchnie i oznakowania dla os\u00f3b z ograniczeniami ruchowymi.<\/p>\n\n\n\n<p>Aby wyeliminowa\u0107 bariery, projekt przewiduje dzia\u0142ania zgodne z Standardami dost\u0119pno\u015bci, w tym dostosowanie materia\u0142\u00f3w, przestrzeni konferencyjnych oraz zapewnienie wsparcia technicznego i personalnego.<\/p>\n\n\n\n<p>Strona internetowa projektu jest zgodna z WCAG 2.1 AA, co zapewnia dost\u0119pno\u015b\u0107 dla os\u00f3b z niepe\u0142nosprawno\u015bciami.<\/p>\n\n\n\n<p>Konferencje odb\u0119d\u0105 si\u0119 w salach dostosowanych do os\u00f3b z niepe\u0142nosprawno\u015bciami. W przypadku dodatkowych potrzeb, takich jak t\u0142umacz j\u0119zyka migowego, asystent czy warunki dla psa asystuj\u0105cego, organizator zapewni odpowiednie wsparcie.<br><\/p>\n\n\n\n<hr class=\"wp-block-separator has-alpha-channel-opacity\" \/>\n\n\n\n<p>W zwi\u0105zku z powy\u017cszym tym prosimy o&nbsp;<strong>ZG\u0141ASZANIE SPECJALNYCH POTRZEB UCZESTNIK\u00d3W <\/strong>do wyznaczonej \u201eosoby pierwszego kontaktu\u201d.<\/p>\n\n\n\n<p>Zg\u0142oszenie specjalnej potrzeby zobliguje Pa\u0144stwow\u0105 Akademi\u0119 Nauk Stosowanych w Kro\u015bnie do jej spe\u0142nienia w mo\u017cliwie najwi\u0119kszym stopniu.<\/p>\n\n\n\n<hr class=\"wp-block-separator has-alpha-channel-opacity\" \/>\n\n\n\n<p><strong>DANE KONTAKTOWE<\/strong><\/p>\n\n\n\n<p>Dane kontaktowe do \u201eosoby pierwszego kontaktu\u201d \u2013 Dzia\u0142 pozyskiwania funduszy i zarz\u0105dzania projektami<\/p>\n\n\n\n<p>Izabela Zajdel<\/p>\n\n\n\n<p>e-mail: izabela.zajdel@pans.krosno.pl<\/p>\n\n\n\n<p>tel. 13 43&nbsp;755 19<\/p>\n\n\n\n<hr class=\"wp-block-separator has-alpha-channel-opacity\" \/>\n","protected":false},"excerpt":{"rendered":"<p>Poprawa efektywno\u015bci energetycznej wraz z instalacj\u0105 OZE w budynkach zabytkowych Pa\u0144stwowej Akademii Nauk Stosowanych w Kro\u015bnie W ramach projektu stosowane s\u0105 rozwi\u0105zania zgodne ze Standardami dost\u0119pno\u015bci dla polityki sp\u00f3jno\u015bci 2021-2027, co umo\u017cliwia eliminacj\u0119 barier i zapewnienie r\u00f3wnych szans dla wszystkich u\u017cytkownik\u00f3w infrastruktury, w tym os\u00f3b z niepe\u0142nosprawno\u015bciami ruchowymi i sensorycznymi. [\u2026] <\/p>\n<div class=\"clear\"><\/div>\n<p><a class=\"more_link clearfix\" href=\"https:\/\/pans.krosno.pl\/fundusze-zewnetrzne\/poprawa-efektywnosci-energetycznej-wraz-z-instalacja-oze-w-budynkach-zabytkowych-panstwowej-akademii-nauk-stosowanych-w-krosnie\/dostepnosc\/\" rel=\"nofollow\">Read More<\/a><\/p>\n","protected":false},"author":53,"featured_media":0,"parent":4286,"menu_order":0,"comment_status":"closed","ping_status":"closed","template":"","meta":{"ngg_post_thumbnail":0,"footnotes":""},"class_list":["post-4300","page","type-page","status-publish","hentry"],"yoast_head":"<!-- This site is optimized with the Yoast SEO Premium plugin v27.3 (Yoast SEO v27.3) - https:\/\/yoast.com\/product\/yoast-seo-premium-wordpress\/ -->\n<title>Dost\u0119pno\u015b\u0107 - Fundusze zewn\u0119trzne PANS w Kro\u015bnie<\/title>\n<meta name=\"robots\" content=\"index, follow, max-snippet:-1, max-image-preview:large, max-video-preview:-1\" \/>\n<link rel=\"canonical\" href=\"https:\/\/pans.krosno.pl\/fundusze-zewnetrzne\/poprawa-efektywnosci-energetycznej-wraz-z-instalacja-oze-w-budynkach-zabytkowych-panstwowej-akademii-nauk-stosowanych-w-krosnie\/dostepnosc\/\" \/>\n<meta property=\"og:locale\" content=\"pl_PL\" \/>\n<meta property=\"og:type\" content=\"article\" \/>\n<meta property=\"og:title\" content=\"Dost\u0119pno\u015b\u0107\" \/>\n<meta property=\"og:description\" content=\"Poprawa efektywno\u015bci energetycznej wraz z instalacj\u0105 OZE w budynkach zabytkowych Pa\u0144stwowej Akademii Nauk Stosowanych w Kro\u015bnie W ramach projektu stosowane s\u0105 rozwi\u0105zania zgodne ze Standardami dost\u0119pno\u015bci dla polityki sp\u00f3jno\u015bci 2021-2027, co umo\u017cliwia eliminacj\u0119 barier i zapewnienie r\u00f3wnych szans dla wszystkich u\u017cytkownik\u00f3w infrastruktury, w tym os\u00f3b z niepe\u0142nosprawno\u015bciami ruchowymi i sensorycznymi. [\u2026] Read More\" \/>\n<meta property=\"og:url\" content=\"https:\/\/pans.krosno.pl\/fundusze-zewnetrzne\/poprawa-efektywnosci-energetycznej-wraz-z-instalacja-oze-w-budynkach-zabytkowych-panstwowej-akademii-nauk-stosowanych-w-krosnie\/dostepnosc\/\" \/>\n<meta property=\"og:site_name\" content=\"Fundusze zewn\u0119trzne PANS w Kro\u015bnie\" \/>\n<meta property=\"article:modified_time\" content=\"2025-12-17T13:52:06+00:00\" \/>\n<meta property=\"og:image\" content=\"https:\/\/pans.krosno.pl\/fundusze-zewnetrzne\/wp-content\/uploads\/sites\/14\/2025\/11\/obraz-3.png\" \/>\n\t<meta property=\"og:image:width\" content=\"945\" \/>\n\t<meta property=\"og:image:height\" content=\"135\" \/>\n\t<meta property=\"og:image:type\" content=\"image\/png\" \/>\n<meta name=\"twitter:card\" content=\"summary_large_image\" \/>\n<meta name=\"twitter:label1\" content=\"Szacowany czas czytania\" \/>\n\t<meta name=\"twitter:data1\" content=\"2 minuty\" \/>\n<script type=\"application\/ld+json\" class=\"yoast-schema-graph\">{\"@context\":\"https:\\\/\\\/schema.org\",\"@graph\":[{\"@type\":\"WebPage\",\"@id\":\"https:\\\/\\\/pans.krosno.pl\\\/fundusze-zewnetrzne\\\/poprawa-efektywnosci-energetycznej-wraz-z-instalacja-oze-w-budynkach-zabytkowych-panstwowej-akademii-nauk-stosowanych-w-krosnie\\\/dostepnosc\\\/\",\"url\":\"https:\\\/\\\/pans.krosno.pl\\\/fundusze-zewnetrzne\\\/poprawa-efektywnosci-energetycznej-wraz-z-instalacja-oze-w-budynkach-zabytkowych-panstwowej-akademii-nauk-stosowanych-w-krosnie\\\/dostepnosc\\\/\",\"name\":\"Dost\u0119pno\u015b\u0107 - Fundusze zewn\u0119trzne PANS w Kro\u015bnie\",\"isPartOf\":{\"@id\":\"https:\\\/\\\/pans.krosno.pl\\\/fundusze-zewnetrzne\\\/#website\"},\"primaryImageOfPage\":{\"@id\":\"https:\\\/\\\/pans.krosno.pl\\\/fundusze-zewnetrzne\\\/poprawa-efektywnosci-energetycznej-wraz-z-instalacja-oze-w-budynkach-zabytkowych-panstwowej-akademii-nauk-stosowanych-w-krosnie\\\/dostepnosc\\\/#primaryimage\"},\"image\":{\"@id\":\"https:\\\/\\\/pans.krosno.pl\\\/fundusze-zewnetrzne\\\/poprawa-efektywnosci-energetycznej-wraz-z-instalacja-oze-w-budynkach-zabytkowych-panstwowej-akademii-nauk-stosowanych-w-krosnie\\\/dostepnosc\\\/#primaryimage\"},\"thumbnailUrl\":\"https:\\\/\\\/pans.krosno.pl\\\/fundusze-zewnetrzne\\\/wp-content\\\/uploads\\\/sites\\\/14\\\/2025\\\/11\\\/obraz-3.png\",\"datePublished\":\"2025-11-12T14:22:18+00:00\",\"dateModified\":\"2025-12-17T13:52:06+00:00\",\"breadcrumb\":{\"@id\":\"https:\\\/\\\/pans.krosno.pl\\\/fundusze-zewnetrzne\\\/poprawa-efektywnosci-energetycznej-wraz-z-instalacja-oze-w-budynkach-zabytkowych-panstwowej-akademii-nauk-stosowanych-w-krosnie\\\/dostepnosc\\\/#breadcrumb\"},\"inLanguage\":\"pl-PL\",\"potentialAction\":[{\"@type\":\"ReadAction\",\"target\":[\"https:\\\/\\\/pans.krosno.pl\\\/fundusze-zewnetrzne\\\/poprawa-efektywnosci-energetycznej-wraz-z-instalacja-oze-w-budynkach-zabytkowych-panstwowej-akademii-nauk-stosowanych-w-krosnie\\\/dostepnosc\\\/\"]}]},{\"@type\":\"ImageObject\",\"inLanguage\":\"pl-PL\",\"@id\":\"https:\\\/\\\/pans.krosno.pl\\\/fundusze-zewnetrzne\\\/poprawa-efektywnosci-energetycznej-wraz-z-instalacja-oze-w-budynkach-zabytkowych-panstwowej-akademii-nauk-stosowanych-w-krosnie\\\/dostepnosc\\\/#primaryimage\",\"url\":\"https:\\\/\\\/pans.krosno.pl\\\/fundusze-zewnetrzne\\\/wp-content\\\/uploads\\\/sites\\\/14\\\/2025\\\/11\\\/obraz-3.png\",\"contentUrl\":\"https:\\\/\\\/pans.krosno.pl\\\/fundusze-zewnetrzne\\\/wp-content\\\/uploads\\\/sites\\\/14\\\/2025\\\/11\\\/obraz-3.png\",\"width\":945,\"height\":135},{\"@type\":\"BreadcrumbList\",\"@id\":\"https:\\\/\\\/pans.krosno.pl\\\/fundusze-zewnetrzne\\\/poprawa-efektywnosci-energetycznej-wraz-z-instalacja-oze-w-budynkach-zabytkowych-panstwowej-akademii-nauk-stosowanych-w-krosnie\\\/dostepnosc\\\/#breadcrumb\",\"itemListElement\":[{\"@type\":\"ListItem\",\"position\":1,\"name\":\"Strona g\u0142\u00f3wna\",\"item\":\"https:\\\/\\\/pans.krosno.pl\\\/fundusze-zewnetrzne\\\/\"},{\"@type\":\"ListItem\",\"position\":2,\"name\":\"Poprawa efektywno\u015bci energetycznej wraz z instalacj\u0105 OZE w budynkach zabytkowych Pa\u0144stwowej Akademii Nauk Stosowanych w Kro\u015bnie\",\"item\":\"https:\\\/\\\/pans.krosno.pl\\\/fundusze-zewnetrzne\\\/poprawa-efektywnosci-energetycznej-wraz-z-instalacja-oze-w-budynkach-zabytkowych-panstwowej-akademii-nauk-stosowanych-w-krosnie\\\/\"},{\"@type\":\"ListItem\",\"position\":3,\"name\":\"Dost\u0119pno\u015b\u0107\"}]},{\"@type\":\"WebSite\",\"@id\":\"https:\\\/\\\/pans.krosno.pl\\\/fundusze-zewnetrzne\\\/#website\",\"url\":\"https:\\\/\\\/pans.krosno.pl\\\/fundusze-zewnetrzne\\\/\",\"name\":\"Fundusze zewn\u0119trzne PANS w Kro\u015bnie\",\"description\":\"Fundusze zewn\u0119trzne  - Pa\u0144stwowa Akademia Nauk Stosowanych\",\"publisher\":{\"@id\":\"https:\\\/\\\/pans.krosno.pl\\\/fundusze-zewnetrzne\\\/#organization\"},\"potentialAction\":[{\"@type\":\"SearchAction\",\"target\":{\"@type\":\"EntryPoint\",\"urlTemplate\":\"https:\\\/\\\/pans.krosno.pl\\\/fundusze-zewnetrzne\\\/?s={search_term_string}\"},\"query-input\":{\"@type\":\"PropertyValueSpecification\",\"valueRequired\":true,\"valueName\":\"search_term_string\"}}],\"inLanguage\":\"pl-PL\"},{\"@type\":\"Organization\",\"@id\":\"https:\\\/\\\/pans.krosno.pl\\\/fundusze-zewnetrzne\\\/#organization\",\"name\":\"Fundusze zewn\u0119trzne PANS w Kro\u015bnie\",\"url\":\"https:\\\/\\\/pans.krosno.pl\\\/fundusze-zewnetrzne\\\/\",\"logo\":{\"@type\":\"ImageObject\",\"inLanguage\":\"pl-PL\",\"@id\":\"https:\\\/\\\/pans.krosno.pl\\\/fundusze-zewnetrzne\\\/#\\\/schema\\\/logo\\\/image\\\/\",\"url\":\"https:\\\/\\\/pans.krosno.pl\\\/fundusze-zewnetrzne\\\/wp-content\\\/uploads\\\/sites\\\/14\\\/2023\\\/01\\\/Logo-PANS-2022-pelne.png\",\"contentUrl\":\"https:\\\/\\\/pans.krosno.pl\\\/fundusze-zewnetrzne\\\/wp-content\\\/uploads\\\/sites\\\/14\\\/2023\\\/01\\\/Logo-PANS-2022-pelne.png\",\"width\":3096,\"height\":696,\"caption\":\"Fundusze zewn\u0119trzne PANS w Kro\u015bnie\"},\"image\":{\"@id\":\"https:\\\/\\\/pans.krosno.pl\\\/fundusze-zewnetrzne\\\/#\\\/schema\\\/logo\\\/image\\\/\"}}]}<\/script>\n<!-- \/ Yoast SEO Premium plugin. -->","yoast_head_json":{"title":"Dost\u0119pno\u015b\u0107 - Fundusze zewn\u0119trzne PANS w Kro\u015bnie","robots":{"index":"index","follow":"follow","max-snippet":"max-snippet:-1","max-image-preview":"max-image-preview:large","max-video-preview":"max-video-preview:-1"},"canonical":"https:\/\/pans.krosno.pl\/fundusze-zewnetrzne\/poprawa-efektywnosci-energetycznej-wraz-z-instalacja-oze-w-budynkach-zabytkowych-panstwowej-akademii-nauk-stosowanych-w-krosnie\/dostepnosc\/","og_locale":"pl_PL","og_type":"article","og_title":"Dost\u0119pno\u015b\u0107","og_description":"Poprawa efektywno\u015bci energetycznej wraz z instalacj\u0105 OZE w budynkach zabytkowych Pa\u0144stwowej Akademii Nauk Stosowanych w Kro\u015bnie W ramach projektu stosowane s\u0105 rozwi\u0105zania zgodne ze Standardami dost\u0119pno\u015bci dla polityki sp\u00f3jno\u015bci 2021-2027, co umo\u017cliwia eliminacj\u0119 barier i zapewnienie r\u00f3wnych szans dla wszystkich u\u017cytkownik\u00f3w infrastruktury, w tym os\u00f3b z niepe\u0142nosprawno\u015bciami ruchowymi i sensorycznymi. [\u2026] Read More","og_url":"https:\/\/pans.krosno.pl\/fundusze-zewnetrzne\/poprawa-efektywnosci-energetycznej-wraz-z-instalacja-oze-w-budynkach-zabytkowych-panstwowej-akademii-nauk-stosowanych-w-krosnie\/dostepnosc\/","og_site_name":"Fundusze zewn\u0119trzne PANS w Kro\u015bnie","article_modified_time":"2025-12-17T13:52:06+00:00","og_image":[{"width":945,"height":135,"url":"https:\/\/pans.krosno.pl\/fundusze-zewnetrzne\/wp-content\/uploads\/sites\/14\/2025\/11\/obraz-3.png","type":"image\/png"}],"twitter_card":"summary_large_image","twitter_misc":{"Szacowany czas czytania":"2 minuty"},"schema":{"@context":"https:\/\/schema.org","@graph":[{"@type":"WebPage","@id":"https:\/\/pans.krosno.pl\/fundusze-zewnetrzne\/poprawa-efektywnosci-energetycznej-wraz-z-instalacja-oze-w-budynkach-zabytkowych-panstwowej-akademii-nauk-stosowanych-w-krosnie\/dostepnosc\/","url":"https:\/\/pans.krosno.pl\/fundusze-zewnetrzne\/poprawa-efektywnosci-energetycznej-wraz-z-instalacja-oze-w-budynkach-zabytkowych-panstwowej-akademii-nauk-stosowanych-w-krosnie\/dostepnosc\/","name":"Dost\u0119pno\u015b\u0107 - Fundusze zewn\u0119trzne PANS w Kro\u015bnie","isPartOf":{"@id":"https:\/\/pans.krosno.pl\/fundusze-zewnetrzne\/#website"},"primaryImageOfPage":{"@id":"https:\/\/pans.krosno.pl\/fundusze-zewnetrzne\/poprawa-efektywnosci-energetycznej-wraz-z-instalacja-oze-w-budynkach-zabytkowych-panstwowej-akademii-nauk-stosowanych-w-krosnie\/dostepnosc\/#primaryimage"},"image":{"@id":"https:\/\/pans.krosno.pl\/fundusze-zewnetrzne\/poprawa-efektywnosci-energetycznej-wraz-z-instalacja-oze-w-budynkach-zabytkowych-panstwowej-akademii-nauk-stosowanych-w-krosnie\/dostepnosc\/#primaryimage"},"thumbnailUrl":"https:\/\/pans.krosno.pl\/fundusze-zewnetrzne\/wp-content\/uploads\/sites\/14\/2025\/11\/obraz-3.png","datePublished":"2025-11-12T14:22:18+00:00","dateModified":"2025-12-17T13:52:06+00:00","breadcrumb":{"@id":"https:\/\/pans.krosno.pl\/fundusze-zewnetrzne\/poprawa-efektywnosci-energetycznej-wraz-z-instalacja-oze-w-budynkach-zabytkowych-panstwowej-akademii-nauk-stosowanych-w-krosnie\/dostepnosc\/#breadcrumb"},"inLanguage":"pl-PL","potentialAction":[{"@type":"ReadAction","target":["https:\/\/pans.krosno.pl\/fundusze-zewnetrzne\/poprawa-efektywnosci-energetycznej-wraz-z-instalacja-oze-w-budynkach-zabytkowych-panstwowej-akademii-nauk-stosowanych-w-krosnie\/dostepnosc\/"]}]},{"@type":"ImageObject","inLanguage":"pl-PL","@id":"https:\/\/pans.krosno.pl\/fundusze-zewnetrzne\/poprawa-efektywnosci-energetycznej-wraz-z-instalacja-oze-w-budynkach-zabytkowych-panstwowej-akademii-nauk-stosowanych-w-krosnie\/dostepnosc\/#primaryimage","url":"https:\/\/pans.krosno.pl\/fundusze-zewnetrzne\/wp-content\/uploads\/sites\/14\/2025\/11\/obraz-3.png","contentUrl":"https:\/\/pans.krosno.pl\/fundusze-zewnetrzne\/wp-content\/uploads\/sites\/14\/2025\/11\/obraz-3.png","width":945,"height":135},{"@type":"BreadcrumbList","@id":"https:\/\/pans.krosno.pl\/fundusze-zewnetrzne\/poprawa-efektywnosci-energetycznej-wraz-z-instalacja-oze-w-budynkach-zabytkowych-panstwowej-akademii-nauk-stosowanych-w-krosnie\/dostepnosc\/#breadcrumb","itemListElement":[{"@type":"ListItem","position":1,"name":"Strona g\u0142\u00f3wna","item":"https:\/\/pans.krosno.pl\/fundusze-zewnetrzne\/"},{"@type":"ListItem","position":2,"name":"Poprawa efektywno\u015bci energetycznej wraz z instalacj\u0105 OZE w budynkach zabytkowych Pa\u0144stwowej Akademii Nauk Stosowanych w Kro\u015bnie","item":"https:\/\/pans.krosno.pl\/fundusze-zewnetrzne\/poprawa-efektywnosci-energetycznej-wraz-z-instalacja-oze-w-budynkach-zabytkowych-panstwowej-akademii-nauk-stosowanych-w-krosnie\/"},{"@type":"ListItem","position":3,"name":"Dost\u0119pno\u015b\u0107"}]},{"@type":"WebSite","@id":"https:\/\/pans.krosno.pl\/fundusze-zewnetrzne\/#website","url":"https:\/\/pans.krosno.pl\/fundusze-zewnetrzne\/","name":"Fundusze zewn\u0119trzne PANS w Kro\u015bnie","description":"Fundusze zewn\u0119trzne  - Pa\u0144stwowa Akademia Nauk Stosowanych","publisher":{"@id":"https:\/\/pans.krosno.pl\/fundusze-zewnetrzne\/#organization"},"potentialAction":[{"@type":"SearchAction","target":{"@type":"EntryPoint","urlTemplate":"https:\/\/pans.krosno.pl\/fundusze-zewnetrzne\/?s={search_term_string}"},"query-input":{"@type":"PropertyValueSpecification","valueRequired":true,"valueName":"search_term_string"}}],"inLanguage":"pl-PL"},{"@type":"Organization","@id":"https:\/\/pans.krosno.pl\/fundusze-zewnetrzne\/#organization","name":"Fundusze zewn\u0119trzne PANS w Kro\u015bnie","url":"https:\/\/pans.krosno.pl\/fundusze-zewnetrzne\/","logo":{"@type":"ImageObject","inLanguage":"pl-PL","@id":"https:\/\/pans.krosno.pl\/fundusze-zewnetrzne\/#\/schema\/logo\/image\/","url":"https:\/\/pans.krosno.pl\/fundusze-zewnetrzne\/wp-content\/uploads\/sites\/14\/2023\/01\/Logo-PANS-2022-pelne.png","contentUrl":"https:\/\/pans.krosno.pl\/fundusze-zewnetrzne\/wp-content\/uploads\/sites\/14\/2023\/01\/Logo-PANS-2022-pelne.png","width":3096,"height":696,"caption":"Fundusze zewn\u0119trzne PANS w Kro\u015bnie"},"image":{"@id":"https:\/\/pans.krosno.pl\/fundusze-zewnetrzne\/#\/schema\/logo\/image\/"}}]}},"_links":{"self":[{"href":"https:\/\/pans.krosno.pl\/fundusze-zewnetrzne\/wp-json\/wp\/v2\/pages\/4300","targetHints":{"allow":["GET"]}}],"collection":[{"href":"https:\/\/pans.krosno.pl\/fundusze-zewnetrzne\/wp-json\/wp\/v2\/pages"}],"about":[{"href":"https:\/\/pans.krosno.pl\/fundusze-zewnetrzne\/wp-json\/wp\/v2\/types\/page"}],"author":[{"embeddable":true,"href":"https:\/\/pans.krosno.pl\/fundusze-zewnetrzne\/wp-json\/wp\/v2\/users\/53"}],"replies":[{"embeddable":true,"href":"https:\/\/pans.krosno.pl\/fundusze-zewnetrzne\/wp-json\/wp\/v2\/comments?post=4300"}],"version-history":[{"count":4,"href":"https:\/\/pans.krosno.pl\/fundusze-zewnetrzne\/wp-json\/wp\/v2\/pages\/4300\/revisions"}],"predecessor-version":[{"id":4343,"href":"https:\/\/pans.krosno.pl\/fundusze-zewnetrzne\/wp-json\/wp\/v2\/pages\/4300\/revisions\/4343"}],"up":[{"embeddable":true,"href":"https:\/\/pans.krosno.pl\/fundusze-zewnetrzne\/wp-json\/wp\/v2\/pages\/4286"}],"wp:attachment":[{"href":"https:\/\/pans.krosno.pl\/fundusze-zewnetrzne\/wp-json\/wp\/v2\/media?parent=4300"}],"curies":[{"name":"wp","href":"https:\/\/api.w.org\/{rel}","templated":true}]}}