{"id":4292,"date":"2025-11-12T14:38:40","date_gmt":"2025-11-12T13:38:40","guid":{"rendered":"https:\/\/pans.krosno.pl\/fundusze-zewnetrzne\/?page_id=4292"},"modified":"2026-02-13T13:24:11","modified_gmt":"2026-02-13T12:24:11","slug":"opis-projektu","status":"publish","type":"page","link":"https:\/\/pans.krosno.pl\/fundusze-zewnetrzne\/poprawa-efektywnosci-energetycznej-wraz-z-instalacja-oze-w-budynkach-zabytkowych-panstwowej-akademii-nauk-stosowanych-w-krosnie\/opis-projektu\/","title":{"rendered":"Opis projektu"},"content":{"rendered":"\n<hr class=\"wp-block-separator has-alpha-channel-opacity\" \/>\n\n\n\n<p class=\"has-text-align-center\">Poprawa efektywno\u015bci energetycznej wraz z instalacj\u0105 OZE w budynkach zabytkowych Pa\u0144stwowej Akademii Nauk Stosowanych w Kro\u015bnie<\/p>\n\n\n\n<figure class=\"wp-block-image size-full\"><img loading=\"lazy\" decoding=\"async\" width=\"945\" height=\"135\" src=\"https:\/\/pans.krosno.pl\/fundusze-zewnetrzne\/wp-content\/uploads\/sites\/14\/2025\/11\/obraz-1.png\" alt=\"\" class=\"wp-image-4293\" srcset=\"https:\/\/pans.krosno.pl\/fundusze-zewnetrzne\/wp-content\/uploads\/sites\/14\/2025\/11\/obraz-1.png 945w, https:\/\/pans.krosno.pl\/fundusze-zewnetrzne\/wp-content\/uploads\/sites\/14\/2025\/11\/obraz-1-300x43.png 300w, https:\/\/pans.krosno.pl\/fundusze-zewnetrzne\/wp-content\/uploads\/sites\/14\/2025\/11\/obraz-1-768x110.png 768w, https:\/\/pans.krosno.pl\/fundusze-zewnetrzne\/wp-content\/uploads\/sites\/14\/2025\/11\/obraz-1-800x114.png 800w, https:\/\/pans.krosno.pl\/fundusze-zewnetrzne\/wp-content\/uploads\/sites\/14\/2025\/11\/obraz-1-580x83.png 580w\" sizes=\"auto, (max-width: 945px) 100vw, 945px\" \/><\/figure>\n\n\n\n<hr class=\"wp-block-separator has-alpha-channel-opacity\" \/>\n\n\n\n<p>Pa\u0144stwowa Akademia Nauk Stosowanych w Kro\u015bnie realizuje projekt <strong>\u201ePoprawa efektywno\u015bci energetycznej wraz z instalacj\u0105 OZE w budynkach zabytkowych PANS w Kro\u015bnie\u201d<\/strong> wsp\u00f3\u0142finansowany ze \u015brodk\u00f3w <strong>Unii Europejskiej<\/strong> w ramach <strong>Funduszy Europejskich na Infrastruktur\u0119, Klimat, \u015arodowisko 2021\u20132027<\/strong>, dzia\u0142anie <strong>FENX.01.01 Efektywno\u015b\u0107 energetyczna<\/strong>.<\/p>\n\n\n\n<p><strong>Zakres projektu obejmuje m.in.:<\/strong><\/p>\n\n\n\n<ul class=\"wp-block-list\">\n<li>budow\u0119 przy\u0142\u0105cza sieci ciep\u0142owniczej i modernizacj\u0119 instalacji grzewczej,<\/li>\n\n\n\n<li>wymian\u0119 stolarki okiennej i drzwiowej,<\/li>\n\n\n\n<li>monta\u017c instalacji fotowoltaicznych (PV) i magazyn\u00f3w energii,<\/li>\n\n\n\n<li>instalacj\u0119 \u0142adowarek do pojazd\u00f3w elektrycznych,<\/li>\n\n\n\n<li>monta\u017c systemu zarz\u0105dzania energi\u0105 (EMS) oraz urz\u0105dze\u0144 s\u0142u\u017c\u0105cych cyfryzacji budynk\u00f3w,<\/li>\n\n\n\n<li>monta\u017c schodo\u0142azu,<\/li>\n\n\n\n<li>dzia\u0142ania edukacyjne i promuj\u0105ce \u015bwiadome korzystanie z energii.<\/li>\n<\/ul>\n\n\n\n<p><br><strong>Grupy docelowe:<\/strong><\/p>\n\n\n\n<p>Projekt skierowany jest do student\u00f3w i pracownik\u00f3w Uczelni \u2013 w tym os\u00f3b z niepe\u0142nosprawno\u015bciami \u2013 kt\u00f3rzy zyskaj\u0105 nowoczesne, komfortowe i bardziej dost\u0119pne przestrzenie do nauki i pracy.<\/p>\n\n\n\n<p><strong>Cele projektu:<\/strong><\/p>\n\n\n\n<ul class=\"wp-block-list\">\n<li>poprawa efektywno\u015bci energetycznej budynk\u00f3w,<\/li>\n\n\n\n<li>redukcja emisji CO\u2082 i poprawa jako\u015bci powietrza,<\/li>\n\n\n\n<li>rozw\u00f3j elektromobilno\u015bci i nowoczesnych technologii zarz\u0105dzania energi\u0105.<\/li>\n<\/ul>\n\n\n\n<p><strong>Efekty realizacji projektu:<\/strong><\/p>\n\n\n\n<ul class=\"wp-block-list\">\n<li>modernizacja 4 budynk\u00f3w o \u0142\u0105cznej powierzchni ponad 6 000 m\u00b2,<\/li>\n\n\n\n<li>redukcja zu\u017cycia energii pierwotnej o ponad 60%,<\/li>\n\n\n\n<li>obni\u017cenie emisji gaz\u00f3w cieplarnianych.<\/li>\n<\/ul>\n\n\n\n<p><strong>Warto\u015b\u0107 projektu:<\/strong> 6 318 365,04 z\u0142<\/p>\n\n\n\n<p><strong>Dofinansowanie z Funduszy Europejskich:<\/strong> 5 370 610,28 z\u0142<\/p>\n\n\n\n<p>#FunduszeUE #FunduszeEuropejskie<\/p>\n\n\n\n<hr class=\"wp-block-separator has-alpha-channel-opacity\" \/>\n","protected":false},"excerpt":{"rendered":"<p>Poprawa efektywno\u015bci energetycznej wraz z instalacj\u0105 OZE w budynkach zabytkowych Pa\u0144stwowej Akademii Nauk Stosowanych w Kro\u015bnie Pa\u0144stwowa Akademia Nauk Stosowanych w Kro\u015bnie realizuje projekt \u201ePoprawa efektywno\u015bci energetycznej wraz z instalacj\u0105 OZE w budynkach zabytkowych PANS w Kro\u015bnie\u201d wsp\u00f3\u0142finansowany ze \u015brodk\u00f3w Unii Europejskiej w ramach Funduszy Europejskich na Infrastruktur\u0119, Klimat, \u015arodowisko [\u2026] <\/p>\n<div class=\"clear\"><\/div>\n<p><a class=\"more_link clearfix\" href=\"https:\/\/pans.krosno.pl\/fundusze-zewnetrzne\/poprawa-efektywnosci-energetycznej-wraz-z-instalacja-oze-w-budynkach-zabytkowych-panstwowej-akademii-nauk-stosowanych-w-krosnie\/opis-projektu\/\" rel=\"nofollow\">Read More<\/a><\/p>\n","protected":false},"author":53,"featured_media":0,"parent":4286,"menu_order":0,"comment_status":"closed","ping_status":"closed","template":"","meta":{"ngg_post_thumbnail":0,"footnotes":""},"class_list":["post-4292","page","type-page","status-publish","hentry"],"yoast_head":"<!-- This site is optimized with the Yoast SEO Premium plugin v27.3 (Yoast SEO v27.3) - https:\/\/yoast.com\/product\/yoast-seo-premium-wordpress\/ -->\n<title>Opis projektu - Fundusze zewn\u0119trzne PANS w Kro\u015bnie<\/title>\n<meta name=\"robots\" content=\"index, follow, max-snippet:-1, max-image-preview:large, max-video-preview:-1\" \/>\n<link rel=\"canonical\" href=\"https:\/\/pans.krosno.pl\/fundusze-zewnetrzne\/poprawa-efektywnosci-energetycznej-wraz-z-instalacja-oze-w-budynkach-zabytkowych-panstwowej-akademii-nauk-stosowanych-w-krosnie\/opis-projektu\/\" \/>\n<meta property=\"og:locale\" content=\"pl_PL\" \/>\n<meta property=\"og:type\" content=\"article\" \/>\n<meta property=\"og:title\" content=\"Opis projektu\" \/>\n<meta property=\"og:description\" content=\"Poprawa efektywno\u015bci energetycznej wraz z instalacj\u0105 OZE w budynkach zabytkowych Pa\u0144stwowej Akademii Nauk Stosowanych w Kro\u015bnie Pa\u0144stwowa Akademia Nauk Stosowanych w Kro\u015bnie realizuje projekt \u201ePoprawa efektywno\u015bci energetycznej wraz z instalacj\u0105 OZE w budynkach zabytkowych PANS w Kro\u015bnie\u201d wsp\u00f3\u0142finansowany ze \u015brodk\u00f3w Unii Europejskiej w ramach Funduszy Europejskich na Infrastruktur\u0119, Klimat, \u015arodowisko [\u2026] Read More\" \/>\n<meta property=\"og:url\" content=\"https:\/\/pans.krosno.pl\/fundusze-zewnetrzne\/poprawa-efektywnosci-energetycznej-wraz-z-instalacja-oze-w-budynkach-zabytkowych-panstwowej-akademii-nauk-stosowanych-w-krosnie\/opis-projektu\/\" \/>\n<meta property=\"og:site_name\" content=\"Fundusze zewn\u0119trzne PANS w Kro\u015bnie\" \/>\n<meta property=\"article:modified_time\" content=\"2026-02-13T12:24:11+00:00\" \/>\n<meta property=\"og:image\" content=\"https:\/\/pans.krosno.pl\/fundusze-zewnetrzne\/wp-content\/uploads\/sites\/14\/2025\/11\/obraz-1.png\" \/>\n\t<meta property=\"og:image:width\" content=\"945\" \/>\n\t<meta property=\"og:image:height\" content=\"135\" \/>\n\t<meta property=\"og:image:type\" content=\"image\/png\" \/>\n<meta name=\"twitter:card\" content=\"summary_large_image\" \/>\n<meta name=\"twitter:label1\" content=\"Szacowany czas czytania\" \/>\n\t<meta name=\"twitter:data1\" content=\"2 minuty\" \/>\n<script type=\"application\/ld+json\" class=\"yoast-schema-graph\">{\"@context\":\"https:\\\/\\\/schema.org\",\"@graph\":[{\"@type\":\"WebPage\",\"@id\":\"https:\\\/\\\/pans.krosno.pl\\\/fundusze-zewnetrzne\\\/poprawa-efektywnosci-energetycznej-wraz-z-instalacja-oze-w-budynkach-zabytkowych-panstwowej-akademii-nauk-stosowanych-w-krosnie\\\/opis-projektu\\\/\",\"url\":\"https:\\\/\\\/pans.krosno.pl\\\/fundusze-zewnetrzne\\\/poprawa-efektywnosci-energetycznej-wraz-z-instalacja-oze-w-budynkach-zabytkowych-panstwowej-akademii-nauk-stosowanych-w-krosnie\\\/opis-projektu\\\/\",\"name\":\"Opis projektu - Fundusze zewn\u0119trzne PANS w Kro\u015bnie\",\"isPartOf\":{\"@id\":\"https:\\\/\\\/pans.krosno.pl\\\/fundusze-zewnetrzne\\\/#website\"},\"primaryImageOfPage\":{\"@id\":\"https:\\\/\\\/pans.krosno.pl\\\/fundusze-zewnetrzne\\\/poprawa-efektywnosci-energetycznej-wraz-z-instalacja-oze-w-budynkach-zabytkowych-panstwowej-akademii-nauk-stosowanych-w-krosnie\\\/opis-projektu\\\/#primaryimage\"},\"image\":{\"@id\":\"https:\\\/\\\/pans.krosno.pl\\\/fundusze-zewnetrzne\\\/poprawa-efektywnosci-energetycznej-wraz-z-instalacja-oze-w-budynkach-zabytkowych-panstwowej-akademii-nauk-stosowanych-w-krosnie\\\/opis-projektu\\\/#primaryimage\"},\"thumbnailUrl\":\"https:\\\/\\\/pans.krosno.pl\\\/fundusze-zewnetrzne\\\/wp-content\\\/uploads\\\/sites\\\/14\\\/2025\\\/11\\\/obraz-1.png\",\"datePublished\":\"2025-11-12T13:38:40+00:00\",\"dateModified\":\"2026-02-13T12:24:11+00:00\",\"breadcrumb\":{\"@id\":\"https:\\\/\\\/pans.krosno.pl\\\/fundusze-zewnetrzne\\\/poprawa-efektywnosci-energetycznej-wraz-z-instalacja-oze-w-budynkach-zabytkowych-panstwowej-akademii-nauk-stosowanych-w-krosnie\\\/opis-projektu\\\/#breadcrumb\"},\"inLanguage\":\"pl-PL\",\"potentialAction\":[{\"@type\":\"ReadAction\",\"target\":[\"https:\\\/\\\/pans.krosno.pl\\\/fundusze-zewnetrzne\\\/poprawa-efektywnosci-energetycznej-wraz-z-instalacja-oze-w-budynkach-zabytkowych-panstwowej-akademii-nauk-stosowanych-w-krosnie\\\/opis-projektu\\\/\"]}]},{\"@type\":\"ImageObject\",\"inLanguage\":\"pl-PL\",\"@id\":\"https:\\\/\\\/pans.krosno.pl\\\/fundusze-zewnetrzne\\\/poprawa-efektywnosci-energetycznej-wraz-z-instalacja-oze-w-budynkach-zabytkowych-panstwowej-akademii-nauk-stosowanych-w-krosnie\\\/opis-projektu\\\/#primaryimage\",\"url\":\"https:\\\/\\\/pans.krosno.pl\\\/fundusze-zewnetrzne\\\/wp-content\\\/uploads\\\/sites\\\/14\\\/2025\\\/11\\\/obraz-1.png\",\"contentUrl\":\"https:\\\/\\\/pans.krosno.pl\\\/fundusze-zewnetrzne\\\/wp-content\\\/uploads\\\/sites\\\/14\\\/2025\\\/11\\\/obraz-1.png\",\"width\":945,\"height\":135},{\"@type\":\"BreadcrumbList\",\"@id\":\"https:\\\/\\\/pans.krosno.pl\\\/fundusze-zewnetrzne\\\/poprawa-efektywnosci-energetycznej-wraz-z-instalacja-oze-w-budynkach-zabytkowych-panstwowej-akademii-nauk-stosowanych-w-krosnie\\\/opis-projektu\\\/#breadcrumb\",\"itemListElement\":[{\"@type\":\"ListItem\",\"position\":1,\"name\":\"Strona g\u0142\u00f3wna\",\"item\":\"https:\\\/\\\/pans.krosno.pl\\\/fundusze-zewnetrzne\\\/\"},{\"@type\":\"ListItem\",\"position\":2,\"name\":\"Poprawa efektywno\u015bci energetycznej wraz z instalacj\u0105 OZE w budynkach zabytkowych Pa\u0144stwowej Akademii Nauk Stosowanych w Kro\u015bnie\",\"item\":\"https:\\\/\\\/pans.krosno.pl\\\/fundusze-zewnetrzne\\\/poprawa-efektywnosci-energetycznej-wraz-z-instalacja-oze-w-budynkach-zabytkowych-panstwowej-akademii-nauk-stosowanych-w-krosnie\\\/\"},{\"@type\":\"ListItem\",\"position\":3,\"name\":\"Opis projektu\"}]},{\"@type\":\"WebSite\",\"@id\":\"https:\\\/\\\/pans.krosno.pl\\\/fundusze-zewnetrzne\\\/#website\",\"url\":\"https:\\\/\\\/pans.krosno.pl\\\/fundusze-zewnetrzne\\\/\",\"name\":\"Fundusze zewn\u0119trzne PANS w Kro\u015bnie\",\"description\":\"Fundusze zewn\u0119trzne  - Pa\u0144stwowa Akademia Nauk Stosowanych\",\"publisher\":{\"@id\":\"https:\\\/\\\/pans.krosno.pl\\\/fundusze-zewnetrzne\\\/#organization\"},\"potentialAction\":[{\"@type\":\"SearchAction\",\"target\":{\"@type\":\"EntryPoint\",\"urlTemplate\":\"https:\\\/\\\/pans.krosno.pl\\\/fundusze-zewnetrzne\\\/?s={search_term_string}\"},\"query-input\":{\"@type\":\"PropertyValueSpecification\",\"valueRequired\":true,\"valueName\":\"search_term_string\"}}],\"inLanguage\":\"pl-PL\"},{\"@type\":\"Organization\",\"@id\":\"https:\\\/\\\/pans.krosno.pl\\\/fundusze-zewnetrzne\\\/#organization\",\"name\":\"Fundusze zewn\u0119trzne PANS w Kro\u015bnie\",\"url\":\"https:\\\/\\\/pans.krosno.pl\\\/fundusze-zewnetrzne\\\/\",\"logo\":{\"@type\":\"ImageObject\",\"inLanguage\":\"pl-PL\",\"@id\":\"https:\\\/\\\/pans.krosno.pl\\\/fundusze-zewnetrzne\\\/#\\\/schema\\\/logo\\\/image\\\/\",\"url\":\"https:\\\/\\\/pans.krosno.pl\\\/fundusze-zewnetrzne\\\/wp-content\\\/uploads\\\/sites\\\/14\\\/2023\\\/01\\\/Logo-PANS-2022-pelne.png\",\"contentUrl\":\"https:\\\/\\\/pans.krosno.pl\\\/fundusze-zewnetrzne\\\/wp-content\\\/uploads\\\/sites\\\/14\\\/2023\\\/01\\\/Logo-PANS-2022-pelne.png\",\"width\":3096,\"height\":696,\"caption\":\"Fundusze zewn\u0119trzne PANS w Kro\u015bnie\"},\"image\":{\"@id\":\"https:\\\/\\\/pans.krosno.pl\\\/fundusze-zewnetrzne\\\/#\\\/schema\\\/logo\\\/image\\\/\"}}]}<\/script>\n<!-- \/ Yoast SEO Premium plugin. -->","yoast_head_json":{"title":"Opis projektu - Fundusze zewn\u0119trzne PANS w Kro\u015bnie","robots":{"index":"index","follow":"follow","max-snippet":"max-snippet:-1","max-image-preview":"max-image-preview:large","max-video-preview":"max-video-preview:-1"},"canonical":"https:\/\/pans.krosno.pl\/fundusze-zewnetrzne\/poprawa-efektywnosci-energetycznej-wraz-z-instalacja-oze-w-budynkach-zabytkowych-panstwowej-akademii-nauk-stosowanych-w-krosnie\/opis-projektu\/","og_locale":"pl_PL","og_type":"article","og_title":"Opis projektu","og_description":"Poprawa efektywno\u015bci energetycznej wraz z instalacj\u0105 OZE w budynkach zabytkowych Pa\u0144stwowej Akademii Nauk Stosowanych w Kro\u015bnie Pa\u0144stwowa Akademia Nauk Stosowanych w Kro\u015bnie realizuje projekt \u201ePoprawa efektywno\u015bci energetycznej wraz z instalacj\u0105 OZE w budynkach zabytkowych PANS w Kro\u015bnie\u201d wsp\u00f3\u0142finansowany ze \u015brodk\u00f3w Unii Europejskiej w ramach Funduszy Europejskich na Infrastruktur\u0119, Klimat, \u015arodowisko [\u2026] Read More","og_url":"https:\/\/pans.krosno.pl\/fundusze-zewnetrzne\/poprawa-efektywnosci-energetycznej-wraz-z-instalacja-oze-w-budynkach-zabytkowych-panstwowej-akademii-nauk-stosowanych-w-krosnie\/opis-projektu\/","og_site_name":"Fundusze zewn\u0119trzne PANS w Kro\u015bnie","article_modified_time":"2026-02-13T12:24:11+00:00","og_image":[{"width":945,"height":135,"url":"https:\/\/pans.krosno.pl\/fundusze-zewnetrzne\/wp-content\/uploads\/sites\/14\/2025\/11\/obraz-1.png","type":"image\/png"}],"twitter_card":"summary_large_image","twitter_misc":{"Szacowany czas czytania":"2 minuty"},"schema":{"@context":"https:\/\/schema.org","@graph":[{"@type":"WebPage","@id":"https:\/\/pans.krosno.pl\/fundusze-zewnetrzne\/poprawa-efektywnosci-energetycznej-wraz-z-instalacja-oze-w-budynkach-zabytkowych-panstwowej-akademii-nauk-stosowanych-w-krosnie\/opis-projektu\/","url":"https:\/\/pans.krosno.pl\/fundusze-zewnetrzne\/poprawa-efektywnosci-energetycznej-wraz-z-instalacja-oze-w-budynkach-zabytkowych-panstwowej-akademii-nauk-stosowanych-w-krosnie\/opis-projektu\/","name":"Opis projektu - Fundusze zewn\u0119trzne PANS w Kro\u015bnie","isPartOf":{"@id":"https:\/\/pans.krosno.pl\/fundusze-zewnetrzne\/#website"},"primaryImageOfPage":{"@id":"https:\/\/pans.krosno.pl\/fundusze-zewnetrzne\/poprawa-efektywnosci-energetycznej-wraz-z-instalacja-oze-w-budynkach-zabytkowych-panstwowej-akademii-nauk-stosowanych-w-krosnie\/opis-projektu\/#primaryimage"},"image":{"@id":"https:\/\/pans.krosno.pl\/fundusze-zewnetrzne\/poprawa-efektywnosci-energetycznej-wraz-z-instalacja-oze-w-budynkach-zabytkowych-panstwowej-akademii-nauk-stosowanych-w-krosnie\/opis-projektu\/#primaryimage"},"thumbnailUrl":"https:\/\/pans.krosno.pl\/fundusze-zewnetrzne\/wp-content\/uploads\/sites\/14\/2025\/11\/obraz-1.png","datePublished":"2025-11-12T13:38:40+00:00","dateModified":"2026-02-13T12:24:11+00:00","breadcrumb":{"@id":"https:\/\/pans.krosno.pl\/fundusze-zewnetrzne\/poprawa-efektywnosci-energetycznej-wraz-z-instalacja-oze-w-budynkach-zabytkowych-panstwowej-akademii-nauk-stosowanych-w-krosnie\/opis-projektu\/#breadcrumb"},"inLanguage":"pl-PL","potentialAction":[{"@type":"ReadAction","target":["https:\/\/pans.krosno.pl\/fundusze-zewnetrzne\/poprawa-efektywnosci-energetycznej-wraz-z-instalacja-oze-w-budynkach-zabytkowych-panstwowej-akademii-nauk-stosowanych-w-krosnie\/opis-projektu\/"]}]},{"@type":"ImageObject","inLanguage":"pl-PL","@id":"https:\/\/pans.krosno.pl\/fundusze-zewnetrzne\/poprawa-efektywnosci-energetycznej-wraz-z-instalacja-oze-w-budynkach-zabytkowych-panstwowej-akademii-nauk-stosowanych-w-krosnie\/opis-projektu\/#primaryimage","url":"https:\/\/pans.krosno.pl\/fundusze-zewnetrzne\/wp-content\/uploads\/sites\/14\/2025\/11\/obraz-1.png","contentUrl":"https:\/\/pans.krosno.pl\/fundusze-zewnetrzne\/wp-content\/uploads\/sites\/14\/2025\/11\/obraz-1.png","width":945,"height":135},{"@type":"BreadcrumbList","@id":"https:\/\/pans.krosno.pl\/fundusze-zewnetrzne\/poprawa-efektywnosci-energetycznej-wraz-z-instalacja-oze-w-budynkach-zabytkowych-panstwowej-akademii-nauk-stosowanych-w-krosnie\/opis-projektu\/#breadcrumb","itemListElement":[{"@type":"ListItem","position":1,"name":"Strona g\u0142\u00f3wna","item":"https:\/\/pans.krosno.pl\/fundusze-zewnetrzne\/"},{"@type":"ListItem","position":2,"name":"Poprawa efektywno\u015bci energetycznej wraz z instalacj\u0105 OZE w budynkach zabytkowych Pa\u0144stwowej Akademii Nauk Stosowanych w Kro\u015bnie","item":"https:\/\/pans.krosno.pl\/fundusze-zewnetrzne\/poprawa-efektywnosci-energetycznej-wraz-z-instalacja-oze-w-budynkach-zabytkowych-panstwowej-akademii-nauk-stosowanych-w-krosnie\/"},{"@type":"ListItem","position":3,"name":"Opis projektu"}]},{"@type":"WebSite","@id":"https:\/\/pans.krosno.pl\/fundusze-zewnetrzne\/#website","url":"https:\/\/pans.krosno.pl\/fundusze-zewnetrzne\/","name":"Fundusze zewn\u0119trzne PANS w Kro\u015bnie","description":"Fundusze zewn\u0119trzne  - Pa\u0144stwowa Akademia Nauk Stosowanych","publisher":{"@id":"https:\/\/pans.krosno.pl\/fundusze-zewnetrzne\/#organization"},"potentialAction":[{"@type":"SearchAction","target":{"@type":"EntryPoint","urlTemplate":"https:\/\/pans.krosno.pl\/fundusze-zewnetrzne\/?s={search_term_string}"},"query-input":{"@type":"PropertyValueSpecification","valueRequired":true,"valueName":"search_term_string"}}],"inLanguage":"pl-PL"},{"@type":"Organization","@id":"https:\/\/pans.krosno.pl\/fundusze-zewnetrzne\/#organization","name":"Fundusze zewn\u0119trzne PANS w Kro\u015bnie","url":"https:\/\/pans.krosno.pl\/fundusze-zewnetrzne\/","logo":{"@type":"ImageObject","inLanguage":"pl-PL","@id":"https:\/\/pans.krosno.pl\/fundusze-zewnetrzne\/#\/schema\/logo\/image\/","url":"https:\/\/pans.krosno.pl\/fundusze-zewnetrzne\/wp-content\/uploads\/sites\/14\/2023\/01\/Logo-PANS-2022-pelne.png","contentUrl":"https:\/\/pans.krosno.pl\/fundusze-zewnetrzne\/wp-content\/uploads\/sites\/14\/2023\/01\/Logo-PANS-2022-pelne.png","width":3096,"height":696,"caption":"Fundusze zewn\u0119trzne PANS w Kro\u015bnie"},"image":{"@id":"https:\/\/pans.krosno.pl\/fundusze-zewnetrzne\/#\/schema\/logo\/image\/"}}]}},"_links":{"self":[{"href":"https:\/\/pans.krosno.pl\/fundusze-zewnetrzne\/wp-json\/wp\/v2\/pages\/4292","targetHints":{"allow":["GET"]}}],"collection":[{"href":"https:\/\/pans.krosno.pl\/fundusze-zewnetrzne\/wp-json\/wp\/v2\/pages"}],"about":[{"href":"https:\/\/pans.krosno.pl\/fundusze-zewnetrzne\/wp-json\/wp\/v2\/types\/page"}],"author":[{"embeddable":true,"href":"https:\/\/pans.krosno.pl\/fundusze-zewnetrzne\/wp-json\/wp\/v2\/users\/53"}],"replies":[{"embeddable":true,"href":"https:\/\/pans.krosno.pl\/fundusze-zewnetrzne\/wp-json\/wp\/v2\/comments?post=4292"}],"version-history":[{"count":7,"href":"https:\/\/pans.krosno.pl\/fundusze-zewnetrzne\/wp-json\/wp\/v2\/pages\/4292\/revisions"}],"predecessor-version":[{"id":4404,"href":"https:\/\/pans.krosno.pl\/fundusze-zewnetrzne\/wp-json\/wp\/v2\/pages\/4292\/revisions\/4404"}],"up":[{"embeddable":true,"href":"https:\/\/pans.krosno.pl\/fundusze-zewnetrzne\/wp-json\/wp\/v2\/pages\/4286"}],"wp:attachment":[{"href":"https:\/\/pans.krosno.pl\/fundusze-zewnetrzne\/wp-json\/wp\/v2\/media?parent=4292"}],"curies":[{"name":"wp","href":"https:\/\/api.w.org\/{rel}","templated":true}]}}