{"id":4272,"date":"2025-09-17T12:54:02","date_gmt":"2025-09-17T10:54:02","guid":{"rendered":"https:\/\/pans.krosno.pl\/fundusze-zewnetrzne\/?page_id=4272"},"modified":"2025-09-17T12:54:02","modified_gmt":"2025-09-17T10:54:02","slug":"konkurs-na-esej-pt-po-co-tobie-ojczyzna","status":"publish","type":"page","link":"https:\/\/pans.krosno.pl\/fundusze-zewnetrzne\/po-co-tobie-ojczyzna-o-modelach-patriotyzmu-i-biograficznych-doswiadczeniach-seniorow\/po-co-tobie-ojczyzna-o-modelach-patriotyzmu-i-biograficznych-doswiadczeniach-seniorow\/konkurs-na-esej-pt-po-co-tobie-ojczyzna\/","title":{"rendered":"Konkurs na esej pt. \u201ePo co Tobie ojczyzna?\u201d"},"content":{"rendered":"\n<figure class=\"wp-block-image size-full is-resized\"><img loading=\"lazy\" decoding=\"async\" width=\"1024\" height=\"576\" src=\"https:\/\/pans.krosno.pl\/fundusze-zewnetrzne\/wp-content\/uploads\/sites\/14\/2025\/09\/mein_son_logo_on_white-1024x576-1.png\" alt=\"\" class=\"wp-image-4273\" style=\"width:332px;height:auto\" srcset=\"https:\/\/pans.krosno.pl\/fundusze-zewnetrzne\/wp-content\/uploads\/sites\/14\/2025\/09\/mein_son_logo_on_white-1024x576-1.png 1024w, https:\/\/pans.krosno.pl\/fundusze-zewnetrzne\/wp-content\/uploads\/sites\/14\/2025\/09\/mein_son_logo_on_white-1024x576-1-300x169.png 300w, https:\/\/pans.krosno.pl\/fundusze-zewnetrzne\/wp-content\/uploads\/sites\/14\/2025\/09\/mein_son_logo_on_white-1024x576-1-768x432.png 768w, https:\/\/pans.krosno.pl\/fundusze-zewnetrzne\/wp-content\/uploads\/sites\/14\/2025\/09\/mein_son_logo_on_white-1024x576-1-800x450.png 800w, https:\/\/pans.krosno.pl\/fundusze-zewnetrzne\/wp-content\/uploads\/sites\/14\/2025\/09\/mein_son_logo_on_white-1024x576-1-270x152.png 270w, https:\/\/pans.krosno.pl\/fundusze-zewnetrzne\/wp-content\/uploads\/sites\/14\/2025\/09\/mein_son_logo_on_white-1024x576-1-580x326.png 580w\" sizes=\"auto, (max-width: 1024px) 100vw, 1024px\" \/><\/figure>\n\n\n\n<p>Zapraszamy osoby <strong>powy\u017cej 60 roku \u017cycia<\/strong> \u2013 s\u0142uchaczki i s\u0142uchaczy Uniwersytet\u00f3w Trzeciego Wieku, cz\u0142onk\u00f3w stowarzysze\u0144 senioralnych oraz osoby niezrzeszone \u2013 do udzia\u0142u w konkursie na esej pt. <strong>\u201ePo co Tobie Ojczyzna?\u201d<\/strong>.<\/p>\n\n\n\n<p>Konkurs realizowany jest w ramach projektu <em>\u201ePo co Tobie Ojczyzna? \u2013 o modelach patriotyzmu i biograficznych do\u015bwiadczeniach senior\u00f3w\u201d<\/em> finansowanego przez Ministerstwo Nauki i Szkolnictwa Wy\u017cszego w ramach programu <strong>Spo\u0142eczna odpowiedzialno\u015b\u0107 nauki II \u2013 Popularyzacja nauki.<\/strong><\/p>\n\n\n\n<p>Celem konkursu jest zach\u0119cenie senior\u00f3w do refleksji nad znaczeniem ojczyzny we wsp\u00f3\u0142czesnym \u015bwiecie oraz podzielenia si\u0119 osobistymi do\u015bwiadczeniami i przemy\u015bleniami. To tak\u017ce okazja, by rozwija\u0107 tw\u00f3rczo\u015b\u0107 pisarsk\u0105 i kreatywno\u015b\u0107.<\/p>\n\n\n\n<p><strong>Nagrody<\/strong><\/p>\n\n\n\n<p>Na zwyci\u0119zc\u00f3w czeka <strong>10 nagr\u00f3d o \u0142\u0105cznej warto\u015bci 7 000 z\u0142<\/strong>:<\/p>\n\n\n\n<ul class=\"wp-block-list\">\n<li>I miejsce \u2013 1500 z\u0142,<\/li>\n\n\n\n<li>II i III miejsce \u2013 po 1000 z\u0142,<\/li>\n\n\n\n<li>7 nagr\u00f3d wyr\u00f3\u017cnienia \u2013 po 500 z\u0142.<\/li>\n<\/ul>\n\n\n\n<p><strong>Termin zg\u0142osze\u0144<\/strong><\/p>\n\n\n\n<p>Eseje (4 000 \u2013 6 000 znak\u00f3w ze spacjami) nale\u017cy przes\u0142a\u0107 do <strong>15 pa\u017adziernika 2025 r.<\/strong> na adres:<br>konkurs.ojczyzna@pans.krosno.pl<br>lub dostarczy\u0107 do PANS w Kro\u015bnie (Rynek 1, 38-400 Krosno)<\/p>\n\n\n\n<p>Szczeg\u00f3\u0142owe zasady uczestnictwa znajduj\u0105 si\u0119 w <strong>Regulaminie konkursu<\/strong>.<\/p>\n\n\n\n<p>Serdecznie zapraszamy do udzia\u0142u!<\/p>\n\n\n\n<div data-wp-interactive=\"core\/file\" class=\"wp-block-file\"><object data-wp-bind--hidden=\"!state.hasPdfPreview\" hidden class=\"wp-block-file__embed\" data=\"https:\/\/pans.krosno.pl\/fundusze-zewnetrzne\/wp-content\/uploads\/sites\/14\/2025\/09\/regulamin_konkursu_projekt_po_co_tobie_ojczyna.pdf\" type=\"application\/pdf\" style=\"width:100%;height:600px\" aria-label=\"Osadzone z regulamin_konkursu_projekt_po_co_tobie_ojczyna.\"><\/object><a id=\"wp-block-file--media-4a4a561c-e881-430f-966b-40f67ec1033d\" href=\"https:\/\/pans.krosno.pl\/fundusze-zewnetrzne\/wp-content\/uploads\/sites\/14\/2025\/09\/regulamin_konkursu_projekt_po_co_tobie_ojczyna.pdf\">regulamin_konkursu_projekt_po_co_tobie_ojczyna<\/a><a href=\"https:\/\/pans.krosno.pl\/fundusze-zewnetrzne\/wp-content\/uploads\/sites\/14\/2025\/09\/regulamin_konkursu_projekt_po_co_tobie_ojczyna.pdf\" class=\"wp-block-file__button wp-element-button\" download aria-describedby=\"wp-block-file--media-4a4a561c-e881-430f-966b-40f67ec1033d\">Pobierz<\/a><\/div>\n\n\n\n<p><\/p>\n","protected":false},"excerpt":{"rendered":"<p>Zapraszamy osoby powy\u017cej 60 roku \u017cycia \u2013 s\u0142uchaczki i s\u0142uchaczy Uniwersytet\u00f3w Trzeciego Wieku, cz\u0142onk\u00f3w stowarzysze\u0144 senioralnych oraz osoby niezrzeszone \u2013 do udzia\u0142u w konkursie na esej pt. \u201ePo co Tobie Ojczyzna?\u201d. Konkurs realizowany jest w ramach projektu \u201ePo co Tobie Ojczyzna? \u2013 o modelach patriotyzmu i biograficznych do\u015bwiadczeniach senior\u00f3w\u201d finansowanego [\u2026] <\/p>\n<div class=\"clear\"><\/div>\n<p><a class=\"more_link clearfix\" href=\"https:\/\/pans.krosno.pl\/fundusze-zewnetrzne\/po-co-tobie-ojczyzna-o-modelach-patriotyzmu-i-biograficznych-doswiadczeniach-seniorow\/po-co-tobie-ojczyzna-o-modelach-patriotyzmu-i-biograficznych-doswiadczeniach-seniorow\/konkurs-na-esej-pt-po-co-tobie-ojczyzna\/\" rel=\"nofollow\">Read More<\/a><\/p>\n","protected":false},"author":53,"featured_media":0,"parent":4268,"menu_order":0,"comment_status":"closed","ping_status":"closed","template":"","meta":{"ngg_post_thumbnail":0,"footnotes":""},"class_list":["post-4272","page","type-page","status-publish","hentry"],"yoast_head":"<!-- This site is optimized with the Yoast SEO Premium plugin v27.3 (Yoast SEO v27.3) - https:\/\/yoast.com\/product\/yoast-seo-premium-wordpress\/ -->\n<title>Konkurs na esej pt. \u201ePo co Tobie ojczyzna?\u201d - Fundusze zewn\u0119trzne PANS w Kro\u015bnie<\/title>\n<meta name=\"robots\" content=\"index, follow, max-snippet:-1, max-image-preview:large, max-video-preview:-1\" \/>\n<link rel=\"canonical\" href=\"https:\/\/pans.krosno.pl\/fundusze-zewnetrzne\/po-co-tobie-ojczyzna-o-modelach-patriotyzmu-i-biograficznych-doswiadczeniach-seniorow\/po-co-tobie-ojczyzna-o-modelach-patriotyzmu-i-biograficznych-doswiadczeniach-seniorow\/konkurs-na-esej-pt-po-co-tobie-ojczyzna\/\" \/>\n<meta property=\"og:locale\" content=\"pl_PL\" \/>\n<meta property=\"og:type\" content=\"article\" \/>\n<meta property=\"og:title\" content=\"Konkurs na esej pt. \u201ePo co Tobie ojczyzna?\u201d\" \/>\n<meta property=\"og:description\" content=\"Zapraszamy osoby powy\u017cej 60 roku \u017cycia \u2013 s\u0142uchaczki i s\u0142uchaczy Uniwersytet\u00f3w Trzeciego Wieku, cz\u0142onk\u00f3w stowarzysze\u0144 senioralnych oraz osoby niezrzeszone \u2013 do udzia\u0142u w konkursie na esej pt. \u201ePo co Tobie Ojczyzna?\u201d. Konkurs realizowany jest w ramach projektu \u201ePo co Tobie Ojczyzna? \u2013 o modelach patriotyzmu i biograficznych do\u015bwiadczeniach senior\u00f3w\u201d finansowanego [\u2026] Read More\" \/>\n<meta property=\"og:url\" content=\"https:\/\/pans.krosno.pl\/fundusze-zewnetrzne\/po-co-tobie-ojczyzna-o-modelach-patriotyzmu-i-biograficznych-doswiadczeniach-seniorow\/po-co-tobie-ojczyzna-o-modelach-patriotyzmu-i-biograficznych-doswiadczeniach-seniorow\/konkurs-na-esej-pt-po-co-tobie-ojczyzna\/\" \/>\n<meta property=\"og:site_name\" content=\"Fundusze zewn\u0119trzne PANS w Kro\u015bnie\" \/>\n<meta property=\"og:image\" content=\"https:\/\/pans.krosno.pl\/fundusze-zewnetrzne\/wp-content\/uploads\/sites\/14\/2025\/09\/mein_son_logo_on_white-1024x576-1.png\" \/>\n\t<meta property=\"og:image:width\" content=\"1024\" \/>\n\t<meta property=\"og:image:height\" content=\"576\" \/>\n\t<meta property=\"og:image:type\" content=\"image\/png\" \/>\n<meta name=\"twitter:card\" content=\"summary_large_image\" \/>\n<meta name=\"twitter:label1\" content=\"Szacowany czas czytania\" \/>\n\t<meta name=\"twitter:data1\" content=\"2 minuty\" \/>\n<script type=\"application\/ld+json\" class=\"yoast-schema-graph\">{\"@context\":\"https:\\\/\\\/schema.org\",\"@graph\":[{\"@type\":\"WebPage\",\"@id\":\"https:\\\/\\\/pans.krosno.pl\\\/fundusze-zewnetrzne\\\/po-co-tobie-ojczyzna-o-modelach-patriotyzmu-i-biograficznych-doswiadczeniach-seniorow\\\/po-co-tobie-ojczyzna-o-modelach-patriotyzmu-i-biograficznych-doswiadczeniach-seniorow\\\/konkurs-na-esej-pt-po-co-tobie-ojczyzna\\\/\",\"url\":\"https:\\\/\\\/pans.krosno.pl\\\/fundusze-zewnetrzne\\\/po-co-tobie-ojczyzna-o-modelach-patriotyzmu-i-biograficznych-doswiadczeniach-seniorow\\\/po-co-tobie-ojczyzna-o-modelach-patriotyzmu-i-biograficznych-doswiadczeniach-seniorow\\\/konkurs-na-esej-pt-po-co-tobie-ojczyzna\\\/\",\"name\":\"Konkurs na esej pt. \u201ePo co Tobie ojczyzna?\u201d - Fundusze zewn\u0119trzne PANS w Kro\u015bnie\",\"isPartOf\":{\"@id\":\"https:\\\/\\\/pans.krosno.pl\\\/fundusze-zewnetrzne\\\/#website\"},\"primaryImageOfPage\":{\"@id\":\"https:\\\/\\\/pans.krosno.pl\\\/fundusze-zewnetrzne\\\/po-co-tobie-ojczyzna-o-modelach-patriotyzmu-i-biograficznych-doswiadczeniach-seniorow\\\/po-co-tobie-ojczyzna-o-modelach-patriotyzmu-i-biograficznych-doswiadczeniach-seniorow\\\/konkurs-na-esej-pt-po-co-tobie-ojczyzna\\\/#primaryimage\"},\"image\":{\"@id\":\"https:\\\/\\\/pans.krosno.pl\\\/fundusze-zewnetrzne\\\/po-co-tobie-ojczyzna-o-modelach-patriotyzmu-i-biograficznych-doswiadczeniach-seniorow\\\/po-co-tobie-ojczyzna-o-modelach-patriotyzmu-i-biograficznych-doswiadczeniach-seniorow\\\/konkurs-na-esej-pt-po-co-tobie-ojczyzna\\\/#primaryimage\"},\"thumbnailUrl\":\"https:\\\/\\\/pans.krosno.pl\\\/fundusze-zewnetrzne\\\/wp-content\\\/uploads\\\/sites\\\/14\\\/2025\\\/09\\\/mein_son_logo_on_white-1024x576-1.png\",\"datePublished\":\"2025-09-17T10:54:02+00:00\",\"breadcrumb\":{\"@id\":\"https:\\\/\\\/pans.krosno.pl\\\/fundusze-zewnetrzne\\\/po-co-tobie-ojczyzna-o-modelach-patriotyzmu-i-biograficznych-doswiadczeniach-seniorow\\\/po-co-tobie-ojczyzna-o-modelach-patriotyzmu-i-biograficznych-doswiadczeniach-seniorow\\\/konkurs-na-esej-pt-po-co-tobie-ojczyzna\\\/#breadcrumb\"},\"inLanguage\":\"pl-PL\",\"potentialAction\":[{\"@type\":\"ReadAction\",\"target\":[\"https:\\\/\\\/pans.krosno.pl\\\/fundusze-zewnetrzne\\\/po-co-tobie-ojczyzna-o-modelach-patriotyzmu-i-biograficznych-doswiadczeniach-seniorow\\\/po-co-tobie-ojczyzna-o-modelach-patriotyzmu-i-biograficznych-doswiadczeniach-seniorow\\\/konkurs-na-esej-pt-po-co-tobie-ojczyzna\\\/\"]}]},{\"@type\":\"ImageObject\",\"inLanguage\":\"pl-PL\",\"@id\":\"https:\\\/\\\/pans.krosno.pl\\\/fundusze-zewnetrzne\\\/po-co-tobie-ojczyzna-o-modelach-patriotyzmu-i-biograficznych-doswiadczeniach-seniorow\\\/po-co-tobie-ojczyzna-o-modelach-patriotyzmu-i-biograficznych-doswiadczeniach-seniorow\\\/konkurs-na-esej-pt-po-co-tobie-ojczyzna\\\/#primaryimage\",\"url\":\"https:\\\/\\\/pans.krosno.pl\\\/fundusze-zewnetrzne\\\/wp-content\\\/uploads\\\/sites\\\/14\\\/2025\\\/09\\\/mein_son_logo_on_white-1024x576-1.png\",\"contentUrl\":\"https:\\\/\\\/pans.krosno.pl\\\/fundusze-zewnetrzne\\\/wp-content\\\/uploads\\\/sites\\\/14\\\/2025\\\/09\\\/mein_son_logo_on_white-1024x576-1.png\",\"width\":1024,\"height\":576},{\"@type\":\"BreadcrumbList\",\"@id\":\"https:\\\/\\\/pans.krosno.pl\\\/fundusze-zewnetrzne\\\/po-co-tobie-ojczyzna-o-modelach-patriotyzmu-i-biograficznych-doswiadczeniach-seniorow\\\/po-co-tobie-ojczyzna-o-modelach-patriotyzmu-i-biograficznych-doswiadczeniach-seniorow\\\/konkurs-na-esej-pt-po-co-tobie-ojczyzna\\\/#breadcrumb\",\"itemListElement\":[{\"@type\":\"ListItem\",\"position\":1,\"name\":\"Strona g\u0142\u00f3wna\",\"item\":\"https:\\\/\\\/pans.krosno.pl\\\/fundusze-zewnetrzne\\\/\"},{\"@type\":\"ListItem\",\"position\":2,\"name\":\"\u201ePo co Tobie Ojczyzna? \u2013 o modelach patriotyzmu i biograficznych do\u015bwiadczeniach senior\u00f3w\u201d\",\"item\":\"https:\\\/\\\/pans.krosno.pl\\\/fundusze-zewnetrzne\\\/po-co-tobie-ojczyzna-o-modelach-patriotyzmu-i-biograficznych-doswiadczeniach-seniorow\\\/\"},{\"@type\":\"ListItem\",\"position\":3,\"name\":\"\u201ePo co Tobie Ojczyzna? \u2013 o modelach patriotyzmu i biograficznych do\u015bwiadczeniach senior\u00f3w\u201d\",\"item\":\"https:\\\/\\\/pans.krosno.pl\\\/fundusze-zewnetrzne\\\/po-co-tobie-ojczyzna-o-modelach-patriotyzmu-i-biograficznych-doswiadczeniach-seniorow\\\/po-co-tobie-ojczyzna-o-modelach-patriotyzmu-i-biograficznych-doswiadczeniach-seniorow\\\/\"},{\"@type\":\"ListItem\",\"position\":4,\"name\":\"Konkurs na esej pt. \u201ePo co Tobie ojczyzna?\u201d\"}]},{\"@type\":\"WebSite\",\"@id\":\"https:\\\/\\\/pans.krosno.pl\\\/fundusze-zewnetrzne\\\/#website\",\"url\":\"https:\\\/\\\/pans.krosno.pl\\\/fundusze-zewnetrzne\\\/\",\"name\":\"Fundusze zewn\u0119trzne PANS w Kro\u015bnie\",\"description\":\"Fundusze zewn\u0119trzne  - Pa\u0144stwowa Akademia Nauk Stosowanych\",\"publisher\":{\"@id\":\"https:\\\/\\\/pans.krosno.pl\\\/fundusze-zewnetrzne\\\/#organization\"},\"potentialAction\":[{\"@type\":\"SearchAction\",\"target\":{\"@type\":\"EntryPoint\",\"urlTemplate\":\"https:\\\/\\\/pans.krosno.pl\\\/fundusze-zewnetrzne\\\/?s={search_term_string}\"},\"query-input\":{\"@type\":\"PropertyValueSpecification\",\"valueRequired\":true,\"valueName\":\"search_term_string\"}}],\"inLanguage\":\"pl-PL\"},{\"@type\":\"Organization\",\"@id\":\"https:\\\/\\\/pans.krosno.pl\\\/fundusze-zewnetrzne\\\/#organization\",\"name\":\"Fundusze zewn\u0119trzne PANS w Kro\u015bnie\",\"url\":\"https:\\\/\\\/pans.krosno.pl\\\/fundusze-zewnetrzne\\\/\",\"logo\":{\"@type\":\"ImageObject\",\"inLanguage\":\"pl-PL\",\"@id\":\"https:\\\/\\\/pans.krosno.pl\\\/fundusze-zewnetrzne\\\/#\\\/schema\\\/logo\\\/image\\\/\",\"url\":\"https:\\\/\\\/pans.krosno.pl\\\/fundusze-zewnetrzne\\\/wp-content\\\/uploads\\\/sites\\\/14\\\/2023\\\/01\\\/Logo-PANS-2022-pelne.png\",\"contentUrl\":\"https:\\\/\\\/pans.krosno.pl\\\/fundusze-zewnetrzne\\\/wp-content\\\/uploads\\\/sites\\\/14\\\/2023\\\/01\\\/Logo-PANS-2022-pelne.png\",\"width\":3096,\"height\":696,\"caption\":\"Fundusze zewn\u0119trzne PANS w Kro\u015bnie\"},\"image\":{\"@id\":\"https:\\\/\\\/pans.krosno.pl\\\/fundusze-zewnetrzne\\\/#\\\/schema\\\/logo\\\/image\\\/\"}}]}<\/script>\n<!-- \/ Yoast SEO Premium plugin. -->","yoast_head_json":{"title":"Konkurs na esej pt. \u201ePo co Tobie ojczyzna?\u201d - Fundusze zewn\u0119trzne PANS w Kro\u015bnie","robots":{"index":"index","follow":"follow","max-snippet":"max-snippet:-1","max-image-preview":"max-image-preview:large","max-video-preview":"max-video-preview:-1"},"canonical":"https:\/\/pans.krosno.pl\/fundusze-zewnetrzne\/po-co-tobie-ojczyzna-o-modelach-patriotyzmu-i-biograficznych-doswiadczeniach-seniorow\/po-co-tobie-ojczyzna-o-modelach-patriotyzmu-i-biograficznych-doswiadczeniach-seniorow\/konkurs-na-esej-pt-po-co-tobie-ojczyzna\/","og_locale":"pl_PL","og_type":"article","og_title":"Konkurs na esej pt. \u201ePo co Tobie ojczyzna?\u201d","og_description":"Zapraszamy osoby powy\u017cej 60 roku \u017cycia \u2013 s\u0142uchaczki i s\u0142uchaczy Uniwersytet\u00f3w Trzeciego Wieku, cz\u0142onk\u00f3w stowarzysze\u0144 senioralnych oraz osoby niezrzeszone \u2013 do udzia\u0142u w konkursie na esej pt. \u201ePo co Tobie Ojczyzna?\u201d. Konkurs realizowany jest w ramach projektu \u201ePo co Tobie Ojczyzna? \u2013 o modelach patriotyzmu i biograficznych do\u015bwiadczeniach senior\u00f3w\u201d finansowanego [\u2026] Read More","og_url":"https:\/\/pans.krosno.pl\/fundusze-zewnetrzne\/po-co-tobie-ojczyzna-o-modelach-patriotyzmu-i-biograficznych-doswiadczeniach-seniorow\/po-co-tobie-ojczyzna-o-modelach-patriotyzmu-i-biograficznych-doswiadczeniach-seniorow\/konkurs-na-esej-pt-po-co-tobie-ojczyzna\/","og_site_name":"Fundusze zewn\u0119trzne PANS w Kro\u015bnie","og_image":[{"width":1024,"height":576,"url":"https:\/\/pans.krosno.pl\/fundusze-zewnetrzne\/wp-content\/uploads\/sites\/14\/2025\/09\/mein_son_logo_on_white-1024x576-1.png","type":"image\/png"}],"twitter_card":"summary_large_image","twitter_misc":{"Szacowany czas czytania":"2 minuty"},"schema":{"@context":"https:\/\/schema.org","@graph":[{"@type":"WebPage","@id":"https:\/\/pans.krosno.pl\/fundusze-zewnetrzne\/po-co-tobie-ojczyzna-o-modelach-patriotyzmu-i-biograficznych-doswiadczeniach-seniorow\/po-co-tobie-ojczyzna-o-modelach-patriotyzmu-i-biograficznych-doswiadczeniach-seniorow\/konkurs-na-esej-pt-po-co-tobie-ojczyzna\/","url":"https:\/\/pans.krosno.pl\/fundusze-zewnetrzne\/po-co-tobie-ojczyzna-o-modelach-patriotyzmu-i-biograficznych-doswiadczeniach-seniorow\/po-co-tobie-ojczyzna-o-modelach-patriotyzmu-i-biograficznych-doswiadczeniach-seniorow\/konkurs-na-esej-pt-po-co-tobie-ojczyzna\/","name":"Konkurs na esej pt. \u201ePo co Tobie ojczyzna?\u201d - Fundusze zewn\u0119trzne PANS w Kro\u015bnie","isPartOf":{"@id":"https:\/\/pans.krosno.pl\/fundusze-zewnetrzne\/#website"},"primaryImageOfPage":{"@id":"https:\/\/pans.krosno.pl\/fundusze-zewnetrzne\/po-co-tobie-ojczyzna-o-modelach-patriotyzmu-i-biograficznych-doswiadczeniach-seniorow\/po-co-tobie-ojczyzna-o-modelach-patriotyzmu-i-biograficznych-doswiadczeniach-seniorow\/konkurs-na-esej-pt-po-co-tobie-ojczyzna\/#primaryimage"},"image":{"@id":"https:\/\/pans.krosno.pl\/fundusze-zewnetrzne\/po-co-tobie-ojczyzna-o-modelach-patriotyzmu-i-biograficznych-doswiadczeniach-seniorow\/po-co-tobie-ojczyzna-o-modelach-patriotyzmu-i-biograficznych-doswiadczeniach-seniorow\/konkurs-na-esej-pt-po-co-tobie-ojczyzna\/#primaryimage"},"thumbnailUrl":"https:\/\/pans.krosno.pl\/fundusze-zewnetrzne\/wp-content\/uploads\/sites\/14\/2025\/09\/mein_son_logo_on_white-1024x576-1.png","datePublished":"2025-09-17T10:54:02+00:00","breadcrumb":{"@id":"https:\/\/pans.krosno.pl\/fundusze-zewnetrzne\/po-co-tobie-ojczyzna-o-modelach-patriotyzmu-i-biograficznych-doswiadczeniach-seniorow\/po-co-tobie-ojczyzna-o-modelach-patriotyzmu-i-biograficznych-doswiadczeniach-seniorow\/konkurs-na-esej-pt-po-co-tobie-ojczyzna\/#breadcrumb"},"inLanguage":"pl-PL","potentialAction":[{"@type":"ReadAction","target":["https:\/\/pans.krosno.pl\/fundusze-zewnetrzne\/po-co-tobie-ojczyzna-o-modelach-patriotyzmu-i-biograficznych-doswiadczeniach-seniorow\/po-co-tobie-ojczyzna-o-modelach-patriotyzmu-i-biograficznych-doswiadczeniach-seniorow\/konkurs-na-esej-pt-po-co-tobie-ojczyzna\/"]}]},{"@type":"ImageObject","inLanguage":"pl-PL","@id":"https:\/\/pans.krosno.pl\/fundusze-zewnetrzne\/po-co-tobie-ojczyzna-o-modelach-patriotyzmu-i-biograficznych-doswiadczeniach-seniorow\/po-co-tobie-ojczyzna-o-modelach-patriotyzmu-i-biograficznych-doswiadczeniach-seniorow\/konkurs-na-esej-pt-po-co-tobie-ojczyzna\/#primaryimage","url":"https:\/\/pans.krosno.pl\/fundusze-zewnetrzne\/wp-content\/uploads\/sites\/14\/2025\/09\/mein_son_logo_on_white-1024x576-1.png","contentUrl":"https:\/\/pans.krosno.pl\/fundusze-zewnetrzne\/wp-content\/uploads\/sites\/14\/2025\/09\/mein_son_logo_on_white-1024x576-1.png","width":1024,"height":576},{"@type":"BreadcrumbList","@id":"https:\/\/pans.krosno.pl\/fundusze-zewnetrzne\/po-co-tobie-ojczyzna-o-modelach-patriotyzmu-i-biograficznych-doswiadczeniach-seniorow\/po-co-tobie-ojczyzna-o-modelach-patriotyzmu-i-biograficznych-doswiadczeniach-seniorow\/konkurs-na-esej-pt-po-co-tobie-ojczyzna\/#breadcrumb","itemListElement":[{"@type":"ListItem","position":1,"name":"Strona g\u0142\u00f3wna","item":"https:\/\/pans.krosno.pl\/fundusze-zewnetrzne\/"},{"@type":"ListItem","position":2,"name":"\u201ePo co Tobie Ojczyzna? \u2013 o modelach patriotyzmu i biograficznych do\u015bwiadczeniach senior\u00f3w\u201d","item":"https:\/\/pans.krosno.pl\/fundusze-zewnetrzne\/po-co-tobie-ojczyzna-o-modelach-patriotyzmu-i-biograficznych-doswiadczeniach-seniorow\/"},{"@type":"ListItem","position":3,"name":"\u201ePo co Tobie Ojczyzna? \u2013 o modelach patriotyzmu i biograficznych do\u015bwiadczeniach senior\u00f3w\u201d","item":"https:\/\/pans.krosno.pl\/fundusze-zewnetrzne\/po-co-tobie-ojczyzna-o-modelach-patriotyzmu-i-biograficznych-doswiadczeniach-seniorow\/po-co-tobie-ojczyzna-o-modelach-patriotyzmu-i-biograficznych-doswiadczeniach-seniorow\/"},{"@type":"ListItem","position":4,"name":"Konkurs na esej pt. \u201ePo co Tobie ojczyzna?\u201d"}]},{"@type":"WebSite","@id":"https:\/\/pans.krosno.pl\/fundusze-zewnetrzne\/#website","url":"https:\/\/pans.krosno.pl\/fundusze-zewnetrzne\/","name":"Fundusze zewn\u0119trzne PANS w Kro\u015bnie","description":"Fundusze zewn\u0119trzne  - Pa\u0144stwowa Akademia Nauk Stosowanych","publisher":{"@id":"https:\/\/pans.krosno.pl\/fundusze-zewnetrzne\/#organization"},"potentialAction":[{"@type":"SearchAction","target":{"@type":"EntryPoint","urlTemplate":"https:\/\/pans.krosno.pl\/fundusze-zewnetrzne\/?s={search_term_string}"},"query-input":{"@type":"PropertyValueSpecification","valueRequired":true,"valueName":"search_term_string"}}],"inLanguage":"pl-PL"},{"@type":"Organization","@id":"https:\/\/pans.krosno.pl\/fundusze-zewnetrzne\/#organization","name":"Fundusze zewn\u0119trzne PANS w Kro\u015bnie","url":"https:\/\/pans.krosno.pl\/fundusze-zewnetrzne\/","logo":{"@type":"ImageObject","inLanguage":"pl-PL","@id":"https:\/\/pans.krosno.pl\/fundusze-zewnetrzne\/#\/schema\/logo\/image\/","url":"https:\/\/pans.krosno.pl\/fundusze-zewnetrzne\/wp-content\/uploads\/sites\/14\/2023\/01\/Logo-PANS-2022-pelne.png","contentUrl":"https:\/\/pans.krosno.pl\/fundusze-zewnetrzne\/wp-content\/uploads\/sites\/14\/2023\/01\/Logo-PANS-2022-pelne.png","width":3096,"height":696,"caption":"Fundusze zewn\u0119trzne PANS w Kro\u015bnie"},"image":{"@id":"https:\/\/pans.krosno.pl\/fundusze-zewnetrzne\/#\/schema\/logo\/image\/"}}]}},"_links":{"self":[{"href":"https:\/\/pans.krosno.pl\/fundusze-zewnetrzne\/wp-json\/wp\/v2\/pages\/4272","targetHints":{"allow":["GET"]}}],"collection":[{"href":"https:\/\/pans.krosno.pl\/fundusze-zewnetrzne\/wp-json\/wp\/v2\/pages"}],"about":[{"href":"https:\/\/pans.krosno.pl\/fundusze-zewnetrzne\/wp-json\/wp\/v2\/types\/page"}],"author":[{"embeddable":true,"href":"https:\/\/pans.krosno.pl\/fundusze-zewnetrzne\/wp-json\/wp\/v2\/users\/53"}],"replies":[{"embeddable":true,"href":"https:\/\/pans.krosno.pl\/fundusze-zewnetrzne\/wp-json\/wp\/v2\/comments?post=4272"}],"version-history":[{"count":1,"href":"https:\/\/pans.krosno.pl\/fundusze-zewnetrzne\/wp-json\/wp\/v2\/pages\/4272\/revisions"}],"predecessor-version":[{"id":4275,"href":"https:\/\/pans.krosno.pl\/fundusze-zewnetrzne\/wp-json\/wp\/v2\/pages\/4272\/revisions\/4275"}],"up":[{"embeddable":true,"href":"https:\/\/pans.krosno.pl\/fundusze-zewnetrzne\/wp-json\/wp\/v2\/pages\/4268"}],"wp:attachment":[{"href":"https:\/\/pans.krosno.pl\/fundusze-zewnetrzne\/wp-json\/wp\/v2\/media?parent=4272"}],"curies":[{"name":"wp","href":"https:\/\/api.w.org\/{rel}","templated":true}]}}